{"id":413938,"date":"2025-02-04T12:25:08","date_gmt":"2025-02-04T12:25:08","guid":{"rendered":"https:\/\/www.purejewels.com\/?post_type=product&#038;p=413938"},"modified":"2026-01-06T05:35:00","modified_gmt":"2026-01-06T05:35:00","slug":"22ct-gold-blutenblatt-blute-ohrstecker-52749","status":"publish","type":"product","link":"https:\/\/www.purejewels.com\/de\/product\/22ct-gold-petal-bloom-studs-52749\/","title":{"rendered":"22ct Gold Bl\u00fctenbl\u00e4tter Ohrstecker"},"content":{"rendered":"<p data-start=\"101\" data-end=\"502\">Zelebrieren Sie das von der Natur inspirierte Design mit unseren 22ct Gold Petal Bloom Ohrsteckern, einem eleganten Paar, das den Charme von bl\u00fchenden Blumen einf\u00e4ngt. Jeder Ohrstecker ist in aufw\u00e4ndiger Handarbeit aus reinem 22-kar\u00e4tigem Gold gefertigt und zeigt ein sechsbl\u00e4ttriges Motiv, das in der Mitte mit feinen Perlendetails akzentuiert ist. Die polierte Oberfl\u00e4che unterstreicht die W\u00e4rme und den Glanz des Goldes und schafft ein strahlendes Design, das zeitlos und modern zugleich wirkt.<\/p>\n<p data-start=\"504\" data-end=\"762\">Mit einem Gewicht von nur 1,0 g und einem Durchmesser von 5,2 mm sind diese Ohrstecker leicht und dennoch raffiniert, was sie ideal f\u00fcr die Eleganz des Alltags macht. Der Schraubverschluss sorgt f\u00fcr einen sicheren und angenehmen Tragekomfort, so dass Sie sie den ganzen Tag lang mit Vertrauen genie\u00dfen k\u00f6nnen.<\/p>\n<p data-start=\"764\" data-end=\"1022\">Die 22ct Gold Petal Bloom Ohrstecker eignen sich perfekt als bedeutungsvolles Geschenk, als aufmerksames Diwali-Geschenk oder als vielseitige Erg\u00e4nzung zu Ihrer pers\u00f6nlichen Sammlung. Sie passen sowohl zu modernen als auch zu traditionellen Stilen und spiegeln das Erbe der feinen Handwerkskunst von PureJewels wider.<\/p>","protected":false},"excerpt":{"rendered":"<p>Diese handgefertigten Petal Bloom Ohrstecker aus 22-kar\u00e4tigem Gold zeigen ein zartes Blumenmotiv aus sechs Bl\u00fctenbl\u00e4ttern, das mit Perlendetails verziert ist. Mit einem Gewicht von 1,0 g und einer Gr\u00f6\u00dfe von 5,2 mm sind die Ohrstecker mit einer Schraubverbindung versehen, die f\u00fcr t\u00e4glichen Komfort sorgt. Eine anmutige Wahl f\u00fcr den t\u00e4glichen Gebrauch oder als durchdachtes Geschenk.<\/p>\n<p><strong>Material:<\/strong>\u00a022ct Gold<br \/>\n<strong>Reinheit:<\/strong>\u00a091.6% rein<br \/>\n<strong>Wahrzeichen:<\/strong>\u00a0Britisches G\u00fctesiegel<strong><br \/>\n<\/strong><strong>Bruttogewicht: <\/strong>1.00 Gramm<br \/>\n<strong>Breite:<\/strong> 5,2 mm<br \/>\n<strong>SKU:<\/strong> 52749<\/p>\n<p><strong>Preis und Lieferung<\/strong>: Inklusive Mehrwertsteuer und Lieferkosten<br \/>\n<a href=\"https:\/\/www.purejewels.com\/de\/ruckgabepolitik\/\">R\u00fcckgabepolitik<\/a><\/p>","protected":false},"featured_media":413939,"comment_status":"closed","ping_status":"closed","template":"","meta":{"_eb_attr":"","_crsspst_to_jayantr4sg-hostcom":true},"product_brand":[],"product_cat":[236,1793,1792,1790,1254,252,5611,5342,5599,5943,1570,5338,1577,1574,5349],"product_tag":[66],"class_list":{"0":"post-413938","1":"product","2":"type-product","3":"status-publish","4":"has-post-thumbnail","6":"product_cat-collections","7":"product_cat-diwali-gifts","8":"product_cat-festival-gifts","9":"product_cat-for-whom-when","10":"product_cat-gold-earrings","11":"product_cat-jali-collections","12":"product_cat-jali-earrings","13":"product_cat-jewellery-under-250","14":"product_cat-baby-earring","15":"product_cat-kids-jewellery","16":"product_cat-mothers-day-gifts","17":"product_cat-shop-by-price","18":"product_cat-stud-earrings","19":"product_cat-womens-jewellery","20":"product_cat-yellow-gold-jewellery","21":"product_tag-earrings","23":"first","24":"outofstock","25":"taxable","26":"shipping-taxable","27":"product-type-simple","28":"add-to-wishlist-before_image"},"yoast_head":"<!-- This site is optimized with the Yoast SEO plugin v27.3 - https:\/\/yoast.com\/product\/yoast-seo-wordpress\/ -->\n<title>22ct Gold Petal Bloom Studs | PureJewels UK<\/title>\n<meta name=\"description\" content=\"Shop 22ct Gold Petal Bloom Studs at PureJewels\u2014handcrafted floral earrings in pure gold. A delicate and timeless Diwali gift for everyday elegance.\" \/>\n<meta name=\"robots\" content=\"index, follow, max-snippet:-1, max-image-preview:large, max-video-preview:-1\" \/>\n<link rel=\"canonical\" href=\"https:\/\/www.purejewels.com\/de\/produkt-2\/22ct-gold-blutenblatt-blute-ohrstecker-52749\/\" \/>\n<meta property=\"og:locale\" content=\"de_DE\" \/>\n<meta property=\"og:type\" content=\"article\" \/>\n<meta property=\"og:title\" content=\"22ct Gold Petal Bloom Studs | PureJewels UK\" \/>\n<meta property=\"og:description\" content=\"Shop 22ct Gold Petal Bloom Studs at PureJewels\u2014handcrafted floral earrings in pure gold. A delicate and timeless Diwali gift for everyday elegance.\" \/>\n<meta property=\"og:url\" content=\"https:\/\/www.purejewels.com\/de\/produkt-2\/22ct-gold-blutenblatt-blute-ohrstecker-52749\/\" \/>\n<meta property=\"og:site_name\" content=\"PureJewels UK\" \/>\n<meta property=\"article:modified_time\" content=\"2026-01-06T05:35:00+00:00\" \/>\n<meta property=\"og:image\" content=\"https:\/\/www.purejewels.com\/wp-content\/uploads\/2025\/09\/SKU-52749.jpg\" \/>\n\t<meta property=\"og:image:width\" content=\"1000\" \/>\n\t<meta property=\"og:image:height\" content=\"1000\" \/>\n\t<meta property=\"og:image:type\" content=\"image\/jpeg\" \/>\n<meta name=\"twitter:card\" content=\"summary_large_image\" \/>\n<meta name=\"twitter:label1\" content=\"Gesch\u00e4tzte Lesezeit\" \/>\n\t<meta name=\"twitter:data1\" content=\"1\u00a0Minute\" \/>\n<script type=\"application\/ld+json\" class=\"yoast-schema-graph\">{\"@context\":\"https:\\\/\\\/schema.org\",\"@graph\":[{\"@type\":[\"WebPage\",\"ItemPage\"],\"@id\":\"https:\\\/\\\/www.purejewels.com\\\/product\\\/22ct-gold-petal-bloom-studs-52749\\\/\",\"url\":\"https:\\\/\\\/www.purejewels.com\\\/product\\\/22ct-gold-petal-bloom-studs-52749\\\/\",\"name\":\"22ct Gold Petal Bloom Studs | PureJewels UK\",\"isPartOf\":{\"@id\":\"https:\\\/\\\/www.purejewels.com\\\/#website\"},\"primaryImageOfPage\":{\"@id\":\"https:\\\/\\\/www.purejewels.com\\\/product\\\/22ct-gold-petal-bloom-studs-52749\\\/#primaryimage\"},\"image\":{\"@id\":\"https:\\\/\\\/www.purejewels.com\\\/product\\\/22ct-gold-petal-bloom-studs-52749\\\/#primaryimage\"},\"thumbnailUrl\":\"https:\\\/\\\/static.purejewels.com\\\/wp-content\\\/uploads\\\/2025\\\/09\\\/SKU-52749.jpg\",\"datePublished\":\"2025-02-04T12:25:08+00:00\",\"dateModified\":\"2026-01-06T05:35:00+00:00\",\"description\":\"Shop 22ct Gold Petal Bloom Studs at PureJewels\u2014handcrafted floral earrings in pure gold. A delicate and timeless Diwali gift for everyday elegance.\",\"breadcrumb\":{\"@id\":\"https:\\\/\\\/www.purejewels.com\\\/product\\\/22ct-gold-petal-bloom-studs-52749\\\/#breadcrumb\"},\"inLanguage\":\"de\",\"potentialAction\":[{\"@type\":\"ReadAction\",\"target\":[\"https:\\\/\\\/www.purejewels.com\\\/product\\\/22ct-gold-petal-bloom-studs-52749\\\/\"]}]},{\"@type\":\"ImageObject\",\"inLanguage\":\"de\",\"@id\":\"https:\\\/\\\/www.purejewels.com\\\/product\\\/22ct-gold-petal-bloom-studs-52749\\\/#primaryimage\",\"url\":\"https:\\\/\\\/static.purejewels.com\\\/wp-content\\\/uploads\\\/2025\\\/09\\\/SKU-52749.jpg\",\"contentUrl\":\"https:\\\/\\\/static.purejewels.com\\\/wp-content\\\/uploads\\\/2025\\\/09\\\/SKU-52749.jpg\",\"width\":1000,\"height\":1000,\"caption\":\"22ct Gold Petal Bloom Studs\"},{\"@type\":\"BreadcrumbList\",\"@id\":\"https:\\\/\\\/www.purejewels.com\\\/product\\\/22ct-gold-petal-bloom-studs-52749\\\/#breadcrumb\",\"itemListElement\":[{\"@type\":\"ListItem\",\"position\":1,\"name\":\"Home\",\"item\":\"https:\\\/\\\/www.purejewels.com\\\/\"},{\"@type\":\"ListItem\",\"position\":2,\"name\":\"Shop\",\"item\":\"https:\\\/\\\/www.purejewels.com\\\/shop\\\/\"},{\"@type\":\"ListItem\",\"position\":3,\"name\":\"22ct Gold Petal Bloom Studs\"}]},{\"@type\":\"WebSite\",\"@id\":\"https:\\\/\\\/www.purejewels.com\\\/#website\",\"url\":\"https:\\\/\\\/www.purejewels.com\\\/\",\"name\":\"PureJewels UK\",\"description\":\"Share the Love\",\"publisher\":{\"@id\":\"https:\\\/\\\/www.purejewels.com\\\/#organization\"},\"potentialAction\":[{\"@type\":\"SearchAction\",\"target\":{\"@type\":\"EntryPoint\",\"urlTemplate\":\"https:\\\/\\\/www.purejewels.com\\\/?s={search_term_string}\"},\"query-input\":{\"@type\":\"PropertyValueSpecification\",\"valueRequired\":true,\"valueName\":\"search_term_string\"}}],\"inLanguage\":\"de\"},{\"@type\":\"Organization\",\"@id\":\"https:\\\/\\\/www.purejewels.com\\\/#organization\",\"name\":\"PureJewels UK\",\"url\":\"https:\\\/\\\/www.purejewels.com\\\/\",\"logo\":{\"@type\":\"ImageObject\",\"inLanguage\":\"de\",\"@id\":\"https:\\\/\\\/www.purejewels.com\\\/#\\\/schema\\\/logo\\\/image\\\/\",\"url\":\"https:\\\/\\\/static.purejewels.com\\\/wp-content\\\/uploads\\\/2020\\\/11\\\/Logo-PJ-New-1.png\",\"contentUrl\":\"https:\\\/\\\/static.purejewels.com\\\/wp-content\\\/uploads\\\/2020\\\/11\\\/Logo-PJ-New-1.png\",\"width\":150,\"height\":80,\"caption\":\"PureJewels UK\"},\"image\":{\"@id\":\"https:\\\/\\\/www.purejewels.com\\\/#\\\/schema\\\/logo\\\/image\\\/\"}}]}<\/script>\n<!-- \/ Yoast SEO plugin. -->","yoast_head_json":{"title":"22ct Gold Petal Bloom Ohrstecker | PureJewels UK","description":"Kaufen Sie 22ct Gold Petal Bloom Ohrstecker bei PureJewels - handgefertigte florale Ohrringe aus reinem Gold. Ein zartes und zeitloses Diwali-Geschenk f\u00fcr allt\u00e4gliche Eleganz.","robots":{"index":"index","follow":"follow","max-snippet":"max-snippet:-1","max-image-preview":"max-image-preview:large","max-video-preview":"max-video-preview:-1"},"canonical":"https:\/\/www.purejewels.com\/de\/produkt-2\/22ct-gold-blutenblatt-blute-ohrstecker-52749\/","og_locale":"de_DE","og_type":"article","og_title":"22ct Gold Petal Bloom Studs | PureJewels UK","og_description":"Shop 22ct Gold Petal Bloom Studs at PureJewels\u2014handcrafted floral earrings in pure gold. A delicate and timeless Diwali gift for everyday elegance.","og_url":"https:\/\/www.purejewels.com\/de\/produkt-2\/22ct-gold-blutenblatt-blute-ohrstecker-52749\/","og_site_name":"PureJewels UK","article_modified_time":"2026-01-06T05:35:00+00:00","og_image":[{"width":1000,"height":1000,"url":"https:\/\/www.purejewels.com\/wp-content\/uploads\/2025\/09\/SKU-52749.jpg","type":"image\/jpeg"}],"twitter_card":"summary_large_image","twitter_misc":{"Gesch\u00e4tzte Lesezeit":"1\u00a0Minute"},"schema":{"@context":"https:\/\/schema.org","@graph":[{"@type":["WebPage","ItemPage"],"@id":"https:\/\/www.purejewels.com\/product\/22ct-gold-petal-bloom-studs-52749\/","url":"https:\/\/www.purejewels.com\/product\/22ct-gold-petal-bloom-studs-52749\/","name":"22ct Gold Petal Bloom Ohrstecker | PureJewels UK","isPartOf":{"@id":"https:\/\/www.purejewels.com\/#website"},"primaryImageOfPage":{"@id":"https:\/\/www.purejewels.com\/product\/22ct-gold-petal-bloom-studs-52749\/#primaryimage"},"image":{"@id":"https:\/\/www.purejewels.com\/product\/22ct-gold-petal-bloom-studs-52749\/#primaryimage"},"thumbnailUrl":"https:\/\/static.purejewels.com\/wp-content\/uploads\/2025\/09\/SKU-52749.jpg","datePublished":"2025-02-04T12:25:08+00:00","dateModified":"2026-01-06T05:35:00+00:00","description":"Kaufen Sie 22ct Gold Petal Bloom Ohrstecker bei PureJewels - handgefertigte florale Ohrringe aus reinem Gold. Ein zartes und zeitloses Diwali-Geschenk f\u00fcr allt\u00e4gliche Eleganz.","breadcrumb":{"@id":"https:\/\/www.purejewels.com\/product\/22ct-gold-petal-bloom-studs-52749\/#breadcrumb"},"inLanguage":"de","potentialAction":[{"@type":"ReadAction","target":["https:\/\/www.purejewels.com\/product\/22ct-gold-petal-bloom-studs-52749\/"]}]},{"@type":"ImageObject","inLanguage":"de","@id":"https:\/\/www.purejewels.com\/product\/22ct-gold-petal-bloom-studs-52749\/#primaryimage","url":"https:\/\/static.purejewels.com\/wp-content\/uploads\/2025\/09\/SKU-52749.jpg","contentUrl":"https:\/\/static.purejewels.com\/wp-content\/uploads\/2025\/09\/SKU-52749.jpg","width":1000,"height":1000,"caption":"22ct Gold Petal Bloom Studs"},{"@type":"BreadcrumbList","@id":"https:\/\/www.purejewels.com\/product\/22ct-gold-petal-bloom-studs-52749\/#breadcrumb","itemListElement":[{"@type":"ListItem","position":1,"name":"Home","item":"https:\/\/www.purejewels.com\/"},{"@type":"ListItem","position":2,"name":"Shop","item":"https:\/\/www.purejewels.com\/shop\/"},{"@type":"ListItem","position":3,"name":"22ct Gold Petal Bloom Studs"}]},{"@type":"WebSite","@id":"https:\/\/www.purejewels.com\/#website","url":"https:\/\/www.purejewels.com\/","name":"PureJewels UK","description":"Teile die Liebe","publisher":{"@id":"https:\/\/www.purejewels.com\/#organization"},"potentialAction":[{"@type":"SearchAction","target":{"@type":"EntryPoint","urlTemplate":"https:\/\/www.purejewels.com\/?s={search_term_string}"},"query-input":{"@type":"PropertyValueSpecification","valueRequired":true,"valueName":"search_term_string"}}],"inLanguage":"de"},{"@type":"Organization","@id":"https:\/\/www.purejewels.com\/#organization","name":"PureJewels UK","url":"https:\/\/www.purejewels.com\/","logo":{"@type":"ImageObject","inLanguage":"de","@id":"https:\/\/www.purejewels.com\/#\/schema\/logo\/image\/","url":"https:\/\/static.purejewels.com\/wp-content\/uploads\/2020\/11\/Logo-PJ-New-1.png","contentUrl":"https:\/\/static.purejewels.com\/wp-content\/uploads\/2020\/11\/Logo-PJ-New-1.png","width":150,"height":80,"caption":"PureJewels UK"},"image":{"@id":"https:\/\/www.purejewels.com\/#\/schema\/logo\/image\/"}}]}},"_links":{"self":[{"href":"https:\/\/www.purejewels.com\/de\/wp-json\/wp\/v2\/product\/413938","targetHints":{"allow":["GET"]}}],"collection":[{"href":"https:\/\/www.purejewels.com\/de\/wp-json\/wp\/v2\/product"}],"about":[{"href":"https:\/\/www.purejewels.com\/de\/wp-json\/wp\/v2\/types\/product"}],"replies":[{"embeddable":true,"href":"https:\/\/www.purejewels.com\/de\/wp-json\/wp\/v2\/comments?post=413938"}],"version-history":[{"count":3,"href":"https:\/\/www.purejewels.com\/de\/wp-json\/wp\/v2\/product\/413938\/revisions"}],"predecessor-version":[{"id":415663,"href":"https:\/\/www.purejewels.com\/de\/wp-json\/wp\/v2\/product\/413938\/revisions\/415663"}],"wp:featuredmedia":[{"embeddable":true,"href":"https:\/\/www.purejewels.com\/de\/wp-json\/wp\/v2\/media\/413939"}],"wp:attachment":[{"href":"https:\/\/www.purejewels.com\/de\/wp-json\/wp\/v2\/media?parent=413938"}],"wp:term":[{"taxonomy":"product_brand","embeddable":true,"href":"https:\/\/www.purejewels.com\/de\/wp-json\/wp\/v2\/product_brand?post=413938"},{"taxonomy":"product_cat","embeddable":true,"href":"https:\/\/www.purejewels.com\/de\/wp-json\/wp\/v2\/product_cat?post=413938"},{"taxonomy":"product_tag","embeddable":true,"href":"https:\/\/www.purejewels.com\/de\/wp-json\/wp\/v2\/product_tag?post=413938"}],"curies":[{"name":"wp","href":"https:\/\/api.w.org\/{rel}","templated":true}]}}