{"id":413944,"date":"2025-07-04T14:01:52","date_gmt":"2025-07-04T13:01:52","guid":{"rendered":"https:\/\/www.purejewels.com\/?post_type=product&#038;p=413944"},"modified":"2026-03-22T18:38:55","modified_gmt":"2026-03-22T18:38:55","slug":"quadratische-florale-ohrstecker-aus-22-karat-gold-52752","status":"publish","type":"product","link":"https:\/\/www.purejewels.com\/de\/product\/22ct-gold-square-floral-stud-earrings-52752\/","title":{"rendered":"Quadratische florale Ohrstecker aus 22 Karat Gold"},"content":{"rendered":"<p data-start=\"776\" data-end=\"1184\">Zelebrieren Sie Eleganz und Tradition mit unserem <strong data-start=\"818\" data-end=\"859\">Quadratische florale Ohrstecker aus 22 Karat Gold<\/strong>Sie wurden entworfen, um die Harmonie von Geometrie und Natur einzufangen. Jeder Ohrstecker ist aus reinem 22-kar\u00e4tigem Gold handgefertigt und zeigt einen raffinierten quadratischen Umriss, der durch florale Details und zarte Perlenakzente in der Mitte aufgelockert wird. Die polierte Oberfl\u00e4che unterstreicht den nat\u00fcrlichen Glanz des Goldes und macht diese Ohrstecker zu einer anmutigen Wahl f\u00fcr jeden Anlass.<\/p>\n<p data-start=\"1186\" data-end=\"1425\">Mit einem Gewicht von nur 1 g und einer Gr\u00f6\u00dfe von 4,5 mm sind diese zierlichen Ohrringe leicht und doch voller Charakter. Der sichere Schraubverschluss sorgt f\u00fcr dauerhaften Komfort und Seelenfrieden und macht sie perfekt f\u00fcr das t\u00e4gliche Tragen sowie f\u00fcr festliche Anl\u00e4sse.<\/p>\n<p data-start=\"1427\" data-end=\"1643\">Als aufmerksames Geschenk oder als klassische Erg\u00e4nzung zu Ihrer pers\u00f6nlichen Sammlung ist das <strong data-start=\"1500\" data-end=\"1541\">Quadratische florale Ohrstecker aus 22 Karat Gold<\/strong> verk\u00f6rpern das Engagement von PureJewels f\u00fcr feine Handwerkskunst, von der Tradition inspiriertes Design und dauerhafte Sch\u00f6nheit.<\/p>","protected":false},"excerpt":{"rendered":"<p>Diese quadratischen floralen Ohrstecker aus 22-kar\u00e4tigem Gold zeigen ein zartes Blumenmotiv, das von einem abgerundeten, quadratischen Design eingerahmt wird. Mit einem Gewicht von 1 g und einer Gr\u00f6\u00dfe von 4,5 mm sind sie mit einem Schraubverschluss versehen, der f\u00fcr Komfort und Leichtigkeit sorgt. Ein vielseitiges Paar, das sowohl im Alltag als auch bei besonderen Anl\u00e4ssen zeitlosen Charme verspr\u00fcht.<\/p>\n<p><strong>Material:<\/strong>\u00a022ct Gold<br \/>\n<strong>Reinheit:<\/strong>\u00a091.6% rein<br \/>\n<strong>Wahrzeichen:<\/strong>\u00a0Britisches G\u00fctesiegel<strong><br \/>\n<\/strong><strong>Bruttogewicht: <\/strong>1.00 Gramm<br \/>\n<strong>Breite:<\/strong> 4,5 mm<br \/>\n<strong>SKU:<\/strong> 52752<\/p>\n<p><strong>Preis und Lieferung<\/strong>: Inklusive Mehrwertsteuer und Lieferkosten<br \/>\n<a href=\"https:\/\/www.purejewels.com\/de\/ruckgabepolitik\/\">R\u00fcckgabepolitik<\/a><\/p>","protected":false},"featured_media":413946,"comment_status":"closed","ping_status":"closed","template":"","meta":{"_eb_attr":"","_crsspst_to_jayantr4sg-hostcom":true},"product_brand":[],"product_cat":[236,1793,1792,1790,1254,252,5611,5342,5599,5943,1570,5338,1577,1574,5349],"product_tag":[66],"class_list":{"0":"post-413944","1":"product","2":"type-product","3":"status-publish","4":"has-post-thumbnail","6":"product_cat-collections","7":"product_cat-diwali-gifts","8":"product_cat-festival-gifts","9":"product_cat-for-whom-when","10":"product_cat-gold-earrings","11":"product_cat-jali-collections","12":"product_cat-jali-earrings","13":"product_cat-jewellery-under-250","14":"product_cat-baby-earring","15":"product_cat-kids-jewellery","16":"product_cat-mothers-day-gifts","17":"product_cat-shop-by-price","18":"product_cat-stud-earrings","19":"product_cat-womens-jewellery","20":"product_cat-yellow-gold-jewellery","21":"product_tag-earrings","23":"first","24":"outofstock","25":"taxable","26":"shipping-taxable","27":"product-type-simple","28":"add-to-wishlist-before_image"},"yoast_head":"<!-- This site is optimized with the Yoast SEO plugin v27.4 - https:\/\/yoast.com\/product\/yoast-seo-wordpress\/ -->\n<title>22ct Gold Square Floral Stud Earrings | PureJewels UK<\/title>\n<meta name=\"description\" content=\"Shop 22ct Gold Square Floral Stud Earrings at PureJewels. Handcrafted in pure 22ct gold with a floral-inspired square design, these lightweight studs are perfect for daily wear.\" \/>\n<meta name=\"robots\" content=\"index, follow, max-snippet:-1, max-image-preview:large, max-video-preview:-1\" \/>\n<link rel=\"canonical\" href=\"https:\/\/www.purejewels.com\/de\/produkt-2\/quadratische-florale-ohrstecker-aus-22-karat-gold-52752\/\" \/>\n<meta property=\"og:locale\" content=\"de_DE\" \/>\n<meta property=\"og:type\" content=\"article\" \/>\n<meta property=\"og:title\" content=\"22ct Gold Square Floral Stud Earrings | PureJewels UK\" \/>\n<meta property=\"og:description\" content=\"Shop 22ct Gold Square Floral Stud Earrings at PureJewels. Handcrafted in pure 22ct gold with a floral-inspired square design, these lightweight studs are perfect for daily wear.\" \/>\n<meta property=\"og:url\" content=\"https:\/\/www.purejewels.com\/de\/produkt-2\/quadratische-florale-ohrstecker-aus-22-karat-gold-52752\/\" \/>\n<meta property=\"og:site_name\" content=\"PureJewels UK\" \/>\n<meta property=\"article:modified_time\" content=\"2026-03-22T18:38:55+00:00\" \/>\n<meta property=\"og:image\" content=\"https:\/\/static.purejewels.com\/wp-content\/uploads\/2025\/09\/SKU-52752.jpg\" \/>\n\t<meta property=\"og:image:width\" content=\"1000\" \/>\n\t<meta property=\"og:image:height\" content=\"1000\" \/>\n\t<meta property=\"og:image:type\" content=\"image\/jpeg\" \/>\n<meta name=\"twitter:card\" content=\"summary_large_image\" \/>\n<meta name=\"twitter:label1\" content=\"Gesch\u00e4tzte Lesezeit\" \/>\n\t<meta name=\"twitter:data1\" content=\"1\u00a0Minute\" \/>\n<script type=\"application\/ld+json\" class=\"yoast-schema-graph\">{\"@context\":\"https:\\\/\\\/schema.org\",\"@graph\":[{\"@type\":[\"WebPage\",\"ItemPage\"],\"@id\":\"https:\\\/\\\/www.purejewels.com\\\/product\\\/22ct-gold-square-floral-stud-earrings-52752\\\/\",\"url\":\"https:\\\/\\\/www.purejewels.com\\\/product\\\/22ct-gold-square-floral-stud-earrings-52752\\\/\",\"name\":\"22ct Gold Square Floral Stud Earrings | PureJewels UK\",\"isPartOf\":{\"@id\":\"https:\\\/\\\/www.purejewels.com\\\/#website\"},\"primaryImageOfPage\":{\"@id\":\"https:\\\/\\\/www.purejewels.com\\\/product\\\/22ct-gold-square-floral-stud-earrings-52752\\\/#primaryimage\"},\"image\":{\"@id\":\"https:\\\/\\\/www.purejewels.com\\\/product\\\/22ct-gold-square-floral-stud-earrings-52752\\\/#primaryimage\"},\"thumbnailUrl\":\"https:\\\/\\\/static.purejewels.com\\\/wp-content\\\/uploads\\\/2025\\\/09\\\/SKU-52752.jpg\",\"datePublished\":\"2025-07-04T13:01:52+00:00\",\"dateModified\":\"2026-03-22T18:38:55+00:00\",\"description\":\"Shop 22ct Gold Square Floral Stud Earrings at PureJewels. Handcrafted in pure 22ct gold with a floral-inspired square design, these lightweight studs are perfect for daily wear.\",\"breadcrumb\":{\"@id\":\"https:\\\/\\\/www.purejewels.com\\\/product\\\/22ct-gold-square-floral-stud-earrings-52752\\\/#breadcrumb\"},\"inLanguage\":\"de\",\"potentialAction\":[{\"@type\":\"ReadAction\",\"target\":[\"https:\\\/\\\/www.purejewels.com\\\/product\\\/22ct-gold-square-floral-stud-earrings-52752\\\/\"]}]},{\"@type\":\"ImageObject\",\"inLanguage\":\"de\",\"@id\":\"https:\\\/\\\/www.purejewels.com\\\/product\\\/22ct-gold-square-floral-stud-earrings-52752\\\/#primaryimage\",\"url\":\"https:\\\/\\\/static.purejewels.com\\\/wp-content\\\/uploads\\\/2025\\\/09\\\/SKU-52752.jpg\",\"contentUrl\":\"https:\\\/\\\/static.purejewels.com\\\/wp-content\\\/uploads\\\/2025\\\/09\\\/SKU-52752.jpg\",\"width\":1000,\"height\":1000,\"caption\":\"22ct Gold Square Floral Stud Earrings\"},{\"@type\":\"BreadcrumbList\",\"@id\":\"https:\\\/\\\/www.purejewels.com\\\/product\\\/22ct-gold-square-floral-stud-earrings-52752\\\/#breadcrumb\",\"itemListElement\":[{\"@type\":\"ListItem\",\"position\":1,\"name\":\"Home\",\"item\":\"https:\\\/\\\/www.purejewels.com\\\/\"},{\"@type\":\"ListItem\",\"position\":2,\"name\":\"Shop\",\"item\":\"https:\\\/\\\/www.purejewels.com\\\/shop\\\/\"},{\"@type\":\"ListItem\",\"position\":3,\"name\":\"22ct Gold Square Floral Stud Earrings\"}]},{\"@type\":\"WebSite\",\"@id\":\"https:\\\/\\\/www.purejewels.com\\\/#website\",\"url\":\"https:\\\/\\\/www.purejewels.com\\\/\",\"name\":\"PureJewels UK\",\"description\":\"Share the Love\",\"publisher\":{\"@id\":\"https:\\\/\\\/www.purejewels.com\\\/#organization\"},\"potentialAction\":[{\"@type\":\"SearchAction\",\"target\":{\"@type\":\"EntryPoint\",\"urlTemplate\":\"https:\\\/\\\/www.purejewels.com\\\/?s={search_term_string}\"},\"query-input\":{\"@type\":\"PropertyValueSpecification\",\"valueRequired\":true,\"valueName\":\"search_term_string\"}}],\"inLanguage\":\"de\"},{\"@type\":\"Organization\",\"@id\":\"https:\\\/\\\/www.purejewels.com\\\/#organization\",\"name\":\"PureJewels UK\",\"url\":\"https:\\\/\\\/www.purejewels.com\\\/\",\"logo\":{\"@type\":\"ImageObject\",\"inLanguage\":\"de\",\"@id\":\"https:\\\/\\\/www.purejewels.com\\\/#\\\/schema\\\/logo\\\/image\\\/\",\"url\":\"https:\\\/\\\/static.purejewels.com\\\/wp-content\\\/uploads\\\/2020\\\/11\\\/Logo-PJ-New-1.png\",\"contentUrl\":\"https:\\\/\\\/static.purejewels.com\\\/wp-content\\\/uploads\\\/2020\\\/11\\\/Logo-PJ-New-1.png\",\"width\":150,\"height\":80,\"caption\":\"PureJewels UK\"},\"image\":{\"@id\":\"https:\\\/\\\/www.purejewels.com\\\/#\\\/schema\\\/logo\\\/image\\\/\"}}]}<\/script>\n<!-- \/ Yoast SEO plugin. -->","yoast_head_json":{"title":"22ct Gold Quadratisch Floral Ohrstecker | PureJewels UK","description":"Kaufen Sie 22ct Gold Square Floral Stud Earrings bei PureJewels. Handgefertigt aus reinem 22ct Gold mit einem floral inspirierten quadratischen Design, sind diese leichten Ohrstecker perfekt f\u00fcr den t\u00e4glichen Gebrauch.","robots":{"index":"index","follow":"follow","max-snippet":"max-snippet:-1","max-image-preview":"max-image-preview:large","max-video-preview":"max-video-preview:-1"},"canonical":"https:\/\/www.purejewels.com\/de\/produkt-2\/quadratische-florale-ohrstecker-aus-22-karat-gold-52752\/","og_locale":"de_DE","og_type":"article","og_title":"22ct Gold Square Floral Stud Earrings | PureJewels UK","og_description":"Shop 22ct Gold Square Floral Stud Earrings at PureJewels. Handcrafted in pure 22ct gold with a floral-inspired square design, these lightweight studs are perfect for daily wear.","og_url":"https:\/\/www.purejewels.com\/de\/produkt-2\/quadratische-florale-ohrstecker-aus-22-karat-gold-52752\/","og_site_name":"PureJewels UK","article_modified_time":"2026-03-22T18:38:55+00:00","og_image":[{"width":1000,"height":1000,"url":"https:\/\/static.purejewels.com\/wp-content\/uploads\/2025\/09\/SKU-52752.jpg","type":"image\/jpeg"}],"twitter_card":"summary_large_image","twitter_misc":{"Gesch\u00e4tzte Lesezeit":"1\u00a0Minute"},"schema":{"@context":"https:\/\/schema.org","@graph":[{"@type":["WebPage","ItemPage"],"@id":"https:\/\/www.purejewels.com\/product\/22ct-gold-square-floral-stud-earrings-52752\/","url":"https:\/\/www.purejewels.com\/product\/22ct-gold-square-floral-stud-earrings-52752\/","name":"22ct Gold Quadratisch Floral Ohrstecker | PureJewels UK","isPartOf":{"@id":"https:\/\/www.purejewels.com\/#website"},"primaryImageOfPage":{"@id":"https:\/\/www.purejewels.com\/product\/22ct-gold-square-floral-stud-earrings-52752\/#primaryimage"},"image":{"@id":"https:\/\/www.purejewels.com\/product\/22ct-gold-square-floral-stud-earrings-52752\/#primaryimage"},"thumbnailUrl":"https:\/\/static.purejewels.com\/wp-content\/uploads\/2025\/09\/SKU-52752.jpg","datePublished":"2025-07-04T13:01:52+00:00","dateModified":"2026-03-22T18:38:55+00:00","description":"Kaufen Sie 22ct Gold Square Floral Stud Earrings bei PureJewels. Handgefertigt aus reinem 22ct Gold mit einem floral inspirierten quadratischen Design, sind diese leichten Ohrstecker perfekt f\u00fcr den t\u00e4glichen Gebrauch.","breadcrumb":{"@id":"https:\/\/www.purejewels.com\/product\/22ct-gold-square-floral-stud-earrings-52752\/#breadcrumb"},"inLanguage":"de","potentialAction":[{"@type":"ReadAction","target":["https:\/\/www.purejewels.com\/product\/22ct-gold-square-floral-stud-earrings-52752\/"]}]},{"@type":"ImageObject","inLanguage":"de","@id":"https:\/\/www.purejewels.com\/product\/22ct-gold-square-floral-stud-earrings-52752\/#primaryimage","url":"https:\/\/static.purejewels.com\/wp-content\/uploads\/2025\/09\/SKU-52752.jpg","contentUrl":"https:\/\/static.purejewels.com\/wp-content\/uploads\/2025\/09\/SKU-52752.jpg","width":1000,"height":1000,"caption":"22ct Gold Square Floral Stud Earrings"},{"@type":"BreadcrumbList","@id":"https:\/\/www.purejewels.com\/product\/22ct-gold-square-floral-stud-earrings-52752\/#breadcrumb","itemListElement":[{"@type":"ListItem","position":1,"name":"Home","item":"https:\/\/www.purejewels.com\/"},{"@type":"ListItem","position":2,"name":"Shop","item":"https:\/\/www.purejewels.com\/shop\/"},{"@type":"ListItem","position":3,"name":"22ct Gold Square Floral Stud Earrings"}]},{"@type":"WebSite","@id":"https:\/\/www.purejewels.com\/#website","url":"https:\/\/www.purejewels.com\/","name":"PureJewels UK","description":"Teile die Liebe","publisher":{"@id":"https:\/\/www.purejewels.com\/#organization"},"potentialAction":[{"@type":"SearchAction","target":{"@type":"EntryPoint","urlTemplate":"https:\/\/www.purejewels.com\/?s={search_term_string}"},"query-input":{"@type":"PropertyValueSpecification","valueRequired":true,"valueName":"search_term_string"}}],"inLanguage":"de"},{"@type":"Organization","@id":"https:\/\/www.purejewels.com\/#organization","name":"PureJewels UK","url":"https:\/\/www.purejewels.com\/","logo":{"@type":"ImageObject","inLanguage":"de","@id":"https:\/\/www.purejewels.com\/#\/schema\/logo\/image\/","url":"https:\/\/static.purejewels.com\/wp-content\/uploads\/2020\/11\/Logo-PJ-New-1.png","contentUrl":"https:\/\/static.purejewels.com\/wp-content\/uploads\/2020\/11\/Logo-PJ-New-1.png","width":150,"height":80,"caption":"PureJewels UK"},"image":{"@id":"https:\/\/www.purejewels.com\/#\/schema\/logo\/image\/"}}]}},"_links":{"self":[{"href":"https:\/\/www.purejewels.com\/de\/wp-json\/wp\/v2\/product\/413944","targetHints":{"allow":["GET"]}}],"collection":[{"href":"https:\/\/www.purejewels.com\/de\/wp-json\/wp\/v2\/product"}],"about":[{"href":"https:\/\/www.purejewels.com\/de\/wp-json\/wp\/v2\/types\/product"}],"replies":[{"embeddable":true,"href":"https:\/\/www.purejewels.com\/de\/wp-json\/wp\/v2\/comments?post=413944"}],"version-history":[{"count":2,"href":"https:\/\/www.purejewels.com\/de\/wp-json\/wp\/v2\/product\/413944\/revisions"}],"predecessor-version":[{"id":427493,"href":"https:\/\/www.purejewels.com\/de\/wp-json\/wp\/v2\/product\/413944\/revisions\/427493"}],"wp:featuredmedia":[{"embeddable":true,"href":"https:\/\/www.purejewels.com\/de\/wp-json\/wp\/v2\/media\/413946"}],"wp:attachment":[{"href":"https:\/\/www.purejewels.com\/de\/wp-json\/wp\/v2\/media?parent=413944"}],"wp:term":[{"taxonomy":"product_brand","embeddable":true,"href":"https:\/\/www.purejewels.com\/de\/wp-json\/wp\/v2\/product_brand?post=413944"},{"taxonomy":"product_cat","embeddable":true,"href":"https:\/\/www.purejewels.com\/de\/wp-json\/wp\/v2\/product_cat?post=413944"},{"taxonomy":"product_tag","embeddable":true,"href":"https:\/\/www.purejewels.com\/de\/wp-json\/wp\/v2\/product_tag?post=413944"}],"curies":[{"name":"wp","href":"https:\/\/api.w.org\/{rel}","templated":true}]}}