{"id":414037,"date":"2025-08-05T05:20:55","date_gmt":"2025-08-05T04:20:55","guid":{"rendered":"https:\/\/www.purejewels.com\/?post_type=product&#038;p=414037"},"modified":"2026-01-06T05:35:00","modified_gmt":"2026-01-06T05:35:00","slug":"22ct-gold-zierliche-blute-ohrstecker-52756","status":"publish","type":"product","link":"https:\/\/www.purejewels.com\/de\/product\/22ct-gold-petite-blossom-stud-earrings-52756\/","title":{"rendered":"22ct Gold Petite Blossom Ohrstecker"},"content":{"rendered":"<p data-start=\"494\" data-end=\"783\">Das von Charme und Einfachheit gepr\u00e4gte <strong data-start=\"533\" data-end=\"575\">22ct Gold Petite Blossom Ohrstecker<\/strong> sind eine anmutige Ode an die Sch\u00f6nheit der Natur. Jeder Ohrstecker ist mit einem floralen Miniaturmotiv gestaltet und besteht aus glatten, abgerundeten, perlen\u00e4hnlichen Bl\u00fctenbl\u00e4ttern, die eine fein strukturierte Mitte umschlie\u00dfen und bei jeder Drehung ein strahlendes Finish bieten.<\/p>\n<p data-start=\"785\" data-end=\"1017\">Mit einem Gewicht von etwa <strong data-start=\"808\" data-end=\"821\">1,1 Gramm<\/strong> und Messung <strong data-start=\"836\" data-end=\"845\">5,2 mm<\/strong>Sie sind der ideale leichte Begleiter f\u00fcr den Alltag oder ein bedeutungsvolles Erstlingswerk f\u00fcr einen lieben Menschen. Die <strong data-start=\"955\" data-end=\"977\">Schraubverschluss<\/strong> sorgt f\u00fcr Komfort und Seelenfrieden.<\/p>\n<p data-start=\"1019\" data-end=\"1182\">Gefertigt aus <strong data-start=\"1032\" data-end=\"1063\">22 Karat Gelbgold, gestempelt<\/strong>Diese zierlichen Ohrringe sind nicht nur zeitlos, sondern auch reich an Tradition und Eleganz und damit ein wertvolles Andenken.<\/p>","protected":false},"excerpt":{"rendered":"<p>Zart und reizvoll, unser <strong data-start=\"180\" data-end=\"222\">22ct Gold Petite Blossom Ohrstecker<\/strong> sind von der Reinheit der Natur inspiriert. Mit ihrer zarten floralen Silhouette und den polierten Perlendetails sind diese leichten 5,2 mm gro\u00dfen Ohrstecker perfekt f\u00fcr den Alltag oder als durchdachtes Geschenk. Der Schraubverschluss sorgt f\u00fcr Komfort.<\/p>\n<p><strong>Material:<\/strong>\u00a022ct Gold<br \/>\n<strong>Reinheit:<\/strong>\u00a091.6% rein<br \/>\n<strong>Wahrzeichen:<\/strong>\u00a0Britisches G\u00fctesiegel<strong><br \/>\n<\/strong><strong>Bruttogewicht: <\/strong>1.10 Gramm<br \/>\n<strong>Breite:<\/strong> 5,2 mm<br \/>\n<strong>SKU:<\/strong> 52756<\/p>\n<p><strong>Preis und Lieferung<\/strong>: Inklusive Mehrwertsteuer und Lieferkosten<br \/>\n<a href=\"https:\/\/www.purejewels.com\/de\/ruckgabepolitik\/\">R\u00fcckgabepolitik<\/a><\/p>","protected":false},"featured_media":414038,"comment_status":"closed","ping_status":"closed","template":"","meta":{"_eb_attr":"","_crsspst_to_jayantr4sg-hostcom":true},"product_brand":[],"product_cat":[236,1793,1792,1790,1254,252,5611,5342,1570,5338,1577,1574,5349],"product_tag":[66],"class_list":{"0":"post-414037","1":"product","2":"type-product","3":"status-publish","4":"has-post-thumbnail","6":"product_cat-collections","7":"product_cat-diwali-gifts","8":"product_cat-festival-gifts","9":"product_cat-for-whom-when","10":"product_cat-gold-earrings","11":"product_cat-jali-collections","12":"product_cat-jali-earrings","13":"product_cat-jewellery-under-250","14":"product_cat-mothers-day-gifts","15":"product_cat-shop-by-price","16":"product_cat-stud-earrings","17":"product_cat-womens-jewellery","18":"product_cat-yellow-gold-jewellery","19":"product_tag-earrings","21":"first","22":"outofstock","23":"taxable","24":"shipping-taxable","25":"product-type-simple","26":"add-to-wishlist-before_image"},"yoast_head":"<!-- This site is optimized with the Yoast SEO plugin v27.5 - https:\/\/yoast.com\/product\/yoast-seo-wordpress\/ -->\n<title>22ct Gold Petite Blossom Stud Earrings - PureJewels UK<\/title>\n<meta name=\"robots\" content=\"index, follow, max-snippet:-1, max-image-preview:large, max-video-preview:-1\" \/>\n<link rel=\"canonical\" href=\"https:\/\/www.purejewels.com\/de\/produkt-2\/22ct-gold-zierliche-blute-ohrstecker-52756\/\" \/>\n<meta property=\"og:locale\" content=\"de_DE\" \/>\n<meta property=\"og:type\" content=\"article\" \/>\n<meta property=\"og:title\" content=\"22ct Gold Petite Blossom Stud Earrings - PureJewels UK\" \/>\n<meta property=\"og:description\" content=\"Delicate and delightful, our 22ct Gold Petite Blossom Stud Earrings are inspired by the purity of nature. With a soft floral silhouette and polished bead detailing, these lightweight 5.2mm studs are perfect for daily elegance or thoughtful gifting. Secured with a screw-back fitting for comfort.  Material:\u00a022ct Gold Purity:\u00a091.6% pure Hallmark:\u00a0British Hallmark Gross Weight: 1.10\u00a0Gms Width: 5.2 mm SKU: 52756  Price and Delivery: Inclusive of VAT and delivery charge Return Policy\" \/>\n<meta property=\"og:url\" content=\"https:\/\/www.purejewels.com\/de\/produkt-2\/22ct-gold-zierliche-blute-ohrstecker-52756\/\" \/>\n<meta property=\"og:site_name\" content=\"PureJewels UK\" \/>\n<meta property=\"article:modified_time\" content=\"2026-01-06T05:35:00+00:00\" \/>\n<meta property=\"og:image\" content=\"https:\/\/www.purejewels.com\/wp-content\/uploads\/2025\/09\/SKU-52756.jpg\" \/>\n\t<meta property=\"og:image:width\" content=\"1000\" \/>\n\t<meta property=\"og:image:height\" content=\"1000\" \/>\n\t<meta property=\"og:image:type\" content=\"image\/jpeg\" \/>\n<meta name=\"twitter:card\" content=\"summary_large_image\" \/>\n<meta name=\"twitter:label1\" content=\"Gesch\u00e4tzte Lesezeit\" \/>\n\t<meta name=\"twitter:data1\" content=\"1\u00a0Minute\" \/>\n<script type=\"application\/ld+json\" class=\"yoast-schema-graph\">{\"@context\":\"https:\\\/\\\/schema.org\",\"@graph\":[{\"@type\":[\"WebPage\",\"ItemPage\"],\"@id\":\"https:\\\/\\\/www.purejewels.com\\\/product\\\/22ct-gold-petite-blossom-stud-earrings-52756\\\/\",\"url\":\"https:\\\/\\\/www.purejewels.com\\\/product\\\/22ct-gold-petite-blossom-stud-earrings-52756\\\/\",\"name\":\"22ct Gold Petite Blossom Stud Earrings - PureJewels UK\",\"isPartOf\":{\"@id\":\"https:\\\/\\\/www.purejewels.com\\\/#website\"},\"primaryImageOfPage\":{\"@id\":\"https:\\\/\\\/www.purejewels.com\\\/product\\\/22ct-gold-petite-blossom-stud-earrings-52756\\\/#primaryimage\"},\"image\":{\"@id\":\"https:\\\/\\\/www.purejewels.com\\\/product\\\/22ct-gold-petite-blossom-stud-earrings-52756\\\/#primaryimage\"},\"thumbnailUrl\":\"https:\\\/\\\/static.purejewels.com\\\/wp-content\\\/uploads\\\/2025\\\/09\\\/SKU-52756.jpg\",\"datePublished\":\"2025-08-05T04:20:55+00:00\",\"dateModified\":\"2026-01-06T05:35:00+00:00\",\"breadcrumb\":{\"@id\":\"https:\\\/\\\/www.purejewels.com\\\/product\\\/22ct-gold-petite-blossom-stud-earrings-52756\\\/#breadcrumb\"},\"inLanguage\":\"de\",\"potentialAction\":[{\"@type\":\"ReadAction\",\"target\":[\"https:\\\/\\\/www.purejewels.com\\\/product\\\/22ct-gold-petite-blossom-stud-earrings-52756\\\/\"]}]},{\"@type\":\"ImageObject\",\"inLanguage\":\"de\",\"@id\":\"https:\\\/\\\/www.purejewels.com\\\/product\\\/22ct-gold-petite-blossom-stud-earrings-52756\\\/#primaryimage\",\"url\":\"https:\\\/\\\/static.purejewels.com\\\/wp-content\\\/uploads\\\/2025\\\/09\\\/SKU-52756.jpg\",\"contentUrl\":\"https:\\\/\\\/static.purejewels.com\\\/wp-content\\\/uploads\\\/2025\\\/09\\\/SKU-52756.jpg\",\"width\":1000,\"height\":1000,\"caption\":\"22ct Gold Petite Blossom Stud Earrings\"},{\"@type\":\"BreadcrumbList\",\"@id\":\"https:\\\/\\\/www.purejewels.com\\\/product\\\/22ct-gold-petite-blossom-stud-earrings-52756\\\/#breadcrumb\",\"itemListElement\":[{\"@type\":\"ListItem\",\"position\":1,\"name\":\"Home\",\"item\":\"https:\\\/\\\/www.purejewels.com\\\/\"},{\"@type\":\"ListItem\",\"position\":2,\"name\":\"Shop\",\"item\":\"https:\\\/\\\/www.purejewels.com\\\/shop\\\/\"},{\"@type\":\"ListItem\",\"position\":3,\"name\":\"22ct Gold Petite Blossom Stud Earrings\"}]},{\"@type\":\"WebSite\",\"@id\":\"https:\\\/\\\/www.purejewels.com\\\/#website\",\"url\":\"https:\\\/\\\/www.purejewels.com\\\/\",\"name\":\"PureJewels UK\",\"description\":\"Share the Love\",\"publisher\":{\"@id\":\"https:\\\/\\\/www.purejewels.com\\\/#organization\"},\"potentialAction\":[{\"@type\":\"SearchAction\",\"target\":{\"@type\":\"EntryPoint\",\"urlTemplate\":\"https:\\\/\\\/www.purejewels.com\\\/?s={search_term_string}\"},\"query-input\":{\"@type\":\"PropertyValueSpecification\",\"valueRequired\":true,\"valueName\":\"search_term_string\"}}],\"inLanguage\":\"de\"},{\"@type\":\"Organization\",\"@id\":\"https:\\\/\\\/www.purejewels.com\\\/#organization\",\"name\":\"PureJewels UK\",\"url\":\"https:\\\/\\\/www.purejewels.com\\\/\",\"logo\":{\"@type\":\"ImageObject\",\"inLanguage\":\"de\",\"@id\":\"https:\\\/\\\/www.purejewels.com\\\/#\\\/schema\\\/logo\\\/image\\\/\",\"url\":\"https:\\\/\\\/static.purejewels.com\\\/wp-content\\\/uploads\\\/2020\\\/11\\\/Logo-PJ-New-1.png\",\"contentUrl\":\"https:\\\/\\\/static.purejewels.com\\\/wp-content\\\/uploads\\\/2020\\\/11\\\/Logo-PJ-New-1.png\",\"width\":150,\"height\":80,\"caption\":\"PureJewels UK\"},\"image\":{\"@id\":\"https:\\\/\\\/www.purejewels.com\\\/#\\\/schema\\\/logo\\\/image\\\/\"}}]}<\/script>\n<!-- \/ Yoast SEO plugin. -->","yoast_head_json":{"title":"22ct Gold Petite Blossom Ohrstecker - PureJewels UK","robots":{"index":"index","follow":"follow","max-snippet":"max-snippet:-1","max-image-preview":"max-image-preview:large","max-video-preview":"max-video-preview:-1"},"canonical":"https:\/\/www.purejewels.com\/de\/produkt-2\/22ct-gold-zierliche-blute-ohrstecker-52756\/","og_locale":"de_DE","og_type":"article","og_title":"22ct Gold Petite Blossom Stud Earrings - PureJewels UK","og_description":"Delicate and delightful, our 22ct Gold Petite Blossom Stud Earrings are inspired by the purity of nature. With a soft floral silhouette and polished bead detailing, these lightweight 5.2mm studs are perfect for daily elegance or thoughtful gifting. Secured with a screw-back fitting for comfort.  Material:\u00a022ct Gold Purity:\u00a091.6% pure Hallmark:\u00a0British Hallmark Gross Weight: 1.10\u00a0Gms Width: 5.2 mm SKU: 52756  Price and Delivery: Inclusive of VAT and delivery charge Return Policy","og_url":"https:\/\/www.purejewels.com\/de\/produkt-2\/22ct-gold-zierliche-blute-ohrstecker-52756\/","og_site_name":"PureJewels UK","article_modified_time":"2026-01-06T05:35:00+00:00","og_image":[{"width":1000,"height":1000,"url":"https:\/\/www.purejewels.com\/wp-content\/uploads\/2025\/09\/SKU-52756.jpg","type":"image\/jpeg"}],"twitter_card":"summary_large_image","twitter_misc":{"Gesch\u00e4tzte Lesezeit":"1\u00a0Minute"},"schema":{"@context":"https:\/\/schema.org","@graph":[{"@type":["WebPage","ItemPage"],"@id":"https:\/\/www.purejewels.com\/product\/22ct-gold-petite-blossom-stud-earrings-52756\/","url":"https:\/\/www.purejewels.com\/product\/22ct-gold-petite-blossom-stud-earrings-52756\/","name":"22ct Gold Petite Blossom Ohrstecker - PureJewels UK","isPartOf":{"@id":"https:\/\/www.purejewels.com\/#website"},"primaryImageOfPage":{"@id":"https:\/\/www.purejewels.com\/product\/22ct-gold-petite-blossom-stud-earrings-52756\/#primaryimage"},"image":{"@id":"https:\/\/www.purejewels.com\/product\/22ct-gold-petite-blossom-stud-earrings-52756\/#primaryimage"},"thumbnailUrl":"https:\/\/static.purejewels.com\/wp-content\/uploads\/2025\/09\/SKU-52756.jpg","datePublished":"2025-08-05T04:20:55+00:00","dateModified":"2026-01-06T05:35:00+00:00","breadcrumb":{"@id":"https:\/\/www.purejewels.com\/product\/22ct-gold-petite-blossom-stud-earrings-52756\/#breadcrumb"},"inLanguage":"de","potentialAction":[{"@type":"ReadAction","target":["https:\/\/www.purejewels.com\/product\/22ct-gold-petite-blossom-stud-earrings-52756\/"]}]},{"@type":"ImageObject","inLanguage":"de","@id":"https:\/\/www.purejewels.com\/product\/22ct-gold-petite-blossom-stud-earrings-52756\/#primaryimage","url":"https:\/\/static.purejewels.com\/wp-content\/uploads\/2025\/09\/SKU-52756.jpg","contentUrl":"https:\/\/static.purejewels.com\/wp-content\/uploads\/2025\/09\/SKU-52756.jpg","width":1000,"height":1000,"caption":"22ct Gold Petite Blossom Stud Earrings"},{"@type":"BreadcrumbList","@id":"https:\/\/www.purejewels.com\/product\/22ct-gold-petite-blossom-stud-earrings-52756\/#breadcrumb","itemListElement":[{"@type":"ListItem","position":1,"name":"Home","item":"https:\/\/www.purejewels.com\/"},{"@type":"ListItem","position":2,"name":"Shop","item":"https:\/\/www.purejewels.com\/shop\/"},{"@type":"ListItem","position":3,"name":"22ct Gold Petite Blossom Stud Earrings"}]},{"@type":"WebSite","@id":"https:\/\/www.purejewels.com\/#website","url":"https:\/\/www.purejewels.com\/","name":"PureJewels UK","description":"Teile die Liebe","publisher":{"@id":"https:\/\/www.purejewels.com\/#organization"},"potentialAction":[{"@type":"SearchAction","target":{"@type":"EntryPoint","urlTemplate":"https:\/\/www.purejewels.com\/?s={search_term_string}"},"query-input":{"@type":"PropertyValueSpecification","valueRequired":true,"valueName":"search_term_string"}}],"inLanguage":"de"},{"@type":"Organization","@id":"https:\/\/www.purejewels.com\/#organization","name":"PureJewels UK","url":"https:\/\/www.purejewels.com\/","logo":{"@type":"ImageObject","inLanguage":"de","@id":"https:\/\/www.purejewels.com\/#\/schema\/logo\/image\/","url":"https:\/\/static.purejewels.com\/wp-content\/uploads\/2020\/11\/Logo-PJ-New-1.png","contentUrl":"https:\/\/static.purejewels.com\/wp-content\/uploads\/2020\/11\/Logo-PJ-New-1.png","width":150,"height":80,"caption":"PureJewels UK"},"image":{"@id":"https:\/\/www.purejewels.com\/#\/schema\/logo\/image\/"}}]}},"_links":{"self":[{"href":"https:\/\/www.purejewels.com\/de\/wp-json\/wp\/v2\/product\/414037","targetHints":{"allow":["GET"]}}],"collection":[{"href":"https:\/\/www.purejewels.com\/de\/wp-json\/wp\/v2\/product"}],"about":[{"href":"https:\/\/www.purejewels.com\/de\/wp-json\/wp\/v2\/types\/product"}],"replies":[{"embeddable":true,"href":"https:\/\/www.purejewels.com\/de\/wp-json\/wp\/v2\/comments?post=414037"}],"version-history":[{"count":1,"href":"https:\/\/www.purejewels.com\/de\/wp-json\/wp\/v2\/product\/414037\/revisions"}],"predecessor-version":[{"id":414040,"href":"https:\/\/www.purejewels.com\/de\/wp-json\/wp\/v2\/product\/414037\/revisions\/414040"}],"wp:featuredmedia":[{"embeddable":true,"href":"https:\/\/www.purejewels.com\/de\/wp-json\/wp\/v2\/media\/414038"}],"wp:attachment":[{"href":"https:\/\/www.purejewels.com\/de\/wp-json\/wp\/v2\/media?parent=414037"}],"wp:term":[{"taxonomy":"product_brand","embeddable":true,"href":"https:\/\/www.purejewels.com\/de\/wp-json\/wp\/v2\/product_brand?post=414037"},{"taxonomy":"product_cat","embeddable":true,"href":"https:\/\/www.purejewels.com\/de\/wp-json\/wp\/v2\/product_cat?post=414037"},{"taxonomy":"product_tag","embeddable":true,"href":"https:\/\/www.purejewels.com\/de\/wp-json\/wp\/v2\/product_tag?post=414037"}],"curies":[{"name":"wp","href":"https:\/\/api.w.org\/{rel}","templated":true}]}}