{"id":4152,"date":"2017-07-19T13:25:07","date_gmt":"2017-07-19T12:25:07","guid":{"rendered":"http:\/\/new.purejewels.com\/product\/anusha-22ct-uncut-polki-diamond-pendant-11\/"},"modified":"2021-12-16T17:16:57","modified_gmt":"2021-12-16T17:16:57","slug":"anusha-22ct-ungeschliffener-polki-diamant-anhanger-11","status":"publish","type":"product","link":"https:\/\/www.purejewels.com\/de\/product\/anusha-22ct-uncut-polki-diamond-pendant-11\/","title":{"rendered":"Diya 22k ungeschliffene Polki Diamant-Halskette"},"content":{"rendered":"<p>[vc_row][vc_column][vc_column_text]This Polki Diamond necklace is made of 22K gold and is inspired by famous royal gardens from the Mughal era. The gold necklace begins with a bezel set cluster of fine polki encrusted collets, which is followed by a blossoming Mughal inspired asharfi-like component in the centre, which is embellished with flowery twines and a floral polki encrusted motif. The carved gold pattern is exquisitely detailed. The necklace is gracefully held by a designer chain that again has been detailed to perfection. It has been uniquely designed and crafted to fully complement the pendant making this polki <a href=\"https:\/\/www.purejewels.com\/de\/product-tag\/diamond-pendant\/\">diamond pendant<\/a> set a \u201cone of a kind\u201d jewel. Perfect for your silks, this muted <a href=\"https:\/\/www.purejewels.com\/de\/product-category\/22ct-gold-jewellery\/gold-necklaces\/\">22K gold necklace<\/a> is all you need for when you start packing for the next destination wedding in the family[\/vc_column_text][\/vc_column][\/vc_row]<\/p>\n","protected":false},"excerpt":{"rendered":"<ul>\n<li>22ct Gold Braut-Anh\u00e4nger<\/li>\n<li>Mit Polki-Diamanten im Rosenschliff, <span style=\"float: none; background-color: transparent; color: #333333; cursor: text; font-family: Georgia,'Times New Roman','Bitstream Charter',Times,serif; font-size: 16px; font-style: normal; font-variant: normal; font-weight: 400; letter-spacing: normal; text-align: left; text-decoration: none; text-indent: 0px;\">1 ct Diamanten<\/span><\/li>\n<li>wt. <span style=\"float: none; background-color: transparent; color: #333333; cursor: text; font-family: Georgia,'Times New Roman','Bitstream Charter',Times,serif; font-size: 16px; font-style: normal; font-variant: normal; font-weight: 400; letter-spacing: normal; text-align: left; text-decoration: none; text-indent: 0px;\">7.9 g<\/span><\/li>\n<li>Preis<span style=\"float: none; background-color: transparent; color: #333333; cursor: text; font-family: Georgia,'Times New Roman','Bitstream Charter',Times,serif; font-size: 16px; font-style: normal; font-variant: normal; font-weight: 400; letter-spacing: normal; text-align: left; text-decoration: none; text-indent: 0px;\"> \u00a31050<\/span><\/li>\n<li>SKU :23702<\/li>\n<\/ul>\n<p>&nbsp;<\/p>\n<ul>\n<li>22ct Gold Brautkette mit Polki Steinen<\/li>\n<li>Polki-Diamanten im Rosenschliff, 0,95 ct Diamanten<\/li>\n<li>Gewicht :8.2 g<\/li>\n<li>Preis \u00a31230<\/li>\n<li>SKU:23683<\/li>\n<li>Gepunzt von London Assay Office<\/li>\n<li>Alle Sets werden mit Pr\u00e4sentationsbox geliefert<\/li>\n<li>Lieferung inbegriffen<\/li>\n<li>Alle Preise inklusive Mehrwertsteuer<\/li>\n<li>Live-Chat mit uns f\u00fcr die Verf\u00fcgbarkeit und mehr Bilder von \u00e4hnlichen Designs derzeit auf Lager\n<div class=\"product_meta\"><\/div>\n<\/li>\n<\/ul>","protected":false},"featured_media":4153,"comment_status":"closed","ping_status":"closed","template":"","meta":{"_eb_attr":"","_crsspst_to_jayantr4sg-hostcom":false},"product_brand":[],"product_cat":[236,254,1767],"product_tag":[],"class_list":{"0":"post-4152","1":"product","2":"type-product","3":"status-publish","4":"has-post-thumbnail","6":"product_cat-collections","7":"product_cat-diya-collections","8":"product_cat-ladies-pendants","10":"first","11":"outofstock","12":"taxable","13":"shipping-taxable","14":"product-type-simple","15":"add-to-wishlist-before_image"},"yoast_head":"<!-- This site is optimized with the Yoast SEO plugin v27.3 - https:\/\/yoast.com\/product\/yoast-seo-wordpress\/ -->\n<title>Anusha 22ct Uncut Polki Diamond Pendant and Chain Set.<\/title>\n<meta name=\"robots\" content=\"index, follow, max-snippet:-1, max-image-preview:large, max-video-preview:-1\" \/>\n<link rel=\"canonical\" href=\"https:\/\/www.purejewels.com\/de\/produkt-2\/anusha-22ct-ungeschliffener-polki-diamant-anhanger-11\/\" \/>\n<meta property=\"og:locale\" content=\"de_DE\" \/>\n<meta property=\"og:type\" content=\"article\" \/>\n<meta property=\"og:title\" content=\"Anusha 22ct Uncut Polki Diamond Pendant and Chain Set.\" \/>\n<meta property=\"og:description\" content=\"22ct Gold Bridal Pendant  With Rose Cut Polki Diamonds, 1 ct Diamonds  wt. 7.9 g  Price \u00a31050  SKU :23702  &nbsp;   22ct Gold Bridal Chain With\u00a0Polki Stones  Rose Cut Polki Diamonds, 0.95 ct Diamonds  Wt :8.2 g  Price \u00a31230  SKU :23683  Hallmarked by London Assay Office  All Sets Comes With Presentation Box  Delivery Included  All prices include VAT  Live chat with us for availability and more images of similar designs currently in stock\" \/>\n<meta property=\"og:url\" content=\"https:\/\/www.purejewels.com\/de\/produkt-2\/anusha-22ct-ungeschliffener-polki-diamant-anhanger-11\/\" \/>\n<meta property=\"og:site_name\" content=\"PureJewels UK\" \/>\n<meta property=\"article:modified_time\" content=\"2021-12-16T17:16:57+00:00\" \/>\n<meta property=\"og:image\" content=\"https:\/\/www.purejewels.com\/wp-content\/uploads\/2017\/07\/pendant_23702_chain_23680_960-2.jpg\" \/>\n\t<meta property=\"og:image:width\" content=\"960\" \/>\n\t<meta property=\"og:image:height\" content=\"960\" \/>\n\t<meta property=\"og:image:type\" content=\"image\/jpeg\" \/>\n<meta name=\"twitter:card\" content=\"summary_large_image\" \/>\n<meta name=\"twitter:label1\" content=\"Gesch\u00e4tzte Lesezeit\" \/>\n\t<meta name=\"twitter:data1\" content=\"1\u00a0Minute\" \/>\n<script type=\"application\/ld+json\" class=\"yoast-schema-graph\">{\"@context\":\"https:\\\/\\\/schema.org\",\"@graph\":[{\"@type\":[\"WebPage\",\"ItemPage\"],\"@id\":\"https:\\\/\\\/www.purejewels.com\\\/product\\\/anusha-22ct-uncut-polki-diamond-pendant-11\\\/\",\"url\":\"https:\\\/\\\/www.purejewels.com\\\/product\\\/anusha-22ct-uncut-polki-diamond-pendant-11\\\/\",\"name\":\"Anusha 22ct Uncut Polki Diamond Pendant and Chain Set.\",\"isPartOf\":{\"@id\":\"https:\\\/\\\/www.purejewels.com\\\/#website\"},\"primaryImageOfPage\":{\"@id\":\"https:\\\/\\\/www.purejewels.com\\\/product\\\/anusha-22ct-uncut-polki-diamond-pendant-11\\\/#primaryimage\"},\"image\":{\"@id\":\"https:\\\/\\\/www.purejewels.com\\\/product\\\/anusha-22ct-uncut-polki-diamond-pendant-11\\\/#primaryimage\"},\"thumbnailUrl\":\"https:\\\/\\\/static.purejewels.com\\\/wp-content\\\/uploads\\\/2017\\\/07\\\/pendant_23702_chain_23680_960-2.jpg\",\"datePublished\":\"2017-07-19T12:25:07+00:00\",\"dateModified\":\"2021-12-16T17:16:57+00:00\",\"breadcrumb\":{\"@id\":\"https:\\\/\\\/www.purejewels.com\\\/product\\\/anusha-22ct-uncut-polki-diamond-pendant-11\\\/#breadcrumb\"},\"inLanguage\":\"de\",\"potentialAction\":[{\"@type\":\"ReadAction\",\"target\":[\"https:\\\/\\\/www.purejewels.com\\\/product\\\/anusha-22ct-uncut-polki-diamond-pendant-11\\\/\"]}]},{\"@type\":\"ImageObject\",\"inLanguage\":\"de\",\"@id\":\"https:\\\/\\\/www.purejewels.com\\\/product\\\/anusha-22ct-uncut-polki-diamond-pendant-11\\\/#primaryimage\",\"url\":\"https:\\\/\\\/static.purejewels.com\\\/wp-content\\\/uploads\\\/2017\\\/07\\\/pendant_23702_chain_23680_960-2.jpg\",\"contentUrl\":\"https:\\\/\\\/static.purejewels.com\\\/wp-content\\\/uploads\\\/2017\\\/07\\\/pendant_23702_chain_23680_960-2.jpg\",\"width\":960,\"height\":960,\"caption\":\"pendant_23702_chain_23680_960.jpg\"},{\"@type\":\"BreadcrumbList\",\"@id\":\"https:\\\/\\\/www.purejewels.com\\\/product\\\/anusha-22ct-uncut-polki-diamond-pendant-11\\\/#breadcrumb\",\"itemListElement\":[{\"@type\":\"ListItem\",\"position\":1,\"name\":\"Home\",\"item\":\"https:\\\/\\\/www.purejewels.com\\\/\"},{\"@type\":\"ListItem\",\"position\":2,\"name\":\"Shop\",\"item\":\"https:\\\/\\\/www.purejewels.com\\\/shop\\\/\"},{\"@type\":\"ListItem\",\"position\":3,\"name\":\"Diya 22k uncut Polki Diamond Necklace\"}]},{\"@type\":\"WebSite\",\"@id\":\"https:\\\/\\\/www.purejewels.com\\\/#website\",\"url\":\"https:\\\/\\\/www.purejewels.com\\\/\",\"name\":\"PureJewels UK\",\"description\":\"Share the Love\",\"publisher\":{\"@id\":\"https:\\\/\\\/www.purejewels.com\\\/#organization\"},\"potentialAction\":[{\"@type\":\"SearchAction\",\"target\":{\"@type\":\"EntryPoint\",\"urlTemplate\":\"https:\\\/\\\/www.purejewels.com\\\/?s={search_term_string}\"},\"query-input\":{\"@type\":\"PropertyValueSpecification\",\"valueRequired\":true,\"valueName\":\"search_term_string\"}}],\"inLanguage\":\"de\"},{\"@type\":\"Organization\",\"@id\":\"https:\\\/\\\/www.purejewels.com\\\/#organization\",\"name\":\"PureJewels UK\",\"url\":\"https:\\\/\\\/www.purejewels.com\\\/\",\"logo\":{\"@type\":\"ImageObject\",\"inLanguage\":\"de\",\"@id\":\"https:\\\/\\\/www.purejewels.com\\\/#\\\/schema\\\/logo\\\/image\\\/\",\"url\":\"https:\\\/\\\/static.purejewels.com\\\/wp-content\\\/uploads\\\/2020\\\/11\\\/Logo-PJ-New-1.png\",\"contentUrl\":\"https:\\\/\\\/static.purejewels.com\\\/wp-content\\\/uploads\\\/2020\\\/11\\\/Logo-PJ-New-1.png\",\"width\":150,\"height\":80,\"caption\":\"PureJewels UK\"},\"image\":{\"@id\":\"https:\\\/\\\/www.purejewels.com\\\/#\\\/schema\\\/logo\\\/image\\\/\"}}]}<\/script>\n<!-- \/ Yoast SEO plugin. -->","yoast_head_json":{"title":"Anusha 22ct Uncut Polki Diamant Anh\u00e4nger und Kette Set.","robots":{"index":"index","follow":"follow","max-snippet":"max-snippet:-1","max-image-preview":"max-image-preview:large","max-video-preview":"max-video-preview:-1"},"canonical":"https:\/\/www.purejewels.com\/de\/produkt-2\/anusha-22ct-ungeschliffener-polki-diamant-anhanger-11\/","og_locale":"de_DE","og_type":"article","og_title":"Anusha 22ct Uncut Polki Diamond Pendant and Chain Set.","og_description":"22ct Gold Bridal Pendant  With Rose Cut Polki Diamonds, 1 ct Diamonds  wt. 7.9 g  Price \u00a31050  SKU :23702  &nbsp;   22ct Gold Bridal Chain With\u00a0Polki Stones  Rose Cut Polki Diamonds, 0.95 ct Diamonds  Wt :8.2 g  Price \u00a31230  SKU :23683  Hallmarked by London Assay Office  All Sets Comes With Presentation Box  Delivery Included  All prices include VAT  Live chat with us for availability and more images of similar designs currently in stock","og_url":"https:\/\/www.purejewels.com\/de\/produkt-2\/anusha-22ct-ungeschliffener-polki-diamant-anhanger-11\/","og_site_name":"PureJewels UK","article_modified_time":"2021-12-16T17:16:57+00:00","og_image":[{"width":960,"height":960,"url":"https:\/\/www.purejewels.com\/wp-content\/uploads\/2017\/07\/pendant_23702_chain_23680_960-2.jpg","type":"image\/jpeg"}],"twitter_card":"summary_large_image","twitter_misc":{"Gesch\u00e4tzte Lesezeit":"1\u00a0Minute"},"schema":{"@context":"https:\/\/schema.org","@graph":[{"@type":["WebPage","ItemPage"],"@id":"https:\/\/www.purejewels.com\/product\/anusha-22ct-uncut-polki-diamond-pendant-11\/","url":"https:\/\/www.purejewels.com\/product\/anusha-22ct-uncut-polki-diamond-pendant-11\/","name":"Anusha 22ct Uncut Polki Diamant Anh\u00e4nger und Kette Set.","isPartOf":{"@id":"https:\/\/www.purejewels.com\/#website"},"primaryImageOfPage":{"@id":"https:\/\/www.purejewels.com\/product\/anusha-22ct-uncut-polki-diamond-pendant-11\/#primaryimage"},"image":{"@id":"https:\/\/www.purejewels.com\/product\/anusha-22ct-uncut-polki-diamond-pendant-11\/#primaryimage"},"thumbnailUrl":"https:\/\/static.purejewels.com\/wp-content\/uploads\/2017\/07\/pendant_23702_chain_23680_960-2.jpg","datePublished":"2017-07-19T12:25:07+00:00","dateModified":"2021-12-16T17:16:57+00:00","breadcrumb":{"@id":"https:\/\/www.purejewels.com\/product\/anusha-22ct-uncut-polki-diamond-pendant-11\/#breadcrumb"},"inLanguage":"de","potentialAction":[{"@type":"ReadAction","target":["https:\/\/www.purejewels.com\/product\/anusha-22ct-uncut-polki-diamond-pendant-11\/"]}]},{"@type":"ImageObject","inLanguage":"de","@id":"https:\/\/www.purejewels.com\/product\/anusha-22ct-uncut-polki-diamond-pendant-11\/#primaryimage","url":"https:\/\/static.purejewels.com\/wp-content\/uploads\/2017\/07\/pendant_23702_chain_23680_960-2.jpg","contentUrl":"https:\/\/static.purejewels.com\/wp-content\/uploads\/2017\/07\/pendant_23702_chain_23680_960-2.jpg","width":960,"height":960,"caption":"pendant_23702_chain_23680_960.jpg"},{"@type":"BreadcrumbList","@id":"https:\/\/www.purejewels.com\/product\/anusha-22ct-uncut-polki-diamond-pendant-11\/#breadcrumb","itemListElement":[{"@type":"ListItem","position":1,"name":"Home","item":"https:\/\/www.purejewels.com\/"},{"@type":"ListItem","position":2,"name":"Shop","item":"https:\/\/www.purejewels.com\/shop\/"},{"@type":"ListItem","position":3,"name":"Diya 22k uncut Polki Diamond Necklace"}]},{"@type":"WebSite","@id":"https:\/\/www.purejewels.com\/#website","url":"https:\/\/www.purejewels.com\/","name":"PureJewels UK","description":"Teile die Liebe","publisher":{"@id":"https:\/\/www.purejewels.com\/#organization"},"potentialAction":[{"@type":"SearchAction","target":{"@type":"EntryPoint","urlTemplate":"https:\/\/www.purejewels.com\/?s={search_term_string}"},"query-input":{"@type":"PropertyValueSpecification","valueRequired":true,"valueName":"search_term_string"}}],"inLanguage":"de"},{"@type":"Organization","@id":"https:\/\/www.purejewels.com\/#organization","name":"PureJewels UK","url":"https:\/\/www.purejewels.com\/","logo":{"@type":"ImageObject","inLanguage":"de","@id":"https:\/\/www.purejewels.com\/#\/schema\/logo\/image\/","url":"https:\/\/static.purejewels.com\/wp-content\/uploads\/2020\/11\/Logo-PJ-New-1.png","contentUrl":"https:\/\/static.purejewels.com\/wp-content\/uploads\/2020\/11\/Logo-PJ-New-1.png","width":150,"height":80,"caption":"PureJewels UK"},"image":{"@id":"https:\/\/www.purejewels.com\/#\/schema\/logo\/image\/"}}]}},"_links":{"self":[{"href":"https:\/\/www.purejewels.com\/de\/wp-json\/wp\/v2\/product\/4152","targetHints":{"allow":["GET"]}}],"collection":[{"href":"https:\/\/www.purejewels.com\/de\/wp-json\/wp\/v2\/product"}],"about":[{"href":"https:\/\/www.purejewels.com\/de\/wp-json\/wp\/v2\/types\/product"}],"replies":[{"embeddable":true,"href":"https:\/\/www.purejewels.com\/de\/wp-json\/wp\/v2\/comments?post=4152"}],"version-history":[{"count":0,"href":"https:\/\/www.purejewels.com\/de\/wp-json\/wp\/v2\/product\/4152\/revisions"}],"wp:featuredmedia":[{"embeddable":true,"href":"https:\/\/www.purejewels.com\/de\/wp-json\/wp\/v2\/media\/4153"}],"wp:attachment":[{"href":"https:\/\/www.purejewels.com\/de\/wp-json\/wp\/v2\/media?parent=4152"}],"wp:term":[{"taxonomy":"product_brand","embeddable":true,"href":"https:\/\/www.purejewels.com\/de\/wp-json\/wp\/v2\/product_brand?post=4152"},{"taxonomy":"product_cat","embeddable":true,"href":"https:\/\/www.purejewels.com\/de\/wp-json\/wp\/v2\/product_cat?post=4152"},{"taxonomy":"product_tag","embeddable":true,"href":"https:\/\/www.purejewels.com\/de\/wp-json\/wp\/v2\/product_tag?post=4152"}],"curies":[{"name":"wp","href":"https:\/\/api.w.org\/{rel}","templated":true}]}}