{"id":415331,"date":"2025-08-15T13:03:03","date_gmt":"2025-08-15T12:03:03","guid":{"rendered":"https:\/\/www.purejewels.com\/?post_type=product&#038;p=415331"},"modified":"2026-01-30T06:30:58","modified_gmt":"2026-01-30T06:30:58","slug":"armari-tropfen-ohrringe-53004","status":"publish","type":"product","link":"https:\/\/www.purejewels.com\/de\/product\/armari-drop-earrings-53004\/","title":{"rendered":"Antike Finish Braut Tropfen Ohrringe"},"content":{"rendered":"<p data-start=\"114\" data-end=\"384\"><strong data-start=\"114\" data-end=\"124\">Gestaltung<\/strong><br data-start=\"124\" data-end=\"127\" \/>Inspiriert von der sch\u00fctzenden Kraft von Schilden und R\u00fcstungen, zeigen diese skulpturalen Tropfenohrringe k\u00fchne kreisf\u00f6rmige Motive und verzierte Strukturen, die in eine raffinierte Silhouette \u00fcbergehen. Mit einem Gewicht von 12,05 Gramm schaffen sie die perfekte Balance zwischen Substanz und Eleganz.<\/p>\n<p data-start=\"386\" data-end=\"636\"><strong data-start=\"386\" data-end=\"395\">Handwerk<\/strong><br data-start=\"395\" data-end=\"398\" \/>Jeder Ohrring ist aus reinem 22-kar\u00e4tigem Gold handgefertigt und spiegelt die handwerkliche Pr\u00e4zision der Armari Collection wider. Die detaillierte Oberfl\u00e4chenbearbeitung und die sorgf\u00e4ltig ausbalancierte Form unterstreichen die traditionelle Handwerkskunst und bieten gleichzeitig dauerhaften Komfort und Haltbarkeit.<\/p>\n<p data-start=\"638\" data-end=\"876\"><strong data-start=\"638\" data-end=\"647\">Stil<\/strong><br data-start=\"647\" data-end=\"650\" \/>Diese Ohrringe, die als Symbole der Macht und des Schutzes geschaffen wurden, sind ideal f\u00fcr Brautkleider, festliche Anl\u00e4sse oder pers\u00f6nliche Meilensteine. Ihre k\u00fchne und doch anmutige Pr\u00e4senz sorgt daf\u00fcr, dass sie zu einem gesch\u00e4tzten St\u00fcck in jeder Sammlung werden.<\/p>","protected":false},"excerpt":{"rendered":"<p>Die Armari-Tropfenohrringe werden in Handarbeit aus 22-kar\u00e4tigem Gold mit k\u00fchnen, vom Schild inspirierten Motiven und skulpturalen Details gefertigt. Mit einem Gewicht von 12,05 Gramm bringen sie Bewegung, Pr\u00e4senz und Eleganz in jeden Look. Ein Statement-Design aus der Armari-Kollektion, das St\u00e4rke und feine Handwerkskunst zelebriert.<\/p>\n<p><strong>Material:<\/strong> 22ct Gold (91,6% reines Gold)<br \/>\n<strong>Beenden:<\/strong> Antike Ausf\u00fchrung<br \/>\n<strong>Wahrzeichen:\u00a0<\/strong>Britisches G\u00fctesiegel<strong><br \/>\n<\/strong><strong>Bruttogewicht: <\/strong>12.05 Gms<br \/>\n<strong>SKU:<\/strong> 53004<\/p>\n<p><strong>Preis und Lieferung<\/strong>: Inklusive Mehrwertsteuer und Lieferkosten<br \/>\n<a href=\"https:\/\/www.purejewels.com\/de\/ruckgabepolitik\/\">R\u00fcckgabepolitik<\/a><\/p>","protected":false},"featured_media":415558,"comment_status":"closed","ping_status":"closed","template":"","meta":{"_eb_attr":"","_crsspst_to_jayantr4sg-hostcom":false},"product_brand":[],"product_cat":[245,6144,5639,1559,1685,1792,1790,1254,1570,1573,1574],"product_tag":[1430],"class_list":{"0":"post-415331","1":"product","2":"type-product","3":"status-publish","4":"has-post-thumbnail","6":"product_cat-armari-collections","7":"product_cat-armari-drop-earrings","8":"product_cat-armari-earring","9":"product_cat-birthday-gifts","10":"product_cat-drop-earrings","11":"product_cat-festival-gifts","12":"product_cat-for-whom-when","13":"product_cat-gold-earrings","14":"product_cat-mothers-day-gifts","15":"product_cat-wedding-gifts","16":"product_cat-womens-jewellery","17":"product_tag-diwali-gift","19":"first","20":"instock","21":"taxable","22":"shipping-taxable","23":"purchasable","24":"product-type-simple","25":"add-to-wishlist-before_image"},"yoast_head":"<!-- This site is optimized with the Yoast SEO plugin v27.6 - https:\/\/yoast.com\/product\/yoast-seo-wordpress\/ -->\n<title>22ct Gold Antique Finish Bridal Drop Earring at Purejewels UK<\/title>\n<meta name=\"description\" content=\"Make a statement with our 22ct gold drop earrings. Perfect for bridal wear with a hand-applied antique finish. Shop now! Free delivery across the UK.\" \/>\n<meta name=\"robots\" content=\"index, follow, max-snippet:-1, max-image-preview:large, max-video-preview:-1\" \/>\n<link rel=\"canonical\" href=\"https:\/\/www.purejewels.com\/de\/produkt-2\/armari-tropfen-ohrringe-53004\/\" \/>\n<meta property=\"og:locale\" content=\"de_DE\" \/>\n<meta property=\"og:type\" content=\"article\" \/>\n<meta property=\"og:title\" content=\"22ct Gold Antique Finish Bridal Drop Earring at Purejewels UK\" \/>\n<meta property=\"og:description\" content=\"Make a statement with our 22ct gold drop earrings. Perfect for bridal wear with a hand-applied antique finish. Shop now! Free delivery across the UK.\" \/>\n<meta property=\"og:url\" content=\"https:\/\/www.purejewels.com\/de\/produkt-2\/armari-tropfen-ohrringe-53004\/\" \/>\n<meta property=\"og:site_name\" content=\"PureJewels UK\" \/>\n<meta property=\"article:modified_time\" content=\"2026-01-30T06:30:58+00:00\" \/>\n<meta property=\"og:image\" content=\"https:\/\/static.purejewels.com\/wp-content\/uploads\/2025\/08\/SKU-53004.jpg\" \/>\n\t<meta property=\"og:image:width\" content=\"1000\" \/>\n\t<meta property=\"og:image:height\" content=\"1000\" \/>\n\t<meta property=\"og:image:type\" content=\"image\/jpeg\" \/>\n<meta name=\"twitter:card\" content=\"summary_large_image\" \/>\n<meta name=\"twitter:label1\" content=\"Gesch\u00e4tzte Lesezeit\" \/>\n\t<meta name=\"twitter:data1\" content=\"1\u00a0Minute\" \/>\n<script type=\"application\/ld+json\" class=\"yoast-schema-graph\">{\"@context\":\"https:\\\/\\\/schema.org\",\"@graph\":[{\"@type\":[\"WebPage\",\"ItemPage\"],\"@id\":\"https:\\\/\\\/www.purejewels.com\\\/product\\\/armari-drop-earrings-53004\\\/\",\"url\":\"https:\\\/\\\/www.purejewels.com\\\/product\\\/armari-drop-earrings-53004\\\/\",\"name\":\"22ct Gold Antique Finish Bridal Drop Earring at Purejewels UK\",\"isPartOf\":{\"@id\":\"https:\\\/\\\/www.purejewels.com\\\/#website\"},\"primaryImageOfPage\":{\"@id\":\"https:\\\/\\\/www.purejewels.com\\\/product\\\/armari-drop-earrings-53004\\\/#primaryimage\"},\"image\":{\"@id\":\"https:\\\/\\\/www.purejewels.com\\\/product\\\/armari-drop-earrings-53004\\\/#primaryimage\"},\"thumbnailUrl\":\"https:\\\/\\\/static.purejewels.com\\\/wp-content\\\/uploads\\\/2025\\\/08\\\/SKU-53004.jpg\",\"datePublished\":\"2025-08-15T12:03:03+00:00\",\"dateModified\":\"2026-01-30T06:30:58+00:00\",\"description\":\"Make a statement with our 22ct gold drop earrings. Perfect for bridal wear with a hand-applied antique finish. Shop now! Free delivery across the UK.\",\"breadcrumb\":{\"@id\":\"https:\\\/\\\/www.purejewels.com\\\/product\\\/armari-drop-earrings-53004\\\/#breadcrumb\"},\"inLanguage\":\"de\",\"potentialAction\":[{\"@type\":\"ReadAction\",\"target\":[\"https:\\\/\\\/www.purejewels.com\\\/product\\\/armari-drop-earrings-53004\\\/\"]}]},{\"@type\":\"ImageObject\",\"inLanguage\":\"de\",\"@id\":\"https:\\\/\\\/www.purejewels.com\\\/product\\\/armari-drop-earrings-53004\\\/#primaryimage\",\"url\":\"https:\\\/\\\/static.purejewels.com\\\/wp-content\\\/uploads\\\/2025\\\/08\\\/SKU-53004.jpg\",\"contentUrl\":\"https:\\\/\\\/static.purejewels.com\\\/wp-content\\\/uploads\\\/2025\\\/08\\\/SKU-53004.jpg\",\"width\":1000,\"height\":1000,\"caption\":\"Antique Finish Earring\"},{\"@type\":\"BreadcrumbList\",\"@id\":\"https:\\\/\\\/www.purejewels.com\\\/product\\\/armari-drop-earrings-53004\\\/#breadcrumb\",\"itemListElement\":[{\"@type\":\"ListItem\",\"position\":1,\"name\":\"Home\",\"item\":\"https:\\\/\\\/www.purejewels.com\\\/\"},{\"@type\":\"ListItem\",\"position\":2,\"name\":\"Shop\",\"item\":\"https:\\\/\\\/www.purejewels.com\\\/shop\\\/\"},{\"@type\":\"ListItem\",\"position\":3,\"name\":\"Antique Finish Bridal Drop Earrings\"}]},{\"@type\":\"WebSite\",\"@id\":\"https:\\\/\\\/www.purejewels.com\\\/#website\",\"url\":\"https:\\\/\\\/www.purejewels.com\\\/\",\"name\":\"PureJewels UK\",\"description\":\"Share the Love\",\"publisher\":{\"@id\":\"https:\\\/\\\/www.purejewels.com\\\/#organization\"},\"potentialAction\":[{\"@type\":\"SearchAction\",\"target\":{\"@type\":\"EntryPoint\",\"urlTemplate\":\"https:\\\/\\\/www.purejewels.com\\\/?s={search_term_string}\"},\"query-input\":{\"@type\":\"PropertyValueSpecification\",\"valueRequired\":true,\"valueName\":\"search_term_string\"}}],\"inLanguage\":\"de\"},{\"@type\":\"Organization\",\"@id\":\"https:\\\/\\\/www.purejewels.com\\\/#organization\",\"name\":\"PureJewels UK\",\"url\":\"https:\\\/\\\/www.purejewels.com\\\/\",\"logo\":{\"@type\":\"ImageObject\",\"inLanguage\":\"de\",\"@id\":\"https:\\\/\\\/www.purejewels.com\\\/#\\\/schema\\\/logo\\\/image\\\/\",\"url\":\"https:\\\/\\\/static.purejewels.com\\\/wp-content\\\/uploads\\\/2020\\\/11\\\/Logo-PJ-New-1.png\",\"contentUrl\":\"https:\\\/\\\/static.purejewels.com\\\/wp-content\\\/uploads\\\/2020\\\/11\\\/Logo-PJ-New-1.png\",\"width\":150,\"height\":80,\"caption\":\"PureJewels UK\"},\"image\":{\"@id\":\"https:\\\/\\\/www.purejewels.com\\\/#\\\/schema\\\/logo\\\/image\\\/\"}}]}<\/script>\n<!-- \/ Yoast SEO plugin. -->","yoast_head_json":{"title":"22ct Gold Antik Finish Braut Tropfen Ohrring bei Purejewels UK","description":"Setzen Sie ein Zeichen mit unseren Ohrringen aus 22 Karat Gold. Perfekt f\u00fcr die Braut mit einem von Hand aufgetragenen antiken Finish. Jetzt einkaufen! Kostenlose Lieferung in ganz Gro\u00dfbritannien.","robots":{"index":"index","follow":"follow","max-snippet":"max-snippet:-1","max-image-preview":"max-image-preview:large","max-video-preview":"max-video-preview:-1"},"canonical":"https:\/\/www.purejewels.com\/de\/produkt-2\/armari-tropfen-ohrringe-53004\/","og_locale":"de_DE","og_type":"article","og_title":"22ct Gold Antique Finish Bridal Drop Earring at Purejewels UK","og_description":"Make a statement with our 22ct gold drop earrings. Perfect for bridal wear with a hand-applied antique finish. Shop now! Free delivery across the UK.","og_url":"https:\/\/www.purejewels.com\/de\/produkt-2\/armari-tropfen-ohrringe-53004\/","og_site_name":"PureJewels UK","article_modified_time":"2026-01-30T06:30:58+00:00","og_image":[{"width":1000,"height":1000,"url":"https:\/\/static.purejewels.com\/wp-content\/uploads\/2025\/08\/SKU-53004.jpg","type":"image\/jpeg"}],"twitter_card":"summary_large_image","twitter_misc":{"Gesch\u00e4tzte Lesezeit":"1\u00a0Minute"},"schema":{"@context":"https:\/\/schema.org","@graph":[{"@type":["WebPage","ItemPage"],"@id":"https:\/\/www.purejewels.com\/product\/armari-drop-earrings-53004\/","url":"https:\/\/www.purejewels.com\/product\/armari-drop-earrings-53004\/","name":"22ct Gold Antik Finish Braut Tropfen Ohrring bei Purejewels UK","isPartOf":{"@id":"https:\/\/www.purejewels.com\/#website"},"primaryImageOfPage":{"@id":"https:\/\/www.purejewels.com\/product\/armari-drop-earrings-53004\/#primaryimage"},"image":{"@id":"https:\/\/www.purejewels.com\/product\/armari-drop-earrings-53004\/#primaryimage"},"thumbnailUrl":"https:\/\/static.purejewels.com\/wp-content\/uploads\/2025\/08\/SKU-53004.jpg","datePublished":"2025-08-15T12:03:03+00:00","dateModified":"2026-01-30T06:30:58+00:00","description":"Setzen Sie ein Zeichen mit unseren Ohrringen aus 22 Karat Gold. Perfekt f\u00fcr die Braut mit einem von Hand aufgetragenen antiken Finish. Jetzt einkaufen! Kostenlose Lieferung in ganz Gro\u00dfbritannien.","breadcrumb":{"@id":"https:\/\/www.purejewels.com\/product\/armari-drop-earrings-53004\/#breadcrumb"},"inLanguage":"de","potentialAction":[{"@type":"ReadAction","target":["https:\/\/www.purejewels.com\/product\/armari-drop-earrings-53004\/"]}]},{"@type":"ImageObject","inLanguage":"de","@id":"https:\/\/www.purejewels.com\/product\/armari-drop-earrings-53004\/#primaryimage","url":"https:\/\/static.purejewels.com\/wp-content\/uploads\/2025\/08\/SKU-53004.jpg","contentUrl":"https:\/\/static.purejewels.com\/wp-content\/uploads\/2025\/08\/SKU-53004.jpg","width":1000,"height":1000,"caption":"Antique Finish Earring"},{"@type":"BreadcrumbList","@id":"https:\/\/www.purejewels.com\/product\/armari-drop-earrings-53004\/#breadcrumb","itemListElement":[{"@type":"ListItem","position":1,"name":"Home","item":"https:\/\/www.purejewels.com\/"},{"@type":"ListItem","position":2,"name":"Shop","item":"https:\/\/www.purejewels.com\/shop\/"},{"@type":"ListItem","position":3,"name":"Antique Finish Bridal Drop Earrings"}]},{"@type":"WebSite","@id":"https:\/\/www.purejewels.com\/#website","url":"https:\/\/www.purejewels.com\/","name":"PureJewels UK","description":"Teile die Liebe","publisher":{"@id":"https:\/\/www.purejewels.com\/#organization"},"potentialAction":[{"@type":"SearchAction","target":{"@type":"EntryPoint","urlTemplate":"https:\/\/www.purejewels.com\/?s={search_term_string}"},"query-input":{"@type":"PropertyValueSpecification","valueRequired":true,"valueName":"search_term_string"}}],"inLanguage":"de"},{"@type":"Organization","@id":"https:\/\/www.purejewels.com\/#organization","name":"PureJewels UK","url":"https:\/\/www.purejewels.com\/","logo":{"@type":"ImageObject","inLanguage":"de","@id":"https:\/\/www.purejewels.com\/#\/schema\/logo\/image\/","url":"https:\/\/static.purejewels.com\/wp-content\/uploads\/2020\/11\/Logo-PJ-New-1.png","contentUrl":"https:\/\/static.purejewels.com\/wp-content\/uploads\/2020\/11\/Logo-PJ-New-1.png","width":150,"height":80,"caption":"PureJewels UK"},"image":{"@id":"https:\/\/www.purejewels.com\/#\/schema\/logo\/image\/"}}]}},"_links":{"self":[{"href":"https:\/\/www.purejewels.com\/de\/wp-json\/wp\/v2\/product\/415331","targetHints":{"allow":["GET"]}}],"collection":[{"href":"https:\/\/www.purejewels.com\/de\/wp-json\/wp\/v2\/product"}],"about":[{"href":"https:\/\/www.purejewels.com\/de\/wp-json\/wp\/v2\/types\/product"}],"replies":[{"embeddable":true,"href":"https:\/\/www.purejewels.com\/de\/wp-json\/wp\/v2\/comments?post=415331"}],"version-history":[{"count":3,"href":"https:\/\/www.purejewels.com\/de\/wp-json\/wp\/v2\/product\/415331\/revisions"}],"predecessor-version":[{"id":418212,"href":"https:\/\/www.purejewels.com\/de\/wp-json\/wp\/v2\/product\/415331\/revisions\/418212"}],"wp:featuredmedia":[{"embeddable":true,"href":"https:\/\/www.purejewels.com\/de\/wp-json\/wp\/v2\/media\/415558"}],"wp:attachment":[{"href":"https:\/\/www.purejewels.com\/de\/wp-json\/wp\/v2\/media?parent=415331"}],"wp:term":[{"taxonomy":"product_brand","embeddable":true,"href":"https:\/\/www.purejewels.com\/de\/wp-json\/wp\/v2\/product_brand?post=415331"},{"taxonomy":"product_cat","embeddable":true,"href":"https:\/\/www.purejewels.com\/de\/wp-json\/wp\/v2\/product_cat?post=415331"},{"taxonomy":"product_tag","embeddable":true,"href":"https:\/\/www.purejewels.com\/de\/wp-json\/wp\/v2\/product_tag?post=415331"}],"curies":[{"name":"wp","href":"https:\/\/api.w.org\/{rel}","templated":true}]}}