{"id":415447,"date":"2025-08-16T09:41:29","date_gmt":"2025-08-16T08:41:29","guid":{"rendered":"https:\/\/www.purejewels.com\/?post_type=product&#038;p=415447"},"modified":"2026-02-06T12:12:42","modified_gmt":"2026-02-06T12:12:42","slug":"rosetten-dammerungsreifen-50867","status":"publish","type":"product","link":"https:\/\/www.purejewels.com\/de\/product\/rosette-dawn-hoops-50867\/","title":{"rendered":"Rosette Dawn Hoops"},"content":{"rendered":"<p data-start=\"600\" data-end=\"895\">Die <strong data-start=\"604\" data-end=\"626\">Rosette Dawn Hoops<\/strong> sind eine Hommage an die stille Poesie der Natur - elegant, minimalistisch und strahlend vor Bedeutung. Gefertigt in <strong data-start=\"727\" data-end=\"763\">14,33 Gramm 22ct Sunrise Gold<\/strong>sind diese Reifchen sanft akzentuiert mit <strong data-start=\"802\" data-end=\"828\">strukturierte Rosettenperlen<\/strong>Sie sind in einem sanften Bogen angeordnet, der die Entfaltung der Bl\u00fctenbl\u00e4tter in der Morgend\u00e4mmerung widerspiegelt.<\/p>\n<p data-start=\"897\" data-end=\"1212\">Teil des <strong data-start=\"909\" data-end=\"931\">Kollektion Rosette<\/strong>Dieses St\u00fcck ist inspiriert von fl\u00fcchtigen, sch\u00f6nen Momenten - Meilensteinen, Erinnerungen und den Reisen dazwischen. Die florale Granulierung ist eine Anspielung auf die traditionelle Handwerkskunst, w\u00e4hrend der leichte Rahmen und die Dicke von 2,30 mm f\u00fcr allt\u00e4glichen Komfort sorgen, ohne den Charakter zu beeintr\u00e4chtigen.<\/p>\n<p data-start=\"1214\" data-end=\"1490\">Jedes Paar wird von unseren Kunsthandwerkern von Hand gefertigt, um die Tradition der au\u00dfergew\u00f6hnlichen Handwerkskunst und des Designs von PureJewels zu bewahren, die im kulturellen Reichtum verwurzelt ist. Der warme Farbton von Sunrise Gold unterstreicht jeden Hautton und verleiht ihm ein subtiles Strahlen - ob allein getragen oder mit anderen Ohrringen kombiniert.<\/p>\n<p data-start=\"1492\" data-end=\"1609\">Zeitlos, feminin und unaufdringlich - die Rosette Dawn Hoops sind perfekt f\u00fcr alle, die Geschichten mehr sch\u00e4tzen als Trends.<\/p>","protected":false},"excerpt":{"rendered":"<p>Anmutig handgefertigt aus 22 Karat Sunrise Gold, ist das <strong data-start=\"146\" data-end=\"168\">Rosette Dawn Hoops<\/strong> zeichnen sich durch zarte Granulatrosetten aus, die den Bogen jedes Reifs wie bl\u00fchende Morgenblumenbl\u00e4tter nachzeichnen. Sie sind leicht und doch strahlend und bieten allt\u00e4gliche Eleganz, inspiriert von Erbe und Natur. Ein zeitloser Ausdruck von stiller Sch\u00f6nheit.<\/p>\n<ul>\n<li><strong>Material:<\/strong> 22ct Sunrise Gold (91,6% reines Gold)<\/li>\n<li><strong>Wahrzeichen: <\/strong>Britisches G\u00fctesiegel<\/li>\n<li><strong>Bruttogewicht: <\/strong>14.33 Gms<\/li>\n<li><strong>SKU: <\/strong>50867<\/li>\n<\/ul>\n<p><strong><br \/>\nPreis und Lieferung: <\/strong>Inklusive Mehrwertsteuer und Lieferkosten<br \/>\n<strong><a href=\"https:\/\/www.purejewels.com\/de\/ruckgabepolitik\/\">R\u00fcckgabepolitik<\/a><\/strong><\/p>","protected":false},"featured_media":415448,"comment_status":"closed","ping_status":"closed","template":"","meta":{"_eb_attr":"","_crsspst_to_jayantr4sg-hostcom":false},"product_brand":[],"product_cat":[1790,1254,1229,1579,6147,5274,1573,1574],"product_tag":[5933,5922,66],"class_list":{"0":"post-415447","1":"product","2":"type-product","3":"status-publish","4":"has-post-thumbnail","6":"product_cat-for-whom-when","7":"product_cat-gold-earrings","8":"product_cat-22ct-gold-jewellery","9":"product_cat-hoop-earrings","10":"product_cat-rosette-hoop","11":"product_cat-rosettes-earring","12":"product_cat-wedding-gifts","13":"product_cat-womens-jewellery","14":"product_tag-22ct-gold","15":"product_tag-22ct-gold-earrings","16":"product_tag-earrings","18":"first","19":"instock","20":"taxable","21":"shipping-taxable","22":"purchasable","23":"product-type-simple","24":"add-to-wishlist-before_image"},"yoast_head":"<!-- This site is optimized with the Yoast SEO plugin v27.5 - https:\/\/yoast.com\/product\/yoast-seo-wordpress\/ -->\n<title>Rosette Dawn Hoops | 22ct Sunrise Gold Earrings \u2013 PureJewels<\/title>\n<meta name=\"description\" content=\"Shop Rosette Dawn Hoops in 22ct Sunrise Gold at PureJewels. Elegant, floral-inspired hoop earrings handcrafted with rosette granules. A timeless blend of heritage and design.\" \/>\n<meta name=\"robots\" content=\"index, follow, max-snippet:-1, max-image-preview:large, max-video-preview:-1\" \/>\n<link rel=\"canonical\" href=\"https:\/\/www.purejewels.com\/de\/produkt-2\/rosetten-dammerungsreifen-50867\/\" \/>\n<meta property=\"og:locale\" content=\"de_DE\" \/>\n<meta property=\"og:type\" content=\"article\" \/>\n<meta property=\"og:title\" content=\"Rosette Dawn Hoops | 22ct Sunrise Gold Earrings \u2013 PureJewels\" \/>\n<meta property=\"og:description\" content=\"Shop Rosette Dawn Hoops in 22ct Sunrise Gold at PureJewels. Elegant, floral-inspired hoop earrings handcrafted with rosette granules. A timeless blend of heritage and design.\" \/>\n<meta property=\"og:url\" content=\"https:\/\/www.purejewels.com\/de\/produkt-2\/rosetten-dammerungsreifen-50867\/\" \/>\n<meta property=\"og:site_name\" content=\"PureJewels UK\" \/>\n<meta property=\"article:modified_time\" content=\"2026-02-06T12:12:42+00:00\" \/>\n<meta property=\"og:image\" content=\"https:\/\/static.purejewels.com\/wp-content\/uploads\/2025\/09\/SKU-50867.jpg\" \/>\n\t<meta property=\"og:image:width\" content=\"1000\" \/>\n\t<meta property=\"og:image:height\" content=\"1000\" \/>\n\t<meta property=\"og:image:type\" content=\"image\/jpeg\" \/>\n<meta name=\"twitter:card\" content=\"summary_large_image\" \/>\n<meta name=\"twitter:label1\" content=\"Gesch\u00e4tzte Lesezeit\" \/>\n\t<meta name=\"twitter:data1\" content=\"1\u00a0Minute\" \/>\n<script type=\"application\/ld+json\" class=\"yoast-schema-graph\">{\"@context\":\"https:\\\/\\\/schema.org\",\"@graph\":[{\"@type\":[\"WebPage\",\"ItemPage\"],\"@id\":\"https:\\\/\\\/www.purejewels.com\\\/product\\\/rosette-dawn-hoops-50867\\\/\",\"url\":\"https:\\\/\\\/www.purejewels.com\\\/product\\\/rosette-dawn-hoops-50867\\\/\",\"name\":\"Rosette Dawn Hoops | 22ct Sunrise Gold Earrings \u2013 PureJewels\",\"isPartOf\":{\"@id\":\"https:\\\/\\\/www.purejewels.com\\\/#website\"},\"primaryImageOfPage\":{\"@id\":\"https:\\\/\\\/www.purejewels.com\\\/product\\\/rosette-dawn-hoops-50867\\\/#primaryimage\"},\"image\":{\"@id\":\"https:\\\/\\\/www.purejewels.com\\\/product\\\/rosette-dawn-hoops-50867\\\/#primaryimage\"},\"thumbnailUrl\":\"https:\\\/\\\/static.purejewels.com\\\/wp-content\\\/uploads\\\/2025\\\/09\\\/SKU-50867.jpg\",\"datePublished\":\"2025-08-16T08:41:29+00:00\",\"dateModified\":\"2026-02-06T12:12:42+00:00\",\"description\":\"Shop Rosette Dawn Hoops in 22ct Sunrise Gold at PureJewels. Elegant, floral-inspired hoop earrings handcrafted with rosette granules. A timeless blend of heritage and design.\",\"breadcrumb\":{\"@id\":\"https:\\\/\\\/www.purejewels.com\\\/product\\\/rosette-dawn-hoops-50867\\\/#breadcrumb\"},\"inLanguage\":\"de\",\"potentialAction\":[{\"@type\":\"ReadAction\",\"target\":[\"https:\\\/\\\/www.purejewels.com\\\/product\\\/rosette-dawn-hoops-50867\\\/\"]}]},{\"@type\":\"ImageObject\",\"inLanguage\":\"de\",\"@id\":\"https:\\\/\\\/www.purejewels.com\\\/product\\\/rosette-dawn-hoops-50867\\\/#primaryimage\",\"url\":\"https:\\\/\\\/static.purejewels.com\\\/wp-content\\\/uploads\\\/2025\\\/09\\\/SKU-50867.jpg\",\"contentUrl\":\"https:\\\/\\\/static.purejewels.com\\\/wp-content\\\/uploads\\\/2025\\\/09\\\/SKU-50867.jpg\",\"width\":1000,\"height\":1000,\"caption\":\"Rosette Dawn Hoops\"},{\"@type\":\"BreadcrumbList\",\"@id\":\"https:\\\/\\\/www.purejewels.com\\\/product\\\/rosette-dawn-hoops-50867\\\/#breadcrumb\",\"itemListElement\":[{\"@type\":\"ListItem\",\"position\":1,\"name\":\"Home\",\"item\":\"https:\\\/\\\/www.purejewels.com\\\/\"},{\"@type\":\"ListItem\",\"position\":2,\"name\":\"Shop\",\"item\":\"https:\\\/\\\/www.purejewels.com\\\/shop\\\/\"},{\"@type\":\"ListItem\",\"position\":3,\"name\":\"Rosette Dawn Hoops\"}]},{\"@type\":\"WebSite\",\"@id\":\"https:\\\/\\\/www.purejewels.com\\\/#website\",\"url\":\"https:\\\/\\\/www.purejewels.com\\\/\",\"name\":\"PureJewels UK\",\"description\":\"Share the Love\",\"publisher\":{\"@id\":\"https:\\\/\\\/www.purejewels.com\\\/#organization\"},\"potentialAction\":[{\"@type\":\"SearchAction\",\"target\":{\"@type\":\"EntryPoint\",\"urlTemplate\":\"https:\\\/\\\/www.purejewels.com\\\/?s={search_term_string}\"},\"query-input\":{\"@type\":\"PropertyValueSpecification\",\"valueRequired\":true,\"valueName\":\"search_term_string\"}}],\"inLanguage\":\"de\"},{\"@type\":\"Organization\",\"@id\":\"https:\\\/\\\/www.purejewels.com\\\/#organization\",\"name\":\"PureJewels UK\",\"url\":\"https:\\\/\\\/www.purejewels.com\\\/\",\"logo\":{\"@type\":\"ImageObject\",\"inLanguage\":\"de\",\"@id\":\"https:\\\/\\\/www.purejewels.com\\\/#\\\/schema\\\/logo\\\/image\\\/\",\"url\":\"https:\\\/\\\/static.purejewels.com\\\/wp-content\\\/uploads\\\/2020\\\/11\\\/Logo-PJ-New-1.png\",\"contentUrl\":\"https:\\\/\\\/static.purejewels.com\\\/wp-content\\\/uploads\\\/2020\\\/11\\\/Logo-PJ-New-1.png\",\"width\":150,\"height\":80,\"caption\":\"PureJewels UK\"},\"image\":{\"@id\":\"https:\\\/\\\/www.purejewels.com\\\/#\\\/schema\\\/logo\\\/image\\\/\"}}]}<\/script>\n<!-- \/ Yoast SEO plugin. -->","yoast_head_json":{"title":"Rosette Dawn Hoops | 22ct Sunrise Gold Ohrringe - PureJewels","description":"Shop Rosette Dawn Hoops in 22ct Sunrise Gold bei PureJewels. Elegante, floral inspirierte Ohrringe, handgefertigt mit Rosettengranulat. Eine zeitlose Mischung aus Erbe und Design.","robots":{"index":"index","follow":"follow","max-snippet":"max-snippet:-1","max-image-preview":"max-image-preview:large","max-video-preview":"max-video-preview:-1"},"canonical":"https:\/\/www.purejewels.com\/de\/produkt-2\/rosetten-dammerungsreifen-50867\/","og_locale":"de_DE","og_type":"article","og_title":"Rosette Dawn Hoops | 22ct Sunrise Gold Earrings \u2013 PureJewels","og_description":"Shop Rosette Dawn Hoops in 22ct Sunrise Gold at PureJewels. Elegant, floral-inspired hoop earrings handcrafted with rosette granules. A timeless blend of heritage and design.","og_url":"https:\/\/www.purejewels.com\/de\/produkt-2\/rosetten-dammerungsreifen-50867\/","og_site_name":"PureJewels UK","article_modified_time":"2026-02-06T12:12:42+00:00","og_image":[{"width":1000,"height":1000,"url":"https:\/\/static.purejewels.com\/wp-content\/uploads\/2025\/09\/SKU-50867.jpg","type":"image\/jpeg"}],"twitter_card":"summary_large_image","twitter_misc":{"Gesch\u00e4tzte Lesezeit":"1\u00a0Minute"},"schema":{"@context":"https:\/\/schema.org","@graph":[{"@type":["WebPage","ItemPage"],"@id":"https:\/\/www.purejewels.com\/product\/rosette-dawn-hoops-50867\/","url":"https:\/\/www.purejewels.com\/product\/rosette-dawn-hoops-50867\/","name":"Rosette Dawn Hoops | 22ct Sunrise Gold Ohrringe - PureJewels","isPartOf":{"@id":"https:\/\/www.purejewels.com\/#website"},"primaryImageOfPage":{"@id":"https:\/\/www.purejewels.com\/product\/rosette-dawn-hoops-50867\/#primaryimage"},"image":{"@id":"https:\/\/www.purejewels.com\/product\/rosette-dawn-hoops-50867\/#primaryimage"},"thumbnailUrl":"https:\/\/static.purejewels.com\/wp-content\/uploads\/2025\/09\/SKU-50867.jpg","datePublished":"2025-08-16T08:41:29+00:00","dateModified":"2026-02-06T12:12:42+00:00","description":"Shop Rosette Dawn Hoops in 22ct Sunrise Gold bei PureJewels. Elegante, floral inspirierte Ohrringe, handgefertigt mit Rosettengranulat. Eine zeitlose Mischung aus Erbe und Design.","breadcrumb":{"@id":"https:\/\/www.purejewels.com\/product\/rosette-dawn-hoops-50867\/#breadcrumb"},"inLanguage":"de","potentialAction":[{"@type":"ReadAction","target":["https:\/\/www.purejewels.com\/product\/rosette-dawn-hoops-50867\/"]}]},{"@type":"ImageObject","inLanguage":"de","@id":"https:\/\/www.purejewels.com\/product\/rosette-dawn-hoops-50867\/#primaryimage","url":"https:\/\/static.purejewels.com\/wp-content\/uploads\/2025\/09\/SKU-50867.jpg","contentUrl":"https:\/\/static.purejewels.com\/wp-content\/uploads\/2025\/09\/SKU-50867.jpg","width":1000,"height":1000,"caption":"Rosette Dawn Hoops"},{"@type":"BreadcrumbList","@id":"https:\/\/www.purejewels.com\/product\/rosette-dawn-hoops-50867\/#breadcrumb","itemListElement":[{"@type":"ListItem","position":1,"name":"Home","item":"https:\/\/www.purejewels.com\/"},{"@type":"ListItem","position":2,"name":"Shop","item":"https:\/\/www.purejewels.com\/shop\/"},{"@type":"ListItem","position":3,"name":"Rosette Dawn Hoops"}]},{"@type":"WebSite","@id":"https:\/\/www.purejewels.com\/#website","url":"https:\/\/www.purejewels.com\/","name":"PureJewels UK","description":"Teile die Liebe","publisher":{"@id":"https:\/\/www.purejewels.com\/#organization"},"potentialAction":[{"@type":"SearchAction","target":{"@type":"EntryPoint","urlTemplate":"https:\/\/www.purejewels.com\/?s={search_term_string}"},"query-input":{"@type":"PropertyValueSpecification","valueRequired":true,"valueName":"search_term_string"}}],"inLanguage":"de"},{"@type":"Organization","@id":"https:\/\/www.purejewels.com\/#organization","name":"PureJewels UK","url":"https:\/\/www.purejewels.com\/","logo":{"@type":"ImageObject","inLanguage":"de","@id":"https:\/\/www.purejewels.com\/#\/schema\/logo\/image\/","url":"https:\/\/static.purejewels.com\/wp-content\/uploads\/2020\/11\/Logo-PJ-New-1.png","contentUrl":"https:\/\/static.purejewels.com\/wp-content\/uploads\/2020\/11\/Logo-PJ-New-1.png","width":150,"height":80,"caption":"PureJewels UK"},"image":{"@id":"https:\/\/www.purejewels.com\/#\/schema\/logo\/image\/"}}]}},"_links":{"self":[{"href":"https:\/\/www.purejewels.com\/de\/wp-json\/wp\/v2\/product\/415447","targetHints":{"allow":["GET"]}}],"collection":[{"href":"https:\/\/www.purejewels.com\/de\/wp-json\/wp\/v2\/product"}],"about":[{"href":"https:\/\/www.purejewels.com\/de\/wp-json\/wp\/v2\/types\/product"}],"replies":[{"embeddable":true,"href":"https:\/\/www.purejewels.com\/de\/wp-json\/wp\/v2\/comments?post=415447"}],"version-history":[{"count":1,"href":"https:\/\/www.purejewels.com\/de\/wp-json\/wp\/v2\/product\/415447\/revisions"}],"predecessor-version":[{"id":415453,"href":"https:\/\/www.purejewels.com\/de\/wp-json\/wp\/v2\/product\/415447\/revisions\/415453"}],"wp:featuredmedia":[{"embeddable":true,"href":"https:\/\/www.purejewels.com\/de\/wp-json\/wp\/v2\/media\/415448"}],"wp:attachment":[{"href":"https:\/\/www.purejewels.com\/de\/wp-json\/wp\/v2\/media?parent=415447"}],"wp:term":[{"taxonomy":"product_brand","embeddable":true,"href":"https:\/\/www.purejewels.com\/de\/wp-json\/wp\/v2\/product_brand?post=415447"},{"taxonomy":"product_cat","embeddable":true,"href":"https:\/\/www.purejewels.com\/de\/wp-json\/wp\/v2\/product_cat?post=415447"},{"taxonomy":"product_tag","embeddable":true,"href":"https:\/\/www.purejewels.com\/de\/wp-json\/wp\/v2\/product_tag?post=415447"}],"curies":[{"name":"wp","href":"https:\/\/api.w.org\/{rel}","templated":true}]}}