{"id":415456,"date":"2025-08-16T11:25:18","date_gmt":"2025-08-16T10:25:18","guid":{"rendered":"https:\/\/www.purejewels.com\/?post_type=product&#038;p=415456"},"modified":"2026-02-27T04:18:04","modified_gmt":"2026-02-27T04:18:04","slug":"armband-mit-floralem-geflecht-50407","status":"publish","type":"product","link":"https:\/\/www.purejewels.com\/de\/product\/floral-weave-bracelet-50407\/","title":{"rendered":"Floral Weave Armband | 22ct Gold Rosette Kollektion"},"content":{"rendered":"<p data-start=\"623\" data-end=\"928\">Ein strahlender Ausdruck von Kunstfertigkeit, der <strong data-start=\"661\" data-end=\"686\">Armband mit Blumengeflecht<\/strong> wird in sorgf\u00e4ltiger Handarbeit in <strong data-start=\"718\" data-end=\"731\">22 Karat Gold<\/strong>mit einem verschlungenen Muster aus zarten Blumenrosetten. Die einzelnen Motive sind pr\u00e4zise miteinander verbunden, sodass ein flie\u00dfendes Gitter entsteht, das anmutig am Handgelenk sitzt und St\u00e4rke mit Eleganz verbindet.<\/p>\n<p data-start=\"930\" data-end=\"1280\">Dieser Entwurf geh\u00f6rt zu unserem <strong data-start=\"957\" data-end=\"979\">Kollektion Rosette<\/strong>ein Fest der Reisen, der Meilensteine und der fl\u00fcchtigen, aber unvergesslichen Momente. Das Rosettenmotiv, inspiriert von bl\u00fchenden Bl\u00fctenbl\u00e4ttern, ehrt die Zyklen der Erneuerung und Sch\u00f6nheit der Natur. Jedes Glied dieses Armbands symbolisiert die Einheit - die Art und Weise, wie Geschichten, Traditionen und Erinnerungen \u00fcber Generationen hinweg miteinander verwoben sind.<\/p>\n<p data-start=\"1282\" data-end=\"1579\">G\u00fctesiegel der <strong data-start=\"1300\" data-end=\"1323\">Londoner Bescheinigungsamt<\/strong>die <strong data-start=\"1329\" data-end=\"1354\">Armband mit Blumengeflecht<\/strong> spiegelt das Engagement von PureJewels f\u00fcr traditionelle Handwerkskunst und moderne Raffinesse wider. Seine filigrane Form ist perfekt f\u00fcr besondere Anl\u00e4sse, aber auch zeitlos genug, um ein Erbst\u00fcck zu werden, das Ihre pers\u00f6nliche Geschichte in Gold weitergibt.<\/p>","protected":false},"excerpt":{"rendered":"<p>Ihr Leben ist ein Mosaik aus Momenten, die mit Liebe, Leistung und Erinnerung verwoben sind. Die <strong data-start=\"1934\" data-end=\"1956\">Kollektion Rosette<\/strong> f\u00e4ngt diese Geschichten in zarten Blumenmotiven, skulpturalen Texturen und zeitlosen Silhouetten ein. Jedes St\u00fcck ist ein Andenken an die sch\u00f6nsten Momente im Leben, denn es sch\u00f6pft aus dem Erbe und setzt gleichzeitig auf modernes Design.<\/p>\n<p><strong>Material:<\/strong>\u00a022ct Sonnenaufgang Gold<br \/>\n<strong>Reinheit:<\/strong>\u00a091.6% reines Gold<br \/>\n<strong>Wahrzeichen:<\/strong>\u00a0Britisches G\u00fctesiegel<br \/>\n<strong>SKU:<\/strong> 50407<br \/>\n<strong>Gewicht:<\/strong> 18,91 Gramm<br \/>\n<strong>Breite der Bl\u00fcte:<\/strong> 5 mm<br \/>\n<strong>L\u00e4nge: <\/strong>8 Zoll<\/p>\n<p><strong>Preis und Lieferung:<\/strong>\u00a0Inklusive Mehrwertsteuer und Lieferkosten<br \/>\n<a href=\"https:\/\/www.purejewels.com\/de\/ruckgabepolitik\/\"><strong>R\u00fcckgabepolitik<\/strong><\/a><\/p>","protected":false},"featured_media":415457,"comment_status":"closed","ping_status":"closed","template":"","meta":{"_eb_attr":"","_crsspst_to_jayantr4sg-hostcom":false},"product_brand":[],"product_cat":[1791,236,1790,1324,1627,1229,5586,1656,1574,5349],"product_tag":[5634,5910],"class_list":{"0":"post-415456","1":"product","2":"type-product","3":"status-publish","4":"has-post-thumbnail","6":"product_cat-anniversary-gifts","7":"product_cat-collections","8":"product_cat-for-whom-when","9":"product_cat-gold-bracelet","10":"product_cat-ladies-bracelet","11":"product_cat-22ct-gold-jewellery","12":"product_cat-rosette-bracelet","13":"product_cat-rosettes-collections","14":"product_cat-womens-jewellery","15":"product_cat-yellow-gold-jewellery","16":"product_tag-22ct-gold-bracelet-for-ladies","17":"product_tag-real-gold-bracelet","19":"first","20":"onbackorder","21":"taxable","22":"shipping-taxable","23":"purchasable","24":"product-type-simple","25":"add-to-wishlist-before_image"},"yoast_head":"<!-- This site is optimized with the Yoast SEO plugin v27.4 - https:\/\/yoast.com\/product\/yoast-seo-wordpress\/ -->\n<title>Floral Weave Bracelet | 22ct Gold Rosette Collection \u2013 PureJewels<\/title>\n<meta name=\"description\" content=\"Discover the Floral Weave Bracelet from PureJewels\u2019 Rosette Collection. Handcrafted in 22ct gold, this floral lattice bracelet symbolises cherished moments woven in elegance.\" \/>\n<meta name=\"robots\" content=\"index, follow, max-snippet:-1, max-image-preview:large, max-video-preview:-1\" \/>\n<link rel=\"canonical\" href=\"https:\/\/www.purejewels.com\/de\/produkt-2\/armband-mit-floralem-geflecht-50407\/\" \/>\n<meta property=\"og:locale\" content=\"de_DE\" \/>\n<meta property=\"og:type\" content=\"article\" \/>\n<meta property=\"og:title\" content=\"Floral Weave Bracelet | 22ct Gold Rosette Collection \u2013 PureJewels\" \/>\n<meta property=\"og:description\" content=\"Discover the Floral Weave Bracelet from PureJewels\u2019 Rosette Collection. Handcrafted in 22ct gold, this floral lattice bracelet symbolises cherished moments woven in elegance.\" \/>\n<meta property=\"og:url\" content=\"https:\/\/www.purejewels.com\/de\/produkt-2\/armband-mit-floralem-geflecht-50407\/\" \/>\n<meta property=\"og:site_name\" content=\"PureJewels UK\" \/>\n<meta property=\"article:modified_time\" content=\"2026-02-27T04:18:04+00:00\" \/>\n<meta property=\"og:image\" content=\"https:\/\/static.purejewels.com\/wp-content\/uploads\/2025\/09\/SKU-50407.jpg\" \/>\n\t<meta property=\"og:image:width\" content=\"1000\" \/>\n\t<meta property=\"og:image:height\" content=\"1000\" \/>\n\t<meta property=\"og:image:type\" content=\"image\/jpeg\" \/>\n<meta name=\"twitter:card\" content=\"summary_large_image\" \/>\n<meta name=\"twitter:label1\" content=\"Gesch\u00e4tzte Lesezeit\" \/>\n\t<meta name=\"twitter:data1\" content=\"1\u00a0Minute\" \/>\n<script type=\"application\/ld+json\" class=\"yoast-schema-graph\">{\"@context\":\"https:\\\/\\\/schema.org\",\"@graph\":[{\"@type\":[\"WebPage\",\"ItemPage\"],\"@id\":\"https:\\\/\\\/www.purejewels.com\\\/product\\\/floral-weave-bracelet-50407\\\/\",\"url\":\"https:\\\/\\\/www.purejewels.com\\\/product\\\/floral-weave-bracelet-50407\\\/\",\"name\":\"Floral Weave Bracelet | 22ct Gold Rosette Collection \u2013 PureJewels\",\"isPartOf\":{\"@id\":\"https:\\\/\\\/www.purejewels.com\\\/#website\"},\"primaryImageOfPage\":{\"@id\":\"https:\\\/\\\/www.purejewels.com\\\/product\\\/floral-weave-bracelet-50407\\\/#primaryimage\"},\"image\":{\"@id\":\"https:\\\/\\\/www.purejewels.com\\\/product\\\/floral-weave-bracelet-50407\\\/#primaryimage\"},\"thumbnailUrl\":\"https:\\\/\\\/static.purejewels.com\\\/wp-content\\\/uploads\\\/2025\\\/09\\\/SKU-50407.jpg\",\"datePublished\":\"2025-08-16T10:25:18+00:00\",\"dateModified\":\"2026-02-27T04:18:04+00:00\",\"description\":\"Discover the Floral Weave Bracelet from PureJewels\u2019 Rosette Collection. Handcrafted in 22ct gold, this floral lattice bracelet symbolises cherished moments woven in elegance.\",\"breadcrumb\":{\"@id\":\"https:\\\/\\\/www.purejewels.com\\\/product\\\/floral-weave-bracelet-50407\\\/#breadcrumb\"},\"inLanguage\":\"de\",\"potentialAction\":[{\"@type\":\"ReadAction\",\"target\":[\"https:\\\/\\\/www.purejewels.com\\\/product\\\/floral-weave-bracelet-50407\\\/\"]}]},{\"@type\":\"ImageObject\",\"inLanguage\":\"de\",\"@id\":\"https:\\\/\\\/www.purejewels.com\\\/product\\\/floral-weave-bracelet-50407\\\/#primaryimage\",\"url\":\"https:\\\/\\\/static.purejewels.com\\\/wp-content\\\/uploads\\\/2025\\\/09\\\/SKU-50407.jpg\",\"contentUrl\":\"https:\\\/\\\/static.purejewels.com\\\/wp-content\\\/uploads\\\/2025\\\/09\\\/SKU-50407.jpg\",\"width\":1000,\"height\":1000,\"caption\":\"Floral Weave Bracelet\"},{\"@type\":\"BreadcrumbList\",\"@id\":\"https:\\\/\\\/www.purejewels.com\\\/product\\\/floral-weave-bracelet-50407\\\/#breadcrumb\",\"itemListElement\":[{\"@type\":\"ListItem\",\"position\":1,\"name\":\"Home\",\"item\":\"https:\\\/\\\/www.purejewels.com\\\/\"},{\"@type\":\"ListItem\",\"position\":2,\"name\":\"Shop\",\"item\":\"https:\\\/\\\/www.purejewels.com\\\/shop\\\/\"},{\"@type\":\"ListItem\",\"position\":3,\"name\":\"Floral Weave Bracelet | 22ct Gold Rosette Collection\"}]},{\"@type\":\"WebSite\",\"@id\":\"https:\\\/\\\/www.purejewels.com\\\/#website\",\"url\":\"https:\\\/\\\/www.purejewels.com\\\/\",\"name\":\"PureJewels UK\",\"description\":\"Share the Love\",\"publisher\":{\"@id\":\"https:\\\/\\\/www.purejewels.com\\\/#organization\"},\"potentialAction\":[{\"@type\":\"SearchAction\",\"target\":{\"@type\":\"EntryPoint\",\"urlTemplate\":\"https:\\\/\\\/www.purejewels.com\\\/?s={search_term_string}\"},\"query-input\":{\"@type\":\"PropertyValueSpecification\",\"valueRequired\":true,\"valueName\":\"search_term_string\"}}],\"inLanguage\":\"de\"},{\"@type\":\"Organization\",\"@id\":\"https:\\\/\\\/www.purejewels.com\\\/#organization\",\"name\":\"PureJewels UK\",\"url\":\"https:\\\/\\\/www.purejewels.com\\\/\",\"logo\":{\"@type\":\"ImageObject\",\"inLanguage\":\"de\",\"@id\":\"https:\\\/\\\/www.purejewels.com\\\/#\\\/schema\\\/logo\\\/image\\\/\",\"url\":\"https:\\\/\\\/static.purejewels.com\\\/wp-content\\\/uploads\\\/2020\\\/11\\\/Logo-PJ-New-1.png\",\"contentUrl\":\"https:\\\/\\\/static.purejewels.com\\\/wp-content\\\/uploads\\\/2020\\\/11\\\/Logo-PJ-New-1.png\",\"width\":150,\"height\":80,\"caption\":\"PureJewels UK\"},\"image\":{\"@id\":\"https:\\\/\\\/www.purejewels.com\\\/#\\\/schema\\\/logo\\\/image\\\/\"}}]}<\/script>\n<!-- \/ Yoast SEO plugin. -->","yoast_head_json":{"title":"Floral Weave Armband | 22ct Gold Rosette Kollektion - PureJewels","description":"Entdecken Sie das Floral Weave Armband aus der Rosette Kollektion von PureJewels. Handgefertigt aus 22-kar\u00e4tigem Gold, symbolisiert dieses florale Gitterarmband gesch\u00e4tzte Momente in Eleganz gewebt.","robots":{"index":"index","follow":"follow","max-snippet":"max-snippet:-1","max-image-preview":"max-image-preview:large","max-video-preview":"max-video-preview:-1"},"canonical":"https:\/\/www.purejewels.com\/de\/produkt-2\/armband-mit-floralem-geflecht-50407\/","og_locale":"de_DE","og_type":"article","og_title":"Floral Weave Bracelet | 22ct Gold Rosette Collection \u2013 PureJewels","og_description":"Discover the Floral Weave Bracelet from PureJewels\u2019 Rosette Collection. Handcrafted in 22ct gold, this floral lattice bracelet symbolises cherished moments woven in elegance.","og_url":"https:\/\/www.purejewels.com\/de\/produkt-2\/armband-mit-floralem-geflecht-50407\/","og_site_name":"PureJewels UK","article_modified_time":"2026-02-27T04:18:04+00:00","og_image":[{"width":1000,"height":1000,"url":"https:\/\/static.purejewels.com\/wp-content\/uploads\/2025\/09\/SKU-50407.jpg","type":"image\/jpeg"}],"twitter_card":"summary_large_image","twitter_misc":{"Gesch\u00e4tzte Lesezeit":"1\u00a0Minute"},"schema":{"@context":"https:\/\/schema.org","@graph":[{"@type":["WebPage","ItemPage"],"@id":"https:\/\/www.purejewels.com\/product\/floral-weave-bracelet-50407\/","url":"https:\/\/www.purejewels.com\/product\/floral-weave-bracelet-50407\/","name":"Floral Weave Armband | 22ct Gold Rosette Kollektion - PureJewels","isPartOf":{"@id":"https:\/\/www.purejewels.com\/#website"},"primaryImageOfPage":{"@id":"https:\/\/www.purejewels.com\/product\/floral-weave-bracelet-50407\/#primaryimage"},"image":{"@id":"https:\/\/www.purejewels.com\/product\/floral-weave-bracelet-50407\/#primaryimage"},"thumbnailUrl":"https:\/\/static.purejewels.com\/wp-content\/uploads\/2025\/09\/SKU-50407.jpg","datePublished":"2025-08-16T10:25:18+00:00","dateModified":"2026-02-27T04:18:04+00:00","description":"Entdecken Sie das Floral Weave Armband aus der Rosette Kollektion von PureJewels. Handgefertigt aus 22-kar\u00e4tigem Gold, symbolisiert dieses florale Gitterarmband gesch\u00e4tzte Momente in Eleganz gewebt.","breadcrumb":{"@id":"https:\/\/www.purejewels.com\/product\/floral-weave-bracelet-50407\/#breadcrumb"},"inLanguage":"de","potentialAction":[{"@type":"ReadAction","target":["https:\/\/www.purejewels.com\/product\/floral-weave-bracelet-50407\/"]}]},{"@type":"ImageObject","inLanguage":"de","@id":"https:\/\/www.purejewels.com\/product\/floral-weave-bracelet-50407\/#primaryimage","url":"https:\/\/static.purejewels.com\/wp-content\/uploads\/2025\/09\/SKU-50407.jpg","contentUrl":"https:\/\/static.purejewels.com\/wp-content\/uploads\/2025\/09\/SKU-50407.jpg","width":1000,"height":1000,"caption":"Floral Weave Bracelet"},{"@type":"BreadcrumbList","@id":"https:\/\/www.purejewels.com\/product\/floral-weave-bracelet-50407\/#breadcrumb","itemListElement":[{"@type":"ListItem","position":1,"name":"Home","item":"https:\/\/www.purejewels.com\/"},{"@type":"ListItem","position":2,"name":"Shop","item":"https:\/\/www.purejewels.com\/shop\/"},{"@type":"ListItem","position":3,"name":"Floral Weave Bracelet | 22ct Gold Rosette Collection"}]},{"@type":"WebSite","@id":"https:\/\/www.purejewels.com\/#website","url":"https:\/\/www.purejewels.com\/","name":"PureJewels UK","description":"Teile die Liebe","publisher":{"@id":"https:\/\/www.purejewels.com\/#organization"},"potentialAction":[{"@type":"SearchAction","target":{"@type":"EntryPoint","urlTemplate":"https:\/\/www.purejewels.com\/?s={search_term_string}"},"query-input":{"@type":"PropertyValueSpecification","valueRequired":true,"valueName":"search_term_string"}}],"inLanguage":"de"},{"@type":"Organization","@id":"https:\/\/www.purejewels.com\/#organization","name":"PureJewels UK","url":"https:\/\/www.purejewels.com\/","logo":{"@type":"ImageObject","inLanguage":"de","@id":"https:\/\/www.purejewels.com\/#\/schema\/logo\/image\/","url":"https:\/\/static.purejewels.com\/wp-content\/uploads\/2020\/11\/Logo-PJ-New-1.png","contentUrl":"https:\/\/static.purejewels.com\/wp-content\/uploads\/2020\/11\/Logo-PJ-New-1.png","width":150,"height":80,"caption":"PureJewels UK"},"image":{"@id":"https:\/\/www.purejewels.com\/#\/schema\/logo\/image\/"}}]}},"_links":{"self":[{"href":"https:\/\/www.purejewels.com\/de\/wp-json\/wp\/v2\/product\/415456","targetHints":{"allow":["GET"]}}],"collection":[{"href":"https:\/\/www.purejewels.com\/de\/wp-json\/wp\/v2\/product"}],"about":[{"href":"https:\/\/www.purejewels.com\/de\/wp-json\/wp\/v2\/types\/product"}],"replies":[{"embeddable":true,"href":"https:\/\/www.purejewels.com\/de\/wp-json\/wp\/v2\/comments?post=415456"}],"version-history":[{"count":1,"href":"https:\/\/www.purejewels.com\/de\/wp-json\/wp\/v2\/product\/415456\/revisions"}],"predecessor-version":[{"id":415459,"href":"https:\/\/www.purejewels.com\/de\/wp-json\/wp\/v2\/product\/415456\/revisions\/415459"}],"wp:featuredmedia":[{"embeddable":true,"href":"https:\/\/www.purejewels.com\/de\/wp-json\/wp\/v2\/media\/415457"}],"wp:attachment":[{"href":"https:\/\/www.purejewels.com\/de\/wp-json\/wp\/v2\/media?parent=415456"}],"wp:term":[{"taxonomy":"product_brand","embeddable":true,"href":"https:\/\/www.purejewels.com\/de\/wp-json\/wp\/v2\/product_brand?post=415456"},{"taxonomy":"product_cat","embeddable":true,"href":"https:\/\/www.purejewels.com\/de\/wp-json\/wp\/v2\/product_cat?post=415456"},{"taxonomy":"product_tag","embeddable":true,"href":"https:\/\/www.purejewels.com\/de\/wp-json\/wp\/v2\/product_tag?post=415456"}],"curies":[{"name":"wp","href":"https:\/\/api.w.org\/{rel}","templated":true}]}}