{"id":4160,"date":"2017-07-19T13:25:13","date_gmt":"2017-07-19T12:25:13","guid":{"rendered":"http:\/\/new.purejewels.com\/product\/18ct-white-gold-bangle-2\/"},"modified":"2026-01-10T16:13:50","modified_gmt":"2026-01-10T16:13:50","slug":"diamant-armreif-aus-18-karat-weisgold-22903","status":"publish","type":"product","link":"https:\/\/www.purejewels.com\/de\/product\/18ct-white-gold-diamond-bangle-bracelet-22903\/","title":{"rendered":"18 Karat Wei\u00dfgold Diamant-Armreif | Gelegentliches Tragen | Mittelschwer"},"content":{"rendered":"<p>&nbsp;<\/p>\n<ul>\n<li>Gewicht: 12,67 g<\/li>\n<li>SKU 22903<\/li>\n<\/ul>","protected":false},"excerpt":{"rendered":"<table class=\"sh_desc\">\n<tbody>\n<tr>\n<td>Art des Armreifs<\/td>\n<td>Occasion Wear Armspange Armband<\/td>\n<\/tr>\n<tr>\n<td>SKU<\/td>\n<td>22903<\/td>\n<\/tr>\n<tr>\n<td>Gewicht<\/td>\n<td>12,67 Gramm<\/td>\n<\/tr>\n<tr>\n<td>Metall<\/td>\n<td>18ct Wei\u00dfgold<\/td>\n<\/tr>\n<tr>\n<td>Armreif Gr\u00f6\u00dfe<\/td>\n<td>Kann auf Bestellung in allen Gr\u00f6\u00dfen hergestellt werden<\/td>\n<\/tr>\n<tr>\n<td>Wahrzeichen<\/td>\n<td>18ct Gold gestempelt von London Assay Office<\/td>\n<\/tr>\n<tr>\n<td>Entgelte<\/td>\n<td>Lieferung und Mehrwertsteuer inbegriffen<\/td>\n<\/tr>\n<tr>\n<td>Verpackung<\/td>\n<td>Mit Pr\u00e4sentationsbox<\/td>\n<\/tr>\n<tr>\n<td>Mehr Informationen<\/td>\n<td>\n<ul>\n<li>Hinweis: Der hier angegebene Preis gilt f\u00fcr ein einzelnes Armband.<\/li>\n<li>Live-Chat mit uns f\u00fcr Verf\u00fcgbarkeit und mehr Bilder<\/li>\n<\/ul>\n<\/td>\n<\/tr>\n<\/tbody>\n<\/table>","protected":false},"featured_media":4161,"comment_status":"closed","ping_status":"closed","template":"","meta":{"_eb_attr":"","_crsspst_to_jayantr4sg-hostcom":true},"product_brand":[],"product_cat":[1791,1659,1794,1533,1233,5271,1657,1569,1537,1574],"product_tag":[4123],"class_list":{"0":"post-4160","1":"product","2":"type-product","3":"status-publish","4":"has-post-thumbnail","6":"product_cat-anniversary-gifts","7":"product_cat-bridal-and-party-wear-gold-kada-bangle","8":"product_cat-christmas-gifts","9":"product_cat-diamond-jewellery-set","10":"product_cat-gold-bangles","11":"product_cat-occasion-wear-bangles","12":"product_cat-single-bangle","13":"product_cat-valentine-day-gifts","14":"product_cat-white-gold-jewellery-set","15":"product_cat-womens-jewellery","16":"product_tag-gold-bracelets-for-sale","18":"first","19":"outofstock","20":"sale","21":"taxable","22":"shipping-taxable","23":"product-type-simple","24":"add-to-wishlist-before_image"},"yoast_head":"<!-- This site is optimized with the Yoast SEO plugin v27.3 - https:\/\/yoast.com\/product\/yoast-seo-wordpress\/ -->\n<title>18ct White Gold Diamond Bangle for special occasion<\/title>\n<meta name=\"description\" content=\"Click here to order this beautiful bangle bracelet in 18ct white gold with real diamonds. Can be made to order in all sizes.\" \/>\n<meta name=\"robots\" content=\"index, follow, max-snippet:-1, max-image-preview:large, max-video-preview:-1\" \/>\n<link rel=\"canonical\" href=\"https:\/\/www.purejewels.com\/de\/produkt-2\/diamant-armreif-aus-18-karat-weisgold-22903\/\" \/>\n<meta property=\"og:locale\" content=\"de_DE\" \/>\n<meta property=\"og:type\" content=\"article\" \/>\n<meta property=\"og:title\" content=\"18ct White Gold Diamond Bangle for special occasion\" \/>\n<meta property=\"og:description\" content=\"Click here to order this beautiful bangle bracelet in 18ct white gold with real diamonds. Can be made to order in all sizes.\" \/>\n<meta property=\"og:url\" content=\"https:\/\/www.purejewels.com\/de\/produkt-2\/diamant-armreif-aus-18-karat-weisgold-22903\/\" \/>\n<meta property=\"og:site_name\" content=\"PureJewels UK\" \/>\n<meta property=\"article:modified_time\" content=\"2026-01-10T16:13:50+00:00\" \/>\n<meta property=\"og:image\" content=\"https:\/\/www.purejewels.com\/wp-content\/uploads\/2017\/07\/bangle_22903_new-2.jpg\" \/>\n\t<meta property=\"og:image:width\" content=\"960\" \/>\n\t<meta property=\"og:image:height\" content=\"960\" \/>\n\t<meta property=\"og:image:type\" content=\"image\/jpeg\" \/>\n<meta name=\"twitter:card\" content=\"summary_large_image\" \/>\n<script type=\"application\/ld+json\" class=\"yoast-schema-graph\">{\"@context\":\"https:\\\/\\\/schema.org\",\"@graph\":[{\"@type\":[\"WebPage\",\"ItemPage\"],\"@id\":\"https:\\\/\\\/www.purejewels.com\\\/product\\\/18ct-white-gold-diamond-bangle-bracelet-22903\\\/\",\"url\":\"https:\\\/\\\/www.purejewels.com\\\/product\\\/18ct-white-gold-diamond-bangle-bracelet-22903\\\/\",\"name\":\"18ct White Gold Diamond Bangle for special occasion\",\"isPartOf\":{\"@id\":\"https:\\\/\\\/www.purejewels.com\\\/#website\"},\"primaryImageOfPage\":{\"@id\":\"https:\\\/\\\/www.purejewels.com\\\/product\\\/18ct-white-gold-diamond-bangle-bracelet-22903\\\/#primaryimage\"},\"image\":{\"@id\":\"https:\\\/\\\/www.purejewels.com\\\/product\\\/18ct-white-gold-diamond-bangle-bracelet-22903\\\/#primaryimage\"},\"thumbnailUrl\":\"https:\\\/\\\/static.purejewels.com\\\/wp-content\\\/uploads\\\/2017\\\/07\\\/bangle_22903_new-2.jpg\",\"datePublished\":\"2017-07-19T12:25:13+00:00\",\"dateModified\":\"2026-01-10T16:13:50+00:00\",\"description\":\"Click here to order this beautiful bangle bracelet in 18ct white gold with real diamonds. Can be made to order in all sizes.\",\"breadcrumb\":{\"@id\":\"https:\\\/\\\/www.purejewels.com\\\/product\\\/18ct-white-gold-diamond-bangle-bracelet-22903\\\/#breadcrumb\"},\"inLanguage\":\"de\",\"potentialAction\":[{\"@type\":\"ReadAction\",\"target\":[\"https:\\\/\\\/www.purejewels.com\\\/product\\\/18ct-white-gold-diamond-bangle-bracelet-22903\\\/\"]}]},{\"@type\":\"ImageObject\",\"inLanguage\":\"de\",\"@id\":\"https:\\\/\\\/www.purejewels.com\\\/product\\\/18ct-white-gold-diamond-bangle-bracelet-22903\\\/#primaryimage\",\"url\":\"https:\\\/\\\/static.purejewels.com\\\/wp-content\\\/uploads\\\/2017\\\/07\\\/bangle_22903_new-2.jpg\",\"contentUrl\":\"https:\\\/\\\/static.purejewels.com\\\/wp-content\\\/uploads\\\/2017\\\/07\\\/bangle_22903_new-2.jpg\",\"width\":960,\"height\":960,\"caption\":\"bangle_22903_new.jpg\"},{\"@type\":\"BreadcrumbList\",\"@id\":\"https:\\\/\\\/www.purejewels.com\\\/product\\\/18ct-white-gold-diamond-bangle-bracelet-22903\\\/#breadcrumb\",\"itemListElement\":[{\"@type\":\"ListItem\",\"position\":1,\"name\":\"Home\",\"item\":\"https:\\\/\\\/www.purejewels.com\\\/\"},{\"@type\":\"ListItem\",\"position\":2,\"name\":\"Shop\",\"item\":\"https:\\\/\\\/www.purejewels.com\\\/shop\\\/\"},{\"@type\":\"ListItem\",\"position\":3,\"name\":\"18ct White Gold Diamond Bangle | Occasional Wear | Mediumweight\"}]},{\"@type\":\"WebSite\",\"@id\":\"https:\\\/\\\/www.purejewels.com\\\/#website\",\"url\":\"https:\\\/\\\/www.purejewels.com\\\/\",\"name\":\"PureJewels UK\",\"description\":\"Share the Love\",\"publisher\":{\"@id\":\"https:\\\/\\\/www.purejewels.com\\\/#organization\"},\"potentialAction\":[{\"@type\":\"SearchAction\",\"target\":{\"@type\":\"EntryPoint\",\"urlTemplate\":\"https:\\\/\\\/www.purejewels.com\\\/?s={search_term_string}\"},\"query-input\":{\"@type\":\"PropertyValueSpecification\",\"valueRequired\":true,\"valueName\":\"search_term_string\"}}],\"inLanguage\":\"de\"},{\"@type\":\"Organization\",\"@id\":\"https:\\\/\\\/www.purejewels.com\\\/#organization\",\"name\":\"PureJewels UK\",\"url\":\"https:\\\/\\\/www.purejewels.com\\\/\",\"logo\":{\"@type\":\"ImageObject\",\"inLanguage\":\"de\",\"@id\":\"https:\\\/\\\/www.purejewels.com\\\/#\\\/schema\\\/logo\\\/image\\\/\",\"url\":\"https:\\\/\\\/static.purejewels.com\\\/wp-content\\\/uploads\\\/2020\\\/11\\\/Logo-PJ-New-1.png\",\"contentUrl\":\"https:\\\/\\\/static.purejewels.com\\\/wp-content\\\/uploads\\\/2020\\\/11\\\/Logo-PJ-New-1.png\",\"width\":150,\"height\":80,\"caption\":\"PureJewels UK\"},\"image\":{\"@id\":\"https:\\\/\\\/www.purejewels.com\\\/#\\\/schema\\\/logo\\\/image\\\/\"}}]}<\/script>\n<!-- \/ Yoast SEO plugin. -->","yoast_head_json":{"title":"Diamant-Armreif aus 18 Karat Wei\u00dfgold f\u00fcr besondere Anl\u00e4sse","description":"Klicken Sie hier, um diesen sch\u00f6nen Armreif aus 18 Karat Wei\u00dfgold mit echten Diamanten zu bestellen. Kann auf Bestellung in allen Gr\u00f6\u00dfen hergestellt werden.","robots":{"index":"index","follow":"follow","max-snippet":"max-snippet:-1","max-image-preview":"max-image-preview:large","max-video-preview":"max-video-preview:-1"},"canonical":"https:\/\/www.purejewels.com\/de\/produkt-2\/diamant-armreif-aus-18-karat-weisgold-22903\/","og_locale":"de_DE","og_type":"article","og_title":"18ct White Gold Diamond Bangle for special occasion","og_description":"Click here to order this beautiful bangle bracelet in 18ct white gold with real diamonds. Can be made to order in all sizes.","og_url":"https:\/\/www.purejewels.com\/de\/produkt-2\/diamant-armreif-aus-18-karat-weisgold-22903\/","og_site_name":"PureJewels UK","article_modified_time":"2026-01-10T16:13:50+00:00","og_image":[{"width":960,"height":960,"url":"https:\/\/www.purejewels.com\/wp-content\/uploads\/2017\/07\/bangle_22903_new-2.jpg","type":"image\/jpeg"}],"twitter_card":"summary_large_image","schema":{"@context":"https:\/\/schema.org","@graph":[{"@type":["WebPage","ItemPage"],"@id":"https:\/\/www.purejewels.com\/product\/18ct-white-gold-diamond-bangle-bracelet-22903\/","url":"https:\/\/www.purejewels.com\/product\/18ct-white-gold-diamond-bangle-bracelet-22903\/","name":"Diamant-Armreif aus 18 Karat Wei\u00dfgold f\u00fcr besondere Anl\u00e4sse","isPartOf":{"@id":"https:\/\/www.purejewels.com\/#website"},"primaryImageOfPage":{"@id":"https:\/\/www.purejewels.com\/product\/18ct-white-gold-diamond-bangle-bracelet-22903\/#primaryimage"},"image":{"@id":"https:\/\/www.purejewels.com\/product\/18ct-white-gold-diamond-bangle-bracelet-22903\/#primaryimage"},"thumbnailUrl":"https:\/\/static.purejewels.com\/wp-content\/uploads\/2017\/07\/bangle_22903_new-2.jpg","datePublished":"2017-07-19T12:25:13+00:00","dateModified":"2026-01-10T16:13:50+00:00","description":"Klicken Sie hier, um diesen sch\u00f6nen Armreif aus 18 Karat Wei\u00dfgold mit echten Diamanten zu bestellen. Kann auf Bestellung in allen Gr\u00f6\u00dfen hergestellt werden.","breadcrumb":{"@id":"https:\/\/www.purejewels.com\/product\/18ct-white-gold-diamond-bangle-bracelet-22903\/#breadcrumb"},"inLanguage":"de","potentialAction":[{"@type":"ReadAction","target":["https:\/\/www.purejewels.com\/product\/18ct-white-gold-diamond-bangle-bracelet-22903\/"]}]},{"@type":"ImageObject","inLanguage":"de","@id":"https:\/\/www.purejewels.com\/product\/18ct-white-gold-diamond-bangle-bracelet-22903\/#primaryimage","url":"https:\/\/static.purejewels.com\/wp-content\/uploads\/2017\/07\/bangle_22903_new-2.jpg","contentUrl":"https:\/\/static.purejewels.com\/wp-content\/uploads\/2017\/07\/bangle_22903_new-2.jpg","width":960,"height":960,"caption":"bangle_22903_new.jpg"},{"@type":"BreadcrumbList","@id":"https:\/\/www.purejewels.com\/product\/18ct-white-gold-diamond-bangle-bracelet-22903\/#breadcrumb","itemListElement":[{"@type":"ListItem","position":1,"name":"Home","item":"https:\/\/www.purejewels.com\/"},{"@type":"ListItem","position":2,"name":"Shop","item":"https:\/\/www.purejewels.com\/shop\/"},{"@type":"ListItem","position":3,"name":"18ct White Gold Diamond Bangle | Occasional Wear | Mediumweight"}]},{"@type":"WebSite","@id":"https:\/\/www.purejewels.com\/#website","url":"https:\/\/www.purejewels.com\/","name":"PureJewels UK","description":"Teile die Liebe","publisher":{"@id":"https:\/\/www.purejewels.com\/#organization"},"potentialAction":[{"@type":"SearchAction","target":{"@type":"EntryPoint","urlTemplate":"https:\/\/www.purejewels.com\/?s={search_term_string}"},"query-input":{"@type":"PropertyValueSpecification","valueRequired":true,"valueName":"search_term_string"}}],"inLanguage":"de"},{"@type":"Organization","@id":"https:\/\/www.purejewels.com\/#organization","name":"PureJewels UK","url":"https:\/\/www.purejewels.com\/","logo":{"@type":"ImageObject","inLanguage":"de","@id":"https:\/\/www.purejewels.com\/#\/schema\/logo\/image\/","url":"https:\/\/static.purejewels.com\/wp-content\/uploads\/2020\/11\/Logo-PJ-New-1.png","contentUrl":"https:\/\/static.purejewels.com\/wp-content\/uploads\/2020\/11\/Logo-PJ-New-1.png","width":150,"height":80,"caption":"PureJewels UK"},"image":{"@id":"https:\/\/www.purejewels.com\/#\/schema\/logo\/image\/"}}]}},"_links":{"self":[{"href":"https:\/\/www.purejewels.com\/de\/wp-json\/wp\/v2\/product\/4160","targetHints":{"allow":["GET"]}}],"collection":[{"href":"https:\/\/www.purejewels.com\/de\/wp-json\/wp\/v2\/product"}],"about":[{"href":"https:\/\/www.purejewels.com\/de\/wp-json\/wp\/v2\/types\/product"}],"replies":[{"embeddable":true,"href":"https:\/\/www.purejewels.com\/de\/wp-json\/wp\/v2\/comments?post=4160"}],"version-history":[{"count":1,"href":"https:\/\/www.purejewels.com\/de\/wp-json\/wp\/v2\/product\/4160\/revisions"}],"predecessor-version":[{"id":393037,"href":"https:\/\/www.purejewels.com\/de\/wp-json\/wp\/v2\/product\/4160\/revisions\/393037"}],"wp:featuredmedia":[{"embeddable":true,"href":"https:\/\/www.purejewels.com\/de\/wp-json\/wp\/v2\/media\/4161"}],"wp:attachment":[{"href":"https:\/\/www.purejewels.com\/de\/wp-json\/wp\/v2\/media?parent=4160"}],"wp:term":[{"taxonomy":"product_brand","embeddable":true,"href":"https:\/\/www.purejewels.com\/de\/wp-json\/wp\/v2\/product_brand?post=4160"},{"taxonomy":"product_cat","embeddable":true,"href":"https:\/\/www.purejewels.com\/de\/wp-json\/wp\/v2\/product_cat?post=4160"},{"taxonomy":"product_tag","embeddable":true,"href":"https:\/\/www.purejewels.com\/de\/wp-json\/wp\/v2\/product_tag?post=4160"}],"curies":[{"name":"wp","href":"https:\/\/api.w.org\/{rel}","templated":true}]}}