{"id":416622,"date":"2025-09-01T10:55:09","date_gmt":"2025-09-01T09:55:09","guid":{"rendered":"https:\/\/www.purejewels.com\/?post_type=product&#038;p=416622"},"modified":"2026-02-14T17:07:06","modified_gmt":"2026-02-14T17:07:06","slug":"armari-22ct-gold-band-ring","status":"publish","type":"product","link":"https:\/\/www.purejewels.com\/de\/product\/armari-22ct-gold-band-ring\/","title":{"rendered":"Armari 22ct Gold Band Ring"},"content":{"rendered":"<h3>Designkonzept<\/h3>\n<p>Das 3-lagige Armari-Band ist von der sch\u00fctzenden Kraft einer R\u00fcstung inspiriert, die als Symbol der St\u00e4rke in Schmuck umgesetzt wird. Sein offenes Gitterdesign, umrahmt von Seilkanten und punktiert mit polierten Scheiben, wird durch ein Antik-Finish aufgewertet, das ihm Tiefe, Charakter und zeitlosen Reiz verleiht.<\/p>\n<h3>Handwerkliches K\u00f6nnen<\/h3>\n<p>Das aus 22-kar\u00e4tigem Gold gefertigte Band wurde mit traditionellen Techniken geformt, die ein Gleichgewicht zwischen Struktur und Eleganz schaffen. Jede Schicht ist sorgf\u00e4ltig verarbeitet, wobei das Antik-Finish das filigrane Gitterwerk hervorhebt und dem Ring eine erlesene Qualit\u00e4t verleiht, die an ein Erbst\u00fcck erinnert.<\/p>\n<h3>Styling-Tipps<\/h3>\n<p>Dieser Ring kann als k\u00fchnes Statement bei Galas oder traditionellen Feierlichkeiten getragen oder als Sammlerst\u00fcck gesch\u00e4tzt werden, das dem Alltagsstil eine einzigartige Note verleiht. Seine Pr\u00e4senz macht ihn zum idealen Einzelst\u00fcck, aber er l\u00e4sst sich auch wunderbar mit schlichten Goldarmb\u00e4ndern kombinieren.<\/p>","protected":false},"excerpt":{"rendered":"<p>Das dreilagige Armari-Band aus 22-kar\u00e4tigem Gold hat ein antikes Finish mit einem Gitterwerk mit Seilkanten und polierten Scheiben. Inspiriert von traditionellen R\u00fcstungen ist es ein Statement der St\u00e4rke und Kraft, vielseitig f\u00fcr gro\u00dfe Anl\u00e4sse oder den Alltag.<\/p>\n<p><strong>Material:<\/strong> 22ct Gold (91,6% reines Gold)<br \/>\n<strong>Wahrzeichen:<\/strong>\u00a0Britisches G\u00fctesiegel<br \/>\n<strong>Bruttogewichtsbereich:<\/strong> 2.7- 3.3 Gms<br \/>\n<strong>Ringgr\u00f6\u00dfe:<\/strong> Erh\u00e4ltlich in verschiedenen Gr\u00f6\u00dfen<br \/>\n<strong>Breite:<\/strong> 8,5 mm - 9 mm<br \/>\n<strong>SKU:\u00a0<\/strong>52990, 52257, 51466, 51464, 51463, 51462, 51461, 51459, 51454, 51453, 51452<\/p>\n<p><strong>Preis und Lieferung<\/strong>: Inklusive Mehrwertsteuer und Lieferkosten<br \/>\nInternationaler Versand auf Anfrage m\u00f6glich<br \/>\n<a href=\"https:\/\/www.purejewels.com\/de\/ruckgabepolitik\/\">R\u00fcckgabepolitik<\/a><\/p>","protected":false},"featured_media":392069,"comment_status":"closed","ping_status":"closed","template":"","meta":{"_eb_attr":"","_crsspst_to_jayantr4sg-hostcom":false},"product_brand":[],"product_cat":[1791,6158,245,5642,236,1793,1792,1790,1229,1235,1783,1786],"product_tag":[],"class_list":{"0":"post-416622","1":"product","2":"type-product","3":"status-publish","4":"has-post-thumbnail","6":"product_cat-anniversary-gifts","7":"product_cat-armari-band","8":"product_cat-armari-collections","9":"product_cat-armari-ring","10":"product_cat-collections","11":"product_cat-diwali-gifts","12":"product_cat-festival-gifts","13":"product_cat-for-whom-when","14":"product_cat-22ct-gold-jewellery","15":"product_cat-gold-rings","16":"product_cat-ladies-rings","17":"product_cat-occasional-wear-rings","19":"first","20":"instock","21":"taxable","22":"shipping-taxable","23":"purchasable","24":"product-type-variable","25":"add-to-wishlist-before_image"},"yoast_head":"<!-- This site is optimized with the Yoast SEO plugin v27.3 - https:\/\/yoast.com\/product\/yoast-seo-wordpress\/ -->\n<title>22ct Handcrafted Armari Collection Ring | London Atelier Jewelry<\/title>\n<meta name=\"description\" content=\"Explore the 22ct handcrafted Armari Collection Ring designed and assembled at our London Atelier. A timeless blend of traditional craftsmanship.\" \/>\n<meta name=\"robots\" content=\"index, follow, max-snippet:-1, max-image-preview:large, max-video-preview:-1\" \/>\n<link rel=\"canonical\" href=\"https:\/\/www.purejewels.com\/de\/produkt-2\/armari-22ct-gold-band-ring\/\" \/>\n<meta property=\"og:locale\" content=\"de_DE\" \/>\n<meta property=\"og:type\" content=\"article\" \/>\n<meta property=\"og:title\" content=\"22ct Handcrafted Armari Collection Ring | London Atelier Jewelry\" \/>\n<meta property=\"og:description\" content=\"Explore the 22ct handcrafted Armari Collection Ring designed and assembled at our London Atelier. A timeless blend of traditional craftsmanship.\" \/>\n<meta property=\"og:url\" content=\"https:\/\/www.purejewels.com\/de\/produkt-2\/armari-22ct-gold-band-ring\/\" \/>\n<meta property=\"og:site_name\" content=\"PureJewels UK\" \/>\n<meta property=\"article:modified_time\" content=\"2026-02-14T17:07:06+00:00\" \/>\n<meta property=\"og:image\" content=\"https:\/\/static.purejewels.com\/wp-content\/uploads\/2025\/01\/51459.png\" \/>\n\t<meta property=\"og:image:width\" content=\"1000\" \/>\n\t<meta property=\"og:image:height\" content=\"1000\" \/>\n\t<meta property=\"og:image:type\" content=\"image\/png\" \/>\n<meta name=\"twitter:card\" content=\"summary_large_image\" \/>\n<meta name=\"twitter:label1\" content=\"Gesch\u00e4tzte Lesezeit\" \/>\n\t<meta name=\"twitter:data1\" content=\"1\u00a0Minute\" \/>\n<script type=\"application\/ld+json\" class=\"yoast-schema-graph\">{\"@context\":\"https:\\\/\\\/schema.org\",\"@graph\":[{\"@type\":[\"WebPage\",\"ItemPage\"],\"@id\":\"https:\\\/\\\/www.purejewels.com\\\/product\\\/armari-22ct-gold-band-ring\\\/\",\"url\":\"https:\\\/\\\/www.purejewels.com\\\/product\\\/armari-22ct-gold-band-ring\\\/\",\"name\":\"22ct Handcrafted Armari Collection Ring | London Atelier Jewelry\",\"isPartOf\":{\"@id\":\"https:\\\/\\\/www.purejewels.com\\\/#website\"},\"primaryImageOfPage\":{\"@id\":\"https:\\\/\\\/www.purejewels.com\\\/product\\\/armari-22ct-gold-band-ring\\\/#primaryimage\"},\"image\":{\"@id\":\"https:\\\/\\\/www.purejewels.com\\\/product\\\/armari-22ct-gold-band-ring\\\/#primaryimage\"},\"thumbnailUrl\":\"https:\\\/\\\/static.purejewels.com\\\/wp-content\\\/uploads\\\/2025\\\/01\\\/51459.png\",\"datePublished\":\"2025-09-01T09:55:09+00:00\",\"dateModified\":\"2026-02-14T17:07:06+00:00\",\"description\":\"Explore the 22ct handcrafted Armari Collection Ring designed and assembled at our London Atelier. A timeless blend of traditional craftsmanship.\",\"breadcrumb\":{\"@id\":\"https:\\\/\\\/www.purejewels.com\\\/product\\\/armari-22ct-gold-band-ring\\\/#breadcrumb\"},\"inLanguage\":\"de\",\"potentialAction\":[{\"@type\":\"ReadAction\",\"target\":[\"https:\\\/\\\/www.purejewels.com\\\/product\\\/armari-22ct-gold-band-ring\\\/\"]}]},{\"@type\":\"ImageObject\",\"inLanguage\":\"de\",\"@id\":\"https:\\\/\\\/www.purejewels.com\\\/product\\\/armari-22ct-gold-band-ring\\\/#primaryimage\",\"url\":\"https:\\\/\\\/static.purejewels.com\\\/wp-content\\\/uploads\\\/2025\\\/01\\\/51459.png\",\"contentUrl\":\"https:\\\/\\\/static.purejewels.com\\\/wp-content\\\/uploads\\\/2025\\\/01\\\/51459.png\",\"width\":1000,\"height\":1000,\"caption\":\"22ct Gold Unisex Band\"},{\"@type\":\"BreadcrumbList\",\"@id\":\"https:\\\/\\\/www.purejewels.com\\\/product\\\/armari-22ct-gold-band-ring\\\/#breadcrumb\",\"itemListElement\":[{\"@type\":\"ListItem\",\"position\":1,\"name\":\"Home\",\"item\":\"https:\\\/\\\/www.purejewels.com\\\/\"},{\"@type\":\"ListItem\",\"position\":2,\"name\":\"Shop\",\"item\":\"https:\\\/\\\/www.purejewels.com\\\/shop\\\/\"},{\"@type\":\"ListItem\",\"position\":3,\"name\":\"Armari 22ct Gold Band Ring\"}]},{\"@type\":\"WebSite\",\"@id\":\"https:\\\/\\\/www.purejewels.com\\\/#website\",\"url\":\"https:\\\/\\\/www.purejewels.com\\\/\",\"name\":\"PureJewels UK\",\"description\":\"Share the Love\",\"publisher\":{\"@id\":\"https:\\\/\\\/www.purejewels.com\\\/#organization\"},\"potentialAction\":[{\"@type\":\"SearchAction\",\"target\":{\"@type\":\"EntryPoint\",\"urlTemplate\":\"https:\\\/\\\/www.purejewels.com\\\/?s={search_term_string}\"},\"query-input\":{\"@type\":\"PropertyValueSpecification\",\"valueRequired\":true,\"valueName\":\"search_term_string\"}}],\"inLanguage\":\"de\"},{\"@type\":\"Organization\",\"@id\":\"https:\\\/\\\/www.purejewels.com\\\/#organization\",\"name\":\"PureJewels UK\",\"url\":\"https:\\\/\\\/www.purejewels.com\\\/\",\"logo\":{\"@type\":\"ImageObject\",\"inLanguage\":\"de\",\"@id\":\"https:\\\/\\\/www.purejewels.com\\\/#\\\/schema\\\/logo\\\/image\\\/\",\"url\":\"https:\\\/\\\/static.purejewels.com\\\/wp-content\\\/uploads\\\/2020\\\/11\\\/Logo-PJ-New-1.png\",\"contentUrl\":\"https:\\\/\\\/static.purejewels.com\\\/wp-content\\\/uploads\\\/2020\\\/11\\\/Logo-PJ-New-1.png\",\"width\":150,\"height\":80,\"caption\":\"PureJewels UK\"},\"image\":{\"@id\":\"https:\\\/\\\/www.purejewels.com\\\/#\\\/schema\\\/logo\\\/image\\\/\"}}]}<\/script>\n<!-- \/ Yoast SEO plugin. -->","yoast_head_json":{"title":"22ct Handcrafted Armari Sammlung Ring | London Atelier Schmuck","description":"Entdecken Sie den handgefertigten 22-Karat-Ring der Armari-Kollektion, der in unserem Londoner Atelier entworfen und zusammengesetzt wurde. Eine zeitlose Mischung aus traditioneller Handwerkskunst.","robots":{"index":"index","follow":"follow","max-snippet":"max-snippet:-1","max-image-preview":"max-image-preview:large","max-video-preview":"max-video-preview:-1"},"canonical":"https:\/\/www.purejewels.com\/de\/produkt-2\/armari-22ct-gold-band-ring\/","og_locale":"de_DE","og_type":"article","og_title":"22ct Handcrafted Armari Collection Ring | London Atelier Jewelry","og_description":"Explore the 22ct handcrafted Armari Collection Ring designed and assembled at our London Atelier. A timeless blend of traditional craftsmanship.","og_url":"https:\/\/www.purejewels.com\/de\/produkt-2\/armari-22ct-gold-band-ring\/","og_site_name":"PureJewels UK","article_modified_time":"2026-02-14T17:07:06+00:00","og_image":[{"width":1000,"height":1000,"url":"https:\/\/static.purejewels.com\/wp-content\/uploads\/2025\/01\/51459.png","type":"image\/png"}],"twitter_card":"summary_large_image","twitter_misc":{"Gesch\u00e4tzte Lesezeit":"1\u00a0Minute"},"schema":{"@context":"https:\/\/schema.org","@graph":[{"@type":["WebPage","ItemPage"],"@id":"https:\/\/www.purejewels.com\/product\/armari-22ct-gold-band-ring\/","url":"https:\/\/www.purejewels.com\/product\/armari-22ct-gold-band-ring\/","name":"22ct Handcrafted Armari Sammlung Ring | London Atelier Schmuck","isPartOf":{"@id":"https:\/\/www.purejewels.com\/#website"},"primaryImageOfPage":{"@id":"https:\/\/www.purejewels.com\/product\/armari-22ct-gold-band-ring\/#primaryimage"},"image":{"@id":"https:\/\/www.purejewels.com\/product\/armari-22ct-gold-band-ring\/#primaryimage"},"thumbnailUrl":"https:\/\/static.purejewels.com\/wp-content\/uploads\/2025\/01\/51459.png","datePublished":"2025-09-01T09:55:09+00:00","dateModified":"2026-02-14T17:07:06+00:00","description":"Entdecken Sie den handgefertigten 22-Karat-Ring der Armari-Kollektion, der in unserem Londoner Atelier entworfen und zusammengesetzt wurde. Eine zeitlose Mischung aus traditioneller Handwerkskunst.","breadcrumb":{"@id":"https:\/\/www.purejewels.com\/product\/armari-22ct-gold-band-ring\/#breadcrumb"},"inLanguage":"de","potentialAction":[{"@type":"ReadAction","target":["https:\/\/www.purejewels.com\/product\/armari-22ct-gold-band-ring\/"]}]},{"@type":"ImageObject","inLanguage":"de","@id":"https:\/\/www.purejewels.com\/product\/armari-22ct-gold-band-ring\/#primaryimage","url":"https:\/\/static.purejewels.com\/wp-content\/uploads\/2025\/01\/51459.png","contentUrl":"https:\/\/static.purejewels.com\/wp-content\/uploads\/2025\/01\/51459.png","width":1000,"height":1000,"caption":"22ct Gold Unisex Band"},{"@type":"BreadcrumbList","@id":"https:\/\/www.purejewels.com\/product\/armari-22ct-gold-band-ring\/#breadcrumb","itemListElement":[{"@type":"ListItem","position":1,"name":"Home","item":"https:\/\/www.purejewels.com\/"},{"@type":"ListItem","position":2,"name":"Shop","item":"https:\/\/www.purejewels.com\/shop\/"},{"@type":"ListItem","position":3,"name":"Armari 22ct Gold Band Ring"}]},{"@type":"WebSite","@id":"https:\/\/www.purejewels.com\/#website","url":"https:\/\/www.purejewels.com\/","name":"PureJewels UK","description":"Teile die Liebe","publisher":{"@id":"https:\/\/www.purejewels.com\/#organization"},"potentialAction":[{"@type":"SearchAction","target":{"@type":"EntryPoint","urlTemplate":"https:\/\/www.purejewels.com\/?s={search_term_string}"},"query-input":{"@type":"PropertyValueSpecification","valueRequired":true,"valueName":"search_term_string"}}],"inLanguage":"de"},{"@type":"Organization","@id":"https:\/\/www.purejewels.com\/#organization","name":"PureJewels UK","url":"https:\/\/www.purejewels.com\/","logo":{"@type":"ImageObject","inLanguage":"de","@id":"https:\/\/www.purejewels.com\/#\/schema\/logo\/image\/","url":"https:\/\/static.purejewels.com\/wp-content\/uploads\/2020\/11\/Logo-PJ-New-1.png","contentUrl":"https:\/\/static.purejewels.com\/wp-content\/uploads\/2020\/11\/Logo-PJ-New-1.png","width":150,"height":80,"caption":"PureJewels UK"},"image":{"@id":"https:\/\/www.purejewels.com\/#\/schema\/logo\/image\/"}}]}},"_links":{"self":[{"href":"https:\/\/www.purejewels.com\/de\/wp-json\/wp\/v2\/product\/416622","targetHints":{"allow":["GET"]}}],"collection":[{"href":"https:\/\/www.purejewels.com\/de\/wp-json\/wp\/v2\/product"}],"about":[{"href":"https:\/\/www.purejewels.com\/de\/wp-json\/wp\/v2\/types\/product"}],"replies":[{"embeddable":true,"href":"https:\/\/www.purejewels.com\/de\/wp-json\/wp\/v2\/comments?post=416622"}],"version-history":[{"count":3,"href":"https:\/\/www.purejewels.com\/de\/wp-json\/wp\/v2\/product\/416622\/revisions"}],"predecessor-version":[{"id":416670,"href":"https:\/\/www.purejewels.com\/de\/wp-json\/wp\/v2\/product\/416622\/revisions\/416670"}],"wp:featuredmedia":[{"embeddable":true,"href":"https:\/\/www.purejewels.com\/de\/wp-json\/wp\/v2\/media\/392069"}],"wp:attachment":[{"href":"https:\/\/www.purejewels.com\/de\/wp-json\/wp\/v2\/media?parent=416622"}],"wp:term":[{"taxonomy":"product_brand","embeddable":true,"href":"https:\/\/www.purejewels.com\/de\/wp-json\/wp\/v2\/product_brand?post=416622"},{"taxonomy":"product_cat","embeddable":true,"href":"https:\/\/www.purejewels.com\/de\/wp-json\/wp\/v2\/product_cat?post=416622"},{"taxonomy":"product_tag","embeddable":true,"href":"https:\/\/www.purejewels.com\/de\/wp-json\/wp\/v2\/product_tag?post=416622"}],"curies":[{"name":"wp","href":"https:\/\/api.w.org\/{rel}","templated":true}]}}