{"id":416653,"date":"2025-08-24T10:49:50","date_gmt":"2025-08-24T09:49:50","guid":{"rendered":"https:\/\/www.purejewels.com\/?post_type=product&#038;p=416653"},"modified":"2026-04-06T07:09:38","modified_gmt":"2026-04-06T06:09:38","slug":"22-karat-gold-traditionelles-kropfband-armari-kollektion-51998","status":"publish","type":"product","link":"https:\/\/www.purejewels.com\/de\/product\/22ct-gold-traditional-choker-necklace-armari-collection-51998\/","title":{"rendered":"Traditionelle Halskette aus 22 Karat Gold - Kollektion Armari"},"content":{"rendered":"<h4 data-start=\"321\" data-end=\"346\"><strong data-start=\"326\" data-end=\"344\">Designkonzept<\/strong><\/h4>\n<p data-start=\"347\" data-end=\"855\">Inspiriert von der Pracht s\u00fcdasiatischer Brautschmuckst\u00fccke und der zeitlosen Kunstfertigkeit von Tempelverzierungen, zelebriert dieses Halsband aus 22 Karat Gold aus der Armari Collection das kulturelle Erbe. Das Design basiert auf floralen und geometrischen Motiven, die an die alten Symbole f\u00fcr Wohlstand und Hingabe erinnern und in einer aussagekr\u00e4ftigen Silhouette verwoben sind, um Meilensteine und Traditionen zu ehren. Die Halskette schmiegt sich anmutig an das Dekollet\u00e9 und bildet einen k\u00f6niglichen Rahmen, der St\u00e4rke, Eleganz und weibliche Kraft verk\u00f6rpert.<\/p>\n<h4 data-start=\"857\" data-end=\"881\"><strong data-start=\"862\" data-end=\"879\">Handwerkliches K\u00f6nnen<\/strong><\/h4>\n<p data-start=\"882\" data-end=\"1427\">Dieses handgefertigte Kropfband, das mit \u00fcber Generationen weitergegebenen Pr\u00e4getechniken hergestellt wird, ist ein Zeugnis akribischer Kunstfertigkeit. Jedes Segment ist aus hochreinem 22-kar\u00e4tigem Gold geformt und weist fein gestanzte Muster auf, die ihm sowohl optische Tiefe als auch strukturelle Integrit\u00e4t verleihen. Das Schmuckst\u00fcck ist mit traditionellen Details versehen, darunter eine strukturierte Oberfl\u00e4che, eine spiegelnde Politur und eine flexible R\u00fcckenkette f\u00fcr bequemen und sicheren Tragekomfort. Dieses Halsband ist vom London Assay Office gepunzt und erf\u00fcllt die h\u00f6chsten Standards f\u00fcr Goldreinheit und Echtheit.<\/p>\n<h4 data-start=\"1429\" data-end=\"1453\"><strong data-start=\"1434\" data-end=\"1451\">Styling-Ideen<\/strong><\/h4>\n<p data-start=\"1454\" data-end=\"1949\">Ob zu einem Brautlehenga, einem Seidensaree oder einem bestickten Kleid, dieses Kropfband verwandelt jedes Ensemble in ein opulentes Statement. Stylen Sie es solo f\u00fcr einen klassischen Heritage-Look oder kombinieren Sie es mit l\u00e4ngeren goldenen Haarketten f\u00fcr eine grandiose Brautgarderobe. Erg\u00e4nzen Sie es mit passenden goldenen Jhumka-Ohrringen oder einem Maang Tikka f\u00fcr feierliche Anl\u00e4sse. Das reiche Design eignet sich auch hervorragend f\u00fcr festliche Anl\u00e4sse wie Diwali, Verlobungen und Familientreffen - so wird jeder Auftritt zu einem unvergesslichen Erlebnis.<\/p>","protected":false},"excerpt":{"rendered":"<div class=\"woocommerce-product-details__short-description\">\n<div class=\"woocommerce-product-details__short-description\">Zelebrieren Sie Erbe und Eleganz mit diesem traditionellen Collier aus 22 Karat Gold aus unserer Armari-Kollektion. Dieses fachm\u00e4nnisch in Handarbeit gefertigte St\u00fcck ist eine Hommage an die zeitlose indische Kunstfertigkeit. Es sitzt elegant am Dekollet\u00e9 und ist ideal f\u00fcr Hochzeiten und gro\u00dfe Feiern. Ein Statement f\u00fcr das Erbe, das in Ehren gehalten wird.<\/div>\n<\/div>\n<div><\/div>\n<div><strong>Material:<\/strong> 22ct Gold<\/div>\n<div><strong>Reinheit:<\/strong> 91.6% rein<\/div>\n<div><strong>Wahrzeichen:<\/strong> Britisches G\u00fctesiegel<\/div>\n<div><strong>Bruttogewicht: <\/strong>82,75 Gramm<\/div>\n<div><strong>Beenden: <\/strong>Antike_Matte<\/div>\n<div><strong>SKU:<\/strong> 51998<\/div>\n<div>\n<p><strong>Preis und Lieferung<\/strong>: Inklusive Mehrwertsteuer und Lieferkosten<br \/>\n<a href=\"https:\/\/www.purejewels.com\/de\/ruckgabepolitik\/\">R\u00fcckgabepolitik<\/a><\/p>\n<\/div>","protected":false},"featured_media":416654,"comment_status":"closed","ping_status":"closed","template":"","meta":{"_eb_attr":"","_crsspst_to_jayantr4sg-hostcom":false},"product_brand":[],"product_cat":[1780,245,5643,1782,236,1790,1253,1574,5349],"product_tag":[],"class_list":{"0":"post-416653","1":"product","2":"type-product","3":"status-publish","4":"has-post-thumbnail","6":"product_cat-antique-style-necklaces","7":"product_cat-armari-collections","8":"product_cat-armari-necklace","9":"product_cat-choker-necklaces","10":"product_cat-collections","11":"product_cat-for-whom-when","12":"product_cat-gold-necklaces","13":"product_cat-womens-jewellery","14":"product_cat-yellow-gold-jewellery","16":"first","17":"instock","18":"taxable","19":"shipping-taxable","20":"purchasable","21":"product-type-simple","22":"add-to-wishlist-before_image"},"yoast_head":"<!-- This site is optimized with the Yoast SEO plugin v27.5 - https:\/\/yoast.com\/product\/yoast-seo-wordpress\/ -->\n<title>22ct Gold Traditional Choker Necklace | Armari Collection<\/title>\n<meta name=\"description\" content=\"Discover timeless elegance with our 22ct gold traditional choker necklace from the Armari Collection. Perfect for weddings, celebrations, and heirloom gifting.\" \/>\n<meta name=\"robots\" content=\"index, follow, max-snippet:-1, max-image-preview:large, max-video-preview:-1\" \/>\n<link rel=\"canonical\" href=\"https:\/\/www.purejewels.com\/de\/produkt-2\/22-karat-gold-traditionelles-kropfband-armari-kollektion-51998\/\" \/>\n<meta property=\"og:locale\" content=\"de_DE\" \/>\n<meta property=\"og:type\" content=\"article\" \/>\n<meta property=\"og:title\" content=\"22ct Gold Traditional Choker Necklace | Armari Collection\" \/>\n<meta property=\"og:description\" content=\"Discover timeless elegance with our 22ct gold traditional choker necklace from the Armari Collection. Perfect for weddings, celebrations, and heirloom gifting.\" \/>\n<meta property=\"og:url\" content=\"https:\/\/www.purejewels.com\/de\/produkt-2\/22-karat-gold-traditionelles-kropfband-armari-kollektion-51998\/\" \/>\n<meta property=\"og:site_name\" content=\"PureJewels UK\" \/>\n<meta property=\"article:modified_time\" content=\"2026-04-06T06:09:38+00:00\" \/>\n<meta property=\"og:image\" content=\"https:\/\/static.purejewels.com\/wp-content\/uploads\/2025\/09\/SKU-51998.jpg\" \/>\n\t<meta property=\"og:image:width\" content=\"1000\" \/>\n\t<meta property=\"og:image:height\" content=\"1000\" \/>\n\t<meta property=\"og:image:type\" content=\"image\/jpeg\" \/>\n<meta name=\"twitter:card\" content=\"summary_large_image\" \/>\n<meta name=\"twitter:label1\" content=\"Gesch\u00e4tzte Lesezeit\" \/>\n\t<meta name=\"twitter:data1\" content=\"2\u00a0Minuten\" \/>\n<script type=\"application\/ld+json\" class=\"yoast-schema-graph\">{\"@context\":\"https:\\\/\\\/schema.org\",\"@graph\":[{\"@type\":[\"WebPage\",\"ItemPage\"],\"@id\":\"https:\\\/\\\/www.purejewels.com\\\/product\\\/22ct-gold-traditional-choker-necklace-armari-collection-51998\\\/\",\"url\":\"https:\\\/\\\/www.purejewels.com\\\/product\\\/22ct-gold-traditional-choker-necklace-armari-collection-51998\\\/\",\"name\":\"22ct Gold Traditional Choker Necklace | Armari Collection\",\"isPartOf\":{\"@id\":\"https:\\\/\\\/www.purejewels.com\\\/#website\"},\"primaryImageOfPage\":{\"@id\":\"https:\\\/\\\/www.purejewels.com\\\/product\\\/22ct-gold-traditional-choker-necklace-armari-collection-51998\\\/#primaryimage\"},\"image\":{\"@id\":\"https:\\\/\\\/www.purejewels.com\\\/product\\\/22ct-gold-traditional-choker-necklace-armari-collection-51998\\\/#primaryimage\"},\"thumbnailUrl\":\"https:\\\/\\\/static.purejewels.com\\\/wp-content\\\/uploads\\\/2025\\\/09\\\/SKU-51998.jpg\",\"datePublished\":\"2025-08-24T09:49:50+00:00\",\"dateModified\":\"2026-04-06T06:09:38+00:00\",\"description\":\"Discover timeless elegance with our 22ct gold traditional choker necklace from the Armari Collection. Perfect for weddings, celebrations, and heirloom gifting.\",\"breadcrumb\":{\"@id\":\"https:\\\/\\\/www.purejewels.com\\\/product\\\/22ct-gold-traditional-choker-necklace-armari-collection-51998\\\/#breadcrumb\"},\"inLanguage\":\"de\",\"potentialAction\":[{\"@type\":\"ReadAction\",\"target\":[\"https:\\\/\\\/www.purejewels.com\\\/product\\\/22ct-gold-traditional-choker-necklace-armari-collection-51998\\\/\"]}]},{\"@type\":\"ImageObject\",\"inLanguage\":\"de\",\"@id\":\"https:\\\/\\\/www.purejewels.com\\\/product\\\/22ct-gold-traditional-choker-necklace-armari-collection-51998\\\/#primaryimage\",\"url\":\"https:\\\/\\\/static.purejewels.com\\\/wp-content\\\/uploads\\\/2025\\\/09\\\/SKU-51998.jpg\",\"contentUrl\":\"https:\\\/\\\/static.purejewels.com\\\/wp-content\\\/uploads\\\/2025\\\/09\\\/SKU-51998.jpg\",\"width\":1000,\"height\":1000,\"caption\":\"22ct Gold Traditional Choker Necklace\"},{\"@type\":\"BreadcrumbList\",\"@id\":\"https:\\\/\\\/www.purejewels.com\\\/product\\\/22ct-gold-traditional-choker-necklace-armari-collection-51998\\\/#breadcrumb\",\"itemListElement\":[{\"@type\":\"ListItem\",\"position\":1,\"name\":\"Home\",\"item\":\"https:\\\/\\\/www.purejewels.com\\\/\"},{\"@type\":\"ListItem\",\"position\":2,\"name\":\"Shop\",\"item\":\"https:\\\/\\\/www.purejewels.com\\\/shop\\\/\"},{\"@type\":\"ListItem\",\"position\":3,\"name\":\"22ct Gold Traditional Choker Necklace \u2013 Armari Collection\"}]},{\"@type\":\"WebSite\",\"@id\":\"https:\\\/\\\/www.purejewels.com\\\/#website\",\"url\":\"https:\\\/\\\/www.purejewels.com\\\/\",\"name\":\"PureJewels UK\",\"description\":\"Share the Love\",\"publisher\":{\"@id\":\"https:\\\/\\\/www.purejewels.com\\\/#organization\"},\"potentialAction\":[{\"@type\":\"SearchAction\",\"target\":{\"@type\":\"EntryPoint\",\"urlTemplate\":\"https:\\\/\\\/www.purejewels.com\\\/?s={search_term_string}\"},\"query-input\":{\"@type\":\"PropertyValueSpecification\",\"valueRequired\":true,\"valueName\":\"search_term_string\"}}],\"inLanguage\":\"de\"},{\"@type\":\"Organization\",\"@id\":\"https:\\\/\\\/www.purejewels.com\\\/#organization\",\"name\":\"PureJewels UK\",\"url\":\"https:\\\/\\\/www.purejewels.com\\\/\",\"logo\":{\"@type\":\"ImageObject\",\"inLanguage\":\"de\",\"@id\":\"https:\\\/\\\/www.purejewels.com\\\/#\\\/schema\\\/logo\\\/image\\\/\",\"url\":\"https:\\\/\\\/static.purejewels.com\\\/wp-content\\\/uploads\\\/2020\\\/11\\\/Logo-PJ-New-1.png\",\"contentUrl\":\"https:\\\/\\\/static.purejewels.com\\\/wp-content\\\/uploads\\\/2020\\\/11\\\/Logo-PJ-New-1.png\",\"width\":150,\"height\":80,\"caption\":\"PureJewels UK\"},\"image\":{\"@id\":\"https:\\\/\\\/www.purejewels.com\\\/#\\\/schema\\\/logo\\\/image\\\/\"}}]}<\/script>\n<!-- \/ Yoast SEO plugin. -->","yoast_head_json":{"title":"Traditionelle Halskette aus 22 Karat Gold | Armari Kollektion","description":"Entdecken Sie zeitlose Eleganz mit unserem traditionellen Collier aus 22 Karat Gold aus der Armari Collection. Perfekt f\u00fcr Hochzeiten, Feiern und als Geschenk f\u00fcr Erbst\u00fccke.","robots":{"index":"index","follow":"follow","max-snippet":"max-snippet:-1","max-image-preview":"max-image-preview:large","max-video-preview":"max-video-preview:-1"},"canonical":"https:\/\/www.purejewels.com\/de\/produkt-2\/22-karat-gold-traditionelles-kropfband-armari-kollektion-51998\/","og_locale":"de_DE","og_type":"article","og_title":"22ct Gold Traditional Choker Necklace | Armari Collection","og_description":"Discover timeless elegance with our 22ct gold traditional choker necklace from the Armari Collection. Perfect for weddings, celebrations, and heirloom gifting.","og_url":"https:\/\/www.purejewels.com\/de\/produkt-2\/22-karat-gold-traditionelles-kropfband-armari-kollektion-51998\/","og_site_name":"PureJewels UK","article_modified_time":"2026-04-06T06:09:38+00:00","og_image":[{"width":1000,"height":1000,"url":"https:\/\/static.purejewels.com\/wp-content\/uploads\/2025\/09\/SKU-51998.jpg","type":"image\/jpeg"}],"twitter_card":"summary_large_image","twitter_misc":{"Gesch\u00e4tzte Lesezeit":"2\u00a0Minuten"},"schema":{"@context":"https:\/\/schema.org","@graph":[{"@type":["WebPage","ItemPage"],"@id":"https:\/\/www.purejewels.com\/product\/22ct-gold-traditional-choker-necklace-armari-collection-51998\/","url":"https:\/\/www.purejewels.com\/product\/22ct-gold-traditional-choker-necklace-armari-collection-51998\/","name":"Traditionelle Halskette aus 22 Karat Gold | Armari Kollektion","isPartOf":{"@id":"https:\/\/www.purejewels.com\/#website"},"primaryImageOfPage":{"@id":"https:\/\/www.purejewels.com\/product\/22ct-gold-traditional-choker-necklace-armari-collection-51998\/#primaryimage"},"image":{"@id":"https:\/\/www.purejewels.com\/product\/22ct-gold-traditional-choker-necklace-armari-collection-51998\/#primaryimage"},"thumbnailUrl":"https:\/\/static.purejewels.com\/wp-content\/uploads\/2025\/09\/SKU-51998.jpg","datePublished":"2025-08-24T09:49:50+00:00","dateModified":"2026-04-06T06:09:38+00:00","description":"Entdecken Sie zeitlose Eleganz mit unserem traditionellen Collier aus 22 Karat Gold aus der Armari Collection. Perfekt f\u00fcr Hochzeiten, Feiern und als Geschenk f\u00fcr Erbst\u00fccke.","breadcrumb":{"@id":"https:\/\/www.purejewels.com\/product\/22ct-gold-traditional-choker-necklace-armari-collection-51998\/#breadcrumb"},"inLanguage":"de","potentialAction":[{"@type":"ReadAction","target":["https:\/\/www.purejewels.com\/product\/22ct-gold-traditional-choker-necklace-armari-collection-51998\/"]}]},{"@type":"ImageObject","inLanguage":"de","@id":"https:\/\/www.purejewels.com\/product\/22ct-gold-traditional-choker-necklace-armari-collection-51998\/#primaryimage","url":"https:\/\/static.purejewels.com\/wp-content\/uploads\/2025\/09\/SKU-51998.jpg","contentUrl":"https:\/\/static.purejewels.com\/wp-content\/uploads\/2025\/09\/SKU-51998.jpg","width":1000,"height":1000,"caption":"22ct Gold Traditional Choker Necklace"},{"@type":"BreadcrumbList","@id":"https:\/\/www.purejewels.com\/product\/22ct-gold-traditional-choker-necklace-armari-collection-51998\/#breadcrumb","itemListElement":[{"@type":"ListItem","position":1,"name":"Home","item":"https:\/\/www.purejewels.com\/"},{"@type":"ListItem","position":2,"name":"Shop","item":"https:\/\/www.purejewels.com\/shop\/"},{"@type":"ListItem","position":3,"name":"22ct Gold Traditional Choker Necklace \u2013 Armari Collection"}]},{"@type":"WebSite","@id":"https:\/\/www.purejewels.com\/#website","url":"https:\/\/www.purejewels.com\/","name":"PureJewels UK","description":"Teile die Liebe","publisher":{"@id":"https:\/\/www.purejewels.com\/#organization"},"potentialAction":[{"@type":"SearchAction","target":{"@type":"EntryPoint","urlTemplate":"https:\/\/www.purejewels.com\/?s={search_term_string}"},"query-input":{"@type":"PropertyValueSpecification","valueRequired":true,"valueName":"search_term_string"}}],"inLanguage":"de"},{"@type":"Organization","@id":"https:\/\/www.purejewels.com\/#organization","name":"PureJewels UK","url":"https:\/\/www.purejewels.com\/","logo":{"@type":"ImageObject","inLanguage":"de","@id":"https:\/\/www.purejewels.com\/#\/schema\/logo\/image\/","url":"https:\/\/static.purejewels.com\/wp-content\/uploads\/2020\/11\/Logo-PJ-New-1.png","contentUrl":"https:\/\/static.purejewels.com\/wp-content\/uploads\/2020\/11\/Logo-PJ-New-1.png","width":150,"height":80,"caption":"PureJewels UK"},"image":{"@id":"https:\/\/www.purejewels.com\/#\/schema\/logo\/image\/"}}]}},"_links":{"self":[{"href":"https:\/\/www.purejewels.com\/de\/wp-json\/wp\/v2\/product\/416653","targetHints":{"allow":["GET"]}}],"collection":[{"href":"https:\/\/www.purejewels.com\/de\/wp-json\/wp\/v2\/product"}],"about":[{"href":"https:\/\/www.purejewels.com\/de\/wp-json\/wp\/v2\/types\/product"}],"replies":[{"embeddable":true,"href":"https:\/\/www.purejewels.com\/de\/wp-json\/wp\/v2\/comments?post=416653"}],"version-history":[{"count":3,"href":"https:\/\/www.purejewels.com\/de\/wp-json\/wp\/v2\/product\/416653\/revisions"}],"predecessor-version":[{"id":416665,"href":"https:\/\/www.purejewels.com\/de\/wp-json\/wp\/v2\/product\/416653\/revisions\/416665"}],"wp:featuredmedia":[{"embeddable":true,"href":"https:\/\/www.purejewels.com\/de\/wp-json\/wp\/v2\/media\/416654"}],"wp:attachment":[{"href":"https:\/\/www.purejewels.com\/de\/wp-json\/wp\/v2\/media?parent=416653"}],"wp:term":[{"taxonomy":"product_brand","embeddable":true,"href":"https:\/\/www.purejewels.com\/de\/wp-json\/wp\/v2\/product_brand?post=416653"},{"taxonomy":"product_cat","embeddable":true,"href":"https:\/\/www.purejewels.com\/de\/wp-json\/wp\/v2\/product_cat?post=416653"},{"taxonomy":"product_tag","embeddable":true,"href":"https:\/\/www.purejewels.com\/de\/wp-json\/wp\/v2\/product_tag?post=416653"}],"curies":[{"name":"wp","href":"https:\/\/api.w.org\/{rel}","templated":true}]}}