{"id":416671,"date":"2025-08-24T11:15:40","date_gmt":"2025-08-24T10:15:40","guid":{"rendered":"https:\/\/www.purejewels.com\/?post_type=product&#038;p=416671"},"modified":"2026-02-09T07:19:41","modified_gmt":"2026-02-09T07:19:41","slug":"22-kt-gold-armari-geschichtetes-brautkollier-53001","status":"publish","type":"product","link":"https:\/\/www.purejewels.com\/de\/product\/22ct-gold-armari-layered-bridal-necklace-53001\/","title":{"rendered":"22ct Gold Armari Mehrschichtige Hochzeitskette"},"content":{"rendered":"<h4 data-start=\"629\" data-end=\"654\"><strong data-start=\"634\" data-end=\"652\">Designkonzept<\/strong><\/h4>\n<p data-start=\"655\" data-end=\"1136\">Die Armari Layered Bridal Necklace ist von klassischem Brautschmuck und k\u00f6niglicher indischer \u00c4sthetik inspiriert und wurde entworfen, um die Tradition mit Eleganz zu ehren. Die charakteristische Silhouette zeigt zarte Motive und bl\u00fctenblattartige Gravuren, die durch ein kaskadenf\u00f6rmiges Dreifach-Ketten-Design erg\u00e4nzt werden. Das kunstvolle Mittelst\u00fcck zeigt stilisierte Paisleys und florale Medaillons, die von Hingabe, Weiblichkeit und Festlichkeit sprechen - eine visuelle Hommage an das kulturelle Geschichtenerz\u00e4hlen durch Feingold.<\/p>\n<h4 data-start=\"1138\" data-end=\"1162\"><strong data-start=\"1143\" data-end=\"1160\">Handwerkliches K\u00f6nnen<\/strong><\/h4>\n<p data-start=\"1163\" data-end=\"1647\">Diese Halskette wurde in sorgf\u00e4ltiger Handarbeit aus 22-kar\u00e4tigem Gold gefertigt, wiegt 28,22 Gramm und misst 15,5 Zoll in der L\u00e4nge. Die zentralen Anh\u00e4nger sind pr\u00e4zise gestanzt, w\u00e4hrend das komplizierte Gitterwerk und die Tropfenakzente von erfahrenen Handwerkern in den traditionellen Werkst\u00e4tten von PureJewels zusammengesetzt werden. Jedes Element wird von Hand poliert, damit der satte Glanz des Goldes ungetr\u00fcbt bleibt. Mit dem Punzierungszeichen des Londoner Assay Office steht er f\u00fcr Authentizit\u00e4t und h\u00f6chste Handwerkskunst.<\/p>\n<h4 data-start=\"1649\" data-end=\"1673\"><strong data-start=\"1654\" data-end=\"1671\">Styling-Ideen<\/strong><\/h4>\n<p data-start=\"1674\" data-end=\"2050\">Diese Halskette eignet sich perfekt f\u00fcr Brautausstattungen oder feierliche Anl\u00e4sse und l\u00e4sst sich wunderbar mit Sarees, Lehengas oder Fusion-Ensembles kombinieren. F\u00fcr einen k\u00f6niglichen Lagenlook kombinieren Sie sie mit einem l\u00e4ngeren Haar oder einem passenden Choker aus der Armari Kollektion. F\u00fcgen Sie goldene Jhumkas und eine Maang Tikka f\u00fcr einen kompletten Brautauftritt hinzu, oder tragen Sie sie solo, um ein minimalistisches Outfit mit Heritage-Charme aufzuwerten.<\/p>","protected":false},"excerpt":{"rendered":"<div class=\"woocommerce-product-details__short-description\">\n<div class=\"woocommerce-product-details__short-description\">Diese elegante 22-kar\u00e4tige Goldkette aus unserer Armari-Kollektion zeichnet sich durch dreilagige Ketten und verzierte Tropfen aus, die von traditionellem s\u00fcdasiatischem Brautschmuck inspiriert sind. Mit einer L\u00e4nge von 15,5 cm rahmt sie das Dekollet\u00e9 wundersch\u00f6n ein - ideal f\u00fcr Hochzeiten, Festlichkeiten oder als Geschenk f\u00fcr ein Erbst\u00fcck.<\/div>\n<\/div>\n<div><\/div>\n<div><strong>Material:<\/strong> 22ct Gold<\/div>\n<div><strong>Reinheit:<\/strong> 91.6% rein<\/div>\n<div><strong>Wahrzeichen:<\/strong> Britisches G\u00fctesiegel<\/div>\n<div><strong>Bruttogewicht: <\/strong>28,22 Gramm<\/div>\n<div><strong>Beenden: <\/strong>Antike_Matte<\/div>\n<div><strong>L\u00e4nge:<\/strong> 15,5 Zoll<\/div>\n<div><strong>SKU:<\/strong> 53001<\/div>\n<div><\/div>\n<div>\n<p><strong>Preis und Lieferung<\/strong>: Inklusive Mehrwertsteuer und Lieferkosten<br \/>\n<a href=\"https:\/\/www.purejewels.com\/de\/ruckgabepolitik\/\">R\u00fcckgabepolitik<\/a><\/p>\n<\/div>","protected":false},"featured_media":416673,"comment_status":"closed","ping_status":"closed","template":"","meta":{"_eb_attr":"","_crsspst_to_jayantr4sg-hostcom":false},"product_brand":[],"product_cat":[1780,245,5643,236,1790,1253,1778,1574,5349],"product_tag":[],"class_list":{"0":"post-416671","1":"product","2":"type-product","3":"status-publish","4":"has-post-thumbnail","6":"product_cat-antique-style-necklaces","7":"product_cat-armari-collections","8":"product_cat-armari-necklace","9":"product_cat-collections","10":"product_cat-for-whom-when","11":"product_cat-gold-necklaces","12":"product_cat-short-necklaces","13":"product_cat-womens-jewellery","14":"product_cat-yellow-gold-jewellery","16":"first","17":"instock","18":"taxable","19":"shipping-taxable","20":"purchasable","21":"product-type-simple","22":"add-to-wishlist-before_image"},"yoast_head":"<!-- This site is optimized with the Yoast SEO plugin v27.3 - https:\/\/yoast.com\/product\/yoast-seo-wordpress\/ -->\n<title>22ct Gold Armari Layered Bridal Necklace | PureJewels UK<\/title>\n<meta name=\"description\" content=\"Discover PureJewels&#039; 22ct gold Armari bridal necklace with layered chains and intricate detailing. A perfect blend of heritage, artistry, and elegance.\" \/>\n<meta name=\"robots\" content=\"index, follow, max-snippet:-1, max-image-preview:large, max-video-preview:-1\" \/>\n<link rel=\"canonical\" href=\"https:\/\/www.purejewels.com\/de\/produkt-2\/22-kt-gold-armari-geschichtetes-brautkollier-53001\/\" \/>\n<meta property=\"og:locale\" content=\"de_DE\" \/>\n<meta property=\"og:type\" content=\"article\" \/>\n<meta property=\"og:title\" content=\"22ct Gold Armari Layered Bridal Necklace | PureJewels UK\" \/>\n<meta property=\"og:description\" content=\"Discover PureJewels&#039; 22ct gold Armari bridal necklace with layered chains and intricate detailing. A perfect blend of heritage, artistry, and elegance.\" \/>\n<meta property=\"og:url\" content=\"https:\/\/www.purejewels.com\/de\/produkt-2\/22-kt-gold-armari-geschichtetes-brautkollier-53001\/\" \/>\n<meta property=\"og:site_name\" content=\"PureJewels UK\" \/>\n<meta property=\"article:modified_time\" content=\"2026-02-09T07:19:41+00:00\" \/>\n<meta property=\"og:image\" content=\"https:\/\/static.purejewels.com\/wp-content\/uploads\/2025\/09\/SKU-53001.jpg\" \/>\n\t<meta property=\"og:image:width\" content=\"1000\" \/>\n\t<meta property=\"og:image:height\" content=\"1000\" \/>\n\t<meta property=\"og:image:type\" content=\"image\/jpeg\" \/>\n<meta name=\"twitter:card\" content=\"summary_large_image\" \/>\n<meta name=\"twitter:label1\" content=\"Gesch\u00e4tzte Lesezeit\" \/>\n\t<meta name=\"twitter:data1\" content=\"2\u00a0Minuten\" \/>\n<script type=\"application\/ld+json\" class=\"yoast-schema-graph\">{\"@context\":\"https:\\\/\\\/schema.org\",\"@graph\":[{\"@type\":[\"WebPage\",\"ItemPage\"],\"@id\":\"https:\\\/\\\/www.purejewels.com\\\/product\\\/22ct-gold-armari-layered-bridal-necklace-53001\\\/\",\"url\":\"https:\\\/\\\/www.purejewels.com\\\/product\\\/22ct-gold-armari-layered-bridal-necklace-53001\\\/\",\"name\":\"22ct Gold Armari Layered Bridal Necklace | PureJewels UK\",\"isPartOf\":{\"@id\":\"https:\\\/\\\/www.purejewels.com\\\/#website\"},\"primaryImageOfPage\":{\"@id\":\"https:\\\/\\\/www.purejewels.com\\\/product\\\/22ct-gold-armari-layered-bridal-necklace-53001\\\/#primaryimage\"},\"image\":{\"@id\":\"https:\\\/\\\/www.purejewels.com\\\/product\\\/22ct-gold-armari-layered-bridal-necklace-53001\\\/#primaryimage\"},\"thumbnailUrl\":\"https:\\\/\\\/static.purejewels.com\\\/wp-content\\\/uploads\\\/2025\\\/09\\\/SKU-53001.jpg\",\"datePublished\":\"2025-08-24T10:15:40+00:00\",\"dateModified\":\"2026-02-09T07:19:41+00:00\",\"description\":\"Discover PureJewels' 22ct gold Armari bridal necklace with layered chains and intricate detailing. A perfect blend of heritage, artistry, and elegance.\",\"breadcrumb\":{\"@id\":\"https:\\\/\\\/www.purejewels.com\\\/product\\\/22ct-gold-armari-layered-bridal-necklace-53001\\\/#breadcrumb\"},\"inLanguage\":\"de\",\"potentialAction\":[{\"@type\":\"ReadAction\",\"target\":[\"https:\\\/\\\/www.purejewels.com\\\/product\\\/22ct-gold-armari-layered-bridal-necklace-53001\\\/\"]}]},{\"@type\":\"ImageObject\",\"inLanguage\":\"de\",\"@id\":\"https:\\\/\\\/www.purejewels.com\\\/product\\\/22ct-gold-armari-layered-bridal-necklace-53001\\\/#primaryimage\",\"url\":\"https:\\\/\\\/static.purejewels.com\\\/wp-content\\\/uploads\\\/2025\\\/09\\\/SKU-53001.jpg\",\"contentUrl\":\"https:\\\/\\\/static.purejewels.com\\\/wp-content\\\/uploads\\\/2025\\\/09\\\/SKU-53001.jpg\",\"width\":1000,\"height\":1000,\"caption\":\"22ct Gold Armari Layered Bridal Necklace\"},{\"@type\":\"BreadcrumbList\",\"@id\":\"https:\\\/\\\/www.purejewels.com\\\/product\\\/22ct-gold-armari-layered-bridal-necklace-53001\\\/#breadcrumb\",\"itemListElement\":[{\"@type\":\"ListItem\",\"position\":1,\"name\":\"Home\",\"item\":\"https:\\\/\\\/www.purejewels.com\\\/\"},{\"@type\":\"ListItem\",\"position\":2,\"name\":\"Shop\",\"item\":\"https:\\\/\\\/www.purejewels.com\\\/shop\\\/\"},{\"@type\":\"ListItem\",\"position\":3,\"name\":\"22ct Gold Armari Layered Bridal Necklace\"}]},{\"@type\":\"WebSite\",\"@id\":\"https:\\\/\\\/www.purejewels.com\\\/#website\",\"url\":\"https:\\\/\\\/www.purejewels.com\\\/\",\"name\":\"PureJewels UK\",\"description\":\"Share the Love\",\"publisher\":{\"@id\":\"https:\\\/\\\/www.purejewels.com\\\/#organization\"},\"potentialAction\":[{\"@type\":\"SearchAction\",\"target\":{\"@type\":\"EntryPoint\",\"urlTemplate\":\"https:\\\/\\\/www.purejewels.com\\\/?s={search_term_string}\"},\"query-input\":{\"@type\":\"PropertyValueSpecification\",\"valueRequired\":true,\"valueName\":\"search_term_string\"}}],\"inLanguage\":\"de\"},{\"@type\":\"Organization\",\"@id\":\"https:\\\/\\\/www.purejewels.com\\\/#organization\",\"name\":\"PureJewels UK\",\"url\":\"https:\\\/\\\/www.purejewels.com\\\/\",\"logo\":{\"@type\":\"ImageObject\",\"inLanguage\":\"de\",\"@id\":\"https:\\\/\\\/www.purejewels.com\\\/#\\\/schema\\\/logo\\\/image\\\/\",\"url\":\"https:\\\/\\\/static.purejewels.com\\\/wp-content\\\/uploads\\\/2020\\\/11\\\/Logo-PJ-New-1.png\",\"contentUrl\":\"https:\\\/\\\/static.purejewels.com\\\/wp-content\\\/uploads\\\/2020\\\/11\\\/Logo-PJ-New-1.png\",\"width\":150,\"height\":80,\"caption\":\"PureJewels UK\"},\"image\":{\"@id\":\"https:\\\/\\\/www.purejewels.com\\\/#\\\/schema\\\/logo\\\/image\\\/\"}}]}<\/script>\n<!-- \/ Yoast SEO plugin. -->","yoast_head_json":{"title":"22ct Gold Armari mehrschichtige Braut Halskette | PureJewels UK","description":"Entdecken Sie die 22-kar\u00e4tige Armari-Hochzeitskette von PureJewels mit mehrlagigen Ketten und aufwendigen Details. Eine perfekte Mischung aus Erbe, Kunstfertigkeit und Eleganz.","robots":{"index":"index","follow":"follow","max-snippet":"max-snippet:-1","max-image-preview":"max-image-preview:large","max-video-preview":"max-video-preview:-1"},"canonical":"https:\/\/www.purejewels.com\/de\/produkt-2\/22-kt-gold-armari-geschichtetes-brautkollier-53001\/","og_locale":"de_DE","og_type":"article","og_title":"22ct Gold Armari Layered Bridal Necklace | PureJewels UK","og_description":"Discover PureJewels' 22ct gold Armari bridal necklace with layered chains and intricate detailing. A perfect blend of heritage, artistry, and elegance.","og_url":"https:\/\/www.purejewels.com\/de\/produkt-2\/22-kt-gold-armari-geschichtetes-brautkollier-53001\/","og_site_name":"PureJewels UK","article_modified_time":"2026-02-09T07:19:41+00:00","og_image":[{"width":1000,"height":1000,"url":"https:\/\/static.purejewels.com\/wp-content\/uploads\/2025\/09\/SKU-53001.jpg","type":"image\/jpeg"}],"twitter_card":"summary_large_image","twitter_misc":{"Gesch\u00e4tzte Lesezeit":"2\u00a0Minuten"},"schema":{"@context":"https:\/\/schema.org","@graph":[{"@type":["WebPage","ItemPage"],"@id":"https:\/\/www.purejewels.com\/product\/22ct-gold-armari-layered-bridal-necklace-53001\/","url":"https:\/\/www.purejewels.com\/product\/22ct-gold-armari-layered-bridal-necklace-53001\/","name":"22ct Gold Armari mehrschichtige Braut Halskette | PureJewels UK","isPartOf":{"@id":"https:\/\/www.purejewels.com\/#website"},"primaryImageOfPage":{"@id":"https:\/\/www.purejewels.com\/product\/22ct-gold-armari-layered-bridal-necklace-53001\/#primaryimage"},"image":{"@id":"https:\/\/www.purejewels.com\/product\/22ct-gold-armari-layered-bridal-necklace-53001\/#primaryimage"},"thumbnailUrl":"https:\/\/static.purejewels.com\/wp-content\/uploads\/2025\/09\/SKU-53001.jpg","datePublished":"2025-08-24T10:15:40+00:00","dateModified":"2026-02-09T07:19:41+00:00","description":"Entdecken Sie die 22-kar\u00e4tige Armari-Hochzeitskette von PureJewels mit mehrlagigen Ketten und aufwendigen Details. Eine perfekte Mischung aus Erbe, Kunstfertigkeit und Eleganz.","breadcrumb":{"@id":"https:\/\/www.purejewels.com\/product\/22ct-gold-armari-layered-bridal-necklace-53001\/#breadcrumb"},"inLanguage":"de","potentialAction":[{"@type":"ReadAction","target":["https:\/\/www.purejewels.com\/product\/22ct-gold-armari-layered-bridal-necklace-53001\/"]}]},{"@type":"ImageObject","inLanguage":"de","@id":"https:\/\/www.purejewels.com\/product\/22ct-gold-armari-layered-bridal-necklace-53001\/#primaryimage","url":"https:\/\/static.purejewels.com\/wp-content\/uploads\/2025\/09\/SKU-53001.jpg","contentUrl":"https:\/\/static.purejewels.com\/wp-content\/uploads\/2025\/09\/SKU-53001.jpg","width":1000,"height":1000,"caption":"22ct Gold Armari Layered Bridal Necklace"},{"@type":"BreadcrumbList","@id":"https:\/\/www.purejewels.com\/product\/22ct-gold-armari-layered-bridal-necklace-53001\/#breadcrumb","itemListElement":[{"@type":"ListItem","position":1,"name":"Home","item":"https:\/\/www.purejewels.com\/"},{"@type":"ListItem","position":2,"name":"Shop","item":"https:\/\/www.purejewels.com\/shop\/"},{"@type":"ListItem","position":3,"name":"22ct Gold Armari Layered Bridal Necklace"}]},{"@type":"WebSite","@id":"https:\/\/www.purejewels.com\/#website","url":"https:\/\/www.purejewels.com\/","name":"PureJewels UK","description":"Teile die Liebe","publisher":{"@id":"https:\/\/www.purejewels.com\/#organization"},"potentialAction":[{"@type":"SearchAction","target":{"@type":"EntryPoint","urlTemplate":"https:\/\/www.purejewels.com\/?s={search_term_string}"},"query-input":{"@type":"PropertyValueSpecification","valueRequired":true,"valueName":"search_term_string"}}],"inLanguage":"de"},{"@type":"Organization","@id":"https:\/\/www.purejewels.com\/#organization","name":"PureJewels UK","url":"https:\/\/www.purejewels.com\/","logo":{"@type":"ImageObject","inLanguage":"de","@id":"https:\/\/www.purejewels.com\/#\/schema\/logo\/image\/","url":"https:\/\/static.purejewels.com\/wp-content\/uploads\/2020\/11\/Logo-PJ-New-1.png","contentUrl":"https:\/\/static.purejewels.com\/wp-content\/uploads\/2020\/11\/Logo-PJ-New-1.png","width":150,"height":80,"caption":"PureJewels UK"},"image":{"@id":"https:\/\/www.purejewels.com\/#\/schema\/logo\/image\/"}}]}},"_links":{"self":[{"href":"https:\/\/www.purejewels.com\/de\/wp-json\/wp\/v2\/product\/416671","targetHints":{"allow":["GET"]}}],"collection":[{"href":"https:\/\/www.purejewels.com\/de\/wp-json\/wp\/v2\/product"}],"about":[{"href":"https:\/\/www.purejewels.com\/de\/wp-json\/wp\/v2\/types\/product"}],"replies":[{"embeddable":true,"href":"https:\/\/www.purejewels.com\/de\/wp-json\/wp\/v2\/comments?post=416671"}],"version-history":[{"count":3,"href":"https:\/\/www.purejewels.com\/de\/wp-json\/wp\/v2\/product\/416671\/revisions"}],"predecessor-version":[{"id":416688,"href":"https:\/\/www.purejewels.com\/de\/wp-json\/wp\/v2\/product\/416671\/revisions\/416688"}],"wp:featuredmedia":[{"embeddable":true,"href":"https:\/\/www.purejewels.com\/de\/wp-json\/wp\/v2\/media\/416673"}],"wp:attachment":[{"href":"https:\/\/www.purejewels.com\/de\/wp-json\/wp\/v2\/media?parent=416671"}],"wp:term":[{"taxonomy":"product_brand","embeddable":true,"href":"https:\/\/www.purejewels.com\/de\/wp-json\/wp\/v2\/product_brand?post=416671"},{"taxonomy":"product_cat","embeddable":true,"href":"https:\/\/www.purejewels.com\/de\/wp-json\/wp\/v2\/product_cat?post=416671"},{"taxonomy":"product_tag","embeddable":true,"href":"https:\/\/www.purejewels.com\/de\/wp-json\/wp\/v2\/product_tag?post=416671"}],"curies":[{"name":"wp","href":"https:\/\/api.w.org\/{rel}","templated":true}]}}