{"id":416727,"date":"2025-08-24T14:22:05","date_gmt":"2025-08-24T13:22:05","guid":{"rendered":"https:\/\/www.purejewels.com\/?post_type=product&#038;p=416727"},"modified":"2026-02-05T06:09:24","modified_gmt":"2026-02-05T06:09:24","slug":"rosette-sonnenaufgang-gold-brautschmuck-halskette-52002","status":"publish","type":"product","link":"https:\/\/www.purejewels.com\/de\/product\/rosette-sunrise-gold-bridal-choker-necklace-52002\/","title":{"rendered":"Rosette Sunrise Gold Hochzeitskette Halskette"},"content":{"rendered":"<h4 data-start=\"501\" data-end=\"526\"><strong data-start=\"506\" data-end=\"524\">Designkonzept<\/strong><\/h4>\n<p data-start=\"527\" data-end=\"985\">Die Rosette Sunrise Gold Bridal Choker Necklace ist von der ewigen Sch\u00f6nheit bl\u00fchender Blumen inspiriert und symbolisiert Erneuerung, F\u00fclle und Hingabe. Die Rosette-Kollektion zeichnet sich durch eine Reihe von gepr\u00e4gten Rosetten aus, die von zarten Blumenketten und kaskadenartigen Tropfen eingerahmt werden. Das Design ist eine Hommage an den traditionellen Brautschmuck und verleiht ihm mit dem einzigartigen, leuchtenden Farbton von Sunrise Gold eine moderne Ausstrahlung.<\/p>\n<h4 data-start=\"987\" data-end=\"1011\"><strong data-start=\"992\" data-end=\"1009\">Handwerkliches K\u00f6nnen<\/strong><\/h4>\n<p data-start=\"1012\" data-end=\"1480\">Mit einem Gewicht von 59,4 Gramm ist dieses Meisterwerk aus 22 Karat Sunrise Gold handgefertigt. Jede Rosette wird sorgf\u00e4ltig gestanzt und von Hand veredelt, wodurch eine mehrschichtige Textur mit Tiefe und Charakter entsteht. Die gitterartigen Glieder sorgen f\u00fcr flie\u00dfende Bewegung und angenehmen Tragekomfort, w\u00e4hrend die h\u00e4ngenden Tropfen einen rhythmischen, feierlichen Charme verspr\u00fchen. Dieses vom London Assay Office gepunzte Halsband tr\u00e4gt die PureJewels-Signatur der Reinheit, Authentizit\u00e4t und meisterhaften Kunstfertigkeit.<\/p>\n<h4 data-start=\"1482\" data-end=\"1506\"><strong data-start=\"1487\" data-end=\"1504\">Styling-Ideen<\/strong><\/h4>\n<p data-start=\"1507\" data-end=\"1882\">Dieses Halsband ist perfekt f\u00fcr Brautkleider und feierliche Anl\u00e4sse und passt wunderbar zu traditionellen Kleidern wie Sarees, Lehengas und bestickten Kleidern. Tragen Sie es allein f\u00fcr einen k\u00fchnen, k\u00f6niglichen Look oder kombinieren Sie es mit l\u00e4ngeren Halsketten aus der Rosetten-Kollektion f\u00fcr mehr Pracht bei der Hochzeit. Vervollst\u00e4ndigen Sie Ihren Look mit passenden Ohrringen oder Armreifen, um die zeitlosen floralen Details zu unterstreichen.<\/p>","protected":false},"excerpt":{"rendered":"<p>Zelebrieren Sie die Eleganz des Erbes mit der Rosette Sunrise Gold Bridal Choker Necklace, handgefertigt aus 22ct Sunrise Gold. Mit komplizierten floralen Rosettenmotiven und kaskadenartigen Tropfen verk\u00f6rpert dieses Statement-Halsband Kunstfertigkeit, Tradition und zeitlose Sch\u00f6nheit f\u00fcr die Braut.<\/p>\n<p><strong>Material:<\/strong> 22ct Sonnenaufgang Gold<br \/>\n<strong>Reinheit:<\/strong> 91.6% reines Gold<br \/>\n<strong>Wahrzeichen:<\/strong> Britisches G\u00fctesiegel<br \/>\n<strong>SKU:<\/strong> 52002<br \/>\n<strong>Gewicht:<\/strong> 59,40 Gramm<\/p>\n<p><strong>Preis und Lieferung:<\/strong>\u00a0Inklusive Mehrwertsteuer und Lieferkosten<br \/>\n<a href=\"https:\/\/www.purejewels.com\/de\/ruckgabepolitik\/\"><strong>R\u00fcckgabepolitik<\/strong><\/a><\/p>","protected":false},"featured_media":416730,"comment_status":"closed","ping_status":"closed","template":"","meta":{"_eb_attr":"","_crsspst_to_jayantr4sg-hostcom":false},"product_brand":[],"product_cat":[1782,236,1790,1229,1253,1656,5275,6081,1573,1574],"product_tag":[],"class_list":{"0":"post-416727","1":"product","2":"type-product","3":"status-publish","4":"has-post-thumbnail","6":"product_cat-choker-necklaces","7":"product_cat-collections","8":"product_cat-for-whom-when","9":"product_cat-22ct-gold-jewellery","10":"product_cat-gold-necklaces","11":"product_cat-rosettes-collections","12":"product_cat-rosettes-necklace","13":"product_cat-sunrise-gold","14":"product_cat-wedding-gifts","15":"product_cat-womens-jewellery","17":"first","18":"instock","19":"taxable","20":"shipping-taxable","21":"purchasable","22":"product-type-simple","23":"add-to-wishlist-before_image"},"yoast_head":"<!-- This site is optimized with the Yoast SEO plugin v27.5 - https:\/\/yoast.com\/product\/yoast-seo-wordpress\/ -->\n<title>Rosette Sunrise Gold Bridal Choker Necklace | PureJewels UK<\/title>\n<meta name=\"description\" content=\"Discover PureJewels\u2019 Rosette Sunrise Gold Bridal Choker Necklace in 22ct gold. A handcrafted masterpiece with floral rosettes, perfect for weddings and celebrations.\" \/>\n<meta name=\"robots\" content=\"index, follow, max-snippet:-1, max-image-preview:large, max-video-preview:-1\" \/>\n<link rel=\"canonical\" href=\"https:\/\/www.purejewels.com\/de\/produkt-2\/rosette-sonnenaufgang-gold-brautschmuck-halskette-52002\/\" \/>\n<meta property=\"og:locale\" content=\"de_DE\" \/>\n<meta property=\"og:type\" content=\"article\" \/>\n<meta property=\"og:title\" content=\"Rosette Sunrise Gold Bridal Choker Necklace | PureJewels UK\" \/>\n<meta property=\"og:description\" content=\"Discover PureJewels\u2019 Rosette Sunrise Gold Bridal Choker Necklace in 22ct gold. A handcrafted masterpiece with floral rosettes, perfect for weddings and celebrations.\" \/>\n<meta property=\"og:url\" content=\"https:\/\/www.purejewels.com\/de\/produkt-2\/rosette-sonnenaufgang-gold-brautschmuck-halskette-52002\/\" \/>\n<meta property=\"og:site_name\" content=\"PureJewels UK\" \/>\n<meta property=\"article:modified_time\" content=\"2026-02-05T06:09:24+00:00\" \/>\n<meta property=\"og:image\" content=\"https:\/\/static.purejewels.com\/wp-content\/uploads\/2025\/09\/Rosette-Choker.1.jpg\" \/>\n\t<meta property=\"og:image:width\" content=\"1000\" \/>\n\t<meta property=\"og:image:height\" content=\"1000\" \/>\n\t<meta property=\"og:image:type\" content=\"image\/jpeg\" \/>\n<meta name=\"twitter:card\" content=\"summary_large_image\" \/>\n<meta name=\"twitter:label1\" content=\"Gesch\u00e4tzte Lesezeit\" \/>\n\t<meta name=\"twitter:data1\" content=\"2\u00a0Minuten\" \/>\n<script type=\"application\/ld+json\" class=\"yoast-schema-graph\">{\"@context\":\"https:\\\/\\\/schema.org\",\"@graph\":[{\"@type\":[\"WebPage\",\"ItemPage\"],\"@id\":\"https:\\\/\\\/www.purejewels.com\\\/product\\\/rosette-sunrise-gold-bridal-choker-necklace-52002\\\/\",\"url\":\"https:\\\/\\\/www.purejewels.com\\\/product\\\/rosette-sunrise-gold-bridal-choker-necklace-52002\\\/\",\"name\":\"Rosette Sunrise Gold Bridal Choker Necklace | PureJewels UK\",\"isPartOf\":{\"@id\":\"https:\\\/\\\/www.purejewels.com\\\/#website\"},\"primaryImageOfPage\":{\"@id\":\"https:\\\/\\\/www.purejewels.com\\\/product\\\/rosette-sunrise-gold-bridal-choker-necklace-52002\\\/#primaryimage\"},\"image\":{\"@id\":\"https:\\\/\\\/www.purejewels.com\\\/product\\\/rosette-sunrise-gold-bridal-choker-necklace-52002\\\/#primaryimage\"},\"thumbnailUrl\":\"https:\\\/\\\/static.purejewels.com\\\/wp-content\\\/uploads\\\/2025\\\/09\\\/Rosette-Choker.1.jpg\",\"datePublished\":\"2025-08-24T13:22:05+00:00\",\"dateModified\":\"2026-02-05T06:09:24+00:00\",\"description\":\"Discover PureJewels\u2019 Rosette Sunrise Gold Bridal Choker Necklace in 22ct gold. A handcrafted masterpiece with floral rosettes, perfect for weddings and celebrations.\",\"breadcrumb\":{\"@id\":\"https:\\\/\\\/www.purejewels.com\\\/product\\\/rosette-sunrise-gold-bridal-choker-necklace-52002\\\/#breadcrumb\"},\"inLanguage\":\"de\",\"potentialAction\":[{\"@type\":\"ReadAction\",\"target\":[\"https:\\\/\\\/www.purejewels.com\\\/product\\\/rosette-sunrise-gold-bridal-choker-necklace-52002\\\/\"]}]},{\"@type\":\"ImageObject\",\"inLanguage\":\"de\",\"@id\":\"https:\\\/\\\/www.purejewels.com\\\/product\\\/rosette-sunrise-gold-bridal-choker-necklace-52002\\\/#primaryimage\",\"url\":\"https:\\\/\\\/static.purejewels.com\\\/wp-content\\\/uploads\\\/2025\\\/09\\\/Rosette-Choker.1.jpg\",\"contentUrl\":\"https:\\\/\\\/static.purejewels.com\\\/wp-content\\\/uploads\\\/2025\\\/09\\\/Rosette-Choker.1.jpg\",\"width\":1000,\"height\":1000,\"caption\":\"Rosette Sunrise Gold Bridal Choker Necklace\"},{\"@type\":\"BreadcrumbList\",\"@id\":\"https:\\\/\\\/www.purejewels.com\\\/product\\\/rosette-sunrise-gold-bridal-choker-necklace-52002\\\/#breadcrumb\",\"itemListElement\":[{\"@type\":\"ListItem\",\"position\":1,\"name\":\"Home\",\"item\":\"https:\\\/\\\/www.purejewels.com\\\/\"},{\"@type\":\"ListItem\",\"position\":2,\"name\":\"Shop\",\"item\":\"https:\\\/\\\/www.purejewels.com\\\/shop\\\/\"},{\"@type\":\"ListItem\",\"position\":3,\"name\":\"Rosette Sunrise Gold Bridal Choker Necklace\"}]},{\"@type\":\"WebSite\",\"@id\":\"https:\\\/\\\/www.purejewels.com\\\/#website\",\"url\":\"https:\\\/\\\/www.purejewels.com\\\/\",\"name\":\"PureJewels UK\",\"description\":\"Share the Love\",\"publisher\":{\"@id\":\"https:\\\/\\\/www.purejewels.com\\\/#organization\"},\"potentialAction\":[{\"@type\":\"SearchAction\",\"target\":{\"@type\":\"EntryPoint\",\"urlTemplate\":\"https:\\\/\\\/www.purejewels.com\\\/?s={search_term_string}\"},\"query-input\":{\"@type\":\"PropertyValueSpecification\",\"valueRequired\":true,\"valueName\":\"search_term_string\"}}],\"inLanguage\":\"de\"},{\"@type\":\"Organization\",\"@id\":\"https:\\\/\\\/www.purejewels.com\\\/#organization\",\"name\":\"PureJewels UK\",\"url\":\"https:\\\/\\\/www.purejewels.com\\\/\",\"logo\":{\"@type\":\"ImageObject\",\"inLanguage\":\"de\",\"@id\":\"https:\\\/\\\/www.purejewels.com\\\/#\\\/schema\\\/logo\\\/image\\\/\",\"url\":\"https:\\\/\\\/static.purejewels.com\\\/wp-content\\\/uploads\\\/2020\\\/11\\\/Logo-PJ-New-1.png\",\"contentUrl\":\"https:\\\/\\\/static.purejewels.com\\\/wp-content\\\/uploads\\\/2020\\\/11\\\/Logo-PJ-New-1.png\",\"width\":150,\"height\":80,\"caption\":\"PureJewels UK\"},\"image\":{\"@id\":\"https:\\\/\\\/www.purejewels.com\\\/#\\\/schema\\\/logo\\\/image\\\/\"}}]}<\/script>\n<!-- \/ Yoast SEO plugin. -->","yoast_head_json":{"title":"Rosette Sunrise Gold Braut Choker Halskette | PureJewels UK","description":"Entdecken Sie die Rosette Sunrise Gold Bridal Choker Necklace von PureJewels aus 22 Karat Gold. Ein handgefertigtes Meisterwerk mit floralen Rosetten, perfekt f\u00fcr Hochzeiten und Feiern.","robots":{"index":"index","follow":"follow","max-snippet":"max-snippet:-1","max-image-preview":"max-image-preview:large","max-video-preview":"max-video-preview:-1"},"canonical":"https:\/\/www.purejewels.com\/de\/produkt-2\/rosette-sonnenaufgang-gold-brautschmuck-halskette-52002\/","og_locale":"de_DE","og_type":"article","og_title":"Rosette Sunrise Gold Bridal Choker Necklace | PureJewels UK","og_description":"Discover PureJewels\u2019 Rosette Sunrise Gold Bridal Choker Necklace in 22ct gold. A handcrafted masterpiece with floral rosettes, perfect for weddings and celebrations.","og_url":"https:\/\/www.purejewels.com\/de\/produkt-2\/rosette-sonnenaufgang-gold-brautschmuck-halskette-52002\/","og_site_name":"PureJewels UK","article_modified_time":"2026-02-05T06:09:24+00:00","og_image":[{"width":1000,"height":1000,"url":"https:\/\/static.purejewels.com\/wp-content\/uploads\/2025\/09\/Rosette-Choker.1.jpg","type":"image\/jpeg"}],"twitter_card":"summary_large_image","twitter_misc":{"Gesch\u00e4tzte Lesezeit":"2\u00a0Minuten"},"schema":{"@context":"https:\/\/schema.org","@graph":[{"@type":["WebPage","ItemPage"],"@id":"https:\/\/www.purejewels.com\/product\/rosette-sunrise-gold-bridal-choker-necklace-52002\/","url":"https:\/\/www.purejewels.com\/product\/rosette-sunrise-gold-bridal-choker-necklace-52002\/","name":"Rosette Sunrise Gold Braut Choker Halskette | PureJewels UK","isPartOf":{"@id":"https:\/\/www.purejewels.com\/#website"},"primaryImageOfPage":{"@id":"https:\/\/www.purejewels.com\/product\/rosette-sunrise-gold-bridal-choker-necklace-52002\/#primaryimage"},"image":{"@id":"https:\/\/www.purejewels.com\/product\/rosette-sunrise-gold-bridal-choker-necklace-52002\/#primaryimage"},"thumbnailUrl":"https:\/\/static.purejewels.com\/wp-content\/uploads\/2025\/09\/Rosette-Choker.1.jpg","datePublished":"2025-08-24T13:22:05+00:00","dateModified":"2026-02-05T06:09:24+00:00","description":"Entdecken Sie die Rosette Sunrise Gold Bridal Choker Necklace von PureJewels aus 22 Karat Gold. Ein handgefertigtes Meisterwerk mit floralen Rosetten, perfekt f\u00fcr Hochzeiten und Feiern.","breadcrumb":{"@id":"https:\/\/www.purejewels.com\/product\/rosette-sunrise-gold-bridal-choker-necklace-52002\/#breadcrumb"},"inLanguage":"de","potentialAction":[{"@type":"ReadAction","target":["https:\/\/www.purejewels.com\/product\/rosette-sunrise-gold-bridal-choker-necklace-52002\/"]}]},{"@type":"ImageObject","inLanguage":"de","@id":"https:\/\/www.purejewels.com\/product\/rosette-sunrise-gold-bridal-choker-necklace-52002\/#primaryimage","url":"https:\/\/static.purejewels.com\/wp-content\/uploads\/2025\/09\/Rosette-Choker.1.jpg","contentUrl":"https:\/\/static.purejewels.com\/wp-content\/uploads\/2025\/09\/Rosette-Choker.1.jpg","width":1000,"height":1000,"caption":"Rosette Sunrise Gold Bridal Choker Necklace"},{"@type":"BreadcrumbList","@id":"https:\/\/www.purejewels.com\/product\/rosette-sunrise-gold-bridal-choker-necklace-52002\/#breadcrumb","itemListElement":[{"@type":"ListItem","position":1,"name":"Home","item":"https:\/\/www.purejewels.com\/"},{"@type":"ListItem","position":2,"name":"Shop","item":"https:\/\/www.purejewels.com\/shop\/"},{"@type":"ListItem","position":3,"name":"Rosette Sunrise Gold Bridal Choker Necklace"}]},{"@type":"WebSite","@id":"https:\/\/www.purejewels.com\/#website","url":"https:\/\/www.purejewels.com\/","name":"PureJewels UK","description":"Teile die Liebe","publisher":{"@id":"https:\/\/www.purejewels.com\/#organization"},"potentialAction":[{"@type":"SearchAction","target":{"@type":"EntryPoint","urlTemplate":"https:\/\/www.purejewels.com\/?s={search_term_string}"},"query-input":{"@type":"PropertyValueSpecification","valueRequired":true,"valueName":"search_term_string"}}],"inLanguage":"de"},{"@type":"Organization","@id":"https:\/\/www.purejewels.com\/#organization","name":"PureJewels UK","url":"https:\/\/www.purejewels.com\/","logo":{"@type":"ImageObject","inLanguage":"de","@id":"https:\/\/www.purejewels.com\/#\/schema\/logo\/image\/","url":"https:\/\/static.purejewels.com\/wp-content\/uploads\/2020\/11\/Logo-PJ-New-1.png","contentUrl":"https:\/\/static.purejewels.com\/wp-content\/uploads\/2020\/11\/Logo-PJ-New-1.png","width":150,"height":80,"caption":"PureJewels UK"},"image":{"@id":"https:\/\/www.purejewels.com\/#\/schema\/logo\/image\/"}}]}},"_links":{"self":[{"href":"https:\/\/www.purejewels.com\/de\/wp-json\/wp\/v2\/product\/416727","targetHints":{"allow":["GET"]}}],"collection":[{"href":"https:\/\/www.purejewels.com\/de\/wp-json\/wp\/v2\/product"}],"about":[{"href":"https:\/\/www.purejewels.com\/de\/wp-json\/wp\/v2\/types\/product"}],"replies":[{"embeddable":true,"href":"https:\/\/www.purejewels.com\/de\/wp-json\/wp\/v2\/comments?post=416727"}],"version-history":[{"count":1,"href":"https:\/\/www.purejewels.com\/de\/wp-json\/wp\/v2\/product\/416727\/revisions"}],"predecessor-version":[{"id":416732,"href":"https:\/\/www.purejewels.com\/de\/wp-json\/wp\/v2\/product\/416727\/revisions\/416732"}],"wp:featuredmedia":[{"embeddable":true,"href":"https:\/\/www.purejewels.com\/de\/wp-json\/wp\/v2\/media\/416730"}],"wp:attachment":[{"href":"https:\/\/www.purejewels.com\/de\/wp-json\/wp\/v2\/media?parent=416727"}],"wp:term":[{"taxonomy":"product_brand","embeddable":true,"href":"https:\/\/www.purejewels.com\/de\/wp-json\/wp\/v2\/product_brand?post=416727"},{"taxonomy":"product_cat","embeddable":true,"href":"https:\/\/www.purejewels.com\/de\/wp-json\/wp\/v2\/product_cat?post=416727"},{"taxonomy":"product_tag","embeddable":true,"href":"https:\/\/www.purejewels.com\/de\/wp-json\/wp\/v2\/product_tag?post=416727"}],"curies":[{"name":"wp","href":"https:\/\/api.w.org\/{rel}","templated":true}]}}