{"id":416830,"date":"2025-08-25T09:14:53","date_gmt":"2025-08-25T08:14:53","guid":{"rendered":"https:\/\/www.purejewels.com\/?post_type=product&#038;p=416830"},"modified":"2026-01-10T16:15:12","modified_gmt":"2026-01-10T16:15:12","slug":"22ct-gold-armari-runder-armreif-mit-schraube-grose-2-4-51367","status":"publish","type":"product","link":"https:\/\/www.purejewels.com\/de\/product\/22ct-gold-armari-round-bangle-with-screw-size-2-4-51367\/","title":{"rendered":"22ct Gold Armari Runde Armreif mit Schraube | Gr\u00f6\u00dfe 2.4"},"content":{"rendered":"<h3 data-start=\"488\" data-end=\"512\"><strong data-start=\"492\" data-end=\"510\">Designkonzept<\/strong><\/h3>\n<p data-start=\"513\" data-end=\"824\">Der runde Armreif mit Schraube aus 22-kar\u00e4tigem Gold von Armari ist eine Hommage an zeitlose Formen und raffinierte Strukturen. Die klassische runde Silhouette mit offenem Gitterwerk strahlt m\u00fchelosen Charme und kulturelle Kontinuit\u00e4t aus. Der Schraubverschluss sorgt f\u00fcr einen sicheren Sitz und bewahrt die optische Symmetrie des Schmuckst\u00fccks.<\/p>\n<hr data-start=\"826\" data-end=\"829\" \/>\n<h3 data-start=\"831\" data-end=\"854\"><strong data-start=\"835\" data-end=\"852\">Handwerkliches K\u00f6nnen<\/strong><\/h3>\n<p data-start=\"855\" data-end=\"1223\">Dieser aus 18,7 Gramm 22-kar\u00e4tigem Gold gefertigte Armreif wurde in sorgf\u00e4ltiger Handarbeit mit komplizierten durchbrochenen Verzierungen und polierten Oberfl\u00e4chen hergestellt. Der Schraubmechanismus sorgt f\u00fcr einen sicheren und zuverl\u00e4ssigen Verschluss und bewahrt gleichzeitig die Sch\u00f6nheit eines durchgehenden runden Designs. Der Armreif wurde vom London Assay Office auf seine Reinheit hin gepr\u00fcft und spiegelt das Engagement von PureJewels f\u00fcr ein hervorragendes Kulturerbe wider.<\/p>\n<hr data-start=\"1225\" data-end=\"1228\" \/>\n<h3 data-start=\"1230\" data-end=\"1253\"><strong data-start=\"1234\" data-end=\"1251\">Styling-Ideen<\/strong><\/h3>\n<p data-start=\"1254\" data-end=\"1340\">Dieser Armreif ist eine vielseitige Wahl f\u00fcr das t\u00e4gliche Tragen oder besondere Anl\u00e4sse und l\u00e4sst sich wunderbar kombinieren:<\/p>\n<ul>\n<li data-start=\"1343\" data-end=\"1392\">Solo, als ein Statement f\u00fcr minimalen Goldluxus<\/li>\n<li data-start=\"1395\" data-end=\"1446\">Lagenweise, mit einfarbigen oder passenden Schraubarmb\u00e4ndern<\/li>\n<li data-start=\"1449\" data-end=\"1510\">Mit Brautsets oder festlichen Kleidern f\u00fcr einen verschn\u00f6rkelten Look<\/li>\n<\/ul>\n<p data-start=\"1512\" data-end=\"1645\">Seine klassische Struktur passt sowohl zu modernen als auch zu traditionellen Outfits und macht ihn zu einer eleganten Erg\u00e4nzung f\u00fcr jede Schmuckgarderobe.<\/p>","protected":false},"excerpt":{"rendered":"<p>Dieser runde Armreif von Armari ist aus reinem 22-kar\u00e4tigem Gold gefertigt und verf\u00fcgt \u00fcber einen klassischen Schraubverschluss f\u00fcr sicheren und eleganten Halt. Der Armreif in Gr\u00f6\u00dfe 2,4 ist mit durchbrochenen Details versehen, die ihm Dimension und Leichtigkeit verleihen. Ein zeitloses Schmuckst\u00fcck, das die traditionelle Form mit allt\u00e4glicher Eleganz verbindet.<\/p>\n<p><strong>Material:<\/strong> 22ct Gold (91,6% reines Gold)<strong><br \/>\nWahrzeichen:\u00a0<\/strong>Britisches G\u00fctesiegel<strong><br \/>\n<\/strong><strong>Bruttogewicht: <\/strong>18,70 Gramm<br \/>\n<strong>Armreif Gr\u00f6\u00dfe: <\/strong>2.4 (in verschiedenen Gr\u00f6\u00dfen erh\u00e4ltlich)<br \/>\n<strong>SKU:<\/strong> 51367<\/p>\n<p><strong>Preis und Lieferung<\/strong>: Inklusive Mehrwertsteuer und Lieferkosten<br \/>\n<strong>Anmerkung:<\/strong> der hier angegebene Preis gilt f\u00fcr einen einzelnen Armreif<br \/>\n<a href=\"https:\/\/www.purejewels.com\/de\/ruckgabepolitik\/\">R\u00fcckgabepolitik<\/a><\/p>","protected":false},"featured_media":392044,"comment_status":"closed","ping_status":"closed","template":"","meta":{"_eb_attr":"","_crsspst_to_jayantr4sg-hostcom":false},"product_brand":[],"product_cat":[1791,5640,245,1659,236,1233,1229,5271,1573,5349],"product_tag":[],"class_list":{"0":"post-416830","1":"product","2":"type-product","3":"status-publish","4":"has-post-thumbnail","6":"product_cat-anniversary-gifts","7":"product_cat-armari-bangles","8":"product_cat-armari-collections","9":"product_cat-bridal-and-party-wear-gold-kada-bangle","10":"product_cat-collections","11":"product_cat-gold-bangles","12":"product_cat-22ct-gold-jewellery","13":"product_cat-occasion-wear-bangles","14":"product_cat-wedding-gifts","15":"product_cat-yellow-gold-jewellery","17":"first","18":"outofstock","19":"taxable","20":"shipping-taxable","21":"product-type-simple","22":"add-to-wishlist-before_image"},"yoast_head":"<!-- This site is optimized with the Yoast SEO plugin v27.5 - https:\/\/yoast.com\/product\/yoast-seo-wordpress\/ -->\n<title>22ct Gold Armari Round Bangle with Screw \u2013 Size 2.4<\/title>\n<meta name=\"description\" content=\"Explore the 22ct Gold Armari Round Bangle with screw-lock. Size 2.4. Elegant, secure, and finely handcrafted with traditional openwork detailing.\" \/>\n<meta name=\"robots\" content=\"index, follow, max-snippet:-1, max-image-preview:large, max-video-preview:-1\" \/>\n<link rel=\"canonical\" href=\"https:\/\/www.purejewels.com\/de\/produkt-2\/22ct-gold-armari-runder-armreif-mit-schraube-grose-2-4-51367\/\" \/>\n<meta property=\"og:locale\" content=\"de_DE\" \/>\n<meta property=\"og:type\" content=\"article\" \/>\n<meta property=\"og:title\" content=\"22ct Gold Armari Round Bangle with Screw \u2013 Size 2.4\" \/>\n<meta property=\"og:description\" content=\"Explore the 22ct Gold Armari Round Bangle with screw-lock. Size 2.4. Elegant, secure, and finely handcrafted with traditional openwork detailing.\" \/>\n<meta property=\"og:url\" content=\"https:\/\/www.purejewels.com\/de\/produkt-2\/22ct-gold-armari-runder-armreif-mit-schraube-grose-2-4-51367\/\" \/>\n<meta property=\"og:site_name\" content=\"PureJewels UK\" \/>\n<meta property=\"article:modified_time\" content=\"2026-01-10T16:15:12+00:00\" \/>\n<meta property=\"og:image\" content=\"https:\/\/static.purejewels.com\/wp-content\/uploads\/2022\/11\/51365.png\" \/>\n\t<meta property=\"og:image:width\" content=\"1000\" \/>\n\t<meta property=\"og:image:height\" content=\"1000\" \/>\n\t<meta property=\"og:image:type\" content=\"image\/png\" \/>\n<meta name=\"twitter:card\" content=\"summary_large_image\" \/>\n<meta name=\"twitter:label1\" content=\"Gesch\u00e4tzte Lesezeit\" \/>\n\t<meta name=\"twitter:data1\" content=\"1\u00a0Minute\" \/>\n<script type=\"application\/ld+json\" class=\"yoast-schema-graph\">{\"@context\":\"https:\\\/\\\/schema.org\",\"@graph\":[{\"@type\":[\"WebPage\",\"ItemPage\"],\"@id\":\"https:\\\/\\\/www.purejewels.com\\\/product\\\/22ct-gold-armari-round-bangle-with-screw-size-2-4-51367\\\/\",\"url\":\"https:\\\/\\\/www.purejewels.com\\\/product\\\/22ct-gold-armari-round-bangle-with-screw-size-2-4-51367\\\/\",\"name\":\"22ct Gold Armari Round Bangle with Screw \u2013 Size 2.4\",\"isPartOf\":{\"@id\":\"https:\\\/\\\/www.purejewels.com\\\/#website\"},\"primaryImageOfPage\":{\"@id\":\"https:\\\/\\\/www.purejewels.com\\\/product\\\/22ct-gold-armari-round-bangle-with-screw-size-2-4-51367\\\/#primaryimage\"},\"image\":{\"@id\":\"https:\\\/\\\/www.purejewels.com\\\/product\\\/22ct-gold-armari-round-bangle-with-screw-size-2-4-51367\\\/#primaryimage\"},\"thumbnailUrl\":\"https:\\\/\\\/static.purejewels.com\\\/wp-content\\\/uploads\\\/2022\\\/11\\\/51365.png\",\"datePublished\":\"2025-08-25T08:14:53+00:00\",\"dateModified\":\"2026-01-10T16:15:12+00:00\",\"description\":\"Explore the 22ct Gold Armari Round Bangle with screw-lock. Size 2.4. Elegant, secure, and finely handcrafted with traditional openwork detailing.\",\"breadcrumb\":{\"@id\":\"https:\\\/\\\/www.purejewels.com\\\/product\\\/22ct-gold-armari-round-bangle-with-screw-size-2-4-51367\\\/#breadcrumb\"},\"inLanguage\":\"de\",\"potentialAction\":[{\"@type\":\"ReadAction\",\"target\":[\"https:\\\/\\\/www.purejewels.com\\\/product\\\/22ct-gold-armari-round-bangle-with-screw-size-2-4-51367\\\/\"]}]},{\"@type\":\"ImageObject\",\"inLanguage\":\"de\",\"@id\":\"https:\\\/\\\/www.purejewels.com\\\/product\\\/22ct-gold-armari-round-bangle-with-screw-size-2-4-51367\\\/#primaryimage\",\"url\":\"https:\\\/\\\/static.purejewels.com\\\/wp-content\\\/uploads\\\/2022\\\/11\\\/51365.png\",\"contentUrl\":\"https:\\\/\\\/static.purejewels.com\\\/wp-content\\\/uploads\\\/2022\\\/11\\\/51365.png\",\"width\":1000,\"height\":1000,\"caption\":\"22ct Gold Bangle for Ladies\"},{\"@type\":\"BreadcrumbList\",\"@id\":\"https:\\\/\\\/www.purejewels.com\\\/product\\\/22ct-gold-armari-round-bangle-with-screw-size-2-4-51367\\\/#breadcrumb\",\"itemListElement\":[{\"@type\":\"ListItem\",\"position\":1,\"name\":\"Home\",\"item\":\"https:\\\/\\\/www.purejewels.com\\\/\"},{\"@type\":\"ListItem\",\"position\":2,\"name\":\"Shop\",\"item\":\"https:\\\/\\\/www.purejewels.com\\\/shop\\\/\"},{\"@type\":\"ListItem\",\"position\":3,\"name\":\"22ct Gold Armari Round Bangle with Screw | Size 2.4\"}]},{\"@type\":\"WebSite\",\"@id\":\"https:\\\/\\\/www.purejewels.com\\\/#website\",\"url\":\"https:\\\/\\\/www.purejewels.com\\\/\",\"name\":\"PureJewels UK\",\"description\":\"Share the Love\",\"publisher\":{\"@id\":\"https:\\\/\\\/www.purejewels.com\\\/#organization\"},\"potentialAction\":[{\"@type\":\"SearchAction\",\"target\":{\"@type\":\"EntryPoint\",\"urlTemplate\":\"https:\\\/\\\/www.purejewels.com\\\/?s={search_term_string}\"},\"query-input\":{\"@type\":\"PropertyValueSpecification\",\"valueRequired\":true,\"valueName\":\"search_term_string\"}}],\"inLanguage\":\"de\"},{\"@type\":\"Organization\",\"@id\":\"https:\\\/\\\/www.purejewels.com\\\/#organization\",\"name\":\"PureJewels UK\",\"url\":\"https:\\\/\\\/www.purejewels.com\\\/\",\"logo\":{\"@type\":\"ImageObject\",\"inLanguage\":\"de\",\"@id\":\"https:\\\/\\\/www.purejewels.com\\\/#\\\/schema\\\/logo\\\/image\\\/\",\"url\":\"https:\\\/\\\/static.purejewels.com\\\/wp-content\\\/uploads\\\/2020\\\/11\\\/Logo-PJ-New-1.png\",\"contentUrl\":\"https:\\\/\\\/static.purejewels.com\\\/wp-content\\\/uploads\\\/2020\\\/11\\\/Logo-PJ-New-1.png\",\"width\":150,\"height\":80,\"caption\":\"PureJewels UK\"},\"image\":{\"@id\":\"https:\\\/\\\/www.purejewels.com\\\/#\\\/schema\\\/logo\\\/image\\\/\"}}]}<\/script>\n<!-- \/ Yoast SEO plugin. -->","yoast_head_json":{"title":"22ct Gold Armari Runde Armreif mit Schraube - Gr\u00f6\u00dfe 2.4","description":"Entdecken Sie den runden Armari-Armreif aus 22 Karat Gold mit Schraubverschluss. Gr\u00f6\u00dfe 2,4. Elegant, sicher und in feiner Handarbeit mit traditionellen durchbrochenen Details gefertigt.","robots":{"index":"index","follow":"follow","max-snippet":"max-snippet:-1","max-image-preview":"max-image-preview:large","max-video-preview":"max-video-preview:-1"},"canonical":"https:\/\/www.purejewels.com\/de\/produkt-2\/22ct-gold-armari-runder-armreif-mit-schraube-grose-2-4-51367\/","og_locale":"de_DE","og_type":"article","og_title":"22ct Gold Armari Round Bangle with Screw \u2013 Size 2.4","og_description":"Explore the 22ct Gold Armari Round Bangle with screw-lock. Size 2.4. Elegant, secure, and finely handcrafted with traditional openwork detailing.","og_url":"https:\/\/www.purejewels.com\/de\/produkt-2\/22ct-gold-armari-runder-armreif-mit-schraube-grose-2-4-51367\/","og_site_name":"PureJewels UK","article_modified_time":"2026-01-10T16:15:12+00:00","og_image":[{"width":1000,"height":1000,"url":"https:\/\/static.purejewels.com\/wp-content\/uploads\/2022\/11\/51365.png","type":"image\/png"}],"twitter_card":"summary_large_image","twitter_misc":{"Gesch\u00e4tzte Lesezeit":"1\u00a0Minute"},"schema":{"@context":"https:\/\/schema.org","@graph":[{"@type":["WebPage","ItemPage"],"@id":"https:\/\/www.purejewels.com\/product\/22ct-gold-armari-round-bangle-with-screw-size-2-4-51367\/","url":"https:\/\/www.purejewels.com\/product\/22ct-gold-armari-round-bangle-with-screw-size-2-4-51367\/","name":"22ct Gold Armari Runde Armreif mit Schraube - Gr\u00f6\u00dfe 2.4","isPartOf":{"@id":"https:\/\/www.purejewels.com\/#website"},"primaryImageOfPage":{"@id":"https:\/\/www.purejewels.com\/product\/22ct-gold-armari-round-bangle-with-screw-size-2-4-51367\/#primaryimage"},"image":{"@id":"https:\/\/www.purejewels.com\/product\/22ct-gold-armari-round-bangle-with-screw-size-2-4-51367\/#primaryimage"},"thumbnailUrl":"https:\/\/static.purejewels.com\/wp-content\/uploads\/2022\/11\/51365.png","datePublished":"2025-08-25T08:14:53+00:00","dateModified":"2026-01-10T16:15:12+00:00","description":"Entdecken Sie den runden Armari-Armreif aus 22 Karat Gold mit Schraubverschluss. Gr\u00f6\u00dfe 2,4. Elegant, sicher und in feiner Handarbeit mit traditionellen durchbrochenen Details gefertigt.","breadcrumb":{"@id":"https:\/\/www.purejewels.com\/product\/22ct-gold-armari-round-bangle-with-screw-size-2-4-51367\/#breadcrumb"},"inLanguage":"de","potentialAction":[{"@type":"ReadAction","target":["https:\/\/www.purejewels.com\/product\/22ct-gold-armari-round-bangle-with-screw-size-2-4-51367\/"]}]},{"@type":"ImageObject","inLanguage":"de","@id":"https:\/\/www.purejewels.com\/product\/22ct-gold-armari-round-bangle-with-screw-size-2-4-51367\/#primaryimage","url":"https:\/\/static.purejewels.com\/wp-content\/uploads\/2022\/11\/51365.png","contentUrl":"https:\/\/static.purejewels.com\/wp-content\/uploads\/2022\/11\/51365.png","width":1000,"height":1000,"caption":"22ct Gold Bangle for Ladies"},{"@type":"BreadcrumbList","@id":"https:\/\/www.purejewels.com\/product\/22ct-gold-armari-round-bangle-with-screw-size-2-4-51367\/#breadcrumb","itemListElement":[{"@type":"ListItem","position":1,"name":"Home","item":"https:\/\/www.purejewels.com\/"},{"@type":"ListItem","position":2,"name":"Shop","item":"https:\/\/www.purejewels.com\/shop\/"},{"@type":"ListItem","position":3,"name":"22ct Gold Armari Round Bangle with Screw | Size 2.4"}]},{"@type":"WebSite","@id":"https:\/\/www.purejewels.com\/#website","url":"https:\/\/www.purejewels.com\/","name":"PureJewels UK","description":"Teile die Liebe","publisher":{"@id":"https:\/\/www.purejewels.com\/#organization"},"potentialAction":[{"@type":"SearchAction","target":{"@type":"EntryPoint","urlTemplate":"https:\/\/www.purejewels.com\/?s={search_term_string}"},"query-input":{"@type":"PropertyValueSpecification","valueRequired":true,"valueName":"search_term_string"}}],"inLanguage":"de"},{"@type":"Organization","@id":"https:\/\/www.purejewels.com\/#organization","name":"PureJewels UK","url":"https:\/\/www.purejewels.com\/","logo":{"@type":"ImageObject","inLanguage":"de","@id":"https:\/\/www.purejewels.com\/#\/schema\/logo\/image\/","url":"https:\/\/static.purejewels.com\/wp-content\/uploads\/2020\/11\/Logo-PJ-New-1.png","contentUrl":"https:\/\/static.purejewels.com\/wp-content\/uploads\/2020\/11\/Logo-PJ-New-1.png","width":150,"height":80,"caption":"PureJewels UK"},"image":{"@id":"https:\/\/www.purejewels.com\/#\/schema\/logo\/image\/"}}]}},"_links":{"self":[{"href":"https:\/\/www.purejewels.com\/de\/wp-json\/wp\/v2\/product\/416830","targetHints":{"allow":["GET"]}}],"collection":[{"href":"https:\/\/www.purejewels.com\/de\/wp-json\/wp\/v2\/product"}],"about":[{"href":"https:\/\/www.purejewels.com\/de\/wp-json\/wp\/v2\/types\/product"}],"replies":[{"embeddable":true,"href":"https:\/\/www.purejewels.com\/de\/wp-json\/wp\/v2\/comments?post=416830"}],"version-history":[{"count":1,"href":"https:\/\/www.purejewels.com\/de\/wp-json\/wp\/v2\/product\/416830\/revisions"}],"predecessor-version":[{"id":416831,"href":"https:\/\/www.purejewels.com\/de\/wp-json\/wp\/v2\/product\/416830\/revisions\/416831"}],"wp:featuredmedia":[{"embeddable":true,"href":"https:\/\/www.purejewels.com\/de\/wp-json\/wp\/v2\/media\/392044"}],"wp:attachment":[{"href":"https:\/\/www.purejewels.com\/de\/wp-json\/wp\/v2\/media?parent=416830"}],"wp:term":[{"taxonomy":"product_brand","embeddable":true,"href":"https:\/\/www.purejewels.com\/de\/wp-json\/wp\/v2\/product_brand?post=416830"},{"taxonomy":"product_cat","embeddable":true,"href":"https:\/\/www.purejewels.com\/de\/wp-json\/wp\/v2\/product_cat?post=416830"},{"taxonomy":"product_tag","embeddable":true,"href":"https:\/\/www.purejewels.com\/de\/wp-json\/wp\/v2\/product_tag?post=416830"}],"curies":[{"name":"wp","href":"https:\/\/api.w.org\/{rel}","templated":true}]}}