{"id":416970,"date":"2025-06-26T08:03:48","date_gmt":"2025-06-26T07:03:48","guid":{"rendered":"https:\/\/www.purejewels.com\/?post_type=product&#038;p=416970"},"modified":"2026-02-15T10:05:33","modified_gmt":"2026-02-15T10:05:33","slug":"schlanker-armreif-aus-22-karat-gold-und-weisgold-in-zwei-farben-53030","status":"publish","type":"product","link":"https:\/\/www.purejewels.com\/de\/product\/22ct-gold-and-white-gold-dual-tone-sleek-bangle-53030\/","title":{"rendered":"22ct Gold Dual Tone Sleek Armreif"},"content":{"rendered":"<h3>Designkonzept<\/h3>\n<p>Dieser Armreif verk\u00f6rpert die Balance zwischen Tradition und Moderne. Inspiriert von der Einfachheit flie\u00dfender Formen, spiegelt der zweifarbige Effekt subtile Raffinesse wider und gew\u00e4hrleistet gleichzeitig Vielseitigkeit. Er ist f\u00fcr all jene gedacht, die Minimalismus suchen, ohne dabei auf Luxus zu verzichten.<\/p>\n<h3>Handwerkliches K\u00f6nnen<\/h3>\n<p>Der von erfahrenen Handwerkern in Handarbeit gefertigte Armreif ist poliert, um einen makellosen Glanz zu erzielen. Die pr\u00e4zise Integration von Wei\u00dfgold in das 22-kar\u00e4tige Band zeugt von akribischer Technik und einem Auge f\u00fcrs Detail. Der Armreif ist mit einem Feingehaltsstempel versehen und steht f\u00fcr Authentizit\u00e4t und handwerkliches K\u00f6nnen.<\/p>\n<h3>Styling-Tipps<\/h3>\n<ol>\n<li>Tragen Sie es solo f\u00fcr einen raffinierten Minimal-Look<\/li>\n<li>Ideal sowohl f\u00fcr Berufskleidung als auch f\u00fcr festliche Outfits<\/li>\n<\/ol>","protected":false},"excerpt":{"rendered":"<p>Ein eleganter Armreif aus 22-kar\u00e4tigem Gold mit einem Akzent aus Wei\u00dfgold, entworfen f\u00fcr moderne Eleganz und allt\u00e4gliche Raffinesse. Leicht und vielseitig, perfekt f\u00fcr das t\u00e4gliche Tragen und besondere Anl\u00e4sse.<\/p>\n<ul>\n<li><strong>Material:<\/strong>\u00a022ct Gold<\/li>\n<li><strong>Reinheit:<\/strong> 91.6% rein<\/li>\n<li><strong>Wahrzeichen:\u00a0<\/strong>Britisches G\u00fctesiegel<\/li>\n<li><strong>Bruttogewicht: <\/strong>9.29 Gms<\/li>\n<li><strong>Armreif Gr\u00f6\u00dfe:<\/strong> 2.4<\/li>\n<li><strong>SKU: <\/strong>53030<\/li>\n<\/ul>\n<p>&nbsp;<\/p>\n<p><strong>Preis und Lieferung: <\/strong>\u00a0Inklusive Mehrwertsteuer und Lieferkosten<strong><br \/>\n<a href=\"https:\/\/www.purejewels.com\/de\/ruckgabepolitik\/\">R\u00fcckgabepolitik<\/a><\/strong><\/p>\n<p>&nbsp;<\/p>\n<p>&nbsp;<\/p>","protected":false},"featured_media":410663,"comment_status":"closed","ping_status":"closed","template":"","meta":{"_eb_attr":"","_crsspst_to_jayantr4sg-hostcom":true},"product_brand":[],"product_cat":[1791,5270,1793,1792,1233,1229,1657,1574,5349],"product_tag":[5310],"class_list":{"0":"post-416970","1":"product","2":"type-product","3":"status-publish","4":"has-post-thumbnail","6":"product_cat-anniversary-gifts","7":"product_cat-daily-wear-bangles","8":"product_cat-diwali-gifts","9":"product_cat-festival-gifts","10":"product_cat-gold-bangles","11":"product_cat-22ct-gold-jewellery","12":"product_cat-single-bangle","13":"product_cat-womens-jewellery","14":"product_cat-yellow-gold-jewellery","15":"product_tag-22k-gold-bangles","17":"first","18":"outofstock","19":"taxable","20":"shipping-taxable","21":"product-type-simple","22":"add-to-wishlist-before_image"},"yoast_head":"<!-- This site is optimized with the Yoast SEO plugin v27.5 - https:\/\/yoast.com\/product\/yoast-seo-wordpress\/ -->\n<title>22ct Gold Sleek Dual Tone Gold Bangle | PureJewels London<\/title>\n<meta name=\"description\" content=\"Discover refined elegance with our 22ct Gold Dual Tone Sleek Bangle. Featuring a modern minimal design with white gold detail.\" \/>\n<meta name=\"robots\" content=\"index, follow, max-snippet:-1, max-image-preview:large, max-video-preview:-1\" \/>\n<link rel=\"canonical\" href=\"https:\/\/www.purejewels.com\/de\/produkt-2\/schlanker-armreif-aus-22-karat-gold-und-weisgold-in-zwei-farben-53030\/\" \/>\n<meta property=\"og:locale\" content=\"de_DE\" \/>\n<meta property=\"og:type\" content=\"article\" \/>\n<meta property=\"og:title\" content=\"22ct Gold Sleek Dual Tone Gold Bangle | PureJewels London\" \/>\n<meta property=\"og:description\" content=\"Discover refined elegance with our 22ct Gold Dual Tone Sleek Bangle. Featuring a modern minimal design with white gold detail.\" \/>\n<meta property=\"og:url\" content=\"https:\/\/www.purejewels.com\/de\/produkt-2\/schlanker-armreif-aus-22-karat-gold-und-weisgold-in-zwei-farben-53030\/\" \/>\n<meta property=\"og:site_name\" content=\"PureJewels UK\" \/>\n<meta property=\"article:modified_time\" content=\"2026-02-15T10:05:33+00:00\" \/>\n<meta property=\"og:image\" content=\"https:\/\/static.purejewels.com\/wp-content\/uploads\/2025\/04\/SKU-51153.jpg\" \/>\n\t<meta property=\"og:image:width\" content=\"1000\" \/>\n\t<meta property=\"og:image:height\" content=\"1000\" \/>\n\t<meta property=\"og:image:type\" content=\"image\/jpeg\" \/>\n<meta name=\"twitter:card\" content=\"summary_large_image\" \/>\n<meta name=\"twitter:label1\" content=\"Gesch\u00e4tzte Lesezeit\" \/>\n\t<meta name=\"twitter:data1\" content=\"1\u00a0Minute\" \/>\n<script type=\"application\/ld+json\" class=\"yoast-schema-graph\">{\"@context\":\"https:\\\/\\\/schema.org\",\"@graph\":[{\"@type\":[\"WebPage\",\"ItemPage\"],\"@id\":\"https:\\\/\\\/www.purejewels.com\\\/product\\\/22ct-gold-and-white-gold-dual-tone-sleek-bangle-53030\\\/\",\"url\":\"https:\\\/\\\/www.purejewels.com\\\/product\\\/22ct-gold-and-white-gold-dual-tone-sleek-bangle-53030\\\/\",\"name\":\"22ct Gold Sleek Dual Tone Gold Bangle | PureJewels London\",\"isPartOf\":{\"@id\":\"https:\\\/\\\/www.purejewels.com\\\/#website\"},\"primaryImageOfPage\":{\"@id\":\"https:\\\/\\\/www.purejewels.com\\\/product\\\/22ct-gold-and-white-gold-dual-tone-sleek-bangle-53030\\\/#primaryimage\"},\"image\":{\"@id\":\"https:\\\/\\\/www.purejewels.com\\\/product\\\/22ct-gold-and-white-gold-dual-tone-sleek-bangle-53030\\\/#primaryimage\"},\"thumbnailUrl\":\"https:\\\/\\\/static.purejewels.com\\\/wp-content\\\/uploads\\\/2025\\\/04\\\/SKU-51153.jpg\",\"datePublished\":\"2025-06-26T07:03:48+00:00\",\"dateModified\":\"2026-02-15T10:05:33+00:00\",\"description\":\"Discover refined elegance with our 22ct Gold Dual Tone Sleek Bangle. Featuring a modern minimal design with white gold detail.\",\"breadcrumb\":{\"@id\":\"https:\\\/\\\/www.purejewels.com\\\/product\\\/22ct-gold-and-white-gold-dual-tone-sleek-bangle-53030\\\/#breadcrumb\"},\"inLanguage\":\"de\",\"potentialAction\":[{\"@type\":\"ReadAction\",\"target\":[\"https:\\\/\\\/www.purejewels.com\\\/product\\\/22ct-gold-and-white-gold-dual-tone-sleek-bangle-53030\\\/\"]}]},{\"@type\":\"ImageObject\",\"inLanguage\":\"de\",\"@id\":\"https:\\\/\\\/www.purejewels.com\\\/product\\\/22ct-gold-and-white-gold-dual-tone-sleek-bangle-53030\\\/#primaryimage\",\"url\":\"https:\\\/\\\/static.purejewels.com\\\/wp-content\\\/uploads\\\/2025\\\/04\\\/SKU-51153.jpg\",\"contentUrl\":\"https:\\\/\\\/static.purejewels.com\\\/wp-content\\\/uploads\\\/2025\\\/04\\\/SKU-51153.jpg\",\"width\":1000,\"height\":1000,\"caption\":\"Two-Tone Sleek Gold Bangle\"},{\"@type\":\"BreadcrumbList\",\"@id\":\"https:\\\/\\\/www.purejewels.com\\\/product\\\/22ct-gold-and-white-gold-dual-tone-sleek-bangle-53030\\\/#breadcrumb\",\"itemListElement\":[{\"@type\":\"ListItem\",\"position\":1,\"name\":\"Home\",\"item\":\"https:\\\/\\\/www.purejewels.com\\\/\"},{\"@type\":\"ListItem\",\"position\":2,\"name\":\"Shop\",\"item\":\"https:\\\/\\\/www.purejewels.com\\\/shop\\\/\"},{\"@type\":\"ListItem\",\"position\":3,\"name\":\"22ct Gold Dual Tone Sleek Bangle\"}]},{\"@type\":\"WebSite\",\"@id\":\"https:\\\/\\\/www.purejewels.com\\\/#website\",\"url\":\"https:\\\/\\\/www.purejewels.com\\\/\",\"name\":\"PureJewels UK\",\"description\":\"Share the Love\",\"publisher\":{\"@id\":\"https:\\\/\\\/www.purejewels.com\\\/#organization\"},\"potentialAction\":[{\"@type\":\"SearchAction\",\"target\":{\"@type\":\"EntryPoint\",\"urlTemplate\":\"https:\\\/\\\/www.purejewels.com\\\/?s={search_term_string}\"},\"query-input\":{\"@type\":\"PropertyValueSpecification\",\"valueRequired\":true,\"valueName\":\"search_term_string\"}}],\"inLanguage\":\"de\"},{\"@type\":\"Organization\",\"@id\":\"https:\\\/\\\/www.purejewels.com\\\/#organization\",\"name\":\"PureJewels UK\",\"url\":\"https:\\\/\\\/www.purejewels.com\\\/\",\"logo\":{\"@type\":\"ImageObject\",\"inLanguage\":\"de\",\"@id\":\"https:\\\/\\\/www.purejewels.com\\\/#\\\/schema\\\/logo\\\/image\\\/\",\"url\":\"https:\\\/\\\/static.purejewels.com\\\/wp-content\\\/uploads\\\/2020\\\/11\\\/Logo-PJ-New-1.png\",\"contentUrl\":\"https:\\\/\\\/static.purejewels.com\\\/wp-content\\\/uploads\\\/2020\\\/11\\\/Logo-PJ-New-1.png\",\"width\":150,\"height\":80,\"caption\":\"PureJewels UK\"},\"image\":{\"@id\":\"https:\\\/\\\/www.purejewels.com\\\/#\\\/schema\\\/logo\\\/image\\\/\"}}]}<\/script>\n<!-- \/ Yoast SEO plugin. -->","yoast_head_json":{"title":"22ct Gold Sleek Dual Tone Gold Armreif | PureJewels London","description":"Entdecken Sie raffinierte Eleganz mit unserem 22ct Gold Dual Tone Sleek Bangle. Mit modernem, minimalistischem Design und Details aus Wei\u00dfgold.","robots":{"index":"index","follow":"follow","max-snippet":"max-snippet:-1","max-image-preview":"max-image-preview:large","max-video-preview":"max-video-preview:-1"},"canonical":"https:\/\/www.purejewels.com\/de\/produkt-2\/schlanker-armreif-aus-22-karat-gold-und-weisgold-in-zwei-farben-53030\/","og_locale":"de_DE","og_type":"article","og_title":"22ct Gold Sleek Dual Tone Gold Bangle | PureJewels London","og_description":"Discover refined elegance with our 22ct Gold Dual Tone Sleek Bangle. Featuring a modern minimal design with white gold detail.","og_url":"https:\/\/www.purejewels.com\/de\/produkt-2\/schlanker-armreif-aus-22-karat-gold-und-weisgold-in-zwei-farben-53030\/","og_site_name":"PureJewels UK","article_modified_time":"2026-02-15T10:05:33+00:00","og_image":[{"width":1000,"height":1000,"url":"https:\/\/static.purejewels.com\/wp-content\/uploads\/2025\/04\/SKU-51153.jpg","type":"image\/jpeg"}],"twitter_card":"summary_large_image","twitter_misc":{"Gesch\u00e4tzte Lesezeit":"1\u00a0Minute"},"schema":{"@context":"https:\/\/schema.org","@graph":[{"@type":["WebPage","ItemPage"],"@id":"https:\/\/www.purejewels.com\/product\/22ct-gold-and-white-gold-dual-tone-sleek-bangle-53030\/","url":"https:\/\/www.purejewels.com\/product\/22ct-gold-and-white-gold-dual-tone-sleek-bangle-53030\/","name":"22ct Gold Sleek Dual Tone Gold Armreif | PureJewels London","isPartOf":{"@id":"https:\/\/www.purejewels.com\/#website"},"primaryImageOfPage":{"@id":"https:\/\/www.purejewels.com\/product\/22ct-gold-and-white-gold-dual-tone-sleek-bangle-53030\/#primaryimage"},"image":{"@id":"https:\/\/www.purejewels.com\/product\/22ct-gold-and-white-gold-dual-tone-sleek-bangle-53030\/#primaryimage"},"thumbnailUrl":"https:\/\/static.purejewels.com\/wp-content\/uploads\/2025\/04\/SKU-51153.jpg","datePublished":"2025-06-26T07:03:48+00:00","dateModified":"2026-02-15T10:05:33+00:00","description":"Entdecken Sie raffinierte Eleganz mit unserem 22ct Gold Dual Tone Sleek Bangle. Mit modernem, minimalistischem Design und Details aus Wei\u00dfgold.","breadcrumb":{"@id":"https:\/\/www.purejewels.com\/product\/22ct-gold-and-white-gold-dual-tone-sleek-bangle-53030\/#breadcrumb"},"inLanguage":"de","potentialAction":[{"@type":"ReadAction","target":["https:\/\/www.purejewels.com\/product\/22ct-gold-and-white-gold-dual-tone-sleek-bangle-53030\/"]}]},{"@type":"ImageObject","inLanguage":"de","@id":"https:\/\/www.purejewels.com\/product\/22ct-gold-and-white-gold-dual-tone-sleek-bangle-53030\/#primaryimage","url":"https:\/\/static.purejewels.com\/wp-content\/uploads\/2025\/04\/SKU-51153.jpg","contentUrl":"https:\/\/static.purejewels.com\/wp-content\/uploads\/2025\/04\/SKU-51153.jpg","width":1000,"height":1000,"caption":"Two-Tone Sleek Gold Bangle"},{"@type":"BreadcrumbList","@id":"https:\/\/www.purejewels.com\/product\/22ct-gold-and-white-gold-dual-tone-sleek-bangle-53030\/#breadcrumb","itemListElement":[{"@type":"ListItem","position":1,"name":"Home","item":"https:\/\/www.purejewels.com\/"},{"@type":"ListItem","position":2,"name":"Shop","item":"https:\/\/www.purejewels.com\/shop\/"},{"@type":"ListItem","position":3,"name":"22ct Gold Dual Tone Sleek Bangle"}]},{"@type":"WebSite","@id":"https:\/\/www.purejewels.com\/#website","url":"https:\/\/www.purejewels.com\/","name":"PureJewels UK","description":"Teile die Liebe","publisher":{"@id":"https:\/\/www.purejewels.com\/#organization"},"potentialAction":[{"@type":"SearchAction","target":{"@type":"EntryPoint","urlTemplate":"https:\/\/www.purejewels.com\/?s={search_term_string}"},"query-input":{"@type":"PropertyValueSpecification","valueRequired":true,"valueName":"search_term_string"}}],"inLanguage":"de"},{"@type":"Organization","@id":"https:\/\/www.purejewels.com\/#organization","name":"PureJewels UK","url":"https:\/\/www.purejewels.com\/","logo":{"@type":"ImageObject","inLanguage":"de","@id":"https:\/\/www.purejewels.com\/#\/schema\/logo\/image\/","url":"https:\/\/static.purejewels.com\/wp-content\/uploads\/2020\/11\/Logo-PJ-New-1.png","contentUrl":"https:\/\/static.purejewels.com\/wp-content\/uploads\/2020\/11\/Logo-PJ-New-1.png","width":150,"height":80,"caption":"PureJewels UK"},"image":{"@id":"https:\/\/www.purejewels.com\/#\/schema\/logo\/image\/"}}]}},"_links":{"self":[{"href":"https:\/\/www.purejewels.com\/de\/wp-json\/wp\/v2\/product\/416970","targetHints":{"allow":["GET"]}}],"collection":[{"href":"https:\/\/www.purejewels.com\/de\/wp-json\/wp\/v2\/product"}],"about":[{"href":"https:\/\/www.purejewels.com\/de\/wp-json\/wp\/v2\/types\/product"}],"replies":[{"embeddable":true,"href":"https:\/\/www.purejewels.com\/de\/wp-json\/wp\/v2\/comments?post=416970"}],"version-history":[{"count":4,"href":"https:\/\/www.purejewels.com\/de\/wp-json\/wp\/v2\/product\/416970\/revisions"}],"predecessor-version":[{"id":425515,"href":"https:\/\/www.purejewels.com\/de\/wp-json\/wp\/v2\/product\/416970\/revisions\/425515"}],"wp:featuredmedia":[{"embeddable":true,"href":"https:\/\/www.purejewels.com\/de\/wp-json\/wp\/v2\/media\/410663"}],"wp:attachment":[{"href":"https:\/\/www.purejewels.com\/de\/wp-json\/wp\/v2\/media?parent=416970"}],"wp:term":[{"taxonomy":"product_brand","embeddable":true,"href":"https:\/\/www.purejewels.com\/de\/wp-json\/wp\/v2\/product_brand?post=416970"},{"taxonomy":"product_cat","embeddable":true,"href":"https:\/\/www.purejewels.com\/de\/wp-json\/wp\/v2\/product_cat?post=416970"},{"taxonomy":"product_tag","embeddable":true,"href":"https:\/\/www.purejewels.com\/de\/wp-json\/wp\/v2\/product_tag?post=416970"}],"curies":[{"name":"wp","href":"https:\/\/api.w.org\/{rel}","templated":true}]}}