{"id":417022,"date":"2025-08-26T11:18:47","date_gmt":"2025-08-26T10:18:47","guid":{"rendered":"https:\/\/www.purejewels.com\/?post_type=product&#038;p=417022"},"modified":"2026-05-11T06:31:10","modified_gmt":"2026-05-11T05:31:10","slug":"22ct-gold-rosette-solo-blume-ring-5mm","status":"publish","type":"product","link":"https:\/\/www.purejewels.com\/de\/product\/22ct-gold-rosette-solo-flower-ring-5mm\/","title":{"rendered":"22ct Gold Rosette Solo Blume Ring | 5mm"},"content":{"rendered":"<h3>Gestaltungskonzept:<\/h3>\n<p>Die <strong>5mm Rosette Blume<\/strong> in der Mitte dieses Rings ist eine k\u00fchne Interpretation des urspr\u00fcnglichen Rosetten-Designs. Die verbesserte florale Form verleiht ihm Tiefe und Dimension und f\u00e4ngt den Geist bl\u00fchender Sch\u00f6nheit in einem St\u00fcck ein, das anmutig und vielseitig ist.<\/p>\n<h3>Handwerkliches K\u00f6nnen:<\/h3>\n<p>Fachm\u00e4nnisch handgefertigt in <strong>22ct Sonnenaufgang Gold<\/strong> Dieser Ring ist das Ergebnis akribischer Kunstfertigkeit. Die Rosette wurde mit Pr\u00e4zision geformt, um ihre weichen und doch definierten Bl\u00fctenbl\u00e4tter zu erhalten, w\u00e4hrend das strukturierte Band Charakter und St\u00e4rke verleiht und so ein harmonisches Gleichgewicht von Design und Haltbarkeit schafft.<\/p>\n<h3>Stil:<\/h3>\n<p>F\u00fcr Frauen, die gerne ein subtiles Statement setzen, ist das <strong>5mm blumiger Tafelaufsatz<\/strong> bietet eine auff\u00e4llige und doch elegante Pr\u00e4senz. Perfekt, um sowohl allt\u00e4gliche Looks als auch festliche Outfits aufzuwerten, bietet er zeitlose Raffinesse und dauerhaften Komfort.<\/p>\n<p>&nbsp;<\/p>","protected":false},"excerpt":{"rendered":"<p>Die <strong>22ct Sunrise Gold Rosette Solo Blume Ring<\/strong> mit seinem <strong>5mm blumiger Tafelaufsatz<\/strong> ist ein charakteristisches Design der <strong>Kollektion Rosetten<\/strong>. Eine auff\u00e4llige Rosette sitzt auf einem fein strukturierten Goldband und macht ihn zu einer raffinierten Wahl sowohl f\u00fcr den Alltag als auch f\u00fcr besondere Anl\u00e4sse.<\/p>\n<p><strong>Material<\/strong>: 22ct Sunrise Gold (91,6% reines Gold)<br \/>\n<strong>Wahrzeichen<\/strong>: Britisches G\u00fctesiegel<br \/>\n<strong>Gewichtsbereich<\/strong>: 1.7 Gramm- 1.9 Gramm<br \/>\n<strong>Breite der Bl\u00fcte<\/strong>: Mitte Blume - 5mm<br \/>\n<strong>Ringgr\u00f6\u00dfe:<\/strong>\u00a0Erh\u00e4ltlich in verschiedenen Gr\u00f6\u00dfen<br \/>\n<strong>SKU:<\/strong> 51386, 51387, 51390, 52656, 54851<\/p>\n<p><strong>Preis und Lieferung:<\/strong>\u00a0Inklusive Mehrwertsteuer und Lieferkosten<br \/>\n<a href=\"https:\/\/www.purejewels.com\/de\/ruckgabepolitik\/\"><strong>R\u00fcckgabepolitik<\/strong><\/a><\/p>","protected":false},"featured_media":392293,"comment_status":"closed","ping_status":"closed","template":"","meta":{"_eb_attr":"","_crsspst_to_jayantr4sg-hostcom":false},"product_brand":[],"product_cat":[1791,1559,236,1785,5909,1229,1235,1786,6155,1656,5276,6081,1573,1574],"product_tag":[],"class_list":{"0":"post-417022","1":"product","2":"type-product","3":"status-publish","4":"has-post-thumbnail","6":"product_cat-anniversary-gifts","7":"product_cat-birthday-gifts","8":"product_cat-collections","9":"product_cat-daily-wear-rings","10":"product_cat-flower-ring-jewelry","11":"product_cat-22ct-gold-jewellery","12":"product_cat-gold-rings","13":"product_cat-occasional-wear-rings","14":"product_cat-rosette-zariya-rings","15":"product_cat-rosettes-collections","16":"product_cat-rosettes-ring","17":"product_cat-sunrise-gold","18":"product_cat-wedding-gifts","19":"product_cat-womens-jewellery","21":"first","22":"instock","23":"taxable","24":"shipping-taxable","25":"purchasable","26":"product-type-variable","27":"add-to-wishlist-before_image"},"yoast_head":"<!-- This site is optimized with the Yoast SEO plugin v27.5 - https:\/\/yoast.com\/product\/yoast-seo-wordpress\/ -->\n<title>22ct Sunrise Gold Rosette Solo Flower Ring 5mm | Online at UK<\/title>\n<meta name=\"description\" content=\"Discover the 22ct Sunrise Gold Rosette Solo Flower Ring with a bold 5mm floral centerpiece from the Rosettes Collection crafted with precision for timeless beauty.\" \/>\n<meta name=\"robots\" content=\"index, follow, max-snippet:-1, max-image-preview:large, max-video-preview:-1\" \/>\n<link rel=\"canonical\" href=\"https:\/\/www.purejewels.com\/de\/produkt-2\/22ct-gold-rosette-solo-blume-ring-5mm\/\" \/>\n<meta property=\"og:locale\" content=\"de_DE\" \/>\n<meta property=\"og:type\" content=\"article\" \/>\n<meta property=\"og:title\" content=\"22ct Sunrise Gold Rosette Solo Flower Ring 5mm | Online at UK\" \/>\n<meta property=\"og:description\" content=\"Discover the 22ct Sunrise Gold Rosette Solo Flower Ring with a bold 5mm floral centerpiece from the Rosettes Collection crafted with precision for timeless beauty.\" \/>\n<meta property=\"og:url\" content=\"https:\/\/www.purejewels.com\/de\/produkt-2\/22ct-gold-rosette-solo-blume-ring-5mm\/\" \/>\n<meta property=\"og:site_name\" content=\"PureJewels UK\" \/>\n<meta property=\"article:modified_time\" content=\"2026-05-11T05:31:10+00:00\" \/>\n<meta property=\"og:image\" content=\"https:\/\/static.purejewels.com\/wp-content\/uploads\/2025\/03\/51391.png\" \/>\n\t<meta property=\"og:image:width\" content=\"1000\" \/>\n\t<meta property=\"og:image:height\" content=\"1000\" \/>\n\t<meta property=\"og:image:type\" content=\"image\/png\" \/>\n<meta name=\"twitter:card\" content=\"summary_large_image\" \/>\n<meta name=\"twitter:label1\" content=\"Gesch\u00e4tzte Lesezeit\" \/>\n\t<meta name=\"twitter:data1\" content=\"1\u00a0Minute\" \/>\n<script type=\"application\/ld+json\" class=\"yoast-schema-graph\">{\"@context\":\"https:\\\/\\\/schema.org\",\"@graph\":[{\"@type\":[\"WebPage\",\"ItemPage\"],\"@id\":\"https:\\\/\\\/www.purejewels.com\\\/product\\\/22ct-gold-rosette-solo-flower-ring-5mm\\\/\",\"url\":\"https:\\\/\\\/www.purejewels.com\\\/product\\\/22ct-gold-rosette-solo-flower-ring-5mm\\\/\",\"name\":\"22ct Sunrise Gold Rosette Solo Flower Ring 5mm | Online at UK\",\"isPartOf\":{\"@id\":\"https:\\\/\\\/www.purejewels.com\\\/#website\"},\"primaryImageOfPage\":{\"@id\":\"https:\\\/\\\/www.purejewels.com\\\/product\\\/22ct-gold-rosette-solo-flower-ring-5mm\\\/#primaryimage\"},\"image\":{\"@id\":\"https:\\\/\\\/www.purejewels.com\\\/product\\\/22ct-gold-rosette-solo-flower-ring-5mm\\\/#primaryimage\"},\"thumbnailUrl\":\"https:\\\/\\\/static.purejewels.com\\\/wp-content\\\/uploads\\\/2025\\\/03\\\/51391.png\",\"datePublished\":\"2025-08-26T10:18:47+00:00\",\"dateModified\":\"2026-05-11T05:31:10+00:00\",\"description\":\"Discover the 22ct Sunrise Gold Rosette Solo Flower Ring with a bold 5mm floral centerpiece from the Rosettes Collection crafted with precision for timeless beauty.\",\"breadcrumb\":{\"@id\":\"https:\\\/\\\/www.purejewels.com\\\/product\\\/22ct-gold-rosette-solo-flower-ring-5mm\\\/#breadcrumb\"},\"inLanguage\":\"de\",\"potentialAction\":[{\"@type\":\"ReadAction\",\"target\":[\"https:\\\/\\\/www.purejewels.com\\\/product\\\/22ct-gold-rosette-solo-flower-ring-5mm\\\/\"]}]},{\"@type\":\"ImageObject\",\"inLanguage\":\"de\",\"@id\":\"https:\\\/\\\/www.purejewels.com\\\/product\\\/22ct-gold-rosette-solo-flower-ring-5mm\\\/#primaryimage\",\"url\":\"https:\\\/\\\/static.purejewels.com\\\/wp-content\\\/uploads\\\/2025\\\/03\\\/51391.png\",\"contentUrl\":\"https:\\\/\\\/static.purejewels.com\\\/wp-content\\\/uploads\\\/2025\\\/03\\\/51391.png\",\"width\":1000,\"height\":1000,\"caption\":\"Rosette Flower Ring\"},{\"@type\":\"BreadcrumbList\",\"@id\":\"https:\\\/\\\/www.purejewels.com\\\/product\\\/22ct-gold-rosette-solo-flower-ring-5mm\\\/#breadcrumb\",\"itemListElement\":[{\"@type\":\"ListItem\",\"position\":1,\"name\":\"Home\",\"item\":\"https:\\\/\\\/www.purejewels.com\\\/\"},{\"@type\":\"ListItem\",\"position\":2,\"name\":\"Shop\",\"item\":\"https:\\\/\\\/www.purejewels.com\\\/shop\\\/\"},{\"@type\":\"ListItem\",\"position\":3,\"name\":\"22ct Gold Rosette Solo Flower Ring | 5mm\"}]},{\"@type\":\"WebSite\",\"@id\":\"https:\\\/\\\/www.purejewels.com\\\/#website\",\"url\":\"https:\\\/\\\/www.purejewels.com\\\/\",\"name\":\"PureJewels UK\",\"description\":\"Share the Love\",\"publisher\":{\"@id\":\"https:\\\/\\\/www.purejewels.com\\\/#organization\"},\"potentialAction\":[{\"@type\":\"SearchAction\",\"target\":{\"@type\":\"EntryPoint\",\"urlTemplate\":\"https:\\\/\\\/www.purejewels.com\\\/?s={search_term_string}\"},\"query-input\":{\"@type\":\"PropertyValueSpecification\",\"valueRequired\":true,\"valueName\":\"search_term_string\"}}],\"inLanguage\":\"de\"},{\"@type\":\"Organization\",\"@id\":\"https:\\\/\\\/www.purejewels.com\\\/#organization\",\"name\":\"PureJewels UK\",\"url\":\"https:\\\/\\\/www.purejewels.com\\\/\",\"logo\":{\"@type\":\"ImageObject\",\"inLanguage\":\"de\",\"@id\":\"https:\\\/\\\/www.purejewels.com\\\/#\\\/schema\\\/logo\\\/image\\\/\",\"url\":\"https:\\\/\\\/static.purejewels.com\\\/wp-content\\\/uploads\\\/2020\\\/11\\\/Logo-PJ-New-1.png\",\"contentUrl\":\"https:\\\/\\\/static.purejewels.com\\\/wp-content\\\/uploads\\\/2020\\\/11\\\/Logo-PJ-New-1.png\",\"width\":150,\"height\":80,\"caption\":\"PureJewels UK\"},\"image\":{\"@id\":\"https:\\\/\\\/www.purejewels.com\\\/#\\\/schema\\\/logo\\\/image\\\/\"}}]}<\/script>\n<!-- \/ Yoast SEO plugin. -->","yoast_head_json":{"title":"22ct Sunrise Gold Rosette Solo Blume Ring 5mm | Online bei UK","description":"Entdecken Sie den 22ct Sunrise Gold Rosette Solo Flower Ring mit einem 5 mm gro\u00dfen floralen Mittelst\u00fcck aus der Rosettes Collection, die mit Pr\u00e4zision f\u00fcr zeitlose Sch\u00f6nheit gefertigt wurde.","robots":{"index":"index","follow":"follow","max-snippet":"max-snippet:-1","max-image-preview":"max-image-preview:large","max-video-preview":"max-video-preview:-1"},"canonical":"https:\/\/www.purejewels.com\/de\/produkt-2\/22ct-gold-rosette-solo-blume-ring-5mm\/","og_locale":"de_DE","og_type":"article","og_title":"22ct Sunrise Gold Rosette Solo Flower Ring 5mm | Online at UK","og_description":"Discover the 22ct Sunrise Gold Rosette Solo Flower Ring with a bold 5mm floral centerpiece from the Rosettes Collection crafted with precision for timeless beauty.","og_url":"https:\/\/www.purejewels.com\/de\/produkt-2\/22ct-gold-rosette-solo-blume-ring-5mm\/","og_site_name":"PureJewels UK","article_modified_time":"2026-05-11T05:31:10+00:00","og_image":[{"width":1000,"height":1000,"url":"https:\/\/static.purejewels.com\/wp-content\/uploads\/2025\/03\/51391.png","type":"image\/png"}],"twitter_card":"summary_large_image","twitter_misc":{"Gesch\u00e4tzte Lesezeit":"1\u00a0Minute"},"schema":{"@context":"https:\/\/schema.org","@graph":[{"@type":["WebPage","ItemPage"],"@id":"https:\/\/www.purejewels.com\/product\/22ct-gold-rosette-solo-flower-ring-5mm\/","url":"https:\/\/www.purejewels.com\/product\/22ct-gold-rosette-solo-flower-ring-5mm\/","name":"22ct Sunrise Gold Rosette Solo Blume Ring 5mm | Online bei UK","isPartOf":{"@id":"https:\/\/www.purejewels.com\/#website"},"primaryImageOfPage":{"@id":"https:\/\/www.purejewels.com\/product\/22ct-gold-rosette-solo-flower-ring-5mm\/#primaryimage"},"image":{"@id":"https:\/\/www.purejewels.com\/product\/22ct-gold-rosette-solo-flower-ring-5mm\/#primaryimage"},"thumbnailUrl":"https:\/\/static.purejewels.com\/wp-content\/uploads\/2025\/03\/51391.png","datePublished":"2025-08-26T10:18:47+00:00","dateModified":"2026-05-11T05:31:10+00:00","description":"Entdecken Sie den 22ct Sunrise Gold Rosette Solo Flower Ring mit einem 5 mm gro\u00dfen floralen Mittelst\u00fcck aus der Rosettes Collection, die mit Pr\u00e4zision f\u00fcr zeitlose Sch\u00f6nheit gefertigt wurde.","breadcrumb":{"@id":"https:\/\/www.purejewels.com\/product\/22ct-gold-rosette-solo-flower-ring-5mm\/#breadcrumb"},"inLanguage":"de","potentialAction":[{"@type":"ReadAction","target":["https:\/\/www.purejewels.com\/product\/22ct-gold-rosette-solo-flower-ring-5mm\/"]}]},{"@type":"ImageObject","inLanguage":"de","@id":"https:\/\/www.purejewels.com\/product\/22ct-gold-rosette-solo-flower-ring-5mm\/#primaryimage","url":"https:\/\/static.purejewels.com\/wp-content\/uploads\/2025\/03\/51391.png","contentUrl":"https:\/\/static.purejewels.com\/wp-content\/uploads\/2025\/03\/51391.png","width":1000,"height":1000,"caption":"Rosette Flower Ring"},{"@type":"BreadcrumbList","@id":"https:\/\/www.purejewels.com\/product\/22ct-gold-rosette-solo-flower-ring-5mm\/#breadcrumb","itemListElement":[{"@type":"ListItem","position":1,"name":"Home","item":"https:\/\/www.purejewels.com\/"},{"@type":"ListItem","position":2,"name":"Shop","item":"https:\/\/www.purejewels.com\/shop\/"},{"@type":"ListItem","position":3,"name":"22ct Gold Rosette Solo Flower Ring | 5mm"}]},{"@type":"WebSite","@id":"https:\/\/www.purejewels.com\/#website","url":"https:\/\/www.purejewels.com\/","name":"PureJewels UK","description":"Teile die Liebe","publisher":{"@id":"https:\/\/www.purejewels.com\/#organization"},"potentialAction":[{"@type":"SearchAction","target":{"@type":"EntryPoint","urlTemplate":"https:\/\/www.purejewels.com\/?s={search_term_string}"},"query-input":{"@type":"PropertyValueSpecification","valueRequired":true,"valueName":"search_term_string"}}],"inLanguage":"de"},{"@type":"Organization","@id":"https:\/\/www.purejewels.com\/#organization","name":"PureJewels UK","url":"https:\/\/www.purejewels.com\/","logo":{"@type":"ImageObject","inLanguage":"de","@id":"https:\/\/www.purejewels.com\/#\/schema\/logo\/image\/","url":"https:\/\/static.purejewels.com\/wp-content\/uploads\/2020\/11\/Logo-PJ-New-1.png","contentUrl":"https:\/\/static.purejewels.com\/wp-content\/uploads\/2020\/11\/Logo-PJ-New-1.png","width":150,"height":80,"caption":"PureJewels UK"},"image":{"@id":"https:\/\/www.purejewels.com\/#\/schema\/logo\/image\/"}}]}},"_links":{"self":[{"href":"https:\/\/www.purejewels.com\/de\/wp-json\/wp\/v2\/product\/417022","targetHints":{"allow":["GET"]}}],"collection":[{"href":"https:\/\/www.purejewels.com\/de\/wp-json\/wp\/v2\/product"}],"about":[{"href":"https:\/\/www.purejewels.com\/de\/wp-json\/wp\/v2\/types\/product"}],"replies":[{"embeddable":true,"href":"https:\/\/www.purejewels.com\/de\/wp-json\/wp\/v2\/comments?post=417022"}],"version-history":[{"count":3,"href":"https:\/\/www.purejewels.com\/de\/wp-json\/wp\/v2\/product\/417022\/revisions"}],"predecessor-version":[{"id":426904,"href":"https:\/\/www.purejewels.com\/de\/wp-json\/wp\/v2\/product\/417022\/revisions\/426904"}],"wp:featuredmedia":[{"embeddable":true,"href":"https:\/\/www.purejewels.com\/de\/wp-json\/wp\/v2\/media\/392293"}],"wp:attachment":[{"href":"https:\/\/www.purejewels.com\/de\/wp-json\/wp\/v2\/media?parent=417022"}],"wp:term":[{"taxonomy":"product_brand","embeddable":true,"href":"https:\/\/www.purejewels.com\/de\/wp-json\/wp\/v2\/product_brand?post=417022"},{"taxonomy":"product_cat","embeddable":true,"href":"https:\/\/www.purejewels.com\/de\/wp-json\/wp\/v2\/product_cat?post=417022"},{"taxonomy":"product_tag","embeddable":true,"href":"https:\/\/www.purejewels.com\/de\/wp-json\/wp\/v2\/product_tag?post=417022"}],"curies":[{"name":"wp","href":"https:\/\/api.w.org\/{rel}","templated":true}]}}