{"id":417041,"date":"2025-06-26T11:44:55","date_gmt":"2025-06-26T10:44:55","guid":{"rendered":"https:\/\/www.purejewels.com\/?post_type=product&#038;p=417041"},"modified":"2026-04-24T12:12:50","modified_gmt":"2026-04-24T11:12:50","slug":"22-kt-gold-ohrring-mit-cz-steinen-53037","status":"publish","type":"product","link":"https:\/\/www.purejewels.com\/de\/product\/22ct-gold-hoop-earring-with-cz-stones-53037\/","title":{"rendered":"Cubic Zirkonia Reifen aus 22ct Gold"},"content":{"rendered":"<p data-start=\"156\" data-end=\"438\"><strong data-start=\"156\" data-end=\"174\">Designkonzept<\/strong><br data-start=\"174\" data-end=\"177\" \/>Eine zeitlose Reifensilhouette, neu interpretiert mit moderner Anmut. Jede Kurve ist mit pr\u00e4zisionsgefassten Zirkonia-Steinen verziert, die das Licht aus jedem Winkel einfangen und reflektieren - f\u00fcr ein leuchtendes Funkeln, das unaufdringliche Raffinesse ausstrahlt.<\/p>\n<p data-start=\"440\" data-end=\"715\"><strong data-start=\"440\" data-end=\"457\">Handwerkliches K\u00f6nnen<\/strong><br data-start=\"457\" data-end=\"460\" \/>Fachm\u00e4nnisch handgefertigt in <strong data-start=\"484\" data-end=\"504\">22 Karat Gelbgold<\/strong>ist dieses St\u00fcck ein Beispiel f\u00fcr sorgf\u00e4ltige Kunstfertigkeit. Jeder Stein ist einzeln gefasst, um eine dauerhafte Brillanz zu gew\u00e4hrleisten, w\u00e4hrend das Markenzeichen des <strong data-start=\"638\" data-end=\"661\">Londoner Bescheinigungsamt<\/strong> garantiert die Reinheit und Echtheit des Goldes.<\/p>\n<p data-start=\"717\" data-end=\"1029\"><strong data-start=\"717\" data-end=\"740\">Styling-Inspiration<\/strong><br data-start=\"740\" data-end=\"743\" \/>Diese m\u00fchelos vielseitigen Reifringe lassen sich wunderbar vom Tag zum Abend kombinieren. Tragen Sie sie allein f\u00fcr ein raffiniertes Statement oder kombinieren Sie sie mit einem passenden Anh\u00e4nger oder Armband f\u00fcr einen harmonischen, strahlenden Look. Perfekt, um einen Hauch von moderner Eleganz sowohl zu legerer als auch zu formeller Kleidung zu tragen.<\/p>","protected":false},"excerpt":{"rendered":"<p>22ct Gold Fancy Cubic Zirconia Hoops. Eine perfekte Mischung aus traditionellem Gold und modernem Flair. Geeignet f\u00fcr den t\u00e4glichen Gebrauch.<\/p>\n<ul>\n<li><strong>Material:<\/strong> 22ct Gold<\/li>\n<li><strong>Wahrzeichen: <\/strong>Britisches G\u00fctesiegel<\/li>\n<li><strong>Bruttogewicht: <\/strong>2,76 Gramm<\/li>\n<li><strong>SKU: <\/strong>53037<\/li>\n<\/ul>\n<p><strong>Preis und Lieferung: <\/strong>Inklusive Mehrwertsteuer und Lieferkosten<br \/>\n<strong><a href=\"https:\/\/www.purejewels.com\/de\/ruckgabepolitik\/\">R\u00fcckgabepolitik<\/a><\/strong><\/p>","protected":false},"featured_media":398662,"comment_status":"closed","ping_status":"closed","template":"","meta":{"_eb_attr":"","_crsspst_to_jayantr4sg-hostcom":true},"product_brand":[],"product_cat":[1793,1792,1790,1254,1229,1579,5343,1573,1574,5349],"product_tag":[5933,5922,66],"class_list":{"0":"post-417041","1":"product","2":"type-product","3":"status-publish","4":"has-post-thumbnail","6":"product_cat-diwali-gifts","7":"product_cat-festival-gifts","8":"product_cat-for-whom-when","9":"product_cat-gold-earrings","10":"product_cat-22ct-gold-jewellery","11":"product_cat-hoop-earrings","12":"product_cat-jewellery-under-550","13":"product_cat-wedding-gifts","14":"product_cat-womens-jewellery","15":"product_cat-yellow-gold-jewellery","16":"product_tag-22ct-gold","17":"product_tag-22ct-gold-earrings","18":"product_tag-earrings","20":"first","21":"outofstock","22":"taxable","23":"shipping-taxable","24":"product-type-simple","25":"add-to-wishlist-before_image"},"yoast_head":"<!-- This site is optimized with the Yoast SEO plugin v27.5 - https:\/\/yoast.com\/product\/yoast-seo-wordpress\/ -->\n<title>22ct Gold Hoop Earrings | Cubic Zirconia Stones | PureJewels UK<\/title>\n<meta name=\"description\" content=\"Make a statement with 22ct Gold Hoops adorned with a double row of Cubic Zirconia stones, luxurious sparkle and refined craftsmanship by PureJewels.\" \/>\n<meta name=\"robots\" content=\"index, follow, max-snippet:-1, max-image-preview:large, max-video-preview:-1\" \/>\n<link rel=\"canonical\" href=\"https:\/\/www.purejewels.com\/de\/produkt-2\/22-kt-gold-ohrring-mit-cz-steinen-53037\/\" \/>\n<meta property=\"og:locale\" content=\"de_DE\" \/>\n<meta property=\"og:type\" content=\"article\" \/>\n<meta property=\"og:title\" content=\"22ct Gold Hoop Earrings | Cubic Zirconia Stones | PureJewels UK\" \/>\n<meta property=\"og:description\" content=\"Make a statement with 22ct Gold Hoops adorned with a double row of Cubic Zirconia stones, luxurious sparkle and refined craftsmanship by PureJewels.\" \/>\n<meta property=\"og:url\" content=\"https:\/\/www.purejewels.com\/de\/produkt-2\/22-kt-gold-ohrring-mit-cz-steinen-53037\/\" \/>\n<meta property=\"og:site_name\" content=\"PureJewels UK\" \/>\n<meta property=\"article:modified_time\" content=\"2026-04-24T11:12:50+00:00\" \/>\n<meta property=\"og:image\" content=\"https:\/\/static.purejewels.com\/wp-content\/uploads\/2025\/05\/SST381-05I2.png\" \/>\n\t<meta property=\"og:image:width\" content=\"1000\" \/>\n\t<meta property=\"og:image:height\" content=\"1000\" \/>\n\t<meta property=\"og:image:type\" content=\"image\/png\" \/>\n<meta name=\"twitter:card\" content=\"summary_large_image\" \/>\n<meta name=\"twitter:label1\" content=\"Gesch\u00e4tzte Lesezeit\" \/>\n\t<meta name=\"twitter:data1\" content=\"1\u00a0Minute\" \/>\n<script type=\"application\/ld+json\" class=\"yoast-schema-graph\">{\"@context\":\"https:\\\/\\\/schema.org\",\"@graph\":[{\"@type\":[\"WebPage\",\"ItemPage\"],\"@id\":\"https:\\\/\\\/www.purejewels.com\\\/product\\\/22ct-gold-hoop-earring-with-cz-stones-53037\\\/\",\"url\":\"https:\\\/\\\/www.purejewels.com\\\/product\\\/22ct-gold-hoop-earring-with-cz-stones-53037\\\/\",\"name\":\"22ct Gold Hoop Earrings | Cubic Zirconia Stones | PureJewels UK\",\"isPartOf\":{\"@id\":\"https:\\\/\\\/www.purejewels.com\\\/#website\"},\"primaryImageOfPage\":{\"@id\":\"https:\\\/\\\/www.purejewels.com\\\/product\\\/22ct-gold-hoop-earring-with-cz-stones-53037\\\/#primaryimage\"},\"image\":{\"@id\":\"https:\\\/\\\/www.purejewels.com\\\/product\\\/22ct-gold-hoop-earring-with-cz-stones-53037\\\/#primaryimage\"},\"thumbnailUrl\":\"https:\\\/\\\/static.purejewels.com\\\/wp-content\\\/uploads\\\/2025\\\/05\\\/SST381-05I2.png\",\"datePublished\":\"2025-06-26T10:44:55+00:00\",\"dateModified\":\"2026-04-24T11:12:50+00:00\",\"description\":\"Make a statement with 22ct Gold Hoops adorned with a double row of Cubic Zirconia stones, luxurious sparkle and refined craftsmanship by PureJewels.\",\"breadcrumb\":{\"@id\":\"https:\\\/\\\/www.purejewels.com\\\/product\\\/22ct-gold-hoop-earring-with-cz-stones-53037\\\/#breadcrumb\"},\"inLanguage\":\"de\",\"potentialAction\":[{\"@type\":\"ReadAction\",\"target\":[\"https:\\\/\\\/www.purejewels.com\\\/product\\\/22ct-gold-hoop-earring-with-cz-stones-53037\\\/\"]}]},{\"@type\":\"ImageObject\",\"inLanguage\":\"de\",\"@id\":\"https:\\\/\\\/www.purejewels.com\\\/product\\\/22ct-gold-hoop-earring-with-cz-stones-53037\\\/#primaryimage\",\"url\":\"https:\\\/\\\/static.purejewels.com\\\/wp-content\\\/uploads\\\/2025\\\/05\\\/SST381-05I2.png\",\"contentUrl\":\"https:\\\/\\\/static.purejewels.com\\\/wp-content\\\/uploads\\\/2025\\\/05\\\/SST381-05I2.png\",\"width\":1000,\"height\":1000},{\"@type\":\"BreadcrumbList\",\"@id\":\"https:\\\/\\\/www.purejewels.com\\\/product\\\/22ct-gold-hoop-earring-with-cz-stones-53037\\\/#breadcrumb\",\"itemListElement\":[{\"@type\":\"ListItem\",\"position\":1,\"name\":\"Home\",\"item\":\"https:\\\/\\\/www.purejewels.com\\\/\"},{\"@type\":\"ListItem\",\"position\":2,\"name\":\"Shop\",\"item\":\"https:\\\/\\\/www.purejewels.com\\\/shop\\\/\"},{\"@type\":\"ListItem\",\"position\":3,\"name\":\"Cubic Zirconia Hoops in 22ct Gold\"}]},{\"@type\":\"WebSite\",\"@id\":\"https:\\\/\\\/www.purejewels.com\\\/#website\",\"url\":\"https:\\\/\\\/www.purejewels.com\\\/\",\"name\":\"PureJewels UK\",\"description\":\"Share the Love\",\"publisher\":{\"@id\":\"https:\\\/\\\/www.purejewels.com\\\/#organization\"},\"potentialAction\":[{\"@type\":\"SearchAction\",\"target\":{\"@type\":\"EntryPoint\",\"urlTemplate\":\"https:\\\/\\\/www.purejewels.com\\\/?s={search_term_string}\"},\"query-input\":{\"@type\":\"PropertyValueSpecification\",\"valueRequired\":true,\"valueName\":\"search_term_string\"}}],\"inLanguage\":\"de\"},{\"@type\":\"Organization\",\"@id\":\"https:\\\/\\\/www.purejewels.com\\\/#organization\",\"name\":\"PureJewels UK\",\"url\":\"https:\\\/\\\/www.purejewels.com\\\/\",\"logo\":{\"@type\":\"ImageObject\",\"inLanguage\":\"de\",\"@id\":\"https:\\\/\\\/www.purejewels.com\\\/#\\\/schema\\\/logo\\\/image\\\/\",\"url\":\"https:\\\/\\\/static.purejewels.com\\\/wp-content\\\/uploads\\\/2020\\\/11\\\/Logo-PJ-New-1.png\",\"contentUrl\":\"https:\\\/\\\/static.purejewels.com\\\/wp-content\\\/uploads\\\/2020\\\/11\\\/Logo-PJ-New-1.png\",\"width\":150,\"height\":80,\"caption\":\"PureJewels UK\"},\"image\":{\"@id\":\"https:\\\/\\\/www.purejewels.com\\\/#\\\/schema\\\/logo\\\/image\\\/\"}}]}<\/script>\n<!-- \/ Yoast SEO plugin. -->","yoast_head_json":{"title":"22ct Gold Hoop Ohrringe | kubische Zirkonia Steine | PureJewels UK","description":"Setzen Sie ein Zeichen mit den 22-kar\u00e4tigen Goldreifen, die mit einer doppelten Reihe kubischer Zirkoniasteine, luxuri\u00f6sem Funkeln und raffinierter Handwerkskunst von PureJewels verziert sind.","robots":{"index":"index","follow":"follow","max-snippet":"max-snippet:-1","max-image-preview":"max-image-preview:large","max-video-preview":"max-video-preview:-1"},"canonical":"https:\/\/www.purejewels.com\/de\/produkt-2\/22-kt-gold-ohrring-mit-cz-steinen-53037\/","og_locale":"de_DE","og_type":"article","og_title":"22ct Gold Hoop Earrings | Cubic Zirconia Stones | PureJewels UK","og_description":"Make a statement with 22ct Gold Hoops adorned with a double row of Cubic Zirconia stones, luxurious sparkle and refined craftsmanship by PureJewels.","og_url":"https:\/\/www.purejewels.com\/de\/produkt-2\/22-kt-gold-ohrring-mit-cz-steinen-53037\/","og_site_name":"PureJewels UK","article_modified_time":"2026-04-24T11:12:50+00:00","og_image":[{"width":1000,"height":1000,"url":"https:\/\/static.purejewels.com\/wp-content\/uploads\/2025\/05\/SST381-05I2.png","type":"image\/png"}],"twitter_card":"summary_large_image","twitter_misc":{"Gesch\u00e4tzte Lesezeit":"1\u00a0Minute"},"schema":{"@context":"https:\/\/schema.org","@graph":[{"@type":["WebPage","ItemPage"],"@id":"https:\/\/www.purejewels.com\/product\/22ct-gold-hoop-earring-with-cz-stones-53037\/","url":"https:\/\/www.purejewels.com\/product\/22ct-gold-hoop-earring-with-cz-stones-53037\/","name":"22ct Gold Hoop Ohrringe | kubische Zirkonia Steine | PureJewels UK","isPartOf":{"@id":"https:\/\/www.purejewels.com\/#website"},"primaryImageOfPage":{"@id":"https:\/\/www.purejewels.com\/product\/22ct-gold-hoop-earring-with-cz-stones-53037\/#primaryimage"},"image":{"@id":"https:\/\/www.purejewels.com\/product\/22ct-gold-hoop-earring-with-cz-stones-53037\/#primaryimage"},"thumbnailUrl":"https:\/\/static.purejewels.com\/wp-content\/uploads\/2025\/05\/SST381-05I2.png","datePublished":"2025-06-26T10:44:55+00:00","dateModified":"2026-04-24T11:12:50+00:00","description":"Setzen Sie ein Zeichen mit den 22-kar\u00e4tigen Goldreifen, die mit einer doppelten Reihe kubischer Zirkoniasteine, luxuri\u00f6sem Funkeln und raffinierter Handwerkskunst von PureJewels verziert sind.","breadcrumb":{"@id":"https:\/\/www.purejewels.com\/product\/22ct-gold-hoop-earring-with-cz-stones-53037\/#breadcrumb"},"inLanguage":"de","potentialAction":[{"@type":"ReadAction","target":["https:\/\/www.purejewels.com\/product\/22ct-gold-hoop-earring-with-cz-stones-53037\/"]}]},{"@type":"ImageObject","inLanguage":"de","@id":"https:\/\/www.purejewels.com\/product\/22ct-gold-hoop-earring-with-cz-stones-53037\/#primaryimage","url":"https:\/\/static.purejewels.com\/wp-content\/uploads\/2025\/05\/SST381-05I2.png","contentUrl":"https:\/\/static.purejewels.com\/wp-content\/uploads\/2025\/05\/SST381-05I2.png","width":1000,"height":1000},{"@type":"BreadcrumbList","@id":"https:\/\/www.purejewels.com\/product\/22ct-gold-hoop-earring-with-cz-stones-53037\/#breadcrumb","itemListElement":[{"@type":"ListItem","position":1,"name":"Home","item":"https:\/\/www.purejewels.com\/"},{"@type":"ListItem","position":2,"name":"Shop","item":"https:\/\/www.purejewels.com\/shop\/"},{"@type":"ListItem","position":3,"name":"Cubic Zirconia Hoops in 22ct Gold"}]},{"@type":"WebSite","@id":"https:\/\/www.purejewels.com\/#website","url":"https:\/\/www.purejewels.com\/","name":"PureJewels UK","description":"Teile die Liebe","publisher":{"@id":"https:\/\/www.purejewels.com\/#organization"},"potentialAction":[{"@type":"SearchAction","target":{"@type":"EntryPoint","urlTemplate":"https:\/\/www.purejewels.com\/?s={search_term_string}"},"query-input":{"@type":"PropertyValueSpecification","valueRequired":true,"valueName":"search_term_string"}}],"inLanguage":"de"},{"@type":"Organization","@id":"https:\/\/www.purejewels.com\/#organization","name":"PureJewels UK","url":"https:\/\/www.purejewels.com\/","logo":{"@type":"ImageObject","inLanguage":"de","@id":"https:\/\/www.purejewels.com\/#\/schema\/logo\/image\/","url":"https:\/\/static.purejewels.com\/wp-content\/uploads\/2020\/11\/Logo-PJ-New-1.png","contentUrl":"https:\/\/static.purejewels.com\/wp-content\/uploads\/2020\/11\/Logo-PJ-New-1.png","width":150,"height":80,"caption":"PureJewels UK"},"image":{"@id":"https:\/\/www.purejewels.com\/#\/schema\/logo\/image\/"}}]}},"_links":{"self":[{"href":"https:\/\/www.purejewels.com\/de\/wp-json\/wp\/v2\/product\/417041","targetHints":{"allow":["GET"]}}],"collection":[{"href":"https:\/\/www.purejewels.com\/de\/wp-json\/wp\/v2\/product"}],"about":[{"href":"https:\/\/www.purejewels.com\/de\/wp-json\/wp\/v2\/types\/product"}],"replies":[{"embeddable":true,"href":"https:\/\/www.purejewels.com\/de\/wp-json\/wp\/v2\/comments?post=417041"}],"version-history":[{"count":3,"href":"https:\/\/www.purejewels.com\/de\/wp-json\/wp\/v2\/product\/417041\/revisions"}],"predecessor-version":[{"id":418206,"href":"https:\/\/www.purejewels.com\/de\/wp-json\/wp\/v2\/product\/417041\/revisions\/418206"}],"wp:featuredmedia":[{"embeddable":true,"href":"https:\/\/www.purejewels.com\/de\/wp-json\/wp\/v2\/media\/398662"}],"wp:attachment":[{"href":"https:\/\/www.purejewels.com\/de\/wp-json\/wp\/v2\/media?parent=417041"}],"wp:term":[{"taxonomy":"product_brand","embeddable":true,"href":"https:\/\/www.purejewels.com\/de\/wp-json\/wp\/v2\/product_brand?post=417041"},{"taxonomy":"product_cat","embeddable":true,"href":"https:\/\/www.purejewels.com\/de\/wp-json\/wp\/v2\/product_cat?post=417041"},{"taxonomy":"product_tag","embeddable":true,"href":"https:\/\/www.purejewels.com\/de\/wp-json\/wp\/v2\/product_tag?post=417041"}],"curies":[{"name":"wp","href":"https:\/\/api.w.org\/{rel}","templated":true}]}}