{"id":417073,"date":"2025-06-26T13:37:49","date_gmt":"2025-06-26T12:37:49","guid":{"rendered":"https:\/\/www.purejewels.com\/?post_type=product&#038;p=417073"},"modified":"2026-02-04T13:17:16","modified_gmt":"2026-02-04T13:17:16","slug":"22-kt-gelbgold-cz-solitaire-ring-53130","status":"publish","type":"product","link":"https:\/\/www.purejewels.com\/de\/product\/22ct-yellow-gold-cz-solitaire-ring-53130\/","title":{"rendered":"22ct Gelbgold Solit\u00e4r Ring"},"content":{"rendered":"<h3>Designkonzept<\/h3>\n<p>Das Design konzentriert sich auf zeitlose Schlichtheit mit einem einzelnen Solit\u00e4r-CZ-Stein, der in reichem Gelbgold gefasst ist. Es spiegelt Raffinesse und unaufdringlichen Charme wider und eignet sich f\u00fcr jeden Anlass.<\/p>\n<h3>Handwerkliches K\u00f6nnen<\/h3>\n<p>Fachm\u00e4nnisch handgefertigt aus 22-kar\u00e4tigem Gold mit pr\u00e4ziser Solit\u00e4rsteinfassung. Jeder Ring wird vom London Assay Office gestempelt, um die Echtheit und Reinheit des Goldes zu gew\u00e4hrleisten.<\/p>\n<h3>Styling-Tipps<\/h3>\n<p>Tragen Sie diesen Solit\u00e4rring als Einzelst\u00fcck oder kombinieren Sie ihn mit zarten Goldb\u00e4ndern f\u00fcr einen mehrschichtigen Look. Perfekt f\u00fcr Verlobungen oder um Alltagsoutfits Eleganz zu verleihen.<\/p>","protected":false},"excerpt":{"rendered":"<p>22 Karat Goldring mit funkelndem Solit\u00e4r-Zirkonia-Stein. Pr\u00e4zise handgefertigt und mit Echtheitsstempel versehen.<\/p>\n<p><strong>Material:<\/strong>\u00a022ct Gold<br \/>\n<strong>Reinheit:<\/strong>\u00a091.6% reines Gold<br \/>\n<strong>Wahrzeichen:<\/strong>\u00a0Britisches G\u00fctesiegel<strong><br \/>\nBruttogewichtsbereich: <\/strong>1,57 g \u2013 1,75 g<br \/>\n<strong>SKU:<\/strong> 53130, 51801, 41596<br \/>\n<strong>Stein:<\/strong> Kubische Zirkoniumdioxid (CZ)<br \/>\n<strong>Angemessenheit:<\/strong>\u00a0Kann im Alltag und beim Duschen getragen werden<br \/>\n<strong>Farbe:<\/strong> Gelbgold ist die nat\u00fcrliche Farbe und wird bei t\u00e4glichem Gebrauch nicht verblassen oder sich verf\u00e4rben.<\/p>\n<p><strong>Preis und Lieferung<\/strong>: Inklusive Mehrwertsteuer und Lieferkosten<br \/>\n<a href=\"https:\/\/www.purejewels.com\/de\/ruckgabepolitik\/\">R\u00fcckgabepolitik<\/a><\/p>","protected":false},"featured_media":318293,"comment_status":"closed","ping_status":"closed","template":"","meta":{"_eb_attr":"","_crsspst_to_jayantr4sg-hostcom":true},"product_brand":[],"product_cat":[1791,1559,1235,1783,1786,1574],"product_tag":[6163,6043],"class_list":{"0":"post-417073","1":"product","2":"type-product","3":"status-publish","4":"has-post-thumbnail","6":"product_cat-anniversary-gifts","7":"product_cat-birthday-gifts","8":"product_cat-gold-rings","9":"product_cat-ladies-rings","10":"product_cat-occasional-wear-rings","11":"product_cat-womens-jewellery","12":"product_tag-22ct-cz-gold-ring","13":"product_tag-22ct-gold-ring","15":"first","16":"outofstock","17":"taxable","18":"shipping-taxable","19":"product-type-variable","20":"add-to-wishlist-before_image"},"yoast_head":"<!-- This site is optimized with the Yoast SEO plugin v27.3 - https:\/\/yoast.com\/product\/yoast-seo-wordpress\/ -->\n<title>22ct Gold Ring with Solitaire CZ Stone Size J | PureJewels UK<\/title>\n<meta name=\"description\" content=\"Elegant 22ct Gold Ring with a Solitaire CZ Stone in Size J. Handcrafted in yellow gold. A timeless design perfect for gifting or everyday wear.\" \/>\n<meta name=\"robots\" content=\"index, follow, max-snippet:-1, max-image-preview:large, max-video-preview:-1\" \/>\n<link rel=\"canonical\" href=\"https:\/\/www.purejewels.com\/de\/produkt-2\/22-kt-gelbgold-cz-solitaire-ring-53130\/\" \/>\n<meta property=\"og:locale\" content=\"de_DE\" \/>\n<meta property=\"og:type\" content=\"article\" \/>\n<meta property=\"og:title\" content=\"22ct Gold Ring with Solitaire CZ Stone Size J | PureJewels UK\" \/>\n<meta property=\"og:description\" content=\"Elegant 22ct Gold Ring with a Solitaire CZ Stone in Size J. Handcrafted in yellow gold. A timeless design perfect for gifting or everyday wear.\" \/>\n<meta property=\"og:url\" content=\"https:\/\/www.purejewels.com\/de\/produkt-2\/22-kt-gelbgold-cz-solitaire-ring-53130\/\" \/>\n<meta property=\"og:site_name\" content=\"PureJewels UK\" \/>\n<meta property=\"article:modified_time\" content=\"2026-02-04T13:17:16+00:00\" \/>\n<meta property=\"og:image\" content=\"https:\/\/static.purejewels.com\/wp-content\/uploads\/2020\/10\/image187688648.jpg\" \/>\n\t<meta property=\"og:image:width\" content=\"1000\" \/>\n\t<meta property=\"og:image:height\" content=\"1000\" \/>\n\t<meta property=\"og:image:type\" content=\"image\/jpeg\" \/>\n<meta name=\"twitter:card\" content=\"summary_large_image\" \/>\n<meta name=\"twitter:label1\" content=\"Gesch\u00e4tzte Lesezeit\" \/>\n\t<meta name=\"twitter:data1\" content=\"1\u00a0Minute\" \/>\n<script type=\"application\/ld+json\" class=\"yoast-schema-graph\">{\"@context\":\"https:\\\/\\\/schema.org\",\"@graph\":[{\"@type\":[\"WebPage\",\"ItemPage\"],\"@id\":\"https:\\\/\\\/www.purejewels.com\\\/product\\\/22ct-yellow-gold-cz-solitaire-ring-53130\\\/\",\"url\":\"https:\\\/\\\/www.purejewels.com\\\/product\\\/22ct-yellow-gold-cz-solitaire-ring-53130\\\/\",\"name\":\"22ct Gold Ring with Solitaire CZ Stone Size J | PureJewels UK\",\"isPartOf\":{\"@id\":\"https:\\\/\\\/www.purejewels.com\\\/#website\"},\"primaryImageOfPage\":{\"@id\":\"https:\\\/\\\/www.purejewels.com\\\/product\\\/22ct-yellow-gold-cz-solitaire-ring-53130\\\/#primaryimage\"},\"image\":{\"@id\":\"https:\\\/\\\/www.purejewels.com\\\/product\\\/22ct-yellow-gold-cz-solitaire-ring-53130\\\/#primaryimage\"},\"thumbnailUrl\":\"https:\\\/\\\/static.purejewels.com\\\/wp-content\\\/uploads\\\/2020\\\/10\\\/image187688648.jpg\",\"datePublished\":\"2025-06-26T12:37:49+00:00\",\"dateModified\":\"2026-02-04T13:17:16+00:00\",\"description\":\"Elegant 22ct Gold Ring with a Solitaire CZ Stone in Size J. Handcrafted in yellow gold. A timeless design perfect for gifting or everyday wear.\",\"breadcrumb\":{\"@id\":\"https:\\\/\\\/www.purejewels.com\\\/product\\\/22ct-yellow-gold-cz-solitaire-ring-53130\\\/#breadcrumb\"},\"inLanguage\":\"de\",\"potentialAction\":[{\"@type\":\"ReadAction\",\"target\":[\"https:\\\/\\\/www.purejewels.com\\\/product\\\/22ct-yellow-gold-cz-solitaire-ring-53130\\\/\"]}]},{\"@type\":\"ImageObject\",\"inLanguage\":\"de\",\"@id\":\"https:\\\/\\\/www.purejewels.com\\\/product\\\/22ct-yellow-gold-cz-solitaire-ring-53130\\\/#primaryimage\",\"url\":\"https:\\\/\\\/static.purejewels.com\\\/wp-content\\\/uploads\\\/2020\\\/10\\\/image187688648.jpg\",\"contentUrl\":\"https:\\\/\\\/static.purejewels.com\\\/wp-content\\\/uploads\\\/2020\\\/10\\\/image187688648.jpg\",\"width\":1000,\"height\":1000,\"caption\":\"22ct Gold Light Single Stone (Round Shape) Ring YGLR250\"},{\"@type\":\"BreadcrumbList\",\"@id\":\"https:\\\/\\\/www.purejewels.com\\\/product\\\/22ct-yellow-gold-cz-solitaire-ring-53130\\\/#breadcrumb\",\"itemListElement\":[{\"@type\":\"ListItem\",\"position\":1,\"name\":\"Home\",\"item\":\"https:\\\/\\\/www.purejewels.com\\\/\"},{\"@type\":\"ListItem\",\"position\":2,\"name\":\"Shop\",\"item\":\"https:\\\/\\\/www.purejewels.com\\\/shop\\\/\"},{\"@type\":\"ListItem\",\"position\":3,\"name\":\"22ct Yellow Gold Solitaire Ring\"}]},{\"@type\":\"WebSite\",\"@id\":\"https:\\\/\\\/www.purejewels.com\\\/#website\",\"url\":\"https:\\\/\\\/www.purejewels.com\\\/\",\"name\":\"PureJewels UK\",\"description\":\"Share the Love\",\"publisher\":{\"@id\":\"https:\\\/\\\/www.purejewels.com\\\/#organization\"},\"potentialAction\":[{\"@type\":\"SearchAction\",\"target\":{\"@type\":\"EntryPoint\",\"urlTemplate\":\"https:\\\/\\\/www.purejewels.com\\\/?s={search_term_string}\"},\"query-input\":{\"@type\":\"PropertyValueSpecification\",\"valueRequired\":true,\"valueName\":\"search_term_string\"}}],\"inLanguage\":\"de\"},{\"@type\":\"Organization\",\"@id\":\"https:\\\/\\\/www.purejewels.com\\\/#organization\",\"name\":\"PureJewels UK\",\"url\":\"https:\\\/\\\/www.purejewels.com\\\/\",\"logo\":{\"@type\":\"ImageObject\",\"inLanguage\":\"de\",\"@id\":\"https:\\\/\\\/www.purejewels.com\\\/#\\\/schema\\\/logo\\\/image\\\/\",\"url\":\"https:\\\/\\\/static.purejewels.com\\\/wp-content\\\/uploads\\\/2020\\\/11\\\/Logo-PJ-New-1.png\",\"contentUrl\":\"https:\\\/\\\/static.purejewels.com\\\/wp-content\\\/uploads\\\/2020\\\/11\\\/Logo-PJ-New-1.png\",\"width\":150,\"height\":80,\"caption\":\"PureJewels UK\"},\"image\":{\"@id\":\"https:\\\/\\\/www.purejewels.com\\\/#\\\/schema\\\/logo\\\/image\\\/\"}}]}<\/script>\n<!-- \/ Yoast SEO plugin. -->","yoast_head_json":{"title":"22ct Gold Ring mit Solit\u00e4r CZ Stein Gr\u00f6\u00dfe J | PureJewels UK","description":"Eleganter 22-kar\u00e4tiger Goldring mit einem Solit\u00e4r-CZ-Stein in Gr\u00f6\u00dfe J. Handgefertigt in Gelbgold. Ein zeitloses Design, perfekt zum Verschenken oder zum t\u00e4glichen Tragen.","robots":{"index":"index","follow":"follow","max-snippet":"max-snippet:-1","max-image-preview":"max-image-preview:large","max-video-preview":"max-video-preview:-1"},"canonical":"https:\/\/www.purejewels.com\/de\/produkt-2\/22-kt-gelbgold-cz-solitaire-ring-53130\/","og_locale":"de_DE","og_type":"article","og_title":"22ct Gold Ring with Solitaire CZ Stone Size J | PureJewels UK","og_description":"Elegant 22ct Gold Ring with a Solitaire CZ Stone in Size J. Handcrafted in yellow gold. A timeless design perfect for gifting or everyday wear.","og_url":"https:\/\/www.purejewels.com\/de\/produkt-2\/22-kt-gelbgold-cz-solitaire-ring-53130\/","og_site_name":"PureJewels UK","article_modified_time":"2026-02-04T13:17:16+00:00","og_image":[{"width":1000,"height":1000,"url":"https:\/\/static.purejewels.com\/wp-content\/uploads\/2020\/10\/image187688648.jpg","type":"image\/jpeg"}],"twitter_card":"summary_large_image","twitter_misc":{"Gesch\u00e4tzte Lesezeit":"1\u00a0Minute"},"schema":{"@context":"https:\/\/schema.org","@graph":[{"@type":["WebPage","ItemPage"],"@id":"https:\/\/www.purejewels.com\/product\/22ct-yellow-gold-cz-solitaire-ring-53130\/","url":"https:\/\/www.purejewels.com\/product\/22ct-yellow-gold-cz-solitaire-ring-53130\/","name":"22ct Gold Ring mit Solit\u00e4r CZ Stein Gr\u00f6\u00dfe J | PureJewels UK","isPartOf":{"@id":"https:\/\/www.purejewels.com\/#website"},"primaryImageOfPage":{"@id":"https:\/\/www.purejewels.com\/product\/22ct-yellow-gold-cz-solitaire-ring-53130\/#primaryimage"},"image":{"@id":"https:\/\/www.purejewels.com\/product\/22ct-yellow-gold-cz-solitaire-ring-53130\/#primaryimage"},"thumbnailUrl":"https:\/\/static.purejewels.com\/wp-content\/uploads\/2020\/10\/image187688648.jpg","datePublished":"2025-06-26T12:37:49+00:00","dateModified":"2026-02-04T13:17:16+00:00","description":"Eleganter 22-kar\u00e4tiger Goldring mit einem Solit\u00e4r-CZ-Stein in Gr\u00f6\u00dfe J. Handgefertigt in Gelbgold. Ein zeitloses Design, perfekt zum Verschenken oder zum t\u00e4glichen Tragen.","breadcrumb":{"@id":"https:\/\/www.purejewels.com\/product\/22ct-yellow-gold-cz-solitaire-ring-53130\/#breadcrumb"},"inLanguage":"de","potentialAction":[{"@type":"ReadAction","target":["https:\/\/www.purejewels.com\/product\/22ct-yellow-gold-cz-solitaire-ring-53130\/"]}]},{"@type":"ImageObject","inLanguage":"de","@id":"https:\/\/www.purejewels.com\/product\/22ct-yellow-gold-cz-solitaire-ring-53130\/#primaryimage","url":"https:\/\/static.purejewels.com\/wp-content\/uploads\/2020\/10\/image187688648.jpg","contentUrl":"https:\/\/static.purejewels.com\/wp-content\/uploads\/2020\/10\/image187688648.jpg","width":1000,"height":1000,"caption":"22ct Gold Light Single Stone (Round Shape) Ring YGLR250"},{"@type":"BreadcrumbList","@id":"https:\/\/www.purejewels.com\/product\/22ct-yellow-gold-cz-solitaire-ring-53130\/#breadcrumb","itemListElement":[{"@type":"ListItem","position":1,"name":"Home","item":"https:\/\/www.purejewels.com\/"},{"@type":"ListItem","position":2,"name":"Shop","item":"https:\/\/www.purejewels.com\/shop\/"},{"@type":"ListItem","position":3,"name":"22ct Yellow Gold Solitaire Ring"}]},{"@type":"WebSite","@id":"https:\/\/www.purejewels.com\/#website","url":"https:\/\/www.purejewels.com\/","name":"PureJewels UK","description":"Teile die Liebe","publisher":{"@id":"https:\/\/www.purejewels.com\/#organization"},"potentialAction":[{"@type":"SearchAction","target":{"@type":"EntryPoint","urlTemplate":"https:\/\/www.purejewels.com\/?s={search_term_string}"},"query-input":{"@type":"PropertyValueSpecification","valueRequired":true,"valueName":"search_term_string"}}],"inLanguage":"de"},{"@type":"Organization","@id":"https:\/\/www.purejewels.com\/#organization","name":"PureJewels UK","url":"https:\/\/www.purejewels.com\/","logo":{"@type":"ImageObject","inLanguage":"de","@id":"https:\/\/www.purejewels.com\/#\/schema\/logo\/image\/","url":"https:\/\/static.purejewels.com\/wp-content\/uploads\/2020\/11\/Logo-PJ-New-1.png","contentUrl":"https:\/\/static.purejewels.com\/wp-content\/uploads\/2020\/11\/Logo-PJ-New-1.png","width":150,"height":80,"caption":"PureJewels UK"},"image":{"@id":"https:\/\/www.purejewels.com\/#\/schema\/logo\/image\/"}}]}},"_links":{"self":[{"href":"https:\/\/www.purejewels.com\/de\/wp-json\/wp\/v2\/product\/417073","targetHints":{"allow":["GET"]}}],"collection":[{"href":"https:\/\/www.purejewels.com\/de\/wp-json\/wp\/v2\/product"}],"about":[{"href":"https:\/\/www.purejewels.com\/de\/wp-json\/wp\/v2\/types\/product"}],"replies":[{"embeddable":true,"href":"https:\/\/www.purejewels.com\/de\/wp-json\/wp\/v2\/comments?post=417073"}],"version-history":[{"count":4,"href":"https:\/\/www.purejewels.com\/de\/wp-json\/wp\/v2\/product\/417073\/revisions"}],"predecessor-version":[{"id":422906,"href":"https:\/\/www.purejewels.com\/de\/wp-json\/wp\/v2\/product\/417073\/revisions\/422906"}],"wp:featuredmedia":[{"embeddable":true,"href":"https:\/\/www.purejewels.com\/de\/wp-json\/wp\/v2\/media\/318293"}],"wp:attachment":[{"href":"https:\/\/www.purejewels.com\/de\/wp-json\/wp\/v2\/media?parent=417073"}],"wp:term":[{"taxonomy":"product_brand","embeddable":true,"href":"https:\/\/www.purejewels.com\/de\/wp-json\/wp\/v2\/product_brand?post=417073"},{"taxonomy":"product_cat","embeddable":true,"href":"https:\/\/www.purejewels.com\/de\/wp-json\/wp\/v2\/product_cat?post=417073"},{"taxonomy":"product_tag","embeddable":true,"href":"https:\/\/www.purejewels.com\/de\/wp-json\/wp\/v2\/product_tag?post=417073"}],"curies":[{"name":"wp","href":"https:\/\/api.w.org\/{rel}","templated":true}]}}