{"id":4176,"date":"2017-07-19T13:25:25","date_gmt":"2017-07-19T12:25:25","guid":{"rendered":"http:\/\/new.purejewels.com\/product\/diya-18ct-uncut-polki-diamond-ring\/"},"modified":"2026-01-06T11:12:43","modified_gmt":"2026-01-06T11:12:43","slug":"diya-18ct-ungeschliffener-polki-diamantring","status":"publish","type":"product","link":"https:\/\/www.purejewels.com\/de\/product\/diya-18ct-uncut-polki-diamond-ring\/","title":{"rendered":"Diya 18 Karat Ros\u00e9gold Polki Mosaikring"},"content":{"rendered":"<h3 data-start=\"151\" data-end=\"175\"><strong data-start=\"155\" data-end=\"173\">Designkonzept<\/strong><\/h3>\n<p data-start=\"176\" data-end=\"601\">Die <em data-start=\"180\" data-end=\"219\">Diya 18 Karat Ros\u00e9gold Polki Mosaikring<\/em> ist eine poetische Hommage an Licht, Struktur und Tradition. Inspiriert von antiken Jali-Paravents und Mosaikkunst zeichnet sich dieses durchbrochene Design durch eine verstreute Konstellation aus ungeschliffenen Polki-Diamanten aus, die jeweils einzigartig geformt und so platziert sind, dass sie einen nat\u00fcrlichen Rhythmus hervorrufen. Das warme Ros\u00e9gold-Finish des Rings verleiht ihm eine zeitgem\u00e4\u00dfe Weichheit, die den Glanz einer Diya und die Intimit\u00e4t handgefertigter Details widerspiegelt.<\/p>\n<h3 data-start=\"608\" data-end=\"631\"><strong data-start=\"612\" data-end=\"629\">Handwerkliches K\u00f6nnen<\/strong><\/h3>\n<p data-start=\"632\" data-end=\"1205\">Dieser Ring wurde fachm\u00e4nnisch aus 18 Karat Ros\u00e9gold handgefertigt und ist mit nat\u00fcrlichen, ungeschliffenen <em data-start=\"708\" data-end=\"715\">Polki<\/em> Diamanten \u2013 jeder einzelne roh und strahlend in seiner Individualit\u00e4t. Die luftige, offene Gitterstruktur ist sowohl komplex als auch k\u00fchn und bietet visuelle Tiefe und Atmungsaktivit\u00e4t. Jeder Polki-Stein ist in einer erh\u00f6hten Fassung eingefasst, sodass das Licht hindurchscheinen und mit einem warmen, organischen Glanz reflektiert werden kann. Als Ergebnis akribischer Kunstfertigkeit und bew\u00e4hrter Technik spiegelt das Schmuckst\u00fcck das Engagement von PureJewels wider, traditionelles Handwerk zu bewahren und gleichzeitig moderne Eleganz zu integrieren.<\/p>\n<h3 data-start=\"1212\" data-end=\"1235\"><strong data-start=\"1216\" data-end=\"1233\">Styling-Ideen<\/strong><\/h3>\n<p data-start=\"1236\" data-end=\"1662\">Tragen Sie diesen Ring als auff\u00e4lliges Statement oder kombinieren Sie ihn mit schmalen Goldringen f\u00fcr einen kuratierten Look. Das Design eignet sich ideal f\u00fcr festliche Anl\u00e4sse, Verlobungen oder bedeutungsvolle Geschenke und passt sowohl zu indischer als auch zu westlicher Kleidung. Durch seine schlichte Silhouette eignet er sich f\u00fcr den eleganten Alltag, w\u00e4hrend die Kombination aus Ros\u00e9gold und Polki ihm einen zeitlosen Charme verleiht. Kombinieren Sie ihn mit ros\u00e9goldenen Polki-Ohrsteckern oder einem weichen Seidenensemble f\u00fcr einen anmutigen, strahlenden Look.<\/p>","protected":false},"excerpt":{"rendered":"<ul>\n<li><span style=\"float: none; background-color: transparent; color: #333333; cursor: text; font-family: Georgia,'Times New Roman','Bitstream Charter',Times,serif; font-size: 16px; font-style: normal; font-variant: normal; font-weight: 400; letter-spacing: normal; text-align: left; text-decoration: none; text-indent: 0px;\">18ct\u00a0<\/span>\u00a0Gold Damenring<\/li>\n<li>Polki-Diamanten im Rosenschliff - 2,71 Karat<\/li>\n<li>Gewicht: 4,5 g<\/li>\n<li>Gold gestempelt von London Assay Office<\/li>\n<li>Mit Pr\u00e4sentationsbox<\/li>\n<li>Lieferung inbegriffen<\/li>\n<li>Alle Preise inklusive Mehrwertsteuer<\/li>\n<li>Live-Chat mit uns f\u00fcr die Verf\u00fcgbarkeit und mehr Bilder von \u00e4hnlichen Designs derzeit auf Lager<\/li>\n<\/ul>","protected":false},"featured_media":315538,"comment_status":"closed","ping_status":"closed","template":"","meta":{"_eb_attr":"","_crsspst_to_jayantr4sg-hostcom":false},"product_brand":[],"product_cat":[236,1533,254,5370,1229,1235,5371,1783,1786],"product_tag":[],"class_list":{"0":"post-4176","1":"product","2":"type-product","3":"status-publish","4":"has-post-thumbnail","6":"product_cat-collections","7":"product_cat-diamond-jewellery-set","8":"product_cat-diya-collections","9":"product_cat-ethnic-jewellery","10":"product_cat-22ct-gold-jewellery","11":"product_cat-gold-rings","12":"product_cat-jewellery-for-hands","13":"product_cat-ladies-rings","14":"product_cat-occasional-wear-rings","16":"first","17":"outofstock","18":"taxable","19":"shipping-taxable","20":"product-type-simple","21":"add-to-wishlist-before_image"},"yoast_head":"<!-- This site is optimized with the Yoast SEO plugin v27.3 - https:\/\/yoast.com\/product\/yoast-seo-wordpress\/ -->\n<title>Diya 18ct Rose Gold Polki Mosaic Ring | PureJewels London<\/title>\n<meta name=\"description\" content=\"A mosaic of Polki diamonds in 18ct rose gold. The Diya Mosaic Ring blends heritage artistry with modern grace\u2014crafted for celebration and everyday elegance.\" \/>\n<meta name=\"robots\" content=\"index, follow, max-snippet:-1, max-image-preview:large, max-video-preview:-1\" \/>\n<link rel=\"canonical\" href=\"https:\/\/www.purejewels.com\/de\/produkt-2\/diya-18ct-ungeschliffener-polki-diamantring\/\" \/>\n<meta property=\"og:locale\" content=\"de_DE\" \/>\n<meta property=\"og:type\" content=\"article\" \/>\n<meta property=\"og:title\" content=\"Diya 18ct Rose Gold Polki Mosaic Ring | PureJewels London\" \/>\n<meta property=\"og:description\" content=\"A mosaic of Polki diamonds in 18ct rose gold. The Diya Mosaic Ring blends heritage artistry with modern grace\u2014crafted for celebration and everyday elegance.\" \/>\n<meta property=\"og:url\" content=\"https:\/\/www.purejewels.com\/de\/produkt-2\/diya-18ct-ungeschliffener-polki-diamantring\/\" \/>\n<meta property=\"og:site_name\" content=\"PureJewels UK\" \/>\n<meta property=\"article:modified_time\" content=\"2026-01-06T11:12:43+00:00\" \/>\n<meta property=\"og:image\" content=\"https:\/\/www.purejewels.com\/wp-content\/uploads\/2020\/07\/133371011.jpg\" \/>\n\t<meta property=\"og:image:width\" content=\"960\" \/>\n\t<meta property=\"og:image:height\" content=\"960\" \/>\n\t<meta property=\"og:image:type\" content=\"image\/jpeg\" \/>\n<meta name=\"twitter:card\" content=\"summary_large_image\" \/>\n<meta name=\"twitter:label1\" content=\"Gesch\u00e4tzte Lesezeit\" \/>\n\t<meta name=\"twitter:data1\" content=\"2\u00a0Minuten\" \/>\n<script type=\"application\/ld+json\" class=\"yoast-schema-graph\">{\"@context\":\"https:\\\/\\\/schema.org\",\"@graph\":[{\"@type\":[\"WebPage\",\"ItemPage\"],\"@id\":\"https:\\\/\\\/www.purejewels.com\\\/product\\\/diya-18ct-uncut-polki-diamond-ring\\\/\",\"url\":\"https:\\\/\\\/www.purejewels.com\\\/product\\\/diya-18ct-uncut-polki-diamond-ring\\\/\",\"name\":\"Diya 18ct Rose Gold Polki Mosaic Ring | PureJewels London\",\"isPartOf\":{\"@id\":\"https:\\\/\\\/www.purejewels.com\\\/#website\"},\"primaryImageOfPage\":{\"@id\":\"https:\\\/\\\/www.purejewels.com\\\/product\\\/diya-18ct-uncut-polki-diamond-ring\\\/#primaryimage\"},\"image\":{\"@id\":\"https:\\\/\\\/www.purejewels.com\\\/product\\\/diya-18ct-uncut-polki-diamond-ring\\\/#primaryimage\"},\"thumbnailUrl\":\"https:\\\/\\\/static.purejewels.com\\\/wp-content\\\/uploads\\\/2020\\\/07\\\/133371011.jpg\",\"datePublished\":\"2017-07-19T12:25:25+00:00\",\"dateModified\":\"2026-01-06T11:12:43+00:00\",\"description\":\"A mosaic of Polki diamonds in 18ct rose gold. The Diya Mosaic Ring blends heritage artistry with modern grace\u2014crafted for celebration and everyday elegance.\",\"breadcrumb\":{\"@id\":\"https:\\\/\\\/www.purejewels.com\\\/product\\\/diya-18ct-uncut-polki-diamond-ring\\\/#breadcrumb\"},\"inLanguage\":\"de\",\"potentialAction\":[{\"@type\":\"ReadAction\",\"target\":[\"https:\\\/\\\/www.purejewels.com\\\/product\\\/diya-18ct-uncut-polki-diamond-ring\\\/\"]}]},{\"@type\":\"ImageObject\",\"inLanguage\":\"de\",\"@id\":\"https:\\\/\\\/www.purejewels.com\\\/product\\\/diya-18ct-uncut-polki-diamond-ring\\\/#primaryimage\",\"url\":\"https:\\\/\\\/static.purejewels.com\\\/wp-content\\\/uploads\\\/2020\\\/07\\\/133371011.jpg\",\"contentUrl\":\"https:\\\/\\\/static.purejewels.com\\\/wp-content\\\/uploads\\\/2020\\\/07\\\/133371011.jpg\",\"width\":960,\"height\":960},{\"@type\":\"BreadcrumbList\",\"@id\":\"https:\\\/\\\/www.purejewels.com\\\/product\\\/diya-18ct-uncut-polki-diamond-ring\\\/#breadcrumb\",\"itemListElement\":[{\"@type\":\"ListItem\",\"position\":1,\"name\":\"Home\",\"item\":\"https:\\\/\\\/www.purejewels.com\\\/\"},{\"@type\":\"ListItem\",\"position\":2,\"name\":\"Shop\",\"item\":\"https:\\\/\\\/www.purejewels.com\\\/shop\\\/\"},{\"@type\":\"ListItem\",\"position\":3,\"name\":\"Diya 18ct Rose Gold Polki Mosaic Ring\"}]},{\"@type\":\"WebSite\",\"@id\":\"https:\\\/\\\/www.purejewels.com\\\/#website\",\"url\":\"https:\\\/\\\/www.purejewels.com\\\/\",\"name\":\"PureJewels UK\",\"description\":\"Share the Love\",\"publisher\":{\"@id\":\"https:\\\/\\\/www.purejewels.com\\\/#organization\"},\"potentialAction\":[{\"@type\":\"SearchAction\",\"target\":{\"@type\":\"EntryPoint\",\"urlTemplate\":\"https:\\\/\\\/www.purejewels.com\\\/?s={search_term_string}\"},\"query-input\":{\"@type\":\"PropertyValueSpecification\",\"valueRequired\":true,\"valueName\":\"search_term_string\"}}],\"inLanguage\":\"de\"},{\"@type\":\"Organization\",\"@id\":\"https:\\\/\\\/www.purejewels.com\\\/#organization\",\"name\":\"PureJewels UK\",\"url\":\"https:\\\/\\\/www.purejewels.com\\\/\",\"logo\":{\"@type\":\"ImageObject\",\"inLanguage\":\"de\",\"@id\":\"https:\\\/\\\/www.purejewels.com\\\/#\\\/schema\\\/logo\\\/image\\\/\",\"url\":\"https:\\\/\\\/static.purejewels.com\\\/wp-content\\\/uploads\\\/2020\\\/11\\\/Logo-PJ-New-1.png\",\"contentUrl\":\"https:\\\/\\\/static.purejewels.com\\\/wp-content\\\/uploads\\\/2020\\\/11\\\/Logo-PJ-New-1.png\",\"width\":150,\"height\":80,\"caption\":\"PureJewels UK\"},\"image\":{\"@id\":\"https:\\\/\\\/www.purejewels.com\\\/#\\\/schema\\\/logo\\\/image\\\/\"}}]}<\/script>\n<!-- \/ Yoast SEO plugin. -->","yoast_head_json":{"title":"Diya 18 Karat Ros\u00e9gold Polki Mosaikring | PureJewels London","description":"Ein Mosaik aus Polki-Diamanten in 18 Karat Ros\u00e9gold. Der Diya Mosaic Ring verbindet traditionelle Handwerkskunst mit moderner Anmut \u2013 geschaffen f\u00fcr festliche Anl\u00e4sse und allt\u00e4gliche Eleganz.","robots":{"index":"index","follow":"follow","max-snippet":"max-snippet:-1","max-image-preview":"max-image-preview:large","max-video-preview":"max-video-preview:-1"},"canonical":"https:\/\/www.purejewels.com\/de\/produkt-2\/diya-18ct-ungeschliffener-polki-diamantring\/","og_locale":"de_DE","og_type":"article","og_title":"Diya 18ct Rose Gold Polki Mosaic Ring | PureJewels London","og_description":"A mosaic of Polki diamonds in 18ct rose gold. The Diya Mosaic Ring blends heritage artistry with modern grace\u2014crafted for celebration and everyday elegance.","og_url":"https:\/\/www.purejewels.com\/de\/produkt-2\/diya-18ct-ungeschliffener-polki-diamantring\/","og_site_name":"PureJewels UK","article_modified_time":"2026-01-06T11:12:43+00:00","og_image":[{"width":960,"height":960,"url":"https:\/\/www.purejewels.com\/wp-content\/uploads\/2020\/07\/133371011.jpg","type":"image\/jpeg"}],"twitter_card":"summary_large_image","twitter_misc":{"Gesch\u00e4tzte Lesezeit":"2\u00a0Minuten"},"schema":{"@context":"https:\/\/schema.org","@graph":[{"@type":["WebPage","ItemPage"],"@id":"https:\/\/www.purejewels.com\/product\/diya-18ct-uncut-polki-diamond-ring\/","url":"https:\/\/www.purejewels.com\/product\/diya-18ct-uncut-polki-diamond-ring\/","name":"Diya 18 Karat Ros\u00e9gold Polki Mosaikring | PureJewels London","isPartOf":{"@id":"https:\/\/www.purejewels.com\/#website"},"primaryImageOfPage":{"@id":"https:\/\/www.purejewels.com\/product\/diya-18ct-uncut-polki-diamond-ring\/#primaryimage"},"image":{"@id":"https:\/\/www.purejewels.com\/product\/diya-18ct-uncut-polki-diamond-ring\/#primaryimage"},"thumbnailUrl":"https:\/\/static.purejewels.com\/wp-content\/uploads\/2020\/07\/133371011.jpg","datePublished":"2017-07-19T12:25:25+00:00","dateModified":"2026-01-06T11:12:43+00:00","description":"Ein Mosaik aus Polki-Diamanten in 18 Karat Ros\u00e9gold. Der Diya Mosaic Ring verbindet traditionelle Handwerkskunst mit moderner Anmut \u2013 geschaffen f\u00fcr festliche Anl\u00e4sse und allt\u00e4gliche Eleganz.","breadcrumb":{"@id":"https:\/\/www.purejewels.com\/product\/diya-18ct-uncut-polki-diamond-ring\/#breadcrumb"},"inLanguage":"de","potentialAction":[{"@type":"ReadAction","target":["https:\/\/www.purejewels.com\/product\/diya-18ct-uncut-polki-diamond-ring\/"]}]},{"@type":"ImageObject","inLanguage":"de","@id":"https:\/\/www.purejewels.com\/product\/diya-18ct-uncut-polki-diamond-ring\/#primaryimage","url":"https:\/\/static.purejewels.com\/wp-content\/uploads\/2020\/07\/133371011.jpg","contentUrl":"https:\/\/static.purejewels.com\/wp-content\/uploads\/2020\/07\/133371011.jpg","width":960,"height":960},{"@type":"BreadcrumbList","@id":"https:\/\/www.purejewels.com\/product\/diya-18ct-uncut-polki-diamond-ring\/#breadcrumb","itemListElement":[{"@type":"ListItem","position":1,"name":"Home","item":"https:\/\/www.purejewels.com\/"},{"@type":"ListItem","position":2,"name":"Shop","item":"https:\/\/www.purejewels.com\/shop\/"},{"@type":"ListItem","position":3,"name":"Diya 18ct Rose Gold Polki Mosaic Ring"}]},{"@type":"WebSite","@id":"https:\/\/www.purejewels.com\/#website","url":"https:\/\/www.purejewels.com\/","name":"PureJewels UK","description":"Teile die Liebe","publisher":{"@id":"https:\/\/www.purejewels.com\/#organization"},"potentialAction":[{"@type":"SearchAction","target":{"@type":"EntryPoint","urlTemplate":"https:\/\/www.purejewels.com\/?s={search_term_string}"},"query-input":{"@type":"PropertyValueSpecification","valueRequired":true,"valueName":"search_term_string"}}],"inLanguage":"de"},{"@type":"Organization","@id":"https:\/\/www.purejewels.com\/#organization","name":"PureJewels UK","url":"https:\/\/www.purejewels.com\/","logo":{"@type":"ImageObject","inLanguage":"de","@id":"https:\/\/www.purejewels.com\/#\/schema\/logo\/image\/","url":"https:\/\/static.purejewels.com\/wp-content\/uploads\/2020\/11\/Logo-PJ-New-1.png","contentUrl":"https:\/\/static.purejewels.com\/wp-content\/uploads\/2020\/11\/Logo-PJ-New-1.png","width":150,"height":80,"caption":"PureJewels UK"},"image":{"@id":"https:\/\/www.purejewels.com\/#\/schema\/logo\/image\/"}}]}},"_links":{"self":[{"href":"https:\/\/www.purejewels.com\/de\/wp-json\/wp\/v2\/product\/4176","targetHints":{"allow":["GET"]}}],"collection":[{"href":"https:\/\/www.purejewels.com\/de\/wp-json\/wp\/v2\/product"}],"about":[{"href":"https:\/\/www.purejewels.com\/de\/wp-json\/wp\/v2\/types\/product"}],"replies":[{"embeddable":true,"href":"https:\/\/www.purejewels.com\/de\/wp-json\/wp\/v2\/comments?post=4176"}],"version-history":[{"count":3,"href":"https:\/\/www.purejewels.com\/de\/wp-json\/wp\/v2\/product\/4176\/revisions"}],"predecessor-version":[{"id":421806,"href":"https:\/\/www.purejewels.com\/de\/wp-json\/wp\/v2\/product\/4176\/revisions\/421806"}],"wp:featuredmedia":[{"embeddable":true,"href":"https:\/\/www.purejewels.com\/de\/wp-json\/wp\/v2\/media\/315538"}],"wp:attachment":[{"href":"https:\/\/www.purejewels.com\/de\/wp-json\/wp\/v2\/media?parent=4176"}],"wp:term":[{"taxonomy":"product_brand","embeddable":true,"href":"https:\/\/www.purejewels.com\/de\/wp-json\/wp\/v2\/product_brand?post=4176"},{"taxonomy":"product_cat","embeddable":true,"href":"https:\/\/www.purejewels.com\/de\/wp-json\/wp\/v2\/product_cat?post=4176"},{"taxonomy":"product_tag","embeddable":true,"href":"https:\/\/www.purejewels.com\/de\/wp-json\/wp\/v2\/product_tag?post=4176"}],"curies":[{"name":"wp","href":"https:\/\/api.w.org\/{rel}","templated":true}]}}