{"id":417603,"date":"2025-07-01T09:22:42","date_gmt":"2025-07-01T08:22:42","guid":{"rendered":"https:\/\/www.purejewels.com\/?post_type=product&#038;p=417603"},"modified":"2025-11-30T16:31:07","modified_gmt":"2025-11-30T16:31:07","slug":"22-kt-sonnenaufgang-gold-rosettenring-5mm","status":"publish","type":"product","link":"https:\/\/www.purejewels.com\/de\/product\/22ct-sunrise-gold-rosette-ring-5mm\/","title":{"rendered":"22ct Sunrise Gold Rosettenring | 5mm"},"content":{"rendered":"<h3>Gestaltungskonzept:<\/h3>\n<p>Die <strong>Rosetten Kollektion 22ct Sunrise Gold Ring<\/strong> ist inspiriert von der nat\u00fcrlichen Symmetrie bl\u00fchender Blumen. Seine <strong>5 mm breites Band<\/strong> zeigt ein ununterbrochenes Muster aus Rosetten, das die Eleganz der Natur einf\u00e4ngt und in ein zeitloses Schmuckst\u00fcck \u00fcbersetzt.<\/p>\n<h3>Handwerkliches K\u00f6nnen:<\/h3>\n<p>Dieser fachm\u00e4nnisch in Handarbeit aus 22 Karat Sunrise Gold gefertigte Ring zeigt detaillierte Rosettenschnitzereien, die Tiefe und Textur widerspiegeln. Jede Blume ist mit Pr\u00e4zision geformt, um einen harmonischen Fluss um das Band zu schaffen und gleichzeitig eine glatte und bequeme Passform zu erhalten.<\/p>\n<h3>Stil:<\/h3>\n<p>Das 5 mm breite florale Band schafft ein perfektes Gleichgewicht zwischen K\u00fchnheit und Zartheit und eignet sich sowohl f\u00fcr den Alltag als auch f\u00fcr besondere Anl\u00e4sse. Es l\u00e4sst sich wunderbar mit traditioneller Kleidung oder modernen Looks kombinieren und verleiht einen immerw\u00e4hrenden Hauch von Raffinesse.<\/p>\n<p>&nbsp;<\/p>","protected":false},"excerpt":{"rendered":"<p>Die <strong>Rosetten Kollektion 22ct Sunrise Gold Ring<\/strong> mit seinem <strong>5 mm Breite<\/strong> ist ein Fest der komplizierten floralen Kunstfertigkeit. F\u00fcr alle, die klassische Sch\u00f6nheit und handwerkliche Details sch\u00e4tzen, bietet dieser Ring eine anmutige Pr\u00e4senz, die f\u00fcr jeden Anlass geeignet ist.<\/p>\n<p><strong>Material<\/strong>: 22ct Sunrise Gold (91,6% reines Gold)<br \/>\n<strong>Wahrzeichen<\/strong>: Britisches G\u00fctesiegel<br \/>\n<strong>Gewichtsbereich<\/strong>: 3.8 Gramm - 4.2 Gramm<br \/>\n<strong>Breite der Bl\u00fcte<\/strong>: 5 mm<br \/>\n<strong>Ringgr\u00f6\u00dfe:<\/strong>\u00a0Erh\u00e4ltlich in verschiedenen Gr\u00f6\u00dfen<br \/>\n<strong>SKU:<\/strong> 49273, 49272, 49268<\/p>\n<p><strong>Preis und Lieferung:<\/strong>\u00a0Inklusive Mehrwertsteuer und Lieferkosten<br \/>\n<a href=\"https:\/\/www.purejewels.com\/de\/ruckgabepolitik\/\"><strong>R\u00fcckgabepolitik<\/strong><\/a><\/p>","protected":false},"featured_media":364589,"comment_status":"closed","ping_status":"closed","template":"","meta":{"_eb_attr":"","_crsspst_to_jayantr4sg-hostcom":false},"product_brand":[],"product_cat":[1791,1559,236,1785,5909,1229,1235,1786,6156,1656,5276,6081,1573,1574],"product_tag":[],"class_list":{"0":"post-417603","1":"product","2":"type-product","3":"status-publish","4":"has-post-thumbnail","6":"product_cat-anniversary-gifts","7":"product_cat-birthday-gifts","8":"product_cat-collections","9":"product_cat-daily-wear-rings","10":"product_cat-flower-ring-jewelry","11":"product_cat-22ct-gold-jewellery","12":"product_cat-gold-rings","13":"product_cat-occasional-wear-rings","14":"product_cat-rosette-bands","15":"product_cat-rosettes-collections","16":"product_cat-rosettes-ring","17":"product_cat-sunrise-gold","18":"product_cat-wedding-gifts","19":"product_cat-womens-jewellery","21":"first","22":"outofstock","23":"taxable","24":"shipping-taxable","25":"product-type-variable","26":"add-to-wishlist-before_image"},"yoast_head":"<!-- This site is optimized with the Yoast SEO plugin v27.3 - https:\/\/yoast.com\/product\/yoast-seo-wordpress\/ -->\n<title>Rosettes 22ct Sunrise Gold Ring | Handcrafted Floral Band<\/title>\n<meta name=\"description\" content=\"Experience timeless charm with the Rosettes 22ct Sunrise Gold Ring featuring a 5mm width and a continuous floral motif meticulously handcrafted for refined elegance.\" \/>\n<meta name=\"robots\" content=\"index, follow, max-snippet:-1, max-image-preview:large, max-video-preview:-1\" \/>\n<link rel=\"canonical\" href=\"https:\/\/www.purejewels.com\/de\/produkt-2\/22-kt-sonnenaufgang-gold-rosettenring-5mm\/\" \/>\n<meta property=\"og:locale\" content=\"de_DE\" \/>\n<meta property=\"og:type\" content=\"article\" \/>\n<meta property=\"og:title\" content=\"Rosettes 22ct Sunrise Gold Ring | Handcrafted Floral Band\" \/>\n<meta property=\"og:description\" content=\"Experience timeless charm with the Rosettes 22ct Sunrise Gold Ring featuring a 5mm width and a continuous floral motif meticulously handcrafted for refined elegance.\" \/>\n<meta property=\"og:url\" content=\"https:\/\/www.purejewels.com\/de\/produkt-2\/22-kt-sonnenaufgang-gold-rosettenring-5mm\/\" \/>\n<meta property=\"og:site_name\" content=\"PureJewels UK\" \/>\n<meta property=\"article:modified_time\" content=\"2025-11-30T16:31:07+00:00\" \/>\n<meta property=\"og:image\" content=\"https:\/\/www.purejewels.com\/wp-content\/uploads\/2022\/03\/48093.png\" \/>\n\t<meta property=\"og:image:width\" content=\"1000\" \/>\n\t<meta property=\"og:image:height\" content=\"1000\" \/>\n\t<meta property=\"og:image:type\" content=\"image\/png\" \/>\n<meta name=\"twitter:card\" content=\"summary_large_image\" \/>\n<meta name=\"twitter:label1\" content=\"Gesch\u00e4tzte Lesezeit\" \/>\n\t<meta name=\"twitter:data1\" content=\"1\u00a0Minute\" \/>\n<script type=\"application\/ld+json\" class=\"yoast-schema-graph\">{\"@context\":\"https:\\\/\\\/schema.org\",\"@graph\":[{\"@type\":[\"WebPage\",\"ItemPage\"],\"@id\":\"https:\\\/\\\/www.purejewels.com\\\/product\\\/22ct-sunrise-gold-rosette-ring-5mm\\\/\",\"url\":\"https:\\\/\\\/www.purejewels.com\\\/product\\\/22ct-sunrise-gold-rosette-ring-5mm\\\/\",\"name\":\"Rosettes 22ct Sunrise Gold Ring | Handcrafted Floral Band\",\"isPartOf\":{\"@id\":\"https:\\\/\\\/www.purejewels.com\\\/#website\"},\"primaryImageOfPage\":{\"@id\":\"https:\\\/\\\/www.purejewels.com\\\/product\\\/22ct-sunrise-gold-rosette-ring-5mm\\\/#primaryimage\"},\"image\":{\"@id\":\"https:\\\/\\\/www.purejewels.com\\\/product\\\/22ct-sunrise-gold-rosette-ring-5mm\\\/#primaryimage\"},\"thumbnailUrl\":\"https:\\\/\\\/static.purejewels.com\\\/wp-content\\\/uploads\\\/2022\\\/03\\\/48093.png\",\"datePublished\":\"2025-07-01T08:22:42+00:00\",\"dateModified\":\"2025-11-30T16:31:07+00:00\",\"description\":\"Experience timeless charm with the Rosettes 22ct Sunrise Gold Ring featuring a 5mm width and a continuous floral motif meticulously handcrafted for refined elegance.\",\"breadcrumb\":{\"@id\":\"https:\\\/\\\/www.purejewels.com\\\/product\\\/22ct-sunrise-gold-rosette-ring-5mm\\\/#breadcrumb\"},\"inLanguage\":\"de\",\"potentialAction\":[{\"@type\":\"ReadAction\",\"target\":[\"https:\\\/\\\/www.purejewels.com\\\/product\\\/22ct-sunrise-gold-rosette-ring-5mm\\\/\"]}]},{\"@type\":\"ImageObject\",\"inLanguage\":\"de\",\"@id\":\"https:\\\/\\\/www.purejewels.com\\\/product\\\/22ct-sunrise-gold-rosette-ring-5mm\\\/#primaryimage\",\"url\":\"https:\\\/\\\/static.purejewels.com\\\/wp-content\\\/uploads\\\/2022\\\/03\\\/48093.png\",\"contentUrl\":\"https:\\\/\\\/static.purejewels.com\\\/wp-content\\\/uploads\\\/2022\\\/03\\\/48093.png\",\"width\":1000,\"height\":1000,\"caption\":\"22ct Gold Band\"},{\"@type\":\"BreadcrumbList\",\"@id\":\"https:\\\/\\\/www.purejewels.com\\\/product\\\/22ct-sunrise-gold-rosette-ring-5mm\\\/#breadcrumb\",\"itemListElement\":[{\"@type\":\"ListItem\",\"position\":1,\"name\":\"Home\",\"item\":\"https:\\\/\\\/www.purejewels.com\\\/\"},{\"@type\":\"ListItem\",\"position\":2,\"name\":\"Shop\",\"item\":\"https:\\\/\\\/www.purejewels.com\\\/shop\\\/\"},{\"@type\":\"ListItem\",\"position\":3,\"name\":\"22ct Sunrise Gold Rosette Ring | 5mm\"}]},{\"@type\":\"WebSite\",\"@id\":\"https:\\\/\\\/www.purejewels.com\\\/#website\",\"url\":\"https:\\\/\\\/www.purejewels.com\\\/\",\"name\":\"PureJewels UK\",\"description\":\"Share the Love\",\"publisher\":{\"@id\":\"https:\\\/\\\/www.purejewels.com\\\/#organization\"},\"potentialAction\":[{\"@type\":\"SearchAction\",\"target\":{\"@type\":\"EntryPoint\",\"urlTemplate\":\"https:\\\/\\\/www.purejewels.com\\\/?s={search_term_string}\"},\"query-input\":{\"@type\":\"PropertyValueSpecification\",\"valueRequired\":true,\"valueName\":\"search_term_string\"}}],\"inLanguage\":\"de\"},{\"@type\":\"Organization\",\"@id\":\"https:\\\/\\\/www.purejewels.com\\\/#organization\",\"name\":\"PureJewels UK\",\"url\":\"https:\\\/\\\/www.purejewels.com\\\/\",\"logo\":{\"@type\":\"ImageObject\",\"inLanguage\":\"de\",\"@id\":\"https:\\\/\\\/www.purejewels.com\\\/#\\\/schema\\\/logo\\\/image\\\/\",\"url\":\"https:\\\/\\\/static.purejewels.com\\\/wp-content\\\/uploads\\\/2020\\\/11\\\/Logo-PJ-New-1.png\",\"contentUrl\":\"https:\\\/\\\/static.purejewels.com\\\/wp-content\\\/uploads\\\/2020\\\/11\\\/Logo-PJ-New-1.png\",\"width\":150,\"height\":80,\"caption\":\"PureJewels UK\"},\"image\":{\"@id\":\"https:\\\/\\\/www.purejewels.com\\\/#\\\/schema\\\/logo\\\/image\\\/\"}}]}<\/script>\n<!-- \/ Yoast SEO plugin. -->","yoast_head_json":{"title":"Rosetten 22ct Sunrise Gold Ring | Handcrafted Floral Band","description":"Erleben Sie zeitlosen Charme mit dem Ring Rosettes 22ct Sunrise Gold mit einer Breite von 5 mm und einem durchgehenden Blumenmotiv, das in sorgf\u00e4ltiger Handarbeit f\u00fcr raffinierte Eleganz gefertigt wurde.","robots":{"index":"index","follow":"follow","max-snippet":"max-snippet:-1","max-image-preview":"max-image-preview:large","max-video-preview":"max-video-preview:-1"},"canonical":"https:\/\/www.purejewels.com\/de\/produkt-2\/22-kt-sonnenaufgang-gold-rosettenring-5mm\/","og_locale":"de_DE","og_type":"article","og_title":"Rosettes 22ct Sunrise Gold Ring | Handcrafted Floral Band","og_description":"Experience timeless charm with the Rosettes 22ct Sunrise Gold Ring featuring a 5mm width and a continuous floral motif meticulously handcrafted for refined elegance.","og_url":"https:\/\/www.purejewels.com\/de\/produkt-2\/22-kt-sonnenaufgang-gold-rosettenring-5mm\/","og_site_name":"PureJewels UK","article_modified_time":"2025-11-30T16:31:07+00:00","og_image":[{"width":1000,"height":1000,"url":"https:\/\/www.purejewels.com\/wp-content\/uploads\/2022\/03\/48093.png","type":"image\/png"}],"twitter_card":"summary_large_image","twitter_misc":{"Gesch\u00e4tzte Lesezeit":"1\u00a0Minute"},"schema":{"@context":"https:\/\/schema.org","@graph":[{"@type":["WebPage","ItemPage"],"@id":"https:\/\/www.purejewels.com\/product\/22ct-sunrise-gold-rosette-ring-5mm\/","url":"https:\/\/www.purejewels.com\/product\/22ct-sunrise-gold-rosette-ring-5mm\/","name":"Rosetten 22ct Sunrise Gold Ring | Handcrafted Floral Band","isPartOf":{"@id":"https:\/\/www.purejewels.com\/#website"},"primaryImageOfPage":{"@id":"https:\/\/www.purejewels.com\/product\/22ct-sunrise-gold-rosette-ring-5mm\/#primaryimage"},"image":{"@id":"https:\/\/www.purejewels.com\/product\/22ct-sunrise-gold-rosette-ring-5mm\/#primaryimage"},"thumbnailUrl":"https:\/\/static.purejewels.com\/wp-content\/uploads\/2022\/03\/48093.png","datePublished":"2025-07-01T08:22:42+00:00","dateModified":"2025-11-30T16:31:07+00:00","description":"Erleben Sie zeitlosen Charme mit dem Ring Rosettes 22ct Sunrise Gold mit einer Breite von 5 mm und einem durchgehenden Blumenmotiv, das in sorgf\u00e4ltiger Handarbeit f\u00fcr raffinierte Eleganz gefertigt wurde.","breadcrumb":{"@id":"https:\/\/www.purejewels.com\/product\/22ct-sunrise-gold-rosette-ring-5mm\/#breadcrumb"},"inLanguage":"de","potentialAction":[{"@type":"ReadAction","target":["https:\/\/www.purejewels.com\/product\/22ct-sunrise-gold-rosette-ring-5mm\/"]}]},{"@type":"ImageObject","inLanguage":"de","@id":"https:\/\/www.purejewels.com\/product\/22ct-sunrise-gold-rosette-ring-5mm\/#primaryimage","url":"https:\/\/static.purejewels.com\/wp-content\/uploads\/2022\/03\/48093.png","contentUrl":"https:\/\/static.purejewels.com\/wp-content\/uploads\/2022\/03\/48093.png","width":1000,"height":1000,"caption":"22ct Gold Band"},{"@type":"BreadcrumbList","@id":"https:\/\/www.purejewels.com\/product\/22ct-sunrise-gold-rosette-ring-5mm\/#breadcrumb","itemListElement":[{"@type":"ListItem","position":1,"name":"Home","item":"https:\/\/www.purejewels.com\/"},{"@type":"ListItem","position":2,"name":"Shop","item":"https:\/\/www.purejewels.com\/shop\/"},{"@type":"ListItem","position":3,"name":"22ct Sunrise Gold Rosette Ring | 5mm"}]},{"@type":"WebSite","@id":"https:\/\/www.purejewels.com\/#website","url":"https:\/\/www.purejewels.com\/","name":"PureJewels UK","description":"Teile die Liebe","publisher":{"@id":"https:\/\/www.purejewels.com\/#organization"},"potentialAction":[{"@type":"SearchAction","target":{"@type":"EntryPoint","urlTemplate":"https:\/\/www.purejewels.com\/?s={search_term_string}"},"query-input":{"@type":"PropertyValueSpecification","valueRequired":true,"valueName":"search_term_string"}}],"inLanguage":"de"},{"@type":"Organization","@id":"https:\/\/www.purejewels.com\/#organization","name":"PureJewels UK","url":"https:\/\/www.purejewels.com\/","logo":{"@type":"ImageObject","inLanguage":"de","@id":"https:\/\/www.purejewels.com\/#\/schema\/logo\/image\/","url":"https:\/\/static.purejewels.com\/wp-content\/uploads\/2020\/11\/Logo-PJ-New-1.png","contentUrl":"https:\/\/static.purejewels.com\/wp-content\/uploads\/2020\/11\/Logo-PJ-New-1.png","width":150,"height":80,"caption":"PureJewels UK"},"image":{"@id":"https:\/\/www.purejewels.com\/#\/schema\/logo\/image\/"}}]}},"_links":{"self":[{"href":"https:\/\/www.purejewels.com\/de\/wp-json\/wp\/v2\/product\/417603","targetHints":{"allow":["GET"]}}],"collection":[{"href":"https:\/\/www.purejewels.com\/de\/wp-json\/wp\/v2\/product"}],"about":[{"href":"https:\/\/www.purejewels.com\/de\/wp-json\/wp\/v2\/types\/product"}],"replies":[{"embeddable":true,"href":"https:\/\/www.purejewels.com\/de\/wp-json\/wp\/v2\/comments?post=417603"}],"version-history":[{"count":1,"href":"https:\/\/www.purejewels.com\/de\/wp-json\/wp\/v2\/product\/417603\/revisions"}],"predecessor-version":[{"id":417618,"href":"https:\/\/www.purejewels.com\/de\/wp-json\/wp\/v2\/product\/417603\/revisions\/417618"}],"wp:featuredmedia":[{"embeddable":true,"href":"https:\/\/www.purejewels.com\/de\/wp-json\/wp\/v2\/media\/364589"}],"wp:attachment":[{"href":"https:\/\/www.purejewels.com\/de\/wp-json\/wp\/v2\/media?parent=417603"}],"wp:term":[{"taxonomy":"product_brand","embeddable":true,"href":"https:\/\/www.purejewels.com\/de\/wp-json\/wp\/v2\/product_brand?post=417603"},{"taxonomy":"product_cat","embeddable":true,"href":"https:\/\/www.purejewels.com\/de\/wp-json\/wp\/v2\/product_cat?post=417603"},{"taxonomy":"product_tag","embeddable":true,"href":"https:\/\/www.purejewels.com\/de\/wp-json\/wp\/v2\/product_tag?post=417603"}],"curies":[{"name":"wp","href":"https:\/\/api.w.org\/{rel}","templated":true}]}}