{"id":4178,"date":"2017-07-19T13:25:26","date_gmt":"2017-07-19T12:25:26","guid":{"rendered":"http:\/\/new.purejewels.com\/product\/diya-18ct-uncut-polki-diamond-ring-2\/"},"modified":"2026-01-06T11:12:43","modified_gmt":"2026-01-06T11:12:43","slug":"diya-18ct-ungeschliffener-polki-diamantring-2","status":"publish","type":"product","link":"https:\/\/www.purejewels.com\/de\/product\/diya-18ct-uncut-polki-diamond-ring-2\/","title":{"rendered":"Diya 18 Karat Ros\u00e9gold Polki-Gitterring"},"content":{"rendered":"<h3 data-start=\"132\" data-end=\"156\"><strong data-start=\"136\" data-end=\"154\">Designkonzept<\/strong><\/h3>\n<p data-start=\"157\" data-end=\"566\">Die <em data-start=\"161\" data-end=\"201\">Diya <a href=\"https:\/\/www.purejewels.com\/de\/product\/18ct-white-gold-khanda-sikh-religious-pendant-6226\/\">18ct<\/a> Ros\u00e9gold-Polki-Gitterring<\/em> f\u00e4ngt das feine Zusammenspiel zwischen Tradition und Offenheit ein. Inspiriert von der Komplexit\u00e4t der Jali-Gitter der Moguln l\u00e4sst die offene Gitterform des Rings Licht durch und schafft so ein Gef\u00fchl von Leichtigkeit und Anmut. Jeder Polki-Diamant ist wie ein Stern in einer Konstellation platziert \u2013 subtil, nat\u00fcrlich und bewusst unregelm\u00e4\u00dfig \u2013 und zelebriert so die Individualit\u00e4t jeder Reise.<\/p>\n<h3 data-start=\"573\" data-end=\"596\"><strong data-start=\"577\" data-end=\"594\">Handwerkliches K\u00f6nnen<\/strong><\/h3>\n<p data-start=\"597\" data-end=\"1190\">Der Ring ist aus 18 Karat Ros\u00e9gold handgefertigt und verf\u00fcgt \u00fcber nat\u00fcrliche <em data-start=\"654\" data-end=\"661\">Polki<\/em> Diamanten in verschiedenen organischen Schliffen, gefasst in einem strukturierten, offenen Rahmen. Der warme Unterton des Ros\u00e9goldes verst\u00e4rkt das Funkeln jedes ungeschliffenen Steins und bildet gleichzeitig einen raffinierten Kontrast zum negativen Raum des Designs. Die gitterartige Struktur sorgt f\u00fcr einen luftigen, leichten Tragekomfort und bewahrt gleichzeitig die Reichhaltigkeit und Formalit\u00e4t von hochwertigem Schmuck. Jeder Ring wird mit viel Liebe zum Detail gefertigt und verk\u00f6rpert das Engagement von PureJewels f\u00fcr Handwerkskunst und Storytelling durch Design.<\/p>\n<h3 data-start=\"1197\" data-end=\"1220\"><strong data-start=\"1201\" data-end=\"1218\">Styling-Ideen<\/strong><\/h3>\n<p data-start=\"1221\" data-end=\"1617\">Dieser Ring eignet sich perfekt als Einzelst\u00fcck oder als luxuri\u00f6ses Kombi-Schmuckst\u00fcck und passt sowohl zu indischen als auch zu westlichen Looks. Kombinieren Sie ihn mit einem Ros\u00e9gold-Armband oder passenden Polki-Ohrringen f\u00fcr einen eleganten Anlass oder tragen Sie ihn allein zu einer Seidenbluse oder einem Abendkleid, um die Textur f\u00fcr sich sprechen zu lassen. Dank seines geringen Gewichts und seines Tragekomforts eignet er sich auch hervorragend als Geschenk oder zur Feier pers\u00f6nlicher Meilensteine.<\/p>","protected":false},"excerpt":{"rendered":"<ul>\n<li>18 Karat Gold Damenring<\/li>\n<li>Polki-Diamanten im Rosenschliff - 1,76 Karat<\/li>\n<li>Gewicht : 2.8g<\/li>\n<li>\u00a0Gold gestempelt von London Assay Office<\/li>\n<li>Mit Pr\u00e4sentationsbox<\/li>\n<li>Lieferung inbegriffen<\/li>\n<li>Alle Preise inklusive Mehrwertsteuer<\/li>\n<li>Live-Chat mit uns f\u00fcr die Verf\u00fcgbarkeit und mehr Bilder von \u00e4hnlichen Designs derzeit auf Lager<\/li>\n<\/ul>","protected":false},"featured_media":315621,"comment_status":"closed","ping_status":"closed","template":"","meta":{"_eb_attr":"","_crsspst_to_jayantr4sg-hostcom":false},"product_brand":[],"product_cat":[236,1533,1229,1235],"product_tag":[],"class_list":{"0":"post-4178","1":"product","2":"type-product","3":"status-publish","4":"has-post-thumbnail","6":"product_cat-collections","7":"product_cat-diamond-jewellery-set","8":"product_cat-22ct-gold-jewellery","9":"product_cat-gold-rings","11":"first","12":"outofstock","13":"taxable","14":"shipping-taxable","15":"product-type-simple","16":"add-to-wishlist-before_image"},"yoast_head":"<!-- This site is optimized with the Yoast SEO plugin v27.3 - https:\/\/yoast.com\/product\/yoast-seo-wordpress\/ -->\n<title>Diya 18ct Rose Gold Polki Lattice Ring | PureJewels London<\/title>\n<meta name=\"description\" content=\"A lightweight rose gold ring with uncut Polki diamonds in an airy lattice design. Elegant, handcrafted, and perfect for stacking or solo wear.\" \/>\n<meta name=\"robots\" content=\"index, follow, max-snippet:-1, max-image-preview:large, max-video-preview:-1\" \/>\n<link rel=\"canonical\" href=\"https:\/\/www.purejewels.com\/de\/produkt-2\/diya-18ct-ungeschliffener-polki-diamantring-2\/\" \/>\n<meta property=\"og:locale\" content=\"de_DE\" \/>\n<meta property=\"og:type\" content=\"article\" \/>\n<meta property=\"og:title\" content=\"Diya 18ct Rose Gold Polki Lattice Ring | PureJewels London\" \/>\n<meta property=\"og:description\" content=\"A lightweight rose gold ring with uncut Polki diamonds in an airy lattice design. Elegant, handcrafted, and perfect for stacking or solo wear.\" \/>\n<meta property=\"og:url\" content=\"https:\/\/www.purejewels.com\/de\/produkt-2\/diya-18ct-ungeschliffener-polki-diamantring-2\/\" \/>\n<meta property=\"og:site_name\" content=\"PureJewels UK\" \/>\n<meta property=\"article:modified_time\" content=\"2026-01-06T11:12:43+00:00\" \/>\n<meta property=\"og:image\" content=\"https:\/\/www.purejewels.com\/wp-content\/uploads\/2020\/07\/133371339.jpg\" \/>\n\t<meta property=\"og:image:width\" content=\"960\" \/>\n\t<meta property=\"og:image:height\" content=\"960\" \/>\n\t<meta property=\"og:image:type\" content=\"image\/jpeg\" \/>\n<meta name=\"twitter:card\" content=\"summary_large_image\" \/>\n<meta name=\"twitter:label1\" content=\"Gesch\u00e4tzte Lesezeit\" \/>\n\t<meta name=\"twitter:data1\" content=\"2\u00a0Minuten\" \/>\n<script type=\"application\/ld+json\" class=\"yoast-schema-graph\">{\"@context\":\"https:\\\/\\\/schema.org\",\"@graph\":[{\"@type\":[\"WebPage\",\"ItemPage\"],\"@id\":\"https:\\\/\\\/www.purejewels.com\\\/product\\\/diya-18ct-uncut-polki-diamond-ring-2\\\/\",\"url\":\"https:\\\/\\\/www.purejewels.com\\\/product\\\/diya-18ct-uncut-polki-diamond-ring-2\\\/\",\"name\":\"Diya 18ct Rose Gold Polki Lattice Ring | PureJewels London\",\"isPartOf\":{\"@id\":\"https:\\\/\\\/www.purejewels.com\\\/#website\"},\"primaryImageOfPage\":{\"@id\":\"https:\\\/\\\/www.purejewels.com\\\/product\\\/diya-18ct-uncut-polki-diamond-ring-2\\\/#primaryimage\"},\"image\":{\"@id\":\"https:\\\/\\\/www.purejewels.com\\\/product\\\/diya-18ct-uncut-polki-diamond-ring-2\\\/#primaryimage\"},\"thumbnailUrl\":\"https:\\\/\\\/static.purejewels.com\\\/wp-content\\\/uploads\\\/2020\\\/07\\\/133371339.jpg\",\"datePublished\":\"2017-07-19T12:25:26+00:00\",\"dateModified\":\"2026-01-06T11:12:43+00:00\",\"description\":\"A lightweight rose gold ring with uncut Polki diamonds in an airy lattice design. Elegant, handcrafted, and perfect for stacking or solo wear.\",\"breadcrumb\":{\"@id\":\"https:\\\/\\\/www.purejewels.com\\\/product\\\/diya-18ct-uncut-polki-diamond-ring-2\\\/#breadcrumb\"},\"inLanguage\":\"de\",\"potentialAction\":[{\"@type\":\"ReadAction\",\"target\":[\"https:\\\/\\\/www.purejewels.com\\\/product\\\/diya-18ct-uncut-polki-diamond-ring-2\\\/\"]}]},{\"@type\":\"ImageObject\",\"inLanguage\":\"de\",\"@id\":\"https:\\\/\\\/www.purejewels.com\\\/product\\\/diya-18ct-uncut-polki-diamond-ring-2\\\/#primaryimage\",\"url\":\"https:\\\/\\\/static.purejewels.com\\\/wp-content\\\/uploads\\\/2020\\\/07\\\/133371339.jpg\",\"contentUrl\":\"https:\\\/\\\/static.purejewels.com\\\/wp-content\\\/uploads\\\/2020\\\/07\\\/133371339.jpg\",\"width\":960,\"height\":960},{\"@type\":\"BreadcrumbList\",\"@id\":\"https:\\\/\\\/www.purejewels.com\\\/product\\\/diya-18ct-uncut-polki-diamond-ring-2\\\/#breadcrumb\",\"itemListElement\":[{\"@type\":\"ListItem\",\"position\":1,\"name\":\"Home\",\"item\":\"https:\\\/\\\/www.purejewels.com\\\/\"},{\"@type\":\"ListItem\",\"position\":2,\"name\":\"Shop\",\"item\":\"https:\\\/\\\/www.purejewels.com\\\/shop\\\/\"},{\"@type\":\"ListItem\",\"position\":3,\"name\":\"Diya 18ct Rose Gold Polki Lattice Ring\"}]},{\"@type\":\"WebSite\",\"@id\":\"https:\\\/\\\/www.purejewels.com\\\/#website\",\"url\":\"https:\\\/\\\/www.purejewels.com\\\/\",\"name\":\"PureJewels UK\",\"description\":\"Share the Love\",\"publisher\":{\"@id\":\"https:\\\/\\\/www.purejewels.com\\\/#organization\"},\"potentialAction\":[{\"@type\":\"SearchAction\",\"target\":{\"@type\":\"EntryPoint\",\"urlTemplate\":\"https:\\\/\\\/www.purejewels.com\\\/?s={search_term_string}\"},\"query-input\":{\"@type\":\"PropertyValueSpecification\",\"valueRequired\":true,\"valueName\":\"search_term_string\"}}],\"inLanguage\":\"de\"},{\"@type\":\"Organization\",\"@id\":\"https:\\\/\\\/www.purejewels.com\\\/#organization\",\"name\":\"PureJewels UK\",\"url\":\"https:\\\/\\\/www.purejewels.com\\\/\",\"logo\":{\"@type\":\"ImageObject\",\"inLanguage\":\"de\",\"@id\":\"https:\\\/\\\/www.purejewels.com\\\/#\\\/schema\\\/logo\\\/image\\\/\",\"url\":\"https:\\\/\\\/static.purejewels.com\\\/wp-content\\\/uploads\\\/2020\\\/11\\\/Logo-PJ-New-1.png\",\"contentUrl\":\"https:\\\/\\\/static.purejewels.com\\\/wp-content\\\/uploads\\\/2020\\\/11\\\/Logo-PJ-New-1.png\",\"width\":150,\"height\":80,\"caption\":\"PureJewels UK\"},\"image\":{\"@id\":\"https:\\\/\\\/www.purejewels.com\\\/#\\\/schema\\\/logo\\\/image\\\/\"}}]}<\/script>\n<!-- \/ Yoast SEO plugin. -->","yoast_head_json":{"title":"Diya 18 Karat Ros\u00e9gold Polki-Gitterring | PureJewels London","description":"Ein leichter Ros\u00e9goldring mit ungeschliffenen Polki-Diamanten in einem luftigen Gitterdesign. Elegant, handgefertigt und perfekt zum Kombinieren oder solo zu tragen.","robots":{"index":"index","follow":"follow","max-snippet":"max-snippet:-1","max-image-preview":"max-image-preview:large","max-video-preview":"max-video-preview:-1"},"canonical":"https:\/\/www.purejewels.com\/de\/produkt-2\/diya-18ct-ungeschliffener-polki-diamantring-2\/","og_locale":"de_DE","og_type":"article","og_title":"Diya 18ct Rose Gold Polki Lattice Ring | PureJewels London","og_description":"A lightweight rose gold ring with uncut Polki diamonds in an airy lattice design. Elegant, handcrafted, and perfect for stacking or solo wear.","og_url":"https:\/\/www.purejewels.com\/de\/produkt-2\/diya-18ct-ungeschliffener-polki-diamantring-2\/","og_site_name":"PureJewels UK","article_modified_time":"2026-01-06T11:12:43+00:00","og_image":[{"width":960,"height":960,"url":"https:\/\/www.purejewels.com\/wp-content\/uploads\/2020\/07\/133371339.jpg","type":"image\/jpeg"}],"twitter_card":"summary_large_image","twitter_misc":{"Gesch\u00e4tzte Lesezeit":"2\u00a0Minuten"},"schema":{"@context":"https:\/\/schema.org","@graph":[{"@type":["WebPage","ItemPage"],"@id":"https:\/\/www.purejewels.com\/product\/diya-18ct-uncut-polki-diamond-ring-2\/","url":"https:\/\/www.purejewels.com\/product\/diya-18ct-uncut-polki-diamond-ring-2\/","name":"Diya 18 Karat Ros\u00e9gold Polki-Gitterring | PureJewels London","isPartOf":{"@id":"https:\/\/www.purejewels.com\/#website"},"primaryImageOfPage":{"@id":"https:\/\/www.purejewels.com\/product\/diya-18ct-uncut-polki-diamond-ring-2\/#primaryimage"},"image":{"@id":"https:\/\/www.purejewels.com\/product\/diya-18ct-uncut-polki-diamond-ring-2\/#primaryimage"},"thumbnailUrl":"https:\/\/static.purejewels.com\/wp-content\/uploads\/2020\/07\/133371339.jpg","datePublished":"2017-07-19T12:25:26+00:00","dateModified":"2026-01-06T11:12:43+00:00","description":"Ein leichter Ros\u00e9goldring mit ungeschliffenen Polki-Diamanten in einem luftigen Gitterdesign. Elegant, handgefertigt und perfekt zum Kombinieren oder solo zu tragen.","breadcrumb":{"@id":"https:\/\/www.purejewels.com\/product\/diya-18ct-uncut-polki-diamond-ring-2\/#breadcrumb"},"inLanguage":"de","potentialAction":[{"@type":"ReadAction","target":["https:\/\/www.purejewels.com\/product\/diya-18ct-uncut-polki-diamond-ring-2\/"]}]},{"@type":"ImageObject","inLanguage":"de","@id":"https:\/\/www.purejewels.com\/product\/diya-18ct-uncut-polki-diamond-ring-2\/#primaryimage","url":"https:\/\/static.purejewels.com\/wp-content\/uploads\/2020\/07\/133371339.jpg","contentUrl":"https:\/\/static.purejewels.com\/wp-content\/uploads\/2020\/07\/133371339.jpg","width":960,"height":960},{"@type":"BreadcrumbList","@id":"https:\/\/www.purejewels.com\/product\/diya-18ct-uncut-polki-diamond-ring-2\/#breadcrumb","itemListElement":[{"@type":"ListItem","position":1,"name":"Home","item":"https:\/\/www.purejewels.com\/"},{"@type":"ListItem","position":2,"name":"Shop","item":"https:\/\/www.purejewels.com\/shop\/"},{"@type":"ListItem","position":3,"name":"Diya 18ct Rose Gold Polki Lattice Ring"}]},{"@type":"WebSite","@id":"https:\/\/www.purejewels.com\/#website","url":"https:\/\/www.purejewels.com\/","name":"PureJewels UK","description":"Teile die Liebe","publisher":{"@id":"https:\/\/www.purejewels.com\/#organization"},"potentialAction":[{"@type":"SearchAction","target":{"@type":"EntryPoint","urlTemplate":"https:\/\/www.purejewels.com\/?s={search_term_string}"},"query-input":{"@type":"PropertyValueSpecification","valueRequired":true,"valueName":"search_term_string"}}],"inLanguage":"de"},{"@type":"Organization","@id":"https:\/\/www.purejewels.com\/#organization","name":"PureJewels UK","url":"https:\/\/www.purejewels.com\/","logo":{"@type":"ImageObject","inLanguage":"de","@id":"https:\/\/www.purejewels.com\/#\/schema\/logo\/image\/","url":"https:\/\/static.purejewels.com\/wp-content\/uploads\/2020\/11\/Logo-PJ-New-1.png","contentUrl":"https:\/\/static.purejewels.com\/wp-content\/uploads\/2020\/11\/Logo-PJ-New-1.png","width":150,"height":80,"caption":"PureJewels UK"},"image":{"@id":"https:\/\/www.purejewels.com\/#\/schema\/logo\/image\/"}}]}},"_links":{"self":[{"href":"https:\/\/www.purejewels.com\/de\/wp-json\/wp\/v2\/product\/4178","targetHints":{"allow":["GET"]}}],"collection":[{"href":"https:\/\/www.purejewels.com\/de\/wp-json\/wp\/v2\/product"}],"about":[{"href":"https:\/\/www.purejewels.com\/de\/wp-json\/wp\/v2\/types\/product"}],"replies":[{"embeddable":true,"href":"https:\/\/www.purejewels.com\/de\/wp-json\/wp\/v2\/comments?post=4178"}],"version-history":[{"count":3,"href":"https:\/\/www.purejewels.com\/de\/wp-json\/wp\/v2\/product\/4178\/revisions"}],"predecessor-version":[{"id":421808,"href":"https:\/\/www.purejewels.com\/de\/wp-json\/wp\/v2\/product\/4178\/revisions\/421808"}],"wp:featuredmedia":[{"embeddable":true,"href":"https:\/\/www.purejewels.com\/de\/wp-json\/wp\/v2\/media\/315621"}],"wp:attachment":[{"href":"https:\/\/www.purejewels.com\/de\/wp-json\/wp\/v2\/media?parent=4178"}],"wp:term":[{"taxonomy":"product_brand","embeddable":true,"href":"https:\/\/www.purejewels.com\/de\/wp-json\/wp\/v2\/product_brand?post=4178"},{"taxonomy":"product_cat","embeddable":true,"href":"https:\/\/www.purejewels.com\/de\/wp-json\/wp\/v2\/product_cat?post=4178"},{"taxonomy":"product_tag","embeddable":true,"href":"https:\/\/www.purejewels.com\/de\/wp-json\/wp\/v2\/product_tag?post=4178"}],"curies":[{"name":"wp","href":"https:\/\/api.w.org\/{rel}","templated":true}]}}