{"id":418057,"date":"2025-08-06T06:10:24","date_gmt":"2025-08-06T05:10:24","guid":{"rendered":"https:\/\/www.purejewels.com\/?post_type=product&#038;p=418057"},"modified":"2026-03-27T04:53:21","modified_gmt":"2026-03-27T04:53:21","slug":"goldener-pfeilspitzen-anhanger-53075","status":"publish","type":"product","link":"https:\/\/www.purejewels.com\/de\/product\/golden-arrowhead-pendant-53075\/","title":{"rendered":"Goldener Pfeilspitzen-Anh\u00e4nger | 22ct Gold"},"content":{"rendered":"<p data-start=\"524\" data-end=\"986\"><strong data-start=\"524\" data-end=\"543\">Designkonzept<\/strong><\/p>\n<p data-start=\"524\" data-end=\"986\">Inspiriert von der zeitlosen Form einer Pfeilspitze - einem Symbol f\u00fcr Zielstrebigkeit, Schutz und den Geist eines Kriegers - verk\u00f6rpert dieser Anh\u00e4nger St\u00e4rke und Eleganz. Die klaren Linien und die kantige Form spiegeln Zielstrebigkeit und Widerstandsf\u00e4higkeit wider, w\u00e4hrend die vertikal ge\u00e4tzten Details innerhalb des Pfeils f\u00fcr Tiefe und ein Gef\u00fchl der Bewegung sorgen. Die Pfeilspitze bedeutet, dass man sich mit Klarheit vorw\u00e4rts bewegt, was diesen Anh\u00e4nger zu einem idealen Schmuckst\u00fcck f\u00fcr alle macht, die Absicht und Fortschritt sch\u00e4tzen.<\/p>\n<p data-start=\"988\" data-end=\"1400\"><strong data-start=\"988\" data-end=\"1006\">Handwerkliches K\u00f6nnen<\/strong><\/p>\n<p data-start=\"988\" data-end=\"1400\">Der in sorgf\u00e4ltiger Handarbeit aus 22-kar\u00e4tigem Gelbgold gefertigte Anh\u00e4nger mit einem Gewicht von 2 Gramm verf\u00fcgt \u00fcber einen polierten \u00e4u\u00dferen Rahmen und ein dezent geb\u00fcrstetes inneres Finish. Dieses Zusammenspiel von Texturen verst\u00e4rkt seine visuelle Dimension und ehrt gleichzeitig die Kunstfertigkeit der traditionellen Goldschmiedekunst. Der B\u00fcgel ist auf Langlebigkeit und Tragekomfort ausgelegt und mit einer geriffelten Kappe versehen, die ihm einen Hauch von geometrischem Flair verleiht.<\/p>\n<p data-start=\"1402\" data-end=\"1794\"><strong data-start=\"1402\" data-end=\"1420\">Styling-Ideen<\/strong><\/p>\n<p data-start=\"1402\" data-end=\"1794\">Dieses St\u00fcck steht f\u00fcr sich allein - ein perfekter Alltagsanh\u00e4nger f\u00fcr M\u00e4nner oder Frauen, die modernen Minimalismus mit kulturellem Tiefgang sch\u00e4tzen. Kombinieren Sie ihn mit einer mittelgro\u00dfen Goldkette f\u00fcr einen polierten, maskulinen Look oder kombinieren Sie ihn mit feinen Ketten f\u00fcr einen eklektischen, modischen Stil. Er eignet sich auch als aufmerksames Geschenk f\u00fcr Meilensteine, Erfolge oder Momente der pers\u00f6nlichen Ver\u00e4nderung.<\/p>","protected":false},"excerpt":{"rendered":"<p>Dieser goldene Pfeilspitzen-Anh\u00e4nger aus 22-kar\u00e4tigem Gelbgold ist ein k\u00fchnes, aber dennoch raffiniertes Symbol f\u00fcr St\u00e4rke und Orientierung und wurde mit eleganter Pr\u00e4zision entworfen. Seine scharfe Silhouette und die strukturierte Mitte erinnern an Kraft und Klarheit und machen ihn zu einem modernen Talisman f\u00fcr die selbstbewusste Tr\u00e4gerin.<\/p>\n<p><strong>Material:<\/strong> 22ct Gold (91,6% reines Gold)<strong><br \/>\nWahrzeichen:\u00a0<\/strong>Britisches G\u00fctesiegel<strong><br \/>\n<\/strong><strong>Bruttogewicht: <\/strong>2 Gramm<strong><br \/>\nSKU: <\/strong>53075<strong>, <\/strong>52918<\/p>\n<p><strong>Preis und Lieferung: <\/strong>Inklusive Mehrwertsteuer und Lieferkosten<br \/>\nKette nicht enthalten.<br \/>\n<strong><a href=\"https:\/\/www.purejewels.com\/de\/ruckgabepolitik\/\">R\u00fcckgabepolitik<\/a><\/strong><\/p>","protected":false},"featured_media":418065,"comment_status":"closed","ping_status":"closed","template":"","meta":{"_eb_attr":"","_crsspst_to_jayantr4sg-hostcom":true},"product_brand":[],"product_cat":[1793,1770,1792,1790,1229,1255,5343,1767,1572,1768,5338,1575,5349],"product_tag":[],"class_list":{"0":"post-418057","1":"product","2":"type-product","3":"status-publish","4":"has-post-thumbnail","6":"product_cat-diwali-gifts","7":"product_cat-fancy-pendants","8":"product_cat-festival-gifts","9":"product_cat-for-whom-when","10":"product_cat-22ct-gold-jewellery","11":"product_cat-gold-pendants","12":"product_cat-jewellery-under-550","13":"product_cat-ladies-pendants","14":"product_cat-mens-jewellery","15":"product_cat-mens-pendants","16":"product_cat-shop-by-price","17":"product_cat-teenage-jewellery","18":"product_cat-yellow-gold-jewellery","20":"first","21":"outofstock","22":"taxable","23":"shipping-taxable","24":"product-type-simple","25":"add-to-wishlist-before_image"},"yoast_head":"<!-- This site is optimized with the Yoast SEO plugin v27.6 - https:\/\/yoast.com\/product\/yoast-seo-wordpress\/ -->\n<title>Golden Arrowhead Pendant \u2013 22ct Gold Unisex Design UK<\/title>\n<meta name=\"description\" content=\"Crafted in 22ct gold, this arrowhead pendant blends strength and elegance. A bold, unisex design symbolising clarity, direction, and power.\" \/>\n<meta name=\"robots\" content=\"index, follow, max-snippet:-1, max-image-preview:large, max-video-preview:-1\" \/>\n<link rel=\"canonical\" href=\"https:\/\/www.purejewels.com\/de\/produkt-2\/goldener-pfeilspitzen-anhanger-53075\/\" \/>\n<meta property=\"og:locale\" content=\"de_DE\" \/>\n<meta property=\"og:type\" content=\"article\" \/>\n<meta property=\"og:title\" content=\"Golden Arrowhead Pendant \u2013 22ct Gold Unisex Design UK\" \/>\n<meta property=\"og:description\" content=\"Crafted in 22ct gold, this arrowhead pendant blends strength and elegance. A bold, unisex design symbolising clarity, direction, and power.\" \/>\n<meta property=\"og:url\" content=\"https:\/\/www.purejewels.com\/de\/produkt-2\/goldener-pfeilspitzen-anhanger-53075\/\" \/>\n<meta property=\"og:site_name\" content=\"PureJewels UK\" \/>\n<meta property=\"article:modified_time\" content=\"2026-03-27T04:53:21+00:00\" \/>\n<meta property=\"og:image\" content=\"https:\/\/static.purejewels.com\/wp-content\/uploads\/2025\/10\/PCS517-01.jpg\" \/>\n\t<meta property=\"og:image:width\" content=\"1000\" \/>\n\t<meta property=\"og:image:height\" content=\"1000\" \/>\n\t<meta property=\"og:image:type\" content=\"image\/jpeg\" \/>\n<meta name=\"twitter:card\" content=\"summary_large_image\" \/>\n<meta name=\"twitter:label1\" content=\"Gesch\u00e4tzte Lesezeit\" \/>\n\t<meta name=\"twitter:data1\" content=\"2\u00a0Minuten\" \/>\n<script type=\"application\/ld+json\" class=\"yoast-schema-graph\">{\"@context\":\"https:\\\/\\\/schema.org\",\"@graph\":[{\"@type\":[\"WebPage\",\"ItemPage\"],\"@id\":\"https:\\\/\\\/www.purejewels.com\\\/product\\\/golden-arrowhead-pendant-53075\\\/\",\"url\":\"https:\\\/\\\/www.purejewels.com\\\/product\\\/golden-arrowhead-pendant-53075\\\/\",\"name\":\"Golden Arrowhead Pendant \u2013 22ct Gold Unisex Design UK\",\"isPartOf\":{\"@id\":\"https:\\\/\\\/www.purejewels.com\\\/#website\"},\"primaryImageOfPage\":{\"@id\":\"https:\\\/\\\/www.purejewels.com\\\/product\\\/golden-arrowhead-pendant-53075\\\/#primaryimage\"},\"image\":{\"@id\":\"https:\\\/\\\/www.purejewels.com\\\/product\\\/golden-arrowhead-pendant-53075\\\/#primaryimage\"},\"thumbnailUrl\":\"https:\\\/\\\/static.purejewels.com\\\/wp-content\\\/uploads\\\/2025\\\/10\\\/PCS517-01.jpg\",\"datePublished\":\"2025-08-06T05:10:24+00:00\",\"dateModified\":\"2026-03-27T04:53:21+00:00\",\"description\":\"Crafted in 22ct gold, this arrowhead pendant blends strength and elegance. A bold, unisex design symbolising clarity, direction, and power.\",\"breadcrumb\":{\"@id\":\"https:\\\/\\\/www.purejewels.com\\\/product\\\/golden-arrowhead-pendant-53075\\\/#breadcrumb\"},\"inLanguage\":\"de\",\"potentialAction\":[{\"@type\":\"ReadAction\",\"target\":[\"https:\\\/\\\/www.purejewels.com\\\/product\\\/golden-arrowhead-pendant-53075\\\/\"]}]},{\"@type\":\"ImageObject\",\"inLanguage\":\"de\",\"@id\":\"https:\\\/\\\/www.purejewels.com\\\/product\\\/golden-arrowhead-pendant-53075\\\/#primaryimage\",\"url\":\"https:\\\/\\\/static.purejewels.com\\\/wp-content\\\/uploads\\\/2025\\\/10\\\/PCS517-01.jpg\",\"contentUrl\":\"https:\\\/\\\/static.purejewels.com\\\/wp-content\\\/uploads\\\/2025\\\/10\\\/PCS517-01.jpg\",\"width\":1000,\"height\":1000,\"caption\":\"Golden Arrowhead Pendant\"},{\"@type\":\"BreadcrumbList\",\"@id\":\"https:\\\/\\\/www.purejewels.com\\\/product\\\/golden-arrowhead-pendant-53075\\\/#breadcrumb\",\"itemListElement\":[{\"@type\":\"ListItem\",\"position\":1,\"name\":\"Home\",\"item\":\"https:\\\/\\\/www.purejewels.com\\\/\"},{\"@type\":\"ListItem\",\"position\":2,\"name\":\"Shop\",\"item\":\"https:\\\/\\\/www.purejewels.com\\\/shop\\\/\"},{\"@type\":\"ListItem\",\"position\":3,\"name\":\"Golden Arrowhead Pendant | 22ct Gold\"}]},{\"@type\":\"WebSite\",\"@id\":\"https:\\\/\\\/www.purejewels.com\\\/#website\",\"url\":\"https:\\\/\\\/www.purejewels.com\\\/\",\"name\":\"PureJewels UK\",\"description\":\"Share the Love\",\"publisher\":{\"@id\":\"https:\\\/\\\/www.purejewels.com\\\/#organization\"},\"potentialAction\":[{\"@type\":\"SearchAction\",\"target\":{\"@type\":\"EntryPoint\",\"urlTemplate\":\"https:\\\/\\\/www.purejewels.com\\\/?s={search_term_string}\"},\"query-input\":{\"@type\":\"PropertyValueSpecification\",\"valueRequired\":true,\"valueName\":\"search_term_string\"}}],\"inLanguage\":\"de\"},{\"@type\":\"Organization\",\"@id\":\"https:\\\/\\\/www.purejewels.com\\\/#organization\",\"name\":\"PureJewels UK\",\"url\":\"https:\\\/\\\/www.purejewels.com\\\/\",\"logo\":{\"@type\":\"ImageObject\",\"inLanguage\":\"de\",\"@id\":\"https:\\\/\\\/www.purejewels.com\\\/#\\\/schema\\\/logo\\\/image\\\/\",\"url\":\"https:\\\/\\\/static.purejewels.com\\\/wp-content\\\/uploads\\\/2020\\\/11\\\/Logo-PJ-New-1.png\",\"contentUrl\":\"https:\\\/\\\/static.purejewels.com\\\/wp-content\\\/uploads\\\/2020\\\/11\\\/Logo-PJ-New-1.png\",\"width\":150,\"height\":80,\"caption\":\"PureJewels UK\"},\"image\":{\"@id\":\"https:\\\/\\\/www.purejewels.com\\\/#\\\/schema\\\/logo\\\/image\\\/\"}}]}<\/script>\n<!-- \/ Yoast SEO plugin. -->","yoast_head_json":{"title":"Goldener Pfeilspitze Anh\u00e4nger - 22ct Gold Unisex Design UK","description":"Dieser aus 22-kar\u00e4tigem Gold gefertigte Anh\u00e4nger mit Pfeilspitze vereint St\u00e4rke und Eleganz. Ein k\u00fchnes, unisex Design, das Klarheit, Richtung und Macht symbolisiert.","robots":{"index":"index","follow":"follow","max-snippet":"max-snippet:-1","max-image-preview":"max-image-preview:large","max-video-preview":"max-video-preview:-1"},"canonical":"https:\/\/www.purejewels.com\/de\/produkt-2\/goldener-pfeilspitzen-anhanger-53075\/","og_locale":"de_DE","og_type":"article","og_title":"Golden Arrowhead Pendant \u2013 22ct Gold Unisex Design UK","og_description":"Crafted in 22ct gold, this arrowhead pendant blends strength and elegance. A bold, unisex design symbolising clarity, direction, and power.","og_url":"https:\/\/www.purejewels.com\/de\/produkt-2\/goldener-pfeilspitzen-anhanger-53075\/","og_site_name":"PureJewels UK","article_modified_time":"2026-03-27T04:53:21+00:00","og_image":[{"width":1000,"height":1000,"url":"https:\/\/static.purejewels.com\/wp-content\/uploads\/2025\/10\/PCS517-01.jpg","type":"image\/jpeg"}],"twitter_card":"summary_large_image","twitter_misc":{"Gesch\u00e4tzte Lesezeit":"2\u00a0Minuten"},"schema":{"@context":"https:\/\/schema.org","@graph":[{"@type":["WebPage","ItemPage"],"@id":"https:\/\/www.purejewels.com\/product\/golden-arrowhead-pendant-53075\/","url":"https:\/\/www.purejewels.com\/product\/golden-arrowhead-pendant-53075\/","name":"Goldener Pfeilspitze Anh\u00e4nger - 22ct Gold Unisex Design UK","isPartOf":{"@id":"https:\/\/www.purejewels.com\/#website"},"primaryImageOfPage":{"@id":"https:\/\/www.purejewels.com\/product\/golden-arrowhead-pendant-53075\/#primaryimage"},"image":{"@id":"https:\/\/www.purejewels.com\/product\/golden-arrowhead-pendant-53075\/#primaryimage"},"thumbnailUrl":"https:\/\/static.purejewels.com\/wp-content\/uploads\/2025\/10\/PCS517-01.jpg","datePublished":"2025-08-06T05:10:24+00:00","dateModified":"2026-03-27T04:53:21+00:00","description":"Dieser aus 22-kar\u00e4tigem Gold gefertigte Anh\u00e4nger mit Pfeilspitze vereint St\u00e4rke und Eleganz. Ein k\u00fchnes, unisex Design, das Klarheit, Richtung und Macht symbolisiert.","breadcrumb":{"@id":"https:\/\/www.purejewels.com\/product\/golden-arrowhead-pendant-53075\/#breadcrumb"},"inLanguage":"de","potentialAction":[{"@type":"ReadAction","target":["https:\/\/www.purejewels.com\/product\/golden-arrowhead-pendant-53075\/"]}]},{"@type":"ImageObject","inLanguage":"de","@id":"https:\/\/www.purejewels.com\/product\/golden-arrowhead-pendant-53075\/#primaryimage","url":"https:\/\/static.purejewels.com\/wp-content\/uploads\/2025\/10\/PCS517-01.jpg","contentUrl":"https:\/\/static.purejewels.com\/wp-content\/uploads\/2025\/10\/PCS517-01.jpg","width":1000,"height":1000,"caption":"Golden Arrowhead Pendant"},{"@type":"BreadcrumbList","@id":"https:\/\/www.purejewels.com\/product\/golden-arrowhead-pendant-53075\/#breadcrumb","itemListElement":[{"@type":"ListItem","position":1,"name":"Home","item":"https:\/\/www.purejewels.com\/"},{"@type":"ListItem","position":2,"name":"Shop","item":"https:\/\/www.purejewels.com\/shop\/"},{"@type":"ListItem","position":3,"name":"Golden Arrowhead Pendant | 22ct Gold"}]},{"@type":"WebSite","@id":"https:\/\/www.purejewels.com\/#website","url":"https:\/\/www.purejewels.com\/","name":"PureJewels UK","description":"Teile die Liebe","publisher":{"@id":"https:\/\/www.purejewels.com\/#organization"},"potentialAction":[{"@type":"SearchAction","target":{"@type":"EntryPoint","urlTemplate":"https:\/\/www.purejewels.com\/?s={search_term_string}"},"query-input":{"@type":"PropertyValueSpecification","valueRequired":true,"valueName":"search_term_string"}}],"inLanguage":"de"},{"@type":"Organization","@id":"https:\/\/www.purejewels.com\/#organization","name":"PureJewels UK","url":"https:\/\/www.purejewels.com\/","logo":{"@type":"ImageObject","inLanguage":"de","@id":"https:\/\/www.purejewels.com\/#\/schema\/logo\/image\/","url":"https:\/\/static.purejewels.com\/wp-content\/uploads\/2020\/11\/Logo-PJ-New-1.png","contentUrl":"https:\/\/static.purejewels.com\/wp-content\/uploads\/2020\/11\/Logo-PJ-New-1.png","width":150,"height":80,"caption":"PureJewels UK"},"image":{"@id":"https:\/\/www.purejewels.com\/#\/schema\/logo\/image\/"}}]}},"_links":{"self":[{"href":"https:\/\/www.purejewels.com\/de\/wp-json\/wp\/v2\/product\/418057","targetHints":{"allow":["GET"]}}],"collection":[{"href":"https:\/\/www.purejewels.com\/de\/wp-json\/wp\/v2\/product"}],"about":[{"href":"https:\/\/www.purejewels.com\/de\/wp-json\/wp\/v2\/types\/product"}],"replies":[{"embeddable":true,"href":"https:\/\/www.purejewels.com\/de\/wp-json\/wp\/v2\/comments?post=418057"}],"version-history":[{"count":1,"href":"https:\/\/www.purejewels.com\/de\/wp-json\/wp\/v2\/product\/418057\/revisions"}],"predecessor-version":[{"id":418066,"href":"https:\/\/www.purejewels.com\/de\/wp-json\/wp\/v2\/product\/418057\/revisions\/418066"}],"wp:featuredmedia":[{"embeddable":true,"href":"https:\/\/www.purejewels.com\/de\/wp-json\/wp\/v2\/media\/418065"}],"wp:attachment":[{"href":"https:\/\/www.purejewels.com\/de\/wp-json\/wp\/v2\/media?parent=418057"}],"wp:term":[{"taxonomy":"product_brand","embeddable":true,"href":"https:\/\/www.purejewels.com\/de\/wp-json\/wp\/v2\/product_brand?post=418057"},{"taxonomy":"product_cat","embeddable":true,"href":"https:\/\/www.purejewels.com\/de\/wp-json\/wp\/v2\/product_cat?post=418057"},{"taxonomy":"product_tag","embeddable":true,"href":"https:\/\/www.purejewels.com\/de\/wp-json\/wp\/v2\/product_tag?post=418057"}],"curies":[{"name":"wp","href":"https:\/\/api.w.org\/{rel}","templated":true}]}}