{"id":418111,"date":"2025-09-06T07:44:33","date_gmt":"2025-09-06T06:44:33","guid":{"rendered":"https:\/\/www.purejewels.com\/?post_type=product&#038;p=418111"},"modified":"2026-01-06T05:35:00","modified_gmt":"2026-01-06T05:35:00","slug":"klassische-rechteckige-ohrstecker-aus-22-karat-gold","status":"publish","type":"product","link":"https:\/\/www.purejewels.com\/de\/product\/classic-rectangle-22ct-gold-stud-earrings\/","title":{"rendered":"Klassische rechteckige 22-kar\u00e4tige Gold-Ohrstecker"},"content":{"rendered":"<h3 data-start=\"531\" data-end=\"559\"><strong data-start=\"538\" data-end=\"557\">Designkonzept<\/strong><\/h3>\n<p data-start=\"560\" data-end=\"924\">Diese Ohrstecker sind vom modernen Minimalismus inspiriert - klare Linien, geometrische Formen und ein reines Material. Die weiche rechteckige Silhouette bietet eine k\u00fchne und doch subtile Pr\u00e4senz, die den Reichtum des 22-kar\u00e4tigen Goldes ohne Ablenkung durchscheinen l\u00e4sst. Dieses Design spricht Tr\u00e4gerinnen an, die Klarheit, Ausgewogenheit und ruhiges Vertrauen in ihren Schmuck sch\u00e4tzen.<\/p>\n<h3 data-start=\"931\" data-end=\"958\"><strong data-start=\"938\" data-end=\"956\">Handwerkliches K\u00f6nnen<\/strong><\/h3>\n<p data-start=\"959\" data-end=\"1343\">Die fachm\u00e4nnisch von Hand aus 22 Karat Gelbgold gefertigten Ohrringe haben eine sanft geschwungene, rechteckige Form mit einer satinierten, matten Oberfl\u00e4che, die ihre taktile Qualit\u00e4t unterstreicht. Die Pr\u00e4zisionspolitur entlang der Kanten schafft einen subtilen Kontrast und bringt Struktur in die ansonsten glatte Oberfl\u00e4che. Die Ohrringe sind f\u00fcr dauerhaften Tragekomfort und Langlebigkeit im Alltag konzipiert und werden mit einem sicheren Push-Back-Verschluss geliefert.<\/p>\n<h3 data-start=\"1350\" data-end=\"1377\"><strong data-start=\"1357\" data-end=\"1375\">Styling-Ideen<\/strong><\/h3>\n<p data-start=\"1378\" data-end=\"1696\">Diese goldenen Ohrstecker sind ein idealer Alltagsbegleiter f\u00fcr Frauen oder Teenager und passen sowohl zu traditionellen als auch zu modernen Outfits. Tragen Sie sie einzeln f\u00fcr einen minimalistischen Look oder kombinieren Sie sie mit kleinen Creolen oder Ohrsteckern f\u00fcr ein elegantes Ohr. Sie sind auch ein sinnvolles Geschenk f\u00fcr Geburtstage, Abschlussfeiern oder Initiationsriten.<\/p>","protected":false},"excerpt":{"rendered":"<p>Elegant und m\u00fchelos zelebrieren die Classic Rectangle 22ct Gold Stud Earrings unaufdringlichen Luxus. Gefertigt aus feinem Gelbgold mit einem glatten, matten Finish, sind sie das perfekte Alltagsutensil - unisex, raffiniert und zeitlos sch\u00f6n.<\/p>\n<p><strong>Material:<\/strong>\u00a022ct Gold<br \/>\n<strong>Reinheit:<\/strong>\u00a091.6% rein<br \/>\n<strong>Wahrzeichen:<\/strong>\u00a0Britisches G\u00fctesiegel<strong><br \/>\n<\/strong><strong>Bruttogewicht: <\/strong>1,96 Gramm<br \/>\n<strong>SKU:<\/strong> 52401<\/p>\n<p><strong>Preis und Lieferung<\/strong>: Inklusive Mehrwertsteuer und Lieferkosten<br \/>\n<a href=\"https:\/\/www.purejewels.com\/de\/ruckgabepolitik\/\">R\u00fcckgabepolitik<\/a><\/p>","protected":false},"featured_media":418115,"comment_status":"closed","ping_status":"closed","template":"","meta":{"_eb_attr":"","_crsspst_to_jayantr4sg-hostcom":true},"product_brand":[],"product_cat":[1793,1792,1790,1254,5343,1577,1575,1574,5349],"product_tag":[66],"class_list":{"0":"post-418111","1":"product","2":"type-product","3":"status-publish","4":"has-post-thumbnail","6":"product_cat-diwali-gifts","7":"product_cat-festival-gifts","8":"product_cat-for-whom-when","9":"product_cat-gold-earrings","10":"product_cat-jewellery-under-550","11":"product_cat-stud-earrings","12":"product_cat-teenage-jewellery","13":"product_cat-womens-jewellery","14":"product_cat-yellow-gold-jewellery","15":"product_tag-earrings","17":"first","18":"outofstock","19":"taxable","20":"shipping-taxable","21":"product-type-simple","22":"add-to-wishlist-before_image"},"yoast_head":"<!-- This site is optimized with the Yoast SEO plugin v27.5 - https:\/\/yoast.com\/product\/yoast-seo-wordpress\/ -->\n<title>Classic Rectangle 22ct Gold Stud Earrings \u2013 Minimal Design<\/title>\n<meta name=\"description\" content=\"22ct Gold Rectangle Stud Earrings with matte finish. Minimalist and timeless, ideal for everyday wear. Unisex style, handcrafted in pure yellow gold.\" \/>\n<meta name=\"robots\" content=\"index, follow, max-snippet:-1, max-image-preview:large, max-video-preview:-1\" \/>\n<link rel=\"canonical\" href=\"https:\/\/www.purejewels.com\/de\/produkt-2\/klassische-rechteckige-ohrstecker-aus-22-karat-gold\/\" \/>\n<meta property=\"og:locale\" content=\"de_DE\" \/>\n<meta property=\"og:type\" content=\"article\" \/>\n<meta property=\"og:title\" content=\"Classic Rectangle 22ct Gold Stud Earrings \u2013 Minimal Design\" \/>\n<meta property=\"og:description\" content=\"22ct Gold Rectangle Stud Earrings with matte finish. Minimalist and timeless, ideal for everyday wear. Unisex style, handcrafted in pure yellow gold.\" \/>\n<meta property=\"og:url\" content=\"https:\/\/www.purejewels.com\/de\/produkt-2\/klassische-rechteckige-ohrstecker-aus-22-karat-gold\/\" \/>\n<meta property=\"og:site_name\" content=\"PureJewels UK\" \/>\n<meta property=\"article:modified_time\" content=\"2026-01-06T05:35:00+00:00\" \/>\n<meta property=\"og:image\" content=\"https:\/\/www.purejewels.com\/wp-content\/uploads\/2025\/10\/52401.jpg\" \/>\n\t<meta property=\"og:image:width\" content=\"1000\" \/>\n\t<meta property=\"og:image:height\" content=\"1000\" \/>\n\t<meta property=\"og:image:type\" content=\"image\/jpeg\" \/>\n<meta name=\"twitter:card\" content=\"summary_large_image\" \/>\n<meta name=\"twitter:label1\" content=\"Gesch\u00e4tzte Lesezeit\" \/>\n\t<meta name=\"twitter:data1\" content=\"1\u00a0Minute\" \/>\n<script type=\"application\/ld+json\" class=\"yoast-schema-graph\">{\"@context\":\"https:\\\/\\\/schema.org\",\"@graph\":[{\"@type\":[\"WebPage\",\"ItemPage\"],\"@id\":\"https:\\\/\\\/www.purejewels.com\\\/product\\\/classic-rectangle-22ct-gold-stud-earrings\\\/\",\"url\":\"https:\\\/\\\/www.purejewels.com\\\/product\\\/classic-rectangle-22ct-gold-stud-earrings\\\/\",\"name\":\"Classic Rectangle 22ct Gold Stud Earrings \u2013 Minimal Design\",\"isPartOf\":{\"@id\":\"https:\\\/\\\/www.purejewels.com\\\/#website\"},\"primaryImageOfPage\":{\"@id\":\"https:\\\/\\\/www.purejewels.com\\\/product\\\/classic-rectangle-22ct-gold-stud-earrings\\\/#primaryimage\"},\"image\":{\"@id\":\"https:\\\/\\\/www.purejewels.com\\\/product\\\/classic-rectangle-22ct-gold-stud-earrings\\\/#primaryimage\"},\"thumbnailUrl\":\"https:\\\/\\\/static.purejewels.com\\\/wp-content\\\/uploads\\\/2025\\\/10\\\/52401.jpg\",\"datePublished\":\"2025-09-06T06:44:33+00:00\",\"dateModified\":\"2026-01-06T05:35:00+00:00\",\"description\":\"22ct Gold Rectangle Stud Earrings with matte finish. Minimalist and timeless, ideal for everyday wear. Unisex style, handcrafted in pure yellow gold.\",\"breadcrumb\":{\"@id\":\"https:\\\/\\\/www.purejewels.com\\\/product\\\/classic-rectangle-22ct-gold-stud-earrings\\\/#breadcrumb\"},\"inLanguage\":\"de\",\"potentialAction\":[{\"@type\":\"ReadAction\",\"target\":[\"https:\\\/\\\/www.purejewels.com\\\/product\\\/classic-rectangle-22ct-gold-stud-earrings\\\/\"]}]},{\"@type\":\"ImageObject\",\"inLanguage\":\"de\",\"@id\":\"https:\\\/\\\/www.purejewels.com\\\/product\\\/classic-rectangle-22ct-gold-stud-earrings\\\/#primaryimage\",\"url\":\"https:\\\/\\\/static.purejewels.com\\\/wp-content\\\/uploads\\\/2025\\\/10\\\/52401.jpg\",\"contentUrl\":\"https:\\\/\\\/static.purejewels.com\\\/wp-content\\\/uploads\\\/2025\\\/10\\\/52401.jpg\",\"width\":1000,\"height\":1000,\"caption\":\"Classic Rectangle 22ct Gold Stud Earrings\"},{\"@type\":\"BreadcrumbList\",\"@id\":\"https:\\\/\\\/www.purejewels.com\\\/product\\\/classic-rectangle-22ct-gold-stud-earrings\\\/#breadcrumb\",\"itemListElement\":[{\"@type\":\"ListItem\",\"position\":1,\"name\":\"Home\",\"item\":\"https:\\\/\\\/www.purejewels.com\\\/\"},{\"@type\":\"ListItem\",\"position\":2,\"name\":\"Shop\",\"item\":\"https:\\\/\\\/www.purejewels.com\\\/shop\\\/\"},{\"@type\":\"ListItem\",\"position\":3,\"name\":\"Classic Rectangle 22ct Gold Stud Earrings\"}]},{\"@type\":\"WebSite\",\"@id\":\"https:\\\/\\\/www.purejewels.com\\\/#website\",\"url\":\"https:\\\/\\\/www.purejewels.com\\\/\",\"name\":\"PureJewels UK\",\"description\":\"Share the Love\",\"publisher\":{\"@id\":\"https:\\\/\\\/www.purejewels.com\\\/#organization\"},\"potentialAction\":[{\"@type\":\"SearchAction\",\"target\":{\"@type\":\"EntryPoint\",\"urlTemplate\":\"https:\\\/\\\/www.purejewels.com\\\/?s={search_term_string}\"},\"query-input\":{\"@type\":\"PropertyValueSpecification\",\"valueRequired\":true,\"valueName\":\"search_term_string\"}}],\"inLanguage\":\"de\"},{\"@type\":\"Organization\",\"@id\":\"https:\\\/\\\/www.purejewels.com\\\/#organization\",\"name\":\"PureJewels UK\",\"url\":\"https:\\\/\\\/www.purejewels.com\\\/\",\"logo\":{\"@type\":\"ImageObject\",\"inLanguage\":\"de\",\"@id\":\"https:\\\/\\\/www.purejewels.com\\\/#\\\/schema\\\/logo\\\/image\\\/\",\"url\":\"https:\\\/\\\/static.purejewels.com\\\/wp-content\\\/uploads\\\/2020\\\/11\\\/Logo-PJ-New-1.png\",\"contentUrl\":\"https:\\\/\\\/static.purejewels.com\\\/wp-content\\\/uploads\\\/2020\\\/11\\\/Logo-PJ-New-1.png\",\"width\":150,\"height\":80,\"caption\":\"PureJewels UK\"},\"image\":{\"@id\":\"https:\\\/\\\/www.purejewels.com\\\/#\\\/schema\\\/logo\\\/image\\\/\"}}]}<\/script>\n<!-- \/ Yoast SEO plugin. -->","yoast_head_json":{"title":"Klassische rechteckige Ohrstecker aus 22 Karat Gold - Minimales Design","description":"Rechteckige Ohrstecker aus 22 Karat Gold mit mattem Finish. Minimalistisch und zeitlos, ideal f\u00fcr das t\u00e4gliche Tragen. Unisex-Stil, handgefertigt aus reinem Gelbgold.","robots":{"index":"index","follow":"follow","max-snippet":"max-snippet:-1","max-image-preview":"max-image-preview:large","max-video-preview":"max-video-preview:-1"},"canonical":"https:\/\/www.purejewels.com\/de\/produkt-2\/klassische-rechteckige-ohrstecker-aus-22-karat-gold\/","og_locale":"de_DE","og_type":"article","og_title":"Classic Rectangle 22ct Gold Stud Earrings \u2013 Minimal Design","og_description":"22ct Gold Rectangle Stud Earrings with matte finish. Minimalist and timeless, ideal for everyday wear. Unisex style, handcrafted in pure yellow gold.","og_url":"https:\/\/www.purejewels.com\/de\/produkt-2\/klassische-rechteckige-ohrstecker-aus-22-karat-gold\/","og_site_name":"PureJewels UK","article_modified_time":"2026-01-06T05:35:00+00:00","og_image":[{"width":1000,"height":1000,"url":"https:\/\/www.purejewels.com\/wp-content\/uploads\/2025\/10\/52401.jpg","type":"image\/jpeg"}],"twitter_card":"summary_large_image","twitter_misc":{"Gesch\u00e4tzte Lesezeit":"1\u00a0Minute"},"schema":{"@context":"https:\/\/schema.org","@graph":[{"@type":["WebPage","ItemPage"],"@id":"https:\/\/www.purejewels.com\/product\/classic-rectangle-22ct-gold-stud-earrings\/","url":"https:\/\/www.purejewels.com\/product\/classic-rectangle-22ct-gold-stud-earrings\/","name":"Klassische rechteckige Ohrstecker aus 22 Karat Gold - Minimales Design","isPartOf":{"@id":"https:\/\/www.purejewels.com\/#website"},"primaryImageOfPage":{"@id":"https:\/\/www.purejewels.com\/product\/classic-rectangle-22ct-gold-stud-earrings\/#primaryimage"},"image":{"@id":"https:\/\/www.purejewels.com\/product\/classic-rectangle-22ct-gold-stud-earrings\/#primaryimage"},"thumbnailUrl":"https:\/\/static.purejewels.com\/wp-content\/uploads\/2025\/10\/52401.jpg","datePublished":"2025-09-06T06:44:33+00:00","dateModified":"2026-01-06T05:35:00+00:00","description":"Rechteckige Ohrstecker aus 22 Karat Gold mit mattem Finish. Minimalistisch und zeitlos, ideal f\u00fcr das t\u00e4gliche Tragen. Unisex-Stil, handgefertigt aus reinem Gelbgold.","breadcrumb":{"@id":"https:\/\/www.purejewels.com\/product\/classic-rectangle-22ct-gold-stud-earrings\/#breadcrumb"},"inLanguage":"de","potentialAction":[{"@type":"ReadAction","target":["https:\/\/www.purejewels.com\/product\/classic-rectangle-22ct-gold-stud-earrings\/"]}]},{"@type":"ImageObject","inLanguage":"de","@id":"https:\/\/www.purejewels.com\/product\/classic-rectangle-22ct-gold-stud-earrings\/#primaryimage","url":"https:\/\/static.purejewels.com\/wp-content\/uploads\/2025\/10\/52401.jpg","contentUrl":"https:\/\/static.purejewels.com\/wp-content\/uploads\/2025\/10\/52401.jpg","width":1000,"height":1000,"caption":"Classic Rectangle 22ct Gold Stud Earrings"},{"@type":"BreadcrumbList","@id":"https:\/\/www.purejewels.com\/product\/classic-rectangle-22ct-gold-stud-earrings\/#breadcrumb","itemListElement":[{"@type":"ListItem","position":1,"name":"Home","item":"https:\/\/www.purejewels.com\/"},{"@type":"ListItem","position":2,"name":"Shop","item":"https:\/\/www.purejewels.com\/shop\/"},{"@type":"ListItem","position":3,"name":"Classic Rectangle 22ct Gold Stud Earrings"}]},{"@type":"WebSite","@id":"https:\/\/www.purejewels.com\/#website","url":"https:\/\/www.purejewels.com\/","name":"PureJewels UK","description":"Teile die Liebe","publisher":{"@id":"https:\/\/www.purejewels.com\/#organization"},"potentialAction":[{"@type":"SearchAction","target":{"@type":"EntryPoint","urlTemplate":"https:\/\/www.purejewels.com\/?s={search_term_string}"},"query-input":{"@type":"PropertyValueSpecification","valueRequired":true,"valueName":"search_term_string"}}],"inLanguage":"de"},{"@type":"Organization","@id":"https:\/\/www.purejewels.com\/#organization","name":"PureJewels UK","url":"https:\/\/www.purejewels.com\/","logo":{"@type":"ImageObject","inLanguage":"de","@id":"https:\/\/www.purejewels.com\/#\/schema\/logo\/image\/","url":"https:\/\/static.purejewels.com\/wp-content\/uploads\/2020\/11\/Logo-PJ-New-1.png","contentUrl":"https:\/\/static.purejewels.com\/wp-content\/uploads\/2020\/11\/Logo-PJ-New-1.png","width":150,"height":80,"caption":"PureJewels UK"},"image":{"@id":"https:\/\/www.purejewels.com\/#\/schema\/logo\/image\/"}}]}},"_links":{"self":[{"href":"https:\/\/www.purejewels.com\/de\/wp-json\/wp\/v2\/product\/418111","targetHints":{"allow":["GET"]}}],"collection":[{"href":"https:\/\/www.purejewels.com\/de\/wp-json\/wp\/v2\/product"}],"about":[{"href":"https:\/\/www.purejewels.com\/de\/wp-json\/wp\/v2\/types\/product"}],"replies":[{"embeddable":true,"href":"https:\/\/www.purejewels.com\/de\/wp-json\/wp\/v2\/comments?post=418111"}],"version-history":[{"count":1,"href":"https:\/\/www.purejewels.com\/de\/wp-json\/wp\/v2\/product\/418111\/revisions"}],"predecessor-version":[{"id":418116,"href":"https:\/\/www.purejewels.com\/de\/wp-json\/wp\/v2\/product\/418111\/revisions\/418116"}],"wp:featuredmedia":[{"embeddable":true,"href":"https:\/\/www.purejewels.com\/de\/wp-json\/wp\/v2\/media\/418115"}],"wp:attachment":[{"href":"https:\/\/www.purejewels.com\/de\/wp-json\/wp\/v2\/media?parent=418111"}],"wp:term":[{"taxonomy":"product_brand","embeddable":true,"href":"https:\/\/www.purejewels.com\/de\/wp-json\/wp\/v2\/product_brand?post=418111"},{"taxonomy":"product_cat","embeddable":true,"href":"https:\/\/www.purejewels.com\/de\/wp-json\/wp\/v2\/product_cat?post=418111"},{"taxonomy":"product_tag","embeddable":true,"href":"https:\/\/www.purejewels.com\/de\/wp-json\/wp\/v2\/product_tag?post=418111"}],"curies":[{"name":"wp","href":"https:\/\/api.w.org\/{rel}","templated":true}]}}