{"id":418190,"date":"2025-09-07T09:12:51","date_gmt":"2025-09-07T08:12:51","guid":{"rendered":"https:\/\/www.purejewels.com\/?post_type=product&#038;p=418190"},"modified":"2026-04-29T07:42:13","modified_gmt":"2026-04-29T06:42:13","slug":"22ct-gelbgold-cz-nath-mit-perle-tropfen-53108","status":"publish","type":"product","link":"https:\/\/www.purejewels.com\/de\/product\/22ct-yellow-gold-cz-nath-with-bead-drop-53108\/","title":{"rendered":"22ct Gelbgold CZ Nath mit Perle Tropfen"},"content":{"rendered":"<p data-start=\"479\" data-end=\"690\"><strong data-start=\"479\" data-end=\"497\">Designkonzept<\/strong><\/p>\n<p data-start=\"479\" data-end=\"690\">Ein anmutiger Halbmond mit brillanten CZ bildet einen leuchtenden Rahmen um den Reif. Der zierliche Perlentropfen sorgt f\u00fcr subtile Bewegung und klassischen Charme, wobei das Funkeln mit warmem 22-kar\u00e4tigem Gold ausgeglichen wird.<\/p>\n<p data-start=\"692\" data-end=\"980\"><strong data-start=\"692\" data-end=\"709\">Handwerkliches K\u00f6nnen<\/strong><\/p>\n<p data-start=\"692\" data-end=\"980\">Gefertigt aus hochreinem 22-kar\u00e4tigem Gelbgold und mit einer glatten Oberfl\u00e4che f\u00fcr angenehmen Tragekomfort. Jeder Zirkonia ist pr\u00e4zise in Pav\u00e9 gefasst, damit er gleichm\u00e4\u00dfig gl\u00e4nzt, und der Schraubverschluss sorgt f\u00fcr einen sicheren Halt auf gepiercten Nasen. Zur Sicherheit von einer britischen Pr\u00fcfstelle gepunzt.<\/p>\n<p data-start=\"982\" data-end=\"1158\"><strong data-start=\"982\" data-end=\"998\">Styling-Idee<\/strong><\/p>\n<p data-start=\"982\" data-end=\"1158\">Tragen Sie ihn allein f\u00fcr ein klares, modernes Statement oder kombinieren Sie ihn mit schlanken 22-kar\u00e4tigen Nieten und stapelbaren Armreifen. Passt zu Sarees, Lehengas und moderner Anlasskleidung gleicherma\u00dfen.<\/p>","protected":false},"excerpt":{"rendered":"<p>Dieser handgefertigte Anh\u00e4nger aus strahlendem 22-kar\u00e4tigem Gelbgold verf\u00fcgt \u00fcber einen CZ-Pav\u00e9-Halo mit weichen, gewellten Details. Eine zierliche goldene Perle sorgt f\u00fcr flie\u00dfende Bewegung und einen Hauch von Tradition. Die glatte, hautfreundliche Oberfl\u00e4che und der sichere Schraubverschluss sorgen f\u00fcr ein sicheres, ganzt\u00e4giges Tragen. Ein raffinierter Akzent f\u00fcr Brautlooks, Festivit\u00e4ten oder allt\u00e4gliche Eleganz.<\/p>\n<p><strong>Material:<\/strong> 22ct Gold<br \/>\n<strong>Reinheit:<\/strong> 91.6% reines Gold<br \/>\n<strong>Wahrzeichen:<\/strong> Britisches G\u00fctesiegel<br \/>\n<strong>SKU:<\/strong> 52510, 53108<br \/>\n<strong>Bruttogewicht:<\/strong> 1.13 Gms<br \/>\n<strong>Nettogewicht:<\/strong> 1,09 Gramm<\/p>\n<p><strong>Preis und Lieferung:<\/strong>\u00a0Inklusive Mehrwertsteuer und Lieferkosten<br \/>\n<a href=\"https:\/\/www.purejewels.com\/de\/ruckgabepolitik\/\"><strong>R\u00fcckgabepolitik<\/strong><\/a><\/p>","protected":false},"featured_media":418192,"comment_status":"closed","ping_status":"closed","template":"","meta":{"_eb_attr":"","_crsspst_to_jayantr4sg-hostcom":true},"product_brand":[],"product_cat":[1793,1792,1229,1712,5343,5942,1574,5349],"product_tag":[],"class_list":{"0":"post-418190","1":"product","2":"type-product","3":"status-publish","4":"has-post-thumbnail","6":"product_cat-diwali-gifts","7":"product_cat-festival-gifts","8":"product_cat-22ct-gold-jewellery","9":"product_cat-gold-nose-ring","10":"product_cat-jewellery-under-550","11":"product_cat-nose-jewellery","12":"product_cat-womens-jewellery","13":"product_cat-yellow-gold-jewellery","15":"first","16":"instock","17":"taxable","18":"shipping-taxable","19":"purchasable","20":"product-type-simple","21":"add-to-wishlist-before_image"},"yoast_head":"<!-- This site is optimized with the Yoast SEO plugin v27.5 - https:\/\/yoast.com\/product\/yoast-seo-wordpress\/ -->\n<title>22ct Yellow Gold CZ Nath with Bead Drop | PureJewels UK<\/title>\n<meta name=\"description\" content=\"Shop the 22ct Yellow Gold CZ Nath with Bead Drop from PureJewels. Pav\u00e9 CZ halo with scalloped detail and a petite gold bead, crafted in 22ct yellow gold.\" \/>\n<meta name=\"robots\" content=\"index, follow, max-snippet:-1, max-image-preview:large, max-video-preview:-1\" \/>\n<link rel=\"canonical\" href=\"https:\/\/www.purejewels.com\/de\/produkt-2\/22ct-gelbgold-cz-nath-mit-perle-tropfen-53108\/\" \/>\n<meta property=\"og:locale\" content=\"de_DE\" \/>\n<meta property=\"og:type\" content=\"article\" \/>\n<meta property=\"og:title\" content=\"22ct Yellow Gold CZ Nath with Bead Drop | PureJewels UK\" \/>\n<meta property=\"og:description\" content=\"Shop the 22ct Yellow Gold CZ Nath with Bead Drop from PureJewels. Pav\u00e9 CZ halo with scalloped detail and a petite gold bead, crafted in 22ct yellow gold.\" \/>\n<meta property=\"og:url\" content=\"https:\/\/www.purejewels.com\/de\/produkt-2\/22ct-gelbgold-cz-nath-mit-perle-tropfen-53108\/\" \/>\n<meta property=\"og:site_name\" content=\"PureJewels UK\" \/>\n<meta property=\"article:modified_time\" content=\"2026-04-29T06:42:13+00:00\" \/>\n<meta property=\"og:image\" content=\"https:\/\/static.purejewels.com\/wp-content\/uploads\/2025\/10\/52510.jpg\" \/>\n\t<meta property=\"og:image:width\" content=\"1000\" \/>\n\t<meta property=\"og:image:height\" content=\"1000\" \/>\n\t<meta property=\"og:image:type\" content=\"image\/jpeg\" \/>\n<meta name=\"twitter:card\" content=\"summary_large_image\" \/>\n<meta name=\"twitter:label1\" content=\"Gesch\u00e4tzte Lesezeit\" \/>\n\t<meta name=\"twitter:data1\" content=\"1\u00a0Minute\" \/>\n<script type=\"application\/ld+json\" class=\"yoast-schema-graph\">{\"@context\":\"https:\\\/\\\/schema.org\",\"@graph\":[{\"@type\":[\"WebPage\",\"ItemPage\"],\"@id\":\"https:\\\/\\\/www.purejewels.com\\\/product\\\/22ct-yellow-gold-cz-nath-with-bead-drop-53108\\\/\",\"url\":\"https:\\\/\\\/www.purejewels.com\\\/product\\\/22ct-yellow-gold-cz-nath-with-bead-drop-53108\\\/\",\"name\":\"22ct Yellow Gold CZ Nath with Bead Drop | PureJewels UK\",\"isPartOf\":{\"@id\":\"https:\\\/\\\/www.purejewels.com\\\/#website\"},\"primaryImageOfPage\":{\"@id\":\"https:\\\/\\\/www.purejewels.com\\\/product\\\/22ct-yellow-gold-cz-nath-with-bead-drop-53108\\\/#primaryimage\"},\"image\":{\"@id\":\"https:\\\/\\\/www.purejewels.com\\\/product\\\/22ct-yellow-gold-cz-nath-with-bead-drop-53108\\\/#primaryimage\"},\"thumbnailUrl\":\"https:\\\/\\\/static.purejewels.com\\\/wp-content\\\/uploads\\\/2025\\\/10\\\/52510.jpg\",\"datePublished\":\"2025-09-07T08:12:51+00:00\",\"dateModified\":\"2026-04-29T06:42:13+00:00\",\"description\":\"Shop the 22ct Yellow Gold CZ Nath with Bead Drop from PureJewels. Pav\u00e9 CZ halo with scalloped detail and a petite gold bead, crafted in 22ct yellow gold.\",\"breadcrumb\":{\"@id\":\"https:\\\/\\\/www.purejewels.com\\\/product\\\/22ct-yellow-gold-cz-nath-with-bead-drop-53108\\\/#breadcrumb\"},\"inLanguage\":\"de\",\"potentialAction\":[{\"@type\":\"ReadAction\",\"target\":[\"https:\\\/\\\/www.purejewels.com\\\/product\\\/22ct-yellow-gold-cz-nath-with-bead-drop-53108\\\/\"]}]},{\"@type\":\"ImageObject\",\"inLanguage\":\"de\",\"@id\":\"https:\\\/\\\/www.purejewels.com\\\/product\\\/22ct-yellow-gold-cz-nath-with-bead-drop-53108\\\/#primaryimage\",\"url\":\"https:\\\/\\\/static.purejewels.com\\\/wp-content\\\/uploads\\\/2025\\\/10\\\/52510.jpg\",\"contentUrl\":\"https:\\\/\\\/static.purejewels.com\\\/wp-content\\\/uploads\\\/2025\\\/10\\\/52510.jpg\",\"width\":1000,\"height\":1000,\"caption\":\"22ct Yellow Gold CZ Nath with Bead Drop\"},{\"@type\":\"BreadcrumbList\",\"@id\":\"https:\\\/\\\/www.purejewels.com\\\/product\\\/22ct-yellow-gold-cz-nath-with-bead-drop-53108\\\/#breadcrumb\",\"itemListElement\":[{\"@type\":\"ListItem\",\"position\":1,\"name\":\"Home\",\"item\":\"https:\\\/\\\/www.purejewels.com\\\/\"},{\"@type\":\"ListItem\",\"position\":2,\"name\":\"Shop\",\"item\":\"https:\\\/\\\/www.purejewels.com\\\/shop\\\/\"},{\"@type\":\"ListItem\",\"position\":3,\"name\":\"22ct Yellow Gold CZ Nath with Bead Drop\"}]},{\"@type\":\"WebSite\",\"@id\":\"https:\\\/\\\/www.purejewels.com\\\/#website\",\"url\":\"https:\\\/\\\/www.purejewels.com\\\/\",\"name\":\"PureJewels UK\",\"description\":\"Share the Love\",\"publisher\":{\"@id\":\"https:\\\/\\\/www.purejewels.com\\\/#organization\"},\"potentialAction\":[{\"@type\":\"SearchAction\",\"target\":{\"@type\":\"EntryPoint\",\"urlTemplate\":\"https:\\\/\\\/www.purejewels.com\\\/?s={search_term_string}\"},\"query-input\":{\"@type\":\"PropertyValueSpecification\",\"valueRequired\":true,\"valueName\":\"search_term_string\"}}],\"inLanguage\":\"de\"},{\"@type\":\"Organization\",\"@id\":\"https:\\\/\\\/www.purejewels.com\\\/#organization\",\"name\":\"PureJewels UK\",\"url\":\"https:\\\/\\\/www.purejewels.com\\\/\",\"logo\":{\"@type\":\"ImageObject\",\"inLanguage\":\"de\",\"@id\":\"https:\\\/\\\/www.purejewels.com\\\/#\\\/schema\\\/logo\\\/image\\\/\",\"url\":\"https:\\\/\\\/static.purejewels.com\\\/wp-content\\\/uploads\\\/2020\\\/11\\\/Logo-PJ-New-1.png\",\"contentUrl\":\"https:\\\/\\\/static.purejewels.com\\\/wp-content\\\/uploads\\\/2020\\\/11\\\/Logo-PJ-New-1.png\",\"width\":150,\"height\":80,\"caption\":\"PureJewels UK\"},\"image\":{\"@id\":\"https:\\\/\\\/www.purejewels.com\\\/#\\\/schema\\\/logo\\\/image\\\/\"}}]}<\/script>\n<!-- \/ Yoast SEO plugin. -->","yoast_head_json":{"title":"22ct Gelbgold CZ Nath mit Perle Tropfen | PureJewels UK","description":"Kaufen Sie die 22ct Gelbgold CZ Nath mit Bead Drop von PureJewels. Pav\u00e9 CZ Halo mit scalloped Detail und eine petite Gold Perle, in 22ct Gelbgold gefertigt.","robots":{"index":"index","follow":"follow","max-snippet":"max-snippet:-1","max-image-preview":"max-image-preview:large","max-video-preview":"max-video-preview:-1"},"canonical":"https:\/\/www.purejewels.com\/de\/produkt-2\/22ct-gelbgold-cz-nath-mit-perle-tropfen-53108\/","og_locale":"de_DE","og_type":"article","og_title":"22ct Yellow Gold CZ Nath with Bead Drop | PureJewels UK","og_description":"Shop the 22ct Yellow Gold CZ Nath with Bead Drop from PureJewels. Pav\u00e9 CZ halo with scalloped detail and a petite gold bead, crafted in 22ct yellow gold.","og_url":"https:\/\/www.purejewels.com\/de\/produkt-2\/22ct-gelbgold-cz-nath-mit-perle-tropfen-53108\/","og_site_name":"PureJewels UK","article_modified_time":"2026-04-29T06:42:13+00:00","og_image":[{"width":1000,"height":1000,"url":"https:\/\/static.purejewels.com\/wp-content\/uploads\/2025\/10\/52510.jpg","type":"image\/jpeg"}],"twitter_card":"summary_large_image","twitter_misc":{"Gesch\u00e4tzte Lesezeit":"1\u00a0Minute"},"schema":{"@context":"https:\/\/schema.org","@graph":[{"@type":["WebPage","ItemPage"],"@id":"https:\/\/www.purejewels.com\/product\/22ct-yellow-gold-cz-nath-with-bead-drop-53108\/","url":"https:\/\/www.purejewels.com\/product\/22ct-yellow-gold-cz-nath-with-bead-drop-53108\/","name":"22ct Gelbgold CZ Nath mit Perle Tropfen | PureJewels UK","isPartOf":{"@id":"https:\/\/www.purejewels.com\/#website"},"primaryImageOfPage":{"@id":"https:\/\/www.purejewels.com\/product\/22ct-yellow-gold-cz-nath-with-bead-drop-53108\/#primaryimage"},"image":{"@id":"https:\/\/www.purejewels.com\/product\/22ct-yellow-gold-cz-nath-with-bead-drop-53108\/#primaryimage"},"thumbnailUrl":"https:\/\/static.purejewels.com\/wp-content\/uploads\/2025\/10\/52510.jpg","datePublished":"2025-09-07T08:12:51+00:00","dateModified":"2026-04-29T06:42:13+00:00","description":"Kaufen Sie die 22ct Gelbgold CZ Nath mit Bead Drop von PureJewels. Pav\u00e9 CZ Halo mit scalloped Detail und eine petite Gold Perle, in 22ct Gelbgold gefertigt.","breadcrumb":{"@id":"https:\/\/www.purejewels.com\/product\/22ct-yellow-gold-cz-nath-with-bead-drop-53108\/#breadcrumb"},"inLanguage":"de","potentialAction":[{"@type":"ReadAction","target":["https:\/\/www.purejewels.com\/product\/22ct-yellow-gold-cz-nath-with-bead-drop-53108\/"]}]},{"@type":"ImageObject","inLanguage":"de","@id":"https:\/\/www.purejewels.com\/product\/22ct-yellow-gold-cz-nath-with-bead-drop-53108\/#primaryimage","url":"https:\/\/static.purejewels.com\/wp-content\/uploads\/2025\/10\/52510.jpg","contentUrl":"https:\/\/static.purejewels.com\/wp-content\/uploads\/2025\/10\/52510.jpg","width":1000,"height":1000,"caption":"22ct Yellow Gold CZ Nath with Bead Drop"},{"@type":"BreadcrumbList","@id":"https:\/\/www.purejewels.com\/product\/22ct-yellow-gold-cz-nath-with-bead-drop-53108\/#breadcrumb","itemListElement":[{"@type":"ListItem","position":1,"name":"Home","item":"https:\/\/www.purejewels.com\/"},{"@type":"ListItem","position":2,"name":"Shop","item":"https:\/\/www.purejewels.com\/shop\/"},{"@type":"ListItem","position":3,"name":"22ct Yellow Gold CZ Nath with Bead Drop"}]},{"@type":"WebSite","@id":"https:\/\/www.purejewels.com\/#website","url":"https:\/\/www.purejewels.com\/","name":"PureJewels UK","description":"Teile die Liebe","publisher":{"@id":"https:\/\/www.purejewels.com\/#organization"},"potentialAction":[{"@type":"SearchAction","target":{"@type":"EntryPoint","urlTemplate":"https:\/\/www.purejewels.com\/?s={search_term_string}"},"query-input":{"@type":"PropertyValueSpecification","valueRequired":true,"valueName":"search_term_string"}}],"inLanguage":"de"},{"@type":"Organization","@id":"https:\/\/www.purejewels.com\/#organization","name":"PureJewels UK","url":"https:\/\/www.purejewels.com\/","logo":{"@type":"ImageObject","inLanguage":"de","@id":"https:\/\/www.purejewels.com\/#\/schema\/logo\/image\/","url":"https:\/\/static.purejewels.com\/wp-content\/uploads\/2020\/11\/Logo-PJ-New-1.png","contentUrl":"https:\/\/static.purejewels.com\/wp-content\/uploads\/2020\/11\/Logo-PJ-New-1.png","width":150,"height":80,"caption":"PureJewels UK"},"image":{"@id":"https:\/\/www.purejewels.com\/#\/schema\/logo\/image\/"}}]}},"_links":{"self":[{"href":"https:\/\/www.purejewels.com\/de\/wp-json\/wp\/v2\/product\/418190","targetHints":{"allow":["GET"]}}],"collection":[{"href":"https:\/\/www.purejewels.com\/de\/wp-json\/wp\/v2\/product"}],"about":[{"href":"https:\/\/www.purejewels.com\/de\/wp-json\/wp\/v2\/types\/product"}],"replies":[{"embeddable":true,"href":"https:\/\/www.purejewels.com\/de\/wp-json\/wp\/v2\/comments?post=418190"}],"version-history":[{"count":1,"href":"https:\/\/www.purejewels.com\/de\/wp-json\/wp\/v2\/product\/418190\/revisions"}],"predecessor-version":[{"id":418193,"href":"https:\/\/www.purejewels.com\/de\/wp-json\/wp\/v2\/product\/418190\/revisions\/418193"}],"wp:featuredmedia":[{"embeddable":true,"href":"https:\/\/www.purejewels.com\/de\/wp-json\/wp\/v2\/media\/418192"}],"wp:attachment":[{"href":"https:\/\/www.purejewels.com\/de\/wp-json\/wp\/v2\/media?parent=418190"}],"wp:term":[{"taxonomy":"product_brand","embeddable":true,"href":"https:\/\/www.purejewels.com\/de\/wp-json\/wp\/v2\/product_brand?post=418190"},{"taxonomy":"product_cat","embeddable":true,"href":"https:\/\/www.purejewels.com\/de\/wp-json\/wp\/v2\/product_cat?post=418190"},{"taxonomy":"product_tag","embeddable":true,"href":"https:\/\/www.purejewels.com\/de\/wp-json\/wp\/v2\/product_tag?post=418190"}],"curies":[{"name":"wp","href":"https:\/\/api.w.org\/{rel}","templated":true}]}}