{"id":418315,"date":"2025-09-09T05:34:29","date_gmt":"2025-09-09T04:34:29","guid":{"rendered":"https:\/\/www.purejewels.com\/?post_type=product&#038;p=418315"},"modified":"2026-01-06T10:00:32","modified_gmt":"2026-01-06T10:00:32","slug":"22ct-gold-funf-perlen-armband-fur-frauen-53308","status":"publish","type":"product","link":"https:\/\/www.purejewels.com\/de\/product\/22ct-gold-five-bead-bracelet-for-women-53308\/","title":{"rendered":"22ct Gold F\u00fcnf-Perlen-Armband f\u00fcr Frauen"},"content":{"rendered":"<h4 data-start=\"511\" data-end=\"536\"><strong data-start=\"516\" data-end=\"534\">Designkonzept<\/strong><\/h4>\n<p data-start=\"537\" data-end=\"883\">Dieses Armband erz\u00e4hlt eine ruhige Geschichte von Harmonie und Rhythmus. Mit f\u00fcnf gleichm\u00e4\u00dfig verteilten, strukturierten Goldperlen - einschlie\u00dflich eines zentralen Duos - symbolisiert das Design Gleichgewicht, Verbindung und Bewegung. Seine minimale Silhouette ehrt die PureJewels-Tradition von bedeutungsvollem Design mit subtiler Symbolik, perfekt, um Ihre Reise zu markieren oder ein Gef\u00fchl zu verschenken.<\/p>\n<h4 data-start=\"885\" data-end=\"909\"><strong data-start=\"890\" data-end=\"907\">Handwerkliches K\u00f6nnen<\/strong><\/h4>\n<p data-start=\"910\" data-end=\"1234\">Das aus 22-kar\u00e4tigem Gelbgold gefertigte Schmuckst\u00fcck ist mit 1,7 Gramm leicht und verf\u00fcgt \u00fcber einen sicheren Karabiner-Verschluss. Jede Perle ist von Hand mit sanften diagonalen Rillen versehen, die ihr ein sanftes Funkeln und Tiefe verleihen. Die vom London Assay Office gepunzte Perle ist ein Symbol f\u00fcr Reinheit und Handwerkskunst, an dem man sich noch viele Jahre erfreuen kann.<\/p>\n<h4 data-start=\"1236\" data-end=\"1260\"><strong data-start=\"1241\" data-end=\"1258\">Styling-Ideen<\/strong><\/h4>\n<ul>\n<li data-start=\"1263\" data-end=\"1318\">Perfekt zum Kombinieren mit Armreifen, Manschetten oder Uhren.<\/li>\n<li data-start=\"1321\" data-end=\"1374\">Elegant, wenn sie solo getragen wird, f\u00fcr einen minimalen, raffinierten Look.<\/li>\n<li data-start=\"1377\" data-end=\"1452\">Wundersch\u00f6n zu festlicher oder formeller indischer Kleidung - oder einer knackigen wei\u00dfen Bluse.<\/li>\n<li data-start=\"1455\" data-end=\"1529\">Ein anmutiges Geschenk f\u00fcr Geburtstage, Brautjungfern oder Meilensteine wie den Schulabschluss.<\/li>\n<\/ul>","protected":false},"excerpt":{"rendered":"<p>Ein anmutiges Armband mit f\u00fcnf Perlen aus 22 Karat Gold f\u00fcr die moderne Frau mit zeitlosem Geschmack. Mit seinen zart strukturierten Goldperlen an einer klassischen 7-Zoll-Kette bietet es raffinierte Eleganz in jedem Detail. Es ist leicht und dennoch eindrucksvoll und eignet sich perfekt f\u00fcr das t\u00e4gliche Tragen oder als bedeutungsvolles Geschenk.<\/p>\n<p><strong>Material:<\/strong> 22ct Gold (91,6% reines Gold)<strong><br \/>\nWahrzeichen:\u00a0<\/strong>Britisches G\u00fctesiegel<strong><br \/>\n<\/strong><strong>Bruttogewicht: <\/strong>1,7 Gramm<br \/>\n<strong>L\u00e4nge:<\/strong> 7 Zoll<br \/>\n<strong>SKU:<\/strong> 53308<\/p>\n<p><strong>Preis und Lieferung<\/strong>: Inklusive Mehrwertsteuer und Lieferkosten<br \/>\n<a href=\"https:\/\/www.purejewels.com\/de\/ruckgabepolitik\/\">R\u00fcckgabepolitik<\/a><\/p>","protected":false},"featured_media":418316,"comment_status":"closed","ping_status":"closed","template":"","meta":{"_eb_attr":"","_crsspst_to_jayantr4sg-hostcom":true},"product_brand":[],"product_cat":[1791,5441,1559,1793,1792,1324,1627,1229,5343,1575,1569,1574,5349],"product_tag":[5634],"class_list":{"0":"post-418315","1":"product","2":"type-product","3":"status-publish","4":"has-post-thumbnail","6":"product_cat-anniversary-gifts","7":"product_cat-gold-bead-bracelets","8":"product_cat-birthday-gifts","9":"product_cat-diwali-gifts","10":"product_cat-festival-gifts","11":"product_cat-gold-bracelet","12":"product_cat-ladies-bracelet","13":"product_cat-22ct-gold-jewellery","14":"product_cat-jewellery-under-550","15":"product_cat-teenage-jewellery","16":"product_cat-valentine-day-gifts","17":"product_cat-womens-jewellery","18":"product_cat-yellow-gold-jewellery","19":"product_tag-22ct-gold-bracelet-for-ladies","21":"first","22":"outofstock","23":"taxable","24":"shipping-taxable","25":"product-type-simple","26":"add-to-wishlist-before_image"},"yoast_head":"<!-- This site is optimized with the Yoast SEO plugin v27.6 - https:\/\/yoast.com\/product\/yoast-seo-wordpress\/ -->\n<title>22ct Gold Five Bead Bracelet for Women | PureJewels London<\/title>\n<meta name=\"description\" content=\"Shop PureJewels&#039; 22ct Gold Five Bead Bracelet for Women. 7&quot; chain with textured gold beads, lightweight at 1.7g. A graceful everyday gold bracelet.\" \/>\n<meta name=\"robots\" content=\"index, follow, max-snippet:-1, max-image-preview:large, max-video-preview:-1\" \/>\n<link rel=\"canonical\" href=\"https:\/\/www.purejewels.com\/de\/produkt-2\/22ct-gold-funf-perlen-armband-fur-frauen-53308\/\" \/>\n<meta property=\"og:locale\" content=\"de_DE\" \/>\n<meta property=\"og:type\" content=\"article\" \/>\n<meta property=\"og:title\" content=\"22ct Gold Five Bead Bracelet for Women | PureJewels London\" \/>\n<meta property=\"og:description\" content=\"Shop PureJewels&#039; 22ct Gold Five Bead Bracelet for Women. 7&quot; chain with textured gold beads, lightweight at 1.7g. A graceful everyday gold bracelet.\" \/>\n<meta property=\"og:url\" content=\"https:\/\/www.purejewels.com\/de\/produkt-2\/22ct-gold-funf-perlen-armband-fur-frauen-53308\/\" \/>\n<meta property=\"og:site_name\" content=\"PureJewels UK\" \/>\n<meta property=\"article:modified_time\" content=\"2026-01-06T10:00:32+00:00\" \/>\n<meta property=\"og:image\" content=\"https:\/\/www.purejewels.com\/wp-content\/uploads\/2025\/10\/SKU-53308.jpg\" \/>\n\t<meta property=\"og:image:width\" content=\"1000\" \/>\n\t<meta property=\"og:image:height\" content=\"1000\" \/>\n\t<meta property=\"og:image:type\" content=\"image\/jpeg\" \/>\n<meta name=\"twitter:card\" content=\"summary_large_image\" \/>\n<meta name=\"twitter:label1\" content=\"Gesch\u00e4tzte Lesezeit\" \/>\n\t<meta name=\"twitter:data1\" content=\"1\u00a0Minute\" \/>\n<script type=\"application\/ld+json\" class=\"yoast-schema-graph\">{\"@context\":\"https:\\\/\\\/schema.org\",\"@graph\":[{\"@type\":[\"WebPage\",\"ItemPage\"],\"@id\":\"https:\\\/\\\/www.purejewels.com\\\/product\\\/22ct-gold-five-bead-bracelet-for-women-53308\\\/\",\"url\":\"https:\\\/\\\/www.purejewels.com\\\/product\\\/22ct-gold-five-bead-bracelet-for-women-53308\\\/\",\"name\":\"22ct Gold Five Bead Bracelet for Women | PureJewels London\",\"isPartOf\":{\"@id\":\"https:\\\/\\\/www.purejewels.com\\\/#website\"},\"primaryImageOfPage\":{\"@id\":\"https:\\\/\\\/www.purejewels.com\\\/product\\\/22ct-gold-five-bead-bracelet-for-women-53308\\\/#primaryimage\"},\"image\":{\"@id\":\"https:\\\/\\\/www.purejewels.com\\\/product\\\/22ct-gold-five-bead-bracelet-for-women-53308\\\/#primaryimage\"},\"thumbnailUrl\":\"https:\\\/\\\/static.purejewels.com\\\/wp-content\\\/uploads\\\/2025\\\/10\\\/SKU-53308.jpg\",\"datePublished\":\"2025-09-09T04:34:29+00:00\",\"dateModified\":\"2026-01-06T10:00:32+00:00\",\"description\":\"Shop PureJewels' 22ct Gold Five Bead Bracelet for Women. 7\\\" chain with textured gold beads, lightweight at 1.7g. A graceful everyday gold bracelet.\",\"breadcrumb\":{\"@id\":\"https:\\\/\\\/www.purejewels.com\\\/product\\\/22ct-gold-five-bead-bracelet-for-women-53308\\\/#breadcrumb\"},\"inLanguage\":\"de\",\"potentialAction\":[{\"@type\":\"ReadAction\",\"target\":[\"https:\\\/\\\/www.purejewels.com\\\/product\\\/22ct-gold-five-bead-bracelet-for-women-53308\\\/\"]}]},{\"@type\":\"ImageObject\",\"inLanguage\":\"de\",\"@id\":\"https:\\\/\\\/www.purejewels.com\\\/product\\\/22ct-gold-five-bead-bracelet-for-women-53308\\\/#primaryimage\",\"url\":\"https:\\\/\\\/static.purejewels.com\\\/wp-content\\\/uploads\\\/2025\\\/10\\\/SKU-53308.jpg\",\"contentUrl\":\"https:\\\/\\\/static.purejewels.com\\\/wp-content\\\/uploads\\\/2025\\\/10\\\/SKU-53308.jpg\",\"width\":1000,\"height\":1000,\"caption\":\"22ct Gold Five Bead Bracelet for Women\"},{\"@type\":\"BreadcrumbList\",\"@id\":\"https:\\\/\\\/www.purejewels.com\\\/product\\\/22ct-gold-five-bead-bracelet-for-women-53308\\\/#breadcrumb\",\"itemListElement\":[{\"@type\":\"ListItem\",\"position\":1,\"name\":\"Home\",\"item\":\"https:\\\/\\\/www.purejewels.com\\\/\"},{\"@type\":\"ListItem\",\"position\":2,\"name\":\"Shop\",\"item\":\"https:\\\/\\\/www.purejewels.com\\\/shop\\\/\"},{\"@type\":\"ListItem\",\"position\":3,\"name\":\"22ct Gold Five Bead Bracelet for Women\"}]},{\"@type\":\"WebSite\",\"@id\":\"https:\\\/\\\/www.purejewels.com\\\/#website\",\"url\":\"https:\\\/\\\/www.purejewels.com\\\/\",\"name\":\"PureJewels UK\",\"description\":\"Share the Love\",\"publisher\":{\"@id\":\"https:\\\/\\\/www.purejewels.com\\\/#organization\"},\"potentialAction\":[{\"@type\":\"SearchAction\",\"target\":{\"@type\":\"EntryPoint\",\"urlTemplate\":\"https:\\\/\\\/www.purejewels.com\\\/?s={search_term_string}\"},\"query-input\":{\"@type\":\"PropertyValueSpecification\",\"valueRequired\":true,\"valueName\":\"search_term_string\"}}],\"inLanguage\":\"de\"},{\"@type\":\"Organization\",\"@id\":\"https:\\\/\\\/www.purejewels.com\\\/#organization\",\"name\":\"PureJewels UK\",\"url\":\"https:\\\/\\\/www.purejewels.com\\\/\",\"logo\":{\"@type\":\"ImageObject\",\"inLanguage\":\"de\",\"@id\":\"https:\\\/\\\/www.purejewels.com\\\/#\\\/schema\\\/logo\\\/image\\\/\",\"url\":\"https:\\\/\\\/static.purejewels.com\\\/wp-content\\\/uploads\\\/2020\\\/11\\\/Logo-PJ-New-1.png\",\"contentUrl\":\"https:\\\/\\\/static.purejewels.com\\\/wp-content\\\/uploads\\\/2020\\\/11\\\/Logo-PJ-New-1.png\",\"width\":150,\"height\":80,\"caption\":\"PureJewels UK\"},\"image\":{\"@id\":\"https:\\\/\\\/www.purejewels.com\\\/#\\\/schema\\\/logo\\\/image\\\/\"}}]}<\/script>\n<!-- \/ Yoast SEO plugin. -->","yoast_head_json":{"title":"22ct Gold F\u00fcnf Perlen Armband f\u00fcr Frauen | PureJewels London","description":"Shop PureJewels' 22ct Gold F\u00fcnf Perlen Armband f\u00fcr Frauen. 7\" Kette mit texturierten Goldperlen, leicht mit 1,7g. Ein anmutiges Goldarmband f\u00fcr jeden Tag.","robots":{"index":"index","follow":"follow","max-snippet":"max-snippet:-1","max-image-preview":"max-image-preview:large","max-video-preview":"max-video-preview:-1"},"canonical":"https:\/\/www.purejewels.com\/de\/produkt-2\/22ct-gold-funf-perlen-armband-fur-frauen-53308\/","og_locale":"de_DE","og_type":"article","og_title":"22ct Gold Five Bead Bracelet for Women | PureJewels London","og_description":"Shop PureJewels' 22ct Gold Five Bead Bracelet for Women. 7\" chain with textured gold beads, lightweight at 1.7g. A graceful everyday gold bracelet.","og_url":"https:\/\/www.purejewels.com\/de\/produkt-2\/22ct-gold-funf-perlen-armband-fur-frauen-53308\/","og_site_name":"PureJewels UK","article_modified_time":"2026-01-06T10:00:32+00:00","og_image":[{"width":1000,"height":1000,"url":"https:\/\/www.purejewels.com\/wp-content\/uploads\/2025\/10\/SKU-53308.jpg","type":"image\/jpeg"}],"twitter_card":"summary_large_image","twitter_misc":{"Gesch\u00e4tzte Lesezeit":"1\u00a0Minute"},"schema":{"@context":"https:\/\/schema.org","@graph":[{"@type":["WebPage","ItemPage"],"@id":"https:\/\/www.purejewels.com\/product\/22ct-gold-five-bead-bracelet-for-women-53308\/","url":"https:\/\/www.purejewels.com\/product\/22ct-gold-five-bead-bracelet-for-women-53308\/","name":"22ct Gold F\u00fcnf Perlen Armband f\u00fcr Frauen | PureJewels London","isPartOf":{"@id":"https:\/\/www.purejewels.com\/#website"},"primaryImageOfPage":{"@id":"https:\/\/www.purejewels.com\/product\/22ct-gold-five-bead-bracelet-for-women-53308\/#primaryimage"},"image":{"@id":"https:\/\/www.purejewels.com\/product\/22ct-gold-five-bead-bracelet-for-women-53308\/#primaryimage"},"thumbnailUrl":"https:\/\/static.purejewels.com\/wp-content\/uploads\/2025\/10\/SKU-53308.jpg","datePublished":"2025-09-09T04:34:29+00:00","dateModified":"2026-01-06T10:00:32+00:00","description":"Shop PureJewels' 22ct Gold F\u00fcnf Perlen Armband f\u00fcr Frauen. 7\" Kette mit texturierten Goldperlen, leicht mit 1,7g. Ein anmutiges Goldarmband f\u00fcr jeden Tag.","breadcrumb":{"@id":"https:\/\/www.purejewels.com\/product\/22ct-gold-five-bead-bracelet-for-women-53308\/#breadcrumb"},"inLanguage":"de","potentialAction":[{"@type":"ReadAction","target":["https:\/\/www.purejewels.com\/product\/22ct-gold-five-bead-bracelet-for-women-53308\/"]}]},{"@type":"ImageObject","inLanguage":"de","@id":"https:\/\/www.purejewels.com\/product\/22ct-gold-five-bead-bracelet-for-women-53308\/#primaryimage","url":"https:\/\/static.purejewels.com\/wp-content\/uploads\/2025\/10\/SKU-53308.jpg","contentUrl":"https:\/\/static.purejewels.com\/wp-content\/uploads\/2025\/10\/SKU-53308.jpg","width":1000,"height":1000,"caption":"22ct Gold Five Bead Bracelet for Women"},{"@type":"BreadcrumbList","@id":"https:\/\/www.purejewels.com\/product\/22ct-gold-five-bead-bracelet-for-women-53308\/#breadcrumb","itemListElement":[{"@type":"ListItem","position":1,"name":"Home","item":"https:\/\/www.purejewels.com\/"},{"@type":"ListItem","position":2,"name":"Shop","item":"https:\/\/www.purejewels.com\/shop\/"},{"@type":"ListItem","position":3,"name":"22ct Gold Five Bead Bracelet for Women"}]},{"@type":"WebSite","@id":"https:\/\/www.purejewels.com\/#website","url":"https:\/\/www.purejewels.com\/","name":"PureJewels UK","description":"Teile die Liebe","publisher":{"@id":"https:\/\/www.purejewels.com\/#organization"},"potentialAction":[{"@type":"SearchAction","target":{"@type":"EntryPoint","urlTemplate":"https:\/\/www.purejewels.com\/?s={search_term_string}"},"query-input":{"@type":"PropertyValueSpecification","valueRequired":true,"valueName":"search_term_string"}}],"inLanguage":"de"},{"@type":"Organization","@id":"https:\/\/www.purejewels.com\/#organization","name":"PureJewels UK","url":"https:\/\/www.purejewels.com\/","logo":{"@type":"ImageObject","inLanguage":"de","@id":"https:\/\/www.purejewels.com\/#\/schema\/logo\/image\/","url":"https:\/\/static.purejewels.com\/wp-content\/uploads\/2020\/11\/Logo-PJ-New-1.png","contentUrl":"https:\/\/static.purejewels.com\/wp-content\/uploads\/2020\/11\/Logo-PJ-New-1.png","width":150,"height":80,"caption":"PureJewels UK"},"image":{"@id":"https:\/\/www.purejewels.com\/#\/schema\/logo\/image\/"}}]}},"_links":{"self":[{"href":"https:\/\/www.purejewels.com\/de\/wp-json\/wp\/v2\/product\/418315","targetHints":{"allow":["GET"]}}],"collection":[{"href":"https:\/\/www.purejewels.com\/de\/wp-json\/wp\/v2\/product"}],"about":[{"href":"https:\/\/www.purejewels.com\/de\/wp-json\/wp\/v2\/types\/product"}],"replies":[{"embeddable":true,"href":"https:\/\/www.purejewels.com\/de\/wp-json\/wp\/v2\/comments?post=418315"}],"version-history":[{"count":2,"href":"https:\/\/www.purejewels.com\/de\/wp-json\/wp\/v2\/product\/418315\/revisions"}],"predecessor-version":[{"id":419928,"href":"https:\/\/www.purejewels.com\/de\/wp-json\/wp\/v2\/product\/418315\/revisions\/419928"}],"wp:featuredmedia":[{"embeddable":true,"href":"https:\/\/www.purejewels.com\/de\/wp-json\/wp\/v2\/media\/418316"}],"wp:attachment":[{"href":"https:\/\/www.purejewels.com\/de\/wp-json\/wp\/v2\/media?parent=418315"}],"wp:term":[{"taxonomy":"product_brand","embeddable":true,"href":"https:\/\/www.purejewels.com\/de\/wp-json\/wp\/v2\/product_brand?post=418315"},{"taxonomy":"product_cat","embeddable":true,"href":"https:\/\/www.purejewels.com\/de\/wp-json\/wp\/v2\/product_cat?post=418315"},{"taxonomy":"product_tag","embeddable":true,"href":"https:\/\/www.purejewels.com\/de\/wp-json\/wp\/v2\/product_tag?post=418315"}],"curies":[{"name":"wp","href":"https:\/\/api.w.org\/{rel}","templated":true}]}}