{"id":418340,"date":"2025-09-09T07:17:35","date_gmt":"2025-09-09T06:17:35","guid":{"rendered":"https:\/\/www.purejewels.com\/?post_type=product&#038;p=418340"},"modified":"2026-02-06T12:07:13","modified_gmt":"2026-02-06T12:07:13","slug":"konturen-ohrstecker-aus-22-karat-gold-52446","status":"publish","type":"product","link":"https:\/\/www.purejewels.com\/de\/product\/22ct-gold-contour-stud-earrings-52446\/","title":{"rendered":"22ct Gold Kontur-Ohrstecker"},"content":{"rendered":"<h4 data-start=\"439\" data-end=\"464\"><strong data-start=\"444\" data-end=\"462\">Designkonzept<\/strong><\/h4>\n<p data-start=\"465\" data-end=\"841\">Diese Ohrringe sind von den nat\u00fcrlichen Kurven und raffinierten Linien der zeitgen\u00f6ssischen Skulptur inspiriert. Das subtile Wechselspiel zwischen Hochglanz und seidenmattem Finish schafft optische Tiefe, w\u00e4hrend die geschwungene Kontur die sanfte Anmut der menschlichen Form widerspiegelt. Als raffinierter und minimalistischer Ausdruck von modernem Luxus sind diese Ohrstecker ideal f\u00fcr alle, die dezentes Design bevorzugen.<\/p>\n<h4 data-start=\"843\" data-end=\"867\"><strong data-start=\"848\" data-end=\"865\">Handwerkliches K\u00f6nnen<\/strong><\/h4>\n<p data-start=\"868\" data-end=\"1245\">Die handgefertigten Ohrringe aus reinem 22-kar\u00e4tigem Gelbgold sind sch\u00f6n ausbalanciert und sitzen mit einer sicheren Schraubverbindung fest am Ohrl\u00e4ppchen. Mit einem Gewicht von 1,82 Gramm sind sie leicht und bequem und k\u00f6nnen den ganzen Tag getragen werden. Die sanft geschwungene Form ist mit au\u00dfergew\u00f6hnlicher Liebe zum Detail gefertigt und vom London Assay Office gepunzt, um die Reinheit und Echtheit des Goldes zu garantieren.<\/p>\n<h4 data-start=\"1247\" data-end=\"1271\"><strong data-start=\"1252\" data-end=\"1269\">Styling-Ideen<\/strong><\/h4>\n<p data-start=\"1272\" data-end=\"1708\">Diese konturierten Nieten sind perfekt, um Ihr Alltagsoutfit aufzuwerten und verleihen jedem Look einen raffinierten Touch. Ihre minimale Form macht sie ideal f\u00fcr das B\u00fcro, Wochenendausfl\u00fcge oder dezente Eleganz am Abend. Kombinieren Sie sie mit einem strukturierten Goldarmband oder einem eleganten Anh\u00e4nger f\u00fcr einen koordinierten Look, oder tragen Sie sie allein, um die Form f\u00fcr sich sprechen zu lassen. Diese Ohrringe sind auch ein durchdachtes Geschenk f\u00fcr Designliebhaber und diejenigen, die eine ruhige Raffinesse bevorzugen.<\/p>","protected":false},"excerpt":{"rendered":"<p>Die aus 22-kar\u00e4tigem Gelbgold gefertigten Contour-Ohrstecker vereinen glatten Glanz mit weichen, matten Strukturen in einer skulpturalen, modernen Form. Mit einem Gewicht von 1,82 Gramm sind sie ideal f\u00fcr alle, die ruhige Raffinesse und allt\u00e4gliche Eleganz sch\u00e4tzen.<\/p>\n<p><strong>Material:<\/strong>\u00a022ct Gold<br \/>\n<strong>Reinheit:<\/strong>\u00a091.6% rein<br \/>\n<strong>Wahrzeichen:<\/strong>\u00a0Britisches G\u00fctesiegel<strong><br \/>\n<\/strong><strong>Bruttogewicht: <\/strong>1,82 Gramm<br \/>\n<strong>SKU:<\/strong> 52446<\/p>\n<p><strong>Preis und Lieferung<\/strong>: Inklusive Mehrwertsteuer und Lieferkosten<br \/>\n<a href=\"https:\/\/www.purejewels.com\/de\/ruckgabepolitik\/\">R\u00fcckgabepolitik<\/a><\/p>","protected":false},"featured_media":418341,"comment_status":"closed","ping_status":"closed","template":"","meta":{"_eb_attr":"","_crsspst_to_jayantr4sg-hostcom":true},"product_brand":[],"product_cat":[1559,1793,1792,1790,1254,5343,1570,1577,1574,5349],"product_tag":[66],"class_list":{"0":"post-418340","1":"product","2":"type-product","3":"status-publish","4":"has-post-thumbnail","6":"product_cat-birthday-gifts","7":"product_cat-diwali-gifts","8":"product_cat-festival-gifts","9":"product_cat-for-whom-when","10":"product_cat-gold-earrings","11":"product_cat-jewellery-under-550","12":"product_cat-mothers-day-gifts","13":"product_cat-stud-earrings","14":"product_cat-womens-jewellery","15":"product_cat-yellow-gold-jewellery","16":"product_tag-earrings","18":"first","19":"instock","20":"taxable","21":"shipping-taxable","22":"purchasable","23":"product-type-simple","24":"add-to-wishlist-before_image"},"yoast_head":"<!-- This site is optimized with the Yoast SEO plugin v27.3 - https:\/\/yoast.com\/product\/yoast-seo-wordpress\/ -->\n<title>22ct Gold Contour Stud Earrings | PureJewels London<\/title>\n<meta name=\"description\" content=\"Discover 22ct Gold Contour Stud Earrings at PureJewels. Sculpted dual-finish gold, 1.82g. Hallmarked in London. Elegant, modern design for daily wear.\" \/>\n<meta name=\"robots\" content=\"index, follow, max-snippet:-1, max-image-preview:large, max-video-preview:-1\" \/>\n<link rel=\"canonical\" href=\"https:\/\/www.purejewels.com\/de\/produkt-2\/konturen-ohrstecker-aus-22-karat-gold-52446\/\" \/>\n<meta property=\"og:locale\" content=\"de_DE\" \/>\n<meta property=\"og:type\" content=\"article\" \/>\n<meta property=\"og:title\" content=\"22ct Gold Contour Stud Earrings | PureJewels London\" \/>\n<meta property=\"og:description\" content=\"Discover 22ct Gold Contour Stud Earrings at PureJewels. Sculpted dual-finish gold, 1.82g. Hallmarked in London. Elegant, modern design for daily wear.\" \/>\n<meta property=\"og:url\" content=\"https:\/\/www.purejewels.com\/de\/produkt-2\/konturen-ohrstecker-aus-22-karat-gold-52446\/\" \/>\n<meta property=\"og:site_name\" content=\"PureJewels UK\" \/>\n<meta property=\"article:modified_time\" content=\"2026-02-06T12:07:13+00:00\" \/>\n<meta property=\"og:image\" content=\"https:\/\/static.purejewels.com\/wp-content\/uploads\/2025\/10\/SKU-52446.jpg\" \/>\n\t<meta property=\"og:image:width\" content=\"1000\" \/>\n\t<meta property=\"og:image:height\" content=\"1000\" \/>\n\t<meta property=\"og:image:type\" content=\"image\/jpeg\" \/>\n<meta name=\"twitter:card\" content=\"summary_large_image\" \/>\n<meta name=\"twitter:label1\" content=\"Gesch\u00e4tzte Lesezeit\" \/>\n\t<meta name=\"twitter:data1\" content=\"2\u00a0Minuten\" \/>\n<script type=\"application\/ld+json\" class=\"yoast-schema-graph\">{\"@context\":\"https:\\\/\\\/schema.org\",\"@graph\":[{\"@type\":[\"WebPage\",\"ItemPage\"],\"@id\":\"https:\\\/\\\/www.purejewels.com\\\/product\\\/22ct-gold-contour-stud-earrings-52446\\\/\",\"url\":\"https:\\\/\\\/www.purejewels.com\\\/product\\\/22ct-gold-contour-stud-earrings-52446\\\/\",\"name\":\"22ct Gold Contour Stud Earrings | PureJewels London\",\"isPartOf\":{\"@id\":\"https:\\\/\\\/www.purejewels.com\\\/#website\"},\"primaryImageOfPage\":{\"@id\":\"https:\\\/\\\/www.purejewels.com\\\/product\\\/22ct-gold-contour-stud-earrings-52446\\\/#primaryimage\"},\"image\":{\"@id\":\"https:\\\/\\\/www.purejewels.com\\\/product\\\/22ct-gold-contour-stud-earrings-52446\\\/#primaryimage\"},\"thumbnailUrl\":\"https:\\\/\\\/static.purejewels.com\\\/wp-content\\\/uploads\\\/2025\\\/10\\\/SKU-52446.jpg\",\"datePublished\":\"2025-09-09T06:17:35+00:00\",\"dateModified\":\"2026-02-06T12:07:13+00:00\",\"description\":\"Discover 22ct Gold Contour Stud Earrings at PureJewels. Sculpted dual-finish gold, 1.82g. Hallmarked in London. Elegant, modern design for daily wear.\",\"breadcrumb\":{\"@id\":\"https:\\\/\\\/www.purejewels.com\\\/product\\\/22ct-gold-contour-stud-earrings-52446\\\/#breadcrumb\"},\"inLanguage\":\"de\",\"potentialAction\":[{\"@type\":\"ReadAction\",\"target\":[\"https:\\\/\\\/www.purejewels.com\\\/product\\\/22ct-gold-contour-stud-earrings-52446\\\/\"]}]},{\"@type\":\"ImageObject\",\"inLanguage\":\"de\",\"@id\":\"https:\\\/\\\/www.purejewels.com\\\/product\\\/22ct-gold-contour-stud-earrings-52446\\\/#primaryimage\",\"url\":\"https:\\\/\\\/static.purejewels.com\\\/wp-content\\\/uploads\\\/2025\\\/10\\\/SKU-52446.jpg\",\"contentUrl\":\"https:\\\/\\\/static.purejewels.com\\\/wp-content\\\/uploads\\\/2025\\\/10\\\/SKU-52446.jpg\",\"width\":1000,\"height\":1000,\"caption\":\"22ct Gold Contour Stud Earrings\"},{\"@type\":\"BreadcrumbList\",\"@id\":\"https:\\\/\\\/www.purejewels.com\\\/product\\\/22ct-gold-contour-stud-earrings-52446\\\/#breadcrumb\",\"itemListElement\":[{\"@type\":\"ListItem\",\"position\":1,\"name\":\"Home\",\"item\":\"https:\\\/\\\/www.purejewels.com\\\/\"},{\"@type\":\"ListItem\",\"position\":2,\"name\":\"Shop\",\"item\":\"https:\\\/\\\/www.purejewels.com\\\/shop\\\/\"},{\"@type\":\"ListItem\",\"position\":3,\"name\":\"22ct Gold Contour Stud Earrings\"}]},{\"@type\":\"WebSite\",\"@id\":\"https:\\\/\\\/www.purejewels.com\\\/#website\",\"url\":\"https:\\\/\\\/www.purejewels.com\\\/\",\"name\":\"PureJewels UK\",\"description\":\"Share the Love\",\"publisher\":{\"@id\":\"https:\\\/\\\/www.purejewels.com\\\/#organization\"},\"potentialAction\":[{\"@type\":\"SearchAction\",\"target\":{\"@type\":\"EntryPoint\",\"urlTemplate\":\"https:\\\/\\\/www.purejewels.com\\\/?s={search_term_string}\"},\"query-input\":{\"@type\":\"PropertyValueSpecification\",\"valueRequired\":true,\"valueName\":\"search_term_string\"}}],\"inLanguage\":\"de\"},{\"@type\":\"Organization\",\"@id\":\"https:\\\/\\\/www.purejewels.com\\\/#organization\",\"name\":\"PureJewels UK\",\"url\":\"https:\\\/\\\/www.purejewels.com\\\/\",\"logo\":{\"@type\":\"ImageObject\",\"inLanguage\":\"de\",\"@id\":\"https:\\\/\\\/www.purejewels.com\\\/#\\\/schema\\\/logo\\\/image\\\/\",\"url\":\"https:\\\/\\\/static.purejewels.com\\\/wp-content\\\/uploads\\\/2020\\\/11\\\/Logo-PJ-New-1.png\",\"contentUrl\":\"https:\\\/\\\/static.purejewels.com\\\/wp-content\\\/uploads\\\/2020\\\/11\\\/Logo-PJ-New-1.png\",\"width\":150,\"height\":80,\"caption\":\"PureJewels UK\"},\"image\":{\"@id\":\"https:\\\/\\\/www.purejewels.com\\\/#\\\/schema\\\/logo\\\/image\\\/\"}}]}<\/script>\n<!-- \/ Yoast SEO plugin. -->","yoast_head_json":{"title":"22ct Gold Kontur Ohrstecker | PureJewels London","description":"Entdecken Sie 22ct Gold Contour Stud Earrings bei PureJewels. Geformtes Gold mit zwei Oberfl\u00e4chen, 1,82 g. Gepunzt in London. Elegantes, modernes Design f\u00fcr den t\u00e4glichen Gebrauch.","robots":{"index":"index","follow":"follow","max-snippet":"max-snippet:-1","max-image-preview":"max-image-preview:large","max-video-preview":"max-video-preview:-1"},"canonical":"https:\/\/www.purejewels.com\/de\/produkt-2\/konturen-ohrstecker-aus-22-karat-gold-52446\/","og_locale":"de_DE","og_type":"article","og_title":"22ct Gold Contour Stud Earrings | PureJewels London","og_description":"Discover 22ct Gold Contour Stud Earrings at PureJewels. Sculpted dual-finish gold, 1.82g. Hallmarked in London. Elegant, modern design for daily wear.","og_url":"https:\/\/www.purejewels.com\/de\/produkt-2\/konturen-ohrstecker-aus-22-karat-gold-52446\/","og_site_name":"PureJewels UK","article_modified_time":"2026-02-06T12:07:13+00:00","og_image":[{"width":1000,"height":1000,"url":"https:\/\/static.purejewels.com\/wp-content\/uploads\/2025\/10\/SKU-52446.jpg","type":"image\/jpeg"}],"twitter_card":"summary_large_image","twitter_misc":{"Gesch\u00e4tzte Lesezeit":"2\u00a0Minuten"},"schema":{"@context":"https:\/\/schema.org","@graph":[{"@type":["WebPage","ItemPage"],"@id":"https:\/\/www.purejewels.com\/product\/22ct-gold-contour-stud-earrings-52446\/","url":"https:\/\/www.purejewels.com\/product\/22ct-gold-contour-stud-earrings-52446\/","name":"22ct Gold Kontur Ohrstecker | PureJewels London","isPartOf":{"@id":"https:\/\/www.purejewels.com\/#website"},"primaryImageOfPage":{"@id":"https:\/\/www.purejewels.com\/product\/22ct-gold-contour-stud-earrings-52446\/#primaryimage"},"image":{"@id":"https:\/\/www.purejewels.com\/product\/22ct-gold-contour-stud-earrings-52446\/#primaryimage"},"thumbnailUrl":"https:\/\/static.purejewels.com\/wp-content\/uploads\/2025\/10\/SKU-52446.jpg","datePublished":"2025-09-09T06:17:35+00:00","dateModified":"2026-02-06T12:07:13+00:00","description":"Entdecken Sie 22ct Gold Contour Stud Earrings bei PureJewels. Geformtes Gold mit zwei Oberfl\u00e4chen, 1,82 g. Gepunzt in London. Elegantes, modernes Design f\u00fcr den t\u00e4glichen Gebrauch.","breadcrumb":{"@id":"https:\/\/www.purejewels.com\/product\/22ct-gold-contour-stud-earrings-52446\/#breadcrumb"},"inLanguage":"de","potentialAction":[{"@type":"ReadAction","target":["https:\/\/www.purejewels.com\/product\/22ct-gold-contour-stud-earrings-52446\/"]}]},{"@type":"ImageObject","inLanguage":"de","@id":"https:\/\/www.purejewels.com\/product\/22ct-gold-contour-stud-earrings-52446\/#primaryimage","url":"https:\/\/static.purejewels.com\/wp-content\/uploads\/2025\/10\/SKU-52446.jpg","contentUrl":"https:\/\/static.purejewels.com\/wp-content\/uploads\/2025\/10\/SKU-52446.jpg","width":1000,"height":1000,"caption":"22ct Gold Contour Stud Earrings"},{"@type":"BreadcrumbList","@id":"https:\/\/www.purejewels.com\/product\/22ct-gold-contour-stud-earrings-52446\/#breadcrumb","itemListElement":[{"@type":"ListItem","position":1,"name":"Home","item":"https:\/\/www.purejewels.com\/"},{"@type":"ListItem","position":2,"name":"Shop","item":"https:\/\/www.purejewels.com\/shop\/"},{"@type":"ListItem","position":3,"name":"22ct Gold Contour Stud Earrings"}]},{"@type":"WebSite","@id":"https:\/\/www.purejewels.com\/#website","url":"https:\/\/www.purejewels.com\/","name":"PureJewels UK","description":"Teile die Liebe","publisher":{"@id":"https:\/\/www.purejewels.com\/#organization"},"potentialAction":[{"@type":"SearchAction","target":{"@type":"EntryPoint","urlTemplate":"https:\/\/www.purejewels.com\/?s={search_term_string}"},"query-input":{"@type":"PropertyValueSpecification","valueRequired":true,"valueName":"search_term_string"}}],"inLanguage":"de"},{"@type":"Organization","@id":"https:\/\/www.purejewels.com\/#organization","name":"PureJewels UK","url":"https:\/\/www.purejewels.com\/","logo":{"@type":"ImageObject","inLanguage":"de","@id":"https:\/\/www.purejewels.com\/#\/schema\/logo\/image\/","url":"https:\/\/static.purejewels.com\/wp-content\/uploads\/2020\/11\/Logo-PJ-New-1.png","contentUrl":"https:\/\/static.purejewels.com\/wp-content\/uploads\/2020\/11\/Logo-PJ-New-1.png","width":150,"height":80,"caption":"PureJewels UK"},"image":{"@id":"https:\/\/www.purejewels.com\/#\/schema\/logo\/image\/"}}]}},"_links":{"self":[{"href":"https:\/\/www.purejewels.com\/de\/wp-json\/wp\/v2\/product\/418340","targetHints":{"allow":["GET"]}}],"collection":[{"href":"https:\/\/www.purejewels.com\/de\/wp-json\/wp\/v2\/product"}],"about":[{"href":"https:\/\/www.purejewels.com\/de\/wp-json\/wp\/v2\/types\/product"}],"replies":[{"embeddable":true,"href":"https:\/\/www.purejewels.com\/de\/wp-json\/wp\/v2\/comments?post=418340"}],"version-history":[{"count":1,"href":"https:\/\/www.purejewels.com\/de\/wp-json\/wp\/v2\/product\/418340\/revisions"}],"predecessor-version":[{"id":418343,"href":"https:\/\/www.purejewels.com\/de\/wp-json\/wp\/v2\/product\/418340\/revisions\/418343"}],"wp:featuredmedia":[{"embeddable":true,"href":"https:\/\/www.purejewels.com\/de\/wp-json\/wp\/v2\/media\/418341"}],"wp:attachment":[{"href":"https:\/\/www.purejewels.com\/de\/wp-json\/wp\/v2\/media?parent=418340"}],"wp:term":[{"taxonomy":"product_brand","embeddable":true,"href":"https:\/\/www.purejewels.com\/de\/wp-json\/wp\/v2\/product_brand?post=418340"},{"taxonomy":"product_cat","embeddable":true,"href":"https:\/\/www.purejewels.com\/de\/wp-json\/wp\/v2\/product_cat?post=418340"},{"taxonomy":"product_tag","embeddable":true,"href":"https:\/\/www.purejewels.com\/de\/wp-json\/wp\/v2\/product_tag?post=418340"}],"curies":[{"name":"wp","href":"https:\/\/api.w.org\/{rel}","templated":true}]}}