{"id":418353,"date":"2025-09-09T08:45:46","date_gmt":"2025-09-09T07:45:46","guid":{"rendered":"https:\/\/www.purejewels.com\/?post_type=product&#038;p=418353"},"modified":"2026-01-06T05:35:00","modified_gmt":"2026-01-06T05:35:00","slug":"22ct-gold-kleine-schmetterling-ohrstecker-52407","status":"publish","type":"product","link":"https:\/\/www.purejewels.com\/de\/product\/22ct-gold-little-butterfly-studs-52407\/","title":{"rendered":"22ct Gold Kleiner Schmetterling Ohrstecker"},"content":{"rendered":"<h4 data-start=\"531\" data-end=\"556\"><strong data-start=\"536\" data-end=\"554\">Designkonzept<\/strong><\/h4>\n<p data-start=\"557\" data-end=\"946\">Schmetterlinge stehen f\u00fcr Neubeginn, Verwandlung und Freude - und diese zierlichen Ohrringe fangen diese Symbolik auf sanfte Weise ein. Die aus massivem 22-kar\u00e4tigem Gelbgold gefertigten Schmetterlinge haben abgerundete Fl\u00fcgel und eine satinartige Struktur, die dem Schmuckst\u00fcck einen warmen, samtigen Schimmer verleiht. Das Design ist zart und dezent und eignet sich perfekt f\u00fcr den t\u00e4glichen Gebrauch oder als erstes Schmuckst\u00fcck.<\/p>\n<h4 data-start=\"948\" data-end=\"972\"><strong data-start=\"953\" data-end=\"970\">Handwerkliches K\u00f6nnen<\/strong><\/h4>\n<p data-start=\"973\" data-end=\"1377\">Diese leichten Ohrstecker aus 22-kar\u00e4tigem Gelbgold wiegen 1,3 Gramm und verf\u00fcgen \u00fcber einen sicheren Schraubverschluss, der sowohl f\u00fcr Komfort als auch f\u00fcr Sicherheit sorgt. Die satinierten Fl\u00fcgel sind so geformt, dass sie das Licht sanft reflektieren und die organische Sch\u00f6nheit der Schmetterlingsform unterstreichen. Diese Ohrringe sind vom London Assay Office gepunzt und erf\u00fcllen die h\u00f6chsten Anforderungen an Reinheit und Handwerkskunst.<\/p>\n<h4 data-start=\"1379\" data-end=\"1403\"><strong data-start=\"1384\" data-end=\"1401\">Styling-Ideen<\/strong><\/h4>\n<p data-start=\"1404\" data-end=\"1796\">Die Little Butterfly Ohrstecker sind ideal f\u00fcr Kinder, Teenager oder Liebhaber von subtilem Symbolschmuck und lassen sich wunderbar mit anderen minimalistischen Goldschmuckst\u00fccken wie schmalen Armreifen oder Charm-Halsketten kombinieren. Sie eignen sich perfekt f\u00fcr Geburtstage, Namensgebungszeremonien oder wichtige Momente und verleihen allt\u00e4glichen Looks einen Hauch von Wunder. Ihre zierliche Form l\u00e4sst sich auch wunderbar mit Zweitpiercings oder Ohrringen kombinieren und verleiht ihnen einen modernen Touch.<\/p>","protected":false},"excerpt":{"rendered":"<p>Zart und anmutig pr\u00e4sentieren sich diese kleinen Schmetterlingsohrstecker aus 22-kar\u00e4tigem Gold mit einem sanft geschwungenen Schmetterlingsdesign in satinierter Ausf\u00fchrung. Mit einem Gewicht von nur 1,3 Gramm sind sie ideal f\u00fcr junge Tr\u00e4gerinnen, symbolische Geschenke oder einen leichten Hauch von Eleganz im Alltag.<\/p>\n<p><strong>Material:<\/strong>\u00a022ct Gold<br \/>\n<strong>Reinheit:<\/strong>\u00a091.6% rein<br \/>\n<strong>Wahrzeichen:<\/strong>\u00a0Britisches G\u00fctesiegel<strong><br \/>\n<\/strong><strong>Bruttogewicht: <\/strong>1,16 Gramm<br \/>\n<strong>SKU:<\/strong> 52407<\/p>\n<p><strong>Preis und Lieferung<\/strong>: Inklusive Mehrwertsteuer und Lieferkosten<br \/>\n<a href=\"https:\/\/www.purejewels.com\/de\/ruckgabepolitik\/\">R\u00fcckgabepolitik<\/a><\/p>","protected":false},"featured_media":418354,"comment_status":"closed","ping_status":"closed","template":"","meta":{"_eb_attr":"","_crsspst_to_jayantr4sg-hostcom":true},"product_brand":[],"product_cat":[1559,236,1793,1792,1790,1254,5342,5599,5943,1570,1577,1574,5349],"product_tag":[66],"class_list":{"0":"post-418353","1":"product","2":"type-product","3":"status-publish","4":"has-post-thumbnail","6":"product_cat-birthday-gifts","7":"product_cat-collections","8":"product_cat-diwali-gifts","9":"product_cat-festival-gifts","10":"product_cat-for-whom-when","11":"product_cat-gold-earrings","12":"product_cat-jewellery-under-250","13":"product_cat-baby-earring","14":"product_cat-kids-jewellery","15":"product_cat-mothers-day-gifts","16":"product_cat-stud-earrings","17":"product_cat-womens-jewellery","18":"product_cat-yellow-gold-jewellery","19":"product_tag-earrings","21":"first","22":"outofstock","23":"taxable","24":"shipping-taxable","25":"product-type-simple","26":"add-to-wishlist-before_image"},"yoast_head":"<!-- This site is optimized with the Yoast SEO plugin v27.6 - https:\/\/yoast.com\/product\/yoast-seo-wordpress\/ -->\n<title>22ct Gold Little Butterfly Stud Earrings | PureJewels London<\/title>\n<meta name=\"description\" content=\"Shop 22ct Gold Little Butterfly Stud Earrings at PureJewels. Lightweight 1.3g design in satin-finish gold. Symbolic, gift-worthy, and hallmarked in London.\" \/>\n<meta name=\"robots\" content=\"index, follow, max-snippet:-1, max-image-preview:large, max-video-preview:-1\" \/>\n<link rel=\"canonical\" href=\"https:\/\/www.purejewels.com\/de\/produkt-2\/22ct-gold-kleine-schmetterling-ohrstecker-52407\/\" \/>\n<meta property=\"og:locale\" content=\"de_DE\" \/>\n<meta property=\"og:type\" content=\"article\" \/>\n<meta property=\"og:title\" content=\"22ct Gold Little Butterfly Stud Earrings | PureJewels London\" \/>\n<meta property=\"og:description\" content=\"Shop 22ct Gold Little Butterfly Stud Earrings at PureJewels. Lightweight 1.3g design in satin-finish gold. Symbolic, gift-worthy, and hallmarked in London.\" \/>\n<meta property=\"og:url\" content=\"https:\/\/www.purejewels.com\/de\/produkt-2\/22ct-gold-kleine-schmetterling-ohrstecker-52407\/\" \/>\n<meta property=\"og:site_name\" content=\"PureJewels UK\" \/>\n<meta property=\"article:modified_time\" content=\"2026-01-06T05:35:00+00:00\" \/>\n<meta property=\"og:image\" content=\"https:\/\/www.purejewels.com\/wp-content\/uploads\/2025\/10\/SKU-52407.jpg\" \/>\n\t<meta property=\"og:image:width\" content=\"1000\" \/>\n\t<meta property=\"og:image:height\" content=\"1000\" \/>\n\t<meta property=\"og:image:type\" content=\"image\/jpeg\" \/>\n<meta name=\"twitter:card\" content=\"summary_large_image\" \/>\n<meta name=\"twitter:label1\" content=\"Gesch\u00e4tzte Lesezeit\" \/>\n\t<meta name=\"twitter:data1\" content=\"1\u00a0Minute\" \/>\n<script type=\"application\/ld+json\" class=\"yoast-schema-graph\">{\"@context\":\"https:\\\/\\\/schema.org\",\"@graph\":[{\"@type\":[\"WebPage\",\"ItemPage\"],\"@id\":\"https:\\\/\\\/www.purejewels.com\\\/product\\\/22ct-gold-little-butterfly-studs-52407\\\/\",\"url\":\"https:\\\/\\\/www.purejewels.com\\\/product\\\/22ct-gold-little-butterfly-studs-52407\\\/\",\"name\":\"22ct Gold Little Butterfly Stud Earrings | PureJewels London\",\"isPartOf\":{\"@id\":\"https:\\\/\\\/www.purejewels.com\\\/#website\"},\"primaryImageOfPage\":{\"@id\":\"https:\\\/\\\/www.purejewels.com\\\/product\\\/22ct-gold-little-butterfly-studs-52407\\\/#primaryimage\"},\"image\":{\"@id\":\"https:\\\/\\\/www.purejewels.com\\\/product\\\/22ct-gold-little-butterfly-studs-52407\\\/#primaryimage\"},\"thumbnailUrl\":\"https:\\\/\\\/static.purejewels.com\\\/wp-content\\\/uploads\\\/2025\\\/10\\\/SKU-52407.jpg\",\"datePublished\":\"2025-09-09T07:45:46+00:00\",\"dateModified\":\"2026-01-06T05:35:00+00:00\",\"description\":\"Shop 22ct Gold Little Butterfly Stud Earrings at PureJewels. Lightweight 1.3g design in satin-finish gold. Symbolic, gift-worthy, and hallmarked in London.\",\"breadcrumb\":{\"@id\":\"https:\\\/\\\/www.purejewels.com\\\/product\\\/22ct-gold-little-butterfly-studs-52407\\\/#breadcrumb\"},\"inLanguage\":\"de\",\"potentialAction\":[{\"@type\":\"ReadAction\",\"target\":[\"https:\\\/\\\/www.purejewels.com\\\/product\\\/22ct-gold-little-butterfly-studs-52407\\\/\"]}]},{\"@type\":\"ImageObject\",\"inLanguage\":\"de\",\"@id\":\"https:\\\/\\\/www.purejewels.com\\\/product\\\/22ct-gold-little-butterfly-studs-52407\\\/#primaryimage\",\"url\":\"https:\\\/\\\/static.purejewels.com\\\/wp-content\\\/uploads\\\/2025\\\/10\\\/SKU-52407.jpg\",\"contentUrl\":\"https:\\\/\\\/static.purejewels.com\\\/wp-content\\\/uploads\\\/2025\\\/10\\\/SKU-52407.jpg\",\"width\":1000,\"height\":1000,\"caption\":\"Stacked from 10 images. Method=B (R=8,S=4)\"},{\"@type\":\"BreadcrumbList\",\"@id\":\"https:\\\/\\\/www.purejewels.com\\\/product\\\/22ct-gold-little-butterfly-studs-52407\\\/#breadcrumb\",\"itemListElement\":[{\"@type\":\"ListItem\",\"position\":1,\"name\":\"Home\",\"item\":\"https:\\\/\\\/www.purejewels.com\\\/\"},{\"@type\":\"ListItem\",\"position\":2,\"name\":\"Shop\",\"item\":\"https:\\\/\\\/www.purejewels.com\\\/shop\\\/\"},{\"@type\":\"ListItem\",\"position\":3,\"name\":\"22ct Gold Little Butterfly Studs\"}]},{\"@type\":\"WebSite\",\"@id\":\"https:\\\/\\\/www.purejewels.com\\\/#website\",\"url\":\"https:\\\/\\\/www.purejewels.com\\\/\",\"name\":\"PureJewels UK\",\"description\":\"Share the Love\",\"publisher\":{\"@id\":\"https:\\\/\\\/www.purejewels.com\\\/#organization\"},\"potentialAction\":[{\"@type\":\"SearchAction\",\"target\":{\"@type\":\"EntryPoint\",\"urlTemplate\":\"https:\\\/\\\/www.purejewels.com\\\/?s={search_term_string}\"},\"query-input\":{\"@type\":\"PropertyValueSpecification\",\"valueRequired\":true,\"valueName\":\"search_term_string\"}}],\"inLanguage\":\"de\"},{\"@type\":\"Organization\",\"@id\":\"https:\\\/\\\/www.purejewels.com\\\/#organization\",\"name\":\"PureJewels UK\",\"url\":\"https:\\\/\\\/www.purejewels.com\\\/\",\"logo\":{\"@type\":\"ImageObject\",\"inLanguage\":\"de\",\"@id\":\"https:\\\/\\\/www.purejewels.com\\\/#\\\/schema\\\/logo\\\/image\\\/\",\"url\":\"https:\\\/\\\/static.purejewels.com\\\/wp-content\\\/uploads\\\/2020\\\/11\\\/Logo-PJ-New-1.png\",\"contentUrl\":\"https:\\\/\\\/static.purejewels.com\\\/wp-content\\\/uploads\\\/2020\\\/11\\\/Logo-PJ-New-1.png\",\"width\":150,\"height\":80,\"caption\":\"PureJewels UK\"},\"image\":{\"@id\":\"https:\\\/\\\/www.purejewels.com\\\/#\\\/schema\\\/logo\\\/image\\\/\"}}]}<\/script>\n<!-- \/ Yoast SEO plugin. -->","yoast_head_json":{"title":"22ct Gold kleiner Schmetterling Ohrstecker | PureJewels London","description":"Shop 22ct Gold Little Butterfly Ohrstecker bei PureJewels. Leichtes 1,3g Design in satiniertem Gold. Symbolisch, geschenktauglich und in London gestempelt.","robots":{"index":"index","follow":"follow","max-snippet":"max-snippet:-1","max-image-preview":"max-image-preview:large","max-video-preview":"max-video-preview:-1"},"canonical":"https:\/\/www.purejewels.com\/de\/produkt-2\/22ct-gold-kleine-schmetterling-ohrstecker-52407\/","og_locale":"de_DE","og_type":"article","og_title":"22ct Gold Little Butterfly Stud Earrings | PureJewels London","og_description":"Shop 22ct Gold Little Butterfly Stud Earrings at PureJewels. Lightweight 1.3g design in satin-finish gold. Symbolic, gift-worthy, and hallmarked in London.","og_url":"https:\/\/www.purejewels.com\/de\/produkt-2\/22ct-gold-kleine-schmetterling-ohrstecker-52407\/","og_site_name":"PureJewels UK","article_modified_time":"2026-01-06T05:35:00+00:00","og_image":[{"width":1000,"height":1000,"url":"https:\/\/www.purejewels.com\/wp-content\/uploads\/2025\/10\/SKU-52407.jpg","type":"image\/jpeg"}],"twitter_card":"summary_large_image","twitter_misc":{"Gesch\u00e4tzte Lesezeit":"1\u00a0Minute"},"schema":{"@context":"https:\/\/schema.org","@graph":[{"@type":["WebPage","ItemPage"],"@id":"https:\/\/www.purejewels.com\/product\/22ct-gold-little-butterfly-studs-52407\/","url":"https:\/\/www.purejewels.com\/product\/22ct-gold-little-butterfly-studs-52407\/","name":"22ct Gold kleiner Schmetterling Ohrstecker | PureJewels London","isPartOf":{"@id":"https:\/\/www.purejewels.com\/#website"},"primaryImageOfPage":{"@id":"https:\/\/www.purejewels.com\/product\/22ct-gold-little-butterfly-studs-52407\/#primaryimage"},"image":{"@id":"https:\/\/www.purejewels.com\/product\/22ct-gold-little-butterfly-studs-52407\/#primaryimage"},"thumbnailUrl":"https:\/\/static.purejewels.com\/wp-content\/uploads\/2025\/10\/SKU-52407.jpg","datePublished":"2025-09-09T07:45:46+00:00","dateModified":"2026-01-06T05:35:00+00:00","description":"Shop 22ct Gold Little Butterfly Ohrstecker bei PureJewels. Leichtes 1,3g Design in satiniertem Gold. Symbolisch, geschenktauglich und in London gestempelt.","breadcrumb":{"@id":"https:\/\/www.purejewels.com\/product\/22ct-gold-little-butterfly-studs-52407\/#breadcrumb"},"inLanguage":"de","potentialAction":[{"@type":"ReadAction","target":["https:\/\/www.purejewels.com\/product\/22ct-gold-little-butterfly-studs-52407\/"]}]},{"@type":"ImageObject","inLanguage":"de","@id":"https:\/\/www.purejewels.com\/product\/22ct-gold-little-butterfly-studs-52407\/#primaryimage","url":"https:\/\/static.purejewels.com\/wp-content\/uploads\/2025\/10\/SKU-52407.jpg","contentUrl":"https:\/\/static.purejewels.com\/wp-content\/uploads\/2025\/10\/SKU-52407.jpg","width":1000,"height":1000,"caption":"Stacked from 10 images. Method=B (R=8,S=4)"},{"@type":"BreadcrumbList","@id":"https:\/\/www.purejewels.com\/product\/22ct-gold-little-butterfly-studs-52407\/#breadcrumb","itemListElement":[{"@type":"ListItem","position":1,"name":"Home","item":"https:\/\/www.purejewels.com\/"},{"@type":"ListItem","position":2,"name":"Shop","item":"https:\/\/www.purejewels.com\/shop\/"},{"@type":"ListItem","position":3,"name":"22ct Gold Little Butterfly Studs"}]},{"@type":"WebSite","@id":"https:\/\/www.purejewels.com\/#website","url":"https:\/\/www.purejewels.com\/","name":"PureJewels UK","description":"Teile die Liebe","publisher":{"@id":"https:\/\/www.purejewels.com\/#organization"},"potentialAction":[{"@type":"SearchAction","target":{"@type":"EntryPoint","urlTemplate":"https:\/\/www.purejewels.com\/?s={search_term_string}"},"query-input":{"@type":"PropertyValueSpecification","valueRequired":true,"valueName":"search_term_string"}}],"inLanguage":"de"},{"@type":"Organization","@id":"https:\/\/www.purejewels.com\/#organization","name":"PureJewels UK","url":"https:\/\/www.purejewels.com\/","logo":{"@type":"ImageObject","inLanguage":"de","@id":"https:\/\/www.purejewels.com\/#\/schema\/logo\/image\/","url":"https:\/\/static.purejewels.com\/wp-content\/uploads\/2020\/11\/Logo-PJ-New-1.png","contentUrl":"https:\/\/static.purejewels.com\/wp-content\/uploads\/2020\/11\/Logo-PJ-New-1.png","width":150,"height":80,"caption":"PureJewels UK"},"image":{"@id":"https:\/\/www.purejewels.com\/#\/schema\/logo\/image\/"}}]}},"_links":{"self":[{"href":"https:\/\/www.purejewels.com\/de\/wp-json\/wp\/v2\/product\/418353","targetHints":{"allow":["GET"]}}],"collection":[{"href":"https:\/\/www.purejewels.com\/de\/wp-json\/wp\/v2\/product"}],"about":[{"href":"https:\/\/www.purejewels.com\/de\/wp-json\/wp\/v2\/types\/product"}],"replies":[{"embeddable":true,"href":"https:\/\/www.purejewels.com\/de\/wp-json\/wp\/v2\/comments?post=418353"}],"version-history":[{"count":1,"href":"https:\/\/www.purejewels.com\/de\/wp-json\/wp\/v2\/product\/418353\/revisions"}],"predecessor-version":[{"id":418356,"href":"https:\/\/www.purejewels.com\/de\/wp-json\/wp\/v2\/product\/418353\/revisions\/418356"}],"wp:featuredmedia":[{"embeddable":true,"href":"https:\/\/www.purejewels.com\/de\/wp-json\/wp\/v2\/media\/418354"}],"wp:attachment":[{"href":"https:\/\/www.purejewels.com\/de\/wp-json\/wp\/v2\/media?parent=418353"}],"wp:term":[{"taxonomy":"product_brand","embeddable":true,"href":"https:\/\/www.purejewels.com\/de\/wp-json\/wp\/v2\/product_brand?post=418353"},{"taxonomy":"product_cat","embeddable":true,"href":"https:\/\/www.purejewels.com\/de\/wp-json\/wp\/v2\/product_cat?post=418353"},{"taxonomy":"product_tag","embeddable":true,"href":"https:\/\/www.purejewels.com\/de\/wp-json\/wp\/v2\/product_tag?post=418353"}],"curies":[{"name":"wp","href":"https:\/\/api.w.org\/{rel}","templated":true}]}}