{"id":418452,"date":"2025-10-09T06:46:38","date_gmt":"2025-10-09T05:46:38","guid":{"rendered":"https:\/\/www.purejewels.com\/?post_type=product&#038;p=418452"},"modified":"2026-01-06T10:14:04","modified_gmt":"2026-01-06T10:14:04","slug":"22ct-gold-herz-charme-armband-mit-cz-steine-52468","status":"publish","type":"product","link":"https:\/\/www.purejewels.com\/de\/product\/22ct-gold-heart-charm-bracelet-with-cz-stones-52468\/","title":{"rendered":"22ct Gold Herz Charme Armband mit CZ Steinen"},"content":{"rendered":"<h3 data-start=\"367\" data-end=\"391\"><strong data-start=\"371\" data-end=\"389\">Designkonzept<\/strong><\/h3>\n<p data-start=\"392\" data-end=\"759\">Inspiriert von der zeitlosen Symbolik der Liebe und Zuneigung, wurde dieses Armband entworfen, um bedeutungsvolle Verbindungen zu feiern. Die sich abwechselnden herzf\u00f6rmigen Charms vermitteln W\u00e4rme und Intimit\u00e4t, w\u00e4hrend der Kontrast der k\u00fchlen Rhodium-Details moderne Gef\u00fchle anspricht. Jedes Element des Armbands erz\u00e4hlt eine Geschichte - von Zartheit und St\u00e4rke, von Tradition, die f\u00fcr die heutige Zeit neu interpretiert wurde.<\/p>\n<p data-start=\"761\" data-end=\"910\"><strong data-start=\"921\" data-end=\"938\">Handwerkliches K\u00f6nnen<\/strong><\/p>\n<p data-start=\"941\" data-end=\"1331\">Dieses in Handarbeit aus 22 Karat Gelbgold gefertigte Armband ist ein Zeugnis sorgf\u00e4ltiger Kunstfertigkeit und generationen\u00fcbergreifenden K\u00f6nnens. Jeder Herzanh\u00e4nger ist fein modelliert und auf Hochglanz poliert, um eine anmutige Bewegung und dauerhaften Glanz zu gew\u00e4hrleisten. Die rhodinierten Glieder sind mit pr\u00e4zisionsgeschliffenen Zirkoniasteinen besetzt, die das Funkeln feiner Diamanten imitieren, ohne dabei an Reinheit oder Komfort einzub\u00fc\u00dfen.<\/p>\n<p data-start=\"1333\" data-end=\"1511\">Das Ergebnis ist ein wundersch\u00f6n ausgewogenes St\u00fcck - leicht im Gewicht, aber reich an Details, abgeschlossen mit einem sicheren Verschluss und gestempelt durch das London Assay Office als Echtheitssiegel.<\/p>\n<h3 data-start=\"1518\" data-end=\"1541\"><strong data-start=\"1522\" data-end=\"1539\">Styling-Ideen<\/strong><\/h3>\n<ul>\n<li data-start=\"1544\" data-end=\"1706\"><strong data-start=\"1544\" data-end=\"1566\">Allt\u00e4gliche Eleganz:<\/strong> Tragen Sie es allein mit einer weichen Seidenbluse oder einer Leinen-Kurta f\u00fcr einen raffinierten Alltagslook. Die Leichtigkeit des Armbands macht es perfekt f\u00fcr l\u00e4ngeres Tragen.<\/li>\n<li data-start=\"1709\" data-end=\"1827\"><strong data-start=\"1709\" data-end=\"1726\">Mehrschichtiger Look:<\/strong> Kombinieren Sie es mit einem schmalen 22-kar\u00e4tigen Armreif oder einem minimalistischen Gliederarmband f\u00fcr einen Hauch von mehrschichtiger Raffinesse.<\/li>\n<li data-start=\"1830\" data-end=\"1992\"><strong data-start=\"1830\" data-end=\"1847\">Geschenk der Liebe:<\/strong> Ein ideales Geschenk f\u00fcr Geburtstage, Jahrestage oder Brautmomente. Das Herzmotiv und das CZ-Funkeln bieten genau die richtige Mischung aus Gef\u00fchl und Glanz.<\/li>\n<li data-start=\"1995\" data-end=\"2152\"><strong data-start=\"1995\" data-end=\"2013\">Kulturelle Kleidung:<\/strong> Erg\u00e4nzt m\u00fchelos traditionelle s\u00fcdasiatische Kleidung - von Sarees bis Lehengas - und verleiht der traditionellen Kleidung einen Hauch von modernem Charme.<\/li>\n<\/ul>","protected":false},"excerpt":{"rendered":"<p>Ein anmutiges Armband aus 22 Karat Gold mit zarten Herzanh\u00e4ngern und funkelnden CZ-Steinen, die f\u00fcr zus\u00e4tzlichen Glanz mit Rhodium akzentuiert sind. Leicht und raffiniert ist es ein perfekter Ausdruck der Liebe - ideal zum Verschenken oder f\u00fcr die t\u00e4gliche Eleganz.<\/p>\n<p><strong>Material:<\/strong> 22ct Gold (91,6% reines Gold)<strong><br \/>\nWahrzeichen:\u00a0<\/strong>Britisches G\u00fctesiegel<strong><br \/>\n<\/strong><strong>Bruttogewicht: <\/strong>3.01 Gms<br \/>\n<strong>Nettogewicht:<\/strong> 2,99 Gramm<br \/>\n<strong>L\u00e4nge:<\/strong> 6,75 Zoll<br \/>\n<strong>SKU:<\/strong> 53107, 52468<\/p>\n<p><strong>Preis und Lieferung<\/strong>: Inklusive Mehrwertsteuer und Lieferkosten<br \/>\n<a href=\"https:\/\/www.purejewels.com\/de\/ruckgabepolitik\/\">R\u00fcckgabepolitik<\/a><\/p>","protected":false},"featured_media":418456,"comment_status":"closed","ping_status":"closed","template":"","meta":{"_eb_attr":"","_crsspst_to_jayantr4sg-hostcom":true},"product_brand":[],"product_cat":[1791,1559,6056,1793,1792,1324,1627,1229,5343,1575,1569,1574,5349],"product_tag":[5634],"class_list":{"0":"post-418452","1":"product","2":"type-product","3":"status-publish","4":"has-post-thumbnail","6":"product_cat-anniversary-gifts","7":"product_cat-birthday-gifts","8":"product_cat-charm","9":"product_cat-diwali-gifts","10":"product_cat-festival-gifts","11":"product_cat-gold-bracelet","12":"product_cat-ladies-bracelet","13":"product_cat-22ct-gold-jewellery","14":"product_cat-jewellery-under-550","15":"product_cat-teenage-jewellery","16":"product_cat-valentine-day-gifts","17":"product_cat-womens-jewellery","18":"product_cat-yellow-gold-jewellery","19":"product_tag-22ct-gold-bracelet-for-ladies","21":"first","22":"outofstock","23":"taxable","24":"shipping-taxable","25":"product-type-simple","26":"add-to-wishlist-before_image"},"yoast_head":"<!-- This site is optimized with the Yoast SEO plugin v27.3 - https:\/\/yoast.com\/product\/yoast-seo-wordpress\/ -->\n<title>22ct Gold Heart Charm Bracelet with CZ | PureJewels UK<\/title>\n<meta name=\"description\" content=\"Discover our 22ct Gold Heart Charm Bracelet with CZ stones &amp; rhodium accents. Elegant, hallmarked, and handcrafted \u2014 perfect for gifting or everyday wear.\" \/>\n<meta name=\"robots\" content=\"index, follow, max-snippet:-1, max-image-preview:large, max-video-preview:-1\" \/>\n<link rel=\"canonical\" href=\"https:\/\/www.purejewels.com\/de\/produkt-2\/22ct-gold-herz-charme-armband-mit-cz-steine-52468\/\" \/>\n<meta property=\"og:locale\" content=\"de_DE\" \/>\n<meta property=\"og:type\" content=\"article\" \/>\n<meta property=\"og:title\" content=\"22ct Gold Heart Charm Bracelet with CZ | PureJewels UK\" \/>\n<meta property=\"og:description\" content=\"Discover our 22ct Gold Heart Charm Bracelet with CZ stones &amp; rhodium accents. Elegant, hallmarked, and handcrafted \u2014 perfect for gifting or everyday wear.\" \/>\n<meta property=\"og:url\" content=\"https:\/\/www.purejewels.com\/de\/produkt-2\/22ct-gold-herz-charme-armband-mit-cz-steine-52468\/\" \/>\n<meta property=\"og:site_name\" content=\"PureJewels UK\" \/>\n<meta property=\"article:modified_time\" content=\"2026-01-06T10:14:04+00:00\" \/>\n<meta property=\"og:image\" content=\"https:\/\/www.purejewels.com\/wp-content\/uploads\/2025\/10\/SKU-52468.jpg\" \/>\n\t<meta property=\"og:image:width\" content=\"1000\" \/>\n\t<meta property=\"og:image:height\" content=\"1000\" \/>\n\t<meta property=\"og:image:type\" content=\"image\/jpeg\" \/>\n<meta name=\"twitter:card\" content=\"summary_large_image\" \/>\n<meta name=\"twitter:label1\" content=\"Gesch\u00e4tzte Lesezeit\" \/>\n\t<meta name=\"twitter:data1\" content=\"1\u00a0Minute\" \/>\n<script type=\"application\/ld+json\" class=\"yoast-schema-graph\">{\"@context\":\"https:\\\/\\\/schema.org\",\"@graph\":[{\"@type\":[\"WebPage\",\"ItemPage\"],\"@id\":\"https:\\\/\\\/www.purejewels.com\\\/product\\\/22ct-gold-heart-charm-bracelet-with-cz-stones-52468\\\/\",\"url\":\"https:\\\/\\\/www.purejewels.com\\\/product\\\/22ct-gold-heart-charm-bracelet-with-cz-stones-52468\\\/\",\"name\":\"22ct Gold Heart Charm Bracelet with CZ | PureJewels UK\",\"isPartOf\":{\"@id\":\"https:\\\/\\\/www.purejewels.com\\\/#website\"},\"primaryImageOfPage\":{\"@id\":\"https:\\\/\\\/www.purejewels.com\\\/product\\\/22ct-gold-heart-charm-bracelet-with-cz-stones-52468\\\/#primaryimage\"},\"image\":{\"@id\":\"https:\\\/\\\/www.purejewels.com\\\/product\\\/22ct-gold-heart-charm-bracelet-with-cz-stones-52468\\\/#primaryimage\"},\"thumbnailUrl\":\"https:\\\/\\\/static.purejewels.com\\\/wp-content\\\/uploads\\\/2025\\\/10\\\/SKU-52468.jpg\",\"datePublished\":\"2025-10-09T05:46:38+00:00\",\"dateModified\":\"2026-01-06T10:14:04+00:00\",\"description\":\"Discover our 22ct Gold Heart Charm Bracelet with CZ stones & rhodium accents. Elegant, hallmarked, and handcrafted \u2014 perfect for gifting or everyday wear.\",\"breadcrumb\":{\"@id\":\"https:\\\/\\\/www.purejewels.com\\\/product\\\/22ct-gold-heart-charm-bracelet-with-cz-stones-52468\\\/#breadcrumb\"},\"inLanguage\":\"de\",\"potentialAction\":[{\"@type\":\"ReadAction\",\"target\":[\"https:\\\/\\\/www.purejewels.com\\\/product\\\/22ct-gold-heart-charm-bracelet-with-cz-stones-52468\\\/\"]}]},{\"@type\":\"ImageObject\",\"inLanguage\":\"de\",\"@id\":\"https:\\\/\\\/www.purejewels.com\\\/product\\\/22ct-gold-heart-charm-bracelet-with-cz-stones-52468\\\/#primaryimage\",\"url\":\"https:\\\/\\\/static.purejewels.com\\\/wp-content\\\/uploads\\\/2025\\\/10\\\/SKU-52468.jpg\",\"contentUrl\":\"https:\\\/\\\/static.purejewels.com\\\/wp-content\\\/uploads\\\/2025\\\/10\\\/SKU-52468.jpg\",\"width\":1000,\"height\":1000,\"caption\":\"22ct Gold Heart Charm Bracelet with CZ Stones\"},{\"@type\":\"BreadcrumbList\",\"@id\":\"https:\\\/\\\/www.purejewels.com\\\/product\\\/22ct-gold-heart-charm-bracelet-with-cz-stones-52468\\\/#breadcrumb\",\"itemListElement\":[{\"@type\":\"ListItem\",\"position\":1,\"name\":\"Home\",\"item\":\"https:\\\/\\\/www.purejewels.com\\\/\"},{\"@type\":\"ListItem\",\"position\":2,\"name\":\"Shop\",\"item\":\"https:\\\/\\\/www.purejewels.com\\\/shop\\\/\"},{\"@type\":\"ListItem\",\"position\":3,\"name\":\"22ct Gold Heart Charm Bracelet with CZ Stones\"}]},{\"@type\":\"WebSite\",\"@id\":\"https:\\\/\\\/www.purejewels.com\\\/#website\",\"url\":\"https:\\\/\\\/www.purejewels.com\\\/\",\"name\":\"PureJewels UK\",\"description\":\"Share the Love\",\"publisher\":{\"@id\":\"https:\\\/\\\/www.purejewels.com\\\/#organization\"},\"potentialAction\":[{\"@type\":\"SearchAction\",\"target\":{\"@type\":\"EntryPoint\",\"urlTemplate\":\"https:\\\/\\\/www.purejewels.com\\\/?s={search_term_string}\"},\"query-input\":{\"@type\":\"PropertyValueSpecification\",\"valueRequired\":true,\"valueName\":\"search_term_string\"}}],\"inLanguage\":\"de\"},{\"@type\":\"Organization\",\"@id\":\"https:\\\/\\\/www.purejewels.com\\\/#organization\",\"name\":\"PureJewels UK\",\"url\":\"https:\\\/\\\/www.purejewels.com\\\/\",\"logo\":{\"@type\":\"ImageObject\",\"inLanguage\":\"de\",\"@id\":\"https:\\\/\\\/www.purejewels.com\\\/#\\\/schema\\\/logo\\\/image\\\/\",\"url\":\"https:\\\/\\\/static.purejewels.com\\\/wp-content\\\/uploads\\\/2020\\\/11\\\/Logo-PJ-New-1.png\",\"contentUrl\":\"https:\\\/\\\/static.purejewels.com\\\/wp-content\\\/uploads\\\/2020\\\/11\\\/Logo-PJ-New-1.png\",\"width\":150,\"height\":80,\"caption\":\"PureJewels UK\"},\"image\":{\"@id\":\"https:\\\/\\\/www.purejewels.com\\\/#\\\/schema\\\/logo\\\/image\\\/\"}}]}<\/script>\n<!-- \/ Yoast SEO plugin. -->","yoast_head_json":{"title":"22ct Gold Herz Charme Armband mit CZ | PureJewels UK","description":"Entdecken Sie unser 22ct Gold Heart Charm Armband mit CZ Steinen und Rhodium Akzenten. Elegant, gestempelt und handgefertigt - perfekt zum Verschenken oder f\u00fcr den t\u00e4glichen Gebrauch.","robots":{"index":"index","follow":"follow","max-snippet":"max-snippet:-1","max-image-preview":"max-image-preview:large","max-video-preview":"max-video-preview:-1"},"canonical":"https:\/\/www.purejewels.com\/de\/produkt-2\/22ct-gold-herz-charme-armband-mit-cz-steine-52468\/","og_locale":"de_DE","og_type":"article","og_title":"22ct Gold Heart Charm Bracelet with CZ | PureJewels UK","og_description":"Discover our 22ct Gold Heart Charm Bracelet with CZ stones & rhodium accents. Elegant, hallmarked, and handcrafted \u2014 perfect for gifting or everyday wear.","og_url":"https:\/\/www.purejewels.com\/de\/produkt-2\/22ct-gold-herz-charme-armband-mit-cz-steine-52468\/","og_site_name":"PureJewels UK","article_modified_time":"2026-01-06T10:14:04+00:00","og_image":[{"width":1000,"height":1000,"url":"https:\/\/www.purejewels.com\/wp-content\/uploads\/2025\/10\/SKU-52468.jpg","type":"image\/jpeg"}],"twitter_card":"summary_large_image","twitter_misc":{"Gesch\u00e4tzte Lesezeit":"1\u00a0Minute"},"schema":{"@context":"https:\/\/schema.org","@graph":[{"@type":["WebPage","ItemPage"],"@id":"https:\/\/www.purejewels.com\/product\/22ct-gold-heart-charm-bracelet-with-cz-stones-52468\/","url":"https:\/\/www.purejewels.com\/product\/22ct-gold-heart-charm-bracelet-with-cz-stones-52468\/","name":"22ct Gold Herz Charme Armband mit CZ | PureJewels UK","isPartOf":{"@id":"https:\/\/www.purejewels.com\/#website"},"primaryImageOfPage":{"@id":"https:\/\/www.purejewels.com\/product\/22ct-gold-heart-charm-bracelet-with-cz-stones-52468\/#primaryimage"},"image":{"@id":"https:\/\/www.purejewels.com\/product\/22ct-gold-heart-charm-bracelet-with-cz-stones-52468\/#primaryimage"},"thumbnailUrl":"https:\/\/static.purejewels.com\/wp-content\/uploads\/2025\/10\/SKU-52468.jpg","datePublished":"2025-10-09T05:46:38+00:00","dateModified":"2026-01-06T10:14:04+00:00","description":"Entdecken Sie unser 22ct Gold Heart Charm Armband mit CZ Steinen und Rhodium Akzenten. Elegant, gestempelt und handgefertigt - perfekt zum Verschenken oder f\u00fcr den t\u00e4glichen Gebrauch.","breadcrumb":{"@id":"https:\/\/www.purejewels.com\/product\/22ct-gold-heart-charm-bracelet-with-cz-stones-52468\/#breadcrumb"},"inLanguage":"de","potentialAction":[{"@type":"ReadAction","target":["https:\/\/www.purejewels.com\/product\/22ct-gold-heart-charm-bracelet-with-cz-stones-52468\/"]}]},{"@type":"ImageObject","inLanguage":"de","@id":"https:\/\/www.purejewels.com\/product\/22ct-gold-heart-charm-bracelet-with-cz-stones-52468\/#primaryimage","url":"https:\/\/static.purejewels.com\/wp-content\/uploads\/2025\/10\/SKU-52468.jpg","contentUrl":"https:\/\/static.purejewels.com\/wp-content\/uploads\/2025\/10\/SKU-52468.jpg","width":1000,"height":1000,"caption":"22ct Gold Heart Charm Bracelet with CZ Stones"},{"@type":"BreadcrumbList","@id":"https:\/\/www.purejewels.com\/product\/22ct-gold-heart-charm-bracelet-with-cz-stones-52468\/#breadcrumb","itemListElement":[{"@type":"ListItem","position":1,"name":"Home","item":"https:\/\/www.purejewels.com\/"},{"@type":"ListItem","position":2,"name":"Shop","item":"https:\/\/www.purejewels.com\/shop\/"},{"@type":"ListItem","position":3,"name":"22ct Gold Heart Charm Bracelet with CZ Stones"}]},{"@type":"WebSite","@id":"https:\/\/www.purejewels.com\/#website","url":"https:\/\/www.purejewels.com\/","name":"PureJewels UK","description":"Teile die Liebe","publisher":{"@id":"https:\/\/www.purejewels.com\/#organization"},"potentialAction":[{"@type":"SearchAction","target":{"@type":"EntryPoint","urlTemplate":"https:\/\/www.purejewels.com\/?s={search_term_string}"},"query-input":{"@type":"PropertyValueSpecification","valueRequired":true,"valueName":"search_term_string"}}],"inLanguage":"de"},{"@type":"Organization","@id":"https:\/\/www.purejewels.com\/#organization","name":"PureJewels UK","url":"https:\/\/www.purejewels.com\/","logo":{"@type":"ImageObject","inLanguage":"de","@id":"https:\/\/www.purejewels.com\/#\/schema\/logo\/image\/","url":"https:\/\/static.purejewels.com\/wp-content\/uploads\/2020\/11\/Logo-PJ-New-1.png","contentUrl":"https:\/\/static.purejewels.com\/wp-content\/uploads\/2020\/11\/Logo-PJ-New-1.png","width":150,"height":80,"caption":"PureJewels UK"},"image":{"@id":"https:\/\/www.purejewels.com\/#\/schema\/logo\/image\/"}}]}},"_links":{"self":[{"href":"https:\/\/www.purejewels.com\/de\/wp-json\/wp\/v2\/product\/418452","targetHints":{"allow":["GET"]}}],"collection":[{"href":"https:\/\/www.purejewels.com\/de\/wp-json\/wp\/v2\/product"}],"about":[{"href":"https:\/\/www.purejewels.com\/de\/wp-json\/wp\/v2\/types\/product"}],"replies":[{"embeddable":true,"href":"https:\/\/www.purejewels.com\/de\/wp-json\/wp\/v2\/comments?post=418452"}],"version-history":[{"count":1,"href":"https:\/\/www.purejewels.com\/de\/wp-json\/wp\/v2\/product\/418452\/revisions"}],"predecessor-version":[{"id":418458,"href":"https:\/\/www.purejewels.com\/de\/wp-json\/wp\/v2\/product\/418452\/revisions\/418458"}],"wp:featuredmedia":[{"embeddable":true,"href":"https:\/\/www.purejewels.com\/de\/wp-json\/wp\/v2\/media\/418456"}],"wp:attachment":[{"href":"https:\/\/www.purejewels.com\/de\/wp-json\/wp\/v2\/media?parent=418452"}],"wp:term":[{"taxonomy":"product_brand","embeddable":true,"href":"https:\/\/www.purejewels.com\/de\/wp-json\/wp\/v2\/product_brand?post=418452"},{"taxonomy":"product_cat","embeddable":true,"href":"https:\/\/www.purejewels.com\/de\/wp-json\/wp\/v2\/product_cat?post=418452"},{"taxonomy":"product_tag","embeddable":true,"href":"https:\/\/www.purejewels.com\/de\/wp-json\/wp\/v2\/product_tag?post=418452"}],"curies":[{"name":"wp","href":"https:\/\/api.w.org\/{rel}","templated":true}]}}