{"id":418562,"date":"2026-01-01T13:27:45","date_gmt":"2026-01-01T13:27:45","guid":{"rendered":"https:\/\/www.purejewels.com\/?post_type=product&#038;p=418562"},"modified":"2026-04-24T08:29:20","modified_gmt":"2026-04-24T07:29:20","slug":"22ct-peacock-cz-pendant-uk","status":"publish","type":"product","link":"https:\/\/www.purejewels.com\/de\/product\/22ct-peacock-cz-pendant-uk\/","title":{"rendered":"22ct Peacock CZ-Anh\u00e4nger | UK"},"content":{"rendered":"<h3 data-start=\"258\" data-end=\"274\"><strong data-start=\"262\" data-end=\"272\">Gestaltung<\/strong><\/h3>\n<p data-start=\"275\" data-end=\"527\">Der CZ-Anh\u00e4nger Peacock ist von der eleganten Form eines Pfaus inspiriert. Seine anmutigen Kurven werden durch kubische Zirkonia und sattgr\u00fcne Emaille hervorgehoben. Die flie\u00dfende goldene Silhouette f\u00e4ngt Bewegung und Symmetrie ein und macht ihn sowohl k\u00fcnstlerisch als auch tragbar.<\/p>\n<h3 data-start=\"534\" data-end=\"557\"><strong data-start=\"538\" data-end=\"555\">Handwerkliches K\u00f6nnen<\/strong><\/h3>\n<p data-start=\"558\" data-end=\"831\">Dieser Anh\u00e4nger aus reinem 22-kar\u00e4tigem Gold kombiniert handgefertigte Details mit einer pr\u00e4zisen CZ-Steinfassung. Das polierte Gold kontrastiert wunderbar mit der Emaille und den Steinen und verleiht Tiefe und Dimension. F\u00fcr Echtheit und Reinheit in London gepunzt.<\/p>\n<h3 data-start=\"838\" data-end=\"855\"><strong data-start=\"842\" data-end=\"853\">Styling<\/strong><\/h3>\n<p data-start=\"856\" data-end=\"1108\">Ein vielseitiger Anh\u00e4nger, der allt\u00e4gliche Looks aufwertet oder festliche Kleidung erg\u00e4nzt. Kombinieren Sie ihn mit einer feinen Goldkette f\u00fcr subtile Raffinesse oder kombinieren Sie ihn mit anderen Goldst\u00fccken f\u00fcr einen auff\u00e4lligeren Stil. Ideal als durchdachtes Geschenk f\u00fcr besondere Anl\u00e4sse.<\/p>\n<p data-start=\"856\" data-end=\"1108\">SKU: JWPNPDCB004APCS<\/p>","protected":false},"excerpt":{"rendered":"<p>Der aus 22-kar\u00e4tigem Gold gefertigte und 3,3 Gramm schwere Peacock CZ-Anh\u00e4nger zeigt ein elegantes, von einem Pfau inspiriertes Motiv mit CZ-Steinen und gr\u00fcnen Emaille-Akzenten. Ein gepunztes St\u00fcck, das Kunstfertigkeit mit allt\u00e4glicher Eleganz verbindet.<\/p>\n<p><strong>Material: <\/strong>22ct Gold<br \/>\n<strong>Wahrzeichen:\u00a0<\/strong>Britisches G\u00fctesiegel<br \/>\n<strong>Bruttogewicht: <\/strong>3.3 Gms<br \/>\n<strong>SKU:<\/strong> 51105, 53011<\/p>\n<p><strong>Preis und Lieferung:\u00a0<\/strong>Inklusive Mehrwertsteuer und Lieferkosten<br \/>\nKette nicht enthalten.<br \/>\n<strong><a href=\"https:\/\/www.purejewels.com\/de\/ruckgabepolitik\/\">R\u00fcckgabepolitik<\/a><\/strong><\/p>","protected":false},"featured_media":418728,"comment_status":"closed","ping_status":"closed","template":"","meta":{"_eb_attr":"","_crsspst_to_jayantr4sg-hostcom":true},"product_brand":[],"product_cat":[1559,1794,1793,6190,1770,1792,1229,1255,5344,1767,1570,5338,1574],"product_tag":[6165,6166],"class_list":{"0":"post-418562","1":"product","2":"type-product","3":"status-publish","4":"has-post-thumbnail","6":"product_cat-birthday-gifts","7":"product_cat-christmas-gifts","8":"product_cat-diwali-gifts","9":"product_cat-easter-jewellery","10":"product_cat-fancy-pendants","11":"product_cat-festival-gifts","12":"product_cat-22ct-gold-jewellery","13":"product_cat-gold-pendants","14":"product_cat-jewellery-under-750","15":"product_cat-ladies-pendants","16":"product_cat-mothers-day-gifts","17":"product_cat-shop-by-price","18":"product_cat-womens-jewellery","19":"product_tag-22ct-necklace","20":"product_tag-cz-necklace","22":"first","23":"instock","24":"taxable","25":"shipping-taxable","26":"purchasable","27":"product-type-simple","28":"add-to-wishlist-before_image"},"yoast_head":"<!-- This site is optimized with the Yoast SEO plugin v27.5 - https:\/\/yoast.com\/product\/yoast-seo-wordpress\/ -->\n<title>Gold Peacock CZ Pendant | 22ct Gold | 3.3g | 22ct UK<\/title>\n<meta name=\"description\" content=\"22ct Gold Peacock CZ Pendant, 3.3g. Featuring green enamel and CZ accents, hallmarked in London UK. Elegant design for gifting or daily wear.\" \/>\n<meta name=\"robots\" content=\"index, follow, max-snippet:-1, max-image-preview:large, max-video-preview:-1\" \/>\n<link rel=\"canonical\" href=\"https:\/\/www.purejewels.com\/de\/produkt-2\/22ct-peacock-cz-pendant-uk\/\" \/>\n<meta property=\"og:locale\" content=\"de_DE\" \/>\n<meta property=\"og:type\" content=\"article\" \/>\n<meta property=\"og:title\" content=\"Gold Peacock CZ Pendant | 22ct Gold | 3.3g | 22ct UK\" \/>\n<meta property=\"og:description\" content=\"22ct Gold Peacock CZ Pendant, 3.3g. Featuring green enamel and CZ accents, hallmarked in London UK. Elegant design for gifting or daily wear.\" \/>\n<meta property=\"og:url\" content=\"https:\/\/www.purejewels.com\/de\/produkt-2\/22ct-peacock-cz-pendant-uk\/\" \/>\n<meta property=\"og:site_name\" content=\"PureJewels UK\" \/>\n<meta property=\"article:modified_time\" content=\"2026-04-24T07:29:20+00:00\" \/>\n<meta property=\"og:image\" content=\"https:\/\/static.purejewels.com\/wp-content\/uploads\/2025\/10\/SKU-51105.jpg\" \/>\n\t<meta property=\"og:image:width\" content=\"1000\" \/>\n\t<meta property=\"og:image:height\" content=\"1000\" \/>\n\t<meta property=\"og:image:type\" content=\"image\/jpeg\" \/>\n<meta name=\"twitter:card\" content=\"summary_large_image\" \/>\n<meta name=\"twitter:label1\" content=\"Gesch\u00e4tzte Lesezeit\" \/>\n\t<meta name=\"twitter:data1\" content=\"1\u00a0Minute\" \/>\n<script type=\"application\/ld+json\" class=\"yoast-schema-graph\">{\"@context\":\"https:\\\/\\\/schema.org\",\"@graph\":[{\"@type\":[\"WebPage\",\"ItemPage\"],\"@id\":\"https:\\\/\\\/www.purejewels.com\\\/product\\\/22ct-peacock-cz-pendant-uk\\\/\",\"url\":\"https:\\\/\\\/www.purejewels.com\\\/product\\\/22ct-peacock-cz-pendant-uk\\\/\",\"name\":\"Gold Peacock CZ Pendant | 22ct Gold | 3.3g | 22ct UK\",\"isPartOf\":{\"@id\":\"https:\\\/\\\/www.purejewels.com\\\/#website\"},\"primaryImageOfPage\":{\"@id\":\"https:\\\/\\\/www.purejewels.com\\\/product\\\/22ct-peacock-cz-pendant-uk\\\/#primaryimage\"},\"image\":{\"@id\":\"https:\\\/\\\/www.purejewels.com\\\/product\\\/22ct-peacock-cz-pendant-uk\\\/#primaryimage\"},\"thumbnailUrl\":\"https:\\\/\\\/static.purejewels.com\\\/wp-content\\\/uploads\\\/2025\\\/10\\\/SKU-51105.jpg\",\"datePublished\":\"2026-01-01T13:27:45+00:00\",\"dateModified\":\"2026-04-24T07:29:20+00:00\",\"description\":\"22ct Gold Peacock CZ Pendant, 3.3g. Featuring green enamel and CZ accents, hallmarked in London UK. Elegant design for gifting or daily wear.\",\"breadcrumb\":{\"@id\":\"https:\\\/\\\/www.purejewels.com\\\/product\\\/22ct-peacock-cz-pendant-uk\\\/#breadcrumb\"},\"inLanguage\":\"de\",\"potentialAction\":[{\"@type\":\"ReadAction\",\"target\":[\"https:\\\/\\\/www.purejewels.com\\\/product\\\/22ct-peacock-cz-pendant-uk\\\/\"]}]},{\"@type\":\"ImageObject\",\"inLanguage\":\"de\",\"@id\":\"https:\\\/\\\/www.purejewels.com\\\/product\\\/22ct-peacock-cz-pendant-uk\\\/#primaryimage\",\"url\":\"https:\\\/\\\/static.purejewels.com\\\/wp-content\\\/uploads\\\/2025\\\/10\\\/SKU-51105.jpg\",\"contentUrl\":\"https:\\\/\\\/static.purejewels.com\\\/wp-content\\\/uploads\\\/2025\\\/10\\\/SKU-51105.jpg\",\"width\":1000,\"height\":1000},{\"@type\":\"BreadcrumbList\",\"@id\":\"https:\\\/\\\/www.purejewels.com\\\/product\\\/22ct-peacock-cz-pendant-uk\\\/#breadcrumb\",\"itemListElement\":[{\"@type\":\"ListItem\",\"position\":1,\"name\":\"Home\",\"item\":\"https:\\\/\\\/www.purejewels.com\\\/\"},{\"@type\":\"ListItem\",\"position\":2,\"name\":\"Shop\",\"item\":\"https:\\\/\\\/www.purejewels.com\\\/shop\\\/\"},{\"@type\":\"ListItem\",\"position\":3,\"name\":\"22ct Peacock CZ Pendant | UK\"}]},{\"@type\":\"WebSite\",\"@id\":\"https:\\\/\\\/www.purejewels.com\\\/#website\",\"url\":\"https:\\\/\\\/www.purejewels.com\\\/\",\"name\":\"PureJewels UK\",\"description\":\"Share the Love\",\"publisher\":{\"@id\":\"https:\\\/\\\/www.purejewels.com\\\/#organization\"},\"potentialAction\":[{\"@type\":\"SearchAction\",\"target\":{\"@type\":\"EntryPoint\",\"urlTemplate\":\"https:\\\/\\\/www.purejewels.com\\\/?s={search_term_string}\"},\"query-input\":{\"@type\":\"PropertyValueSpecification\",\"valueRequired\":true,\"valueName\":\"search_term_string\"}}],\"inLanguage\":\"de\"},{\"@type\":\"Organization\",\"@id\":\"https:\\\/\\\/www.purejewels.com\\\/#organization\",\"name\":\"PureJewels UK\",\"url\":\"https:\\\/\\\/www.purejewels.com\\\/\",\"logo\":{\"@type\":\"ImageObject\",\"inLanguage\":\"de\",\"@id\":\"https:\\\/\\\/www.purejewels.com\\\/#\\\/schema\\\/logo\\\/image\\\/\",\"url\":\"https:\\\/\\\/static.purejewels.com\\\/wp-content\\\/uploads\\\/2020\\\/11\\\/Logo-PJ-New-1.png\",\"contentUrl\":\"https:\\\/\\\/static.purejewels.com\\\/wp-content\\\/uploads\\\/2020\\\/11\\\/Logo-PJ-New-1.png\",\"width\":150,\"height\":80,\"caption\":\"PureJewels UK\"},\"image\":{\"@id\":\"https:\\\/\\\/www.purejewels.com\\\/#\\\/schema\\\/logo\\\/image\\\/\"}}]}<\/script>\n<!-- \/ Yoast SEO plugin. -->","yoast_head_json":{"title":"Gold Pfau CZ Anh\u00e4nger | 22ct Gold | 3.3g | 22ct UK","description":"22ct Gold Peacock CZ Anh\u00e4nger, 3,3g. Mit gr\u00fcner Emaille und CZ-Akzenten, gestempelt in London UK. Elegantes Design zum Verschenken oder t\u00e4gliches Tragen.","robots":{"index":"index","follow":"follow","max-snippet":"max-snippet:-1","max-image-preview":"max-image-preview:large","max-video-preview":"max-video-preview:-1"},"canonical":"https:\/\/www.purejewels.com\/de\/produkt-2\/22ct-peacock-cz-pendant-uk\/","og_locale":"de_DE","og_type":"article","og_title":"Gold Peacock CZ Pendant | 22ct Gold | 3.3g | 22ct UK","og_description":"22ct Gold Peacock CZ Pendant, 3.3g. Featuring green enamel and CZ accents, hallmarked in London UK. Elegant design for gifting or daily wear.","og_url":"https:\/\/www.purejewels.com\/de\/produkt-2\/22ct-peacock-cz-pendant-uk\/","og_site_name":"PureJewels UK","article_modified_time":"2026-04-24T07:29:20+00:00","og_image":[{"width":1000,"height":1000,"url":"https:\/\/static.purejewels.com\/wp-content\/uploads\/2025\/10\/SKU-51105.jpg","type":"image\/jpeg"}],"twitter_card":"summary_large_image","twitter_misc":{"Gesch\u00e4tzte Lesezeit":"1\u00a0Minute"},"schema":{"@context":"https:\/\/schema.org","@graph":[{"@type":["WebPage","ItemPage"],"@id":"https:\/\/www.purejewels.com\/product\/22ct-peacock-cz-pendant-uk\/","url":"https:\/\/www.purejewels.com\/product\/22ct-peacock-cz-pendant-uk\/","name":"Gold Pfau CZ Anh\u00e4nger | 22ct Gold | 3.3g | 22ct UK","isPartOf":{"@id":"https:\/\/www.purejewels.com\/#website"},"primaryImageOfPage":{"@id":"https:\/\/www.purejewels.com\/product\/22ct-peacock-cz-pendant-uk\/#primaryimage"},"image":{"@id":"https:\/\/www.purejewels.com\/product\/22ct-peacock-cz-pendant-uk\/#primaryimage"},"thumbnailUrl":"https:\/\/static.purejewels.com\/wp-content\/uploads\/2025\/10\/SKU-51105.jpg","datePublished":"2026-01-01T13:27:45+00:00","dateModified":"2026-04-24T07:29:20+00:00","description":"22ct Gold Peacock CZ Anh\u00e4nger, 3,3g. Mit gr\u00fcner Emaille und CZ-Akzenten, gestempelt in London UK. Elegantes Design zum Verschenken oder t\u00e4gliches Tragen.","breadcrumb":{"@id":"https:\/\/www.purejewels.com\/product\/22ct-peacock-cz-pendant-uk\/#breadcrumb"},"inLanguage":"de","potentialAction":[{"@type":"ReadAction","target":["https:\/\/www.purejewels.com\/product\/22ct-peacock-cz-pendant-uk\/"]}]},{"@type":"ImageObject","inLanguage":"de","@id":"https:\/\/www.purejewels.com\/product\/22ct-peacock-cz-pendant-uk\/#primaryimage","url":"https:\/\/static.purejewels.com\/wp-content\/uploads\/2025\/10\/SKU-51105.jpg","contentUrl":"https:\/\/static.purejewels.com\/wp-content\/uploads\/2025\/10\/SKU-51105.jpg","width":1000,"height":1000},{"@type":"BreadcrumbList","@id":"https:\/\/www.purejewels.com\/product\/22ct-peacock-cz-pendant-uk\/#breadcrumb","itemListElement":[{"@type":"ListItem","position":1,"name":"Home","item":"https:\/\/www.purejewels.com\/"},{"@type":"ListItem","position":2,"name":"Shop","item":"https:\/\/www.purejewels.com\/shop\/"},{"@type":"ListItem","position":3,"name":"22ct Peacock CZ Pendant | UK"}]},{"@type":"WebSite","@id":"https:\/\/www.purejewels.com\/#website","url":"https:\/\/www.purejewels.com\/","name":"PureJewels UK","description":"Teile die Liebe","publisher":{"@id":"https:\/\/www.purejewels.com\/#organization"},"potentialAction":[{"@type":"SearchAction","target":{"@type":"EntryPoint","urlTemplate":"https:\/\/www.purejewels.com\/?s={search_term_string}"},"query-input":{"@type":"PropertyValueSpecification","valueRequired":true,"valueName":"search_term_string"}}],"inLanguage":"de"},{"@type":"Organization","@id":"https:\/\/www.purejewels.com\/#organization","name":"PureJewels UK","url":"https:\/\/www.purejewels.com\/","logo":{"@type":"ImageObject","inLanguage":"de","@id":"https:\/\/www.purejewels.com\/#\/schema\/logo\/image\/","url":"https:\/\/static.purejewels.com\/wp-content\/uploads\/2020\/11\/Logo-PJ-New-1.png","contentUrl":"https:\/\/static.purejewels.com\/wp-content\/uploads\/2020\/11\/Logo-PJ-New-1.png","width":150,"height":80,"caption":"PureJewels UK"},"image":{"@id":"https:\/\/www.purejewels.com\/#\/schema\/logo\/image\/"}}]}},"_links":{"self":[{"href":"https:\/\/www.purejewels.com\/de\/wp-json\/wp\/v2\/product\/418562","targetHints":{"allow":["GET"]}}],"collection":[{"href":"https:\/\/www.purejewels.com\/de\/wp-json\/wp\/v2\/product"}],"about":[{"href":"https:\/\/www.purejewels.com\/de\/wp-json\/wp\/v2\/types\/product"}],"replies":[{"embeddable":true,"href":"https:\/\/www.purejewels.com\/de\/wp-json\/wp\/v2\/comments?post=418562"}],"version-history":[{"count":3,"href":"https:\/\/www.purejewels.com\/de\/wp-json\/wp\/v2\/product\/418562\/revisions"}],"predecessor-version":[{"id":428951,"href":"https:\/\/www.purejewels.com\/de\/wp-json\/wp\/v2\/product\/418562\/revisions\/428951"}],"wp:featuredmedia":[{"embeddable":true,"href":"https:\/\/www.purejewels.com\/de\/wp-json\/wp\/v2\/media\/418728"}],"wp:attachment":[{"href":"https:\/\/www.purejewels.com\/de\/wp-json\/wp\/v2\/media?parent=418562"}],"wp:term":[{"taxonomy":"product_brand","embeddable":true,"href":"https:\/\/www.purejewels.com\/de\/wp-json\/wp\/v2\/product_brand?post=418562"},{"taxonomy":"product_cat","embeddable":true,"href":"https:\/\/www.purejewels.com\/de\/wp-json\/wp\/v2\/product_cat?post=418562"},{"taxonomy":"product_tag","embeddable":true,"href":"https:\/\/www.purejewels.com\/de\/wp-json\/wp\/v2\/product_tag?post=418562"}],"curies":[{"name":"wp","href":"https:\/\/api.w.org\/{rel}","templated":true}]}}