{"id":418571,"date":"2025-09-10T13:38:12","date_gmt":"2025-09-10T12:38:12","guid":{"rendered":"https:\/\/www.purejewels.com\/?post_type=product&#038;p=418571"},"modified":"2026-03-10T05:41:17","modified_gmt":"2026-03-10T05:41:17","slug":"22ct-sunrise-gold-nase-pin-mit-schraube-zuruck-6mm-rosette-sammlung-53365","status":"publish","type":"product","link":"https:\/\/www.purejewels.com\/de\/product\/22ct-sunrise-gold-nose-pin-with-screw-back-6mm-rosette-collection-53365\/","title":{"rendered":"22ct Sunrise Gold Nasenstecker mit Schraubverschluss | 6mm | Rosette Kollektion"},"content":{"rendered":"<h3>Designkonzept<\/h3>\n<p>Das Rosettenmotiv stellt das Mosaik der Momente im Leben dar, ein Symbol f\u00fcr Feierlichkeit und Anmut. Dieses Design ist inspiriert von der zeitlosen Sch\u00f6nheit bl\u00fchender Bl\u00fctenbl\u00e4tter und bildet eine Miniaturskulptur, die W\u00e4rme und Weiblichkeit verk\u00f6rpert.<\/p>\n<h3>Handwerkliches K\u00f6nnen<\/h3>\n<p>Dieses fachm\u00e4nnisch in Handarbeit aus 22 Karat Sunrise Gold gefertigte Schmuckst\u00fcck zeigt die sorgf\u00e4ltige Kunst der Pr\u00e4gung - eine traditionelle Technik, die bei PureJewels sehr gesch\u00e4tzt wird. Die Bl\u00fctenbl\u00e4tter sind sanft strukturiert, um ihre nat\u00fcrliche Tiefe zu verst\u00e4rken, w\u00e4hrend die Mitte mit einem Spiegel-Finish gl\u00e4nzt und ein harmonisches Spiel von Licht und Details erzeugt.<\/p>\n<h3>Styling-Tipps<\/h3>\n<p>Die zarte und doch auff\u00e4llige Rosetten-Nasenbrosche l\u00e4sst sich wunderbar mit goldenen Nietenarmb\u00e4ndern oder einer klassischen Kette aus der PureJewels Rosette Collection kombinieren. Sie eignet sich sowohl f\u00fcr moderne als auch traditionelle Ensembles und verleiht jedem Look einen Hauch von Luxus und Tradition.<\/p>","protected":false},"excerpt":{"rendered":"<p>Eine zeitlose Rosetten-Nasenbrosche aus 22 Karat Sunrise Gold, handgefertigt mit einem Schraubverschluss f\u00fcr sicheren Tragekomfort. Inspiriert von traditionellen indischen Bl\u00fcten verleiht dieses elegante St\u00fcck dem t\u00e4glichen Tragen einen subtilen Glanz.<\/p>\n<p><strong>Material:<\/strong> 22ct Sonnenaufgang Gold<br \/>\n<strong>Wahrzeichen:<\/strong>\u00a0Britisches G\u00fctesiegel<br \/>\n<strong>Bruttogewicht:<\/strong> 0,38 Gramm<br \/>\n<strong>Breite:<\/strong> 6mm<br \/>\n<strong>SKU:<\/strong> 53365, 48988<\/p>\n<p><strong>Preis und Lieferung:<\/strong> Inklusive Mehrwertsteuer und Lieferkosten<br \/>\n<a href=\"https:\/\/www.purejewels.com\/de\/ruckgabepolitik\/\">R\u00fcckgabepolitik<\/a><\/p>","protected":false},"featured_media":418574,"comment_status":"closed","ping_status":"closed","template":"","meta":{"_eb_attr":"","_crsspst_to_jayantr4sg-hostcom":false},"product_brand":[],"product_cat":[1793,1792,1229,1711,5342,1570,5942,5593,1656,6081,1574,5306],"product_tag":[],"class_list":{"0":"post-418571","1":"product","2":"type-product","3":"status-publish","4":"has-post-thumbnail","6":"product_cat-diwali-gifts","7":"product_cat-festival-gifts","8":"product_cat-22ct-gold-jewellery","9":"product_cat-gold-nose-studs","10":"product_cat-jewellery-under-250","11":"product_cat-mothers-day-gifts","12":"product_cat-nose-jewellery","13":"product_cat-rosette-nose-pin","14":"product_cat-rosettes-collections","15":"product_cat-sunrise-gold","16":"product_cat-womens-jewellery","17":"product_cat-yellow-gold-nose-studs","19":"first","20":"instock","21":"taxable","22":"shipping-taxable","23":"purchasable","24":"product-type-simple","25":"add-to-wishlist-before_image"},"yoast_head":"<!-- This site is optimized with the Yoast SEO plugin v27.5 - https:\/\/yoast.com\/product\/yoast-seo-wordpress\/ -->\n<title>Rosette 22ct Sunrise Gold Screw Back Nose Pin | PureJewels<\/title>\n<meta name=\"description\" content=\"Grace meets craftsmanship. Discover the 22ct Sunrise Gold nose pin from PureJewels\u2019 Rosette Collection\u2014crafted for lasting elegance.\" \/>\n<meta name=\"robots\" content=\"index, follow, max-snippet:-1, max-image-preview:large, max-video-preview:-1\" \/>\n<link rel=\"canonical\" href=\"https:\/\/www.purejewels.com\/de\/produkt-2\/22ct-sunrise-gold-nase-pin-mit-schraube-zuruck-6mm-rosette-sammlung-53365\/\" \/>\n<meta property=\"og:locale\" content=\"de_DE\" \/>\n<meta property=\"og:type\" content=\"article\" \/>\n<meta property=\"og:title\" content=\"Rosette 22ct Sunrise Gold Screw Back Nose Pin | PureJewels\" \/>\n<meta property=\"og:description\" content=\"Grace meets craftsmanship. Discover the 22ct Sunrise Gold nose pin from PureJewels\u2019 Rosette Collection\u2014crafted for lasting elegance.\" \/>\n<meta property=\"og:url\" content=\"https:\/\/www.purejewels.com\/de\/produkt-2\/22ct-sunrise-gold-nase-pin-mit-schraube-zuruck-6mm-rosette-sammlung-53365\/\" \/>\n<meta property=\"og:site_name\" content=\"PureJewels UK\" \/>\n<meta property=\"article:modified_time\" content=\"2026-03-10T05:41:17+00:00\" \/>\n<meta property=\"og:image\" content=\"https:\/\/static.purejewels.com\/wp-content\/uploads\/2025\/09\/49059-6mm.jpg\" \/>\n\t<meta property=\"og:image:width\" content=\"1000\" \/>\n\t<meta property=\"og:image:height\" content=\"1000\" \/>\n\t<meta property=\"og:image:type\" content=\"image\/jpeg\" \/>\n<meta name=\"twitter:card\" content=\"summary_large_image\" \/>\n<meta name=\"twitter:label1\" content=\"Gesch\u00e4tzte Lesezeit\" \/>\n\t<meta name=\"twitter:data1\" content=\"1\u00a0Minute\" \/>\n<script type=\"application\/ld+json\" class=\"yoast-schema-graph\">{\"@context\":\"https:\\\/\\\/schema.org\",\"@graph\":[{\"@type\":[\"WebPage\",\"ItemPage\"],\"@id\":\"https:\\\/\\\/www.purejewels.com\\\/product\\\/22ct-sunrise-gold-nose-pin-with-screw-back-6mm-rosette-collection-53365\\\/\",\"url\":\"https:\\\/\\\/www.purejewels.com\\\/product\\\/22ct-sunrise-gold-nose-pin-with-screw-back-6mm-rosette-collection-53365\\\/\",\"name\":\"Rosette 22ct Sunrise Gold Screw Back Nose Pin | PureJewels\",\"isPartOf\":{\"@id\":\"https:\\\/\\\/www.purejewels.com\\\/#website\"},\"primaryImageOfPage\":{\"@id\":\"https:\\\/\\\/www.purejewels.com\\\/product\\\/22ct-sunrise-gold-nose-pin-with-screw-back-6mm-rosette-collection-53365\\\/#primaryimage\"},\"image\":{\"@id\":\"https:\\\/\\\/www.purejewels.com\\\/product\\\/22ct-sunrise-gold-nose-pin-with-screw-back-6mm-rosette-collection-53365\\\/#primaryimage\"},\"thumbnailUrl\":\"https:\\\/\\\/static.purejewels.com\\\/wp-content\\\/uploads\\\/2025\\\/09\\\/49059-6mm.jpg\",\"datePublished\":\"2025-09-10T12:38:12+00:00\",\"dateModified\":\"2026-03-10T05:41:17+00:00\",\"description\":\"Grace meets craftsmanship. Discover the 22ct Sunrise Gold nose pin from PureJewels\u2019 Rosette Collection\u2014crafted for lasting elegance.\",\"breadcrumb\":{\"@id\":\"https:\\\/\\\/www.purejewels.com\\\/product\\\/22ct-sunrise-gold-nose-pin-with-screw-back-6mm-rosette-collection-53365\\\/#breadcrumb\"},\"inLanguage\":\"de\",\"potentialAction\":[{\"@type\":\"ReadAction\",\"target\":[\"https:\\\/\\\/www.purejewels.com\\\/product\\\/22ct-sunrise-gold-nose-pin-with-screw-back-6mm-rosette-collection-53365\\\/\"]}]},{\"@type\":\"ImageObject\",\"inLanguage\":\"de\",\"@id\":\"https:\\\/\\\/www.purejewels.com\\\/product\\\/22ct-sunrise-gold-nose-pin-with-screw-back-6mm-rosette-collection-53365\\\/#primaryimage\",\"url\":\"https:\\\/\\\/static.purejewels.com\\\/wp-content\\\/uploads\\\/2025\\\/09\\\/49059-6mm.jpg\",\"contentUrl\":\"https:\\\/\\\/static.purejewels.com\\\/wp-content\\\/uploads\\\/2025\\\/09\\\/49059-6mm.jpg\",\"width\":1000,\"height\":1000},{\"@type\":\"BreadcrumbList\",\"@id\":\"https:\\\/\\\/www.purejewels.com\\\/product\\\/22ct-sunrise-gold-nose-pin-with-screw-back-6mm-rosette-collection-53365\\\/#breadcrumb\",\"itemListElement\":[{\"@type\":\"ListItem\",\"position\":1,\"name\":\"Home\",\"item\":\"https:\\\/\\\/www.purejewels.com\\\/\"},{\"@type\":\"ListItem\",\"position\":2,\"name\":\"Shop\",\"item\":\"https:\\\/\\\/www.purejewels.com\\\/shop\\\/\"},{\"@type\":\"ListItem\",\"position\":3,\"name\":\"22ct Sunrise Gold Nose Pin with Screw Back | 6mm | Rosette Collection\"}]},{\"@type\":\"WebSite\",\"@id\":\"https:\\\/\\\/www.purejewels.com\\\/#website\",\"url\":\"https:\\\/\\\/www.purejewels.com\\\/\",\"name\":\"PureJewels UK\",\"description\":\"Share the Love\",\"publisher\":{\"@id\":\"https:\\\/\\\/www.purejewels.com\\\/#organization\"},\"potentialAction\":[{\"@type\":\"SearchAction\",\"target\":{\"@type\":\"EntryPoint\",\"urlTemplate\":\"https:\\\/\\\/www.purejewels.com\\\/?s={search_term_string}\"},\"query-input\":{\"@type\":\"PropertyValueSpecification\",\"valueRequired\":true,\"valueName\":\"search_term_string\"}}],\"inLanguage\":\"de\"},{\"@type\":\"Organization\",\"@id\":\"https:\\\/\\\/www.purejewels.com\\\/#organization\",\"name\":\"PureJewels UK\",\"url\":\"https:\\\/\\\/www.purejewels.com\\\/\",\"logo\":{\"@type\":\"ImageObject\",\"inLanguage\":\"de\",\"@id\":\"https:\\\/\\\/www.purejewels.com\\\/#\\\/schema\\\/logo\\\/image\\\/\",\"url\":\"https:\\\/\\\/static.purejewels.com\\\/wp-content\\\/uploads\\\/2020\\\/11\\\/Logo-PJ-New-1.png\",\"contentUrl\":\"https:\\\/\\\/static.purejewels.com\\\/wp-content\\\/uploads\\\/2020\\\/11\\\/Logo-PJ-New-1.png\",\"width\":150,\"height\":80,\"caption\":\"PureJewels UK\"},\"image\":{\"@id\":\"https:\\\/\\\/www.purejewels.com\\\/#\\\/schema\\\/logo\\\/image\\\/\"}}]}<\/script>\n<!-- \/ Yoast SEO plugin. -->","yoast_head_json":{"title":"Rosette 22ct Sunrise Gold Schraube zur\u00fcck Nose Pin | PureJewels","description":"Anmut trifft auf Handwerkskunst. Entdecken Sie die 22-kar\u00e4tige Sunrise-Gold-Nasenbrosche aus der Rosette-Kollektion von PureJewels, die f\u00fcr dauerhafte Eleganz steht.","robots":{"index":"index","follow":"follow","max-snippet":"max-snippet:-1","max-image-preview":"max-image-preview:large","max-video-preview":"max-video-preview:-1"},"canonical":"https:\/\/www.purejewels.com\/de\/produkt-2\/22ct-sunrise-gold-nase-pin-mit-schraube-zuruck-6mm-rosette-sammlung-53365\/","og_locale":"de_DE","og_type":"article","og_title":"Rosette 22ct Sunrise Gold Screw Back Nose Pin | PureJewels","og_description":"Grace meets craftsmanship. Discover the 22ct Sunrise Gold nose pin from PureJewels\u2019 Rosette Collection\u2014crafted for lasting elegance.","og_url":"https:\/\/www.purejewels.com\/de\/produkt-2\/22ct-sunrise-gold-nase-pin-mit-schraube-zuruck-6mm-rosette-sammlung-53365\/","og_site_name":"PureJewels UK","article_modified_time":"2026-03-10T05:41:17+00:00","og_image":[{"width":1000,"height":1000,"url":"https:\/\/static.purejewels.com\/wp-content\/uploads\/2025\/09\/49059-6mm.jpg","type":"image\/jpeg"}],"twitter_card":"summary_large_image","twitter_misc":{"Gesch\u00e4tzte Lesezeit":"1\u00a0Minute"},"schema":{"@context":"https:\/\/schema.org","@graph":[{"@type":["WebPage","ItemPage"],"@id":"https:\/\/www.purejewels.com\/product\/22ct-sunrise-gold-nose-pin-with-screw-back-6mm-rosette-collection-53365\/","url":"https:\/\/www.purejewels.com\/product\/22ct-sunrise-gold-nose-pin-with-screw-back-6mm-rosette-collection-53365\/","name":"Rosette 22ct Sunrise Gold Schraube zur\u00fcck Nose Pin | PureJewels","isPartOf":{"@id":"https:\/\/www.purejewels.com\/#website"},"primaryImageOfPage":{"@id":"https:\/\/www.purejewels.com\/product\/22ct-sunrise-gold-nose-pin-with-screw-back-6mm-rosette-collection-53365\/#primaryimage"},"image":{"@id":"https:\/\/www.purejewels.com\/product\/22ct-sunrise-gold-nose-pin-with-screw-back-6mm-rosette-collection-53365\/#primaryimage"},"thumbnailUrl":"https:\/\/static.purejewels.com\/wp-content\/uploads\/2025\/09\/49059-6mm.jpg","datePublished":"2025-09-10T12:38:12+00:00","dateModified":"2026-03-10T05:41:17+00:00","description":"Anmut trifft auf Handwerkskunst. Entdecken Sie die 22-kar\u00e4tige Sunrise-Gold-Nasenbrosche aus der Rosette-Kollektion von PureJewels, die f\u00fcr dauerhafte Eleganz steht.","breadcrumb":{"@id":"https:\/\/www.purejewels.com\/product\/22ct-sunrise-gold-nose-pin-with-screw-back-6mm-rosette-collection-53365\/#breadcrumb"},"inLanguage":"de","potentialAction":[{"@type":"ReadAction","target":["https:\/\/www.purejewels.com\/product\/22ct-sunrise-gold-nose-pin-with-screw-back-6mm-rosette-collection-53365\/"]}]},{"@type":"ImageObject","inLanguage":"de","@id":"https:\/\/www.purejewels.com\/product\/22ct-sunrise-gold-nose-pin-with-screw-back-6mm-rosette-collection-53365\/#primaryimage","url":"https:\/\/static.purejewels.com\/wp-content\/uploads\/2025\/09\/49059-6mm.jpg","contentUrl":"https:\/\/static.purejewels.com\/wp-content\/uploads\/2025\/09\/49059-6mm.jpg","width":1000,"height":1000},{"@type":"BreadcrumbList","@id":"https:\/\/www.purejewels.com\/product\/22ct-sunrise-gold-nose-pin-with-screw-back-6mm-rosette-collection-53365\/#breadcrumb","itemListElement":[{"@type":"ListItem","position":1,"name":"Home","item":"https:\/\/www.purejewels.com\/"},{"@type":"ListItem","position":2,"name":"Shop","item":"https:\/\/www.purejewels.com\/shop\/"},{"@type":"ListItem","position":3,"name":"22ct Sunrise Gold Nose Pin with Screw Back | 6mm | Rosette Collection"}]},{"@type":"WebSite","@id":"https:\/\/www.purejewels.com\/#website","url":"https:\/\/www.purejewels.com\/","name":"PureJewels UK","description":"Teile die Liebe","publisher":{"@id":"https:\/\/www.purejewels.com\/#organization"},"potentialAction":[{"@type":"SearchAction","target":{"@type":"EntryPoint","urlTemplate":"https:\/\/www.purejewels.com\/?s={search_term_string}"},"query-input":{"@type":"PropertyValueSpecification","valueRequired":true,"valueName":"search_term_string"}}],"inLanguage":"de"},{"@type":"Organization","@id":"https:\/\/www.purejewels.com\/#organization","name":"PureJewels UK","url":"https:\/\/www.purejewels.com\/","logo":{"@type":"ImageObject","inLanguage":"de","@id":"https:\/\/www.purejewels.com\/#\/schema\/logo\/image\/","url":"https:\/\/static.purejewels.com\/wp-content\/uploads\/2020\/11\/Logo-PJ-New-1.png","contentUrl":"https:\/\/static.purejewels.com\/wp-content\/uploads\/2020\/11\/Logo-PJ-New-1.png","width":150,"height":80,"caption":"PureJewels UK"},"image":{"@id":"https:\/\/www.purejewels.com\/#\/schema\/logo\/image\/"}}]}},"_links":{"self":[{"href":"https:\/\/www.purejewels.com\/de\/wp-json\/wp\/v2\/product\/418571","targetHints":{"allow":["GET"]}}],"collection":[{"href":"https:\/\/www.purejewels.com\/de\/wp-json\/wp\/v2\/product"}],"about":[{"href":"https:\/\/www.purejewels.com\/de\/wp-json\/wp\/v2\/types\/product"}],"replies":[{"embeddable":true,"href":"https:\/\/www.purejewels.com\/de\/wp-json\/wp\/v2\/comments?post=418571"}],"version-history":[{"count":3,"href":"https:\/\/www.purejewels.com\/de\/wp-json\/wp\/v2\/product\/418571\/revisions"}],"predecessor-version":[{"id":426340,"href":"https:\/\/www.purejewels.com\/de\/wp-json\/wp\/v2\/product\/418571\/revisions\/426340"}],"wp:featuredmedia":[{"embeddable":true,"href":"https:\/\/www.purejewels.com\/de\/wp-json\/wp\/v2\/media\/418574"}],"wp:attachment":[{"href":"https:\/\/www.purejewels.com\/de\/wp-json\/wp\/v2\/media?parent=418571"}],"wp:term":[{"taxonomy":"product_brand","embeddable":true,"href":"https:\/\/www.purejewels.com\/de\/wp-json\/wp\/v2\/product_brand?post=418571"},{"taxonomy":"product_cat","embeddable":true,"href":"https:\/\/www.purejewels.com\/de\/wp-json\/wp\/v2\/product_cat?post=418571"},{"taxonomy":"product_tag","embeddable":true,"href":"https:\/\/www.purejewels.com\/de\/wp-json\/wp\/v2\/product_tag?post=418571"}],"curies":[{"name":"wp","href":"https:\/\/api.w.org\/{rel}","templated":true}]}}