{"id":418630,"date":"2025-08-10T15:43:49","date_gmt":"2025-08-10T14:43:49","guid":{"rendered":"https:\/\/www.purejewels.com\/?post_type=product&#038;p=418630"},"modified":"2026-04-24T10:59:52","modified_gmt":"2026-04-24T09:59:52","slug":"22ct-rudraksha-bow-anhanger-uk","status":"publish","type":"product","link":"https:\/\/www.purejewels.com\/de\/product\/22ct-rudraksha-bow-pendant-uk\/","title":{"rendered":"22ct Rudraksha Bow Anh\u00e4nger UK"},"content":{"rendered":"<h3>Gestaltung<\/h3>\n<p>Der 22-kar\u00e4tige Rudraksha-Bogen-Anh\u00e4nger ist von der g\u00f6ttlichen Symbolik inspiriert - der Bogen steht f\u00fcr St\u00e4rke und Konzentration, w\u00e4hrend die Rudraksha Frieden und Spiritualit\u00e4t verk\u00f6rpert. Eingerahmt in einen eleganten Goldbogen mit zarten Pfeildetails, vereint dieses Design Kraft und Gelassenheit in einer wunderbar ausgewogenen Form.<\/p>\n<h3>Handwerkliches K\u00f6nnen<\/h3>\n<p>Der aus reinem 22-kar\u00e4tigem Gold handgefertigte Anh\u00e4nger zeichnet sich durch pr\u00e4zise Goldarbeit mit subtilen Kurven aus, die die Rudraksha-Perle sicher einrahmen. Die polierte Oberfl\u00e4che hebt die reichen Goldt\u00f6ne und die organische Struktur der Rudraksha hervor. Der in London gepunzte Anh\u00e4nger erf\u00fcllt die h\u00f6chsten Standards f\u00fcr Reinheit und Authentizit\u00e4t.<\/p>\n<h3>Styling<\/h3>\n<p>Der Rudraksha-Bogenanh\u00e4nger ist ideal f\u00fcr das t\u00e4gliche Tragen oder f\u00fcr heilige Anl\u00e4sse und verleiht jedem Look einen Hauch von spiritueller Raffinesse. Kombinieren Sie ihn mit einer einfachen Goldkette f\u00fcr einen raffinierten Alltagsstil oder legen Sie ihn \u00fcbereinander f\u00fcr ein Statement der Hingabe und St\u00e4rke.<\/p>","protected":false},"excerpt":{"rendered":"<p>Der 22-kar\u00e4tige Rudraksha-Bogen-Anh\u00e4nger verbindet symbolisches Design und fachm\u00e4nnische Handwerkskunst. Mit einer nat\u00fcrlichen Rudraksha-Perle, die in einen goldenen Rahmen mit Pfeil und Bogen eingefasst ist, ist er eine perfekte Mischung aus Spiritualit\u00e4t und St\u00e4rke, gestempelt in London.<\/p>\n<p><strong>Material:<\/strong> 22ct Gold (91,6% reines Gold)<strong><br \/>\nWahrzeichen:\u00a0<\/strong>Britisches G\u00fctesiegel<strong><br \/>\n<\/strong><strong>Bruttogewicht: <\/strong>3.36 Gms<strong><br \/>\nSKU: <\/strong>51051, 51684<\/p>\n<p><strong>Preis und Lieferung: <\/strong>Der Kettenpreis ist nicht inbegriffen, inklusive Mehrwertsteuer und Versandkosten.<strong><br \/>\n<a href=\"https:\/\/www.purejewels.com\/de\/ruckgabepolitik\/\">R\u00fcckgabepolitik<\/a><\/strong><\/p>","protected":false},"featured_media":418704,"comment_status":"closed","ping_status":"closed","template":"","meta":{"_eb_attr":"","_crsspst_to_jayantr4sg-hostcom":true},"product_brand":[],"product_cat":[1571,1229,1255,1767,1572,1768,1701,5349],"product_tag":[6169,6170],"class_list":{"0":"post-418630","1":"product","2":"type-product","3":"status-publish","4":"has-post-thumbnail","6":"product_cat-fathers-day-gifts","7":"product_cat-22ct-gold-jewellery","8":"product_cat-gold-pendants","9":"product_cat-ladies-pendants","10":"product_cat-mens-jewellery","11":"product_cat-mens-pendants","12":"product_cat-religious-pendants","13":"product_cat-yellow-gold-jewellery","14":"product_tag-22ct-gold-rudraksha-pendant","15":"product_tag-religious-pendant-uk","17":"first","18":"instock","19":"taxable","20":"shipping-taxable","21":"purchasable","22":"product-type-simple","23":"add-to-wishlist-before_image"},"yoast_head":"<!-- This site is optimized with the Yoast SEO plugin v27.6 - https:\/\/yoast.com\/product\/yoast-seo-wordpress\/ -->\n<title>22ct Rudraksha Bow Pendant | Pure Gold Pendant UK<\/title>\n<meta name=\"description\" content=\"22ct Rudraksha Pendant at PureJewels. Pure gold, hallmarked in UK, this pendant blends spiritual energy with elegant craftsmanship, perfect for daily wear or gifting.\" \/>\n<meta name=\"robots\" content=\"index, follow, max-snippet:-1, max-image-preview:large, max-video-preview:-1\" \/>\n<link rel=\"canonical\" href=\"https:\/\/www.purejewels.com\/de\/produkt-2\/22ct-rudraksha-bow-anhanger-uk\/\" \/>\n<meta property=\"og:locale\" content=\"de_DE\" \/>\n<meta property=\"og:type\" content=\"article\" \/>\n<meta property=\"og:title\" content=\"22ct Rudraksha Bow Pendant | Pure Gold Pendant UK\" \/>\n<meta property=\"og:description\" content=\"22ct Rudraksha Pendant at PureJewels. Pure gold, hallmarked in UK, this pendant blends spiritual energy with elegant craftsmanship, perfect for daily wear or gifting.\" \/>\n<meta property=\"og:url\" content=\"https:\/\/www.purejewels.com\/de\/produkt-2\/22ct-rudraksha-bow-anhanger-uk\/\" \/>\n<meta property=\"og:site_name\" content=\"PureJewels UK\" \/>\n<meta property=\"article:modified_time\" content=\"2026-04-24T09:59:52+00:00\" \/>\n<meta property=\"og:image\" content=\"https:\/\/static.purejewels.com\/wp-content\/uploads\/2025\/10\/SKU-51051.jpg\" \/>\n\t<meta property=\"og:image:width\" content=\"1000\" \/>\n\t<meta property=\"og:image:height\" content=\"1000\" \/>\n\t<meta property=\"og:image:type\" content=\"image\/jpeg\" \/>\n<meta name=\"twitter:card\" content=\"summary_large_image\" \/>\n<meta name=\"twitter:label1\" content=\"Gesch\u00e4tzte Lesezeit\" \/>\n\t<meta name=\"twitter:data1\" content=\"1\u00a0Minute\" \/>\n<script type=\"application\/ld+json\" class=\"yoast-schema-graph\">{\"@context\":\"https:\\\/\\\/schema.org\",\"@graph\":[{\"@type\":[\"WebPage\",\"ItemPage\"],\"@id\":\"https:\\\/\\\/www.purejewels.com\\\/product\\\/22ct-rudraksha-bow-pendant-uk\\\/\",\"url\":\"https:\\\/\\\/www.purejewels.com\\\/product\\\/22ct-rudraksha-bow-pendant-uk\\\/\",\"name\":\"22ct Rudraksha Bow Pendant | Pure Gold Pendant UK\",\"isPartOf\":{\"@id\":\"https:\\\/\\\/www.purejewels.com\\\/#website\"},\"primaryImageOfPage\":{\"@id\":\"https:\\\/\\\/www.purejewels.com\\\/product\\\/22ct-rudraksha-bow-pendant-uk\\\/#primaryimage\"},\"image\":{\"@id\":\"https:\\\/\\\/www.purejewels.com\\\/product\\\/22ct-rudraksha-bow-pendant-uk\\\/#primaryimage\"},\"thumbnailUrl\":\"https:\\\/\\\/static.purejewels.com\\\/wp-content\\\/uploads\\\/2025\\\/10\\\/SKU-51051.jpg\",\"datePublished\":\"2025-08-10T14:43:49+00:00\",\"dateModified\":\"2026-04-24T09:59:52+00:00\",\"description\":\"22ct Rudraksha Pendant at PureJewels. Pure gold, hallmarked in UK, this pendant blends spiritual energy with elegant craftsmanship, perfect for daily wear or gifting.\",\"breadcrumb\":{\"@id\":\"https:\\\/\\\/www.purejewels.com\\\/product\\\/22ct-rudraksha-bow-pendant-uk\\\/#breadcrumb\"},\"inLanguage\":\"de\",\"potentialAction\":[{\"@type\":\"ReadAction\",\"target\":[\"https:\\\/\\\/www.purejewels.com\\\/product\\\/22ct-rudraksha-bow-pendant-uk\\\/\"]}]},{\"@type\":\"ImageObject\",\"inLanguage\":\"de\",\"@id\":\"https:\\\/\\\/www.purejewels.com\\\/product\\\/22ct-rudraksha-bow-pendant-uk\\\/#primaryimage\",\"url\":\"https:\\\/\\\/static.purejewels.com\\\/wp-content\\\/uploads\\\/2025\\\/10\\\/SKU-51051.jpg\",\"contentUrl\":\"https:\\\/\\\/static.purejewels.com\\\/wp-content\\\/uploads\\\/2025\\\/10\\\/SKU-51051.jpg\",\"width\":1000,\"height\":1000},{\"@type\":\"BreadcrumbList\",\"@id\":\"https:\\\/\\\/www.purejewels.com\\\/product\\\/22ct-rudraksha-bow-pendant-uk\\\/#breadcrumb\",\"itemListElement\":[{\"@type\":\"ListItem\",\"position\":1,\"name\":\"Home\",\"item\":\"https:\\\/\\\/www.purejewels.com\\\/\"},{\"@type\":\"ListItem\",\"position\":2,\"name\":\"Shop\",\"item\":\"https:\\\/\\\/www.purejewels.com\\\/shop\\\/\"},{\"@type\":\"ListItem\",\"position\":3,\"name\":\"22ct Rudraksha Bow Pendant UK\"}]},{\"@type\":\"WebSite\",\"@id\":\"https:\\\/\\\/www.purejewels.com\\\/#website\",\"url\":\"https:\\\/\\\/www.purejewels.com\\\/\",\"name\":\"PureJewels UK\",\"description\":\"Share the Love\",\"publisher\":{\"@id\":\"https:\\\/\\\/www.purejewels.com\\\/#organization\"},\"potentialAction\":[{\"@type\":\"SearchAction\",\"target\":{\"@type\":\"EntryPoint\",\"urlTemplate\":\"https:\\\/\\\/www.purejewels.com\\\/?s={search_term_string}\"},\"query-input\":{\"@type\":\"PropertyValueSpecification\",\"valueRequired\":true,\"valueName\":\"search_term_string\"}}],\"inLanguage\":\"de\"},{\"@type\":\"Organization\",\"@id\":\"https:\\\/\\\/www.purejewels.com\\\/#organization\",\"name\":\"PureJewels UK\",\"url\":\"https:\\\/\\\/www.purejewels.com\\\/\",\"logo\":{\"@type\":\"ImageObject\",\"inLanguage\":\"de\",\"@id\":\"https:\\\/\\\/www.purejewels.com\\\/#\\\/schema\\\/logo\\\/image\\\/\",\"url\":\"https:\\\/\\\/static.purejewels.com\\\/wp-content\\\/uploads\\\/2020\\\/11\\\/Logo-PJ-New-1.png\",\"contentUrl\":\"https:\\\/\\\/static.purejewels.com\\\/wp-content\\\/uploads\\\/2020\\\/11\\\/Logo-PJ-New-1.png\",\"width\":150,\"height\":80,\"caption\":\"PureJewels UK\"},\"image\":{\"@id\":\"https:\\\/\\\/www.purejewels.com\\\/#\\\/schema\\\/logo\\\/image\\\/\"}}]}<\/script>\n<!-- \/ Yoast SEO plugin. -->","yoast_head_json":{"title":"22ct Rudraksha Bow Anh\u00e4nger | Reines Gold Anh\u00e4nger UK","description":"22ct Rudraksha-Anh\u00e4nger bei PureJewels. Reines Gold, gestempelt in Gro\u00dfbritannien, dieser Anh\u00e4nger verbindet spirituelle Energie mit eleganter Handwerkskunst, perfekt f\u00fcr das t\u00e4gliche Tragen oder Verschenken.","robots":{"index":"index","follow":"follow","max-snippet":"max-snippet:-1","max-image-preview":"max-image-preview:large","max-video-preview":"max-video-preview:-1"},"canonical":"https:\/\/www.purejewels.com\/de\/produkt-2\/22ct-rudraksha-bow-anhanger-uk\/","og_locale":"de_DE","og_type":"article","og_title":"22ct Rudraksha Bow Pendant | Pure Gold Pendant UK","og_description":"22ct Rudraksha Pendant at PureJewels. Pure gold, hallmarked in UK, this pendant blends spiritual energy with elegant craftsmanship, perfect for daily wear or gifting.","og_url":"https:\/\/www.purejewels.com\/de\/produkt-2\/22ct-rudraksha-bow-anhanger-uk\/","og_site_name":"PureJewels UK","article_modified_time":"2026-04-24T09:59:52+00:00","og_image":[{"width":1000,"height":1000,"url":"https:\/\/static.purejewels.com\/wp-content\/uploads\/2025\/10\/SKU-51051.jpg","type":"image\/jpeg"}],"twitter_card":"summary_large_image","twitter_misc":{"Gesch\u00e4tzte Lesezeit":"1\u00a0Minute"},"schema":{"@context":"https:\/\/schema.org","@graph":[{"@type":["WebPage","ItemPage"],"@id":"https:\/\/www.purejewels.com\/product\/22ct-rudraksha-bow-pendant-uk\/","url":"https:\/\/www.purejewels.com\/product\/22ct-rudraksha-bow-pendant-uk\/","name":"22ct Rudraksha Bow Anh\u00e4nger | Reines Gold Anh\u00e4nger UK","isPartOf":{"@id":"https:\/\/www.purejewels.com\/#website"},"primaryImageOfPage":{"@id":"https:\/\/www.purejewels.com\/product\/22ct-rudraksha-bow-pendant-uk\/#primaryimage"},"image":{"@id":"https:\/\/www.purejewels.com\/product\/22ct-rudraksha-bow-pendant-uk\/#primaryimage"},"thumbnailUrl":"https:\/\/static.purejewels.com\/wp-content\/uploads\/2025\/10\/SKU-51051.jpg","datePublished":"2025-08-10T14:43:49+00:00","dateModified":"2026-04-24T09:59:52+00:00","description":"22ct Rudraksha-Anh\u00e4nger bei PureJewels. Reines Gold, gestempelt in Gro\u00dfbritannien, dieser Anh\u00e4nger verbindet spirituelle Energie mit eleganter Handwerkskunst, perfekt f\u00fcr das t\u00e4gliche Tragen oder Verschenken.","breadcrumb":{"@id":"https:\/\/www.purejewels.com\/product\/22ct-rudraksha-bow-pendant-uk\/#breadcrumb"},"inLanguage":"de","potentialAction":[{"@type":"ReadAction","target":["https:\/\/www.purejewels.com\/product\/22ct-rudraksha-bow-pendant-uk\/"]}]},{"@type":"ImageObject","inLanguage":"de","@id":"https:\/\/www.purejewels.com\/product\/22ct-rudraksha-bow-pendant-uk\/#primaryimage","url":"https:\/\/static.purejewels.com\/wp-content\/uploads\/2025\/10\/SKU-51051.jpg","contentUrl":"https:\/\/static.purejewels.com\/wp-content\/uploads\/2025\/10\/SKU-51051.jpg","width":1000,"height":1000},{"@type":"BreadcrumbList","@id":"https:\/\/www.purejewels.com\/product\/22ct-rudraksha-bow-pendant-uk\/#breadcrumb","itemListElement":[{"@type":"ListItem","position":1,"name":"Home","item":"https:\/\/www.purejewels.com\/"},{"@type":"ListItem","position":2,"name":"Shop","item":"https:\/\/www.purejewels.com\/shop\/"},{"@type":"ListItem","position":3,"name":"22ct Rudraksha Bow Pendant UK"}]},{"@type":"WebSite","@id":"https:\/\/www.purejewels.com\/#website","url":"https:\/\/www.purejewels.com\/","name":"PureJewels UK","description":"Teile die Liebe","publisher":{"@id":"https:\/\/www.purejewels.com\/#organization"},"potentialAction":[{"@type":"SearchAction","target":{"@type":"EntryPoint","urlTemplate":"https:\/\/www.purejewels.com\/?s={search_term_string}"},"query-input":{"@type":"PropertyValueSpecification","valueRequired":true,"valueName":"search_term_string"}}],"inLanguage":"de"},{"@type":"Organization","@id":"https:\/\/www.purejewels.com\/#organization","name":"PureJewels UK","url":"https:\/\/www.purejewels.com\/","logo":{"@type":"ImageObject","inLanguage":"de","@id":"https:\/\/www.purejewels.com\/#\/schema\/logo\/image\/","url":"https:\/\/static.purejewels.com\/wp-content\/uploads\/2020\/11\/Logo-PJ-New-1.png","contentUrl":"https:\/\/static.purejewels.com\/wp-content\/uploads\/2020\/11\/Logo-PJ-New-1.png","width":150,"height":80,"caption":"PureJewels UK"},"image":{"@id":"https:\/\/www.purejewels.com\/#\/schema\/logo\/image\/"}}]}},"_links":{"self":[{"href":"https:\/\/www.purejewels.com\/de\/wp-json\/wp\/v2\/product\/418630","targetHints":{"allow":["GET"]}}],"collection":[{"href":"https:\/\/www.purejewels.com\/de\/wp-json\/wp\/v2\/product"}],"about":[{"href":"https:\/\/www.purejewels.com\/de\/wp-json\/wp\/v2\/types\/product"}],"replies":[{"embeddable":true,"href":"https:\/\/www.purejewels.com\/de\/wp-json\/wp\/v2\/comments?post=418630"}],"version-history":[{"count":3,"href":"https:\/\/www.purejewels.com\/de\/wp-json\/wp\/v2\/product\/418630\/revisions"}],"predecessor-version":[{"id":423272,"href":"https:\/\/www.purejewels.com\/de\/wp-json\/wp\/v2\/product\/418630\/revisions\/423272"}],"wp:featuredmedia":[{"embeddable":true,"href":"https:\/\/www.purejewels.com\/de\/wp-json\/wp\/v2\/media\/418704"}],"wp:attachment":[{"href":"https:\/\/www.purejewels.com\/de\/wp-json\/wp\/v2\/media?parent=418630"}],"wp:term":[{"taxonomy":"product_brand","embeddable":true,"href":"https:\/\/www.purejewels.com\/de\/wp-json\/wp\/v2\/product_brand?post=418630"},{"taxonomy":"product_cat","embeddable":true,"href":"https:\/\/www.purejewels.com\/de\/wp-json\/wp\/v2\/product_cat?post=418630"},{"taxonomy":"product_tag","embeddable":true,"href":"https:\/\/www.purejewels.com\/de\/wp-json\/wp\/v2\/product_tag?post=418630"}],"curies":[{"name":"wp","href":"https:\/\/api.w.org\/{rel}","templated":true}]}}