{"id":418699,"date":"2025-09-13T05:17:18","date_gmt":"2025-09-13T04:17:18","guid":{"rendered":"https:\/\/www.purejewels.com\/?post_type=product&#038;p=418699"},"modified":"2026-01-13T08:21:59","modified_gmt":"2026-01-13T08:21:59","slug":"22ct-gold-cz-reif-ohrringe-mit-perle-charme-52465","status":"publish","type":"product","link":"https:\/\/www.purejewels.com\/de\/product\/22ct-gold-cz-hoop-earrings-with-bead-charm-52465\/","title":{"rendered":"22ct Gold CZ Hoop Ohrringe mit Perle Charme"},"content":{"rendered":"<p data-start=\"523\" data-end=\"838\"><strong data-start=\"523\" data-end=\"542\">Designkonzept<\/strong><\/p>\n<p data-start=\"523\" data-end=\"838\">Inspiriert von der delikaten Balance zwischen Tradition und moderner Schlichtheit, sind diese Reifen mit einer einzigen Linie aus schimmernden Zirkonia versehen, die Klarheit und Anmut symbolisieren. Der zus\u00e4tzliche Miniatur-Perlenanh\u00e4nger erinnert an klassische indische Schmuckmotive, die in einer raffinierten, modernen Form neu interpretiert wurden.<\/p>\n<p data-start=\"840\" data-end=\"1228\"><strong data-start=\"840\" data-end=\"858\">Handwerkliches K\u00f6nnen<\/strong><\/p>\n<p data-start=\"840\" data-end=\"1228\">Jeder Ohrring wurde sorgf\u00e4ltig aus 22-kar\u00e4tigem Gelbgold gefertigt und mit hochwertigen Zirkonia besetzt, die f\u00fcr ein subtiles, dauerhaftes Funkeln sorgen. Der klappbare Huggie-Verschluss sorgt f\u00fcr einen sicheren und bequemen Sitz, w\u00e4hrend die baumelnde Goldperle jeder Bewegung Geschmeidigkeit und Charme verleiht. Diese Ohrringe sind vom London Assay Office gestempelt und versprechen Reinheit und Pr\u00e4zision.<\/p>\n<p data-start=\"1230\" data-end=\"1530\"><strong data-start=\"1230\" data-end=\"1248\">Styling-Ideen<\/strong><\/p>\n<p data-start=\"1230\" data-end=\"1530\">Tragen Sie sie einzeln als anmutiges Statement oder kombinieren Sie sie mit einer zierlichen Goldkette f\u00fcr einen harmonischen Look. Diese Ohrringe eignen sich sowohl f\u00fcr l\u00e4ssige Eleganz als auch f\u00fcr festliche Anl\u00e4sse und passen zu jedem Alter und Stil. Eine perfekte Mischung aus moderner Leichtigkeit und traditionellen Details - einfach zum Anziehen oder Ablegen.<\/p>","protected":false},"excerpt":{"rendered":"<p data-start=\"906\" data-end=\"1110\">Diese anmutigen und minimalistischen Ohrringe aus 22 Karat Gold sind mit einer feinen Reihe von CZ-Steinen verziert und werden von einer charmanten Goldperle abgerundet. Sie sind leicht und dennoch auffallend und vereinen allt\u00e4gliche Eleganz mit einem Hauch von traditionellem Flair - ideal zum Verschenken und zur Selbstdekoration.<\/p>\n<p><strong>Material:<\/strong> 22ct Gold (91,6% reines Gold)<strong><br \/>\nWahrzeichen:\u00a0<\/strong>Britisches G\u00fctesiegel<strong><br \/>\n<\/strong><strong>Bruttogewicht: <\/strong>3.10 Gms<br \/>\n<strong>SKU:<\/strong> 52465<\/p>\n<p><strong>Preis und Lieferung<\/strong>:Inklusive Mehrwertsteuer und Lieferkosten<br \/>\n<a href=\"https:\/\/www.purejewels.com\/de\/ruckgabepolitik\/\">R\u00fcckgabepolitik<\/a><\/p>","protected":false},"featured_media":418700,"comment_status":"closed","ping_status":"closed","template":"","meta":{"_eb_attr":"","_crsspst_to_jayantr4sg-hostcom":true},"product_brand":[],"product_cat":[1791,1559,1793,1792,1254,1229,1579,5609,5343,1574,5349],"product_tag":[6101],"class_list":{"0":"post-418699","1":"product","2":"type-product","3":"status-publish","4":"has-post-thumbnail","6":"product_cat-anniversary-gifts","7":"product_cat-birthday-gifts","8":"product_cat-diwali-gifts","9":"product_cat-festival-gifts","10":"product_cat-gold-earrings","11":"product_cat-22ct-gold-jewellery","12":"product_cat-hoop-earrings","13":"product_cat-hoop-with-droplets","14":"product_cat-jewellery-under-550","15":"product_cat-womens-jewellery","16":"product_cat-yellow-gold-jewellery","17":"product_tag-earring","19":"first","20":"outofstock","21":"taxable","22":"shipping-taxable","23":"product-type-simple","24":"add-to-wishlist-before_image"},"yoast_head":"<!-- This site is optimized with the Yoast SEO plugin v27.3 - https:\/\/yoast.com\/product\/yoast-seo-wordpress\/ -->\n<title>22ct Gold CZ Hoop Earrings with Bead Charm | PureJewels UK<\/title>\n<meta name=\"description\" content=\"Shop 22ct Gold CZ Hoop Earrings with elegant bead charm. Handcrafted with purity and sparkle for everyday wear. Discover fine gold jewellery at PureJewels.\" \/>\n<meta name=\"robots\" content=\"index, follow, max-snippet:-1, max-image-preview:large, max-video-preview:-1\" \/>\n<link rel=\"canonical\" href=\"https:\/\/www.purejewels.com\/de\/produkt-2\/22ct-gold-cz-reif-ohrringe-mit-perle-charme-52465\/\" \/>\n<meta property=\"og:locale\" content=\"de_DE\" \/>\n<meta property=\"og:type\" content=\"article\" \/>\n<meta property=\"og:title\" content=\"22ct Gold CZ Hoop Earrings with Bead Charm | PureJewels UK\" \/>\n<meta property=\"og:description\" content=\"Shop 22ct Gold CZ Hoop Earrings with elegant bead charm. Handcrafted with purity and sparkle for everyday wear. Discover fine gold jewellery at PureJewels.\" \/>\n<meta property=\"og:url\" content=\"https:\/\/www.purejewels.com\/de\/produkt-2\/22ct-gold-cz-reif-ohrringe-mit-perle-charme-52465\/\" \/>\n<meta property=\"og:site_name\" content=\"PureJewels UK\" \/>\n<meta property=\"article:modified_time\" content=\"2026-01-13T08:21:59+00:00\" \/>\n<meta property=\"og:image\" content=\"https:\/\/static.purejewels.com\/wp-content\/uploads\/2025\/10\/SKU-52465_1.jpg\" \/>\n\t<meta property=\"og:image:width\" content=\"1000\" \/>\n\t<meta property=\"og:image:height\" content=\"1000\" \/>\n\t<meta property=\"og:image:type\" content=\"image\/jpeg\" \/>\n<meta name=\"twitter:card\" content=\"summary_large_image\" \/>\n<meta name=\"twitter:label1\" content=\"Gesch\u00e4tzte Lesezeit\" \/>\n\t<meta name=\"twitter:data1\" content=\"1\u00a0Minute\" \/>\n<script type=\"application\/ld+json\" class=\"yoast-schema-graph\">{\"@context\":\"https:\\\/\\\/schema.org\",\"@graph\":[{\"@type\":[\"WebPage\",\"ItemPage\"],\"@id\":\"https:\\\/\\\/www.purejewels.com\\\/product\\\/22ct-gold-cz-hoop-earrings-with-bead-charm-52465\\\/\",\"url\":\"https:\\\/\\\/www.purejewels.com\\\/product\\\/22ct-gold-cz-hoop-earrings-with-bead-charm-52465\\\/\",\"name\":\"22ct Gold CZ Hoop Earrings with Bead Charm | PureJewels UK\",\"isPartOf\":{\"@id\":\"https:\\\/\\\/www.purejewels.com\\\/#website\"},\"primaryImageOfPage\":{\"@id\":\"https:\\\/\\\/www.purejewels.com\\\/product\\\/22ct-gold-cz-hoop-earrings-with-bead-charm-52465\\\/#primaryimage\"},\"image\":{\"@id\":\"https:\\\/\\\/www.purejewels.com\\\/product\\\/22ct-gold-cz-hoop-earrings-with-bead-charm-52465\\\/#primaryimage\"},\"thumbnailUrl\":\"https:\\\/\\\/static.purejewels.com\\\/wp-content\\\/uploads\\\/2025\\\/10\\\/SKU-52465_1.jpg\",\"datePublished\":\"2025-09-13T04:17:18+00:00\",\"dateModified\":\"2026-01-13T08:21:59+00:00\",\"description\":\"Shop 22ct Gold CZ Hoop Earrings with elegant bead charm. Handcrafted with purity and sparkle for everyday wear. Discover fine gold jewellery at PureJewels.\",\"breadcrumb\":{\"@id\":\"https:\\\/\\\/www.purejewels.com\\\/product\\\/22ct-gold-cz-hoop-earrings-with-bead-charm-52465\\\/#breadcrumb\"},\"inLanguage\":\"de\",\"potentialAction\":[{\"@type\":\"ReadAction\",\"target\":[\"https:\\\/\\\/www.purejewels.com\\\/product\\\/22ct-gold-cz-hoop-earrings-with-bead-charm-52465\\\/\"]}]},{\"@type\":\"ImageObject\",\"inLanguage\":\"de\",\"@id\":\"https:\\\/\\\/www.purejewels.com\\\/product\\\/22ct-gold-cz-hoop-earrings-with-bead-charm-52465\\\/#primaryimage\",\"url\":\"https:\\\/\\\/static.purejewels.com\\\/wp-content\\\/uploads\\\/2025\\\/10\\\/SKU-52465_1.jpg\",\"contentUrl\":\"https:\\\/\\\/static.purejewels.com\\\/wp-content\\\/uploads\\\/2025\\\/10\\\/SKU-52465_1.jpg\",\"width\":1000,\"height\":1000,\"caption\":\"22ct Gold CZ Hoop Earrings with Bead Charm\"},{\"@type\":\"BreadcrumbList\",\"@id\":\"https:\\\/\\\/www.purejewels.com\\\/product\\\/22ct-gold-cz-hoop-earrings-with-bead-charm-52465\\\/#breadcrumb\",\"itemListElement\":[{\"@type\":\"ListItem\",\"position\":1,\"name\":\"Home\",\"item\":\"https:\\\/\\\/www.purejewels.com\\\/\"},{\"@type\":\"ListItem\",\"position\":2,\"name\":\"Shop\",\"item\":\"https:\\\/\\\/www.purejewels.com\\\/shop\\\/\"},{\"@type\":\"ListItem\",\"position\":3,\"name\":\"22ct Gold CZ Hoop Earrings with Bead Charm\"}]},{\"@type\":\"WebSite\",\"@id\":\"https:\\\/\\\/www.purejewels.com\\\/#website\",\"url\":\"https:\\\/\\\/www.purejewels.com\\\/\",\"name\":\"PureJewels UK\",\"description\":\"Share the Love\",\"publisher\":{\"@id\":\"https:\\\/\\\/www.purejewels.com\\\/#organization\"},\"potentialAction\":[{\"@type\":\"SearchAction\",\"target\":{\"@type\":\"EntryPoint\",\"urlTemplate\":\"https:\\\/\\\/www.purejewels.com\\\/?s={search_term_string}\"},\"query-input\":{\"@type\":\"PropertyValueSpecification\",\"valueRequired\":true,\"valueName\":\"search_term_string\"}}],\"inLanguage\":\"de\"},{\"@type\":\"Organization\",\"@id\":\"https:\\\/\\\/www.purejewels.com\\\/#organization\",\"name\":\"PureJewels UK\",\"url\":\"https:\\\/\\\/www.purejewels.com\\\/\",\"logo\":{\"@type\":\"ImageObject\",\"inLanguage\":\"de\",\"@id\":\"https:\\\/\\\/www.purejewels.com\\\/#\\\/schema\\\/logo\\\/image\\\/\",\"url\":\"https:\\\/\\\/static.purejewels.com\\\/wp-content\\\/uploads\\\/2020\\\/11\\\/Logo-PJ-New-1.png\",\"contentUrl\":\"https:\\\/\\\/static.purejewels.com\\\/wp-content\\\/uploads\\\/2020\\\/11\\\/Logo-PJ-New-1.png\",\"width\":150,\"height\":80,\"caption\":\"PureJewels UK\"},\"image\":{\"@id\":\"https:\\\/\\\/www.purejewels.com\\\/#\\\/schema\\\/logo\\\/image\\\/\"}}]}<\/script>\n<!-- \/ Yoast SEO plugin. -->","yoast_head_json":{"title":"22ct Gold CZ Hoop Ohrringe mit Perle Charme | PureJewels UK","description":"Shop 22ct Gold CZ Hoop Ohrringe mit eleganten Perle Charme. Handgefertigt mit Reinheit und Glanz f\u00fcr jeden Tag tragen. Entdecken Sie feinen Goldschmuck bei PureJewels.","robots":{"index":"index","follow":"follow","max-snippet":"max-snippet:-1","max-image-preview":"max-image-preview:large","max-video-preview":"max-video-preview:-1"},"canonical":"https:\/\/www.purejewels.com\/de\/produkt-2\/22ct-gold-cz-reif-ohrringe-mit-perle-charme-52465\/","og_locale":"de_DE","og_type":"article","og_title":"22ct Gold CZ Hoop Earrings with Bead Charm | PureJewels UK","og_description":"Shop 22ct Gold CZ Hoop Earrings with elegant bead charm. Handcrafted with purity and sparkle for everyday wear. Discover fine gold jewellery at PureJewels.","og_url":"https:\/\/www.purejewels.com\/de\/produkt-2\/22ct-gold-cz-reif-ohrringe-mit-perle-charme-52465\/","og_site_name":"PureJewels UK","article_modified_time":"2026-01-13T08:21:59+00:00","og_image":[{"width":1000,"height":1000,"url":"https:\/\/static.purejewels.com\/wp-content\/uploads\/2025\/10\/SKU-52465_1.jpg","type":"image\/jpeg"}],"twitter_card":"summary_large_image","twitter_misc":{"Gesch\u00e4tzte Lesezeit":"1\u00a0Minute"},"schema":{"@context":"https:\/\/schema.org","@graph":[{"@type":["WebPage","ItemPage"],"@id":"https:\/\/www.purejewels.com\/product\/22ct-gold-cz-hoop-earrings-with-bead-charm-52465\/","url":"https:\/\/www.purejewels.com\/product\/22ct-gold-cz-hoop-earrings-with-bead-charm-52465\/","name":"22ct Gold CZ Hoop Ohrringe mit Perle Charme | PureJewels UK","isPartOf":{"@id":"https:\/\/www.purejewels.com\/#website"},"primaryImageOfPage":{"@id":"https:\/\/www.purejewels.com\/product\/22ct-gold-cz-hoop-earrings-with-bead-charm-52465\/#primaryimage"},"image":{"@id":"https:\/\/www.purejewels.com\/product\/22ct-gold-cz-hoop-earrings-with-bead-charm-52465\/#primaryimage"},"thumbnailUrl":"https:\/\/static.purejewels.com\/wp-content\/uploads\/2025\/10\/SKU-52465_1.jpg","datePublished":"2025-09-13T04:17:18+00:00","dateModified":"2026-01-13T08:21:59+00:00","description":"Shop 22ct Gold CZ Hoop Ohrringe mit eleganten Perle Charme. Handgefertigt mit Reinheit und Glanz f\u00fcr jeden Tag tragen. Entdecken Sie feinen Goldschmuck bei PureJewels.","breadcrumb":{"@id":"https:\/\/www.purejewels.com\/product\/22ct-gold-cz-hoop-earrings-with-bead-charm-52465\/#breadcrumb"},"inLanguage":"de","potentialAction":[{"@type":"ReadAction","target":["https:\/\/www.purejewels.com\/product\/22ct-gold-cz-hoop-earrings-with-bead-charm-52465\/"]}]},{"@type":"ImageObject","inLanguage":"de","@id":"https:\/\/www.purejewels.com\/product\/22ct-gold-cz-hoop-earrings-with-bead-charm-52465\/#primaryimage","url":"https:\/\/static.purejewels.com\/wp-content\/uploads\/2025\/10\/SKU-52465_1.jpg","contentUrl":"https:\/\/static.purejewels.com\/wp-content\/uploads\/2025\/10\/SKU-52465_1.jpg","width":1000,"height":1000,"caption":"22ct Gold CZ Hoop Earrings with Bead Charm"},{"@type":"BreadcrumbList","@id":"https:\/\/www.purejewels.com\/product\/22ct-gold-cz-hoop-earrings-with-bead-charm-52465\/#breadcrumb","itemListElement":[{"@type":"ListItem","position":1,"name":"Home","item":"https:\/\/www.purejewels.com\/"},{"@type":"ListItem","position":2,"name":"Shop","item":"https:\/\/www.purejewels.com\/shop\/"},{"@type":"ListItem","position":3,"name":"22ct Gold CZ Hoop Earrings with Bead Charm"}]},{"@type":"WebSite","@id":"https:\/\/www.purejewels.com\/#website","url":"https:\/\/www.purejewels.com\/","name":"PureJewels UK","description":"Teile die Liebe","publisher":{"@id":"https:\/\/www.purejewels.com\/#organization"},"potentialAction":[{"@type":"SearchAction","target":{"@type":"EntryPoint","urlTemplate":"https:\/\/www.purejewels.com\/?s={search_term_string}"},"query-input":{"@type":"PropertyValueSpecification","valueRequired":true,"valueName":"search_term_string"}}],"inLanguage":"de"},{"@type":"Organization","@id":"https:\/\/www.purejewels.com\/#organization","name":"PureJewels UK","url":"https:\/\/www.purejewels.com\/","logo":{"@type":"ImageObject","inLanguage":"de","@id":"https:\/\/www.purejewels.com\/#\/schema\/logo\/image\/","url":"https:\/\/static.purejewels.com\/wp-content\/uploads\/2020\/11\/Logo-PJ-New-1.png","contentUrl":"https:\/\/static.purejewels.com\/wp-content\/uploads\/2020\/11\/Logo-PJ-New-1.png","width":150,"height":80,"caption":"PureJewels UK"},"image":{"@id":"https:\/\/www.purejewels.com\/#\/schema\/logo\/image\/"}}]}},"_links":{"self":[{"href":"https:\/\/www.purejewels.com\/de\/wp-json\/wp\/v2\/product\/418699","targetHints":{"allow":["GET"]}}],"collection":[{"href":"https:\/\/www.purejewels.com\/de\/wp-json\/wp\/v2\/product"}],"about":[{"href":"https:\/\/www.purejewels.com\/de\/wp-json\/wp\/v2\/types\/product"}],"replies":[{"embeddable":true,"href":"https:\/\/www.purejewels.com\/de\/wp-json\/wp\/v2\/comments?post=418699"}],"version-history":[{"count":1,"href":"https:\/\/www.purejewels.com\/de\/wp-json\/wp\/v2\/product\/418699\/revisions"}],"predecessor-version":[{"id":418702,"href":"https:\/\/www.purejewels.com\/de\/wp-json\/wp\/v2\/product\/418699\/revisions\/418702"}],"wp:featuredmedia":[{"embeddable":true,"href":"https:\/\/www.purejewels.com\/de\/wp-json\/wp\/v2\/media\/418700"}],"wp:attachment":[{"href":"https:\/\/www.purejewels.com\/de\/wp-json\/wp\/v2\/media?parent=418699"}],"wp:term":[{"taxonomy":"product_brand","embeddable":true,"href":"https:\/\/www.purejewels.com\/de\/wp-json\/wp\/v2\/product_brand?post=418699"},{"taxonomy":"product_cat","embeddable":true,"href":"https:\/\/www.purejewels.com\/de\/wp-json\/wp\/v2\/product_cat?post=418699"},{"taxonomy":"product_tag","embeddable":true,"href":"https:\/\/www.purejewels.com\/de\/wp-json\/wp\/v2\/product_tag?post=418699"}],"curies":[{"name":"wp","href":"https:\/\/api.w.org\/{rel}","templated":true}]}}