{"id":418715,"date":"2025-10-23T05:53:54","date_gmt":"2025-10-23T04:53:54","guid":{"rendered":"https:\/\/www.purejewels.com\/?post_type=product&#038;p=418715"},"modified":"2026-02-06T11:55:15","modified_gmt":"2026-02-06T11:55:15","slug":"22-karat-gold-minimalistische-ohrringe-52459","status":"publish","type":"product","link":"https:\/\/www.purejewels.com\/de\/product\/22ct-gold-minimal-bold-hoop-earrings-52459\/","title":{"rendered":"22 Karat Gold Minimalistische k\u00fchne Reifenohrringe"},"content":{"rendered":"<p data-start=\"541\" data-end=\"858\"><strong data-start=\"541\" data-end=\"560\">Designkonzept<\/strong><\/p>\n<p data-start=\"541\" data-end=\"858\">Diese Ohrringe sind von modernem Minimalismus und zeitlosen Formen inspiriert und verk\u00f6rpern stille K\u00fchnheit. Die klare, abgerundete Silhouette reflektiert das Licht anmutig und schafft eine sanfte und doch auff\u00e4llige Pr\u00e4senz. Sie k\u00f6nnen einzeln oder \u00fcbereinander getragen werden und sind ein raffinierter Ausdruck von St\u00e4rke durch Schlichtheit.<\/p>\n<p data-start=\"860\" data-end=\"1224\"><strong data-start=\"860\" data-end=\"878\">Handwerkliches K\u00f6nnen<\/strong><\/p>\n<p data-start=\"860\" data-end=\"1224\">Jedes aus strahlendem 22-kar\u00e4tigem Gelbgold gefertigte St\u00fcck ist fachm\u00e4nnisch geformt, um eine glatte, polierte Oberfl\u00e4che und ein elegantes Gewicht zu erzielen. Der Verschluss im Huggie-Stil sorgt f\u00fcr sicheren Halt und einfache Handhabung. Wie alle Kreationen von PureJewels sind auch diese Ohrringe vom London Assay Office gepunzt und spiegeln das Engagement f\u00fcr Reinheit, Qualit\u00e4t und best\u00e4ndiges Design wider.<\/p>\n<p data-start=\"1226\" data-end=\"1540\"><strong data-start=\"1226\" data-end=\"1244\">Styling-Ideen<\/strong><\/p>\n<p data-start=\"1226\" data-end=\"1540\">Tragen Sie sie mit einem knackigen wei\u00dfen Hemd f\u00fcr den Alltag oder kombinieren Sie sie mit einem Seiden-Kurti f\u00fcr festliche Eleganz. Ihr k\u00fchner, aber dennoch minimalistischer Stil macht sie vielseitig einsetzbar - von elegant-leger bis klassisch-traditionell. Ideal f\u00fcr Erstk\u00e4ufer von Gold oder erfahrene Sammler, die Luxus f\u00fcr jeden Tag suchen.<\/p>","protected":false},"excerpt":{"rendered":"<p data-start=\"906\" data-end=\"1110\">Diese eleganten und formsch\u00f6nen 22-kar\u00e4tigen Goldohrringe Minimal Bold Hoop Earrings vereinen Schlichtheit und Aussage. Sie sind aus hochgl\u00e4nzendem Gelbgold gefertigt und bieten allt\u00e4gliche Eleganz mit einem Hauch von selbstbewusster Raffinesse - Ihr unverzichtbares Goldst\u00fcck.<\/p>\n<p><strong>Material:<\/strong> 22ct Gold (91,6% reines Gold)<strong><br \/>\nWahrzeichen:\u00a0<\/strong>Britisches G\u00fctesiegel<strong><br \/>\n<\/strong><strong>Bruttogewicht: <\/strong>2.34 Gms<br \/>\n<strong>SKU:<\/strong> 52459<\/p>\n<p><strong>Preis und Lieferung<\/strong>:Inklusive Mehrwertsteuer und Lieferkosten<br \/>\n<a href=\"https:\/\/www.purejewels.com\/de\/ruckgabepolitik\/\">R\u00fcckgabepolitik<\/a><\/p>","protected":false},"featured_media":418717,"comment_status":"closed","ping_status":"closed","template":"","meta":{"_eb_attr":"","_crsspst_to_jayantr4sg-hostcom":true},"product_brand":[],"product_cat":[1791,1559,1793,1792,1254,1229,1579,5343,5608,1574,5349],"product_tag":[6101],"class_list":{"0":"post-418715","1":"product","2":"type-product","3":"status-publish","4":"has-post-thumbnail","6":"product_cat-anniversary-gifts","7":"product_cat-birthday-gifts","8":"product_cat-diwali-gifts","9":"product_cat-festival-gifts","10":"product_cat-gold-earrings","11":"product_cat-22ct-gold-jewellery","12":"product_cat-hoop-earrings","13":"product_cat-jewellery-under-550","14":"product_cat-simple-hoops","15":"product_cat-womens-jewellery","16":"product_cat-yellow-gold-jewellery","17":"product_tag-earring","19":"first","20":"instock","21":"taxable","22":"shipping-taxable","23":"purchasable","24":"product-type-simple","25":"add-to-wishlist-before_image"},"yoast_head":"<!-- This site is optimized with the Yoast SEO plugin v27.3 - https:\/\/yoast.com\/product\/yoast-seo-wordpress\/ -->\n<title>22ct Gold Minimal Bold Hoop Earrings | PureJewels London<\/title>\n<meta name=\"description\" content=\"Elevate your everyday look with 22ct Gold Minimal Bold Hoop Earrings. Sleek, sculpted, and timeless\u2014crafted for effortless luxury at PureJewels London.\" \/>\n<meta name=\"robots\" content=\"index, follow, max-snippet:-1, max-image-preview:large, max-video-preview:-1\" \/>\n<link rel=\"canonical\" href=\"https:\/\/www.purejewels.com\/de\/produkt-2\/22-karat-gold-minimalistische-ohrringe-52459\/\" \/>\n<meta property=\"og:locale\" content=\"de_DE\" \/>\n<meta property=\"og:type\" content=\"article\" \/>\n<meta property=\"og:title\" content=\"22ct Gold Minimal Bold Hoop Earrings | PureJewels London\" \/>\n<meta property=\"og:description\" content=\"Elevate your everyday look with 22ct Gold Minimal Bold Hoop Earrings. Sleek, sculpted, and timeless\u2014crafted for effortless luxury at PureJewels London.\" \/>\n<meta property=\"og:url\" content=\"https:\/\/www.purejewels.com\/de\/produkt-2\/22-karat-gold-minimalistische-ohrringe-52459\/\" \/>\n<meta property=\"og:site_name\" content=\"PureJewels UK\" \/>\n<meta property=\"article:modified_time\" content=\"2026-02-06T11:55:15+00:00\" \/>\n<meta property=\"og:image\" content=\"https:\/\/static.purejewels.com\/wp-content\/uploads\/2025\/10\/SKU-52459_1.jpg\" \/>\n\t<meta property=\"og:image:width\" content=\"1000\" \/>\n\t<meta property=\"og:image:height\" content=\"1000\" \/>\n\t<meta property=\"og:image:type\" content=\"image\/jpeg\" \/>\n<meta name=\"twitter:card\" content=\"summary_large_image\" \/>\n<meta name=\"twitter:label1\" content=\"Gesch\u00e4tzte Lesezeit\" \/>\n\t<meta name=\"twitter:data1\" content=\"1\u00a0Minute\" \/>\n<script type=\"application\/ld+json\" class=\"yoast-schema-graph\">{\"@context\":\"https:\\\/\\\/schema.org\",\"@graph\":[{\"@type\":[\"WebPage\",\"ItemPage\"],\"@id\":\"https:\\\/\\\/www.purejewels.com\\\/product\\\/22ct-gold-minimal-bold-hoop-earrings-52459\\\/\",\"url\":\"https:\\\/\\\/www.purejewels.com\\\/product\\\/22ct-gold-minimal-bold-hoop-earrings-52459\\\/\",\"name\":\"22ct Gold Minimal Bold Hoop Earrings | PureJewels London\",\"isPartOf\":{\"@id\":\"https:\\\/\\\/www.purejewels.com\\\/#website\"},\"primaryImageOfPage\":{\"@id\":\"https:\\\/\\\/www.purejewels.com\\\/product\\\/22ct-gold-minimal-bold-hoop-earrings-52459\\\/#primaryimage\"},\"image\":{\"@id\":\"https:\\\/\\\/www.purejewels.com\\\/product\\\/22ct-gold-minimal-bold-hoop-earrings-52459\\\/#primaryimage\"},\"thumbnailUrl\":\"https:\\\/\\\/static.purejewels.com\\\/wp-content\\\/uploads\\\/2025\\\/10\\\/SKU-52459_1.jpg\",\"datePublished\":\"2025-10-23T04:53:54+00:00\",\"dateModified\":\"2026-02-06T11:55:15+00:00\",\"description\":\"Elevate your everyday look with 22ct Gold Minimal Bold Hoop Earrings. Sleek, sculpted, and timeless\u2014crafted for effortless luxury at PureJewels London.\",\"breadcrumb\":{\"@id\":\"https:\\\/\\\/www.purejewels.com\\\/product\\\/22ct-gold-minimal-bold-hoop-earrings-52459\\\/#breadcrumb\"},\"inLanguage\":\"de\",\"potentialAction\":[{\"@type\":\"ReadAction\",\"target\":[\"https:\\\/\\\/www.purejewels.com\\\/product\\\/22ct-gold-minimal-bold-hoop-earrings-52459\\\/\"]}]},{\"@type\":\"ImageObject\",\"inLanguage\":\"de\",\"@id\":\"https:\\\/\\\/www.purejewels.com\\\/product\\\/22ct-gold-minimal-bold-hoop-earrings-52459\\\/#primaryimage\",\"url\":\"https:\\\/\\\/static.purejewels.com\\\/wp-content\\\/uploads\\\/2025\\\/10\\\/SKU-52459_1.jpg\",\"contentUrl\":\"https:\\\/\\\/static.purejewels.com\\\/wp-content\\\/uploads\\\/2025\\\/10\\\/SKU-52459_1.jpg\",\"width\":1000,\"height\":1000,\"caption\":\"22ct Gold Minimal Bold Hoop Earrings\"},{\"@type\":\"BreadcrumbList\",\"@id\":\"https:\\\/\\\/www.purejewels.com\\\/product\\\/22ct-gold-minimal-bold-hoop-earrings-52459\\\/#breadcrumb\",\"itemListElement\":[{\"@type\":\"ListItem\",\"position\":1,\"name\":\"Home\",\"item\":\"https:\\\/\\\/www.purejewels.com\\\/\"},{\"@type\":\"ListItem\",\"position\":2,\"name\":\"Shop\",\"item\":\"https:\\\/\\\/www.purejewels.com\\\/shop\\\/\"},{\"@type\":\"ListItem\",\"position\":3,\"name\":\"22ct Gold Minimal Bold Hoop Earrings\"}]},{\"@type\":\"WebSite\",\"@id\":\"https:\\\/\\\/www.purejewels.com\\\/#website\",\"url\":\"https:\\\/\\\/www.purejewels.com\\\/\",\"name\":\"PureJewels UK\",\"description\":\"Share the Love\",\"publisher\":{\"@id\":\"https:\\\/\\\/www.purejewels.com\\\/#organization\"},\"potentialAction\":[{\"@type\":\"SearchAction\",\"target\":{\"@type\":\"EntryPoint\",\"urlTemplate\":\"https:\\\/\\\/www.purejewels.com\\\/?s={search_term_string}\"},\"query-input\":{\"@type\":\"PropertyValueSpecification\",\"valueRequired\":true,\"valueName\":\"search_term_string\"}}],\"inLanguage\":\"de\"},{\"@type\":\"Organization\",\"@id\":\"https:\\\/\\\/www.purejewels.com\\\/#organization\",\"name\":\"PureJewels UK\",\"url\":\"https:\\\/\\\/www.purejewels.com\\\/\",\"logo\":{\"@type\":\"ImageObject\",\"inLanguage\":\"de\",\"@id\":\"https:\\\/\\\/www.purejewels.com\\\/#\\\/schema\\\/logo\\\/image\\\/\",\"url\":\"https:\\\/\\\/static.purejewels.com\\\/wp-content\\\/uploads\\\/2020\\\/11\\\/Logo-PJ-New-1.png\",\"contentUrl\":\"https:\\\/\\\/static.purejewels.com\\\/wp-content\\\/uploads\\\/2020\\\/11\\\/Logo-PJ-New-1.png\",\"width\":150,\"height\":80,\"caption\":\"PureJewels UK\"},\"image\":{\"@id\":\"https:\\\/\\\/www.purejewels.com\\\/#\\\/schema\\\/logo\\\/image\\\/\"}}]}<\/script>\n<!-- \/ Yoast SEO plugin. -->","yoast_head_json":{"title":"22ct Gold Minimal Bold Hoop Ohrringe | PureJewels London","description":"Erh\u00f6hen Sie Ihren Alltagslook mit 22ct Gold Minimal Bold Hoop Earrings. Schlank, formsch\u00f6n und zeitlos - gefertigt f\u00fcr m\u00fchelosen Luxus bei PureJewels London.","robots":{"index":"index","follow":"follow","max-snippet":"max-snippet:-1","max-image-preview":"max-image-preview:large","max-video-preview":"max-video-preview:-1"},"canonical":"https:\/\/www.purejewels.com\/de\/produkt-2\/22-karat-gold-minimalistische-ohrringe-52459\/","og_locale":"de_DE","og_type":"article","og_title":"22ct Gold Minimal Bold Hoop Earrings | PureJewels London","og_description":"Elevate your everyday look with 22ct Gold Minimal Bold Hoop Earrings. Sleek, sculpted, and timeless\u2014crafted for effortless luxury at PureJewels London.","og_url":"https:\/\/www.purejewels.com\/de\/produkt-2\/22-karat-gold-minimalistische-ohrringe-52459\/","og_site_name":"PureJewels UK","article_modified_time":"2026-02-06T11:55:15+00:00","og_image":[{"width":1000,"height":1000,"url":"https:\/\/static.purejewels.com\/wp-content\/uploads\/2025\/10\/SKU-52459_1.jpg","type":"image\/jpeg"}],"twitter_card":"summary_large_image","twitter_misc":{"Gesch\u00e4tzte Lesezeit":"1\u00a0Minute"},"schema":{"@context":"https:\/\/schema.org","@graph":[{"@type":["WebPage","ItemPage"],"@id":"https:\/\/www.purejewels.com\/product\/22ct-gold-minimal-bold-hoop-earrings-52459\/","url":"https:\/\/www.purejewels.com\/product\/22ct-gold-minimal-bold-hoop-earrings-52459\/","name":"22ct Gold Minimal Bold Hoop Ohrringe | PureJewels London","isPartOf":{"@id":"https:\/\/www.purejewels.com\/#website"},"primaryImageOfPage":{"@id":"https:\/\/www.purejewels.com\/product\/22ct-gold-minimal-bold-hoop-earrings-52459\/#primaryimage"},"image":{"@id":"https:\/\/www.purejewels.com\/product\/22ct-gold-minimal-bold-hoop-earrings-52459\/#primaryimage"},"thumbnailUrl":"https:\/\/static.purejewels.com\/wp-content\/uploads\/2025\/10\/SKU-52459_1.jpg","datePublished":"2025-10-23T04:53:54+00:00","dateModified":"2026-02-06T11:55:15+00:00","description":"Erh\u00f6hen Sie Ihren Alltagslook mit 22ct Gold Minimal Bold Hoop Earrings. Schlank, formsch\u00f6n und zeitlos - gefertigt f\u00fcr m\u00fchelosen Luxus bei PureJewels London.","breadcrumb":{"@id":"https:\/\/www.purejewels.com\/product\/22ct-gold-minimal-bold-hoop-earrings-52459\/#breadcrumb"},"inLanguage":"de","potentialAction":[{"@type":"ReadAction","target":["https:\/\/www.purejewels.com\/product\/22ct-gold-minimal-bold-hoop-earrings-52459\/"]}]},{"@type":"ImageObject","inLanguage":"de","@id":"https:\/\/www.purejewels.com\/product\/22ct-gold-minimal-bold-hoop-earrings-52459\/#primaryimage","url":"https:\/\/static.purejewels.com\/wp-content\/uploads\/2025\/10\/SKU-52459_1.jpg","contentUrl":"https:\/\/static.purejewels.com\/wp-content\/uploads\/2025\/10\/SKU-52459_1.jpg","width":1000,"height":1000,"caption":"22ct Gold Minimal Bold Hoop Earrings"},{"@type":"BreadcrumbList","@id":"https:\/\/www.purejewels.com\/product\/22ct-gold-minimal-bold-hoop-earrings-52459\/#breadcrumb","itemListElement":[{"@type":"ListItem","position":1,"name":"Home","item":"https:\/\/www.purejewels.com\/"},{"@type":"ListItem","position":2,"name":"Shop","item":"https:\/\/www.purejewels.com\/shop\/"},{"@type":"ListItem","position":3,"name":"22ct Gold Minimal Bold Hoop Earrings"}]},{"@type":"WebSite","@id":"https:\/\/www.purejewels.com\/#website","url":"https:\/\/www.purejewels.com\/","name":"PureJewels UK","description":"Teile die Liebe","publisher":{"@id":"https:\/\/www.purejewels.com\/#organization"},"potentialAction":[{"@type":"SearchAction","target":{"@type":"EntryPoint","urlTemplate":"https:\/\/www.purejewels.com\/?s={search_term_string}"},"query-input":{"@type":"PropertyValueSpecification","valueRequired":true,"valueName":"search_term_string"}}],"inLanguage":"de"},{"@type":"Organization","@id":"https:\/\/www.purejewels.com\/#organization","name":"PureJewels UK","url":"https:\/\/www.purejewels.com\/","logo":{"@type":"ImageObject","inLanguage":"de","@id":"https:\/\/www.purejewels.com\/#\/schema\/logo\/image\/","url":"https:\/\/static.purejewels.com\/wp-content\/uploads\/2020\/11\/Logo-PJ-New-1.png","contentUrl":"https:\/\/static.purejewels.com\/wp-content\/uploads\/2020\/11\/Logo-PJ-New-1.png","width":150,"height":80,"caption":"PureJewels UK"},"image":{"@id":"https:\/\/www.purejewels.com\/#\/schema\/logo\/image\/"}}]}},"_links":{"self":[{"href":"https:\/\/www.purejewels.com\/de\/wp-json\/wp\/v2\/product\/418715","targetHints":{"allow":["GET"]}}],"collection":[{"href":"https:\/\/www.purejewels.com\/de\/wp-json\/wp\/v2\/product"}],"about":[{"href":"https:\/\/www.purejewels.com\/de\/wp-json\/wp\/v2\/types\/product"}],"replies":[{"embeddable":true,"href":"https:\/\/www.purejewels.com\/de\/wp-json\/wp\/v2\/comments?post=418715"}],"version-history":[{"count":1,"href":"https:\/\/www.purejewels.com\/de\/wp-json\/wp\/v2\/product\/418715\/revisions"}],"predecessor-version":[{"id":418719,"href":"https:\/\/www.purejewels.com\/de\/wp-json\/wp\/v2\/product\/418715\/revisions\/418719"}],"wp:featuredmedia":[{"embeddable":true,"href":"https:\/\/www.purejewels.com\/de\/wp-json\/wp\/v2\/media\/418717"}],"wp:attachment":[{"href":"https:\/\/www.purejewels.com\/de\/wp-json\/wp\/v2\/media?parent=418715"}],"wp:term":[{"taxonomy":"product_brand","embeddable":true,"href":"https:\/\/www.purejewels.com\/de\/wp-json\/wp\/v2\/product_brand?post=418715"},{"taxonomy":"product_cat","embeddable":true,"href":"https:\/\/www.purejewels.com\/de\/wp-json\/wp\/v2\/product_cat?post=418715"},{"taxonomy":"product_tag","embeddable":true,"href":"https:\/\/www.purejewels.com\/de\/wp-json\/wp\/v2\/product_tag?post=418715"}],"curies":[{"name":"wp","href":"https:\/\/api.w.org\/{rel}","templated":true}]}}