{"id":418750,"date":"2025-09-13T07:16:02","date_gmt":"2025-09-13T06:16:02","guid":{"rendered":"https:\/\/www.purejewels.com\/?post_type=product&#038;p=418750"},"modified":"2026-03-18T15:54:10","modified_gmt":"2026-03-18T15:54:10","slug":"blumige-ohrstecker-aus-22-karat-gold-mit-rhodinierter-mitte-52451","status":"publish","type":"product","link":"https:\/\/www.purejewels.com\/de\/product\/22ct-gold-floral-stud-earrings-with-rhodium-centre-52451\/","title":{"rendered":"22ct Gold Blumen Ohrstecker mit Rhodium Zentrum"},"content":{"rendered":"<p data-start=\"600\" data-end=\"931\"><strong data-start=\"600\" data-end=\"619\">Designkonzept<\/strong><\/p>\n<p data-start=\"600\" data-end=\"931\">Inspiriert von der zeitlosen Sch\u00f6nheit einer bl\u00fchenden Blume, sind diese Ohrringe eine Ode an die nat\u00fcrliche Anmut. Das Trio aus herzf\u00f6rmigen Bl\u00fctenbl\u00e4ttern bildet eine stilisierte Bl\u00fcte, die von einem polierten Rhodiumkern gekr\u00f6nt wird - ein modernes Detail, das f\u00fcr Dimension und Kontrast sorgt. Ein Schmuckst\u00fcck, das mit jedem Bl\u00fctenblatt Eleganz verspr\u00fcht.<\/p>\n<p data-start=\"933\" data-end=\"1322\"><strong data-start=\"933\" data-end=\"951\">Handwerkliches K\u00f6nnen<\/strong><\/p>\n<p data-start=\"933\" data-end=\"1322\">Diese handgefertigten Ohrstecker aus reichhaltigem 22-kar\u00e4tigem Gelbgold wurden mit Pr\u00e4zision geformt, um ein weiches, skulpturales Finish zu erzielen. Die Rhodiumverzierung in der Mitte verleiht nicht nur Glanz, sondern unterstreicht auch die Form der einzelnen Bl\u00fctenbl\u00e4tter. Der sichere Schraubverschluss sorgt f\u00fcr Komfort und Seelenfrieden, und die Punzierung durch das London Assay Office garantiert Reinheit und Echtheit.<\/p>\n<p data-start=\"1324\" data-end=\"1687\"><strong data-start=\"1324\" data-end=\"1342\">Styling-Ideen<\/strong><\/p>\n<p data-start=\"1324\" data-end=\"1687\">Diese floralen Ohrstecker sind eine vielseitige Erg\u00e4nzung f\u00fcr Ihre allt\u00e4gliche Goldschmuckkollektion. Kombinieren Sie sie mit einer zarten Goldkette oder tragen Sie sie einzeln f\u00fcr einen s\u00fc\u00dfen, minimalistischen Look. Ihr leichtes Design macht sie ideal f\u00fcr j\u00fcngere Tr\u00e4gerinnen, die zum ersten Mal Goldschmuck tragen, oder als durchdachtes Geschenk f\u00fcr Geburtstage, Hochzeiten oder kulturelle Anl\u00e4sse.<\/p>","protected":false},"excerpt":{"rendered":"<p>Diese zarten und strahlenden Blumenohrstecker aus 22-kar\u00e4tigem Gold zeichnen sich durch sanft abgerundete Bl\u00fctenbl\u00e4tter und eine gl\u00e4nzende, rhodinierte Mitte aus. Sie haben die perfekte Gr\u00f6\u00dfe f\u00fcr die Eleganz des Alltags oder als bedeutungsvolles Geschenk und verbinden traditionelle Handwerkskunst mit subtilen zeitgen\u00f6ssischen Kontrasten.<\/p>\n<p><strong>Material:<\/strong>\u00a022ct Gold<br \/>\n<strong>Reinheit:<\/strong>\u00a091.6% rein<br \/>\n<strong>Wahrzeichen:<\/strong>\u00a0Britisches G\u00fctesiegel<strong><br \/>\n<\/strong><strong>Bruttogewicht: <\/strong>1.20 Gramm<br \/>\n<strong>SKU:<\/strong> 52451<\/p>\n<p><strong>Preis und Lieferung<\/strong>: Inklusive Mehrwertsteuer und Lieferkosten<br \/>\n<a href=\"https:\/\/www.purejewels.com\/de\/ruckgabepolitik\/\">R\u00fcckgabepolitik<\/a><\/p>","protected":false},"featured_media":418752,"comment_status":"closed","ping_status":"closed","template":"","meta":{"_eb_attr":"","_crsspst_to_jayantr4sg-hostcom":true},"product_brand":[],"product_cat":[1559,236,1793,6190,1792,1790,1254,5342,1570,1577,1574,5349],"product_tag":[66],"class_list":{"0":"post-418750","1":"product","2":"type-product","3":"status-publish","4":"has-post-thumbnail","6":"product_cat-birthday-gifts","7":"product_cat-collections","8":"product_cat-diwali-gifts","9":"product_cat-easter-jewellery","10":"product_cat-festival-gifts","11":"product_cat-for-whom-when","12":"product_cat-gold-earrings","13":"product_cat-jewellery-under-250","14":"product_cat-mothers-day-gifts","15":"product_cat-stud-earrings","16":"product_cat-womens-jewellery","17":"product_cat-yellow-gold-jewellery","18":"product_tag-earrings","20":"first","21":"outofstock","22":"taxable","23":"shipping-taxable","24":"product-type-simple","25":"add-to-wishlist-before_image"},"yoast_head":"<!-- This site is optimized with the Yoast SEO plugin v27.3 - https:\/\/yoast.com\/product\/yoast-seo-wordpress\/ -->\n<title>22ct Gold Floral Stud Earrings with Rhodium Centre | PureJewels<\/title>\n<meta name=\"description\" content=\"Bloom with elegance. These 22ct gold floral stud earrings, accented with a rhodium centre, reflect PureJewels\u2019 artistry and timeless charm.\" \/>\n<meta name=\"robots\" content=\"index, follow, max-snippet:-1, max-image-preview:large, max-video-preview:-1\" \/>\n<link rel=\"canonical\" href=\"https:\/\/www.purejewels.com\/de\/produkt-2\/blumige-ohrstecker-aus-22-karat-gold-mit-rhodinierter-mitte-52451\/\" \/>\n<meta property=\"og:locale\" content=\"de_DE\" \/>\n<meta property=\"og:type\" content=\"article\" \/>\n<meta property=\"og:title\" content=\"22ct Gold Floral Stud Earrings with Rhodium Centre | PureJewels\" \/>\n<meta property=\"og:description\" content=\"Bloom with elegance. These 22ct gold floral stud earrings, accented with a rhodium centre, reflect PureJewels\u2019 artistry and timeless charm.\" \/>\n<meta property=\"og:url\" content=\"https:\/\/www.purejewels.com\/de\/produkt-2\/blumige-ohrstecker-aus-22-karat-gold-mit-rhodinierter-mitte-52451\/\" \/>\n<meta property=\"og:site_name\" content=\"PureJewels UK\" \/>\n<meta property=\"article:modified_time\" content=\"2026-03-18T15:54:10+00:00\" \/>\n<meta property=\"og:image\" content=\"https:\/\/static.purejewels.com\/wp-content\/uploads\/2025\/10\/SKU-52451.jpg\" \/>\n\t<meta property=\"og:image:width\" content=\"1000\" \/>\n\t<meta property=\"og:image:height\" content=\"1000\" \/>\n\t<meta property=\"og:image:type\" content=\"image\/jpeg\" \/>\n<meta name=\"twitter:card\" content=\"summary_large_image\" \/>\n<meta name=\"twitter:label1\" content=\"Gesch\u00e4tzte Lesezeit\" \/>\n\t<meta name=\"twitter:data1\" content=\"1\u00a0Minute\" \/>\n<script type=\"application\/ld+json\" class=\"yoast-schema-graph\">{\"@context\":\"https:\\\/\\\/schema.org\",\"@graph\":[{\"@type\":[\"WebPage\",\"ItemPage\"],\"@id\":\"https:\\\/\\\/www.purejewels.com\\\/product\\\/22ct-gold-floral-stud-earrings-with-rhodium-centre-52451\\\/\",\"url\":\"https:\\\/\\\/www.purejewels.com\\\/product\\\/22ct-gold-floral-stud-earrings-with-rhodium-centre-52451\\\/\",\"name\":\"22ct Gold Floral Stud Earrings with Rhodium Centre | PureJewels\",\"isPartOf\":{\"@id\":\"https:\\\/\\\/www.purejewels.com\\\/#website\"},\"primaryImageOfPage\":{\"@id\":\"https:\\\/\\\/www.purejewels.com\\\/product\\\/22ct-gold-floral-stud-earrings-with-rhodium-centre-52451\\\/#primaryimage\"},\"image\":{\"@id\":\"https:\\\/\\\/www.purejewels.com\\\/product\\\/22ct-gold-floral-stud-earrings-with-rhodium-centre-52451\\\/#primaryimage\"},\"thumbnailUrl\":\"https:\\\/\\\/static.purejewels.com\\\/wp-content\\\/uploads\\\/2025\\\/10\\\/SKU-52451.jpg\",\"datePublished\":\"2025-09-13T06:16:02+00:00\",\"dateModified\":\"2026-03-18T15:54:10+00:00\",\"description\":\"Bloom with elegance. These 22ct gold floral stud earrings, accented with a rhodium centre, reflect PureJewels\u2019 artistry and timeless charm.\",\"breadcrumb\":{\"@id\":\"https:\\\/\\\/www.purejewels.com\\\/product\\\/22ct-gold-floral-stud-earrings-with-rhodium-centre-52451\\\/#breadcrumb\"},\"inLanguage\":\"de\",\"potentialAction\":[{\"@type\":\"ReadAction\",\"target\":[\"https:\\\/\\\/www.purejewels.com\\\/product\\\/22ct-gold-floral-stud-earrings-with-rhodium-centre-52451\\\/\"]}]},{\"@type\":\"ImageObject\",\"inLanguage\":\"de\",\"@id\":\"https:\\\/\\\/www.purejewels.com\\\/product\\\/22ct-gold-floral-stud-earrings-with-rhodium-centre-52451\\\/#primaryimage\",\"url\":\"https:\\\/\\\/static.purejewels.com\\\/wp-content\\\/uploads\\\/2025\\\/10\\\/SKU-52451.jpg\",\"contentUrl\":\"https:\\\/\\\/static.purejewels.com\\\/wp-content\\\/uploads\\\/2025\\\/10\\\/SKU-52451.jpg\",\"width\":1000,\"height\":1000,\"caption\":\"22ct Gold Floral Stud Earrings with Rhodium Centre\"},{\"@type\":\"BreadcrumbList\",\"@id\":\"https:\\\/\\\/www.purejewels.com\\\/product\\\/22ct-gold-floral-stud-earrings-with-rhodium-centre-52451\\\/#breadcrumb\",\"itemListElement\":[{\"@type\":\"ListItem\",\"position\":1,\"name\":\"Home\",\"item\":\"https:\\\/\\\/www.purejewels.com\\\/\"},{\"@type\":\"ListItem\",\"position\":2,\"name\":\"Shop\",\"item\":\"https:\\\/\\\/www.purejewels.com\\\/shop\\\/\"},{\"@type\":\"ListItem\",\"position\":3,\"name\":\"22ct Gold Floral Stud Earrings with Rhodium Centre\"}]},{\"@type\":\"WebSite\",\"@id\":\"https:\\\/\\\/www.purejewels.com\\\/#website\",\"url\":\"https:\\\/\\\/www.purejewels.com\\\/\",\"name\":\"PureJewels UK\",\"description\":\"Share the Love\",\"publisher\":{\"@id\":\"https:\\\/\\\/www.purejewels.com\\\/#organization\"},\"potentialAction\":[{\"@type\":\"SearchAction\",\"target\":{\"@type\":\"EntryPoint\",\"urlTemplate\":\"https:\\\/\\\/www.purejewels.com\\\/?s={search_term_string}\"},\"query-input\":{\"@type\":\"PropertyValueSpecification\",\"valueRequired\":true,\"valueName\":\"search_term_string\"}}],\"inLanguage\":\"de\"},{\"@type\":\"Organization\",\"@id\":\"https:\\\/\\\/www.purejewels.com\\\/#organization\",\"name\":\"PureJewels UK\",\"url\":\"https:\\\/\\\/www.purejewels.com\\\/\",\"logo\":{\"@type\":\"ImageObject\",\"inLanguage\":\"de\",\"@id\":\"https:\\\/\\\/www.purejewels.com\\\/#\\\/schema\\\/logo\\\/image\\\/\",\"url\":\"https:\\\/\\\/static.purejewels.com\\\/wp-content\\\/uploads\\\/2020\\\/11\\\/Logo-PJ-New-1.png\",\"contentUrl\":\"https:\\\/\\\/static.purejewels.com\\\/wp-content\\\/uploads\\\/2020\\\/11\\\/Logo-PJ-New-1.png\",\"width\":150,\"height\":80,\"caption\":\"PureJewels UK\"},\"image\":{\"@id\":\"https:\\\/\\\/www.purejewels.com\\\/#\\\/schema\\\/logo\\\/image\\\/\"}}]}<\/script>\n<!-- \/ Yoast SEO plugin. -->","yoast_head_json":{"title":"22ct Gold Floral Ohrstecker mit Rhodium Zentrum | PureJewels","description":"Erbl\u00fchen Sie mit Eleganz. Diese floralen Ohrstecker aus 22-kar\u00e4tigem Gold mit rhodiniertem Zentrum spiegeln die Kunstfertigkeit und den zeitlosen Charme von PureJewels wider.","robots":{"index":"index","follow":"follow","max-snippet":"max-snippet:-1","max-image-preview":"max-image-preview:large","max-video-preview":"max-video-preview:-1"},"canonical":"https:\/\/www.purejewels.com\/de\/produkt-2\/blumige-ohrstecker-aus-22-karat-gold-mit-rhodinierter-mitte-52451\/","og_locale":"de_DE","og_type":"article","og_title":"22ct Gold Floral Stud Earrings with Rhodium Centre | PureJewels","og_description":"Bloom with elegance. These 22ct gold floral stud earrings, accented with a rhodium centre, reflect PureJewels\u2019 artistry and timeless charm.","og_url":"https:\/\/www.purejewels.com\/de\/produkt-2\/blumige-ohrstecker-aus-22-karat-gold-mit-rhodinierter-mitte-52451\/","og_site_name":"PureJewels UK","article_modified_time":"2026-03-18T15:54:10+00:00","og_image":[{"width":1000,"height":1000,"url":"https:\/\/static.purejewels.com\/wp-content\/uploads\/2025\/10\/SKU-52451.jpg","type":"image\/jpeg"}],"twitter_card":"summary_large_image","twitter_misc":{"Gesch\u00e4tzte Lesezeit":"1\u00a0Minute"},"schema":{"@context":"https:\/\/schema.org","@graph":[{"@type":["WebPage","ItemPage"],"@id":"https:\/\/www.purejewels.com\/product\/22ct-gold-floral-stud-earrings-with-rhodium-centre-52451\/","url":"https:\/\/www.purejewels.com\/product\/22ct-gold-floral-stud-earrings-with-rhodium-centre-52451\/","name":"22ct Gold Floral Ohrstecker mit Rhodium Zentrum | PureJewels","isPartOf":{"@id":"https:\/\/www.purejewels.com\/#website"},"primaryImageOfPage":{"@id":"https:\/\/www.purejewels.com\/product\/22ct-gold-floral-stud-earrings-with-rhodium-centre-52451\/#primaryimage"},"image":{"@id":"https:\/\/www.purejewels.com\/product\/22ct-gold-floral-stud-earrings-with-rhodium-centre-52451\/#primaryimage"},"thumbnailUrl":"https:\/\/static.purejewels.com\/wp-content\/uploads\/2025\/10\/SKU-52451.jpg","datePublished":"2025-09-13T06:16:02+00:00","dateModified":"2026-03-18T15:54:10+00:00","description":"Erbl\u00fchen Sie mit Eleganz. Diese floralen Ohrstecker aus 22-kar\u00e4tigem Gold mit rhodiniertem Zentrum spiegeln die Kunstfertigkeit und den zeitlosen Charme von PureJewels wider.","breadcrumb":{"@id":"https:\/\/www.purejewels.com\/product\/22ct-gold-floral-stud-earrings-with-rhodium-centre-52451\/#breadcrumb"},"inLanguage":"de","potentialAction":[{"@type":"ReadAction","target":["https:\/\/www.purejewels.com\/product\/22ct-gold-floral-stud-earrings-with-rhodium-centre-52451\/"]}]},{"@type":"ImageObject","inLanguage":"de","@id":"https:\/\/www.purejewels.com\/product\/22ct-gold-floral-stud-earrings-with-rhodium-centre-52451\/#primaryimage","url":"https:\/\/static.purejewels.com\/wp-content\/uploads\/2025\/10\/SKU-52451.jpg","contentUrl":"https:\/\/static.purejewels.com\/wp-content\/uploads\/2025\/10\/SKU-52451.jpg","width":1000,"height":1000,"caption":"22ct Gold Floral Stud Earrings with Rhodium Centre"},{"@type":"BreadcrumbList","@id":"https:\/\/www.purejewels.com\/product\/22ct-gold-floral-stud-earrings-with-rhodium-centre-52451\/#breadcrumb","itemListElement":[{"@type":"ListItem","position":1,"name":"Home","item":"https:\/\/www.purejewels.com\/"},{"@type":"ListItem","position":2,"name":"Shop","item":"https:\/\/www.purejewels.com\/shop\/"},{"@type":"ListItem","position":3,"name":"22ct Gold Floral Stud Earrings with Rhodium Centre"}]},{"@type":"WebSite","@id":"https:\/\/www.purejewels.com\/#website","url":"https:\/\/www.purejewels.com\/","name":"PureJewels UK","description":"Teile die Liebe","publisher":{"@id":"https:\/\/www.purejewels.com\/#organization"},"potentialAction":[{"@type":"SearchAction","target":{"@type":"EntryPoint","urlTemplate":"https:\/\/www.purejewels.com\/?s={search_term_string}"},"query-input":{"@type":"PropertyValueSpecification","valueRequired":true,"valueName":"search_term_string"}}],"inLanguage":"de"},{"@type":"Organization","@id":"https:\/\/www.purejewels.com\/#organization","name":"PureJewels UK","url":"https:\/\/www.purejewels.com\/","logo":{"@type":"ImageObject","inLanguage":"de","@id":"https:\/\/www.purejewels.com\/#\/schema\/logo\/image\/","url":"https:\/\/static.purejewels.com\/wp-content\/uploads\/2020\/11\/Logo-PJ-New-1.png","contentUrl":"https:\/\/static.purejewels.com\/wp-content\/uploads\/2020\/11\/Logo-PJ-New-1.png","width":150,"height":80,"caption":"PureJewels UK"},"image":{"@id":"https:\/\/www.purejewels.com\/#\/schema\/logo\/image\/"}}]}},"_links":{"self":[{"href":"https:\/\/www.purejewels.com\/de\/wp-json\/wp\/v2\/product\/418750","targetHints":{"allow":["GET"]}}],"collection":[{"href":"https:\/\/www.purejewels.com\/de\/wp-json\/wp\/v2\/product"}],"about":[{"href":"https:\/\/www.purejewels.com\/de\/wp-json\/wp\/v2\/types\/product"}],"replies":[{"embeddable":true,"href":"https:\/\/www.purejewels.com\/de\/wp-json\/wp\/v2\/comments?post=418750"}],"version-history":[{"count":1,"href":"https:\/\/www.purejewels.com\/de\/wp-json\/wp\/v2\/product\/418750\/revisions"}],"predecessor-version":[{"id":418754,"href":"https:\/\/www.purejewels.com\/de\/wp-json\/wp\/v2\/product\/418750\/revisions\/418754"}],"wp:featuredmedia":[{"embeddable":true,"href":"https:\/\/www.purejewels.com\/de\/wp-json\/wp\/v2\/media\/418752"}],"wp:attachment":[{"href":"https:\/\/www.purejewels.com\/de\/wp-json\/wp\/v2\/media?parent=418750"}],"wp:term":[{"taxonomy":"product_brand","embeddable":true,"href":"https:\/\/www.purejewels.com\/de\/wp-json\/wp\/v2\/product_brand?post=418750"},{"taxonomy":"product_cat","embeddable":true,"href":"https:\/\/www.purejewels.com\/de\/wp-json\/wp\/v2\/product_cat?post=418750"},{"taxonomy":"product_tag","embeddable":true,"href":"https:\/\/www.purejewels.com\/de\/wp-json\/wp\/v2\/product_tag?post=418750"}],"curies":[{"name":"wp","href":"https:\/\/api.w.org\/{rel}","templated":true}]}}