{"id":418751,"date":"2025-10-23T07:16:06","date_gmt":"2025-10-23T06:16:06","guid":{"rendered":"https:\/\/www.purejewels.com\/?post_type=product&#038;p=418751"},"modified":"2026-02-10T23:10:35","modified_gmt":"2026-02-10T23:10:35","slug":"22ct-gold-seahorse-anhanger-uk","status":"publish","type":"product","link":"https:\/\/www.purejewels.com\/de\/product\/22ct-gold-seahorse-pendant-uk\/","title":{"rendered":"22ct Gold Seepferdchen-Anh\u00e4nger"},"content":{"rendered":"<p data-start=\"0\" data-end=\"217\"><strong data-start=\"0\" data-end=\"10\">Gestaltung<\/strong><br data-start=\"10\" data-end=\"13\" \/>Ein skulpturaler Seepferdchen-Anh\u00e4nger aus 22-kar\u00e4tigem Gold, der die flie\u00dfende Bewegung des Meereslebens einf\u00e4ngt. Der geschwungene K\u00f6rper, die strukturierten Flossen und der eingerollte Schwanz spiegeln die Eleganz und Anmut des Ozeans wider und sind aufw\u00e4ndig gestaltet.<\/p>\n<p data-start=\"219\" data-end=\"436\"><strong data-start=\"219\" data-end=\"236\">Handwerkliches K\u00f6nnen<\/strong><br data-start=\"236\" data-end=\"239\" \/>Dieser in London handgefertigte und vom britischen Assay Office gepunzte Anh\u00e4nger zeichnet sich durch fachm\u00e4nnische Politur, pr\u00e4zise Texturierung und feine Verarbeitung aus, die die naturgetreuen Konturen des Seepferdchens hervorheben.<\/p>\n<p data-start=\"438\" data-end=\"658\" data-is-last-node=\"\" data-is-only-node=\"\"><strong data-start=\"438\" data-end=\"459\">Styling &amp; Geschenkartikel<\/strong><br data-start=\"459\" data-end=\"462\" \/>Ein raffinierter, vom Meer inspirierter Anh\u00e4nger, perfekt f\u00fcr den Alltag oder besondere Anl\u00e4sse. Ein durchdachtes Geschenk f\u00fcr Geburtstage, Jahrestage oder Feiertage, das sich wunderbar mit einer Fuchsschwanz- oder Kastenkette kombinieren l\u00e4sst.<\/p>","protected":false},"excerpt":{"rendered":"<p>Ein wundersch\u00f6n gearbeiteter Anh\u00e4nger aus 22 Karat Gold, inspiriert von der Eleganz des Meeres. Er wird in London hergestellt, vom britischen Assay Office gestempelt und mit zarten Details versehen.<\/p>\n<p><strong>Material:<\/strong> 22ct Gold (91,6% reines Gold)<strong><br \/>\nWahrzeichen:\u00a0<\/strong>Britisches G\u00fctesiegel<strong><br \/>\n<\/strong><strong>Bruttogewicht: <\/strong>1 Gramm<strong><br \/>\nSKU: <\/strong>52431<\/p>\n<p><strong>Preis und Lieferung: <\/strong>Der Kettenpreis ist nicht inbegriffen, inklusive Mehrwertsteuer und Versandkosten.<strong><br \/>\n<a href=\"https:\/\/www.purejewels.com\/de\/ruckgabepolitik\/\">R\u00fcckgabepolitik<\/a><\/strong><\/p>","protected":false},"featured_media":418755,"comment_status":"closed","ping_status":"closed","template":"","meta":{"_eb_attr":"","_crsspst_to_jayantr4sg-hostcom":true},"product_brand":[],"product_cat":[1793,1792,1229,1255,5342,1767,1572,1768,5338,5349],"product_tag":[6172],"class_list":{"0":"post-418751","1":"product","2":"type-product","3":"status-publish","4":"has-post-thumbnail","6":"product_cat-diwali-gifts","7":"product_cat-festival-gifts","8":"product_cat-22ct-gold-jewellery","9":"product_cat-gold-pendants","10":"product_cat-jewellery-under-250","11":"product_cat-ladies-pendants","12":"product_cat-mens-jewellery","13":"product_cat-mens-pendants","14":"product_cat-shop-by-price","15":"product_cat-yellow-gold-jewellery","16":"product_tag-22ct-gold-sea-pendant","18":"first","19":"outofstock","20":"taxable","21":"shipping-taxable","22":"product-type-simple","23":"add-to-wishlist-before_image"},"yoast_head":"<!-- This site is optimized with the Yoast SEO plugin v27.3 - https:\/\/yoast.com\/product\/yoast-seo-wordpress\/ -->\n<title>Shop the 22ct Gold Seahorse Pendant | PureJewels UK<\/title>\n<meta name=\"description\" content=\"Handcrafted in London, this 22ct Gold Seahorse Pendant features a sculpted body and curled tail, hallmarked by the UK Assay Office and finished with intricate texturing.\" \/>\n<meta name=\"robots\" content=\"index, follow, max-snippet:-1, max-image-preview:large, max-video-preview:-1\" \/>\n<link rel=\"canonical\" href=\"https:\/\/www.purejewels.com\/de\/produkt-2\/22ct-gold-seahorse-anhanger-uk\/\" \/>\n<meta property=\"og:locale\" content=\"de_DE\" \/>\n<meta property=\"og:type\" content=\"article\" \/>\n<meta property=\"og:title\" content=\"Shop the 22ct Gold Seahorse Pendant | PureJewels UK\" \/>\n<meta property=\"og:description\" content=\"Handcrafted in London, this 22ct Gold Seahorse Pendant features a sculpted body and curled tail, hallmarked by the UK Assay Office and finished with intricate texturing.\" \/>\n<meta property=\"og:url\" content=\"https:\/\/www.purejewels.com\/de\/produkt-2\/22ct-gold-seahorse-anhanger-uk\/\" \/>\n<meta property=\"og:site_name\" content=\"PureJewels UK\" \/>\n<meta property=\"article:modified_time\" content=\"2026-02-10T23:10:35+00:00\" \/>\n<meta property=\"og:image\" content=\"https:\/\/static.purejewels.com\/wp-content\/uploads\/2025\/10\/SKU-52431.jpg\" \/>\n\t<meta property=\"og:image:width\" content=\"1000\" \/>\n\t<meta property=\"og:image:height\" content=\"1000\" \/>\n\t<meta property=\"og:image:type\" content=\"image\/jpeg\" \/>\n<meta name=\"twitter:card\" content=\"summary_large_image\" \/>\n<meta name=\"twitter:label1\" content=\"Gesch\u00e4tzte Lesezeit\" \/>\n\t<meta name=\"twitter:data1\" content=\"1\u00a0Minute\" \/>\n<script type=\"application\/ld+json\" class=\"yoast-schema-graph\">{\"@context\":\"https:\\\/\\\/schema.org\",\"@graph\":[{\"@type\":[\"WebPage\",\"ItemPage\"],\"@id\":\"https:\\\/\\\/www.purejewels.com\\\/product\\\/22ct-gold-seahorse-pendant-uk\\\/\",\"url\":\"https:\\\/\\\/www.purejewels.com\\\/product\\\/22ct-gold-seahorse-pendant-uk\\\/\",\"name\":\"Shop the 22ct Gold Seahorse Pendant | PureJewels UK\",\"isPartOf\":{\"@id\":\"https:\\\/\\\/www.purejewels.com\\\/#website\"},\"primaryImageOfPage\":{\"@id\":\"https:\\\/\\\/www.purejewels.com\\\/product\\\/22ct-gold-seahorse-pendant-uk\\\/#primaryimage\"},\"image\":{\"@id\":\"https:\\\/\\\/www.purejewels.com\\\/product\\\/22ct-gold-seahorse-pendant-uk\\\/#primaryimage\"},\"thumbnailUrl\":\"https:\\\/\\\/static.purejewels.com\\\/wp-content\\\/uploads\\\/2025\\\/10\\\/SKU-52431.jpg\",\"datePublished\":\"2025-10-23T06:16:06+00:00\",\"dateModified\":\"2026-02-10T23:10:35+00:00\",\"description\":\"Handcrafted in London, this 22ct Gold Seahorse Pendant features a sculpted body and curled tail, hallmarked by the UK Assay Office and finished with intricate texturing.\",\"breadcrumb\":{\"@id\":\"https:\\\/\\\/www.purejewels.com\\\/product\\\/22ct-gold-seahorse-pendant-uk\\\/#breadcrumb\"},\"inLanguage\":\"de\",\"potentialAction\":[{\"@type\":\"ReadAction\",\"target\":[\"https:\\\/\\\/www.purejewels.com\\\/product\\\/22ct-gold-seahorse-pendant-uk\\\/\"]}]},{\"@type\":\"ImageObject\",\"inLanguage\":\"de\",\"@id\":\"https:\\\/\\\/www.purejewels.com\\\/product\\\/22ct-gold-seahorse-pendant-uk\\\/#primaryimage\",\"url\":\"https:\\\/\\\/static.purejewels.com\\\/wp-content\\\/uploads\\\/2025\\\/10\\\/SKU-52431.jpg\",\"contentUrl\":\"https:\\\/\\\/static.purejewels.com\\\/wp-content\\\/uploads\\\/2025\\\/10\\\/SKU-52431.jpg\",\"width\":1000,\"height\":1000},{\"@type\":\"BreadcrumbList\",\"@id\":\"https:\\\/\\\/www.purejewels.com\\\/product\\\/22ct-gold-seahorse-pendant-uk\\\/#breadcrumb\",\"itemListElement\":[{\"@type\":\"ListItem\",\"position\":1,\"name\":\"Home\",\"item\":\"https:\\\/\\\/www.purejewels.com\\\/\"},{\"@type\":\"ListItem\",\"position\":2,\"name\":\"Shop\",\"item\":\"https:\\\/\\\/www.purejewels.com\\\/shop\\\/\"},{\"@type\":\"ListItem\",\"position\":3,\"name\":\"22ct Gold Seahorse Pendant\"}]},{\"@type\":\"WebSite\",\"@id\":\"https:\\\/\\\/www.purejewels.com\\\/#website\",\"url\":\"https:\\\/\\\/www.purejewels.com\\\/\",\"name\":\"PureJewels UK\",\"description\":\"Share the Love\",\"publisher\":{\"@id\":\"https:\\\/\\\/www.purejewels.com\\\/#organization\"},\"potentialAction\":[{\"@type\":\"SearchAction\",\"target\":{\"@type\":\"EntryPoint\",\"urlTemplate\":\"https:\\\/\\\/www.purejewels.com\\\/?s={search_term_string}\"},\"query-input\":{\"@type\":\"PropertyValueSpecification\",\"valueRequired\":true,\"valueName\":\"search_term_string\"}}],\"inLanguage\":\"de\"},{\"@type\":\"Organization\",\"@id\":\"https:\\\/\\\/www.purejewels.com\\\/#organization\",\"name\":\"PureJewels UK\",\"url\":\"https:\\\/\\\/www.purejewels.com\\\/\",\"logo\":{\"@type\":\"ImageObject\",\"inLanguage\":\"de\",\"@id\":\"https:\\\/\\\/www.purejewels.com\\\/#\\\/schema\\\/logo\\\/image\\\/\",\"url\":\"https:\\\/\\\/static.purejewels.com\\\/wp-content\\\/uploads\\\/2020\\\/11\\\/Logo-PJ-New-1.png\",\"contentUrl\":\"https:\\\/\\\/static.purejewels.com\\\/wp-content\\\/uploads\\\/2020\\\/11\\\/Logo-PJ-New-1.png\",\"width\":150,\"height\":80,\"caption\":\"PureJewels UK\"},\"image\":{\"@id\":\"https:\\\/\\\/www.purejewels.com\\\/#\\\/schema\\\/logo\\\/image\\\/\"}}]}<\/script>\n<!-- \/ Yoast SEO plugin. -->","yoast_head_json":{"title":"Shop der 22ct Gold Seepferdchen Anh\u00e4nger | PureJewels UK","description":"Dieser in London handgefertigte Seepferdchen-Anh\u00e4nger aus 22-kar\u00e4tigem Gold verf\u00fcgt \u00fcber einen modellierten K\u00f6rper und einen gewundenen Schwanz. Er ist vom britischen Assay Office gepunzt und mit einer komplizierten Strukturierung versehen.","robots":{"index":"index","follow":"follow","max-snippet":"max-snippet:-1","max-image-preview":"max-image-preview:large","max-video-preview":"max-video-preview:-1"},"canonical":"https:\/\/www.purejewels.com\/de\/produkt-2\/22ct-gold-seahorse-anhanger-uk\/","og_locale":"de_DE","og_type":"article","og_title":"Shop the 22ct Gold Seahorse Pendant | PureJewels UK","og_description":"Handcrafted in London, this 22ct Gold Seahorse Pendant features a sculpted body and curled tail, hallmarked by the UK Assay Office and finished with intricate texturing.","og_url":"https:\/\/www.purejewels.com\/de\/produkt-2\/22ct-gold-seahorse-anhanger-uk\/","og_site_name":"PureJewels UK","article_modified_time":"2026-02-10T23:10:35+00:00","og_image":[{"width":1000,"height":1000,"url":"https:\/\/static.purejewels.com\/wp-content\/uploads\/2025\/10\/SKU-52431.jpg","type":"image\/jpeg"}],"twitter_card":"summary_large_image","twitter_misc":{"Gesch\u00e4tzte Lesezeit":"1\u00a0Minute"},"schema":{"@context":"https:\/\/schema.org","@graph":[{"@type":["WebPage","ItemPage"],"@id":"https:\/\/www.purejewels.com\/product\/22ct-gold-seahorse-pendant-uk\/","url":"https:\/\/www.purejewels.com\/product\/22ct-gold-seahorse-pendant-uk\/","name":"Shop der 22ct Gold Seepferdchen Anh\u00e4nger | PureJewels UK","isPartOf":{"@id":"https:\/\/www.purejewels.com\/#website"},"primaryImageOfPage":{"@id":"https:\/\/www.purejewels.com\/product\/22ct-gold-seahorse-pendant-uk\/#primaryimage"},"image":{"@id":"https:\/\/www.purejewels.com\/product\/22ct-gold-seahorse-pendant-uk\/#primaryimage"},"thumbnailUrl":"https:\/\/static.purejewels.com\/wp-content\/uploads\/2025\/10\/SKU-52431.jpg","datePublished":"2025-10-23T06:16:06+00:00","dateModified":"2026-02-10T23:10:35+00:00","description":"Dieser in London handgefertigte Seepferdchen-Anh\u00e4nger aus 22-kar\u00e4tigem Gold verf\u00fcgt \u00fcber einen modellierten K\u00f6rper und einen gewundenen Schwanz. Er ist vom britischen Assay Office gepunzt und mit einer komplizierten Strukturierung versehen.","breadcrumb":{"@id":"https:\/\/www.purejewels.com\/product\/22ct-gold-seahorse-pendant-uk\/#breadcrumb"},"inLanguage":"de","potentialAction":[{"@type":"ReadAction","target":["https:\/\/www.purejewels.com\/product\/22ct-gold-seahorse-pendant-uk\/"]}]},{"@type":"ImageObject","inLanguage":"de","@id":"https:\/\/www.purejewels.com\/product\/22ct-gold-seahorse-pendant-uk\/#primaryimage","url":"https:\/\/static.purejewels.com\/wp-content\/uploads\/2025\/10\/SKU-52431.jpg","contentUrl":"https:\/\/static.purejewels.com\/wp-content\/uploads\/2025\/10\/SKU-52431.jpg","width":1000,"height":1000},{"@type":"BreadcrumbList","@id":"https:\/\/www.purejewels.com\/product\/22ct-gold-seahorse-pendant-uk\/#breadcrumb","itemListElement":[{"@type":"ListItem","position":1,"name":"Home","item":"https:\/\/www.purejewels.com\/"},{"@type":"ListItem","position":2,"name":"Shop","item":"https:\/\/www.purejewels.com\/shop\/"},{"@type":"ListItem","position":3,"name":"22ct Gold Seahorse Pendant"}]},{"@type":"WebSite","@id":"https:\/\/www.purejewels.com\/#website","url":"https:\/\/www.purejewels.com\/","name":"PureJewels UK","description":"Teile die Liebe","publisher":{"@id":"https:\/\/www.purejewels.com\/#organization"},"potentialAction":[{"@type":"SearchAction","target":{"@type":"EntryPoint","urlTemplate":"https:\/\/www.purejewels.com\/?s={search_term_string}"},"query-input":{"@type":"PropertyValueSpecification","valueRequired":true,"valueName":"search_term_string"}}],"inLanguage":"de"},{"@type":"Organization","@id":"https:\/\/www.purejewels.com\/#organization","name":"PureJewels UK","url":"https:\/\/www.purejewels.com\/","logo":{"@type":"ImageObject","inLanguage":"de","@id":"https:\/\/www.purejewels.com\/#\/schema\/logo\/image\/","url":"https:\/\/static.purejewels.com\/wp-content\/uploads\/2020\/11\/Logo-PJ-New-1.png","contentUrl":"https:\/\/static.purejewels.com\/wp-content\/uploads\/2020\/11\/Logo-PJ-New-1.png","width":150,"height":80,"caption":"PureJewels UK"},"image":{"@id":"https:\/\/www.purejewels.com\/#\/schema\/logo\/image\/"}}]}},"_links":{"self":[{"href":"https:\/\/www.purejewels.com\/de\/wp-json\/wp\/v2\/product\/418751","targetHints":{"allow":["GET"]}}],"collection":[{"href":"https:\/\/www.purejewels.com\/de\/wp-json\/wp\/v2\/product"}],"about":[{"href":"https:\/\/www.purejewels.com\/de\/wp-json\/wp\/v2\/types\/product"}],"replies":[{"embeddable":true,"href":"https:\/\/www.purejewels.com\/de\/wp-json\/wp\/v2\/comments?post=418751"}],"version-history":[{"count":1,"href":"https:\/\/www.purejewels.com\/de\/wp-json\/wp\/v2\/product\/418751\/revisions"}],"predecessor-version":[{"id":418757,"href":"https:\/\/www.purejewels.com\/de\/wp-json\/wp\/v2\/product\/418751\/revisions\/418757"}],"wp:featuredmedia":[{"embeddable":true,"href":"https:\/\/www.purejewels.com\/de\/wp-json\/wp\/v2\/media\/418755"}],"wp:attachment":[{"href":"https:\/\/www.purejewels.com\/de\/wp-json\/wp\/v2\/media?parent=418751"}],"wp:term":[{"taxonomy":"product_brand","embeddable":true,"href":"https:\/\/www.purejewels.com\/de\/wp-json\/wp\/v2\/product_brand?post=418751"},{"taxonomy":"product_cat","embeddable":true,"href":"https:\/\/www.purejewels.com\/de\/wp-json\/wp\/v2\/product_cat?post=418751"},{"taxonomy":"product_tag","embeddable":true,"href":"https:\/\/www.purejewels.com\/de\/wp-json\/wp\/v2\/product_tag?post=418751"}],"curies":[{"name":"wp","href":"https:\/\/api.w.org\/{rel}","templated":true}]}}