{"id":418759,"date":"2025-09-13T07:37:54","date_gmt":"2025-09-13T06:37:54","guid":{"rendered":"https:\/\/www.purejewels.com\/?post_type=product&#038;p=418759"},"modified":"2026-03-20T04:42:42","modified_gmt":"2026-03-20T04:42:42","slug":"22ct-gold-schmetterling-motiv-ohrstecker-52448","status":"publish","type":"product","link":"https:\/\/www.purejewels.com\/de\/product\/22ct-gold-butterfly-motif-studs-52448\/","title":{"rendered":"22ct Gold Floral Schmetterling Ohrringe"},"content":{"rendered":"<p><strong>Designkonzept<\/strong><br \/>\nInspiriert von einem bl\u00fchenden Garten in Bewegung, vereinen diese Ohrringe florale Elemente und einen sanft balancierenden Schmetterling - Symbole f\u00fcr Wachstum, Sch\u00f6nheit und Transformation. Die runde Form umrahmt diese nat\u00fcrliche Geschichte, w\u00e4hrend der sanfte Tropfen ein Gef\u00fchl von Leichtigkeit und Flie\u00dfen vermittelt und den ruhigen Rhythmus der Natur widerspiegelt.<\/p>\n<p><strong>Handwerkliches K\u00f6nnen<\/strong><br \/>\nFachm\u00e4nnisch aus strahlendem 22-kar\u00e4tigem Gold gefertigt, ist jedes Detail sorgf\u00e4ltig ausgearbeitet - von den weichen Kurven der Bl\u00fctenbl\u00e4tter bis hin zum fein geformten Schmetterling. Subtile Texturkontraste und zarte Akzente verst\u00e4rken Tiefe und Dimension und spiegeln die Kunstfertigkeit und die traditionellen Techniken wider, die PureJewels auszeichnen. Jedes St\u00fcck ist gepunzt und garantiert Echtheit und Reinheit.<\/p>\n<p><strong>Styling-Ideen<\/strong><br \/>\nDiese Ohrringe eignen sich sowohl f\u00fcr Anl\u00e4sse als auch f\u00fcr den Alltag:<\/p>\n<ul>\n<li>Kombinieren Sie es mit zarten Pastellfarben oder gebl\u00fcmten Ensembles f\u00fcr einen romantischen, femininen Look.<\/li>\n<li>Kombiniert mit klassischen Goldst\u00fccken f\u00fcr eine raffinierte, mehrschichtige \u00c4sthetik<\/li>\n<li>Tragen Sie das Design als Akzent zu minimalistischen Outfits und lassen Sie es strahlen<\/li>\n<\/ul>\n<p>Ein St\u00fcck, das sowohl Freude als auch Bedeutung ausstrahlt - perfekt, um pers\u00f6nliche Momente zu feiern oder bewusst zu verschenken.<\/p>","protected":false},"excerpt":{"rendered":"<p>Kaufen Sie florale Schmetterlingsohrringe aus 22 Karat Gold. Handgefertigt mit zarten Details, perfekt zum Verschenken, f\u00fcr Hochzeiten und f\u00fcr einen Hauch von naturinspirierter Eleganz.<\/p>\n<p><strong>Material:<\/strong>\u00a022ct Gold<br \/>\n<strong>Reinheit:<\/strong>\u00a091.6% rein<br \/>\n<strong>Wahrzeichen:<\/strong>\u00a0Britisches G\u00fctesiegel<strong><br \/>\n<\/strong><strong>Bruttogewicht: <\/strong>5,06 Gramm<br \/>\n<strong>Nettogewicht: <\/strong>5.01 Gms<br \/>\n<strong>SKU:<\/strong> 53192<\/p>\n<p><strong>Preis und Lieferung<\/strong>: Inklusive Mehrwertsteuer und Lieferkosten<br \/>\n<a href=\"https:\/\/www.purejewels.com\/de\/ruckgabepolitik\/\">R\u00fcckgabepolitik<\/a><\/p>","protected":false},"featured_media":427384,"comment_status":"closed","ping_status":"closed","template":"","meta":{"_eb_attr":"","_crsspst_to_jayantr4sg-hostcom":true},"product_brand":[],"product_cat":[1559,1793,5701,1792,1790,1254,1570,1577,1574,5349],"product_tag":[66],"class_list":{"0":"post-418759","1":"product","2":"type-product","3":"status-publish","4":"has-post-thumbnail","6":"product_cat-birthday-gifts","7":"product_cat-diwali-gifts","8":"product_cat-eid-jewellery","9":"product_cat-festival-gifts","10":"product_cat-for-whom-when","11":"product_cat-gold-earrings","12":"product_cat-mothers-day-gifts","13":"product_cat-stud-earrings","14":"product_cat-womens-jewellery","15":"product_cat-yellow-gold-jewellery","16":"product_tag-earrings","18":"first","19":"instock","20":"taxable","21":"shipping-taxable","22":"purchasable","23":"product-type-simple","24":"add-to-wishlist-before_image"},"yoast_head":"<!-- This site is optimized with the Yoast SEO plugin v27.4 - https:\/\/yoast.com\/product\/yoast-seo-wordpress\/ -->\n<title>Elegant 22ct Gold Butterfly Floral Earrings for Women<\/title>\n<meta name=\"description\" content=\"Delight in 22ct Gold Butterfly Motif Studs\u2014symbolic, lightweight, and beautifully detailed. A perfect gold gift or everyday piece from PureJewels London.\" \/>\n<meta name=\"robots\" content=\"index, follow, max-snippet:-1, max-image-preview:large, max-video-preview:-1\" \/>\n<link rel=\"canonical\" href=\"https:\/\/www.purejewels.com\/de\/produkt-2\/22ct-gold-schmetterling-motiv-ohrstecker-52448\/\" \/>\n<meta property=\"og:locale\" content=\"de_DE\" \/>\n<meta property=\"og:type\" content=\"article\" \/>\n<meta property=\"og:title\" content=\"Elegant 22ct Gold Butterfly Floral Earrings for Women\" \/>\n<meta property=\"og:description\" content=\"Delight in 22ct Gold Butterfly Motif Studs\u2014symbolic, lightweight, and beautifully detailed. A perfect gold gift or everyday piece from PureJewels London.\" \/>\n<meta property=\"og:url\" content=\"https:\/\/www.purejewels.com\/de\/produkt-2\/22ct-gold-schmetterling-motiv-ohrstecker-52448\/\" \/>\n<meta property=\"og:site_name\" content=\"PureJewels UK\" \/>\n<meta property=\"article:modified_time\" content=\"2026-03-20T04:42:42+00:00\" \/>\n<meta property=\"og:image\" content=\"https:\/\/static.purejewels.com\/wp-content\/uploads\/2025\/09\/53192-1.jpg\" \/>\n\t<meta property=\"og:image:width\" content=\"1000\" \/>\n\t<meta property=\"og:image:height\" content=\"1000\" \/>\n\t<meta property=\"og:image:type\" content=\"image\/jpeg\" \/>\n<meta name=\"twitter:card\" content=\"summary_large_image\" \/>\n<meta name=\"twitter:label1\" content=\"Gesch\u00e4tzte Lesezeit\" \/>\n\t<meta name=\"twitter:data1\" content=\"1\u00a0Minute\" \/>\n<script type=\"application\/ld+json\" class=\"yoast-schema-graph\">{\"@context\":\"https:\\\/\\\/schema.org\",\"@graph\":[{\"@type\":[\"WebPage\",\"ItemPage\"],\"@id\":\"https:\\\/\\\/www.purejewels.com\\\/product\\\/22ct-gold-butterfly-motif-studs-52448\\\/\",\"url\":\"https:\\\/\\\/www.purejewels.com\\\/product\\\/22ct-gold-butterfly-motif-studs-52448\\\/\",\"name\":\"Elegant 22ct Gold Butterfly Floral Earrings for Women\",\"isPartOf\":{\"@id\":\"https:\\\/\\\/www.purejewels.com\\\/#website\"},\"primaryImageOfPage\":{\"@id\":\"https:\\\/\\\/www.purejewels.com\\\/product\\\/22ct-gold-butterfly-motif-studs-52448\\\/#primaryimage\"},\"image\":{\"@id\":\"https:\\\/\\\/www.purejewels.com\\\/product\\\/22ct-gold-butterfly-motif-studs-52448\\\/#primaryimage\"},\"thumbnailUrl\":\"https:\\\/\\\/static.purejewels.com\\\/wp-content\\\/uploads\\\/2025\\\/09\\\/53192-1.jpg\",\"datePublished\":\"2025-09-13T06:37:54+00:00\",\"dateModified\":\"2026-03-20T04:42:42+00:00\",\"description\":\"Delight in 22ct Gold Butterfly Motif Studs\u2014symbolic, lightweight, and beautifully detailed. A perfect gold gift or everyday piece from PureJewels London.\",\"breadcrumb\":{\"@id\":\"https:\\\/\\\/www.purejewels.com\\\/product\\\/22ct-gold-butterfly-motif-studs-52448\\\/#breadcrumb\"},\"inLanguage\":\"de\",\"potentialAction\":[{\"@type\":\"ReadAction\",\"target\":[\"https:\\\/\\\/www.purejewels.com\\\/product\\\/22ct-gold-butterfly-motif-studs-52448\\\/\"]}]},{\"@type\":\"ImageObject\",\"inLanguage\":\"de\",\"@id\":\"https:\\\/\\\/www.purejewels.com\\\/product\\\/22ct-gold-butterfly-motif-studs-52448\\\/#primaryimage\",\"url\":\"https:\\\/\\\/static.purejewels.com\\\/wp-content\\\/uploads\\\/2025\\\/09\\\/53192-1.jpg\",\"contentUrl\":\"https:\\\/\\\/static.purejewels.com\\\/wp-content\\\/uploads\\\/2025\\\/09\\\/53192-1.jpg\",\"width\":1000,\"height\":1000,\"caption\":\"22ct Gold Floral Butterfly Earrings\"},{\"@type\":\"BreadcrumbList\",\"@id\":\"https:\\\/\\\/www.purejewels.com\\\/product\\\/22ct-gold-butterfly-motif-studs-52448\\\/#breadcrumb\",\"itemListElement\":[{\"@type\":\"ListItem\",\"position\":1,\"name\":\"Home\",\"item\":\"https:\\\/\\\/www.purejewels.com\\\/\"},{\"@type\":\"ListItem\",\"position\":2,\"name\":\"Shop\",\"item\":\"https:\\\/\\\/www.purejewels.com\\\/shop\\\/\"},{\"@type\":\"ListItem\",\"position\":3,\"name\":\"22ct Gold Floral Butterfly Earrings\"}]},{\"@type\":\"WebSite\",\"@id\":\"https:\\\/\\\/www.purejewels.com\\\/#website\",\"url\":\"https:\\\/\\\/www.purejewels.com\\\/\",\"name\":\"PureJewels UK\",\"description\":\"Share the Love\",\"publisher\":{\"@id\":\"https:\\\/\\\/www.purejewels.com\\\/#organization\"},\"potentialAction\":[{\"@type\":\"SearchAction\",\"target\":{\"@type\":\"EntryPoint\",\"urlTemplate\":\"https:\\\/\\\/www.purejewels.com\\\/?s={search_term_string}\"},\"query-input\":{\"@type\":\"PropertyValueSpecification\",\"valueRequired\":true,\"valueName\":\"search_term_string\"}}],\"inLanguage\":\"de\"},{\"@type\":\"Organization\",\"@id\":\"https:\\\/\\\/www.purejewels.com\\\/#organization\",\"name\":\"PureJewels UK\",\"url\":\"https:\\\/\\\/www.purejewels.com\\\/\",\"logo\":{\"@type\":\"ImageObject\",\"inLanguage\":\"de\",\"@id\":\"https:\\\/\\\/www.purejewels.com\\\/#\\\/schema\\\/logo\\\/image\\\/\",\"url\":\"https:\\\/\\\/static.purejewels.com\\\/wp-content\\\/uploads\\\/2020\\\/11\\\/Logo-PJ-New-1.png\",\"contentUrl\":\"https:\\\/\\\/static.purejewels.com\\\/wp-content\\\/uploads\\\/2020\\\/11\\\/Logo-PJ-New-1.png\",\"width\":150,\"height\":80,\"caption\":\"PureJewels UK\"},\"image\":{\"@id\":\"https:\\\/\\\/www.purejewels.com\\\/#\\\/schema\\\/logo\\\/image\\\/\"}}]}<\/script>\n<!-- \/ Yoast SEO plugin. -->","yoast_head_json":{"title":"Elegante 22ct Gold Schmetterling Floral Ohrringe f\u00fcr Frauen","description":"Erfreuen Sie sich an 22ct Gold Butterfly Motif Studs - symbolisch, leicht und wundersch\u00f6n detailliert. Ein perfektes goldenes Geschenk oder Alltagsst\u00fcck von PureJewels London.","robots":{"index":"index","follow":"follow","max-snippet":"max-snippet:-1","max-image-preview":"max-image-preview:large","max-video-preview":"max-video-preview:-1"},"canonical":"https:\/\/www.purejewels.com\/de\/produkt-2\/22ct-gold-schmetterling-motiv-ohrstecker-52448\/","og_locale":"de_DE","og_type":"article","og_title":"Elegant 22ct Gold Butterfly Floral Earrings for Women","og_description":"Delight in 22ct Gold Butterfly Motif Studs\u2014symbolic, lightweight, and beautifully detailed. A perfect gold gift or everyday piece from PureJewels London.","og_url":"https:\/\/www.purejewels.com\/de\/produkt-2\/22ct-gold-schmetterling-motiv-ohrstecker-52448\/","og_site_name":"PureJewels UK","article_modified_time":"2026-03-20T04:42:42+00:00","og_image":[{"width":1000,"height":1000,"url":"https:\/\/static.purejewels.com\/wp-content\/uploads\/2025\/09\/53192-1.jpg","type":"image\/jpeg"}],"twitter_card":"summary_large_image","twitter_misc":{"Gesch\u00e4tzte Lesezeit":"1\u00a0Minute"},"schema":{"@context":"https:\/\/schema.org","@graph":[{"@type":["WebPage","ItemPage"],"@id":"https:\/\/www.purejewels.com\/product\/22ct-gold-butterfly-motif-studs-52448\/","url":"https:\/\/www.purejewels.com\/product\/22ct-gold-butterfly-motif-studs-52448\/","name":"Elegante 22ct Gold Schmetterling Floral Ohrringe f\u00fcr Frauen","isPartOf":{"@id":"https:\/\/www.purejewels.com\/#website"},"primaryImageOfPage":{"@id":"https:\/\/www.purejewels.com\/product\/22ct-gold-butterfly-motif-studs-52448\/#primaryimage"},"image":{"@id":"https:\/\/www.purejewels.com\/product\/22ct-gold-butterfly-motif-studs-52448\/#primaryimage"},"thumbnailUrl":"https:\/\/static.purejewels.com\/wp-content\/uploads\/2025\/09\/53192-1.jpg","datePublished":"2025-09-13T06:37:54+00:00","dateModified":"2026-03-20T04:42:42+00:00","description":"Erfreuen Sie sich an 22ct Gold Butterfly Motif Studs - symbolisch, leicht und wundersch\u00f6n detailliert. Ein perfektes goldenes Geschenk oder Alltagsst\u00fcck von PureJewels London.","breadcrumb":{"@id":"https:\/\/www.purejewels.com\/product\/22ct-gold-butterfly-motif-studs-52448\/#breadcrumb"},"inLanguage":"de","potentialAction":[{"@type":"ReadAction","target":["https:\/\/www.purejewels.com\/product\/22ct-gold-butterfly-motif-studs-52448\/"]}]},{"@type":"ImageObject","inLanguage":"de","@id":"https:\/\/www.purejewels.com\/product\/22ct-gold-butterfly-motif-studs-52448\/#primaryimage","url":"https:\/\/static.purejewels.com\/wp-content\/uploads\/2025\/09\/53192-1.jpg","contentUrl":"https:\/\/static.purejewels.com\/wp-content\/uploads\/2025\/09\/53192-1.jpg","width":1000,"height":1000,"caption":"22ct Gold Floral Butterfly Earrings"},{"@type":"BreadcrumbList","@id":"https:\/\/www.purejewels.com\/product\/22ct-gold-butterfly-motif-studs-52448\/#breadcrumb","itemListElement":[{"@type":"ListItem","position":1,"name":"Home","item":"https:\/\/www.purejewels.com\/"},{"@type":"ListItem","position":2,"name":"Shop","item":"https:\/\/www.purejewels.com\/shop\/"},{"@type":"ListItem","position":3,"name":"22ct Gold Floral Butterfly Earrings"}]},{"@type":"WebSite","@id":"https:\/\/www.purejewels.com\/#website","url":"https:\/\/www.purejewels.com\/","name":"PureJewels UK","description":"Teile die Liebe","publisher":{"@id":"https:\/\/www.purejewels.com\/#organization"},"potentialAction":[{"@type":"SearchAction","target":{"@type":"EntryPoint","urlTemplate":"https:\/\/www.purejewels.com\/?s={search_term_string}"},"query-input":{"@type":"PropertyValueSpecification","valueRequired":true,"valueName":"search_term_string"}}],"inLanguage":"de"},{"@type":"Organization","@id":"https:\/\/www.purejewels.com\/#organization","name":"PureJewels UK","url":"https:\/\/www.purejewels.com\/","logo":{"@type":"ImageObject","inLanguage":"de","@id":"https:\/\/www.purejewels.com\/#\/schema\/logo\/image\/","url":"https:\/\/static.purejewels.com\/wp-content\/uploads\/2020\/11\/Logo-PJ-New-1.png","contentUrl":"https:\/\/static.purejewels.com\/wp-content\/uploads\/2020\/11\/Logo-PJ-New-1.png","width":150,"height":80,"caption":"PureJewels UK"},"image":{"@id":"https:\/\/www.purejewels.com\/#\/schema\/logo\/image\/"}}]}},"_links":{"self":[{"href":"https:\/\/www.purejewels.com\/de\/wp-json\/wp\/v2\/product\/418759","targetHints":{"allow":["GET"]}}],"collection":[{"href":"https:\/\/www.purejewels.com\/de\/wp-json\/wp\/v2\/product"}],"about":[{"href":"https:\/\/www.purejewels.com\/de\/wp-json\/wp\/v2\/types\/product"}],"replies":[{"embeddable":true,"href":"https:\/\/www.purejewels.com\/de\/wp-json\/wp\/v2\/comments?post=418759"}],"version-history":[{"count":3,"href":"https:\/\/www.purejewels.com\/de\/wp-json\/wp\/v2\/product\/418759\/revisions"}],"predecessor-version":[{"id":427385,"href":"https:\/\/www.purejewels.com\/de\/wp-json\/wp\/v2\/product\/418759\/revisions\/427385"}],"wp:featuredmedia":[{"embeddable":true,"href":"https:\/\/www.purejewels.com\/de\/wp-json\/wp\/v2\/media\/427384"}],"wp:attachment":[{"href":"https:\/\/www.purejewels.com\/de\/wp-json\/wp\/v2\/media?parent=418759"}],"wp:term":[{"taxonomy":"product_brand","embeddable":true,"href":"https:\/\/www.purejewels.com\/de\/wp-json\/wp\/v2\/product_brand?post=418759"},{"taxonomy":"product_cat","embeddable":true,"href":"https:\/\/www.purejewels.com\/de\/wp-json\/wp\/v2\/product_cat?post=418759"},{"taxonomy":"product_tag","embeddable":true,"href":"https:\/\/www.purejewels.com\/de\/wp-json\/wp\/v2\/product_tag?post=418759"}],"curies":[{"name":"wp","href":"https:\/\/api.w.org\/{rel}","templated":true}]}}