{"id":418777,"date":"2025-06-13T08:21:27","date_gmt":"2025-06-13T07:21:27","guid":{"rendered":"https:\/\/www.purejewels.com\/?post_type=product&#038;p=418777"},"modified":"2026-02-27T05:41:34","modified_gmt":"2026-02-27T05:41:34","slug":"22ct-gold-tigerkopf-anhanger-uk","status":"publish","type":"product","link":"https:\/\/www.purejewels.com\/de\/product\/22ct-gold-tiger-head-pendant-uk\/","title":{"rendered":"22ct Gold Tiger Kopf Anh\u00e4nger"},"content":{"rendered":"<p data-start=\"450\" data-end=\"739\"><strong data-start=\"450\" data-end=\"460\">Gestaltung<\/strong><br data-start=\"460\" data-end=\"463\" \/>Dieser imposante Anh\u00e4nger zeigt das Gesicht eines Tigers aus 22-kar\u00e4tigem Gold, das mit seinen geschichteten Strukturen und definierten Konturen Kraft und Schutz ausstrahlt. Die filigranen Schliffe und die erhabenen Details verleihen dem Gesicht Tiefe und symbolisieren Mut, F\u00fchrungsqualit\u00e4ten und Widerstandsf\u00e4higkeit.<\/p>\n<p data-start=\"741\" data-end=\"1018\"><strong data-start=\"741\" data-end=\"758\">Handwerkliches K\u00f6nnen<\/strong><br data-start=\"758\" data-end=\"761\" \/>Der in London handgefertigte und vom britischen Assay Office gepunzte Anh\u00e4nger zeichnet sich durch fachm\u00e4nnisch gegossene Texturen und hochglanzpolierte Highlights aus, die die Z\u00fcge des Tigers betonen. Das Design ist Ausdruck fortschrittlicher Goldschmiedekunst und sorgf\u00e4ltiger Aufmerksamkeit f\u00fcr Symmetrie und Verarbeitung.<\/p>\n<p data-start=\"1020\" data-end=\"1244\" data-is-last-node=\"\" data-is-only-node=\"\"><strong data-start=\"1020\" data-end=\"1041\">Styling &amp; Geschenkartikel<\/strong><br data-start=\"1041\" data-end=\"1044\" \/>Ein k\u00fchnes Statement f\u00fcr alle, die St\u00e4rke und Selbstvertrauen verk\u00f6rpern. Es eignet sich ideal als Geschenk zu Meilensteinen oder festlichen Anl\u00e4ssen und l\u00e4sst sich am besten mit einer dickeren Box oder Panzerkette kombinieren, um seine k\u00f6nigliche Pr\u00e4senz zu unterstreichen.<\/p>","protected":false},"excerpt":{"rendered":"<p>Ein auff\u00e4lliger Anh\u00e4nger aus 22 Karat Gold, der die St\u00e4rke und Pr\u00e4zision des Tigers widerspiegelt. Handgefertigt in London und f\u00fcr die Echtheit gepunzt.<\/p>\n<p><strong>Material:<\/strong> 22ct Gold (91,6% reines Gold)<strong><br \/>\nWahrzeichen:\u00a0<\/strong>Britisches G\u00fctesiegel<strong><br \/>\n<\/strong><strong>Bruttogewicht: <\/strong>\u00a09.3 Gms<strong><br \/>\nSKU: <\/strong>52963, 51044<\/p>\n<p><strong>Preis und Lieferung: <\/strong>Der Kettenpreis ist nicht inbegriffen, inklusive Mehrwertsteuer und Versandkosten.<strong><br \/>\n<a href=\"https:\/\/www.purejewels.com\/de\/ruckgabepolitik\/\">R\u00fcckgabepolitik<\/a><\/strong><\/p>","protected":false},"featured_media":418781,"comment_status":"closed","ping_status":"closed","template":"","meta":{"_eb_attr":"","_crsspst_to_jayantr4sg-hostcom":true},"product_brand":[],"product_cat":[1793,1571,1229,1255,1572,1768,1574,5349],"product_tag":[6175],"class_list":{"0":"post-418777","1":"product","2":"type-product","3":"status-publish","4":"has-post-thumbnail","6":"product_cat-diwali-gifts","7":"product_cat-fathers-day-gifts","8":"product_cat-22ct-gold-jewellery","9":"product_cat-gold-pendants","10":"product_cat-mens-jewellery","11":"product_cat-mens-pendants","12":"product_cat-womens-jewellery","13":"product_cat-yellow-gold-jewellery","14":"product_tag-22ct-tiger-pendant-uk","16":"first","17":"instock","18":"taxable","19":"shipping-taxable","20":"purchasable","21":"product-type-simple","22":"add-to-wishlist-before_image"},"yoast_head":"<!-- This site is optimized with the Yoast SEO plugin v27.4 - https:\/\/yoast.com\/product\/yoast-seo-wordpress\/ -->\n<title>22ct Gold Tiger Head Pendant | PureJewels UK<\/title>\n<meta name=\"description\" content=\"Handcrafted in London, this 22ct Gold Tiger Head Pendant features intricate detailing and bold symmetry, hallmarked by the UK Assay Office.\" \/>\n<meta name=\"robots\" content=\"index, follow, max-snippet:-1, max-image-preview:large, max-video-preview:-1\" \/>\n<link rel=\"canonical\" href=\"https:\/\/www.purejewels.com\/de\/produkt-2\/22ct-gold-tigerkopf-anhanger-uk\/\" \/>\n<meta property=\"og:locale\" content=\"de_DE\" \/>\n<meta property=\"og:type\" content=\"article\" \/>\n<meta property=\"og:title\" content=\"22ct Gold Tiger Head Pendant | PureJewels UK\" \/>\n<meta property=\"og:description\" content=\"Handcrafted in London, this 22ct Gold Tiger Head Pendant features intricate detailing and bold symmetry, hallmarked by the UK Assay Office.\" \/>\n<meta property=\"og:url\" content=\"https:\/\/www.purejewels.com\/de\/produkt-2\/22ct-gold-tigerkopf-anhanger-uk\/\" \/>\n<meta property=\"og:site_name\" content=\"PureJewels UK\" \/>\n<meta property=\"article:modified_time\" content=\"2026-02-27T05:41:34+00:00\" \/>\n<meta property=\"og:image\" content=\"https:\/\/static.purejewels.com\/wp-content\/uploads\/2025\/10\/SKU-51044.jpg\" \/>\n\t<meta property=\"og:image:width\" content=\"1000\" \/>\n\t<meta property=\"og:image:height\" content=\"1000\" \/>\n\t<meta property=\"og:image:type\" content=\"image\/jpeg\" \/>\n<meta name=\"twitter:card\" content=\"summary_large_image\" \/>\n<meta name=\"twitter:label1\" content=\"Gesch\u00e4tzte Lesezeit\" \/>\n\t<meta name=\"twitter:data1\" content=\"1\u00a0Minute\" \/>\n<script type=\"application\/ld+json\" class=\"yoast-schema-graph\">{\"@context\":\"https:\\\/\\\/schema.org\",\"@graph\":[{\"@type\":[\"WebPage\",\"ItemPage\"],\"@id\":\"https:\\\/\\\/www.purejewels.com\\\/product\\\/22ct-gold-tiger-head-pendant-uk\\\/\",\"url\":\"https:\\\/\\\/www.purejewels.com\\\/product\\\/22ct-gold-tiger-head-pendant-uk\\\/\",\"name\":\"22ct Gold Tiger Head Pendant | PureJewels UK\",\"isPartOf\":{\"@id\":\"https:\\\/\\\/www.purejewels.com\\\/#website\"},\"primaryImageOfPage\":{\"@id\":\"https:\\\/\\\/www.purejewels.com\\\/product\\\/22ct-gold-tiger-head-pendant-uk\\\/#primaryimage\"},\"image\":{\"@id\":\"https:\\\/\\\/www.purejewels.com\\\/product\\\/22ct-gold-tiger-head-pendant-uk\\\/#primaryimage\"},\"thumbnailUrl\":\"https:\\\/\\\/static.purejewels.com\\\/wp-content\\\/uploads\\\/2025\\\/10\\\/SKU-51044.jpg\",\"datePublished\":\"2025-06-13T07:21:27+00:00\",\"dateModified\":\"2026-02-27T05:41:34+00:00\",\"description\":\"Handcrafted in London, this 22ct Gold Tiger Head Pendant features intricate detailing and bold symmetry, hallmarked by the UK Assay Office.\",\"breadcrumb\":{\"@id\":\"https:\\\/\\\/www.purejewels.com\\\/product\\\/22ct-gold-tiger-head-pendant-uk\\\/#breadcrumb\"},\"inLanguage\":\"de\",\"potentialAction\":[{\"@type\":\"ReadAction\",\"target\":[\"https:\\\/\\\/www.purejewels.com\\\/product\\\/22ct-gold-tiger-head-pendant-uk\\\/\"]}]},{\"@type\":\"ImageObject\",\"inLanguage\":\"de\",\"@id\":\"https:\\\/\\\/www.purejewels.com\\\/product\\\/22ct-gold-tiger-head-pendant-uk\\\/#primaryimage\",\"url\":\"https:\\\/\\\/static.purejewels.com\\\/wp-content\\\/uploads\\\/2025\\\/10\\\/SKU-51044.jpg\",\"contentUrl\":\"https:\\\/\\\/static.purejewels.com\\\/wp-content\\\/uploads\\\/2025\\\/10\\\/SKU-51044.jpg\",\"width\":1000,\"height\":1000},{\"@type\":\"BreadcrumbList\",\"@id\":\"https:\\\/\\\/www.purejewels.com\\\/product\\\/22ct-gold-tiger-head-pendant-uk\\\/#breadcrumb\",\"itemListElement\":[{\"@type\":\"ListItem\",\"position\":1,\"name\":\"Home\",\"item\":\"https:\\\/\\\/www.purejewels.com\\\/\"},{\"@type\":\"ListItem\",\"position\":2,\"name\":\"Shop\",\"item\":\"https:\\\/\\\/www.purejewels.com\\\/shop\\\/\"},{\"@type\":\"ListItem\",\"position\":3,\"name\":\"22ct Gold Tiger Head Pendant\"}]},{\"@type\":\"WebSite\",\"@id\":\"https:\\\/\\\/www.purejewels.com\\\/#website\",\"url\":\"https:\\\/\\\/www.purejewels.com\\\/\",\"name\":\"PureJewels UK\",\"description\":\"Share the Love\",\"publisher\":{\"@id\":\"https:\\\/\\\/www.purejewels.com\\\/#organization\"},\"potentialAction\":[{\"@type\":\"SearchAction\",\"target\":{\"@type\":\"EntryPoint\",\"urlTemplate\":\"https:\\\/\\\/www.purejewels.com\\\/?s={search_term_string}\"},\"query-input\":{\"@type\":\"PropertyValueSpecification\",\"valueRequired\":true,\"valueName\":\"search_term_string\"}}],\"inLanguage\":\"de\"},{\"@type\":\"Organization\",\"@id\":\"https:\\\/\\\/www.purejewels.com\\\/#organization\",\"name\":\"PureJewels UK\",\"url\":\"https:\\\/\\\/www.purejewels.com\\\/\",\"logo\":{\"@type\":\"ImageObject\",\"inLanguage\":\"de\",\"@id\":\"https:\\\/\\\/www.purejewels.com\\\/#\\\/schema\\\/logo\\\/image\\\/\",\"url\":\"https:\\\/\\\/static.purejewels.com\\\/wp-content\\\/uploads\\\/2020\\\/11\\\/Logo-PJ-New-1.png\",\"contentUrl\":\"https:\\\/\\\/static.purejewels.com\\\/wp-content\\\/uploads\\\/2020\\\/11\\\/Logo-PJ-New-1.png\",\"width\":150,\"height\":80,\"caption\":\"PureJewels UK\"},\"image\":{\"@id\":\"https:\\\/\\\/www.purejewels.com\\\/#\\\/schema\\\/logo\\\/image\\\/\"}}]}<\/script>\n<!-- \/ Yoast SEO plugin. -->","yoast_head_json":{"title":"22ct Gold Tiger Kopf Anh\u00e4nger | PureJewels UK","description":"Dieser in London handgefertigte Anh\u00e4nger aus 22-kar\u00e4tigem Gold mit Tigerkopf zeichnet sich durch komplizierte Details und k\u00fchne Symmetrie aus und wurde vom britischen Assay Office gestempelt.","robots":{"index":"index","follow":"follow","max-snippet":"max-snippet:-1","max-image-preview":"max-image-preview:large","max-video-preview":"max-video-preview:-1"},"canonical":"https:\/\/www.purejewels.com\/de\/produkt-2\/22ct-gold-tigerkopf-anhanger-uk\/","og_locale":"de_DE","og_type":"article","og_title":"22ct Gold Tiger Head Pendant | PureJewels UK","og_description":"Handcrafted in London, this 22ct Gold Tiger Head Pendant features intricate detailing and bold symmetry, hallmarked by the UK Assay Office.","og_url":"https:\/\/www.purejewels.com\/de\/produkt-2\/22ct-gold-tigerkopf-anhanger-uk\/","og_site_name":"PureJewels UK","article_modified_time":"2026-02-27T05:41:34+00:00","og_image":[{"width":1000,"height":1000,"url":"https:\/\/static.purejewels.com\/wp-content\/uploads\/2025\/10\/SKU-51044.jpg","type":"image\/jpeg"}],"twitter_card":"summary_large_image","twitter_misc":{"Gesch\u00e4tzte Lesezeit":"1\u00a0Minute"},"schema":{"@context":"https:\/\/schema.org","@graph":[{"@type":["WebPage","ItemPage"],"@id":"https:\/\/www.purejewels.com\/product\/22ct-gold-tiger-head-pendant-uk\/","url":"https:\/\/www.purejewels.com\/product\/22ct-gold-tiger-head-pendant-uk\/","name":"22ct Gold Tiger Kopf Anh\u00e4nger | PureJewels UK","isPartOf":{"@id":"https:\/\/www.purejewels.com\/#website"},"primaryImageOfPage":{"@id":"https:\/\/www.purejewels.com\/product\/22ct-gold-tiger-head-pendant-uk\/#primaryimage"},"image":{"@id":"https:\/\/www.purejewels.com\/product\/22ct-gold-tiger-head-pendant-uk\/#primaryimage"},"thumbnailUrl":"https:\/\/static.purejewels.com\/wp-content\/uploads\/2025\/10\/SKU-51044.jpg","datePublished":"2025-06-13T07:21:27+00:00","dateModified":"2026-02-27T05:41:34+00:00","description":"Dieser in London handgefertigte Anh\u00e4nger aus 22-kar\u00e4tigem Gold mit Tigerkopf zeichnet sich durch komplizierte Details und k\u00fchne Symmetrie aus und wurde vom britischen Assay Office gestempelt.","breadcrumb":{"@id":"https:\/\/www.purejewels.com\/product\/22ct-gold-tiger-head-pendant-uk\/#breadcrumb"},"inLanguage":"de","potentialAction":[{"@type":"ReadAction","target":["https:\/\/www.purejewels.com\/product\/22ct-gold-tiger-head-pendant-uk\/"]}]},{"@type":"ImageObject","inLanguage":"de","@id":"https:\/\/www.purejewels.com\/product\/22ct-gold-tiger-head-pendant-uk\/#primaryimage","url":"https:\/\/static.purejewels.com\/wp-content\/uploads\/2025\/10\/SKU-51044.jpg","contentUrl":"https:\/\/static.purejewels.com\/wp-content\/uploads\/2025\/10\/SKU-51044.jpg","width":1000,"height":1000},{"@type":"BreadcrumbList","@id":"https:\/\/www.purejewels.com\/product\/22ct-gold-tiger-head-pendant-uk\/#breadcrumb","itemListElement":[{"@type":"ListItem","position":1,"name":"Home","item":"https:\/\/www.purejewels.com\/"},{"@type":"ListItem","position":2,"name":"Shop","item":"https:\/\/www.purejewels.com\/shop\/"},{"@type":"ListItem","position":3,"name":"22ct Gold Tiger Head Pendant"}]},{"@type":"WebSite","@id":"https:\/\/www.purejewels.com\/#website","url":"https:\/\/www.purejewels.com\/","name":"PureJewels UK","description":"Teile die Liebe","publisher":{"@id":"https:\/\/www.purejewels.com\/#organization"},"potentialAction":[{"@type":"SearchAction","target":{"@type":"EntryPoint","urlTemplate":"https:\/\/www.purejewels.com\/?s={search_term_string}"},"query-input":{"@type":"PropertyValueSpecification","valueRequired":true,"valueName":"search_term_string"}}],"inLanguage":"de"},{"@type":"Organization","@id":"https:\/\/www.purejewels.com\/#organization","name":"PureJewels UK","url":"https:\/\/www.purejewels.com\/","logo":{"@type":"ImageObject","inLanguage":"de","@id":"https:\/\/www.purejewels.com\/#\/schema\/logo\/image\/","url":"https:\/\/static.purejewels.com\/wp-content\/uploads\/2020\/11\/Logo-PJ-New-1.png","contentUrl":"https:\/\/static.purejewels.com\/wp-content\/uploads\/2020\/11\/Logo-PJ-New-1.png","width":150,"height":80,"caption":"PureJewels UK"},"image":{"@id":"https:\/\/www.purejewels.com\/#\/schema\/logo\/image\/"}}]}},"_links":{"self":[{"href":"https:\/\/www.purejewels.com\/de\/wp-json\/wp\/v2\/product\/418777","targetHints":{"allow":["GET"]}}],"collection":[{"href":"https:\/\/www.purejewels.com\/de\/wp-json\/wp\/v2\/product"}],"about":[{"href":"https:\/\/www.purejewels.com\/de\/wp-json\/wp\/v2\/types\/product"}],"replies":[{"embeddable":true,"href":"https:\/\/www.purejewels.com\/de\/wp-json\/wp\/v2\/comments?post=418777"}],"version-history":[{"count":2,"href":"https:\/\/www.purejewels.com\/de\/wp-json\/wp\/v2\/product\/418777\/revisions"}],"predecessor-version":[{"id":426025,"href":"https:\/\/www.purejewels.com\/de\/wp-json\/wp\/v2\/product\/418777\/revisions\/426025"}],"wp:featuredmedia":[{"embeddable":true,"href":"https:\/\/www.purejewels.com\/de\/wp-json\/wp\/v2\/media\/418781"}],"wp:attachment":[{"href":"https:\/\/www.purejewels.com\/de\/wp-json\/wp\/v2\/media?parent=418777"}],"wp:term":[{"taxonomy":"product_brand","embeddable":true,"href":"https:\/\/www.purejewels.com\/de\/wp-json\/wp\/v2\/product_brand?post=418777"},{"taxonomy":"product_cat","embeddable":true,"href":"https:\/\/www.purejewels.com\/de\/wp-json\/wp\/v2\/product_cat?post=418777"},{"taxonomy":"product_tag","embeddable":true,"href":"https:\/\/www.purejewels.com\/de\/wp-json\/wp\/v2\/product_tag?post=418777"}],"curies":[{"name":"wp","href":"https:\/\/api.w.org\/{rel}","templated":true}]}}