{"id":418804,"date":"2025-09-13T09:20:31","date_gmt":"2025-09-13T08:20:31","guid":{"rendered":"https:\/\/www.purejewels.com\/?post_type=product&#038;p=418804"},"modified":"2026-01-06T05:35:00","modified_gmt":"2026-01-06T05:35:00","slug":"klassische-kugel-ohrstecker-aus-22-karat-gold-52406","status":"publish","type":"product","link":"https:\/\/www.purejewels.com\/de\/product\/22ct-gold-classic-ball-stud-earrings-52406\/","title":{"rendered":"Klassische Kugel-Ohrstecker aus 22 Karat Gold"},"content":{"rendered":"<p data-start=\"460\" data-end=\"724\"><strong data-start=\"460\" data-end=\"479\">Designkonzept<\/strong><\/p>\n<p data-start=\"460\" data-end=\"724\">Schlichtheit in Reinkultur. Diese klassischen Kugelohrstecker sind f\u00fcr all jene gedacht, die die reine Form und die Eleganz des Alltags sch\u00e4tzen. Mit ihrer glatten, kugelf\u00f6rmigen Silhouette bieten sie eine zeitlose \u00c4sthetik, die zu jedem Stil und Anlass passt.<\/p>\n<p data-start=\"726\" data-end=\"1083\"><strong data-start=\"726\" data-end=\"744\">Handwerkliches K\u00f6nnen<\/strong><\/p>\n<p data-start=\"726\" data-end=\"1083\">Diese handgefertigten Ohrstecker aus hochreinem 22-kar\u00e4tigem Gelbgold sind auf einen spiegelnden Glanz poliert, der ihren nat\u00fcrlichen Glanz verst\u00e4rkt. Sie sind leicht und dennoch langlebig und verf\u00fcgen \u00fcber einen sicheren Schraubverschluss, der f\u00fcr zus\u00e4tzlichen Komfort und Sicherheit sorgt. Jedes Paar ist vom London Assay Office gepunzt, was seine Echtheit und Qualit\u00e4t best\u00e4tigt.<\/p>\n<p data-start=\"1085\" data-end=\"1365\"><strong data-start=\"1085\" data-end=\"1103\">Styling-Ideen<\/strong><\/p>\n<p data-start=\"1085\" data-end=\"1365\">Diese minimalistischen, aber aussagekr\u00e4ftigen Kugel-Ohrstecker aus 22 Karat Gold sind das ultimative Basisst\u00fcck in Ihrem Weihnachtsschmuckk\u00e4stchen. Ihr vielseitiger Unisex-Charme und ihre zeitlose Silhouette machen sie zu einem unverzichtbaren Accessoire f\u00fcr die Weihnachtszeit und dar\u00fcber hinaus.<\/p>","protected":false},"excerpt":{"rendered":"<p>Diese schlichten und zeitlosen klassischen Kugelohrstecker aus 22 Karat Gold sind ein t\u00e4gliches Muss. Gefertigt aus strahlendem Gelbgold mit einem polierten Finish, verleiht ihre kugelf\u00f6rmige Schlichtheit jedem Look m\u00fchelose Eleganz - von l\u00e4ssig bis raffiniert.<\/p>\n<p><strong>Material:<\/strong>\u00a022ct Gold<br \/>\n<strong>Reinheit:<\/strong>\u00a091.6% rein<br \/>\n<strong>Wahrzeichen:<\/strong>\u00a0Britisches G\u00fctesiegel<strong><br \/>\n<\/strong><strong>Bruttogewicht: <\/strong>1,01 Gramm<br \/>\n<strong>SKU:<\/strong> 52406<\/p>\n<p><strong>Preis und Lieferung<\/strong>: Inklusive Mehrwertsteuer und Lieferkosten<br \/>\n<a href=\"https:\/\/www.purejewels.com\/de\/ruckgabepolitik\/\">R\u00fcckgabepolitik<\/a><\/p>","protected":false},"featured_media":418809,"comment_status":"closed","ping_status":"closed","template":"","meta":{"_eb_attr":"","_crsspst_to_jayantr4sg-hostcom":true},"product_brand":[],"product_cat":[1559,1576,236,1793,1792,1790,1254,5342,5599,5943,1570,1577,1575,1574,5349],"product_tag":[66],"class_list":{"0":"post-418804","1":"product","2":"type-product","3":"status-publish","4":"has-post-thumbnail","6":"product_cat-birthday-gifts","7":"product_cat-childrens-jewellery","8":"product_cat-collections","9":"product_cat-diwali-gifts","10":"product_cat-festival-gifts","11":"product_cat-for-whom-when","12":"product_cat-gold-earrings","13":"product_cat-jewellery-under-250","14":"product_cat-baby-earring","15":"product_cat-kids-jewellery","16":"product_cat-mothers-day-gifts","17":"product_cat-stud-earrings","18":"product_cat-teenage-jewellery","19":"product_cat-womens-jewellery","20":"product_cat-yellow-gold-jewellery","21":"product_tag-earrings","23":"first","24":"outofstock","25":"taxable","26":"shipping-taxable","27":"product-type-simple","28":"add-to-wishlist-before_image"},"yoast_head":"<!-- This site is optimized with the Yoast SEO plugin v27.5 - https:\/\/yoast.com\/product\/yoast-seo-wordpress\/ -->\n<title>22ct Gold Classic Ball Stud Earrings | PureJewels London<\/title>\n<meta name=\"description\" content=\"Discover our 22ct Gold Classic Ball Stud Earrings \u2014 timeless, minimal, and perfect for daily wear. Handcrafted in pure gold at PureJewels London.\" \/>\n<meta name=\"robots\" content=\"index, follow, max-snippet:-1, max-image-preview:large, max-video-preview:-1\" \/>\n<link rel=\"canonical\" href=\"https:\/\/www.purejewels.com\/de\/produkt-2\/klassische-kugel-ohrstecker-aus-22-karat-gold-52406\/\" \/>\n<meta property=\"og:locale\" content=\"de_DE\" \/>\n<meta property=\"og:type\" content=\"article\" \/>\n<meta property=\"og:title\" content=\"22ct Gold Classic Ball Stud Earrings | PureJewels London\" \/>\n<meta property=\"og:description\" content=\"Discover our 22ct Gold Classic Ball Stud Earrings \u2014 timeless, minimal, and perfect for daily wear. Handcrafted in pure gold at PureJewels London.\" \/>\n<meta property=\"og:url\" content=\"https:\/\/www.purejewels.com\/de\/produkt-2\/klassische-kugel-ohrstecker-aus-22-karat-gold-52406\/\" \/>\n<meta property=\"og:site_name\" content=\"PureJewels UK\" \/>\n<meta property=\"article:modified_time\" content=\"2026-01-06T05:35:00+00:00\" \/>\n<meta property=\"og:image\" content=\"https:\/\/www.purejewels.com\/wp-content\/uploads\/2025\/10\/SKu-52406.jpg\" \/>\n\t<meta property=\"og:image:width\" content=\"1000\" \/>\n\t<meta property=\"og:image:height\" content=\"1000\" \/>\n\t<meta property=\"og:image:type\" content=\"image\/jpeg\" \/>\n<meta name=\"twitter:card\" content=\"summary_large_image\" \/>\n<meta name=\"twitter:label1\" content=\"Gesch\u00e4tzte Lesezeit\" \/>\n\t<meta name=\"twitter:data1\" content=\"1\u00a0Minute\" \/>\n<script type=\"application\/ld+json\" class=\"yoast-schema-graph\">{\"@context\":\"https:\\\/\\\/schema.org\",\"@graph\":[{\"@type\":[\"WebPage\",\"ItemPage\"],\"@id\":\"https:\\\/\\\/www.purejewels.com\\\/product\\\/22ct-gold-classic-ball-stud-earrings-52406\\\/\",\"url\":\"https:\\\/\\\/www.purejewels.com\\\/product\\\/22ct-gold-classic-ball-stud-earrings-52406\\\/\",\"name\":\"22ct Gold Classic Ball Stud Earrings | PureJewels London\",\"isPartOf\":{\"@id\":\"https:\\\/\\\/www.purejewels.com\\\/#website\"},\"primaryImageOfPage\":{\"@id\":\"https:\\\/\\\/www.purejewels.com\\\/product\\\/22ct-gold-classic-ball-stud-earrings-52406\\\/#primaryimage\"},\"image\":{\"@id\":\"https:\\\/\\\/www.purejewels.com\\\/product\\\/22ct-gold-classic-ball-stud-earrings-52406\\\/#primaryimage\"},\"thumbnailUrl\":\"https:\\\/\\\/static.purejewels.com\\\/wp-content\\\/uploads\\\/2025\\\/10\\\/SKu-52406.jpg\",\"datePublished\":\"2025-09-13T08:20:31+00:00\",\"dateModified\":\"2026-01-06T05:35:00+00:00\",\"description\":\"Discover our 22ct Gold Classic Ball Stud Earrings \u2014 timeless, minimal, and perfect for daily wear. Handcrafted in pure gold at PureJewels London.\",\"breadcrumb\":{\"@id\":\"https:\\\/\\\/www.purejewels.com\\\/product\\\/22ct-gold-classic-ball-stud-earrings-52406\\\/#breadcrumb\"},\"inLanguage\":\"de\",\"potentialAction\":[{\"@type\":\"ReadAction\",\"target\":[\"https:\\\/\\\/www.purejewels.com\\\/product\\\/22ct-gold-classic-ball-stud-earrings-52406\\\/\"]}]},{\"@type\":\"ImageObject\",\"inLanguage\":\"de\",\"@id\":\"https:\\\/\\\/www.purejewels.com\\\/product\\\/22ct-gold-classic-ball-stud-earrings-52406\\\/#primaryimage\",\"url\":\"https:\\\/\\\/static.purejewels.com\\\/wp-content\\\/uploads\\\/2025\\\/10\\\/SKu-52406.jpg\",\"contentUrl\":\"https:\\\/\\\/static.purejewels.com\\\/wp-content\\\/uploads\\\/2025\\\/10\\\/SKu-52406.jpg\",\"width\":1000,\"height\":1000,\"caption\":\"22ct Gold Classic Ball Stud Earrings\"},{\"@type\":\"BreadcrumbList\",\"@id\":\"https:\\\/\\\/www.purejewels.com\\\/product\\\/22ct-gold-classic-ball-stud-earrings-52406\\\/#breadcrumb\",\"itemListElement\":[{\"@type\":\"ListItem\",\"position\":1,\"name\":\"Home\",\"item\":\"https:\\\/\\\/www.purejewels.com\\\/\"},{\"@type\":\"ListItem\",\"position\":2,\"name\":\"Shop\",\"item\":\"https:\\\/\\\/www.purejewels.com\\\/shop\\\/\"},{\"@type\":\"ListItem\",\"position\":3,\"name\":\"22ct Gold Classic Ball Stud Earrings\"}]},{\"@type\":\"WebSite\",\"@id\":\"https:\\\/\\\/www.purejewels.com\\\/#website\",\"url\":\"https:\\\/\\\/www.purejewels.com\\\/\",\"name\":\"PureJewels UK\",\"description\":\"Share the Love\",\"publisher\":{\"@id\":\"https:\\\/\\\/www.purejewels.com\\\/#organization\"},\"potentialAction\":[{\"@type\":\"SearchAction\",\"target\":{\"@type\":\"EntryPoint\",\"urlTemplate\":\"https:\\\/\\\/www.purejewels.com\\\/?s={search_term_string}\"},\"query-input\":{\"@type\":\"PropertyValueSpecification\",\"valueRequired\":true,\"valueName\":\"search_term_string\"}}],\"inLanguage\":\"de\"},{\"@type\":\"Organization\",\"@id\":\"https:\\\/\\\/www.purejewels.com\\\/#organization\",\"name\":\"PureJewels UK\",\"url\":\"https:\\\/\\\/www.purejewels.com\\\/\",\"logo\":{\"@type\":\"ImageObject\",\"inLanguage\":\"de\",\"@id\":\"https:\\\/\\\/www.purejewels.com\\\/#\\\/schema\\\/logo\\\/image\\\/\",\"url\":\"https:\\\/\\\/static.purejewels.com\\\/wp-content\\\/uploads\\\/2020\\\/11\\\/Logo-PJ-New-1.png\",\"contentUrl\":\"https:\\\/\\\/static.purejewels.com\\\/wp-content\\\/uploads\\\/2020\\\/11\\\/Logo-PJ-New-1.png\",\"width\":150,\"height\":80,\"caption\":\"PureJewels UK\"},\"image\":{\"@id\":\"https:\\\/\\\/www.purejewels.com\\\/#\\\/schema\\\/logo\\\/image\\\/\"}}]}<\/script>\n<!-- \/ Yoast SEO plugin. -->","yoast_head_json":{"title":"22ct Gold Klassische Kugel-Ohrstecker | PureJewels London","description":"Entdecken Sie unsere 22ct Gold Classic Ball Stud Earrings - zeitlos, minimalistisch und perfekt f\u00fcr den t\u00e4glichen Gebrauch. Handgefertigt aus reinem Gold bei PureJewels London.","robots":{"index":"index","follow":"follow","max-snippet":"max-snippet:-1","max-image-preview":"max-image-preview:large","max-video-preview":"max-video-preview:-1"},"canonical":"https:\/\/www.purejewels.com\/de\/produkt-2\/klassische-kugel-ohrstecker-aus-22-karat-gold-52406\/","og_locale":"de_DE","og_type":"article","og_title":"22ct Gold Classic Ball Stud Earrings | PureJewels London","og_description":"Discover our 22ct Gold Classic Ball Stud Earrings \u2014 timeless, minimal, and perfect for daily wear. Handcrafted in pure gold at PureJewels London.","og_url":"https:\/\/www.purejewels.com\/de\/produkt-2\/klassische-kugel-ohrstecker-aus-22-karat-gold-52406\/","og_site_name":"PureJewels UK","article_modified_time":"2026-01-06T05:35:00+00:00","og_image":[{"width":1000,"height":1000,"url":"https:\/\/www.purejewels.com\/wp-content\/uploads\/2025\/10\/SKu-52406.jpg","type":"image\/jpeg"}],"twitter_card":"summary_large_image","twitter_misc":{"Gesch\u00e4tzte Lesezeit":"1\u00a0Minute"},"schema":{"@context":"https:\/\/schema.org","@graph":[{"@type":["WebPage","ItemPage"],"@id":"https:\/\/www.purejewels.com\/product\/22ct-gold-classic-ball-stud-earrings-52406\/","url":"https:\/\/www.purejewels.com\/product\/22ct-gold-classic-ball-stud-earrings-52406\/","name":"22ct Gold Klassische Kugel-Ohrstecker | PureJewels London","isPartOf":{"@id":"https:\/\/www.purejewels.com\/#website"},"primaryImageOfPage":{"@id":"https:\/\/www.purejewels.com\/product\/22ct-gold-classic-ball-stud-earrings-52406\/#primaryimage"},"image":{"@id":"https:\/\/www.purejewels.com\/product\/22ct-gold-classic-ball-stud-earrings-52406\/#primaryimage"},"thumbnailUrl":"https:\/\/static.purejewels.com\/wp-content\/uploads\/2025\/10\/SKu-52406.jpg","datePublished":"2025-09-13T08:20:31+00:00","dateModified":"2026-01-06T05:35:00+00:00","description":"Entdecken Sie unsere 22ct Gold Classic Ball Stud Earrings - zeitlos, minimalistisch und perfekt f\u00fcr den t\u00e4glichen Gebrauch. Handgefertigt aus reinem Gold bei PureJewels London.","breadcrumb":{"@id":"https:\/\/www.purejewels.com\/product\/22ct-gold-classic-ball-stud-earrings-52406\/#breadcrumb"},"inLanguage":"de","potentialAction":[{"@type":"ReadAction","target":["https:\/\/www.purejewels.com\/product\/22ct-gold-classic-ball-stud-earrings-52406\/"]}]},{"@type":"ImageObject","inLanguage":"de","@id":"https:\/\/www.purejewels.com\/product\/22ct-gold-classic-ball-stud-earrings-52406\/#primaryimage","url":"https:\/\/static.purejewels.com\/wp-content\/uploads\/2025\/10\/SKu-52406.jpg","contentUrl":"https:\/\/static.purejewels.com\/wp-content\/uploads\/2025\/10\/SKu-52406.jpg","width":1000,"height":1000,"caption":"22ct Gold Classic Ball Stud Earrings"},{"@type":"BreadcrumbList","@id":"https:\/\/www.purejewels.com\/product\/22ct-gold-classic-ball-stud-earrings-52406\/#breadcrumb","itemListElement":[{"@type":"ListItem","position":1,"name":"Home","item":"https:\/\/www.purejewels.com\/"},{"@type":"ListItem","position":2,"name":"Shop","item":"https:\/\/www.purejewels.com\/shop\/"},{"@type":"ListItem","position":3,"name":"22ct Gold Classic Ball Stud Earrings"}]},{"@type":"WebSite","@id":"https:\/\/www.purejewels.com\/#website","url":"https:\/\/www.purejewels.com\/","name":"PureJewels UK","description":"Teile die Liebe","publisher":{"@id":"https:\/\/www.purejewels.com\/#organization"},"potentialAction":[{"@type":"SearchAction","target":{"@type":"EntryPoint","urlTemplate":"https:\/\/www.purejewels.com\/?s={search_term_string}"},"query-input":{"@type":"PropertyValueSpecification","valueRequired":true,"valueName":"search_term_string"}}],"inLanguage":"de"},{"@type":"Organization","@id":"https:\/\/www.purejewels.com\/#organization","name":"PureJewels UK","url":"https:\/\/www.purejewels.com\/","logo":{"@type":"ImageObject","inLanguage":"de","@id":"https:\/\/www.purejewels.com\/#\/schema\/logo\/image\/","url":"https:\/\/static.purejewels.com\/wp-content\/uploads\/2020\/11\/Logo-PJ-New-1.png","contentUrl":"https:\/\/static.purejewels.com\/wp-content\/uploads\/2020\/11\/Logo-PJ-New-1.png","width":150,"height":80,"caption":"PureJewels UK"},"image":{"@id":"https:\/\/www.purejewels.com\/#\/schema\/logo\/image\/"}}]}},"_links":{"self":[{"href":"https:\/\/www.purejewels.com\/de\/wp-json\/wp\/v2\/product\/418804","targetHints":{"allow":["GET"]}}],"collection":[{"href":"https:\/\/www.purejewels.com\/de\/wp-json\/wp\/v2\/product"}],"about":[{"href":"https:\/\/www.purejewels.com\/de\/wp-json\/wp\/v2\/types\/product"}],"replies":[{"embeddable":true,"href":"https:\/\/www.purejewels.com\/de\/wp-json\/wp\/v2\/comments?post=418804"}],"version-history":[{"count":3,"href":"https:\/\/www.purejewels.com\/de\/wp-json\/wp\/v2\/product\/418804\/revisions"}],"predecessor-version":[{"id":419609,"href":"https:\/\/www.purejewels.com\/de\/wp-json\/wp\/v2\/product\/418804\/revisions\/419609"}],"wp:featuredmedia":[{"embeddable":true,"href":"https:\/\/www.purejewels.com\/de\/wp-json\/wp\/v2\/media\/418809"}],"wp:attachment":[{"href":"https:\/\/www.purejewels.com\/de\/wp-json\/wp\/v2\/media?parent=418804"}],"wp:term":[{"taxonomy":"product_brand","embeddable":true,"href":"https:\/\/www.purejewels.com\/de\/wp-json\/wp\/v2\/product_brand?post=418804"},{"taxonomy":"product_cat","embeddable":true,"href":"https:\/\/www.purejewels.com\/de\/wp-json\/wp\/v2\/product_cat?post=418804"},{"taxonomy":"product_tag","embeddable":true,"href":"https:\/\/www.purejewels.com\/de\/wp-json\/wp\/v2\/product_tag?post=418804"}],"curies":[{"name":"wp","href":"https:\/\/api.w.org\/{rel}","templated":true}]}}