{"id":418808,"date":"2025-06-13T09:41:29","date_gmt":"2025-06-13T08:41:29","guid":{"rendered":"https:\/\/www.purejewels.com\/?post_type=product&#038;p=418808"},"modified":"2026-04-17T05:23:16","modified_gmt":"2026-04-17T04:23:16","slug":"22ct-gold-radiant-cz-ring-uk","status":"publish","type":"product","link":"https:\/\/www.purejewels.com\/de\/product\/22ct-gold-radiant-cz-ring-uk\/","title":{"rendered":"22ct Gold Radiant CZ Ring"},"content":{"rendered":"<h3>Gestaltung<\/h3>\n<p>Dieser elegante Ring aus 22 Karat Gold zeigt zwei florale CZ-Cluster, die wie strahlende Bl\u00fcten glitzern. Das offene Design sorgt f\u00fcr Bewegung und Balance und symbolisiert Harmonie und die Sch\u00f6nheit der Verbindung.<\/p>\n<h3>Handwerkliches K\u00f6nnen<\/h3>\n<p>Der in London handgefertigte und vom britischen Assay Office gepunzte Anh\u00e4nger verf\u00fcgt \u00fcber pr\u00e4zise gefasste CZ-Steine, die f\u00fcr maximale Brillanz sorgen. Jedes Detail wird von Hand poliert, um ein makelloses Zusammenspiel von Gold und Funkeln zu schaffen.<\/p>\n<h3>Styling &amp; Geschenkartikel<\/h3>\n<p>Dieser Ring ist eine raffinierte Wahl f\u00fcr das t\u00e4gliche Tragen oder f\u00fcr besondere Anl\u00e4sse und l\u00e4sst sich m\u00fchelos mit moderner und traditioneller Kleidung kombinieren. Ein sinnvolles Geschenk f\u00fcr Geburtstage, Jahrestage oder festliche Anl\u00e4sse.<\/p>","protected":false},"excerpt":{"rendered":"<p>Ein leuchtender Ring aus 22-kar\u00e4tigem Gold, geschm\u00fcckt mit zwei CZ-Clustern, die sich in perfekter Symmetrie treffen. Handgefertigt in London und gestempelt f\u00fcr Reinheit und Brillanz.<\/p>\n<p><strong>Material:<\/strong> 22ct Gold (91,6% reines Gold)<strong><br \/>\nWahrzeichen:\u00a0<\/strong>Britisches G\u00fctesiegel<strong><br \/>\n<\/strong><strong>Bruttogewichtsbereich: <\/strong>2.10 Gramm - 2.15 Gramm<br \/>\n<b>Gr\u00f6\u00dfe: <\/b>Auch in anderen Gr\u00f6\u00dfen erh\u00e4ltlich.<br \/>\n<strong>SKU<\/strong>: 52421, 52422, 52423<\/p>\n<p><strong>Preis und Lieferung<\/strong>: Inklusive Mehrwertsteuer und Lieferkosten<br \/>\n<a href=\"https:\/\/www.purejewels.com\/de\/ruckgabepolitik\/\">R\u00fcckgabepolitik<\/a><\/p>","protected":false},"featured_media":418811,"comment_status":"closed","ping_status":"closed","template":"","meta":{"_eb_attr":"","_crsspst_to_jayantr4sg-hostcom":true},"product_brand":[],"product_cat":[1791,1794,6152,1785,1793,6190,1229,1235,5343,1783,1570,1569,1574,5349],"product_tag":[],"class_list":{"0":"post-418808","1":"product","2":"type-product","3":"status-publish","4":"has-post-thumbnail","6":"product_cat-anniversary-gifts","7":"product_cat-christmas-gifts","8":"product_cat-cubic-zirconia-rings","9":"product_cat-daily-wear-rings","10":"product_cat-diwali-gifts","11":"product_cat-easter-jewellery","12":"product_cat-22ct-gold-jewellery","13":"product_cat-gold-rings","14":"product_cat-jewellery-under-550","15":"product_cat-ladies-rings","16":"product_cat-mothers-day-gifts","17":"product_cat-valentine-day-gifts","18":"product_cat-womens-jewellery","19":"product_cat-yellow-gold-jewellery","21":"first","22":"instock","23":"taxable","24":"shipping-taxable","25":"purchasable","26":"product-type-variable","27":"add-to-wishlist-before_image"},"yoast_head":"<!-- This site is optimized with the Yoast SEO plugin v27.5 - https:\/\/yoast.com\/product\/yoast-seo-wordpress\/ -->\n<title>Valentine\u2019s Day Gold Ring with Diamond Floral Detail | PureJewels<\/title>\n<meta name=\"description\" content=\"Celebrate love with a Valentine\u2019s Day gold ring crafted in radiant gold and set with sparkling diamonds. A meaningful and elegant gift to mark the moment.\" \/>\n<meta name=\"robots\" content=\"index, follow, max-snippet:-1, max-image-preview:large, max-video-preview:-1\" \/>\n<link rel=\"canonical\" href=\"https:\/\/www.purejewels.com\/de\/produkt-2\/22ct-gold-radiant-cz-ring-uk\/\" \/>\n<meta property=\"og:locale\" content=\"de_DE\" \/>\n<meta property=\"og:type\" content=\"article\" \/>\n<meta property=\"og:title\" content=\"Valentine\u2019s Day Gold Ring with Diamond Floral Detail | PureJewels\" \/>\n<meta property=\"og:description\" content=\"Celebrate love with a Valentine\u2019s Day gold ring crafted in radiant gold and set with sparkling diamonds. A meaningful and elegant gift to mark the moment.\" \/>\n<meta property=\"og:url\" content=\"https:\/\/www.purejewels.com\/de\/produkt-2\/22ct-gold-radiant-cz-ring-uk\/\" \/>\n<meta property=\"og:site_name\" content=\"PureJewels UK\" \/>\n<meta property=\"article:modified_time\" content=\"2026-04-17T04:23:16+00:00\" \/>\n<meta property=\"og:image\" content=\"https:\/\/static.purejewels.com\/wp-content\/uploads\/2025\/10\/SKU-52421_2.jpg\" \/>\n\t<meta property=\"og:image:width\" content=\"1000\" \/>\n\t<meta property=\"og:image:height\" content=\"1000\" \/>\n\t<meta property=\"og:image:type\" content=\"image\/jpeg\" \/>\n<meta name=\"twitter:card\" content=\"summary_large_image\" \/>\n<meta name=\"twitter:label1\" content=\"Gesch\u00e4tzte Lesezeit\" \/>\n\t<meta name=\"twitter:data1\" content=\"1\u00a0Minute\" \/>\n<script type=\"application\/ld+json\" class=\"yoast-schema-graph\">{\"@context\":\"https:\\\/\\\/schema.org\",\"@graph\":[{\"@type\":[\"WebPage\",\"ItemPage\"],\"@id\":\"https:\\\/\\\/www.purejewels.com\\\/product\\\/22ct-gold-radiant-cz-ring-uk\\\/\",\"url\":\"https:\\\/\\\/www.purejewels.com\\\/product\\\/22ct-gold-radiant-cz-ring-uk\\\/\",\"name\":\"Valentine\u2019s Day Gold Ring with Diamond Floral Detail | PureJewels\",\"isPartOf\":{\"@id\":\"https:\\\/\\\/www.purejewels.com\\\/#website\"},\"primaryImageOfPage\":{\"@id\":\"https:\\\/\\\/www.purejewels.com\\\/product\\\/22ct-gold-radiant-cz-ring-uk\\\/#primaryimage\"},\"image\":{\"@id\":\"https:\\\/\\\/www.purejewels.com\\\/product\\\/22ct-gold-radiant-cz-ring-uk\\\/#primaryimage\"},\"thumbnailUrl\":\"https:\\\/\\\/static.purejewels.com\\\/wp-content\\\/uploads\\\/2025\\\/10\\\/SKU-52421_2.jpg\",\"datePublished\":\"2025-06-13T08:41:29+00:00\",\"dateModified\":\"2026-04-17T04:23:16+00:00\",\"description\":\"Celebrate love with a Valentine\u2019s Day gold ring crafted in radiant gold and set with sparkling diamonds. A meaningful and elegant gift to mark the moment.\",\"breadcrumb\":{\"@id\":\"https:\\\/\\\/www.purejewels.com\\\/product\\\/22ct-gold-radiant-cz-ring-uk\\\/#breadcrumb\"},\"inLanguage\":\"de\",\"potentialAction\":[{\"@type\":\"ReadAction\",\"target\":[\"https:\\\/\\\/www.purejewels.com\\\/product\\\/22ct-gold-radiant-cz-ring-uk\\\/\"]}]},{\"@type\":\"ImageObject\",\"inLanguage\":\"de\",\"@id\":\"https:\\\/\\\/www.purejewels.com\\\/product\\\/22ct-gold-radiant-cz-ring-uk\\\/#primaryimage\",\"url\":\"https:\\\/\\\/static.purejewels.com\\\/wp-content\\\/uploads\\\/2025\\\/10\\\/SKU-52421_2.jpg\",\"contentUrl\":\"https:\\\/\\\/static.purejewels.com\\\/wp-content\\\/uploads\\\/2025\\\/10\\\/SKU-52421_2.jpg\",\"width\":1000,\"height\":1000},{\"@type\":\"BreadcrumbList\",\"@id\":\"https:\\\/\\\/www.purejewels.com\\\/product\\\/22ct-gold-radiant-cz-ring-uk\\\/#breadcrumb\",\"itemListElement\":[{\"@type\":\"ListItem\",\"position\":1,\"name\":\"Home\",\"item\":\"https:\\\/\\\/www.purejewels.com\\\/\"},{\"@type\":\"ListItem\",\"position\":2,\"name\":\"Shop\",\"item\":\"https:\\\/\\\/www.purejewels.com\\\/shop\\\/\"},{\"@type\":\"ListItem\",\"position\":3,\"name\":\"22ct Gold Radiant CZ Ring\"}]},{\"@type\":\"WebSite\",\"@id\":\"https:\\\/\\\/www.purejewels.com\\\/#website\",\"url\":\"https:\\\/\\\/www.purejewels.com\\\/\",\"name\":\"PureJewels UK\",\"description\":\"Share the Love\",\"publisher\":{\"@id\":\"https:\\\/\\\/www.purejewels.com\\\/#organization\"},\"potentialAction\":[{\"@type\":\"SearchAction\",\"target\":{\"@type\":\"EntryPoint\",\"urlTemplate\":\"https:\\\/\\\/www.purejewels.com\\\/?s={search_term_string}\"},\"query-input\":{\"@type\":\"PropertyValueSpecification\",\"valueRequired\":true,\"valueName\":\"search_term_string\"}}],\"inLanguage\":\"de\"},{\"@type\":\"Organization\",\"@id\":\"https:\\\/\\\/www.purejewels.com\\\/#organization\",\"name\":\"PureJewels UK\",\"url\":\"https:\\\/\\\/www.purejewels.com\\\/\",\"logo\":{\"@type\":\"ImageObject\",\"inLanguage\":\"de\",\"@id\":\"https:\\\/\\\/www.purejewels.com\\\/#\\\/schema\\\/logo\\\/image\\\/\",\"url\":\"https:\\\/\\\/static.purejewels.com\\\/wp-content\\\/uploads\\\/2020\\\/11\\\/Logo-PJ-New-1.png\",\"contentUrl\":\"https:\\\/\\\/static.purejewels.com\\\/wp-content\\\/uploads\\\/2020\\\/11\\\/Logo-PJ-New-1.png\",\"width\":150,\"height\":80,\"caption\":\"PureJewels UK\"},\"image\":{\"@id\":\"https:\\\/\\\/www.purejewels.com\\\/#\\\/schema\\\/logo\\\/image\\\/\"}}]}<\/script>\n<!-- \/ Yoast SEO plugin. -->","yoast_head_json":{"title":"Valentinstag Gold Ring mit Diamant-Blumen-Detail | PureJewels","description":"Feiern Sie die Liebe mit einem Goldring zum Valentinstag, der aus strahlendem Gold gefertigt und mit funkelnden Diamanten besetzt ist. Ein bedeutungsvolles und elegantes Geschenk f\u00fcr diesen Moment.","robots":{"index":"index","follow":"follow","max-snippet":"max-snippet:-1","max-image-preview":"max-image-preview:large","max-video-preview":"max-video-preview:-1"},"canonical":"https:\/\/www.purejewels.com\/de\/produkt-2\/22ct-gold-radiant-cz-ring-uk\/","og_locale":"de_DE","og_type":"article","og_title":"Valentine\u2019s Day Gold Ring with Diamond Floral Detail | PureJewels","og_description":"Celebrate love with a Valentine\u2019s Day gold ring crafted in radiant gold and set with sparkling diamonds. A meaningful and elegant gift to mark the moment.","og_url":"https:\/\/www.purejewels.com\/de\/produkt-2\/22ct-gold-radiant-cz-ring-uk\/","og_site_name":"PureJewels UK","article_modified_time":"2026-04-17T04:23:16+00:00","og_image":[{"width":1000,"height":1000,"url":"https:\/\/static.purejewels.com\/wp-content\/uploads\/2025\/10\/SKU-52421_2.jpg","type":"image\/jpeg"}],"twitter_card":"summary_large_image","twitter_misc":{"Gesch\u00e4tzte Lesezeit":"1\u00a0Minute"},"schema":{"@context":"https:\/\/schema.org","@graph":[{"@type":["WebPage","ItemPage"],"@id":"https:\/\/www.purejewels.com\/product\/22ct-gold-radiant-cz-ring-uk\/","url":"https:\/\/www.purejewels.com\/product\/22ct-gold-radiant-cz-ring-uk\/","name":"Valentinstag Gold Ring mit Diamant-Blumen-Detail | PureJewels","isPartOf":{"@id":"https:\/\/www.purejewels.com\/#website"},"primaryImageOfPage":{"@id":"https:\/\/www.purejewels.com\/product\/22ct-gold-radiant-cz-ring-uk\/#primaryimage"},"image":{"@id":"https:\/\/www.purejewels.com\/product\/22ct-gold-radiant-cz-ring-uk\/#primaryimage"},"thumbnailUrl":"https:\/\/static.purejewels.com\/wp-content\/uploads\/2025\/10\/SKU-52421_2.jpg","datePublished":"2025-06-13T08:41:29+00:00","dateModified":"2026-04-17T04:23:16+00:00","description":"Feiern Sie die Liebe mit einem Goldring zum Valentinstag, der aus strahlendem Gold gefertigt und mit funkelnden Diamanten besetzt ist. Ein bedeutungsvolles und elegantes Geschenk f\u00fcr diesen Moment.","breadcrumb":{"@id":"https:\/\/www.purejewels.com\/product\/22ct-gold-radiant-cz-ring-uk\/#breadcrumb"},"inLanguage":"de","potentialAction":[{"@type":"ReadAction","target":["https:\/\/www.purejewels.com\/product\/22ct-gold-radiant-cz-ring-uk\/"]}]},{"@type":"ImageObject","inLanguage":"de","@id":"https:\/\/www.purejewels.com\/product\/22ct-gold-radiant-cz-ring-uk\/#primaryimage","url":"https:\/\/static.purejewels.com\/wp-content\/uploads\/2025\/10\/SKU-52421_2.jpg","contentUrl":"https:\/\/static.purejewels.com\/wp-content\/uploads\/2025\/10\/SKU-52421_2.jpg","width":1000,"height":1000},{"@type":"BreadcrumbList","@id":"https:\/\/www.purejewels.com\/product\/22ct-gold-radiant-cz-ring-uk\/#breadcrumb","itemListElement":[{"@type":"ListItem","position":1,"name":"Home","item":"https:\/\/www.purejewels.com\/"},{"@type":"ListItem","position":2,"name":"Shop","item":"https:\/\/www.purejewels.com\/shop\/"},{"@type":"ListItem","position":3,"name":"22ct Gold Radiant CZ Ring"}]},{"@type":"WebSite","@id":"https:\/\/www.purejewels.com\/#website","url":"https:\/\/www.purejewels.com\/","name":"PureJewels UK","description":"Teile die Liebe","publisher":{"@id":"https:\/\/www.purejewels.com\/#organization"},"potentialAction":[{"@type":"SearchAction","target":{"@type":"EntryPoint","urlTemplate":"https:\/\/www.purejewels.com\/?s={search_term_string}"},"query-input":{"@type":"PropertyValueSpecification","valueRequired":true,"valueName":"search_term_string"}}],"inLanguage":"de"},{"@type":"Organization","@id":"https:\/\/www.purejewels.com\/#organization","name":"PureJewels UK","url":"https:\/\/www.purejewels.com\/","logo":{"@type":"ImageObject","inLanguage":"de","@id":"https:\/\/www.purejewels.com\/#\/schema\/logo\/image\/","url":"https:\/\/static.purejewels.com\/wp-content\/uploads\/2020\/11\/Logo-PJ-New-1.png","contentUrl":"https:\/\/static.purejewels.com\/wp-content\/uploads\/2020\/11\/Logo-PJ-New-1.png","width":150,"height":80,"caption":"PureJewels UK"},"image":{"@id":"https:\/\/www.purejewels.com\/#\/schema\/logo\/image\/"}}]}},"_links":{"self":[{"href":"https:\/\/www.purejewels.com\/de\/wp-json\/wp\/v2\/product\/418808","targetHints":{"allow":["GET"]}}],"collection":[{"href":"https:\/\/www.purejewels.com\/de\/wp-json\/wp\/v2\/product"}],"about":[{"href":"https:\/\/www.purejewels.com\/de\/wp-json\/wp\/v2\/types\/product"}],"replies":[{"embeddable":true,"href":"https:\/\/www.purejewels.com\/de\/wp-json\/wp\/v2\/comments?post=418808"}],"version-history":[{"count":4,"href":"https:\/\/www.purejewels.com\/de\/wp-json\/wp\/v2\/product\/418808\/revisions"}],"predecessor-version":[{"id":419840,"href":"https:\/\/www.purejewels.com\/de\/wp-json\/wp\/v2\/product\/418808\/revisions\/419840"}],"wp:featuredmedia":[{"embeddable":true,"href":"https:\/\/www.purejewels.com\/de\/wp-json\/wp\/v2\/media\/418811"}],"wp:attachment":[{"href":"https:\/\/www.purejewels.com\/de\/wp-json\/wp\/v2\/media?parent=418808"}],"wp:term":[{"taxonomy":"product_brand","embeddable":true,"href":"https:\/\/www.purejewels.com\/de\/wp-json\/wp\/v2\/product_brand?post=418808"},{"taxonomy":"product_cat","embeddable":true,"href":"https:\/\/www.purejewels.com\/de\/wp-json\/wp\/v2\/product_cat?post=418808"},{"taxonomy":"product_tag","embeddable":true,"href":"https:\/\/www.purejewels.com\/de\/wp-json\/wp\/v2\/product_tag?post=418808"}],"curies":[{"name":"wp","href":"https:\/\/api.w.org\/{rel}","templated":true}]}}