{"id":418816,"date":"2025-10-13T10:13:31","date_gmt":"2025-10-13T09:13:31","guid":{"rendered":"https:\/\/www.purejewels.com\/?post_type=product&#038;p=418816"},"modified":"2026-04-29T08:05:32","modified_gmt":"2026-04-29T07:05:32","slug":"blumige-ohrringe-aus-22-karat-gold-mit-zirkonia-und-emaille-51193","status":"publish","type":"product","link":"https:\/\/www.purejewels.com\/de\/product\/22ct-gold-floral-earrings-with-cz-and-enamel-51193\/","title":{"rendered":"22ct Gold Floral Ohrringe mit CZ und Emaille"},"content":{"rendered":"<p data-start=\"508\" data-end=\"838\"><strong data-start=\"508\" data-end=\"527\">Designkonzept<\/strong><\/p>\n<p data-start=\"508\" data-end=\"838\">Diese floralen Ohrringe sind von der m\u00fchelosen Sch\u00f6nheit der Natur inspiriert und bestechen durch ihr Design. Ein anmutiges Trio blauer Emaille-Bl\u00fctenbl\u00e4tter erbl\u00fcht unter einem zarten Goldbogen, gekr\u00f6nt von einem birnenf\u00f6rmigen CZ-Stein. Das Zusammenspiel von Emaille und Funkeln verleiht dem zeitlosen Blumenmotiv eine moderne Ausstrahlung.<\/p>\n<p data-start=\"840\" data-end=\"1212\"><strong data-start=\"840\" data-end=\"858\">Handwerkliches K\u00f6nnen<\/strong><\/p>\n<p data-start=\"840\" data-end=\"1212\">Jeder Ohrring ist aus feinem 22-kar\u00e4tigem Gelbgold handgefertigt und mit pr\u00e4zise gefassten Zirkonia und sorgf\u00e4ltig von Hand aufgetragener Emaille verziert. Der sichere Schraubverschluss bietet Komfort und Sicherheit f\u00fcr das ganzt\u00e4gige Tragen. Jedes Element - von der polierten Oberfl\u00e4che bis zur aufwendigen Fassung - spiegelt das Engagement von PureJewels f\u00fcr traditionelle Handwerkskunst und raffinierten Luxus wider.<\/p>\n<p data-start=\"1214\" data-end=\"1496\"><strong data-start=\"1214\" data-end=\"1232\">Styling-Ideen<\/strong><\/p>\n<p data-start=\"1214\" data-end=\"1496\">Tragen Sie diese floralen Ohrringe, um Ihre allt\u00e4gliche Eleganz zu unterstreichen oder um festlichen und formellen Ensembles einen anmutigen Farbakzent zu verleihen. Kombinieren Sie sie mit saphirfarbenen oder neutralen Outfits f\u00fcr maximale Wirkung. Ein vielseitiges Schmuckst\u00fcck, das sich sowohl zum Verschenken als auch f\u00fcr den pers\u00f6nlichen Gebrauch eignet.<\/p>\n<p data-start=\"1214\" data-end=\"1496\">Diese floralen Ohrringe aus 22-kar\u00e4tigem Gold zeichnen sich durch leuchtend blaue Emaille-Bl\u00fctenbl\u00e4tter aus, die mit funkelnden CZ-Steinen akzentuiert sind und f\u00fcr einen frischen und eleganten Look sorgen. Das zarte florale Design verleiht jedem Outfit Farbe und Brillanz. Eine perfekte Wahl f\u00fcr Last-Minute-Schmuck zum Muttertag, den britische K\u00e4ufer mit Vertrauen und zeitlosem Stil verschenken k\u00f6nnen.<\/p>","protected":false},"excerpt":{"rendered":"<p>Zelebrieren Sie bl\u00fchende Eleganz mit diesen floralen Ohrringen aus 22 Karat Gold. Zart akzentuiert mit schimmernden CZ-Steinen und leuchtend blauen Emaille-Bl\u00fctenbl\u00e4ttern, verbindet dieses Design zeitlosen Charme mit einem Hauch von moderner Farbe.<\/p>\n<p><strong>Material:<\/strong>\u00a022ct Gold<br \/>\n<strong>Reinheit:<\/strong>\u00a091.6% rein<br \/>\n<strong>Wahrzeichen:<\/strong>\u00a0Britisches G\u00fctesiegel<strong><br \/>\n<\/strong><strong>Bruttogewicht: <\/strong>4,26 Gramm<br \/>\n<strong>Nettogewicht:<\/strong> 4.22 Gms<br \/>\n<strong>SKU:<\/strong> 51193<\/p>\n<p><strong>Preis und Lieferung<\/strong>: Inklusive Mehrwertsteuer und Lieferkosten<br \/>\n<a href=\"https:\/\/www.purejewels.com\/de\/ruckgabepolitik\/\">R\u00fcckgabepolitik<\/a><\/p>","protected":false},"featured_media":418818,"comment_status":"closed","ping_status":"closed","template":"","meta":{"_eb_attr":"","_crsspst_to_jayantr4sg-hostcom":true},"product_brand":[],"product_cat":[1559,236,6150,1793,6190,1792,1790,1254,1570,1577,1574,5349],"product_tag":[66],"class_list":{"0":"post-418816","1":"product","2":"type-product","3":"status-publish","4":"has-post-thumbnail","6":"product_cat-birthday-gifts","7":"product_cat-collections","8":"product_cat-cubic-zirconia-ear-studs","9":"product_cat-diwali-gifts","10":"product_cat-easter-jewellery","11":"product_cat-festival-gifts","12":"product_cat-for-whom-when","13":"product_cat-gold-earrings","14":"product_cat-mothers-day-gifts","15":"product_cat-stud-earrings","16":"product_cat-womens-jewellery","17":"product_cat-yellow-gold-jewellery","18":"product_tag-earrings","20":"first","21":"instock","22":"taxable","23":"shipping-taxable","24":"purchasable","25":"product-type-simple","26":"add-to-wishlist-before_image"},"yoast_head":"<!-- This site is optimized with the Yoast SEO plugin v27.5 - https:\/\/yoast.com\/product\/yoast-seo-wordpress\/ -->\n<title>22ct Gold Floral Earrings with CZ &amp; Enamel | PureJewels UK<\/title>\n<meta name=\"description\" content=\"Discover 22ct Gold Floral Earrings with CZ and blue enamel accents. A perfect blend of tradition and colour. Handcrafted elegance from PureJewels London.\" \/>\n<meta name=\"robots\" content=\"index, follow, max-snippet:-1, max-image-preview:large, max-video-preview:-1\" \/>\n<link rel=\"canonical\" href=\"https:\/\/www.purejewels.com\/de\/produkt-2\/blumige-ohrringe-aus-22-karat-gold-mit-zirkonia-und-emaille-51193\/\" \/>\n<meta property=\"og:locale\" content=\"de_DE\" \/>\n<meta property=\"og:type\" content=\"article\" \/>\n<meta property=\"og:title\" content=\"22ct Gold Floral Earrings with CZ &amp; Enamel | PureJewels UK\" \/>\n<meta property=\"og:description\" content=\"Discover 22ct Gold Floral Earrings with CZ and blue enamel accents. A perfect blend of tradition and colour. Handcrafted elegance from PureJewels London.\" \/>\n<meta property=\"og:url\" content=\"https:\/\/www.purejewels.com\/de\/produkt-2\/blumige-ohrringe-aus-22-karat-gold-mit-zirkonia-und-emaille-51193\/\" \/>\n<meta property=\"og:site_name\" content=\"PureJewels UK\" \/>\n<meta property=\"article:modified_time\" content=\"2026-04-29T07:05:32+00:00\" \/>\n<meta property=\"og:image\" content=\"https:\/\/static.purejewels.com\/wp-content\/uploads\/2025\/10\/SKU-51193.jpg\" \/>\n\t<meta property=\"og:image:width\" content=\"1000\" \/>\n\t<meta property=\"og:image:height\" content=\"1000\" \/>\n\t<meta property=\"og:image:type\" content=\"image\/jpeg\" \/>\n<meta name=\"twitter:card\" content=\"summary_large_image\" \/>\n<meta name=\"twitter:label1\" content=\"Gesch\u00e4tzte Lesezeit\" \/>\n\t<meta name=\"twitter:data1\" content=\"2\u00a0Minuten\" \/>\n<script type=\"application\/ld+json\" class=\"yoast-schema-graph\">{\"@context\":\"https:\\\/\\\/schema.org\",\"@graph\":[{\"@type\":[\"WebPage\",\"ItemPage\"],\"@id\":\"https:\\\/\\\/www.purejewels.com\\\/product\\\/22ct-gold-floral-earrings-with-cz-and-enamel-51193\\\/\",\"url\":\"https:\\\/\\\/www.purejewels.com\\\/product\\\/22ct-gold-floral-earrings-with-cz-and-enamel-51193\\\/\",\"name\":\"22ct Gold Floral Earrings with CZ & Enamel | PureJewels UK\",\"isPartOf\":{\"@id\":\"https:\\\/\\\/www.purejewels.com\\\/#website\"},\"primaryImageOfPage\":{\"@id\":\"https:\\\/\\\/www.purejewels.com\\\/product\\\/22ct-gold-floral-earrings-with-cz-and-enamel-51193\\\/#primaryimage\"},\"image\":{\"@id\":\"https:\\\/\\\/www.purejewels.com\\\/product\\\/22ct-gold-floral-earrings-with-cz-and-enamel-51193\\\/#primaryimage\"},\"thumbnailUrl\":\"https:\\\/\\\/static.purejewels.com\\\/wp-content\\\/uploads\\\/2025\\\/10\\\/SKU-51193.jpg\",\"datePublished\":\"2025-10-13T09:13:31+00:00\",\"dateModified\":\"2026-04-29T07:05:32+00:00\",\"description\":\"Discover 22ct Gold Floral Earrings with CZ and blue enamel accents. A perfect blend of tradition and colour. Handcrafted elegance from PureJewels London.\",\"breadcrumb\":{\"@id\":\"https:\\\/\\\/www.purejewels.com\\\/product\\\/22ct-gold-floral-earrings-with-cz-and-enamel-51193\\\/#breadcrumb\"},\"inLanguage\":\"de\",\"potentialAction\":[{\"@type\":\"ReadAction\",\"target\":[\"https:\\\/\\\/www.purejewels.com\\\/product\\\/22ct-gold-floral-earrings-with-cz-and-enamel-51193\\\/\"]}]},{\"@type\":\"ImageObject\",\"inLanguage\":\"de\",\"@id\":\"https:\\\/\\\/www.purejewels.com\\\/product\\\/22ct-gold-floral-earrings-with-cz-and-enamel-51193\\\/#primaryimage\",\"url\":\"https:\\\/\\\/static.purejewels.com\\\/wp-content\\\/uploads\\\/2025\\\/10\\\/SKU-51193.jpg\",\"contentUrl\":\"https:\\\/\\\/static.purejewels.com\\\/wp-content\\\/uploads\\\/2025\\\/10\\\/SKU-51193.jpg\",\"width\":1000,\"height\":1000,\"caption\":\"22ct Gold Floral Earrings with CZ and Enamel\"},{\"@type\":\"BreadcrumbList\",\"@id\":\"https:\\\/\\\/www.purejewels.com\\\/product\\\/22ct-gold-floral-earrings-with-cz-and-enamel-51193\\\/#breadcrumb\",\"itemListElement\":[{\"@type\":\"ListItem\",\"position\":1,\"name\":\"Home\",\"item\":\"https:\\\/\\\/www.purejewels.com\\\/\"},{\"@type\":\"ListItem\",\"position\":2,\"name\":\"Shop\",\"item\":\"https:\\\/\\\/www.purejewels.com\\\/shop\\\/\"},{\"@type\":\"ListItem\",\"position\":3,\"name\":\"22ct Gold Floral Earrings with CZ and Enamel\"}]},{\"@type\":\"WebSite\",\"@id\":\"https:\\\/\\\/www.purejewels.com\\\/#website\",\"url\":\"https:\\\/\\\/www.purejewels.com\\\/\",\"name\":\"PureJewels UK\",\"description\":\"Share the Love\",\"publisher\":{\"@id\":\"https:\\\/\\\/www.purejewels.com\\\/#organization\"},\"potentialAction\":[{\"@type\":\"SearchAction\",\"target\":{\"@type\":\"EntryPoint\",\"urlTemplate\":\"https:\\\/\\\/www.purejewels.com\\\/?s={search_term_string}\"},\"query-input\":{\"@type\":\"PropertyValueSpecification\",\"valueRequired\":true,\"valueName\":\"search_term_string\"}}],\"inLanguage\":\"de\"},{\"@type\":\"Organization\",\"@id\":\"https:\\\/\\\/www.purejewels.com\\\/#organization\",\"name\":\"PureJewels UK\",\"url\":\"https:\\\/\\\/www.purejewels.com\\\/\",\"logo\":{\"@type\":\"ImageObject\",\"inLanguage\":\"de\",\"@id\":\"https:\\\/\\\/www.purejewels.com\\\/#\\\/schema\\\/logo\\\/image\\\/\",\"url\":\"https:\\\/\\\/static.purejewels.com\\\/wp-content\\\/uploads\\\/2020\\\/11\\\/Logo-PJ-New-1.png\",\"contentUrl\":\"https:\\\/\\\/static.purejewels.com\\\/wp-content\\\/uploads\\\/2020\\\/11\\\/Logo-PJ-New-1.png\",\"width\":150,\"height\":80,\"caption\":\"PureJewels UK\"},\"image\":{\"@id\":\"https:\\\/\\\/www.purejewels.com\\\/#\\\/schema\\\/logo\\\/image\\\/\"}}]}<\/script>\n<!-- \/ Yoast SEO plugin. -->","yoast_head_json":{"title":"22ct Gold Floral Ohrringe mit CZ &amp; Emaille | PureJewels UK","description":"Entdecken Sie florale Ohrringe aus 22 Karat Gold mit CZ und blauen Emaille-Akzenten. Eine perfekte Mischung aus Tradition und Farbe. Handgefertigte Eleganz von PureJewels London.","robots":{"index":"index","follow":"follow","max-snippet":"max-snippet:-1","max-image-preview":"max-image-preview:large","max-video-preview":"max-video-preview:-1"},"canonical":"https:\/\/www.purejewels.com\/de\/produkt-2\/blumige-ohrringe-aus-22-karat-gold-mit-zirkonia-und-emaille-51193\/","og_locale":"de_DE","og_type":"article","og_title":"22ct Gold Floral Earrings with CZ & Enamel | PureJewels UK","og_description":"Discover 22ct Gold Floral Earrings with CZ and blue enamel accents. A perfect blend of tradition and colour. Handcrafted elegance from PureJewels London.","og_url":"https:\/\/www.purejewels.com\/de\/produkt-2\/blumige-ohrringe-aus-22-karat-gold-mit-zirkonia-und-emaille-51193\/","og_site_name":"PureJewels UK","article_modified_time":"2026-04-29T07:05:32+00:00","og_image":[{"width":1000,"height":1000,"url":"https:\/\/static.purejewels.com\/wp-content\/uploads\/2025\/10\/SKU-51193.jpg","type":"image\/jpeg"}],"twitter_card":"summary_large_image","twitter_misc":{"Gesch\u00e4tzte Lesezeit":"2\u00a0Minuten"},"schema":{"@context":"https:\/\/schema.org","@graph":[{"@type":["WebPage","ItemPage"],"@id":"https:\/\/www.purejewels.com\/product\/22ct-gold-floral-earrings-with-cz-and-enamel-51193\/","url":"https:\/\/www.purejewels.com\/product\/22ct-gold-floral-earrings-with-cz-and-enamel-51193\/","name":"22ct Gold Floral Ohrringe mit CZ &amp; Emaille | PureJewels UK","isPartOf":{"@id":"https:\/\/www.purejewels.com\/#website"},"primaryImageOfPage":{"@id":"https:\/\/www.purejewels.com\/product\/22ct-gold-floral-earrings-with-cz-and-enamel-51193\/#primaryimage"},"image":{"@id":"https:\/\/www.purejewels.com\/product\/22ct-gold-floral-earrings-with-cz-and-enamel-51193\/#primaryimage"},"thumbnailUrl":"https:\/\/static.purejewels.com\/wp-content\/uploads\/2025\/10\/SKU-51193.jpg","datePublished":"2025-10-13T09:13:31+00:00","dateModified":"2026-04-29T07:05:32+00:00","description":"Entdecken Sie florale Ohrringe aus 22 Karat Gold mit CZ und blauen Emaille-Akzenten. Eine perfekte Mischung aus Tradition und Farbe. Handgefertigte Eleganz von PureJewels London.","breadcrumb":{"@id":"https:\/\/www.purejewels.com\/product\/22ct-gold-floral-earrings-with-cz-and-enamel-51193\/#breadcrumb"},"inLanguage":"de","potentialAction":[{"@type":"ReadAction","target":["https:\/\/www.purejewels.com\/product\/22ct-gold-floral-earrings-with-cz-and-enamel-51193\/"]}]},{"@type":"ImageObject","inLanguage":"de","@id":"https:\/\/www.purejewels.com\/product\/22ct-gold-floral-earrings-with-cz-and-enamel-51193\/#primaryimage","url":"https:\/\/static.purejewels.com\/wp-content\/uploads\/2025\/10\/SKU-51193.jpg","contentUrl":"https:\/\/static.purejewels.com\/wp-content\/uploads\/2025\/10\/SKU-51193.jpg","width":1000,"height":1000,"caption":"22ct Gold Floral Earrings with CZ and Enamel"},{"@type":"BreadcrumbList","@id":"https:\/\/www.purejewels.com\/product\/22ct-gold-floral-earrings-with-cz-and-enamel-51193\/#breadcrumb","itemListElement":[{"@type":"ListItem","position":1,"name":"Home","item":"https:\/\/www.purejewels.com\/"},{"@type":"ListItem","position":2,"name":"Shop","item":"https:\/\/www.purejewels.com\/shop\/"},{"@type":"ListItem","position":3,"name":"22ct Gold Floral Earrings with CZ and Enamel"}]},{"@type":"WebSite","@id":"https:\/\/www.purejewels.com\/#website","url":"https:\/\/www.purejewels.com\/","name":"PureJewels UK","description":"Teile die Liebe","publisher":{"@id":"https:\/\/www.purejewels.com\/#organization"},"potentialAction":[{"@type":"SearchAction","target":{"@type":"EntryPoint","urlTemplate":"https:\/\/www.purejewels.com\/?s={search_term_string}"},"query-input":{"@type":"PropertyValueSpecification","valueRequired":true,"valueName":"search_term_string"}}],"inLanguage":"de"},{"@type":"Organization","@id":"https:\/\/www.purejewels.com\/#organization","name":"PureJewels UK","url":"https:\/\/www.purejewels.com\/","logo":{"@type":"ImageObject","inLanguage":"de","@id":"https:\/\/www.purejewels.com\/#\/schema\/logo\/image\/","url":"https:\/\/static.purejewels.com\/wp-content\/uploads\/2020\/11\/Logo-PJ-New-1.png","contentUrl":"https:\/\/static.purejewels.com\/wp-content\/uploads\/2020\/11\/Logo-PJ-New-1.png","width":150,"height":80,"caption":"PureJewels UK"},"image":{"@id":"https:\/\/www.purejewels.com\/#\/schema\/logo\/image\/"}}]}},"_links":{"self":[{"href":"https:\/\/www.purejewels.com\/de\/wp-json\/wp\/v2\/product\/418816","targetHints":{"allow":["GET"]}}],"collection":[{"href":"https:\/\/www.purejewels.com\/de\/wp-json\/wp\/v2\/product"}],"about":[{"href":"https:\/\/www.purejewels.com\/de\/wp-json\/wp\/v2\/types\/product"}],"replies":[{"embeddable":true,"href":"https:\/\/www.purejewels.com\/de\/wp-json\/wp\/v2\/comments?post=418816"}],"version-history":[{"count":3,"href":"https:\/\/www.purejewels.com\/de\/wp-json\/wp\/v2\/product\/418816\/revisions"}],"predecessor-version":[{"id":426368,"href":"https:\/\/www.purejewels.com\/de\/wp-json\/wp\/v2\/product\/418816\/revisions\/426368"}],"wp:featuredmedia":[{"embeddable":true,"href":"https:\/\/www.purejewels.com\/de\/wp-json\/wp\/v2\/media\/418818"}],"wp:attachment":[{"href":"https:\/\/www.purejewels.com\/de\/wp-json\/wp\/v2\/media?parent=418816"}],"wp:term":[{"taxonomy":"product_brand","embeddable":true,"href":"https:\/\/www.purejewels.com\/de\/wp-json\/wp\/v2\/product_brand?post=418816"},{"taxonomy":"product_cat","embeddable":true,"href":"https:\/\/www.purejewels.com\/de\/wp-json\/wp\/v2\/product_cat?post=418816"},{"taxonomy":"product_tag","embeddable":true,"href":"https:\/\/www.purejewels.com\/de\/wp-json\/wp\/v2\/product_tag?post=418816"}],"curies":[{"name":"wp","href":"https:\/\/api.w.org\/{rel}","templated":true}]}}