{"id":418872,"date":"2025-09-13T12:37:24","date_gmt":"2025-09-13T11:37:24","guid":{"rendered":"https:\/\/www.purejewels.com\/?post_type=product&#038;p=418872"},"modified":"2026-03-23T04:25:53","modified_gmt":"2026-03-23T04:25:53","slug":"spirituelles-om-trishul-flexibles-armband-51014","status":"publish","type":"product","link":"https:\/\/www.purejewels.com\/de\/product\/spiritual-om-trishul-flexible-bracelet-51014\/","title":{"rendered":"Spirituelles Om &amp; Trishul Flexibles Armband | 22ct Gold"},"content":{"rendered":"<h4 data-start=\"596\" data-end=\"622\"><strong data-start=\"601\" data-end=\"620\">Gestaltungskonzept:<\/strong><\/h4>\n<p data-start=\"623\" data-end=\"907\">Inspiriert von der kraftvollen Symbolik Lord Shivas, zeigt dieses Armband das Trishul- und Om-Motiv, das f\u00fcr Schutz, Spiritualit\u00e4t und innere St\u00e4rke steht. Die klare, moderne Form wird durch ein tief verwurzeltes kulturelles Design ausgeglichen und ist ideal f\u00fcr alle, die ihren Glauben mit Stil tragen.<\/p>\n<h4 data-start=\"909\" data-end=\"934\"><strong data-start=\"914\" data-end=\"932\">Handwerkliches K\u00f6nnen:<\/strong><\/h4>\n<p data-start=\"935\" data-end=\"1260\">Die zentralen Elemente aus 22-kar\u00e4tigem Gelbgold sind mit schwarzen, emaillierten Akzenten verziert und weisen eine strukturierte Oberfl\u00e4che auf. Die Basis des Armbands besteht aus einem flexiblen Gummischlauch, der einen bequemen und sicheren Sitz f\u00fcr den t\u00e4glichen Gebrauch bietet. Die Schlie\u00dfe ist vergoldet und f\u00fcgt sich nahtlos in das Design ein.<\/p>\n<h4 data-start=\"1262\" data-end=\"1287\"><strong data-start=\"1267\" data-end=\"1285\">Styling-Ideen:<\/strong><\/h4>\n<p>Dieses Armband ist f\u00fcr den t\u00e4glichen Gebrauch gedacht und passt sowohl zu legerer als auch zu traditioneller Kleidung, was es zu einer vielseitigen Erg\u00e4nzung jeder Kollektion macht. Es hebt sich als bedeutungsvolles Accessoire unter den Herrenschmuckst\u00fccken von uk ab und bietet sowohl spirituelle Bedeutung als auch modernen Stil. Es ist ein ideales Geschenk f\u00fcr Feste, Meilensteine oder pers\u00f6nliche Rituale und vermittelt ein Gef\u00fchl von Zweck und Identit\u00e4t.<\/p>","protected":false},"excerpt":{"rendered":"<p>Zelebrieren Sie die g\u00f6ttliche Energie mit diesem auff\u00e4lligen, flexiblen Armband aus 22-kar\u00e4tigem Gold mit Om- und Trishul-Motiv. Mit einem symbolischen Trishul- und Om-Motiv, gepaart mit schwarzem Gummi f\u00fcr einen modernen Touch, verbindet dieses Armband m\u00fchelos Tradition und Stil. Perfekt f\u00fcr den t\u00e4glichen spirituellen Gebrauch oder als Geschenk.<\/p>\n<p><strong>Material:<\/strong>\u00a022ct Gold (91,6% reines Gold)<strong><br \/>\nWahrzeichen:\u00a0<\/strong>Britisches G\u00fctesiegel<strong><br \/>\n<\/strong><strong>Bruttogewicht: <\/strong>15,36 Gramm<br \/>\n<strong>Nettogewicht:<\/strong> 13,48 Gramm<br \/>\n<strong>Gr\u00f6\u00dfe :<\/strong> 2.6<br \/>\n<strong>SKU:<\/strong> 51014<\/p>\n<p><strong>Preis und Lieferung<\/strong>: Inklusive Mehrwertsteuer und Lieferkosten<br \/>\n<a href=\"https:\/\/www.purejewels.com\/de\/ruckgabepolitik\/\">R\u00fcckgabepolitik<\/a><\/p>","protected":false},"featured_media":418886,"comment_status":"closed","ping_status":"closed","template":"","meta":{"_eb_attr":"","_crsspst_to_jayantr4sg-hostcom":true},"product_brand":[],"product_cat":[1571,1324,1627,1229,1572,1628,1574,5349],"product_tag":[],"class_list":{"0":"post-418872","1":"product","2":"type-product","3":"status-publish","4":"has-post-thumbnail","6":"product_cat-fathers-day-gifts","7":"product_cat-gold-bracelet","8":"product_cat-ladies-bracelet","9":"product_cat-22ct-gold-jewellery","10":"product_cat-mens-jewellery","11":"product_cat-mens-bracelet","12":"product_cat-womens-jewellery","13":"product_cat-yellow-gold-jewellery","15":"first","16":"instock","17":"taxable","18":"shipping-taxable","19":"purchasable","20":"product-type-simple","21":"add-to-wishlist-before_image"},"yoast_head":"<!-- This site is optimized with the Yoast SEO plugin v27.4 - https:\/\/yoast.com\/product\/yoast-seo-wordpress\/ -->\n<title>22ct Gold Om &amp; Trishul Flexible Bracelet | Spiritual Jewellery<\/title>\n<meta name=\"description\" content=\"Shop the Spiritual Om &amp; Trishul Bracelet in 22ct Gold featuring a flexible rubber strap. A divine blend of traditional symbols and modern comfort. Perfect for gifting.\" \/>\n<meta name=\"robots\" content=\"index, follow, max-snippet:-1, max-image-preview:large, max-video-preview:-1\" \/>\n<link rel=\"canonical\" href=\"https:\/\/www.purejewels.com\/de\/produkt-2\/spirituelles-om-trishul-flexibles-armband-51014\/\" \/>\n<meta property=\"og:locale\" content=\"de_DE\" \/>\n<meta property=\"og:type\" content=\"article\" \/>\n<meta property=\"og:title\" content=\"22ct Gold Om &amp; Trishul Flexible Bracelet | Spiritual Jewellery\" \/>\n<meta property=\"og:description\" content=\"Shop the Spiritual Om &amp; Trishul Bracelet in 22ct Gold featuring a flexible rubber strap. A divine blend of traditional symbols and modern comfort. Perfect for gifting.\" \/>\n<meta property=\"og:url\" content=\"https:\/\/www.purejewels.com\/de\/produkt-2\/spirituelles-om-trishul-flexibles-armband-51014\/\" \/>\n<meta property=\"og:site_name\" content=\"PureJewels UK\" \/>\n<meta property=\"article:modified_time\" content=\"2026-03-23T04:25:53+00:00\" \/>\n<meta property=\"og:image\" content=\"https:\/\/static.purejewels.com\/wp-content\/uploads\/2025\/10\/51014.jpg\" \/>\n\t<meta property=\"og:image:width\" content=\"1024\" \/>\n\t<meta property=\"og:image:height\" content=\"1024\" \/>\n\t<meta property=\"og:image:type\" content=\"image\/jpeg\" \/>\n<meta name=\"twitter:card\" content=\"summary_large_image\" \/>\n<meta name=\"twitter:label1\" content=\"Gesch\u00e4tzte Lesezeit\" \/>\n\t<meta name=\"twitter:data1\" content=\"1\u00a0Minute\" \/>\n<script type=\"application\/ld+json\" class=\"yoast-schema-graph\">{\"@context\":\"https:\\\/\\\/schema.org\",\"@graph\":[{\"@type\":[\"WebPage\",\"ItemPage\"],\"@id\":\"https:\\\/\\\/www.purejewels.com\\\/product\\\/spiritual-om-trishul-flexible-bracelet-51014\\\/\",\"url\":\"https:\\\/\\\/www.purejewels.com\\\/product\\\/spiritual-om-trishul-flexible-bracelet-51014\\\/\",\"name\":\"22ct Gold Om & Trishul Flexible Bracelet | Spiritual Jewellery\",\"isPartOf\":{\"@id\":\"https:\\\/\\\/www.purejewels.com\\\/#website\"},\"primaryImageOfPage\":{\"@id\":\"https:\\\/\\\/www.purejewels.com\\\/product\\\/spiritual-om-trishul-flexible-bracelet-51014\\\/#primaryimage\"},\"image\":{\"@id\":\"https:\\\/\\\/www.purejewels.com\\\/product\\\/spiritual-om-trishul-flexible-bracelet-51014\\\/#primaryimage\"},\"thumbnailUrl\":\"https:\\\/\\\/static.purejewels.com\\\/wp-content\\\/uploads\\\/2025\\\/10\\\/51014.jpg\",\"datePublished\":\"2025-09-13T11:37:24+00:00\",\"dateModified\":\"2026-03-23T04:25:53+00:00\",\"description\":\"Shop the Spiritual Om & Trishul Bracelet in 22ct Gold featuring a flexible rubber strap. A divine blend of traditional symbols and modern comfort. Perfect for gifting.\",\"breadcrumb\":{\"@id\":\"https:\\\/\\\/www.purejewels.com\\\/product\\\/spiritual-om-trishul-flexible-bracelet-51014\\\/#breadcrumb\"},\"inLanguage\":\"de\",\"potentialAction\":[{\"@type\":\"ReadAction\",\"target\":[\"https:\\\/\\\/www.purejewels.com\\\/product\\\/spiritual-om-trishul-flexible-bracelet-51014\\\/\"]}]},{\"@type\":\"ImageObject\",\"inLanguage\":\"de\",\"@id\":\"https:\\\/\\\/www.purejewels.com\\\/product\\\/spiritual-om-trishul-flexible-bracelet-51014\\\/#primaryimage\",\"url\":\"https:\\\/\\\/static.purejewels.com\\\/wp-content\\\/uploads\\\/2025\\\/10\\\/51014.jpg\",\"contentUrl\":\"https:\\\/\\\/static.purejewels.com\\\/wp-content\\\/uploads\\\/2025\\\/10\\\/51014.jpg\",\"width\":1024,\"height\":1024,\"caption\":\"Spiritual Om & Trishul Flexible Bracelet\"},{\"@type\":\"BreadcrumbList\",\"@id\":\"https:\\\/\\\/www.purejewels.com\\\/product\\\/spiritual-om-trishul-flexible-bracelet-51014\\\/#breadcrumb\",\"itemListElement\":[{\"@type\":\"ListItem\",\"position\":1,\"name\":\"Home\",\"item\":\"https:\\\/\\\/www.purejewels.com\\\/\"},{\"@type\":\"ListItem\",\"position\":2,\"name\":\"Shop\",\"item\":\"https:\\\/\\\/www.purejewels.com\\\/shop\\\/\"},{\"@type\":\"ListItem\",\"position\":3,\"name\":\"Spiritual Om &#038; Trishul Flexible Bracelet | 22ct Gold\"}]},{\"@type\":\"WebSite\",\"@id\":\"https:\\\/\\\/www.purejewels.com\\\/#website\",\"url\":\"https:\\\/\\\/www.purejewels.com\\\/\",\"name\":\"PureJewels UK\",\"description\":\"Share the Love\",\"publisher\":{\"@id\":\"https:\\\/\\\/www.purejewels.com\\\/#organization\"},\"potentialAction\":[{\"@type\":\"SearchAction\",\"target\":{\"@type\":\"EntryPoint\",\"urlTemplate\":\"https:\\\/\\\/www.purejewels.com\\\/?s={search_term_string}\"},\"query-input\":{\"@type\":\"PropertyValueSpecification\",\"valueRequired\":true,\"valueName\":\"search_term_string\"}}],\"inLanguage\":\"de\"},{\"@type\":\"Organization\",\"@id\":\"https:\\\/\\\/www.purejewels.com\\\/#organization\",\"name\":\"PureJewels UK\",\"url\":\"https:\\\/\\\/www.purejewels.com\\\/\",\"logo\":{\"@type\":\"ImageObject\",\"inLanguage\":\"de\",\"@id\":\"https:\\\/\\\/www.purejewels.com\\\/#\\\/schema\\\/logo\\\/image\\\/\",\"url\":\"https:\\\/\\\/static.purejewels.com\\\/wp-content\\\/uploads\\\/2020\\\/11\\\/Logo-PJ-New-1.png\",\"contentUrl\":\"https:\\\/\\\/static.purejewels.com\\\/wp-content\\\/uploads\\\/2020\\\/11\\\/Logo-PJ-New-1.png\",\"width\":150,\"height\":80,\"caption\":\"PureJewels UK\"},\"image\":{\"@id\":\"https:\\\/\\\/www.purejewels.com\\\/#\\\/schema\\\/logo\\\/image\\\/\"}}]}<\/script>\n<!-- \/ Yoast SEO plugin. -->","yoast_head_json":{"title":"22ct Gold Om &amp; Trishul Flexible Armband | Spiritueller Schmuck","description":"Shoppen Sie das spirituelle Om &amp; Trishul Armband aus 22 Karat Gold mit flexiblem Kautschukband. Eine g\u00f6ttliche Mischung aus traditionellen Symbolen und modernem Komfort. Perfekt zum Verschenken.","robots":{"index":"index","follow":"follow","max-snippet":"max-snippet:-1","max-image-preview":"max-image-preview:large","max-video-preview":"max-video-preview:-1"},"canonical":"https:\/\/www.purejewels.com\/de\/produkt-2\/spirituelles-om-trishul-flexibles-armband-51014\/","og_locale":"de_DE","og_type":"article","og_title":"22ct Gold Om & Trishul Flexible Bracelet | Spiritual Jewellery","og_description":"Shop the Spiritual Om & Trishul Bracelet in 22ct Gold featuring a flexible rubber strap. A divine blend of traditional symbols and modern comfort. Perfect for gifting.","og_url":"https:\/\/www.purejewels.com\/de\/produkt-2\/spirituelles-om-trishul-flexibles-armband-51014\/","og_site_name":"PureJewels UK","article_modified_time":"2026-03-23T04:25:53+00:00","og_image":[{"width":1024,"height":1024,"url":"https:\/\/static.purejewels.com\/wp-content\/uploads\/2025\/10\/51014.jpg","type":"image\/jpeg"}],"twitter_card":"summary_large_image","twitter_misc":{"Gesch\u00e4tzte Lesezeit":"1\u00a0Minute"},"schema":{"@context":"https:\/\/schema.org","@graph":[{"@type":["WebPage","ItemPage"],"@id":"https:\/\/www.purejewels.com\/product\/spiritual-om-trishul-flexible-bracelet-51014\/","url":"https:\/\/www.purejewels.com\/product\/spiritual-om-trishul-flexible-bracelet-51014\/","name":"22ct Gold Om &amp; Trishul Flexible Armband | Spiritueller Schmuck","isPartOf":{"@id":"https:\/\/www.purejewels.com\/#website"},"primaryImageOfPage":{"@id":"https:\/\/www.purejewels.com\/product\/spiritual-om-trishul-flexible-bracelet-51014\/#primaryimage"},"image":{"@id":"https:\/\/www.purejewels.com\/product\/spiritual-om-trishul-flexible-bracelet-51014\/#primaryimage"},"thumbnailUrl":"https:\/\/static.purejewels.com\/wp-content\/uploads\/2025\/10\/51014.jpg","datePublished":"2025-09-13T11:37:24+00:00","dateModified":"2026-03-23T04:25:53+00:00","description":"Shoppen Sie das spirituelle Om &amp; Trishul Armband aus 22 Karat Gold mit flexiblem Kautschukband. Eine g\u00f6ttliche Mischung aus traditionellen Symbolen und modernem Komfort. Perfekt zum Verschenken.","breadcrumb":{"@id":"https:\/\/www.purejewels.com\/product\/spiritual-om-trishul-flexible-bracelet-51014\/#breadcrumb"},"inLanguage":"de","potentialAction":[{"@type":"ReadAction","target":["https:\/\/www.purejewels.com\/product\/spiritual-om-trishul-flexible-bracelet-51014\/"]}]},{"@type":"ImageObject","inLanguage":"de","@id":"https:\/\/www.purejewels.com\/product\/spiritual-om-trishul-flexible-bracelet-51014\/#primaryimage","url":"https:\/\/static.purejewels.com\/wp-content\/uploads\/2025\/10\/51014.jpg","contentUrl":"https:\/\/static.purejewels.com\/wp-content\/uploads\/2025\/10\/51014.jpg","width":1024,"height":1024,"caption":"Spiritual Om & Trishul Flexible Bracelet"},{"@type":"BreadcrumbList","@id":"https:\/\/www.purejewels.com\/product\/spiritual-om-trishul-flexible-bracelet-51014\/#breadcrumb","itemListElement":[{"@type":"ListItem","position":1,"name":"Home","item":"https:\/\/www.purejewels.com\/"},{"@type":"ListItem","position":2,"name":"Shop","item":"https:\/\/www.purejewels.com\/shop\/"},{"@type":"ListItem","position":3,"name":"Spiritual Om &#038; Trishul Flexible Bracelet | 22ct Gold"}]},{"@type":"WebSite","@id":"https:\/\/www.purejewels.com\/#website","url":"https:\/\/www.purejewels.com\/","name":"PureJewels UK","description":"Teile die Liebe","publisher":{"@id":"https:\/\/www.purejewels.com\/#organization"},"potentialAction":[{"@type":"SearchAction","target":{"@type":"EntryPoint","urlTemplate":"https:\/\/www.purejewels.com\/?s={search_term_string}"},"query-input":{"@type":"PropertyValueSpecification","valueRequired":true,"valueName":"search_term_string"}}],"inLanguage":"de"},{"@type":"Organization","@id":"https:\/\/www.purejewels.com\/#organization","name":"PureJewels UK","url":"https:\/\/www.purejewels.com\/","logo":{"@type":"ImageObject","inLanguage":"de","@id":"https:\/\/www.purejewels.com\/#\/schema\/logo\/image\/","url":"https:\/\/static.purejewels.com\/wp-content\/uploads\/2020\/11\/Logo-PJ-New-1.png","contentUrl":"https:\/\/static.purejewels.com\/wp-content\/uploads\/2020\/11\/Logo-PJ-New-1.png","width":150,"height":80,"caption":"PureJewels UK"},"image":{"@id":"https:\/\/www.purejewels.com\/#\/schema\/logo\/image\/"}}]}},"_links":{"self":[{"href":"https:\/\/www.purejewels.com\/de\/wp-json\/wp\/v2\/product\/418872","targetHints":{"allow":["GET"]}}],"collection":[{"href":"https:\/\/www.purejewels.com\/de\/wp-json\/wp\/v2\/product"}],"about":[{"href":"https:\/\/www.purejewels.com\/de\/wp-json\/wp\/v2\/types\/product"}],"replies":[{"embeddable":true,"href":"https:\/\/www.purejewels.com\/de\/wp-json\/wp\/v2\/comments?post=418872"}],"version-history":[{"count":3,"href":"https:\/\/www.purejewels.com\/de\/wp-json\/wp\/v2\/product\/418872\/revisions"}],"predecessor-version":[{"id":427427,"href":"https:\/\/www.purejewels.com\/de\/wp-json\/wp\/v2\/product\/418872\/revisions\/427427"}],"wp:featuredmedia":[{"embeddable":true,"href":"https:\/\/www.purejewels.com\/de\/wp-json\/wp\/v2\/media\/418886"}],"wp:attachment":[{"href":"https:\/\/www.purejewels.com\/de\/wp-json\/wp\/v2\/media?parent=418872"}],"wp:term":[{"taxonomy":"product_brand","embeddable":true,"href":"https:\/\/www.purejewels.com\/de\/wp-json\/wp\/v2\/product_brand?post=418872"},{"taxonomy":"product_cat","embeddable":true,"href":"https:\/\/www.purejewels.com\/de\/wp-json\/wp\/v2\/product_cat?post=418872"},{"taxonomy":"product_tag","embeddable":true,"href":"https:\/\/www.purejewels.com\/de\/wp-json\/wp\/v2\/product_tag?post=418872"}],"curies":[{"name":"wp","href":"https:\/\/api.w.org\/{rel}","templated":true}]}}