{"id":418893,"date":"2025-09-13T13:24:31","date_gmt":"2025-09-13T12:24:31","guid":{"rendered":"https:\/\/www.purejewels.com\/?post_type=product&#038;p=418893"},"modified":"2026-04-24T09:39:38","modified_gmt":"2026-04-24T08:39:38","slug":"blumenanhanger-aus-22-karat-gold-mit-blauer-emaille-53092","status":"publish","type":"product","link":"https:\/\/www.purejewels.com\/de\/product\/22ct-gold-floral-pendant-with-cz-blue-enamel-53092\/","title":{"rendered":"22ct Gold Floral Anh\u00e4nger mit CZ und blauem Emaille"},"content":{"rendered":"<p data-start=\"516\" data-end=\"788\"><strong data-start=\"516\" data-end=\"535\">Designkonzept<\/strong><\/p>\n<p data-start=\"516\" data-end=\"788\">Inspiriert von der zeitlosen Sch\u00f6nheit bl\u00fchender Blumen, f\u00e4ngt dieser Anh\u00e4nger die Eleganz der Natur durch ein stilisiertes f\u00fcnfbl\u00e4ttriges Blumendesign ein. Die tr\u00e4nenf\u00f6rmige CZ-Spitze symbolisiert Reinheit und Anmut und verschmilzt nahtlos moderne \u00c4sthetik mit klassischen Motiven.<\/p>\n<p data-start=\"790\" data-end=\"1035\"><strong data-start=\"790\" data-end=\"808\">Handwerkliches K\u00f6nnen<\/strong><\/p>\n<p data-start=\"790\" data-end=\"1035\">Der fachm\u00e4nnisch in Handarbeit aus 22 Karat Gelbgold gefertigte Anh\u00e4nger besticht durch seine pr\u00e4zise Emaillearbeit in einem tiefen, leuchtenden Blau. Jeder CZ-Stein ist sorgf\u00e4ltig gefasst, um das Funkeln zu verst\u00e4rken, w\u00e4hrend die glatte Oberfl\u00e4che f\u00fcr Komfort und lang anhaltenden Glanz sorgt.<\/p>\n<p data-start=\"1037\" data-end=\"1269\"><strong data-start=\"1037\" data-end=\"1055\">Styling-Ideen<\/strong><\/p>\n<p data-start=\"1037\" data-end=\"1269\">Legen Sie diesen floralen Anh\u00e4nger aus 22-kar\u00e4tigem Gold an eine feine Fuchsschwanz- oder Kastenkette, um das tiefblaue Emaille- und CZ-Funkeln hervorzuheben. Er hebt winterliche Strickwaren und abendliche Seide auf und l\u00e4sst sich wunderbar mit schlichten goldenen Ohrsteckern kombinieren. Der in Gro\u00dfbritannien gepunzte Anh\u00e4nger ist eine lebhafte Wahl f\u00fcr Weihnachtsschmuck und eine durchdachte Wahl f\u00fcr Weihnachtsgeschenke in Gro\u00dfbritannien, perfekt f\u00fcr Schwestern, Freunde oder jemand Besonderen.<\/p>","protected":false},"excerpt":{"rendered":"<p data-start=\"151\" data-end=\"420\">Dieser elegante, aus 22-kar\u00e4tigem Gold gefertigte Blumenanh\u00e4nger besticht durch eine lebendige Kombination aus schimmernden CZ-Steinen und sattblauen Emaillebl\u00e4ttern. Ein zartes tropfenf\u00f6rmiges Design vervollst\u00e4ndigt das St\u00fcck und verleiht ihm Raffinesse und Charme. Perfekt f\u00fcr den eleganten Alltag und festliche Anl\u00e4sse.<\/p>\n<p><strong>Material:<\/strong> 22ct Gold (91,6% reines Gold)<strong><br \/>\nWahrzeichen:\u00a0<\/strong>Britisches G\u00fctesiegel<strong><br \/>\n<\/strong><strong>Bruttogewicht: <\/strong>2,65 Gramm<br \/>\n<strong>Nettogewicht: <\/strong>2,61 Gramm<strong><br \/>\nSKU: <\/strong>53092<\/p>\n<p><strong>Preis und Lieferung:\u00a0<\/strong>Inklusive Mehrwertsteuer und Lieferkosten, ohne Kettenpreis<strong><br \/>\n<a href=\"https:\/\/www.purejewels.com\/de\/ruckgabepolitik\/\">R\u00fcckgabepolitik<\/a><\/strong><\/p>","protected":false},"featured_media":418898,"comment_status":"closed","ping_status":"closed","template":"","meta":{"_eb_attr":"","_crsspst_to_jayantr4sg-hostcom":true},"product_brand":[],"product_cat":[1791,1559,1794,1793,6190,1770,1792,1790,1229,1255,5344,1767,1570,5338,1569,1573,1574,5349],"product_tag":[],"class_list":{"0":"post-418893","1":"product","2":"type-product","3":"status-publish","4":"has-post-thumbnail","6":"product_cat-anniversary-gifts","7":"product_cat-birthday-gifts","8":"product_cat-christmas-gifts","9":"product_cat-diwali-gifts","10":"product_cat-easter-jewellery","11":"product_cat-fancy-pendants","12":"product_cat-festival-gifts","13":"product_cat-for-whom-when","14":"product_cat-22ct-gold-jewellery","15":"product_cat-gold-pendants","16":"product_cat-jewellery-under-750","17":"product_cat-ladies-pendants","18":"product_cat-mothers-day-gifts","19":"product_cat-shop-by-price","20":"product_cat-valentine-day-gifts","21":"product_cat-wedding-gifts","22":"product_cat-womens-jewellery","23":"product_cat-yellow-gold-jewellery","25":"first","26":"instock","27":"taxable","28":"shipping-taxable","29":"purchasable","30":"product-type-simple","31":"add-to-wishlist-before_image"},"yoast_head":"<!-- This site is optimized with the Yoast SEO plugin v27.5 - https:\/\/yoast.com\/product\/yoast-seo-wordpress\/ -->\n<title>22ct Gold Floral Pendant \u2013 Elegant Gold Jewellery UK<\/title>\n<meta name=\"description\" content=\"Shop this stunning 22ct gold floral pendant featuring CZ stones and blue enamel detailing. A perfect blend of tradition and elegance.\" \/>\n<meta name=\"robots\" content=\"index, follow, max-snippet:-1, max-image-preview:large, max-video-preview:-1\" \/>\n<link rel=\"canonical\" href=\"https:\/\/www.purejewels.com\/de\/produkt-2\/blumenanhanger-aus-22-karat-gold-mit-blauer-emaille-53092\/\" \/>\n<meta property=\"og:locale\" content=\"de_DE\" \/>\n<meta property=\"og:type\" content=\"article\" \/>\n<meta property=\"og:title\" content=\"22ct Gold Floral Pendant \u2013 Elegant Gold Jewellery UK\" \/>\n<meta property=\"og:description\" content=\"Shop this stunning 22ct gold floral pendant featuring CZ stones and blue enamel detailing. A perfect blend of tradition and elegance.\" \/>\n<meta property=\"og:url\" content=\"https:\/\/www.purejewels.com\/de\/produkt-2\/blumenanhanger-aus-22-karat-gold-mit-blauer-emaille-53092\/\" \/>\n<meta property=\"og:site_name\" content=\"PureJewels UK\" \/>\n<meta property=\"article:modified_time\" content=\"2026-04-24T08:39:38+00:00\" \/>\n<meta property=\"og:image\" content=\"https:\/\/static.purejewels.com\/wp-content\/uploads\/2025\/10\/SPS1827-0910.jpg\" \/>\n\t<meta property=\"og:image:width\" content=\"1000\" \/>\n\t<meta property=\"og:image:height\" content=\"1000\" \/>\n\t<meta property=\"og:image:type\" content=\"image\/jpeg\" \/>\n<meta name=\"twitter:card\" content=\"summary_large_image\" \/>\n<meta name=\"twitter:label1\" content=\"Gesch\u00e4tzte Lesezeit\" \/>\n\t<meta name=\"twitter:data1\" content=\"1\u00a0Minute\" \/>\n<script type=\"application\/ld+json\" class=\"yoast-schema-graph\">{\"@context\":\"https:\\\/\\\/schema.org\",\"@graph\":[{\"@type\":[\"WebPage\",\"ItemPage\"],\"@id\":\"https:\\\/\\\/www.purejewels.com\\\/product\\\/22ct-gold-floral-pendant-with-cz-blue-enamel-53092\\\/\",\"url\":\"https:\\\/\\\/www.purejewels.com\\\/product\\\/22ct-gold-floral-pendant-with-cz-blue-enamel-53092\\\/\",\"name\":\"22ct Gold Floral Pendant \u2013 Elegant Gold Jewellery UK\",\"isPartOf\":{\"@id\":\"https:\\\/\\\/www.purejewels.com\\\/#website\"},\"primaryImageOfPage\":{\"@id\":\"https:\\\/\\\/www.purejewels.com\\\/product\\\/22ct-gold-floral-pendant-with-cz-blue-enamel-53092\\\/#primaryimage\"},\"image\":{\"@id\":\"https:\\\/\\\/www.purejewels.com\\\/product\\\/22ct-gold-floral-pendant-with-cz-blue-enamel-53092\\\/#primaryimage\"},\"thumbnailUrl\":\"https:\\\/\\\/static.purejewels.com\\\/wp-content\\\/uploads\\\/2025\\\/10\\\/SPS1827-0910.jpg\",\"datePublished\":\"2025-09-13T12:24:31+00:00\",\"dateModified\":\"2026-04-24T08:39:38+00:00\",\"description\":\"Shop this stunning 22ct gold floral pendant featuring CZ stones and blue enamel detailing. A perfect blend of tradition and elegance.\",\"breadcrumb\":{\"@id\":\"https:\\\/\\\/www.purejewels.com\\\/product\\\/22ct-gold-floral-pendant-with-cz-blue-enamel-53092\\\/#breadcrumb\"},\"inLanguage\":\"de\",\"potentialAction\":[{\"@type\":\"ReadAction\",\"target\":[\"https:\\\/\\\/www.purejewels.com\\\/product\\\/22ct-gold-floral-pendant-with-cz-blue-enamel-53092\\\/\"]}]},{\"@type\":\"ImageObject\",\"inLanguage\":\"de\",\"@id\":\"https:\\\/\\\/www.purejewels.com\\\/product\\\/22ct-gold-floral-pendant-with-cz-blue-enamel-53092\\\/#primaryimage\",\"url\":\"https:\\\/\\\/static.purejewels.com\\\/wp-content\\\/uploads\\\/2025\\\/10\\\/SPS1827-0910.jpg\",\"contentUrl\":\"https:\\\/\\\/static.purejewels.com\\\/wp-content\\\/uploads\\\/2025\\\/10\\\/SPS1827-0910.jpg\",\"width\":1000,\"height\":1000,\"caption\":\"22ct Gold Floral Pendant with CZ and Blue Enamel\"},{\"@type\":\"BreadcrumbList\",\"@id\":\"https:\\\/\\\/www.purejewels.com\\\/product\\\/22ct-gold-floral-pendant-with-cz-blue-enamel-53092\\\/#breadcrumb\",\"itemListElement\":[{\"@type\":\"ListItem\",\"position\":1,\"name\":\"Home\",\"item\":\"https:\\\/\\\/www.purejewels.com\\\/\"},{\"@type\":\"ListItem\",\"position\":2,\"name\":\"Shop\",\"item\":\"https:\\\/\\\/www.purejewels.com\\\/shop\\\/\"},{\"@type\":\"ListItem\",\"position\":3,\"name\":\"22ct Gold Floral Pendant with CZ and Blue Enamel\"}]},{\"@type\":\"WebSite\",\"@id\":\"https:\\\/\\\/www.purejewels.com\\\/#website\",\"url\":\"https:\\\/\\\/www.purejewels.com\\\/\",\"name\":\"PureJewels UK\",\"description\":\"Share the Love\",\"publisher\":{\"@id\":\"https:\\\/\\\/www.purejewels.com\\\/#organization\"},\"potentialAction\":[{\"@type\":\"SearchAction\",\"target\":{\"@type\":\"EntryPoint\",\"urlTemplate\":\"https:\\\/\\\/www.purejewels.com\\\/?s={search_term_string}\"},\"query-input\":{\"@type\":\"PropertyValueSpecification\",\"valueRequired\":true,\"valueName\":\"search_term_string\"}}],\"inLanguage\":\"de\"},{\"@type\":\"Organization\",\"@id\":\"https:\\\/\\\/www.purejewels.com\\\/#organization\",\"name\":\"PureJewels UK\",\"url\":\"https:\\\/\\\/www.purejewels.com\\\/\",\"logo\":{\"@type\":\"ImageObject\",\"inLanguage\":\"de\",\"@id\":\"https:\\\/\\\/www.purejewels.com\\\/#\\\/schema\\\/logo\\\/image\\\/\",\"url\":\"https:\\\/\\\/static.purejewels.com\\\/wp-content\\\/uploads\\\/2020\\\/11\\\/Logo-PJ-New-1.png\",\"contentUrl\":\"https:\\\/\\\/static.purejewels.com\\\/wp-content\\\/uploads\\\/2020\\\/11\\\/Logo-PJ-New-1.png\",\"width\":150,\"height\":80,\"caption\":\"PureJewels UK\"},\"image\":{\"@id\":\"https:\\\/\\\/www.purejewels.com\\\/#\\\/schema\\\/logo\\\/image\\\/\"}}]}<\/script>\n<!-- \/ Yoast SEO plugin. -->","yoast_head_json":{"title":"22ct Gold Floral Anh\u00e4nger - Eleganter Goldschmuck UK","description":"Kaufen Sie diesen atemberaubenden Blumenanh\u00e4nger aus 22 Karat Gold mit CZ-Steinen und blauen Emaille-Details. Eine perfekte Mischung aus Tradition und Eleganz.","robots":{"index":"index","follow":"follow","max-snippet":"max-snippet:-1","max-image-preview":"max-image-preview:large","max-video-preview":"max-video-preview:-1"},"canonical":"https:\/\/www.purejewels.com\/de\/produkt-2\/blumenanhanger-aus-22-karat-gold-mit-blauer-emaille-53092\/","og_locale":"de_DE","og_type":"article","og_title":"22ct Gold Floral Pendant \u2013 Elegant Gold Jewellery UK","og_description":"Shop this stunning 22ct gold floral pendant featuring CZ stones and blue enamel detailing. A perfect blend of tradition and elegance.","og_url":"https:\/\/www.purejewels.com\/de\/produkt-2\/blumenanhanger-aus-22-karat-gold-mit-blauer-emaille-53092\/","og_site_name":"PureJewels UK","article_modified_time":"2026-04-24T08:39:38+00:00","og_image":[{"width":1000,"height":1000,"url":"https:\/\/static.purejewels.com\/wp-content\/uploads\/2025\/10\/SPS1827-0910.jpg","type":"image\/jpeg"}],"twitter_card":"summary_large_image","twitter_misc":{"Gesch\u00e4tzte Lesezeit":"1\u00a0Minute"},"schema":{"@context":"https:\/\/schema.org","@graph":[{"@type":["WebPage","ItemPage"],"@id":"https:\/\/www.purejewels.com\/product\/22ct-gold-floral-pendant-with-cz-blue-enamel-53092\/","url":"https:\/\/www.purejewels.com\/product\/22ct-gold-floral-pendant-with-cz-blue-enamel-53092\/","name":"22ct Gold Floral Anh\u00e4nger - Eleganter Goldschmuck UK","isPartOf":{"@id":"https:\/\/www.purejewels.com\/#website"},"primaryImageOfPage":{"@id":"https:\/\/www.purejewels.com\/product\/22ct-gold-floral-pendant-with-cz-blue-enamel-53092\/#primaryimage"},"image":{"@id":"https:\/\/www.purejewels.com\/product\/22ct-gold-floral-pendant-with-cz-blue-enamel-53092\/#primaryimage"},"thumbnailUrl":"https:\/\/static.purejewels.com\/wp-content\/uploads\/2025\/10\/SPS1827-0910.jpg","datePublished":"2025-09-13T12:24:31+00:00","dateModified":"2026-04-24T08:39:38+00:00","description":"Kaufen Sie diesen atemberaubenden Blumenanh\u00e4nger aus 22 Karat Gold mit CZ-Steinen und blauen Emaille-Details. Eine perfekte Mischung aus Tradition und Eleganz.","breadcrumb":{"@id":"https:\/\/www.purejewels.com\/product\/22ct-gold-floral-pendant-with-cz-blue-enamel-53092\/#breadcrumb"},"inLanguage":"de","potentialAction":[{"@type":"ReadAction","target":["https:\/\/www.purejewels.com\/product\/22ct-gold-floral-pendant-with-cz-blue-enamel-53092\/"]}]},{"@type":"ImageObject","inLanguage":"de","@id":"https:\/\/www.purejewels.com\/product\/22ct-gold-floral-pendant-with-cz-blue-enamel-53092\/#primaryimage","url":"https:\/\/static.purejewels.com\/wp-content\/uploads\/2025\/10\/SPS1827-0910.jpg","contentUrl":"https:\/\/static.purejewels.com\/wp-content\/uploads\/2025\/10\/SPS1827-0910.jpg","width":1000,"height":1000,"caption":"22ct Gold Floral Pendant with CZ and Blue Enamel"},{"@type":"BreadcrumbList","@id":"https:\/\/www.purejewels.com\/product\/22ct-gold-floral-pendant-with-cz-blue-enamel-53092\/#breadcrumb","itemListElement":[{"@type":"ListItem","position":1,"name":"Home","item":"https:\/\/www.purejewels.com\/"},{"@type":"ListItem","position":2,"name":"Shop","item":"https:\/\/www.purejewels.com\/shop\/"},{"@type":"ListItem","position":3,"name":"22ct Gold Floral Pendant with CZ and Blue Enamel"}]},{"@type":"WebSite","@id":"https:\/\/www.purejewels.com\/#website","url":"https:\/\/www.purejewels.com\/","name":"PureJewels UK","description":"Teile die Liebe","publisher":{"@id":"https:\/\/www.purejewels.com\/#organization"},"potentialAction":[{"@type":"SearchAction","target":{"@type":"EntryPoint","urlTemplate":"https:\/\/www.purejewels.com\/?s={search_term_string}"},"query-input":{"@type":"PropertyValueSpecification","valueRequired":true,"valueName":"search_term_string"}}],"inLanguage":"de"},{"@type":"Organization","@id":"https:\/\/www.purejewels.com\/#organization","name":"PureJewels UK","url":"https:\/\/www.purejewels.com\/","logo":{"@type":"ImageObject","inLanguage":"de","@id":"https:\/\/www.purejewels.com\/#\/schema\/logo\/image\/","url":"https:\/\/static.purejewels.com\/wp-content\/uploads\/2020\/11\/Logo-PJ-New-1.png","contentUrl":"https:\/\/static.purejewels.com\/wp-content\/uploads\/2020\/11\/Logo-PJ-New-1.png","width":150,"height":80,"caption":"PureJewels UK"},"image":{"@id":"https:\/\/www.purejewels.com\/#\/schema\/logo\/image\/"}}]}},"_links":{"self":[{"href":"https:\/\/www.purejewels.com\/de\/wp-json\/wp\/v2\/product\/418893","targetHints":{"allow":["GET"]}}],"collection":[{"href":"https:\/\/www.purejewels.com\/de\/wp-json\/wp\/v2\/product"}],"about":[{"href":"https:\/\/www.purejewels.com\/de\/wp-json\/wp\/v2\/types\/product"}],"replies":[{"embeddable":true,"href":"https:\/\/www.purejewels.com\/de\/wp-json\/wp\/v2\/comments?post=418893"}],"version-history":[{"count":2,"href":"https:\/\/www.purejewels.com\/de\/wp-json\/wp\/v2\/product\/418893\/revisions"}],"predecessor-version":[{"id":419922,"href":"https:\/\/www.purejewels.com\/de\/wp-json\/wp\/v2\/product\/418893\/revisions\/419922"}],"wp:featuredmedia":[{"embeddable":true,"href":"https:\/\/www.purejewels.com\/de\/wp-json\/wp\/v2\/media\/418898"}],"wp:attachment":[{"href":"https:\/\/www.purejewels.com\/de\/wp-json\/wp\/v2\/media?parent=418893"}],"wp:term":[{"taxonomy":"product_brand","embeddable":true,"href":"https:\/\/www.purejewels.com\/de\/wp-json\/wp\/v2\/product_brand?post=418893"},{"taxonomy":"product_cat","embeddable":true,"href":"https:\/\/www.purejewels.com\/de\/wp-json\/wp\/v2\/product_cat?post=418893"},{"taxonomy":"product_tag","embeddable":true,"href":"https:\/\/www.purejewels.com\/de\/wp-json\/wp\/v2\/product_tag?post=418893"}],"curies":[{"name":"wp","href":"https:\/\/api.w.org\/{rel}","templated":true}]}}