{"id":418937,"date":"2025-09-14T04:59:57","date_gmt":"2025-09-14T03:59:57","guid":{"rendered":"https:\/\/www.purejewels.com\/?post_type=product&#038;p=418937"},"modified":"2026-04-24T09:39:03","modified_gmt":"2026-04-24T08:39:03","slug":"22ct-gold-mridanga-ganesh-anhanger-50996","status":"publish","type":"product","link":"https:\/\/www.purejewels.com\/de\/product\/22ct-gold-mridanga-ganesh-pendant-50996\/","title":{"rendered":"22ct Gold Mridanga Ganesh Anh\u00e4nger"},"content":{"rendered":"<h3 data-start=\"586\" data-end=\"602\"><strong data-start=\"590\" data-end=\"600\">Gestaltung<\/strong><\/h3>\n<p data-start=\"603\" data-end=\"936\">Diese 22ct Gold Mridanga <a href=\"https:\/\/www.purejewels.com\/de\/produkt-kategorie\/22-karatiger-goldschmuck\/gold-anhanger\/religiose-anhanger\/ganesh-anhanger\/\">Ganesh-Anh\u00e4nger<\/a> stellt Lord Ganesh dar, der freudig auf der Mridanga spielt, die f\u00fcr Rhythmus, Weisheit und Kreativit\u00e4t steht. Die ausdrucksstarken Details - von seinen gelassenen Augen bis zur skulptierten Trommel - erwecken die g\u00f6ttliche Form zum Leben. Ein Hauch von erdigem Email verleiht ihm W\u00e4rme und Kontrast und erinnert an das Gleichgewicht zwischen Klang und Stille.<\/p>\n<h3 data-start=\"938\" data-end=\"961\"><strong data-start=\"942\" data-end=\"959\">Handwerkliches K\u00f6nnen<\/strong><\/h3>\n<p data-start=\"962\" data-end=\"1221\">Dieser in Handarbeit aus 22 Karat Gold gefertigte und in London gestempelte Anh\u00e4nger spiegelt die handwerkliche Finesse wider, f\u00fcr die PureJewels bekannt ist. Jede Kurve und jeder Schliff zeugt von sorgf\u00e4ltiger Aufmerksamkeit f\u00fcr Proportionen und Ausdruck, damit der Anh\u00e4nger sowohl Sch\u00f6nheit als auch Heiligkeit ausstrahlt.<\/p>\n<h3 data-start=\"1223\" data-end=\"1250\"><strong data-start=\"1227\" data-end=\"1248\">Styling &amp; Geschenkartikel<\/strong><\/h3>\n<p data-start=\"1251\" data-end=\"1486\">Tragen Sie diesen Anh\u00e4nger t\u00e4glich als Symbol f\u00fcr Schutz, Weisheit und gl\u00fccksverhei\u00dfende Energie, oder verschenken Sie ihn, um Neuanf\u00e4nge zu feiern. Perfekt f\u00fcr festliche Anl\u00e4sse, spirituelle Meilensteine oder als Segen f\u00fcr geliebte Menschen, die sich auf eine neue Reise begeben.<\/p>","protected":false},"excerpt":{"rendered":"<p>Ein fein gearbeiteter 22ct Gold <a href=\"https:\/\/www.purejewels.com\/de\/produkt-kategorie\/22-karatiger-goldschmuck\/gold-anhanger\/religiose-anhanger\/ganesh-anhanger\/\">Ganesh-Anh\u00e4nger<\/a> mit der Darstellung von Lord Ganesh, der die Mridanga spielt. Sie symbolisiert Rhythmus, Weisheit und Wohlstand, strahlt g\u00f6ttlichen Charme aus und ist ein sinnvolles Geschenk f\u00fcr jeden Anlass<\/p>\n<p><strong>Material:<\/strong> 22ct Gold (91,6% reines Gold)<strong><br \/>\nWahrzeichen:\u00a0<\/strong>Britisches G\u00fctesiegel<strong><br \/>\n<\/strong><strong>Bruttogewicht: <\/strong>2.10 Gms<strong><br \/>\nSKU: <\/strong>50996<\/p>\n<p><strong>Preis und Lieferung: <\/strong>Der Kettenpreis ist nicht inbegriffen, inklusive Mehrwertsteuer und Versandkosten.<strong><br \/>\n<a href=\"https:\/\/www.purejewels.com\/de\/ruckgabepolitik\/\">R\u00fcckgabepolitik<\/a><\/strong><\/p>","protected":false},"featured_media":418938,"comment_status":"closed","ping_status":"closed","template":"","meta":{"_eb_attr":"","_crsspst_to_jayantr4sg-hostcom":true},"product_brand":[],"product_cat":[1793,1792,5601,1229,1255,5343,1767,1572,1768,5338,1701,5349],"product_tag":[],"class_list":{"0":"post-418937","1":"product","2":"type-product","3":"status-publish","4":"has-post-thumbnail","6":"product_cat-diwali-gifts","7":"product_cat-festival-gifts","8":"product_cat-ganesh-pendants","9":"product_cat-22ct-gold-jewellery","10":"product_cat-gold-pendants","11":"product_cat-jewellery-under-550","12":"product_cat-ladies-pendants","13":"product_cat-mens-jewellery","14":"product_cat-mens-pendants","15":"product_cat-shop-by-price","16":"product_cat-religious-pendants","17":"product_cat-yellow-gold-jewellery","19":"first","20":"instock","21":"taxable","22":"shipping-taxable","23":"purchasable","24":"product-type-simple","25":"add-to-wishlist-before_image"},"yoast_head":"<!-- This site is optimized with the Yoast SEO plugin v27.6 - https:\/\/yoast.com\/product\/yoast-seo-wordpress\/ -->\n<title>22ct Gold Mridanga Ganesh | Divine Jewellery by PureJewels<\/title>\n<meta name=\"description\" content=\"Shop the 22ct Gold Mridanga Ganesh Pendant from PureJewels. Handcrafted in radiant gold, this Lord Ganesh playing the mridanga, symbolising joy and wisdom.\" \/>\n<meta name=\"robots\" content=\"index, follow, max-snippet:-1, max-image-preview:large, max-video-preview:-1\" \/>\n<link rel=\"canonical\" href=\"https:\/\/www.purejewels.com\/de\/produkt-2\/22ct-gold-mridanga-ganesh-anhanger-50996\/\" \/>\n<meta property=\"og:locale\" content=\"de_DE\" \/>\n<meta property=\"og:type\" content=\"article\" \/>\n<meta property=\"og:title\" content=\"22ct Gold Mridanga Ganesh | Divine Jewellery by PureJewels\" \/>\n<meta property=\"og:description\" content=\"Shop the 22ct Gold Mridanga Ganesh Pendant from PureJewels. Handcrafted in radiant gold, this Lord Ganesh playing the mridanga, symbolising joy and wisdom.\" \/>\n<meta property=\"og:url\" content=\"https:\/\/www.purejewels.com\/de\/produkt-2\/22ct-gold-mridanga-ganesh-anhanger-50996\/\" \/>\n<meta property=\"og:site_name\" content=\"PureJewels UK\" \/>\n<meta property=\"article:modified_time\" content=\"2026-04-24T08:39:03+00:00\" \/>\n<meta property=\"og:image\" content=\"https:\/\/static.purejewels.com\/wp-content\/uploads\/2025\/10\/50996.jpg\" \/>\n\t<meta property=\"og:image:width\" content=\"1000\" \/>\n\t<meta property=\"og:image:height\" content=\"1000\" \/>\n\t<meta property=\"og:image:type\" content=\"image\/jpeg\" \/>\n<meta name=\"twitter:card\" content=\"summary_large_image\" \/>\n<meta name=\"twitter:label1\" content=\"Gesch\u00e4tzte Lesezeit\" \/>\n\t<meta name=\"twitter:data1\" content=\"1\u00a0Minute\" \/>\n<script type=\"application\/ld+json\" class=\"yoast-schema-graph\">{\"@context\":\"https:\\\/\\\/schema.org\",\"@graph\":[{\"@type\":[\"WebPage\",\"ItemPage\"],\"@id\":\"https:\\\/\\\/www.purejewels.com\\\/product\\\/22ct-gold-mridanga-ganesh-pendant-50996\\\/\",\"url\":\"https:\\\/\\\/www.purejewels.com\\\/product\\\/22ct-gold-mridanga-ganesh-pendant-50996\\\/\",\"name\":\"22ct Gold Mridanga Ganesh | Divine Jewellery by PureJewels\",\"isPartOf\":{\"@id\":\"https:\\\/\\\/www.purejewels.com\\\/#website\"},\"primaryImageOfPage\":{\"@id\":\"https:\\\/\\\/www.purejewels.com\\\/product\\\/22ct-gold-mridanga-ganesh-pendant-50996\\\/#primaryimage\"},\"image\":{\"@id\":\"https:\\\/\\\/www.purejewels.com\\\/product\\\/22ct-gold-mridanga-ganesh-pendant-50996\\\/#primaryimage\"},\"thumbnailUrl\":\"https:\\\/\\\/static.purejewels.com\\\/wp-content\\\/uploads\\\/2025\\\/10\\\/50996.jpg\",\"datePublished\":\"2025-09-14T03:59:57+00:00\",\"dateModified\":\"2026-04-24T08:39:03+00:00\",\"description\":\"Shop the 22ct Gold Mridanga Ganesh Pendant from PureJewels. Handcrafted in radiant gold, this Lord Ganesh playing the mridanga, symbolising joy and wisdom.\",\"breadcrumb\":{\"@id\":\"https:\\\/\\\/www.purejewels.com\\\/product\\\/22ct-gold-mridanga-ganesh-pendant-50996\\\/#breadcrumb\"},\"inLanguage\":\"de\",\"potentialAction\":[{\"@type\":\"ReadAction\",\"target\":[\"https:\\\/\\\/www.purejewels.com\\\/product\\\/22ct-gold-mridanga-ganesh-pendant-50996\\\/\"]}]},{\"@type\":\"ImageObject\",\"inLanguage\":\"de\",\"@id\":\"https:\\\/\\\/www.purejewels.com\\\/product\\\/22ct-gold-mridanga-ganesh-pendant-50996\\\/#primaryimage\",\"url\":\"https:\\\/\\\/static.purejewels.com\\\/wp-content\\\/uploads\\\/2025\\\/10\\\/50996.jpg\",\"contentUrl\":\"https:\\\/\\\/static.purejewels.com\\\/wp-content\\\/uploads\\\/2025\\\/10\\\/50996.jpg\",\"width\":1000,\"height\":1000,\"caption\":\"22ct Gold Mridanga Ganesh Pendant\"},{\"@type\":\"BreadcrumbList\",\"@id\":\"https:\\\/\\\/www.purejewels.com\\\/product\\\/22ct-gold-mridanga-ganesh-pendant-50996\\\/#breadcrumb\",\"itemListElement\":[{\"@type\":\"ListItem\",\"position\":1,\"name\":\"Home\",\"item\":\"https:\\\/\\\/www.purejewels.com\\\/\"},{\"@type\":\"ListItem\",\"position\":2,\"name\":\"Shop\",\"item\":\"https:\\\/\\\/www.purejewels.com\\\/shop\\\/\"},{\"@type\":\"ListItem\",\"position\":3,\"name\":\"22ct Gold Mridanga Ganesh Pendant\"}]},{\"@type\":\"WebSite\",\"@id\":\"https:\\\/\\\/www.purejewels.com\\\/#website\",\"url\":\"https:\\\/\\\/www.purejewels.com\\\/\",\"name\":\"PureJewels UK\",\"description\":\"Share the Love\",\"publisher\":{\"@id\":\"https:\\\/\\\/www.purejewels.com\\\/#organization\"},\"potentialAction\":[{\"@type\":\"SearchAction\",\"target\":{\"@type\":\"EntryPoint\",\"urlTemplate\":\"https:\\\/\\\/www.purejewels.com\\\/?s={search_term_string}\"},\"query-input\":{\"@type\":\"PropertyValueSpecification\",\"valueRequired\":true,\"valueName\":\"search_term_string\"}}],\"inLanguage\":\"de\"},{\"@type\":\"Organization\",\"@id\":\"https:\\\/\\\/www.purejewels.com\\\/#organization\",\"name\":\"PureJewels UK\",\"url\":\"https:\\\/\\\/www.purejewels.com\\\/\",\"logo\":{\"@type\":\"ImageObject\",\"inLanguage\":\"de\",\"@id\":\"https:\\\/\\\/www.purejewels.com\\\/#\\\/schema\\\/logo\\\/image\\\/\",\"url\":\"https:\\\/\\\/static.purejewels.com\\\/wp-content\\\/uploads\\\/2020\\\/11\\\/Logo-PJ-New-1.png\",\"contentUrl\":\"https:\\\/\\\/static.purejewels.com\\\/wp-content\\\/uploads\\\/2020\\\/11\\\/Logo-PJ-New-1.png\",\"width\":150,\"height\":80,\"caption\":\"PureJewels UK\"},\"image\":{\"@id\":\"https:\\\/\\\/www.purejewels.com\\\/#\\\/schema\\\/logo\\\/image\\\/\"}}]}<\/script>\n<!-- \/ Yoast SEO plugin. -->","yoast_head_json":{"title":"22ct Gold Mridanga Ganesh | Divine Schmuck von PureJewels","description":"Kaufen Sie den 22ct Gold Mridanga Ganesh Anh\u00e4nger von PureJewels. Handgefertigt in strahlendem Gold, dieser Lord Ganesh spielen die mridanga, symbolisiert Freude und Weisheit.","robots":{"index":"index","follow":"follow","max-snippet":"max-snippet:-1","max-image-preview":"max-image-preview:large","max-video-preview":"max-video-preview:-1"},"canonical":"https:\/\/www.purejewels.com\/de\/produkt-2\/22ct-gold-mridanga-ganesh-anhanger-50996\/","og_locale":"de_DE","og_type":"article","og_title":"22ct Gold Mridanga Ganesh | Divine Jewellery by PureJewels","og_description":"Shop the 22ct Gold Mridanga Ganesh Pendant from PureJewels. Handcrafted in radiant gold, this Lord Ganesh playing the mridanga, symbolising joy and wisdom.","og_url":"https:\/\/www.purejewels.com\/de\/produkt-2\/22ct-gold-mridanga-ganesh-anhanger-50996\/","og_site_name":"PureJewels UK","article_modified_time":"2026-04-24T08:39:03+00:00","og_image":[{"width":1000,"height":1000,"url":"https:\/\/static.purejewels.com\/wp-content\/uploads\/2025\/10\/50996.jpg","type":"image\/jpeg"}],"twitter_card":"summary_large_image","twitter_misc":{"Gesch\u00e4tzte Lesezeit":"1\u00a0Minute"},"schema":{"@context":"https:\/\/schema.org","@graph":[{"@type":["WebPage","ItemPage"],"@id":"https:\/\/www.purejewels.com\/product\/22ct-gold-mridanga-ganesh-pendant-50996\/","url":"https:\/\/www.purejewels.com\/product\/22ct-gold-mridanga-ganesh-pendant-50996\/","name":"22ct Gold Mridanga Ganesh | Divine Schmuck von PureJewels","isPartOf":{"@id":"https:\/\/www.purejewels.com\/#website"},"primaryImageOfPage":{"@id":"https:\/\/www.purejewels.com\/product\/22ct-gold-mridanga-ganesh-pendant-50996\/#primaryimage"},"image":{"@id":"https:\/\/www.purejewels.com\/product\/22ct-gold-mridanga-ganesh-pendant-50996\/#primaryimage"},"thumbnailUrl":"https:\/\/static.purejewels.com\/wp-content\/uploads\/2025\/10\/50996.jpg","datePublished":"2025-09-14T03:59:57+00:00","dateModified":"2026-04-24T08:39:03+00:00","description":"Kaufen Sie den 22ct Gold Mridanga Ganesh Anh\u00e4nger von PureJewels. Handgefertigt in strahlendem Gold, dieser Lord Ganesh spielen die mridanga, symbolisiert Freude und Weisheit.","breadcrumb":{"@id":"https:\/\/www.purejewels.com\/product\/22ct-gold-mridanga-ganesh-pendant-50996\/#breadcrumb"},"inLanguage":"de","potentialAction":[{"@type":"ReadAction","target":["https:\/\/www.purejewels.com\/product\/22ct-gold-mridanga-ganesh-pendant-50996\/"]}]},{"@type":"ImageObject","inLanguage":"de","@id":"https:\/\/www.purejewels.com\/product\/22ct-gold-mridanga-ganesh-pendant-50996\/#primaryimage","url":"https:\/\/static.purejewels.com\/wp-content\/uploads\/2025\/10\/50996.jpg","contentUrl":"https:\/\/static.purejewels.com\/wp-content\/uploads\/2025\/10\/50996.jpg","width":1000,"height":1000,"caption":"22ct Gold Mridanga Ganesh Pendant"},{"@type":"BreadcrumbList","@id":"https:\/\/www.purejewels.com\/product\/22ct-gold-mridanga-ganesh-pendant-50996\/#breadcrumb","itemListElement":[{"@type":"ListItem","position":1,"name":"Home","item":"https:\/\/www.purejewels.com\/"},{"@type":"ListItem","position":2,"name":"Shop","item":"https:\/\/www.purejewels.com\/shop\/"},{"@type":"ListItem","position":3,"name":"22ct Gold Mridanga Ganesh Pendant"}]},{"@type":"WebSite","@id":"https:\/\/www.purejewels.com\/#website","url":"https:\/\/www.purejewels.com\/","name":"PureJewels UK","description":"Teile die Liebe","publisher":{"@id":"https:\/\/www.purejewels.com\/#organization"},"potentialAction":[{"@type":"SearchAction","target":{"@type":"EntryPoint","urlTemplate":"https:\/\/www.purejewels.com\/?s={search_term_string}"},"query-input":{"@type":"PropertyValueSpecification","valueRequired":true,"valueName":"search_term_string"}}],"inLanguage":"de"},{"@type":"Organization","@id":"https:\/\/www.purejewels.com\/#organization","name":"PureJewels UK","url":"https:\/\/www.purejewels.com\/","logo":{"@type":"ImageObject","inLanguage":"de","@id":"https:\/\/www.purejewels.com\/#\/schema\/logo\/image\/","url":"https:\/\/static.purejewels.com\/wp-content\/uploads\/2020\/11\/Logo-PJ-New-1.png","contentUrl":"https:\/\/static.purejewels.com\/wp-content\/uploads\/2020\/11\/Logo-PJ-New-1.png","width":150,"height":80,"caption":"PureJewels UK"},"image":{"@id":"https:\/\/www.purejewels.com\/#\/schema\/logo\/image\/"}}]}},"_links":{"self":[{"href":"https:\/\/www.purejewels.com\/de\/wp-json\/wp\/v2\/product\/418937","targetHints":{"allow":["GET"]}}],"collection":[{"href":"https:\/\/www.purejewels.com\/de\/wp-json\/wp\/v2\/product"}],"about":[{"href":"https:\/\/www.purejewels.com\/de\/wp-json\/wp\/v2\/types\/product"}],"replies":[{"embeddable":true,"href":"https:\/\/www.purejewels.com\/de\/wp-json\/wp\/v2\/comments?post=418937"}],"version-history":[{"count":3,"href":"https:\/\/www.purejewels.com\/de\/wp-json\/wp\/v2\/product\/418937\/revisions"}],"predecessor-version":[{"id":428961,"href":"https:\/\/www.purejewels.com\/de\/wp-json\/wp\/v2\/product\/418937\/revisions\/428961"}],"wp:featuredmedia":[{"embeddable":true,"href":"https:\/\/www.purejewels.com\/de\/wp-json\/wp\/v2\/media\/418938"}],"wp:attachment":[{"href":"https:\/\/www.purejewels.com\/de\/wp-json\/wp\/v2\/media?parent=418937"}],"wp:term":[{"taxonomy":"product_brand","embeddable":true,"href":"https:\/\/www.purejewels.com\/de\/wp-json\/wp\/v2\/product_brand?post=418937"},{"taxonomy":"product_cat","embeddable":true,"href":"https:\/\/www.purejewels.com\/de\/wp-json\/wp\/v2\/product_cat?post=418937"},{"taxonomy":"product_tag","embeddable":true,"href":"https:\/\/www.purejewels.com\/de\/wp-json\/wp\/v2\/product_tag?post=418937"}],"curies":[{"name":"wp","href":"https:\/\/api.w.org\/{rel}","templated":true}]}}