{"id":418945,"date":"2025-09-14T05:53:51","date_gmt":"2025-09-14T04:53:51","guid":{"rendered":"https:\/\/www.purejewels.com\/?post_type=product&#038;p=418945"},"modified":"2026-04-24T09:28:48","modified_gmt":"2026-04-24T08:28:48","slug":"22ct-gold-vinayak-ganesh-anhanger-50999","status":"publish","type":"product","link":"https:\/\/www.purejewels.com\/de\/product\/22ct-gold-vinayak-ganesh-pendant-50999\/","title":{"rendered":"22ct Gold Vinayak Ganesh Anh\u00e4nger"},"content":{"rendered":"<h3 data-start=\"618\" data-end=\"634\"><strong data-start=\"622\" data-end=\"632\">Gestaltung<\/strong><\/h3>\n<p data-start=\"635\" data-end=\"886\">Dieser Vinayak Ganesh-Anh\u00e4nger aus 22 Karat Gold zeigt Lord Ganesh in einer friedlich sitzenden Form, die f\u00fcr Weisheit, F\u00fchrung und Neuanf\u00e4nge steht. Das Design ist mit warmen orangefarbenen und gr\u00fcnen Emaille-Details versehen, die dem g\u00f6ttlichen Motiv Tiefe und Farbe verleihen.<\/p>\n<h3 data-start=\"888\" data-end=\"911\"><strong data-start=\"892\" data-end=\"909\">Handwerkliches K\u00f6nnen<\/strong><\/h3>\n<p data-start=\"912\" data-end=\"1154\">Dieser in sorgf\u00e4ltiger Handarbeit aus 22-kar\u00e4tigem Gold gefertigte und in London gepunzte Anh\u00e4nger zeichnet sich durch raffinierte Kunstfertigkeit und Pr\u00e4zision aus. Jede Kurve und jedes Merkmal spiegelt die fachm\u00e4nnische Verarbeitung wider und sorgt daf\u00fcr, dass der Anh\u00e4nger sowohl spirituelle Anmut als auch visuelle Sch\u00f6nheit ausstrahlt.<\/p>\n<h3 data-start=\"1156\" data-end=\"1183\"><strong data-start=\"1160\" data-end=\"1181\">Styling &amp; Geschenkartikel<\/strong><\/h3>\n<p data-start=\"1184\" data-end=\"1387\" data-is-last-node=\"\" data-is-only-node=\"\">Dieser Anh\u00e4nger eignet sich perfekt f\u00fcr den t\u00e4glichen Gebrauch oder f\u00fcr festliche Anl\u00e4sse und bringt g\u00f6ttlichen Schutz und Positivit\u00e4t in jeden Moment. Eine durchdachte Wahl f\u00fcr Anl\u00e4sse wie Hauseinweihungen, Geburtstage oder gl\u00fccksverhei\u00dfende Anf\u00e4nge.<\/p>","protected":false},"excerpt":{"rendered":"<p>Ein wundersch\u00f6n handgefertigter Vinayak Ganesh-Anh\u00e4nger aus 22 Karat Gold mit dezenten Emaille-Akzenten. Er symbolisiert Weisheit, Schutz und gl\u00fcckliche Anf\u00e4nge und ist eine sinnvolle Erg\u00e4nzung f\u00fcr jede Schmucksammlung.<\/p>\n<p><strong>Material:<\/strong> 22ct Gold (91,6% reines Gold)<strong><br \/>\nWahrzeichen:\u00a0<\/strong>Britisches G\u00fctesiegel<strong><br \/>\n<\/strong><strong>Bruttogewicht: <\/strong>1.10 Gramm<strong><br \/>\nSKU: <\/strong>53042<\/p>\n<p><strong>Preis und Lieferung:<\/strong> Inklusive Mehrwertsteuer und Lieferkosten<strong><br \/>\n<a href=\"https:\/\/www.purejewels.com\/de\/ruckgabepolitik\/\">R\u00fcckgabepolitik<\/a><\/strong><\/p>","protected":false},"featured_media":418946,"comment_status":"closed","ping_status":"closed","template":"","meta":{"_eb_attr":"","_crsspst_to_jayantr4sg-hostcom":true},"product_brand":[],"product_cat":[1793,1792,5601,1229,1255,5342,1767,1572,1768,5338,1701,5349],"product_tag":[],"class_list":{"0":"post-418945","1":"product","2":"type-product","3":"status-publish","4":"has-post-thumbnail","6":"product_cat-diwali-gifts","7":"product_cat-festival-gifts","8":"product_cat-ganesh-pendants","9":"product_cat-22ct-gold-jewellery","10":"product_cat-gold-pendants","11":"product_cat-jewellery-under-250","12":"product_cat-ladies-pendants","13":"product_cat-mens-jewellery","14":"product_cat-mens-pendants","15":"product_cat-shop-by-price","16":"product_cat-religious-pendants","17":"product_cat-yellow-gold-jewellery","19":"first","20":"instock","21":"taxable","22":"shipping-taxable","23":"purchasable","24":"product-type-simple","25":"add-to-wishlist-before_image"},"yoast_head":"<!-- This site is optimized with the Yoast SEO plugin v27.5 - https:\/\/yoast.com\/product\/yoast-seo-wordpress\/ -->\n<title>22ct Gold Vinayak Ganesh Pendant | Divine Gold Jewellery<\/title>\n<meta name=\"description\" content=\"Shop the 22ct Gold Vinayak Ganesh Pendant from PureJewels. Handcrafted in radiant gold with enamel detailing, this pendant embodies Lord Ganesh\u2019s divine wisdom.\" \/>\n<meta name=\"robots\" content=\"index, follow, max-snippet:-1, max-image-preview:large, max-video-preview:-1\" \/>\n<link rel=\"canonical\" href=\"https:\/\/www.purejewels.com\/de\/produkt-2\/22ct-gold-vinayak-ganesh-anhanger-50999\/\" \/>\n<meta property=\"og:locale\" content=\"de_DE\" \/>\n<meta property=\"og:type\" content=\"article\" \/>\n<meta property=\"og:title\" content=\"22ct Gold Vinayak Ganesh Pendant | Divine Gold Jewellery\" \/>\n<meta property=\"og:description\" content=\"Shop the 22ct Gold Vinayak Ganesh Pendant from PureJewels. Handcrafted in radiant gold with enamel detailing, this pendant embodies Lord Ganesh\u2019s divine wisdom.\" \/>\n<meta property=\"og:url\" content=\"https:\/\/www.purejewels.com\/de\/produkt-2\/22ct-gold-vinayak-ganesh-anhanger-50999\/\" \/>\n<meta property=\"og:site_name\" content=\"PureJewels UK\" \/>\n<meta property=\"article:modified_time\" content=\"2026-04-24T08:28:48+00:00\" \/>\n<meta property=\"og:image\" content=\"https:\/\/static.purejewels.com\/wp-content\/uploads\/2025\/10\/50999.jpg\" \/>\n\t<meta property=\"og:image:width\" content=\"1000\" \/>\n\t<meta property=\"og:image:height\" content=\"1000\" \/>\n\t<meta property=\"og:image:type\" content=\"image\/jpeg\" \/>\n<meta name=\"twitter:card\" content=\"summary_large_image\" \/>\n<meta name=\"twitter:label1\" content=\"Gesch\u00e4tzte Lesezeit\" \/>\n\t<meta name=\"twitter:data1\" content=\"1\u00a0Minute\" \/>\n<script type=\"application\/ld+json\" class=\"yoast-schema-graph\">{\"@context\":\"https:\\\/\\\/schema.org\",\"@graph\":[{\"@type\":[\"WebPage\",\"ItemPage\"],\"@id\":\"https:\\\/\\\/www.purejewels.com\\\/product\\\/22ct-gold-vinayak-ganesh-pendant-50999\\\/\",\"url\":\"https:\\\/\\\/www.purejewels.com\\\/product\\\/22ct-gold-vinayak-ganesh-pendant-50999\\\/\",\"name\":\"22ct Gold Vinayak Ganesh Pendant | Divine Gold Jewellery\",\"isPartOf\":{\"@id\":\"https:\\\/\\\/www.purejewels.com\\\/#website\"},\"primaryImageOfPage\":{\"@id\":\"https:\\\/\\\/www.purejewels.com\\\/product\\\/22ct-gold-vinayak-ganesh-pendant-50999\\\/#primaryimage\"},\"image\":{\"@id\":\"https:\\\/\\\/www.purejewels.com\\\/product\\\/22ct-gold-vinayak-ganesh-pendant-50999\\\/#primaryimage\"},\"thumbnailUrl\":\"https:\\\/\\\/static.purejewels.com\\\/wp-content\\\/uploads\\\/2025\\\/10\\\/50999.jpg\",\"datePublished\":\"2025-09-14T04:53:51+00:00\",\"dateModified\":\"2026-04-24T08:28:48+00:00\",\"description\":\"Shop the 22ct Gold Vinayak Ganesh Pendant from PureJewels. Handcrafted in radiant gold with enamel detailing, this pendant embodies Lord Ganesh\u2019s divine wisdom.\",\"breadcrumb\":{\"@id\":\"https:\\\/\\\/www.purejewels.com\\\/product\\\/22ct-gold-vinayak-ganesh-pendant-50999\\\/#breadcrumb\"},\"inLanguage\":\"de\",\"potentialAction\":[{\"@type\":\"ReadAction\",\"target\":[\"https:\\\/\\\/www.purejewels.com\\\/product\\\/22ct-gold-vinayak-ganesh-pendant-50999\\\/\"]}]},{\"@type\":\"ImageObject\",\"inLanguage\":\"de\",\"@id\":\"https:\\\/\\\/www.purejewels.com\\\/product\\\/22ct-gold-vinayak-ganesh-pendant-50999\\\/#primaryimage\",\"url\":\"https:\\\/\\\/static.purejewels.com\\\/wp-content\\\/uploads\\\/2025\\\/10\\\/50999.jpg\",\"contentUrl\":\"https:\\\/\\\/static.purejewels.com\\\/wp-content\\\/uploads\\\/2025\\\/10\\\/50999.jpg\",\"width\":1000,\"height\":1000,\"caption\":\"22ct Gold Vinayak Ganesh Pendant\"},{\"@type\":\"BreadcrumbList\",\"@id\":\"https:\\\/\\\/www.purejewels.com\\\/product\\\/22ct-gold-vinayak-ganesh-pendant-50999\\\/#breadcrumb\",\"itemListElement\":[{\"@type\":\"ListItem\",\"position\":1,\"name\":\"Home\",\"item\":\"https:\\\/\\\/www.purejewels.com\\\/\"},{\"@type\":\"ListItem\",\"position\":2,\"name\":\"Shop\",\"item\":\"https:\\\/\\\/www.purejewels.com\\\/shop\\\/\"},{\"@type\":\"ListItem\",\"position\":3,\"name\":\"22ct Gold Vinayak Ganesh Pendant\"}]},{\"@type\":\"WebSite\",\"@id\":\"https:\\\/\\\/www.purejewels.com\\\/#website\",\"url\":\"https:\\\/\\\/www.purejewels.com\\\/\",\"name\":\"PureJewels UK\",\"description\":\"Share the Love\",\"publisher\":{\"@id\":\"https:\\\/\\\/www.purejewels.com\\\/#organization\"},\"potentialAction\":[{\"@type\":\"SearchAction\",\"target\":{\"@type\":\"EntryPoint\",\"urlTemplate\":\"https:\\\/\\\/www.purejewels.com\\\/?s={search_term_string}\"},\"query-input\":{\"@type\":\"PropertyValueSpecification\",\"valueRequired\":true,\"valueName\":\"search_term_string\"}}],\"inLanguage\":\"de\"},{\"@type\":\"Organization\",\"@id\":\"https:\\\/\\\/www.purejewels.com\\\/#organization\",\"name\":\"PureJewels UK\",\"url\":\"https:\\\/\\\/www.purejewels.com\\\/\",\"logo\":{\"@type\":\"ImageObject\",\"inLanguage\":\"de\",\"@id\":\"https:\\\/\\\/www.purejewels.com\\\/#\\\/schema\\\/logo\\\/image\\\/\",\"url\":\"https:\\\/\\\/static.purejewels.com\\\/wp-content\\\/uploads\\\/2020\\\/11\\\/Logo-PJ-New-1.png\",\"contentUrl\":\"https:\\\/\\\/static.purejewels.com\\\/wp-content\\\/uploads\\\/2020\\\/11\\\/Logo-PJ-New-1.png\",\"width\":150,\"height\":80,\"caption\":\"PureJewels UK\"},\"image\":{\"@id\":\"https:\\\/\\\/www.purejewels.com\\\/#\\\/schema\\\/logo\\\/image\\\/\"}}]}<\/script>\n<!-- \/ Yoast SEO plugin. -->","yoast_head_json":{"title":"22ct Gold Vinayak Ganesh Anh\u00e4nger | Divine Gold Jewellery","description":"Kaufen Sie den 22ct Gold Vinayak Ganesh Anh\u00e4nger von PureJewels. Handgefertigt aus strahlendem Gold mit Emaille-Details, verk\u00f6rpert dieser Anh\u00e4nger die g\u00f6ttliche Weisheit von Lord Ganesh.","robots":{"index":"index","follow":"follow","max-snippet":"max-snippet:-1","max-image-preview":"max-image-preview:large","max-video-preview":"max-video-preview:-1"},"canonical":"https:\/\/www.purejewels.com\/de\/produkt-2\/22ct-gold-vinayak-ganesh-anhanger-50999\/","og_locale":"de_DE","og_type":"article","og_title":"22ct Gold Vinayak Ganesh Pendant | Divine Gold Jewellery","og_description":"Shop the 22ct Gold Vinayak Ganesh Pendant from PureJewels. Handcrafted in radiant gold with enamel detailing, this pendant embodies Lord Ganesh\u2019s divine wisdom.","og_url":"https:\/\/www.purejewels.com\/de\/produkt-2\/22ct-gold-vinayak-ganesh-anhanger-50999\/","og_site_name":"PureJewels UK","article_modified_time":"2026-04-24T08:28:48+00:00","og_image":[{"width":1000,"height":1000,"url":"https:\/\/static.purejewels.com\/wp-content\/uploads\/2025\/10\/50999.jpg","type":"image\/jpeg"}],"twitter_card":"summary_large_image","twitter_misc":{"Gesch\u00e4tzte Lesezeit":"1\u00a0Minute"},"schema":{"@context":"https:\/\/schema.org","@graph":[{"@type":["WebPage","ItemPage"],"@id":"https:\/\/www.purejewels.com\/product\/22ct-gold-vinayak-ganesh-pendant-50999\/","url":"https:\/\/www.purejewels.com\/product\/22ct-gold-vinayak-ganesh-pendant-50999\/","name":"22ct Gold Vinayak Ganesh Anh\u00e4nger | Divine Gold Jewellery","isPartOf":{"@id":"https:\/\/www.purejewels.com\/#website"},"primaryImageOfPage":{"@id":"https:\/\/www.purejewels.com\/product\/22ct-gold-vinayak-ganesh-pendant-50999\/#primaryimage"},"image":{"@id":"https:\/\/www.purejewels.com\/product\/22ct-gold-vinayak-ganesh-pendant-50999\/#primaryimage"},"thumbnailUrl":"https:\/\/static.purejewels.com\/wp-content\/uploads\/2025\/10\/50999.jpg","datePublished":"2025-09-14T04:53:51+00:00","dateModified":"2026-04-24T08:28:48+00:00","description":"Kaufen Sie den 22ct Gold Vinayak Ganesh Anh\u00e4nger von PureJewels. Handgefertigt aus strahlendem Gold mit Emaille-Details, verk\u00f6rpert dieser Anh\u00e4nger die g\u00f6ttliche Weisheit von Lord Ganesh.","breadcrumb":{"@id":"https:\/\/www.purejewels.com\/product\/22ct-gold-vinayak-ganesh-pendant-50999\/#breadcrumb"},"inLanguage":"de","potentialAction":[{"@type":"ReadAction","target":["https:\/\/www.purejewels.com\/product\/22ct-gold-vinayak-ganesh-pendant-50999\/"]}]},{"@type":"ImageObject","inLanguage":"de","@id":"https:\/\/www.purejewels.com\/product\/22ct-gold-vinayak-ganesh-pendant-50999\/#primaryimage","url":"https:\/\/static.purejewels.com\/wp-content\/uploads\/2025\/10\/50999.jpg","contentUrl":"https:\/\/static.purejewels.com\/wp-content\/uploads\/2025\/10\/50999.jpg","width":1000,"height":1000,"caption":"22ct Gold Vinayak Ganesh Pendant"},{"@type":"BreadcrumbList","@id":"https:\/\/www.purejewels.com\/product\/22ct-gold-vinayak-ganesh-pendant-50999\/#breadcrumb","itemListElement":[{"@type":"ListItem","position":1,"name":"Home","item":"https:\/\/www.purejewels.com\/"},{"@type":"ListItem","position":2,"name":"Shop","item":"https:\/\/www.purejewels.com\/shop\/"},{"@type":"ListItem","position":3,"name":"22ct Gold Vinayak Ganesh Pendant"}]},{"@type":"WebSite","@id":"https:\/\/www.purejewels.com\/#website","url":"https:\/\/www.purejewels.com\/","name":"PureJewels UK","description":"Teile die Liebe","publisher":{"@id":"https:\/\/www.purejewels.com\/#organization"},"potentialAction":[{"@type":"SearchAction","target":{"@type":"EntryPoint","urlTemplate":"https:\/\/www.purejewels.com\/?s={search_term_string}"},"query-input":{"@type":"PropertyValueSpecification","valueRequired":true,"valueName":"search_term_string"}}],"inLanguage":"de"},{"@type":"Organization","@id":"https:\/\/www.purejewels.com\/#organization","name":"PureJewels UK","url":"https:\/\/www.purejewels.com\/","logo":{"@type":"ImageObject","inLanguage":"de","@id":"https:\/\/www.purejewels.com\/#\/schema\/logo\/image\/","url":"https:\/\/static.purejewels.com\/wp-content\/uploads\/2020\/11\/Logo-PJ-New-1.png","contentUrl":"https:\/\/static.purejewels.com\/wp-content\/uploads\/2020\/11\/Logo-PJ-New-1.png","width":150,"height":80,"caption":"PureJewels UK"},"image":{"@id":"https:\/\/www.purejewels.com\/#\/schema\/logo\/image\/"}}]}},"_links":{"self":[{"href":"https:\/\/www.purejewels.com\/de\/wp-json\/wp\/v2\/product\/418945","targetHints":{"allow":["GET"]}}],"collection":[{"href":"https:\/\/www.purejewels.com\/de\/wp-json\/wp\/v2\/product"}],"about":[{"href":"https:\/\/www.purejewels.com\/de\/wp-json\/wp\/v2\/types\/product"}],"replies":[{"embeddable":true,"href":"https:\/\/www.purejewels.com\/de\/wp-json\/wp\/v2\/comments?post=418945"}],"version-history":[{"count":2,"href":"https:\/\/www.purejewels.com\/de\/wp-json\/wp\/v2\/product\/418945\/revisions"}],"predecessor-version":[{"id":418948,"href":"https:\/\/www.purejewels.com\/de\/wp-json\/wp\/v2\/product\/418945\/revisions\/418948"}],"wp:featuredmedia":[{"embeddable":true,"href":"https:\/\/www.purejewels.com\/de\/wp-json\/wp\/v2\/media\/418946"}],"wp:attachment":[{"href":"https:\/\/www.purejewels.com\/de\/wp-json\/wp\/v2\/media?parent=418945"}],"wp:term":[{"taxonomy":"product_brand","embeddable":true,"href":"https:\/\/www.purejewels.com\/de\/wp-json\/wp\/v2\/product_brand?post=418945"},{"taxonomy":"product_cat","embeddable":true,"href":"https:\/\/www.purejewels.com\/de\/wp-json\/wp\/v2\/product_cat?post=418945"},{"taxonomy":"product_tag","embeddable":true,"href":"https:\/\/www.purejewels.com\/de\/wp-json\/wp\/v2\/product_tag?post=418945"}],"curies":[{"name":"wp","href":"https:\/\/api.w.org\/{rel}","templated":true}]}}