{"id":418950,"date":"2025-09-14T06:16:17","date_gmt":"2025-09-14T05:16:17","guid":{"rendered":"https:\/\/www.purejewels.com\/?post_type=product&#038;p=418950"},"modified":"2026-04-01T13:56:46","modified_gmt":"2026-04-01T12:56:46","slug":"22ct-gold-bal-ganesh-anhanger-53156","status":"publish","type":"product","link":"https:\/\/www.purejewels.com\/de\/product\/22ct-gold-bal-ganesh-pendant-53156\/","title":{"rendered":"22ct Gold Bal Ganesh Anh\u00e4nger"},"content":{"rendered":"<h3 data-start=\"566\" data-end=\"582\"><strong data-start=\"570\" data-end=\"580\">Gestaltung<\/strong><\/h3>\n<p data-start=\"583\" data-end=\"814\">Dieser Bal Ganesh-Anh\u00e4nger aus 22-kar\u00e4tigem Gold f\u00e4ngt die spielerische Unschuld des jungen Lord Ganesh ein, der in einer meditativen und doch fr\u00f6hlichen Pose sitzt. Das Design strahlt Positivit\u00e4t aus, mit gr\u00fcnen Emaille-Details, die f\u00fcr Wachstum, Gleichgewicht und Erneuerung stehen.<\/p>\n<h3 data-start=\"816\" data-end=\"839\"><strong data-start=\"820\" data-end=\"837\">Handwerkliches K\u00f6nnen<\/strong><\/h3>\n<p data-start=\"840\" data-end=\"1079\">Dieser in Handarbeit aus 22-kar\u00e4tigem Gold gefertigte und in London gepunzte Anh\u00e4nger zeichnet sich durch aufw\u00e4ndige Goldarbeiten und zarte Emaillekunst aus. Die feine Politur und die ausdrucksstarken Details spiegeln die charakteristische Handwerkskunst von PureJewels wider, die in Hingabe und Design verwurzelt ist.<\/p>\n<h3 data-start=\"1081\" data-end=\"1108\"><strong data-start=\"1085\" data-end=\"1106\">Styling &amp; Geschenkartikel<\/strong><\/h3>\n<p data-start=\"1109\" data-end=\"1318\" data-is-last-node=\"\" data-is-only-node=\"\">Dieser Anh\u00e4nger ist ideal f\u00fcr das t\u00e4gliche Tragen oder als durchdachtes Geschenk und bringt g\u00f6ttlichen Charme und Gl\u00fcck. Er eignet sich perfekt f\u00fcr Geburtstage, Feste oder Neuanf\u00e4nge und ist eine sinnvolle Erg\u00e4nzung f\u00fcr jede Schmucksammlung.<\/p>","protected":false},"excerpt":{"rendered":"<p>Ein charmanter Bal Ganesh-Anh\u00e4nger aus 22 Karat Gold, handgefertigt mit feinen Emaille-Akzenten. Er stellt den jungen Lord Ganesh in segnender Haltung dar und symbolisiert Reinheit, Weisheit und verhei\u00dfungsvolle Anf\u00e4nge.<\/p>\n<p><strong>Material:<\/strong> 22ct Gold (91,6% reines Gold)<strong><br \/>\nWahrzeichen:\u00a0<\/strong>Britisches G\u00fctesiegel<strong><br \/>\n<\/strong><strong>Bruttogewicht: <\/strong>1.00 Gramm<strong><br \/>\nSKU: <\/strong>53156, 52544<\/p>\n<p><strong>Preis und Lieferung: I<\/strong>inklusive Mehrwertsteuer und Lieferkosten<strong><br \/>\n<a href=\"https:\/\/www.purejewels.com\/de\/ruckgabepolitik\/\">R\u00fcckgabepolitik<\/a><\/strong><\/p>","protected":false},"featured_media":418955,"comment_status":"closed","ping_status":"closed","template":"","meta":{"_eb_attr":"","_crsspst_to_jayantr4sg-hostcom":true},"product_brand":[],"product_cat":[1793,5601,1229,1255,5342,1767,1572,1768,5338,1701,1574,5349],"product_tag":[],"class_list":{"0":"post-418950","1":"product","2":"type-product","3":"status-publish","4":"has-post-thumbnail","6":"product_cat-diwali-gifts","7":"product_cat-ganesh-pendants","8":"product_cat-22ct-gold-jewellery","9":"product_cat-gold-pendants","10":"product_cat-jewellery-under-250","11":"product_cat-ladies-pendants","12":"product_cat-mens-jewellery","13":"product_cat-mens-pendants","14":"product_cat-shop-by-price","15":"product_cat-religious-pendants","16":"product_cat-womens-jewellery","17":"product_cat-yellow-gold-jewellery","19":"first","20":"outofstock","21":"taxable","22":"shipping-taxable","23":"product-type-simple","24":"add-to-wishlist-before_image"},"yoast_head":"<!-- This site is optimized with the Yoast SEO plugin v27.5 - https:\/\/yoast.com\/product\/yoast-seo-wordpress\/ -->\n<title>22ct Gold Bal Ganesh Pendant | Gold Pendant by PureJewels<\/title>\n<meta name=\"description\" content=\"Shop the 22ct Gold Bal Ganesh Pendant from PureJewels. Crafted in radiant gold with green enamel detailing, this pendant celebrates innocence.\" \/>\n<meta name=\"robots\" content=\"index, follow, max-snippet:-1, max-image-preview:large, max-video-preview:-1\" \/>\n<link rel=\"canonical\" href=\"https:\/\/www.purejewels.com\/de\/produkt-2\/22ct-gold-bal-ganesh-anhanger-53156\/\" \/>\n<meta property=\"og:locale\" content=\"de_DE\" \/>\n<meta property=\"og:type\" content=\"article\" \/>\n<meta property=\"og:title\" content=\"22ct Gold Bal Ganesh Pendant | Gold Pendant by PureJewels\" \/>\n<meta property=\"og:description\" content=\"Shop the 22ct Gold Bal Ganesh Pendant from PureJewels. Crafted in radiant gold with green enamel detailing, this pendant celebrates innocence.\" \/>\n<meta property=\"og:url\" content=\"https:\/\/www.purejewels.com\/de\/produkt-2\/22ct-gold-bal-ganesh-anhanger-53156\/\" \/>\n<meta property=\"og:site_name\" content=\"PureJewels UK\" \/>\n<meta property=\"article:modified_time\" content=\"2026-04-01T12:56:46+00:00\" \/>\n<meta property=\"og:image\" content=\"https:\/\/static.purejewels.com\/wp-content\/uploads\/2025\/10\/53156.jpg\" \/>\n\t<meta property=\"og:image:width\" content=\"1000\" \/>\n\t<meta property=\"og:image:height\" content=\"1000\" \/>\n\t<meta property=\"og:image:type\" content=\"image\/jpeg\" \/>\n<meta name=\"twitter:card\" content=\"summary_large_image\" \/>\n<meta name=\"twitter:label1\" content=\"Gesch\u00e4tzte Lesezeit\" \/>\n\t<meta name=\"twitter:data1\" content=\"1\u00a0Minute\" \/>\n<script type=\"application\/ld+json\" class=\"yoast-schema-graph\">{\"@context\":\"https:\\\/\\\/schema.org\",\"@graph\":[{\"@type\":[\"WebPage\",\"ItemPage\"],\"@id\":\"https:\\\/\\\/www.purejewels.com\\\/product\\\/22ct-gold-bal-ganesh-pendant-53156\\\/\",\"url\":\"https:\\\/\\\/www.purejewels.com\\\/product\\\/22ct-gold-bal-ganesh-pendant-53156\\\/\",\"name\":\"22ct Gold Bal Ganesh Pendant | Gold Pendant by PureJewels\",\"isPartOf\":{\"@id\":\"https:\\\/\\\/www.purejewels.com\\\/#website\"},\"primaryImageOfPage\":{\"@id\":\"https:\\\/\\\/www.purejewels.com\\\/product\\\/22ct-gold-bal-ganesh-pendant-53156\\\/#primaryimage\"},\"image\":{\"@id\":\"https:\\\/\\\/www.purejewels.com\\\/product\\\/22ct-gold-bal-ganesh-pendant-53156\\\/#primaryimage\"},\"thumbnailUrl\":\"https:\\\/\\\/static.purejewels.com\\\/wp-content\\\/uploads\\\/2025\\\/10\\\/53156.jpg\",\"datePublished\":\"2025-09-14T05:16:17+00:00\",\"dateModified\":\"2026-04-01T12:56:46+00:00\",\"description\":\"Shop the 22ct Gold Bal Ganesh Pendant from PureJewels. Crafted in radiant gold with green enamel detailing, this pendant celebrates innocence.\",\"breadcrumb\":{\"@id\":\"https:\\\/\\\/www.purejewels.com\\\/product\\\/22ct-gold-bal-ganesh-pendant-53156\\\/#breadcrumb\"},\"inLanguage\":\"de\",\"potentialAction\":[{\"@type\":\"ReadAction\",\"target\":[\"https:\\\/\\\/www.purejewels.com\\\/product\\\/22ct-gold-bal-ganesh-pendant-53156\\\/\"]}]},{\"@type\":\"ImageObject\",\"inLanguage\":\"de\",\"@id\":\"https:\\\/\\\/www.purejewels.com\\\/product\\\/22ct-gold-bal-ganesh-pendant-53156\\\/#primaryimage\",\"url\":\"https:\\\/\\\/static.purejewels.com\\\/wp-content\\\/uploads\\\/2025\\\/10\\\/53156.jpg\",\"contentUrl\":\"https:\\\/\\\/static.purejewels.com\\\/wp-content\\\/uploads\\\/2025\\\/10\\\/53156.jpg\",\"width\":1000,\"height\":1000,\"caption\":\"22ct Gold Bal Ganesh Pendant\"},{\"@type\":\"BreadcrumbList\",\"@id\":\"https:\\\/\\\/www.purejewels.com\\\/product\\\/22ct-gold-bal-ganesh-pendant-53156\\\/#breadcrumb\",\"itemListElement\":[{\"@type\":\"ListItem\",\"position\":1,\"name\":\"Home\",\"item\":\"https:\\\/\\\/www.purejewels.com\\\/\"},{\"@type\":\"ListItem\",\"position\":2,\"name\":\"Shop\",\"item\":\"https:\\\/\\\/www.purejewels.com\\\/shop\\\/\"},{\"@type\":\"ListItem\",\"position\":3,\"name\":\"22ct Gold Bal Ganesh Pendant\"}]},{\"@type\":\"WebSite\",\"@id\":\"https:\\\/\\\/www.purejewels.com\\\/#website\",\"url\":\"https:\\\/\\\/www.purejewels.com\\\/\",\"name\":\"PureJewels UK\",\"description\":\"Share the Love\",\"publisher\":{\"@id\":\"https:\\\/\\\/www.purejewels.com\\\/#organization\"},\"potentialAction\":[{\"@type\":\"SearchAction\",\"target\":{\"@type\":\"EntryPoint\",\"urlTemplate\":\"https:\\\/\\\/www.purejewels.com\\\/?s={search_term_string}\"},\"query-input\":{\"@type\":\"PropertyValueSpecification\",\"valueRequired\":true,\"valueName\":\"search_term_string\"}}],\"inLanguage\":\"de\"},{\"@type\":\"Organization\",\"@id\":\"https:\\\/\\\/www.purejewels.com\\\/#organization\",\"name\":\"PureJewels UK\",\"url\":\"https:\\\/\\\/www.purejewels.com\\\/\",\"logo\":{\"@type\":\"ImageObject\",\"inLanguage\":\"de\",\"@id\":\"https:\\\/\\\/www.purejewels.com\\\/#\\\/schema\\\/logo\\\/image\\\/\",\"url\":\"https:\\\/\\\/static.purejewels.com\\\/wp-content\\\/uploads\\\/2020\\\/11\\\/Logo-PJ-New-1.png\",\"contentUrl\":\"https:\\\/\\\/static.purejewels.com\\\/wp-content\\\/uploads\\\/2020\\\/11\\\/Logo-PJ-New-1.png\",\"width\":150,\"height\":80,\"caption\":\"PureJewels UK\"},\"image\":{\"@id\":\"https:\\\/\\\/www.purejewels.com\\\/#\\\/schema\\\/logo\\\/image\\\/\"}}]}<\/script>\n<!-- \/ Yoast SEO plugin. -->","yoast_head_json":{"title":"22ct Gold Bal Ganesh Anh\u00e4nger | Gold-Anh\u00e4nger von PureJewels","description":"Kaufen Sie den 22ct Gold Bal Ganesh Anh\u00e4nger von PureJewels. Gefertigt in strahlendem Gold mit gr\u00fcner Emaille Detaillierung, feiert dieser Anh\u00e4nger die Unschuld.","robots":{"index":"index","follow":"follow","max-snippet":"max-snippet:-1","max-image-preview":"max-image-preview:large","max-video-preview":"max-video-preview:-1"},"canonical":"https:\/\/www.purejewels.com\/de\/produkt-2\/22ct-gold-bal-ganesh-anhanger-53156\/","og_locale":"de_DE","og_type":"article","og_title":"22ct Gold Bal Ganesh Pendant | Gold Pendant by PureJewels","og_description":"Shop the 22ct Gold Bal Ganesh Pendant from PureJewels. Crafted in radiant gold with green enamel detailing, this pendant celebrates innocence.","og_url":"https:\/\/www.purejewels.com\/de\/produkt-2\/22ct-gold-bal-ganesh-anhanger-53156\/","og_site_name":"PureJewels UK","article_modified_time":"2026-04-01T12:56:46+00:00","og_image":[{"width":1000,"height":1000,"url":"https:\/\/static.purejewels.com\/wp-content\/uploads\/2025\/10\/53156.jpg","type":"image\/jpeg"}],"twitter_card":"summary_large_image","twitter_misc":{"Gesch\u00e4tzte Lesezeit":"1\u00a0Minute"},"schema":{"@context":"https:\/\/schema.org","@graph":[{"@type":["WebPage","ItemPage"],"@id":"https:\/\/www.purejewels.com\/product\/22ct-gold-bal-ganesh-pendant-53156\/","url":"https:\/\/www.purejewels.com\/product\/22ct-gold-bal-ganesh-pendant-53156\/","name":"22ct Gold Bal Ganesh Anh\u00e4nger | Gold-Anh\u00e4nger von PureJewels","isPartOf":{"@id":"https:\/\/www.purejewels.com\/#website"},"primaryImageOfPage":{"@id":"https:\/\/www.purejewels.com\/product\/22ct-gold-bal-ganesh-pendant-53156\/#primaryimage"},"image":{"@id":"https:\/\/www.purejewels.com\/product\/22ct-gold-bal-ganesh-pendant-53156\/#primaryimage"},"thumbnailUrl":"https:\/\/static.purejewels.com\/wp-content\/uploads\/2025\/10\/53156.jpg","datePublished":"2025-09-14T05:16:17+00:00","dateModified":"2026-04-01T12:56:46+00:00","description":"Kaufen Sie den 22ct Gold Bal Ganesh Anh\u00e4nger von PureJewels. Gefertigt in strahlendem Gold mit gr\u00fcner Emaille Detaillierung, feiert dieser Anh\u00e4nger die Unschuld.","breadcrumb":{"@id":"https:\/\/www.purejewels.com\/product\/22ct-gold-bal-ganesh-pendant-53156\/#breadcrumb"},"inLanguage":"de","potentialAction":[{"@type":"ReadAction","target":["https:\/\/www.purejewels.com\/product\/22ct-gold-bal-ganesh-pendant-53156\/"]}]},{"@type":"ImageObject","inLanguage":"de","@id":"https:\/\/www.purejewels.com\/product\/22ct-gold-bal-ganesh-pendant-53156\/#primaryimage","url":"https:\/\/static.purejewels.com\/wp-content\/uploads\/2025\/10\/53156.jpg","contentUrl":"https:\/\/static.purejewels.com\/wp-content\/uploads\/2025\/10\/53156.jpg","width":1000,"height":1000,"caption":"22ct Gold Bal Ganesh Pendant"},{"@type":"BreadcrumbList","@id":"https:\/\/www.purejewels.com\/product\/22ct-gold-bal-ganesh-pendant-53156\/#breadcrumb","itemListElement":[{"@type":"ListItem","position":1,"name":"Home","item":"https:\/\/www.purejewels.com\/"},{"@type":"ListItem","position":2,"name":"Shop","item":"https:\/\/www.purejewels.com\/shop\/"},{"@type":"ListItem","position":3,"name":"22ct Gold Bal Ganesh Pendant"}]},{"@type":"WebSite","@id":"https:\/\/www.purejewels.com\/#website","url":"https:\/\/www.purejewels.com\/","name":"PureJewels UK","description":"Teile die Liebe","publisher":{"@id":"https:\/\/www.purejewels.com\/#organization"},"potentialAction":[{"@type":"SearchAction","target":{"@type":"EntryPoint","urlTemplate":"https:\/\/www.purejewels.com\/?s={search_term_string}"},"query-input":{"@type":"PropertyValueSpecification","valueRequired":true,"valueName":"search_term_string"}}],"inLanguage":"de"},{"@type":"Organization","@id":"https:\/\/www.purejewels.com\/#organization","name":"PureJewels UK","url":"https:\/\/www.purejewels.com\/","logo":{"@type":"ImageObject","inLanguage":"de","@id":"https:\/\/www.purejewels.com\/#\/schema\/logo\/image\/","url":"https:\/\/static.purejewels.com\/wp-content\/uploads\/2020\/11\/Logo-PJ-New-1.png","contentUrl":"https:\/\/static.purejewels.com\/wp-content\/uploads\/2020\/11\/Logo-PJ-New-1.png","width":150,"height":80,"caption":"PureJewels UK"},"image":{"@id":"https:\/\/www.purejewels.com\/#\/schema\/logo\/image\/"}}]}},"_links":{"self":[{"href":"https:\/\/www.purejewels.com\/de\/wp-json\/wp\/v2\/product\/418950","targetHints":{"allow":["GET"]}}],"collection":[{"href":"https:\/\/www.purejewels.com\/de\/wp-json\/wp\/v2\/product"}],"about":[{"href":"https:\/\/www.purejewels.com\/de\/wp-json\/wp\/v2\/types\/product"}],"replies":[{"embeddable":true,"href":"https:\/\/www.purejewels.com\/de\/wp-json\/wp\/v2\/comments?post=418950"}],"version-history":[{"count":3,"href":"https:\/\/www.purejewels.com\/de\/wp-json\/wp\/v2\/product\/418950\/revisions"}],"predecessor-version":[{"id":418958,"href":"https:\/\/www.purejewels.com\/de\/wp-json\/wp\/v2\/product\/418950\/revisions\/418958"}],"wp:featuredmedia":[{"embeddable":true,"href":"https:\/\/www.purejewels.com\/de\/wp-json\/wp\/v2\/media\/418955"}],"wp:attachment":[{"href":"https:\/\/www.purejewels.com\/de\/wp-json\/wp\/v2\/media?parent=418950"}],"wp:term":[{"taxonomy":"product_brand","embeddable":true,"href":"https:\/\/www.purejewels.com\/de\/wp-json\/wp\/v2\/product_brand?post=418950"},{"taxonomy":"product_cat","embeddable":true,"href":"https:\/\/www.purejewels.com\/de\/wp-json\/wp\/v2\/product_cat?post=418950"},{"taxonomy":"product_tag","embeddable":true,"href":"https:\/\/www.purejewels.com\/de\/wp-json\/wp\/v2\/product_tag?post=418950"}],"curies":[{"name":"wp","href":"https:\/\/api.w.org\/{rel}","templated":true}]}}