{"id":419034,"date":"2025-10-14T12:12:26","date_gmt":"2025-10-14T11:12:26","guid":{"rendered":"https:\/\/www.purejewels.com\/?post_type=product&#038;p=419034"},"modified":"2026-02-09T08:24:59","modified_gmt":"2026-02-09T08:24:59","slug":"ranken-huggie-reifen-lotus-de","status":"publish","type":"product","link":"https:\/\/www.purejewels.com\/de\/product\/tendril-huggie-hoops-lotus-uk\/","title":{"rendered":"Ranken-Reifen"},"content":{"rendered":"<p data-start=\"527\" data-end=\"870\"><strong data-start=\"527\" data-end=\"537\">Gestaltung<\/strong><br data-start=\"537\" data-end=\"540\" \/>Inspiriert von den zarten Ranken der Lotuspflanze, fangen diese Reifen die Essenz der Liebe in ihrer sich entfaltenden Form ein. Ihre skulpturalen Kurven und die sich verj\u00fcngende Silhouette symbolisieren Wachstum, Gleichgewicht und ruhige St\u00e4rke. Sie sind aus dem f\u00fcr PureJewels typischen Sunrise Gold gefertigt und bieten einen eleganten, organischen Rhythmus, der sich sanft um das Ohr schmiegt.<\/p>\n<p data-start=\"872\" data-end=\"1177\"><strong data-start=\"872\" data-end=\"889\">Handwerkliches K\u00f6nnen<\/strong><br data-start=\"889\" data-end=\"892\" \/>Die in London handgefertigten und vom britischen Assay Office gepunzten Tendril Hoops werden mit traditionellen Goldschmiedemethoden aus 22 Karat Sunrise Gold geformt. Jede Kurve wird von Hand poliert, so dass eine flie\u00dfende, skulpturale Form entsteht, die fachm\u00e4nnische Pr\u00e4zision und dauerhaften Komfort widerspiegelt.<\/p>\n<p data-start=\"1179\" data-end=\"1456\" data-is-last-node=\"\" data-is-only-node=\"\"><strong data-start=\"1179\" data-end=\"1200\">Styling &amp; Geschenkartikel<\/strong><br data-start=\"1200\" data-end=\"1203\" \/>Diese m\u00fchelos raffinierten Creolen eignen sich f\u00fcr den Alltag oder f\u00fcr ein dezentes Styling zu bestimmten Anl\u00e4ssen. Ihr eng anliegendes Profil schmeichelt allen Gesichtsformen und macht sie zu einem sinnvollen Geschenk f\u00fcr Jahrestage, Verlobungen oder Feiern der Liebe und des Neuanfangs.<\/p>","protected":false},"excerpt":{"rendered":"<p>Diese schlanken und skulpturalen 22ct Sunrise Gold Tendril Hoops verj\u00fcngen sich zu anmutigen Rankenspitzen - eine zeitgen\u00f6ssische Hommage an die fr\u00fche Bl\u00fcte der Liebe und die nat\u00fcrliche<\/p>\n<p><strong>Material:<\/strong> 22ct Sonnenaufgang Gold<strong><br \/>\n<strong>Wahrzeichen: <\/strong><\/strong>Britisches G\u00fctesiegel<strong><strong><br \/>\n<\/strong><\/strong><strong><strong><strong><strong><strong><strong>Bruttogewicht: <\/strong><\/strong><\/strong><\/strong><\/strong><\/strong>9.2 Gms<strong><strong><strong><strong><strong><br \/>\n<strong>SKU: <\/strong><\/strong><\/strong><\/strong><\/strong><\/strong>52443<\/p>\n<p><strong><strong><strong><strong><strong><strong>Preis und Lieferung: <\/strong><\/strong><\/strong><\/strong><\/strong><\/strong>Inklusive Mehrwertsteuer und Lieferkosten<strong><strong><strong><strong><strong><br \/>\n<a href=\"https:\/\/www.purejewels.com\/de\/ruckgabepolitik\/\">R\u00fcckgabepolitik<\/a><\/strong><\/strong><\/strong><\/strong><\/strong><\/p>","protected":false},"featured_media":419036,"comment_status":"closed","ping_status":"closed","template":"","meta":{"_eb_attr":"","_crsspst_to_jayantr4sg-hostcom":false},"product_brand":[],"product_cat":[1791,1254,1229,1579,1633,1573,1574],"product_tag":[66],"class_list":{"0":"post-419034","1":"product","2":"type-product","3":"status-publish","4":"has-post-thumbnail","6":"product_cat-anniversary-gifts","7":"product_cat-gold-earrings","8":"product_cat-22ct-gold-jewellery","9":"product_cat-hoop-earrings","10":"product_cat-lotus-collections","11":"product_cat-wedding-gifts","12":"product_cat-womens-jewellery","13":"product_tag-earrings","15":"first","16":"instock","17":"taxable","18":"shipping-taxable","19":"purchasable","20":"product-type-simple","21":"add-to-wishlist-before_image"},"yoast_head":"<!-- This site is optimized with the Yoast SEO plugin v27.3 - https:\/\/yoast.com\/product\/yoast-seo-wordpress\/ -->\n<title>22ct Sunrise Gold Tendril Huggie Hoops | PureJewels UK<\/title>\n<meta name=\"description\" content=\"Handcrafted in London, these 22ct Sunrise Gold Tendril Hoops feature sculpted curves inspired by the lotus tendril, hallmarked by the UK Assay Office.\" \/>\n<meta name=\"robots\" content=\"index, follow, max-snippet:-1, max-image-preview:large, max-video-preview:-1\" \/>\n<link rel=\"canonical\" href=\"https:\/\/www.purejewels.com\/de\/produkt-2\/ranken-huggie-reifen-lotus-de\/\" \/>\n<meta property=\"og:locale\" content=\"de_DE\" \/>\n<meta property=\"og:type\" content=\"article\" \/>\n<meta property=\"og:title\" content=\"22ct Sunrise Gold Tendril Huggie Hoops | PureJewels UK\" \/>\n<meta property=\"og:description\" content=\"Handcrafted in London, these 22ct Sunrise Gold Tendril Hoops feature sculpted curves inspired by the lotus tendril, hallmarked by the UK Assay Office.\" \/>\n<meta property=\"og:url\" content=\"https:\/\/www.purejewels.com\/de\/produkt-2\/ranken-huggie-reifen-lotus-de\/\" \/>\n<meta property=\"og:site_name\" content=\"PureJewels UK\" \/>\n<meta property=\"article:modified_time\" content=\"2026-02-09T08:24:59+00:00\" \/>\n<meta property=\"og:image\" content=\"https:\/\/static.purejewels.com\/wp-content\/uploads\/2025\/10\/Huggie-tendril-Pair.jpg\" \/>\n\t<meta property=\"og:image:width\" content=\"1000\" \/>\n\t<meta property=\"og:image:height\" content=\"1000\" \/>\n\t<meta property=\"og:image:type\" content=\"image\/jpeg\" \/>\n<meta name=\"twitter:card\" content=\"summary_large_image\" \/>\n<meta name=\"twitter:label1\" content=\"Gesch\u00e4tzte Lesezeit\" \/>\n\t<meta name=\"twitter:data1\" content=\"1\u00a0Minute\" \/>\n<script type=\"application\/ld+json\" class=\"yoast-schema-graph\">{\"@context\":\"https:\\\/\\\/schema.org\",\"@graph\":[{\"@type\":[\"WebPage\",\"ItemPage\"],\"@id\":\"https:\\\/\\\/www.purejewels.com\\\/product\\\/tendril-huggie-hoops-lotus-uk\\\/\",\"url\":\"https:\\\/\\\/www.purejewels.com\\\/product\\\/tendril-huggie-hoops-lotus-uk\\\/\",\"name\":\"22ct Sunrise Gold Tendril Huggie Hoops | PureJewels UK\",\"isPartOf\":{\"@id\":\"https:\\\/\\\/www.purejewels.com\\\/#website\"},\"primaryImageOfPage\":{\"@id\":\"https:\\\/\\\/www.purejewels.com\\\/product\\\/tendril-huggie-hoops-lotus-uk\\\/#primaryimage\"},\"image\":{\"@id\":\"https:\\\/\\\/www.purejewels.com\\\/product\\\/tendril-huggie-hoops-lotus-uk\\\/#primaryimage\"},\"thumbnailUrl\":\"https:\\\/\\\/static.purejewels.com\\\/wp-content\\\/uploads\\\/2025\\\/10\\\/Huggie-tendril-Pair.jpg\",\"datePublished\":\"2025-10-14T11:12:26+00:00\",\"dateModified\":\"2026-02-09T08:24:59+00:00\",\"description\":\"Handcrafted in London, these 22ct Sunrise Gold Tendril Hoops feature sculpted curves inspired by the lotus tendril, hallmarked by the UK Assay Office.\",\"breadcrumb\":{\"@id\":\"https:\\\/\\\/www.purejewels.com\\\/product\\\/tendril-huggie-hoops-lotus-uk\\\/#breadcrumb\"},\"inLanguage\":\"de\",\"potentialAction\":[{\"@type\":\"ReadAction\",\"target\":[\"https:\\\/\\\/www.purejewels.com\\\/product\\\/tendril-huggie-hoops-lotus-uk\\\/\"]}]},{\"@type\":\"ImageObject\",\"inLanguage\":\"de\",\"@id\":\"https:\\\/\\\/www.purejewels.com\\\/product\\\/tendril-huggie-hoops-lotus-uk\\\/#primaryimage\",\"url\":\"https:\\\/\\\/static.purejewels.com\\\/wp-content\\\/uploads\\\/2025\\\/10\\\/Huggie-tendril-Pair.jpg\",\"contentUrl\":\"https:\\\/\\\/static.purejewels.com\\\/wp-content\\\/uploads\\\/2025\\\/10\\\/Huggie-tendril-Pair.jpg\",\"width\":1000,\"height\":1000,\"caption\":\"Tendril Huggie Hoops | Lotus Collection\"},{\"@type\":\"BreadcrumbList\",\"@id\":\"https:\\\/\\\/www.purejewels.com\\\/product\\\/tendril-huggie-hoops-lotus-uk\\\/#breadcrumb\",\"itemListElement\":[{\"@type\":\"ListItem\",\"position\":1,\"name\":\"Home\",\"item\":\"https:\\\/\\\/www.purejewels.com\\\/\"},{\"@type\":\"ListItem\",\"position\":2,\"name\":\"Shop\",\"item\":\"https:\\\/\\\/www.purejewels.com\\\/shop\\\/\"},{\"@type\":\"ListItem\",\"position\":3,\"name\":\"Tendril Hoops\"}]},{\"@type\":\"WebSite\",\"@id\":\"https:\\\/\\\/www.purejewels.com\\\/#website\",\"url\":\"https:\\\/\\\/www.purejewels.com\\\/\",\"name\":\"PureJewels UK\",\"description\":\"Share the Love\",\"publisher\":{\"@id\":\"https:\\\/\\\/www.purejewels.com\\\/#organization\"},\"potentialAction\":[{\"@type\":\"SearchAction\",\"target\":{\"@type\":\"EntryPoint\",\"urlTemplate\":\"https:\\\/\\\/www.purejewels.com\\\/?s={search_term_string}\"},\"query-input\":{\"@type\":\"PropertyValueSpecification\",\"valueRequired\":true,\"valueName\":\"search_term_string\"}}],\"inLanguage\":\"de\"},{\"@type\":\"Organization\",\"@id\":\"https:\\\/\\\/www.purejewels.com\\\/#organization\",\"name\":\"PureJewels UK\",\"url\":\"https:\\\/\\\/www.purejewels.com\\\/\",\"logo\":{\"@type\":\"ImageObject\",\"inLanguage\":\"de\",\"@id\":\"https:\\\/\\\/www.purejewels.com\\\/#\\\/schema\\\/logo\\\/image\\\/\",\"url\":\"https:\\\/\\\/static.purejewels.com\\\/wp-content\\\/uploads\\\/2020\\\/11\\\/Logo-PJ-New-1.png\",\"contentUrl\":\"https:\\\/\\\/static.purejewels.com\\\/wp-content\\\/uploads\\\/2020\\\/11\\\/Logo-PJ-New-1.png\",\"width\":150,\"height\":80,\"caption\":\"PureJewels UK\"},\"image\":{\"@id\":\"https:\\\/\\\/www.purejewels.com\\\/#\\\/schema\\\/logo\\\/image\\\/\"}}]}<\/script>\n<!-- \/ Yoast SEO plugin. -->","yoast_head_json":{"title":"22ct Sunrise Gold Ranken Huggie Hoops | PureJewels UK","description":"Diese in London handgefertigten 22ct Sunrise Gold Tendril Hoops zeichnen sich durch ihre geschwungenen Formen aus, die von der Lotusranke inspiriert sind, und sind vom UK Assay Office gepunzt.","robots":{"index":"index","follow":"follow","max-snippet":"max-snippet:-1","max-image-preview":"max-image-preview:large","max-video-preview":"max-video-preview:-1"},"canonical":"https:\/\/www.purejewels.com\/de\/produkt-2\/ranken-huggie-reifen-lotus-de\/","og_locale":"de_DE","og_type":"article","og_title":"22ct Sunrise Gold Tendril Huggie Hoops | PureJewels UK","og_description":"Handcrafted in London, these 22ct Sunrise Gold Tendril Hoops feature sculpted curves inspired by the lotus tendril, hallmarked by the UK Assay Office.","og_url":"https:\/\/www.purejewels.com\/de\/produkt-2\/ranken-huggie-reifen-lotus-de\/","og_site_name":"PureJewels UK","article_modified_time":"2026-02-09T08:24:59+00:00","og_image":[{"width":1000,"height":1000,"url":"https:\/\/static.purejewels.com\/wp-content\/uploads\/2025\/10\/Huggie-tendril-Pair.jpg","type":"image\/jpeg"}],"twitter_card":"summary_large_image","twitter_misc":{"Gesch\u00e4tzte Lesezeit":"1\u00a0Minute"},"schema":{"@context":"https:\/\/schema.org","@graph":[{"@type":["WebPage","ItemPage"],"@id":"https:\/\/www.purejewels.com\/product\/tendril-huggie-hoops-lotus-uk\/","url":"https:\/\/www.purejewels.com\/product\/tendril-huggie-hoops-lotus-uk\/","name":"22ct Sunrise Gold Ranken Huggie Hoops | PureJewels UK","isPartOf":{"@id":"https:\/\/www.purejewels.com\/#website"},"primaryImageOfPage":{"@id":"https:\/\/www.purejewels.com\/product\/tendril-huggie-hoops-lotus-uk\/#primaryimage"},"image":{"@id":"https:\/\/www.purejewels.com\/product\/tendril-huggie-hoops-lotus-uk\/#primaryimage"},"thumbnailUrl":"https:\/\/static.purejewels.com\/wp-content\/uploads\/2025\/10\/Huggie-tendril-Pair.jpg","datePublished":"2025-10-14T11:12:26+00:00","dateModified":"2026-02-09T08:24:59+00:00","description":"Diese in London handgefertigten 22ct Sunrise Gold Tendril Hoops zeichnen sich durch ihre geschwungenen Formen aus, die von der Lotusranke inspiriert sind, und sind vom UK Assay Office gepunzt.","breadcrumb":{"@id":"https:\/\/www.purejewels.com\/product\/tendril-huggie-hoops-lotus-uk\/#breadcrumb"},"inLanguage":"de","potentialAction":[{"@type":"ReadAction","target":["https:\/\/www.purejewels.com\/product\/tendril-huggie-hoops-lotus-uk\/"]}]},{"@type":"ImageObject","inLanguage":"de","@id":"https:\/\/www.purejewels.com\/product\/tendril-huggie-hoops-lotus-uk\/#primaryimage","url":"https:\/\/static.purejewels.com\/wp-content\/uploads\/2025\/10\/Huggie-tendril-Pair.jpg","contentUrl":"https:\/\/static.purejewels.com\/wp-content\/uploads\/2025\/10\/Huggie-tendril-Pair.jpg","width":1000,"height":1000,"caption":"Tendril Huggie Hoops | Lotus Collection"},{"@type":"BreadcrumbList","@id":"https:\/\/www.purejewels.com\/product\/tendril-huggie-hoops-lotus-uk\/#breadcrumb","itemListElement":[{"@type":"ListItem","position":1,"name":"Home","item":"https:\/\/www.purejewels.com\/"},{"@type":"ListItem","position":2,"name":"Shop","item":"https:\/\/www.purejewels.com\/shop\/"},{"@type":"ListItem","position":3,"name":"Tendril Hoops"}]},{"@type":"WebSite","@id":"https:\/\/www.purejewels.com\/#website","url":"https:\/\/www.purejewels.com\/","name":"PureJewels UK","description":"Teile die Liebe","publisher":{"@id":"https:\/\/www.purejewels.com\/#organization"},"potentialAction":[{"@type":"SearchAction","target":{"@type":"EntryPoint","urlTemplate":"https:\/\/www.purejewels.com\/?s={search_term_string}"},"query-input":{"@type":"PropertyValueSpecification","valueRequired":true,"valueName":"search_term_string"}}],"inLanguage":"de"},{"@type":"Organization","@id":"https:\/\/www.purejewels.com\/#organization","name":"PureJewels UK","url":"https:\/\/www.purejewels.com\/","logo":{"@type":"ImageObject","inLanguage":"de","@id":"https:\/\/www.purejewels.com\/#\/schema\/logo\/image\/","url":"https:\/\/static.purejewels.com\/wp-content\/uploads\/2020\/11\/Logo-PJ-New-1.png","contentUrl":"https:\/\/static.purejewels.com\/wp-content\/uploads\/2020\/11\/Logo-PJ-New-1.png","width":150,"height":80,"caption":"PureJewels UK"},"image":{"@id":"https:\/\/www.purejewels.com\/#\/schema\/logo\/image\/"}}]}},"_links":{"self":[{"href":"https:\/\/www.purejewels.com\/de\/wp-json\/wp\/v2\/product\/419034","targetHints":{"allow":["GET"]}}],"collection":[{"href":"https:\/\/www.purejewels.com\/de\/wp-json\/wp\/v2\/product"}],"about":[{"href":"https:\/\/www.purejewels.com\/de\/wp-json\/wp\/v2\/types\/product"}],"replies":[{"embeddable":true,"href":"https:\/\/www.purejewels.com\/de\/wp-json\/wp\/v2\/comments?post=419034"}],"version-history":[{"count":3,"href":"https:\/\/www.purejewels.com\/de\/wp-json\/wp\/v2\/product\/419034\/revisions"}],"predecessor-version":[{"id":424422,"href":"https:\/\/www.purejewels.com\/de\/wp-json\/wp\/v2\/product\/419034\/revisions\/424422"}],"wp:featuredmedia":[{"embeddable":true,"href":"https:\/\/www.purejewels.com\/de\/wp-json\/wp\/v2\/media\/419036"}],"wp:attachment":[{"href":"https:\/\/www.purejewels.com\/de\/wp-json\/wp\/v2\/media?parent=419034"}],"wp:term":[{"taxonomy":"product_brand","embeddable":true,"href":"https:\/\/www.purejewels.com\/de\/wp-json\/wp\/v2\/product_brand?post=419034"},{"taxonomy":"product_cat","embeddable":true,"href":"https:\/\/www.purejewels.com\/de\/wp-json\/wp\/v2\/product_cat?post=419034"},{"taxonomy":"product_tag","embeddable":true,"href":"https:\/\/www.purejewels.com\/de\/wp-json\/wp\/v2\/product_tag?post=419034"}],"curies":[{"name":"wp","href":"https:\/\/api.w.org\/{rel}","templated":true}]}}