{"id":419039,"date":"2025-07-14T12:37:19","date_gmt":"2025-07-14T11:37:19","guid":{"rendered":"https:\/\/www.purejewels.com\/?post_type=product&#038;p=419039"},"modified":"2026-05-05T13:57:34","modified_gmt":"2026-05-05T12:57:34","slug":"tautropfen-nasenring-de","status":"publish","type":"product","link":"https:\/\/www.purejewels.com\/de\/product\/dew-drop-nose-ring-uk\/","title":{"rendered":"Tautropfen Nasenring"},"content":{"rendered":"<p data-start=\"512\" data-end=\"829\"><strong data-start=\"512\" data-end=\"522\">Gestaltung<\/strong><br data-start=\"522\" data-end=\"525\" \/>Inspiriert vom Morgentau, der sich auf einer Lotusbl\u00fcte sammelt, zelebriert dieser Nasenring Stille und Erneuerung. Zwei nat\u00fcrliche Diamanten glitzern wie Tautropfen in einem modellierten Bl\u00fctenblatt aus 22 Karat Gold, das sich sanft im Licht bewegt. Die geschwungene Ringform vollendet das Design mit ruhiger Raffinesse und poetischer Anmut.<\/p>\n<p data-start=\"831\" data-end=\"1165\"><strong data-start=\"831\" data-end=\"848\">Handwerkliches K\u00f6nnen<\/strong><br data-start=\"848\" data-end=\"851\" \/>Dieses in London handgefertigte und vom britischen Assay Office gepunzte Schmuckst\u00fcck ist aus der exklusiven Legierung Sunrise Gold von PureJewels gefertigt, die f\u00fcr ihren sanften Glanz sorgt. Jeder Diamant wird sorgf\u00e4ltig von Hand gefasst, um perfekte Symmetrie und dauerhafte Brillanz zu erreichen. Mit einem Gewicht von nur 0,80 Gramm bietet es leichten Tragekomfort mit bedeutungsvoller Kunstfertigkeit.<\/p>\n<p data-start=\"1167\" data-end=\"1445\" data-is-last-node=\"\" data-is-only-node=\"\"><strong data-start=\"1167\" data-end=\"1188\">Styling &amp; Geschenkartikel<\/strong><br data-start=\"1188\" data-end=\"1191\" \/>Der Tautropfen-Nasenring ist ein zeitloser Ausdruck von Reinheit und Eleganz und passt sowohl zu traditionellen als auch zu modernen Looks. Er ist ein durchdachtes Geschenk f\u00fcr Geburtstage, Hochzeiten oder pers\u00f6nliche Meilensteine und l\u00e4sst sich wunderbar mit anderen Schmuckst\u00fccken aus der Lotus-Kollektion kombinieren.<\/p>\n<p data-start=\"1167\" data-end=\"1445\" data-is-last-node=\"\" data-is-only-node=\"\">Zertifikat Nummer: GLS DJ2508727<\/p>","protected":false},"excerpt":{"rendered":"<p>Ein zarter Nasenring aus 22 Karat Gold, inspiriert von Tautropfen, die auf einer Lotusbl\u00fcte ruhen. Handgefertigt in London mit 0,02ct Diamanten und einem warmen Sonnenaufgang Finish.<\/p>\n<p><strong>Material:<\/strong> 22ct Sunrise Gold (91,6% reines Gold)<strong><br \/>\n<strong>Wahrzeichen: <\/strong><\/strong>Britisches G\u00fctesiegel<strong><strong><br \/>\n<\/strong><\/strong><strong><strong>Stein: <\/strong><\/strong>Nat\u00fcrliche Diamanten<strong><strong><br \/>\n<strong>Gewicht der Diamanten: <\/strong><\/strong><\/strong>0,02ct (insgesamt)<strong><strong><strong><br \/>\n<\/strong><\/strong><\/strong><strong><strong><strong><strong><strong><strong>Bruttogewicht: <\/strong><\/strong><\/strong><\/strong><\/strong><\/strong>0,8 Gramm<strong><strong><strong><strong><strong><br \/>\n<strong>SKU: <\/strong><\/strong><\/strong><\/strong><\/strong><\/strong>52367<\/p>\n<p><strong><strong><strong><strong><strong><strong>Preis und Lieferung: <\/strong><\/strong><\/strong><\/strong><\/strong><\/strong>Inklusive Mehrwertsteuer und Lieferkosten<strong><strong><strong><strong><strong><br \/>\n<a href=\"https:\/\/www.purejewels.com\/de\/ruckgabepolitik\/\">R\u00fcckgabepolitik<\/a><\/strong><\/strong><\/strong><\/strong><\/strong><\/p>","protected":false},"featured_media":419041,"comment_status":"closed","ping_status":"closed","template":"","meta":{"_eb_attr":"","_crsspst_to_jayantr4sg-hostcom":false},"product_brand":[],"product_cat":[1791,5457,6006,1793,1229,1712,1633,5942,6081,1574],"product_tag":[66],"class_list":{"0":"post-419039","1":"product","2":"type-product","3":"status-publish","4":"has-post-thumbnail","6":"product_cat-anniversary-gifts","7":"product_cat-diamond-jewellery","8":"product_cat-diamond-nose-ring","9":"product_cat-diwali-gifts","10":"product_cat-22ct-gold-jewellery","11":"product_cat-gold-nose-ring","12":"product_cat-lotus-collections","13":"product_cat-nose-jewellery","14":"product_cat-sunrise-gold","15":"product_cat-womens-jewellery","16":"product_tag-earrings","18":"first","19":"onbackorder","20":"taxable","21":"shipping-taxable","22":"product-type-simple","23":"add-to-wishlist-before_image"},"yoast_head":"<!-- This site is optimized with the Yoast SEO plugin v27.5 - https:\/\/yoast.com\/product\/yoast-seo-wordpress\/ -->\n<title>22ct Gold Dewdrop Nose Ring with Diamond | PureJewels UK<\/title>\n<meta name=\"description\" content=\"Handcrafted in London, this 22ct Sunrise Gold Dew Drop Nose Ring features two natural diamonds totalling 0.02ct, hallmarked by the UK Assay Office.\" \/>\n<meta name=\"robots\" content=\"index, follow, max-snippet:-1, max-image-preview:large, max-video-preview:-1\" \/>\n<link rel=\"canonical\" href=\"https:\/\/www.purejewels.com\/de\/produkt-2\/tautropfen-nasenring-de\/\" \/>\n<meta property=\"og:locale\" content=\"de_DE\" \/>\n<meta property=\"og:type\" content=\"article\" \/>\n<meta property=\"og:title\" content=\"22ct Gold Dewdrop Nose Ring with Diamond | PureJewels UK\" \/>\n<meta property=\"og:description\" content=\"Handcrafted in London, this 22ct Sunrise Gold Dew Drop Nose Ring features two natural diamonds totalling 0.02ct, hallmarked by the UK Assay Office.\" \/>\n<meta property=\"og:url\" content=\"https:\/\/www.purejewels.com\/de\/produkt-2\/tautropfen-nasenring-de\/\" \/>\n<meta property=\"og:site_name\" content=\"PureJewels UK\" \/>\n<meta property=\"article:modified_time\" content=\"2026-05-05T12:57:34+00:00\" \/>\n<meta property=\"og:image\" content=\"https:\/\/static.purejewels.com\/wp-content\/uploads\/2025\/10\/petal-drop-nose-ring.jpg\" \/>\n\t<meta property=\"og:image:width\" content=\"1000\" \/>\n\t<meta property=\"og:image:height\" content=\"1000\" \/>\n\t<meta property=\"og:image:type\" content=\"image\/jpeg\" \/>\n<meta name=\"twitter:card\" content=\"summary_large_image\" \/>\n<meta name=\"twitter:label1\" content=\"Gesch\u00e4tzte Lesezeit\" \/>\n\t<meta name=\"twitter:data1\" content=\"1\u00a0Minute\" \/>\n<script type=\"application\/ld+json\" class=\"yoast-schema-graph\">{\"@context\":\"https:\\\/\\\/schema.org\",\"@graph\":[{\"@type\":[\"WebPage\",\"ItemPage\"],\"@id\":\"https:\\\/\\\/www.purejewels.com\\\/product\\\/dew-drop-nose-ring-uk\\\/\",\"url\":\"https:\\\/\\\/www.purejewels.com\\\/product\\\/dew-drop-nose-ring-uk\\\/\",\"name\":\"22ct Gold Dewdrop Nose Ring with Diamond | PureJewels UK\",\"isPartOf\":{\"@id\":\"https:\\\/\\\/www.purejewels.com\\\/#website\"},\"primaryImageOfPage\":{\"@id\":\"https:\\\/\\\/www.purejewels.com\\\/product\\\/dew-drop-nose-ring-uk\\\/#primaryimage\"},\"image\":{\"@id\":\"https:\\\/\\\/www.purejewels.com\\\/product\\\/dew-drop-nose-ring-uk\\\/#primaryimage\"},\"thumbnailUrl\":\"https:\\\/\\\/static.purejewels.com\\\/wp-content\\\/uploads\\\/2025\\\/10\\\/petal-drop-nose-ring.jpg\",\"datePublished\":\"2025-07-14T11:37:19+00:00\",\"dateModified\":\"2026-05-05T12:57:34+00:00\",\"description\":\"Handcrafted in London, this 22ct Sunrise Gold Dew Drop Nose Ring features two natural diamonds totalling 0.02ct, hallmarked by the UK Assay Office.\",\"breadcrumb\":{\"@id\":\"https:\\\/\\\/www.purejewels.com\\\/product\\\/dew-drop-nose-ring-uk\\\/#breadcrumb\"},\"inLanguage\":\"de\",\"potentialAction\":[{\"@type\":\"ReadAction\",\"target\":[\"https:\\\/\\\/www.purejewels.com\\\/product\\\/dew-drop-nose-ring-uk\\\/\"]}]},{\"@type\":\"ImageObject\",\"inLanguage\":\"de\",\"@id\":\"https:\\\/\\\/www.purejewels.com\\\/product\\\/dew-drop-nose-ring-uk\\\/#primaryimage\",\"url\":\"https:\\\/\\\/static.purejewels.com\\\/wp-content\\\/uploads\\\/2025\\\/10\\\/petal-drop-nose-ring.jpg\",\"contentUrl\":\"https:\\\/\\\/static.purejewels.com\\\/wp-content\\\/uploads\\\/2025\\\/10\\\/petal-drop-nose-ring.jpg\",\"width\":1000,\"height\":1000},{\"@type\":\"BreadcrumbList\",\"@id\":\"https:\\\/\\\/www.purejewels.com\\\/product\\\/dew-drop-nose-ring-uk\\\/#breadcrumb\",\"itemListElement\":[{\"@type\":\"ListItem\",\"position\":1,\"name\":\"Home\",\"item\":\"https:\\\/\\\/www.purejewels.com\\\/\"},{\"@type\":\"ListItem\",\"position\":2,\"name\":\"Shop\",\"item\":\"https:\\\/\\\/www.purejewels.com\\\/shop\\\/\"},{\"@type\":\"ListItem\",\"position\":3,\"name\":\"Dew Drop Nose Ring\"}]},{\"@type\":\"WebSite\",\"@id\":\"https:\\\/\\\/www.purejewels.com\\\/#website\",\"url\":\"https:\\\/\\\/www.purejewels.com\\\/\",\"name\":\"PureJewels UK\",\"description\":\"Share the Love\",\"publisher\":{\"@id\":\"https:\\\/\\\/www.purejewels.com\\\/#organization\"},\"potentialAction\":[{\"@type\":\"SearchAction\",\"target\":{\"@type\":\"EntryPoint\",\"urlTemplate\":\"https:\\\/\\\/www.purejewels.com\\\/?s={search_term_string}\"},\"query-input\":{\"@type\":\"PropertyValueSpecification\",\"valueRequired\":true,\"valueName\":\"search_term_string\"}}],\"inLanguage\":\"de\"},{\"@type\":\"Organization\",\"@id\":\"https:\\\/\\\/www.purejewels.com\\\/#organization\",\"name\":\"PureJewels UK\",\"url\":\"https:\\\/\\\/www.purejewels.com\\\/\",\"logo\":{\"@type\":\"ImageObject\",\"inLanguage\":\"de\",\"@id\":\"https:\\\/\\\/www.purejewels.com\\\/#\\\/schema\\\/logo\\\/image\\\/\",\"url\":\"https:\\\/\\\/static.purejewels.com\\\/wp-content\\\/uploads\\\/2020\\\/11\\\/Logo-PJ-New-1.png\",\"contentUrl\":\"https:\\\/\\\/static.purejewels.com\\\/wp-content\\\/uploads\\\/2020\\\/11\\\/Logo-PJ-New-1.png\",\"width\":150,\"height\":80,\"caption\":\"PureJewels UK\"},\"image\":{\"@id\":\"https:\\\/\\\/www.purejewels.com\\\/#\\\/schema\\\/logo\\\/image\\\/\"}}]}<\/script>\n<!-- \/ Yoast SEO plugin. -->","yoast_head_json":{"title":"22ct Gold Tautropfen Nasenring mit Diamant | PureJewels UK","description":"Dieser in London handgefertigte 22-kar\u00e4tige Tautropfen-Nasenring aus Sunrise Gold ist mit zwei nat\u00fcrlichen Diamanten von insgesamt 0,02 Karat besetzt, die vom britischen Assay Office gestempelt wurden.","robots":{"index":"index","follow":"follow","max-snippet":"max-snippet:-1","max-image-preview":"max-image-preview:large","max-video-preview":"max-video-preview:-1"},"canonical":"https:\/\/www.purejewels.com\/de\/produkt-2\/tautropfen-nasenring-de\/","og_locale":"de_DE","og_type":"article","og_title":"22ct Gold Dewdrop Nose Ring with Diamond | PureJewels UK","og_description":"Handcrafted in London, this 22ct Sunrise Gold Dew Drop Nose Ring features two natural diamonds totalling 0.02ct, hallmarked by the UK Assay Office.","og_url":"https:\/\/www.purejewels.com\/de\/produkt-2\/tautropfen-nasenring-de\/","og_site_name":"PureJewels UK","article_modified_time":"2026-05-05T12:57:34+00:00","og_image":[{"width":1000,"height":1000,"url":"https:\/\/static.purejewels.com\/wp-content\/uploads\/2025\/10\/petal-drop-nose-ring.jpg","type":"image\/jpeg"}],"twitter_card":"summary_large_image","twitter_misc":{"Gesch\u00e4tzte Lesezeit":"1\u00a0Minute"},"schema":{"@context":"https:\/\/schema.org","@graph":[{"@type":["WebPage","ItemPage"],"@id":"https:\/\/www.purejewels.com\/product\/dew-drop-nose-ring-uk\/","url":"https:\/\/www.purejewels.com\/product\/dew-drop-nose-ring-uk\/","name":"22ct Gold Tautropfen Nasenring mit Diamant | PureJewels UK","isPartOf":{"@id":"https:\/\/www.purejewels.com\/#website"},"primaryImageOfPage":{"@id":"https:\/\/www.purejewels.com\/product\/dew-drop-nose-ring-uk\/#primaryimage"},"image":{"@id":"https:\/\/www.purejewels.com\/product\/dew-drop-nose-ring-uk\/#primaryimage"},"thumbnailUrl":"https:\/\/static.purejewels.com\/wp-content\/uploads\/2025\/10\/petal-drop-nose-ring.jpg","datePublished":"2025-07-14T11:37:19+00:00","dateModified":"2026-05-05T12:57:34+00:00","description":"Dieser in London handgefertigte 22-kar\u00e4tige Tautropfen-Nasenring aus Sunrise Gold ist mit zwei nat\u00fcrlichen Diamanten von insgesamt 0,02 Karat besetzt, die vom britischen Assay Office gestempelt wurden.","breadcrumb":{"@id":"https:\/\/www.purejewels.com\/product\/dew-drop-nose-ring-uk\/#breadcrumb"},"inLanguage":"de","potentialAction":[{"@type":"ReadAction","target":["https:\/\/www.purejewels.com\/product\/dew-drop-nose-ring-uk\/"]}]},{"@type":"ImageObject","inLanguage":"de","@id":"https:\/\/www.purejewels.com\/product\/dew-drop-nose-ring-uk\/#primaryimage","url":"https:\/\/static.purejewels.com\/wp-content\/uploads\/2025\/10\/petal-drop-nose-ring.jpg","contentUrl":"https:\/\/static.purejewels.com\/wp-content\/uploads\/2025\/10\/petal-drop-nose-ring.jpg","width":1000,"height":1000},{"@type":"BreadcrumbList","@id":"https:\/\/www.purejewels.com\/product\/dew-drop-nose-ring-uk\/#breadcrumb","itemListElement":[{"@type":"ListItem","position":1,"name":"Home","item":"https:\/\/www.purejewels.com\/"},{"@type":"ListItem","position":2,"name":"Shop","item":"https:\/\/www.purejewels.com\/shop\/"},{"@type":"ListItem","position":3,"name":"Dew Drop Nose Ring"}]},{"@type":"WebSite","@id":"https:\/\/www.purejewels.com\/#website","url":"https:\/\/www.purejewels.com\/","name":"PureJewels UK","description":"Teile die Liebe","publisher":{"@id":"https:\/\/www.purejewels.com\/#organization"},"potentialAction":[{"@type":"SearchAction","target":{"@type":"EntryPoint","urlTemplate":"https:\/\/www.purejewels.com\/?s={search_term_string}"},"query-input":{"@type":"PropertyValueSpecification","valueRequired":true,"valueName":"search_term_string"}}],"inLanguage":"de"},{"@type":"Organization","@id":"https:\/\/www.purejewels.com\/#organization","name":"PureJewels UK","url":"https:\/\/www.purejewels.com\/","logo":{"@type":"ImageObject","inLanguage":"de","@id":"https:\/\/www.purejewels.com\/#\/schema\/logo\/image\/","url":"https:\/\/static.purejewels.com\/wp-content\/uploads\/2020\/11\/Logo-PJ-New-1.png","contentUrl":"https:\/\/static.purejewels.com\/wp-content\/uploads\/2020\/11\/Logo-PJ-New-1.png","width":150,"height":80,"caption":"PureJewels UK"},"image":{"@id":"https:\/\/www.purejewels.com\/#\/schema\/logo\/image\/"}}]}},"_links":{"self":[{"href":"https:\/\/www.purejewels.com\/de\/wp-json\/wp\/v2\/product\/419039","targetHints":{"allow":["GET"]}}],"collection":[{"href":"https:\/\/www.purejewels.com\/de\/wp-json\/wp\/v2\/product"}],"about":[{"href":"https:\/\/www.purejewels.com\/de\/wp-json\/wp\/v2\/types\/product"}],"replies":[{"embeddable":true,"href":"https:\/\/www.purejewels.com\/de\/wp-json\/wp\/v2\/comments?post=419039"}],"version-history":[{"count":1,"href":"https:\/\/www.purejewels.com\/de\/wp-json\/wp\/v2\/product\/419039\/revisions"}],"predecessor-version":[{"id":419044,"href":"https:\/\/www.purejewels.com\/de\/wp-json\/wp\/v2\/product\/419039\/revisions\/419044"}],"wp:featuredmedia":[{"embeddable":true,"href":"https:\/\/www.purejewels.com\/de\/wp-json\/wp\/v2\/media\/419041"}],"wp:attachment":[{"href":"https:\/\/www.purejewels.com\/de\/wp-json\/wp\/v2\/media?parent=419039"}],"wp:term":[{"taxonomy":"product_brand","embeddable":true,"href":"https:\/\/www.purejewels.com\/de\/wp-json\/wp\/v2\/product_brand?post=419039"},{"taxonomy":"product_cat","embeddable":true,"href":"https:\/\/www.purejewels.com\/de\/wp-json\/wp\/v2\/product_cat?post=419039"},{"taxonomy":"product_tag","embeddable":true,"href":"https:\/\/www.purejewels.com\/de\/wp-json\/wp\/v2\/product_tag?post=419039"}],"curies":[{"name":"wp","href":"https:\/\/api.w.org\/{rel}","templated":true}]}}