{"id":419046,"date":"2025-08-14T12:48:17","date_gmt":"2025-08-14T11:48:17","guid":{"rendered":"https:\/\/www.purejewels.com\/?post_type=product&#038;p=419046"},"modified":"2026-02-09T08:39:28","modified_gmt":"2026-02-09T08:39:28","slug":"22ct-sunrise-gold-lilypad-ohrhaken","status":"publish","type":"product","link":"https:\/\/www.purejewels.com\/de\/product\/22ct-sunrise-gold-lilypad-ear-hook\/","title":{"rendered":"Lilypad Ohrhaken"},"content":{"rendered":"<p data-start=\"527\" data-end=\"906\"><strong data-start=\"527\" data-end=\"537\">Gestaltung<\/strong><br data-start=\"537\" data-end=\"540\" \/>Inspiriert von den sanften Ranken der Lotuspflanze, flie\u00dft dieser Ohrhaken in einer nat\u00fcrlichen, organischen Kurve um das Ohr. Das Design f\u00e4ngt die Essenz von Bewegung und Anmut mit einem zentralen runden Rahmen ein, der mit 0,08ct nat\u00fcrlichen Diamanten besetzt ist, die wie Tautropfen schimmern. Der aus 22 Karat Sunrise Gold gefertigte Ohrhaken verk\u00f6rpert flie\u00dfende Bewegung und moderne Eleganz mit einem Hauch des Rhythmus der Natur.<\/p>\n<p data-start=\"908\" data-end=\"1240\"><strong data-start=\"908\" data-end=\"925\">Handwerkliches K\u00f6nnen<\/strong><br data-start=\"925\" data-end=\"928\" \/>Die in London handgefertigten und vom britischen Assay Office gepunzten Ohrhaken sind aus der f\u00fcr PureJewels typischen Sunrise Gold-Legierung gefertigt, die f\u00fcr ihren warmen Farbton und ihre St\u00e4rke bekannt ist. Die Diamanten werden mit Pr\u00e4zision von Hand gefasst, w\u00e4hrend die flie\u00dfende Struktur f\u00fcr einen sicheren, bequemen Sitz sorgt, der sich nat\u00fcrlich um das Ohr legt.<\/p>\n<p data-start=\"1242\" data-end=\"1557\" data-is-last-node=\"\" data-is-only-node=\"\"><strong data-start=\"1242\" data-end=\"1263\">Styling &amp; Geschenkartikel<\/strong><br data-start=\"1263\" data-end=\"1266\" \/>Ein auff\u00e4lliges Schmuckst\u00fcck, das Kunst und Design miteinander verbindet und sich perfekt f\u00fcr ein modernes Styling oder abendliche Anl\u00e4sse eignet. Tragen Sie ihn solo als skulpturalen Akzent oder kombinieren Sie ihn mit minimalistischem Schmuck f\u00fcr einen gehobenen, modischen Look. Ideal f\u00fcr alle, die Kreativit\u00e4t und moderne Handwerkskunst zu sch\u00e4tzen wissen.<\/p>","protected":false},"excerpt":{"rendered":"<p>Ein skulpturaler Ohrhaken aus 22 Karat Gold, inspiriert von den Ranken der Lotusblume. Handgefertigt in London mit 0,08ct nat\u00fcrlichen Diamanten und einer flie\u00dfenden, organischen Silhouette.<\/p>\n<p><strong>Material:<\/strong> 22ct Sonnenaufgang Gold<strong><br \/>\n<strong>Wahrzeichen: <\/strong><\/strong>Britisches G\u00fctesiegel<strong><strong><br \/>\n<\/strong><\/strong><strong><strong>Stein: <\/strong><\/strong>Nat\u00fcrliche Diamanten<strong><strong><br \/>\n<strong>Gewicht der Diamanten: <\/strong><\/strong><\/strong>0,08ct (insgesamt)<strong><strong><strong><br \/>\n<\/strong><\/strong><\/strong><strong><strong><strong><strong><strong><strong>Bruttogewicht: <\/strong><\/strong><\/strong><\/strong><\/strong><\/strong>4 Gramm<strong><strong><strong><strong><strong><br \/>\n<strong>SKU: <\/strong><\/strong><\/strong><\/strong><\/strong><\/strong>52360<\/p>\n<p><strong><strong><strong><strong><strong><strong>Preis und Lieferung: <\/strong><\/strong><\/strong><\/strong><\/strong><\/strong>Inklusive Mehrwertsteuer und Lieferkosten<strong><strong><strong><strong><strong><br \/>\n<a href=\"https:\/\/www.purejewels.com\/de\/ruckgabepolitik\/\">R\u00fcckgabepolitik<\/a><\/strong><\/strong><\/strong><\/strong><\/strong><\/p>","protected":false},"featured_media":419047,"comment_status":"closed","ping_status":"closed","template":"","meta":{"_eb_attr":"","_crsspst_to_jayantr4sg-hostcom":false},"product_brand":[],"product_cat":[1791,1559,5458,1793,1685,1254,1229,1633,1569,1573,1574],"product_tag":[66],"class_list":{"0":"post-419046","1":"product","2":"type-product","3":"status-publish","4":"has-post-thumbnail","6":"product_cat-anniversary-gifts","7":"product_cat-birthday-gifts","8":"product_cat-diamond-earring","9":"product_cat-diwali-gifts","10":"product_cat-drop-earrings","11":"product_cat-gold-earrings","12":"product_cat-22ct-gold-jewellery","13":"product_cat-lotus-collections","14":"product_cat-valentine-day-gifts","15":"product_cat-wedding-gifts","16":"product_cat-womens-jewellery","17":"product_tag-earrings","19":"first","20":"instock","21":"taxable","22":"shipping-taxable","23":"purchasable","24":"product-type-simple","25":"add-to-wishlist-before_image"},"yoast_head":"<!-- This site is optimized with the Yoast SEO plugin v27.5 - https:\/\/yoast.com\/product\/yoast-seo-wordpress\/ -->\n<title>22ct Sunrise Gold Lilypad Ear Hook | PureJewels UK<\/title>\n<meta name=\"description\" content=\"Handcrafted in London, this 22ct Sunrise Gold Lilypad Ear Hook features 0.08ct natural diamonds and an organic tendril-like flow inspired by the lotus flower.\" \/>\n<meta name=\"robots\" content=\"index, follow, max-snippet:-1, max-image-preview:large, max-video-preview:-1\" \/>\n<link rel=\"canonical\" href=\"https:\/\/www.purejewels.com\/de\/produkt-2\/22ct-sunrise-gold-lilypad-ohrhaken\/\" \/>\n<meta property=\"og:locale\" content=\"de_DE\" \/>\n<meta property=\"og:type\" content=\"article\" \/>\n<meta property=\"og:title\" content=\"22ct Sunrise Gold Lilypad Ear Hook | PureJewels UK\" \/>\n<meta property=\"og:description\" content=\"Handcrafted in London, this 22ct Sunrise Gold Lilypad Ear Hook features 0.08ct natural diamonds and an organic tendril-like flow inspired by the lotus flower.\" \/>\n<meta property=\"og:url\" content=\"https:\/\/www.purejewels.com\/de\/produkt-2\/22ct-sunrise-gold-lilypad-ohrhaken\/\" \/>\n<meta property=\"og:site_name\" content=\"PureJewels UK\" \/>\n<meta property=\"article:modified_time\" content=\"2026-02-09T08:39:28+00:00\" \/>\n<meta property=\"og:image\" content=\"https:\/\/static.purejewels.com\/wp-content\/uploads\/2025\/10\/Ear-hook.jpg\" \/>\n\t<meta property=\"og:image:width\" content=\"1000\" \/>\n\t<meta property=\"og:image:height\" content=\"1000\" \/>\n\t<meta property=\"og:image:type\" content=\"image\/jpeg\" \/>\n<meta name=\"twitter:card\" content=\"summary_large_image\" \/>\n<meta name=\"twitter:label1\" content=\"Gesch\u00e4tzte Lesezeit\" \/>\n\t<meta name=\"twitter:data1\" content=\"1\u00a0Minute\" \/>\n<script type=\"application\/ld+json\" class=\"yoast-schema-graph\">{\"@context\":\"https:\\\/\\\/schema.org\",\"@graph\":[{\"@type\":[\"WebPage\",\"ItemPage\"],\"@id\":\"https:\\\/\\\/www.purejewels.com\\\/product\\\/22ct-sunrise-gold-lilypad-ear-hook\\\/\",\"url\":\"https:\\\/\\\/www.purejewels.com\\\/product\\\/22ct-sunrise-gold-lilypad-ear-hook\\\/\",\"name\":\"22ct Sunrise Gold Lilypad Ear Hook | PureJewels UK\",\"isPartOf\":{\"@id\":\"https:\\\/\\\/www.purejewels.com\\\/#website\"},\"primaryImageOfPage\":{\"@id\":\"https:\\\/\\\/www.purejewels.com\\\/product\\\/22ct-sunrise-gold-lilypad-ear-hook\\\/#primaryimage\"},\"image\":{\"@id\":\"https:\\\/\\\/www.purejewels.com\\\/product\\\/22ct-sunrise-gold-lilypad-ear-hook\\\/#primaryimage\"},\"thumbnailUrl\":\"https:\\\/\\\/static.purejewels.com\\\/wp-content\\\/uploads\\\/2025\\\/10\\\/Ear-hook.jpg\",\"datePublished\":\"2025-08-14T11:48:17+00:00\",\"dateModified\":\"2026-02-09T08:39:28+00:00\",\"description\":\"Handcrafted in London, this 22ct Sunrise Gold Lilypad Ear Hook features 0.08ct natural diamonds and an organic tendril-like flow inspired by the lotus flower.\",\"breadcrumb\":{\"@id\":\"https:\\\/\\\/www.purejewels.com\\\/product\\\/22ct-sunrise-gold-lilypad-ear-hook\\\/#breadcrumb\"},\"inLanguage\":\"de\",\"potentialAction\":[{\"@type\":\"ReadAction\",\"target\":[\"https:\\\/\\\/www.purejewels.com\\\/product\\\/22ct-sunrise-gold-lilypad-ear-hook\\\/\"]}]},{\"@type\":\"ImageObject\",\"inLanguage\":\"de\",\"@id\":\"https:\\\/\\\/www.purejewels.com\\\/product\\\/22ct-sunrise-gold-lilypad-ear-hook\\\/#primaryimage\",\"url\":\"https:\\\/\\\/static.purejewels.com\\\/wp-content\\\/uploads\\\/2025\\\/10\\\/Ear-hook.jpg\",\"contentUrl\":\"https:\\\/\\\/static.purejewels.com\\\/wp-content\\\/uploads\\\/2025\\\/10\\\/Ear-hook.jpg\",\"width\":1000,\"height\":1000},{\"@type\":\"BreadcrumbList\",\"@id\":\"https:\\\/\\\/www.purejewels.com\\\/product\\\/22ct-sunrise-gold-lilypad-ear-hook\\\/#breadcrumb\",\"itemListElement\":[{\"@type\":\"ListItem\",\"position\":1,\"name\":\"Home\",\"item\":\"https:\\\/\\\/www.purejewels.com\\\/\"},{\"@type\":\"ListItem\",\"position\":2,\"name\":\"Shop\",\"item\":\"https:\\\/\\\/www.purejewels.com\\\/shop\\\/\"},{\"@type\":\"ListItem\",\"position\":3,\"name\":\"Lilypad Ear Hook\"}]},{\"@type\":\"WebSite\",\"@id\":\"https:\\\/\\\/www.purejewels.com\\\/#website\",\"url\":\"https:\\\/\\\/www.purejewels.com\\\/\",\"name\":\"PureJewels UK\",\"description\":\"Share the Love\",\"publisher\":{\"@id\":\"https:\\\/\\\/www.purejewels.com\\\/#organization\"},\"potentialAction\":[{\"@type\":\"SearchAction\",\"target\":{\"@type\":\"EntryPoint\",\"urlTemplate\":\"https:\\\/\\\/www.purejewels.com\\\/?s={search_term_string}\"},\"query-input\":{\"@type\":\"PropertyValueSpecification\",\"valueRequired\":true,\"valueName\":\"search_term_string\"}}],\"inLanguage\":\"de\"},{\"@type\":\"Organization\",\"@id\":\"https:\\\/\\\/www.purejewels.com\\\/#organization\",\"name\":\"PureJewels UK\",\"url\":\"https:\\\/\\\/www.purejewels.com\\\/\",\"logo\":{\"@type\":\"ImageObject\",\"inLanguage\":\"de\",\"@id\":\"https:\\\/\\\/www.purejewels.com\\\/#\\\/schema\\\/logo\\\/image\\\/\",\"url\":\"https:\\\/\\\/static.purejewels.com\\\/wp-content\\\/uploads\\\/2020\\\/11\\\/Logo-PJ-New-1.png\",\"contentUrl\":\"https:\\\/\\\/static.purejewels.com\\\/wp-content\\\/uploads\\\/2020\\\/11\\\/Logo-PJ-New-1.png\",\"width\":150,\"height\":80,\"caption\":\"PureJewels UK\"},\"image\":{\"@id\":\"https:\\\/\\\/www.purejewels.com\\\/#\\\/schema\\\/logo\\\/image\\\/\"}}]}<\/script>\n<!-- \/ Yoast SEO plugin. -->","yoast_head_json":{"title":"22ct Sunrise Gold Lilypad Ohrhaken | PureJewels UK","description":"Dieser in London handgefertigte 22-kar\u00e4tige Lilypad-Ohrhaken aus Sunrise Gold besticht durch 0,08 Karat nat\u00fcrliche Diamanten und einen organischen, rankenartigen Verlauf, der von der Lotusblume inspiriert ist.","robots":{"index":"index","follow":"follow","max-snippet":"max-snippet:-1","max-image-preview":"max-image-preview:large","max-video-preview":"max-video-preview:-1"},"canonical":"https:\/\/www.purejewels.com\/de\/produkt-2\/22ct-sunrise-gold-lilypad-ohrhaken\/","og_locale":"de_DE","og_type":"article","og_title":"22ct Sunrise Gold Lilypad Ear Hook | PureJewels UK","og_description":"Handcrafted in London, this 22ct Sunrise Gold Lilypad Ear Hook features 0.08ct natural diamonds and an organic tendril-like flow inspired by the lotus flower.","og_url":"https:\/\/www.purejewels.com\/de\/produkt-2\/22ct-sunrise-gold-lilypad-ohrhaken\/","og_site_name":"PureJewels UK","article_modified_time":"2026-02-09T08:39:28+00:00","og_image":[{"width":1000,"height":1000,"url":"https:\/\/static.purejewels.com\/wp-content\/uploads\/2025\/10\/Ear-hook.jpg","type":"image\/jpeg"}],"twitter_card":"summary_large_image","twitter_misc":{"Gesch\u00e4tzte Lesezeit":"1\u00a0Minute"},"schema":{"@context":"https:\/\/schema.org","@graph":[{"@type":["WebPage","ItemPage"],"@id":"https:\/\/www.purejewels.com\/product\/22ct-sunrise-gold-lilypad-ear-hook\/","url":"https:\/\/www.purejewels.com\/product\/22ct-sunrise-gold-lilypad-ear-hook\/","name":"22ct Sunrise Gold Lilypad Ohrhaken | PureJewels UK","isPartOf":{"@id":"https:\/\/www.purejewels.com\/#website"},"primaryImageOfPage":{"@id":"https:\/\/www.purejewels.com\/product\/22ct-sunrise-gold-lilypad-ear-hook\/#primaryimage"},"image":{"@id":"https:\/\/www.purejewels.com\/product\/22ct-sunrise-gold-lilypad-ear-hook\/#primaryimage"},"thumbnailUrl":"https:\/\/static.purejewels.com\/wp-content\/uploads\/2025\/10\/Ear-hook.jpg","datePublished":"2025-08-14T11:48:17+00:00","dateModified":"2026-02-09T08:39:28+00:00","description":"Dieser in London handgefertigte 22-kar\u00e4tige Lilypad-Ohrhaken aus Sunrise Gold besticht durch 0,08 Karat nat\u00fcrliche Diamanten und einen organischen, rankenartigen Verlauf, der von der Lotusblume inspiriert ist.","breadcrumb":{"@id":"https:\/\/www.purejewels.com\/product\/22ct-sunrise-gold-lilypad-ear-hook\/#breadcrumb"},"inLanguage":"de","potentialAction":[{"@type":"ReadAction","target":["https:\/\/www.purejewels.com\/product\/22ct-sunrise-gold-lilypad-ear-hook\/"]}]},{"@type":"ImageObject","inLanguage":"de","@id":"https:\/\/www.purejewels.com\/product\/22ct-sunrise-gold-lilypad-ear-hook\/#primaryimage","url":"https:\/\/static.purejewels.com\/wp-content\/uploads\/2025\/10\/Ear-hook.jpg","contentUrl":"https:\/\/static.purejewels.com\/wp-content\/uploads\/2025\/10\/Ear-hook.jpg","width":1000,"height":1000},{"@type":"BreadcrumbList","@id":"https:\/\/www.purejewels.com\/product\/22ct-sunrise-gold-lilypad-ear-hook\/#breadcrumb","itemListElement":[{"@type":"ListItem","position":1,"name":"Home","item":"https:\/\/www.purejewels.com\/"},{"@type":"ListItem","position":2,"name":"Shop","item":"https:\/\/www.purejewels.com\/shop\/"},{"@type":"ListItem","position":3,"name":"Lilypad Ear Hook"}]},{"@type":"WebSite","@id":"https:\/\/www.purejewels.com\/#website","url":"https:\/\/www.purejewels.com\/","name":"PureJewels UK","description":"Teile die Liebe","publisher":{"@id":"https:\/\/www.purejewels.com\/#organization"},"potentialAction":[{"@type":"SearchAction","target":{"@type":"EntryPoint","urlTemplate":"https:\/\/www.purejewels.com\/?s={search_term_string}"},"query-input":{"@type":"PropertyValueSpecification","valueRequired":true,"valueName":"search_term_string"}}],"inLanguage":"de"},{"@type":"Organization","@id":"https:\/\/www.purejewels.com\/#organization","name":"PureJewels UK","url":"https:\/\/www.purejewels.com\/","logo":{"@type":"ImageObject","inLanguage":"de","@id":"https:\/\/www.purejewels.com\/#\/schema\/logo\/image\/","url":"https:\/\/static.purejewels.com\/wp-content\/uploads\/2020\/11\/Logo-PJ-New-1.png","contentUrl":"https:\/\/static.purejewels.com\/wp-content\/uploads\/2020\/11\/Logo-PJ-New-1.png","width":150,"height":80,"caption":"PureJewels UK"},"image":{"@id":"https:\/\/www.purejewels.com\/#\/schema\/logo\/image\/"}}]}},"_links":{"self":[{"href":"https:\/\/www.purejewels.com\/de\/wp-json\/wp\/v2\/product\/419046","targetHints":{"allow":["GET"]}}],"collection":[{"href":"https:\/\/www.purejewels.com\/de\/wp-json\/wp\/v2\/product"}],"about":[{"href":"https:\/\/www.purejewels.com\/de\/wp-json\/wp\/v2\/types\/product"}],"replies":[{"embeddable":true,"href":"https:\/\/www.purejewels.com\/de\/wp-json\/wp\/v2\/comments?post=419046"}],"version-history":[{"count":2,"href":"https:\/\/www.purejewels.com\/de\/wp-json\/wp\/v2\/product\/419046\/revisions"}],"predecessor-version":[{"id":424432,"href":"https:\/\/www.purejewels.com\/de\/wp-json\/wp\/v2\/product\/419046\/revisions\/424432"}],"wp:featuredmedia":[{"embeddable":true,"href":"https:\/\/www.purejewels.com\/de\/wp-json\/wp\/v2\/media\/419047"}],"wp:attachment":[{"href":"https:\/\/www.purejewels.com\/de\/wp-json\/wp\/v2\/media?parent=419046"}],"wp:term":[{"taxonomy":"product_brand","embeddable":true,"href":"https:\/\/www.purejewels.com\/de\/wp-json\/wp\/v2\/product_brand?post=419046"},{"taxonomy":"product_cat","embeddable":true,"href":"https:\/\/www.purejewels.com\/de\/wp-json\/wp\/v2\/product_cat?post=419046"},{"taxonomy":"product_tag","embeddable":true,"href":"https:\/\/www.purejewels.com\/de\/wp-json\/wp\/v2\/product_tag?post=419046"}],"curies":[{"name":"wp","href":"https:\/\/api.w.org\/{rel}","templated":true}]}}