{"id":419087,"date":"2025-09-15T06:56:17","date_gmt":"2025-09-15T05:56:17","guid":{"rendered":"https:\/\/www.purejewels.com\/?post_type=product&#038;p=419087"},"modified":"2026-02-01T16:30:18","modified_gmt":"2026-02-01T16:30:18","slug":"om-mit-damaru-anhanger-aus-22-kt-gold-53115","status":"publish","type":"product","link":"https:\/\/www.purejewels.com\/de\/product\/om-with-damaru-pendant-in-22ct-gold-53115\/","title":{"rendered":"Om mit Damaru Anh\u00e4nger in 22ct Gold"},"content":{"rendered":"<h3 data-start=\"1135\" data-end=\"1160\"><strong data-start=\"1142\" data-end=\"1160\">Designkonzept<\/strong><\/h3>\n<p data-start=\"1161\" data-end=\"1418\">Inspiriert von der vedischen Symbolik, vereint dieses Design Spiritualit\u00e4t und moderne Handwerkskunst. Die flie\u00dfenden Linien des <strong data-start=\"1282\" data-end=\"1288\">Om<\/strong> sitzen elegant \u00fcber den geometrisch ge\u00e4tzten <strong data-start=\"1333\" data-end=\"1343\">Damaru<\/strong>Er steht f\u00fcr das Gleichgewicht zwischen Klang und Stille, Energie und Stille.<\/p>\n<h3 data-start=\"184\" data-end=\"207\"><strong data-start=\"188\" data-end=\"205\">Handwerkliches K\u00f6nnen<\/strong><\/h3>\n<p data-start=\"208\" data-end=\"786\">Jeder Om mit Damaru-Anh\u00e4nger ist ein Zeugnis f\u00fcr PureJewels' Erbe an Pr\u00e4zision und Kunstfertigkeit. Der in Handarbeit aus reinem 22-kar\u00e4tigem Gelbgold gefertigte Anh\u00e4nger zeigt aufwendige Details - von den sanften, flie\u00dfenden Kurven des heiligen Om bis zur sorgf\u00e4ltig konturierten Form der darunter liegenden Damaru-Trommel. Das St\u00fcck wird nach traditionellen Gussverfahren geformt und anschlie\u00dfend mit einer spiegelnden Politur versehen, die den nat\u00fcrlichen Glanz des Goldes hervorhebt. Jeder Anh\u00e4nger ist vom London Assay Office gestempelt und spiegelt unser Engagement f\u00fcr Reinheit, Langlebigkeit und handwerkliches K\u00f6nnen wider, das \u00fcber Generationen weitergegeben wurde.<\/p>\n<h3 data-start=\"793\" data-end=\"815\"><strong data-start=\"797\" data-end=\"813\">Styling-Idee<\/strong><\/h3>\n<p data-start=\"816\" data-end=\"1287\">Dieser Anh\u00e4nger ist vielseitig und voller spirituellem Charakter - ideal f\u00fcr alle, die bedeutungsvollen Schmuck mit schlichter Eleganz suchen. Tragen Sie ihn allein an einer schmalen Goldkette f\u00fcr einen minimalen, meditativen Look oder kombinieren Sie ihn mit anderen symbolischen Anh\u00e4ngern, um eine pers\u00f6nliche talismanische Geschichte zu kreieren. Er passt sowohl zu traditioneller Kleidung als auch zu moderner Alltagskleidung und ist damit ein perfekter Begleiter f\u00fcr Gebete, Feste oder einfach als Erinnerung an innere St\u00e4rke und Gelassenheit.<\/p>","protected":false},"excerpt":{"rendered":"<p data-start=\"631\" data-end=\"906\">Der von spiritueller Tiefe durchdrungene Anh\u00e4nger Om mit Damaru aus 22 Karat Gold ist eine anmutige Verbindung zweier verehrter Symbole der hinduistischen Tradition. Der aus strahlendem 22-kar\u00e4tigem Gelbgold gefertigte und f\u00fcr seine Reinheit gepunzte Anh\u00e4nger schwingt mit dem g\u00f6ttlichen Rhythmus und der ewigen Schwingung des Om.<\/p>\n<p data-start=\"908\" data-end=\"1128\">In seinem Herzen liegt das heilige Om (\u0950) - der Urklang des Universums - \u00fcber der Damaru, einer doppelk\u00f6pfigen Trommel, die Lord Shiva symbolisiert. Zusammen stehen sie f\u00fcr den Rhythmus der Sch\u00f6pfung und die Kontinuit\u00e4t des Lebens.<\/p>\n<p><strong>Material:<\/strong> 22ct Gold (91,6% reines Gold)\u00a0<strong><br \/>\nWahrzeichen:\u00a0<\/strong>Britisches G\u00fctesiegel<strong><br \/>\n<\/strong><strong>Bruttogewicht: <\/strong>1,42 Gramm<strong><br \/>\nSKU: <\/strong>53115, 52547<\/p>\n<p><strong>Preis und Lieferung: <\/strong>Inklusive Mehrwertsteuer und Lieferkosten<strong><br \/>\n<a href=\"https:\/\/www.purejewels.com\/de\/ruckgabepolitik\/\">R\u00fcckgabepolitik<\/a><\/strong><\/p>","protected":false},"featured_media":419089,"comment_status":"closed","ping_status":"closed","template":"","meta":{"_eb_attr":"","_crsspst_to_jayantr4sg-hostcom":true},"product_brand":[],"product_cat":[1571,1229,1255,5343,1767,1572,1768,5600,1701,5349],"product_tag":[6167,6168],"class_list":{"0":"post-419087","1":"product","2":"type-product","3":"status-publish","4":"has-post-thumbnail","6":"product_cat-fathers-day-gifts","7":"product_cat-22ct-gold-jewellery","8":"product_cat-gold-pendants","9":"product_cat-jewellery-under-550","10":"product_cat-ladies-pendants","11":"product_cat-mens-jewellery","12":"product_cat-mens-pendants","13":"product_cat-om-pendants","14":"product_cat-religious-pendants","15":"product_cat-yellow-gold-jewellery","16":"product_tag-22ct-pendant","17":"product_tag-gold-pendant","19":"first","20":"outofstock","21":"taxable","22":"shipping-taxable","23":"product-type-simple","24":"add-to-wishlist-before_image"},"yoast_head":"<!-- This site is optimized with the Yoast SEO plugin v27.5 - https:\/\/yoast.com\/product\/yoast-seo-wordpress\/ -->\n<title>Om with Damaru Pendant in 22ct Gold | PureJewels UK<\/title>\n<meta name=\"description\" content=\"Shop our 22ct Gold Om with Damaru Pendant \u2013 a sacred symbol of strength and serenity. Perfect for daily wear or gifting. Hallmarked &amp; handmade with care.\" \/>\n<meta name=\"robots\" content=\"index, follow, max-snippet:-1, max-image-preview:large, max-video-preview:-1\" \/>\n<link rel=\"canonical\" href=\"https:\/\/www.purejewels.com\/de\/produkt-2\/om-mit-damaru-anhanger-aus-22-kt-gold-53115\/\" \/>\n<meta property=\"og:locale\" content=\"de_DE\" \/>\n<meta property=\"og:type\" content=\"article\" \/>\n<meta property=\"og:title\" content=\"Om with Damaru Pendant in 22ct Gold | PureJewels UK\" \/>\n<meta property=\"og:description\" content=\"Shop our 22ct Gold Om with Damaru Pendant \u2013 a sacred symbol of strength and serenity. Perfect for daily wear or gifting. Hallmarked &amp; handmade with care.\" \/>\n<meta property=\"og:url\" content=\"https:\/\/www.purejewels.com\/de\/produkt-2\/om-mit-damaru-anhanger-aus-22-kt-gold-53115\/\" \/>\n<meta property=\"og:site_name\" content=\"PureJewels UK\" \/>\n<meta property=\"article:modified_time\" content=\"2026-02-01T16:30:18+00:00\" \/>\n<meta property=\"og:image\" content=\"https:\/\/static.purejewels.com\/wp-content\/uploads\/2025\/10\/53115.jpg\" \/>\n\t<meta property=\"og:image:width\" content=\"1000\" \/>\n\t<meta property=\"og:image:height\" content=\"1000\" \/>\n\t<meta property=\"og:image:type\" content=\"image\/jpeg\" \/>\n<meta name=\"twitter:card\" content=\"summary_large_image\" \/>\n<meta name=\"twitter:label1\" content=\"Gesch\u00e4tzte Lesezeit\" \/>\n\t<meta name=\"twitter:data1\" content=\"2\u00a0Minuten\" \/>\n<script type=\"application\/ld+json\" class=\"yoast-schema-graph\">{\"@context\":\"https:\\\/\\\/schema.org\",\"@graph\":[{\"@type\":[\"WebPage\",\"ItemPage\"],\"@id\":\"https:\\\/\\\/www.purejewels.com\\\/product\\\/om-with-damaru-pendant-in-22ct-gold-53115\\\/\",\"url\":\"https:\\\/\\\/www.purejewels.com\\\/product\\\/om-with-damaru-pendant-in-22ct-gold-53115\\\/\",\"name\":\"Om with Damaru Pendant in 22ct Gold | PureJewels UK\",\"isPartOf\":{\"@id\":\"https:\\\/\\\/www.purejewels.com\\\/#website\"},\"primaryImageOfPage\":{\"@id\":\"https:\\\/\\\/www.purejewels.com\\\/product\\\/om-with-damaru-pendant-in-22ct-gold-53115\\\/#primaryimage\"},\"image\":{\"@id\":\"https:\\\/\\\/www.purejewels.com\\\/product\\\/om-with-damaru-pendant-in-22ct-gold-53115\\\/#primaryimage\"},\"thumbnailUrl\":\"https:\\\/\\\/static.purejewels.com\\\/wp-content\\\/uploads\\\/2025\\\/10\\\/53115.jpg\",\"datePublished\":\"2025-09-15T05:56:17+00:00\",\"dateModified\":\"2026-02-01T16:30:18+00:00\",\"description\":\"Shop our 22ct Gold Om with Damaru Pendant \u2013 a sacred symbol of strength and serenity. Perfect for daily wear or gifting. Hallmarked & handmade with care.\",\"breadcrumb\":{\"@id\":\"https:\\\/\\\/www.purejewels.com\\\/product\\\/om-with-damaru-pendant-in-22ct-gold-53115\\\/#breadcrumb\"},\"inLanguage\":\"de\",\"potentialAction\":[{\"@type\":\"ReadAction\",\"target\":[\"https:\\\/\\\/www.purejewels.com\\\/product\\\/om-with-damaru-pendant-in-22ct-gold-53115\\\/\"]}]},{\"@type\":\"ImageObject\",\"inLanguage\":\"de\",\"@id\":\"https:\\\/\\\/www.purejewels.com\\\/product\\\/om-with-damaru-pendant-in-22ct-gold-53115\\\/#primaryimage\",\"url\":\"https:\\\/\\\/static.purejewels.com\\\/wp-content\\\/uploads\\\/2025\\\/10\\\/53115.jpg\",\"contentUrl\":\"https:\\\/\\\/static.purejewels.com\\\/wp-content\\\/uploads\\\/2025\\\/10\\\/53115.jpg\",\"width\":1000,\"height\":1000,\"caption\":\"Om with Damaru Pendant in 22ct Gold\"},{\"@type\":\"BreadcrumbList\",\"@id\":\"https:\\\/\\\/www.purejewels.com\\\/product\\\/om-with-damaru-pendant-in-22ct-gold-53115\\\/#breadcrumb\",\"itemListElement\":[{\"@type\":\"ListItem\",\"position\":1,\"name\":\"Home\",\"item\":\"https:\\\/\\\/www.purejewels.com\\\/\"},{\"@type\":\"ListItem\",\"position\":2,\"name\":\"Shop\",\"item\":\"https:\\\/\\\/www.purejewels.com\\\/shop\\\/\"},{\"@type\":\"ListItem\",\"position\":3,\"name\":\"Om with Damaru Pendant in 22ct Gold\"}]},{\"@type\":\"WebSite\",\"@id\":\"https:\\\/\\\/www.purejewels.com\\\/#website\",\"url\":\"https:\\\/\\\/www.purejewels.com\\\/\",\"name\":\"PureJewels UK\",\"description\":\"Share the Love\",\"publisher\":{\"@id\":\"https:\\\/\\\/www.purejewels.com\\\/#organization\"},\"potentialAction\":[{\"@type\":\"SearchAction\",\"target\":{\"@type\":\"EntryPoint\",\"urlTemplate\":\"https:\\\/\\\/www.purejewels.com\\\/?s={search_term_string}\"},\"query-input\":{\"@type\":\"PropertyValueSpecification\",\"valueRequired\":true,\"valueName\":\"search_term_string\"}}],\"inLanguage\":\"de\"},{\"@type\":\"Organization\",\"@id\":\"https:\\\/\\\/www.purejewels.com\\\/#organization\",\"name\":\"PureJewels UK\",\"url\":\"https:\\\/\\\/www.purejewels.com\\\/\",\"logo\":{\"@type\":\"ImageObject\",\"inLanguage\":\"de\",\"@id\":\"https:\\\/\\\/www.purejewels.com\\\/#\\\/schema\\\/logo\\\/image\\\/\",\"url\":\"https:\\\/\\\/static.purejewels.com\\\/wp-content\\\/uploads\\\/2020\\\/11\\\/Logo-PJ-New-1.png\",\"contentUrl\":\"https:\\\/\\\/static.purejewels.com\\\/wp-content\\\/uploads\\\/2020\\\/11\\\/Logo-PJ-New-1.png\",\"width\":150,\"height\":80,\"caption\":\"PureJewels UK\"},\"image\":{\"@id\":\"https:\\\/\\\/www.purejewels.com\\\/#\\\/schema\\\/logo\\\/image\\\/\"}}]}<\/script>\n<!-- \/ Yoast SEO plugin. -->","yoast_head_json":{"title":"Om mit Damaru Anh\u00e4nger in 22ct Gold | PureJewels UK","description":"Kaufen Sie unseren 22ct Gold Om mit Damaru Anh\u00e4nger - ein heiliges Symbol der St\u00e4rke und Gelassenheit. Perfekt f\u00fcr das t\u00e4gliche Tragen oder Verschenken. Hallmarked &amp; handgefertigt mit Sorgfalt.","robots":{"index":"index","follow":"follow","max-snippet":"max-snippet:-1","max-image-preview":"max-image-preview:large","max-video-preview":"max-video-preview:-1"},"canonical":"https:\/\/www.purejewels.com\/de\/produkt-2\/om-mit-damaru-anhanger-aus-22-kt-gold-53115\/","og_locale":"de_DE","og_type":"article","og_title":"Om with Damaru Pendant in 22ct Gold | PureJewels UK","og_description":"Shop our 22ct Gold Om with Damaru Pendant \u2013 a sacred symbol of strength and serenity. Perfect for daily wear or gifting. Hallmarked & handmade with care.","og_url":"https:\/\/www.purejewels.com\/de\/produkt-2\/om-mit-damaru-anhanger-aus-22-kt-gold-53115\/","og_site_name":"PureJewels UK","article_modified_time":"2026-02-01T16:30:18+00:00","og_image":[{"width":1000,"height":1000,"url":"https:\/\/static.purejewels.com\/wp-content\/uploads\/2025\/10\/53115.jpg","type":"image\/jpeg"}],"twitter_card":"summary_large_image","twitter_misc":{"Gesch\u00e4tzte Lesezeit":"2\u00a0Minuten"},"schema":{"@context":"https:\/\/schema.org","@graph":[{"@type":["WebPage","ItemPage"],"@id":"https:\/\/www.purejewels.com\/product\/om-with-damaru-pendant-in-22ct-gold-53115\/","url":"https:\/\/www.purejewels.com\/product\/om-with-damaru-pendant-in-22ct-gold-53115\/","name":"Om mit Damaru Anh\u00e4nger in 22ct Gold | PureJewels UK","isPartOf":{"@id":"https:\/\/www.purejewels.com\/#website"},"primaryImageOfPage":{"@id":"https:\/\/www.purejewels.com\/product\/om-with-damaru-pendant-in-22ct-gold-53115\/#primaryimage"},"image":{"@id":"https:\/\/www.purejewels.com\/product\/om-with-damaru-pendant-in-22ct-gold-53115\/#primaryimage"},"thumbnailUrl":"https:\/\/static.purejewels.com\/wp-content\/uploads\/2025\/10\/53115.jpg","datePublished":"2025-09-15T05:56:17+00:00","dateModified":"2026-02-01T16:30:18+00:00","description":"Kaufen Sie unseren 22ct Gold Om mit Damaru Anh\u00e4nger - ein heiliges Symbol der St\u00e4rke und Gelassenheit. Perfekt f\u00fcr das t\u00e4gliche Tragen oder Verschenken. Hallmarked &amp; handgefertigt mit Sorgfalt.","breadcrumb":{"@id":"https:\/\/www.purejewels.com\/product\/om-with-damaru-pendant-in-22ct-gold-53115\/#breadcrumb"},"inLanguage":"de","potentialAction":[{"@type":"ReadAction","target":["https:\/\/www.purejewels.com\/product\/om-with-damaru-pendant-in-22ct-gold-53115\/"]}]},{"@type":"ImageObject","inLanguage":"de","@id":"https:\/\/www.purejewels.com\/product\/om-with-damaru-pendant-in-22ct-gold-53115\/#primaryimage","url":"https:\/\/static.purejewels.com\/wp-content\/uploads\/2025\/10\/53115.jpg","contentUrl":"https:\/\/static.purejewels.com\/wp-content\/uploads\/2025\/10\/53115.jpg","width":1000,"height":1000,"caption":"Om with Damaru Pendant in 22ct Gold"},{"@type":"BreadcrumbList","@id":"https:\/\/www.purejewels.com\/product\/om-with-damaru-pendant-in-22ct-gold-53115\/#breadcrumb","itemListElement":[{"@type":"ListItem","position":1,"name":"Home","item":"https:\/\/www.purejewels.com\/"},{"@type":"ListItem","position":2,"name":"Shop","item":"https:\/\/www.purejewels.com\/shop\/"},{"@type":"ListItem","position":3,"name":"Om with Damaru Pendant in 22ct Gold"}]},{"@type":"WebSite","@id":"https:\/\/www.purejewels.com\/#website","url":"https:\/\/www.purejewels.com\/","name":"PureJewels UK","description":"Teile die Liebe","publisher":{"@id":"https:\/\/www.purejewels.com\/#organization"},"potentialAction":[{"@type":"SearchAction","target":{"@type":"EntryPoint","urlTemplate":"https:\/\/www.purejewels.com\/?s={search_term_string}"},"query-input":{"@type":"PropertyValueSpecification","valueRequired":true,"valueName":"search_term_string"}}],"inLanguage":"de"},{"@type":"Organization","@id":"https:\/\/www.purejewels.com\/#organization","name":"PureJewels UK","url":"https:\/\/www.purejewels.com\/","logo":{"@type":"ImageObject","inLanguage":"de","@id":"https:\/\/www.purejewels.com\/#\/schema\/logo\/image\/","url":"https:\/\/static.purejewels.com\/wp-content\/uploads\/2020\/11\/Logo-PJ-New-1.png","contentUrl":"https:\/\/static.purejewels.com\/wp-content\/uploads\/2020\/11\/Logo-PJ-New-1.png","width":150,"height":80,"caption":"PureJewels UK"},"image":{"@id":"https:\/\/www.purejewels.com\/#\/schema\/logo\/image\/"}}]}},"_links":{"self":[{"href":"https:\/\/www.purejewels.com\/de\/wp-json\/wp\/v2\/product\/419087","targetHints":{"allow":["GET"]}}],"collection":[{"href":"https:\/\/www.purejewels.com\/de\/wp-json\/wp\/v2\/product"}],"about":[{"href":"https:\/\/www.purejewels.com\/de\/wp-json\/wp\/v2\/types\/product"}],"replies":[{"embeddable":true,"href":"https:\/\/www.purejewels.com\/de\/wp-json\/wp\/v2\/comments?post=419087"}],"version-history":[{"count":3,"href":"https:\/\/www.purejewels.com\/de\/wp-json\/wp\/v2\/product\/419087\/revisions"}],"predecessor-version":[{"id":422125,"href":"https:\/\/www.purejewels.com\/de\/wp-json\/wp\/v2\/product\/419087\/revisions\/422125"}],"wp:featuredmedia":[{"embeddable":true,"href":"https:\/\/www.purejewels.com\/de\/wp-json\/wp\/v2\/media\/419089"}],"wp:attachment":[{"href":"https:\/\/www.purejewels.com\/de\/wp-json\/wp\/v2\/media?parent=419087"}],"wp:term":[{"taxonomy":"product_brand","embeddable":true,"href":"https:\/\/www.purejewels.com\/de\/wp-json\/wp\/v2\/product_brand?post=419087"},{"taxonomy":"product_cat","embeddable":true,"href":"https:\/\/www.purejewels.com\/de\/wp-json\/wp\/v2\/product_cat?post=419087"},{"taxonomy":"product_tag","embeddable":true,"href":"https:\/\/www.purejewels.com\/de\/wp-json\/wp\/v2\/product_tag?post=419087"}],"curies":[{"name":"wp","href":"https:\/\/api.w.org\/{rel}","templated":true}]}}