{"id":419130,"date":"2025-09-16T04:59:34","date_gmt":"2025-09-16T03:59:34","guid":{"rendered":"https:\/\/www.purejewels.com\/?post_type=product&#038;p=419130"},"modified":"2026-01-06T08:09:36","modified_gmt":"2026-01-06T08:09:36","slug":"apfel-anhanger-aus-22-karat-gold-51028","status":"publish","type":"product","link":"https:\/\/www.purejewels.com\/de\/product\/22ct-gold-apple-pendant-51028\/","title":{"rendered":"22ct Gold Apfel-Anh\u00e4nger"},"content":{"rendered":"<p data-start=\"355\" data-end=\"861\"><strong data-start=\"355\" data-end=\"373\">Designkonzept<\/strong><\/p>\n<p data-start=\"355\" data-end=\"861\">Der Apfel-Anh\u00e4nger aus 22 Karat Gold ist ein fr\u00f6hlicher Ausdruck von Schlichtheit und Symbolik. Inspiriert durch den zeitlosen Apfel - ein weltweites Symbol f\u00fcr Wissen, Gesundheit und Zuneigung - verwandelt dieser Anh\u00e4nger ein vertrautes Motiv in ein Objekt von bleibendem Charme. Seine weiche Silhouette und die lebhaften Emaille-Details erinnern an Unschuld, Vitalit\u00e4t und Festlichkeit. Ob als Dankesch\u00f6n verschenkt oder als Erinnerung an pers\u00f6nliches Wachstum getragen, dieses Design erz\u00e4hlt eine universelle Geschichte in einer eleganten Form.<\/p>\n<hr data-start=\"863\" data-end=\"866\" \/>\n<p data-start=\"868\" data-end=\"1388\"><strong data-start=\"868\" data-end=\"885\">Handwerkliches K\u00f6nnen<\/strong><\/p>\n<p data-start=\"868\" data-end=\"1388\">Dieser aus strahlendem 22-kar\u00e4tigem Gelbgold gefertigte Anh\u00e4nger verk\u00f6rpert die Hingabe von PureJewels an feine Handwerkskunst. Die Apfelform wird von erfahrenen Handwerkern sorgf\u00e4ltig gegossen und poliert, w\u00e4hrend die satte rote Emaille und das zarte gr\u00fcne Blatt von Hand aufgetragen werden, um ein makelloses, gl\u00e4nzendes Finish zu erzielen. Jedes St\u00fcck wird mit Sorgfalt hergestellt und spiegelt unser Erbe wider, traditionelle Techniken mit moderner \u00c4sthetik zu verbinden. Der Anh\u00e4nger ist leicht, langlebig und f\u00fcr die Ewigkeit gemacht - ein charmanter Begleiter f\u00fcr jeden Lebensabschnitt.<\/p>\n<hr data-start=\"1390\" data-end=\"1393\" \/>\n<p data-start=\"1395\" data-end=\"1905\"><strong data-start=\"1395\" data-end=\"1412\">Styling-Ideen<\/strong><\/p>\n<p data-start=\"1395\" data-end=\"1905\">Setzen Sie einen verspielten Farbakzent, indem Sie diesen Apfelanh\u00e4nger aus 22 Karat Gold an einer feinen Fuchsschwanzkette oder einem Bettelarmband tragen - s\u00fc\u00df zu T-Shirts, Strickwaren und Wochenendkleidern. Er ist ein fr\u00f6hlicher Weihnachtsschmuck mit britischem G\u00fctesiegel und eine durchdachte Idee f\u00fcr Weihnachtsgeschenke in Gro\u00dfbritannien, insbesondere f\u00fcr Lehrer, T\u00f6chter oder kleine Nichten. Fertig zum Einpacken und zur Freude am Weihnachtsmorgen.<\/p>","protected":false},"excerpt":{"rendered":"<p data-start=\"151\" data-end=\"420\">Unser Apfelanh\u00e4nger aus 22 Karat Gold ist ein leuchtendes Symbol f\u00fcr Weisheit, Liebe und Neuanf\u00e4nge. Dieses bezaubernde Design aus reichhaltigem Gelbgold und mit leuchtend roter Emaille ist perfekt f\u00fcr den Alltag oder als bedeutungsvolles Geschenk geeignet.<\/p>\n<p><strong>Material:<\/strong> 22ct Gold (91,6% reines Gold)<strong><br \/>\nWahrzeichen:\u00a0<\/strong>Britisches G\u00fctesiegel<strong><br \/>\n<\/strong><strong>Bruttogewicht: <\/strong>1,29 Gramm<strong><br \/>\nSKU: <\/strong>51028<\/p>\n<p><strong>Preis und Lieferung:\u00a0<\/strong>Inklusive Mehrwertsteuer und Lieferkosten, ohne Kettenpreis<strong><br \/>\n<a href=\"https:\/\/www.purejewels.com\/de\/ruckgabepolitik\/\">R\u00fcckgabepolitik<\/a><\/strong><\/p>","protected":false},"featured_media":419131,"comment_status":"closed","ping_status":"closed","template":"","meta":{"_eb_attr":"","_crsspst_to_jayantr4sg-hostcom":true},"product_brand":[],"product_cat":[1791,1559,1794,1793,1770,1792,1790,1229,1255,5342,5943,1769,1570,1569,1573,1574,5349],"product_tag":[],"class_list":{"0":"post-419130","1":"product","2":"type-product","3":"status-publish","4":"has-post-thumbnail","6":"product_cat-anniversary-gifts","7":"product_cat-birthday-gifts","8":"product_cat-christmas-gifts","9":"product_cat-diwali-gifts","10":"product_cat-fancy-pendants","11":"product_cat-festival-gifts","12":"product_cat-for-whom-when","13":"product_cat-22ct-gold-jewellery","14":"product_cat-gold-pendants","15":"product_cat-jewellery-under-250","16":"product_cat-kids-jewellery","17":"product_cat-kids-pendants","18":"product_cat-mothers-day-gifts","19":"product_cat-valentine-day-gifts","20":"product_cat-wedding-gifts","21":"product_cat-womens-jewellery","22":"product_cat-yellow-gold-jewellery","24":"first","25":"outofstock","26":"taxable","27":"shipping-taxable","28":"product-type-simple","29":"add-to-wishlist-before_image"},"yoast_head":"<!-- This site is optimized with the Yoast SEO plugin v27.3 - https:\/\/yoast.com\/product\/yoast-seo-wordpress\/ -->\n<title>22ct Gold Apple Pendant | PureJewels London<\/title>\n<meta name=\"description\" content=\"Discover the 22ct Gold Apple Pendant by PureJewels \u2014 a vibrant symbol of wisdom and joy. Handcrafted in pure gold with red enamel detail, it\u2019s a perfect gift.\" \/>\n<meta name=\"robots\" content=\"index, follow, max-snippet:-1, max-image-preview:large, max-video-preview:-1\" \/>\n<link rel=\"canonical\" href=\"https:\/\/www.purejewels.com\/de\/produkt-2\/apfel-anhanger-aus-22-karat-gold-51028\/\" \/>\n<meta property=\"og:locale\" content=\"de_DE\" \/>\n<meta property=\"og:type\" content=\"article\" \/>\n<meta property=\"og:title\" content=\"22ct Gold Apple Pendant | PureJewels London\" \/>\n<meta property=\"og:description\" content=\"Discover the 22ct Gold Apple Pendant by PureJewels \u2014 a vibrant symbol of wisdom and joy. Handcrafted in pure gold with red enamel detail, it\u2019s a perfect gift.\" \/>\n<meta property=\"og:url\" content=\"https:\/\/www.purejewels.com\/de\/produkt-2\/apfel-anhanger-aus-22-karat-gold-51028\/\" \/>\n<meta property=\"og:site_name\" content=\"PureJewels UK\" \/>\n<meta property=\"article:modified_time\" content=\"2026-01-06T08:09:36+00:00\" \/>\n<meta property=\"og:image\" content=\"https:\/\/www.purejewels.com\/wp-content\/uploads\/2025\/10\/PCS378-11.png\" \/>\n\t<meta property=\"og:image:width\" content=\"1000\" \/>\n\t<meta property=\"og:image:height\" content=\"1000\" \/>\n\t<meta property=\"og:image:type\" content=\"image\/png\" \/>\n<meta name=\"twitter:card\" content=\"summary_large_image\" \/>\n<meta name=\"twitter:label1\" content=\"Gesch\u00e4tzte Lesezeit\" \/>\n\t<meta name=\"twitter:data1\" content=\"2\u00a0Minuten\" \/>\n<script type=\"application\/ld+json\" class=\"yoast-schema-graph\">{\"@context\":\"https:\\\/\\\/schema.org\",\"@graph\":[{\"@type\":[\"WebPage\",\"ItemPage\"],\"@id\":\"https:\\\/\\\/www.purejewels.com\\\/product\\\/22ct-gold-apple-pendant-51028\\\/\",\"url\":\"https:\\\/\\\/www.purejewels.com\\\/product\\\/22ct-gold-apple-pendant-51028\\\/\",\"name\":\"22ct Gold Apple Pendant | PureJewels London\",\"isPartOf\":{\"@id\":\"https:\\\/\\\/www.purejewels.com\\\/#website\"},\"primaryImageOfPage\":{\"@id\":\"https:\\\/\\\/www.purejewels.com\\\/product\\\/22ct-gold-apple-pendant-51028\\\/#primaryimage\"},\"image\":{\"@id\":\"https:\\\/\\\/www.purejewels.com\\\/product\\\/22ct-gold-apple-pendant-51028\\\/#primaryimage\"},\"thumbnailUrl\":\"https:\\\/\\\/static.purejewels.com\\\/wp-content\\\/uploads\\\/2025\\\/10\\\/PCS378-11.png\",\"datePublished\":\"2025-09-16T03:59:34+00:00\",\"dateModified\":\"2026-01-06T08:09:36+00:00\",\"description\":\"Discover the 22ct Gold Apple Pendant by PureJewels \u2014 a vibrant symbol of wisdom and joy. Handcrafted in pure gold with red enamel detail, it\u2019s a perfect gift.\",\"breadcrumb\":{\"@id\":\"https:\\\/\\\/www.purejewels.com\\\/product\\\/22ct-gold-apple-pendant-51028\\\/#breadcrumb\"},\"inLanguage\":\"de\",\"potentialAction\":[{\"@type\":\"ReadAction\",\"target\":[\"https:\\\/\\\/www.purejewels.com\\\/product\\\/22ct-gold-apple-pendant-51028\\\/\"]}]},{\"@type\":\"ImageObject\",\"inLanguage\":\"de\",\"@id\":\"https:\\\/\\\/www.purejewels.com\\\/product\\\/22ct-gold-apple-pendant-51028\\\/#primaryimage\",\"url\":\"https:\\\/\\\/static.purejewels.com\\\/wp-content\\\/uploads\\\/2025\\\/10\\\/PCS378-11.png\",\"contentUrl\":\"https:\\\/\\\/static.purejewels.com\\\/wp-content\\\/uploads\\\/2025\\\/10\\\/PCS378-11.png\",\"width\":1000,\"height\":1000,\"caption\":\"22ct Gold Apple Pendant\"},{\"@type\":\"BreadcrumbList\",\"@id\":\"https:\\\/\\\/www.purejewels.com\\\/product\\\/22ct-gold-apple-pendant-51028\\\/#breadcrumb\",\"itemListElement\":[{\"@type\":\"ListItem\",\"position\":1,\"name\":\"Home\",\"item\":\"https:\\\/\\\/www.purejewels.com\\\/\"},{\"@type\":\"ListItem\",\"position\":2,\"name\":\"Shop\",\"item\":\"https:\\\/\\\/www.purejewels.com\\\/shop\\\/\"},{\"@type\":\"ListItem\",\"position\":3,\"name\":\"22ct Gold Apple Pendant\"}]},{\"@type\":\"WebSite\",\"@id\":\"https:\\\/\\\/www.purejewels.com\\\/#website\",\"url\":\"https:\\\/\\\/www.purejewels.com\\\/\",\"name\":\"PureJewels UK\",\"description\":\"Share the Love\",\"publisher\":{\"@id\":\"https:\\\/\\\/www.purejewels.com\\\/#organization\"},\"potentialAction\":[{\"@type\":\"SearchAction\",\"target\":{\"@type\":\"EntryPoint\",\"urlTemplate\":\"https:\\\/\\\/www.purejewels.com\\\/?s={search_term_string}\"},\"query-input\":{\"@type\":\"PropertyValueSpecification\",\"valueRequired\":true,\"valueName\":\"search_term_string\"}}],\"inLanguage\":\"de\"},{\"@type\":\"Organization\",\"@id\":\"https:\\\/\\\/www.purejewels.com\\\/#organization\",\"name\":\"PureJewels UK\",\"url\":\"https:\\\/\\\/www.purejewels.com\\\/\",\"logo\":{\"@type\":\"ImageObject\",\"inLanguage\":\"de\",\"@id\":\"https:\\\/\\\/www.purejewels.com\\\/#\\\/schema\\\/logo\\\/image\\\/\",\"url\":\"https:\\\/\\\/static.purejewels.com\\\/wp-content\\\/uploads\\\/2020\\\/11\\\/Logo-PJ-New-1.png\",\"contentUrl\":\"https:\\\/\\\/static.purejewels.com\\\/wp-content\\\/uploads\\\/2020\\\/11\\\/Logo-PJ-New-1.png\",\"width\":150,\"height\":80,\"caption\":\"PureJewels UK\"},\"image\":{\"@id\":\"https:\\\/\\\/www.purejewels.com\\\/#\\\/schema\\\/logo\\\/image\\\/\"}}]}<\/script>\n<!-- \/ Yoast SEO plugin. -->","yoast_head_json":{"title":"22ct Gold Apfel-Anh\u00e4nger | PureJewels London","description":"Entdecken Sie den 22ct Gold Apple Anh\u00e4nger von PureJewels - ein lebendiges Symbol der Weisheit und Freude. Handgefertigt aus reinem Gold mit roter Emaille, ist er ein perfektes Geschenk.","robots":{"index":"index","follow":"follow","max-snippet":"max-snippet:-1","max-image-preview":"max-image-preview:large","max-video-preview":"max-video-preview:-1"},"canonical":"https:\/\/www.purejewels.com\/de\/produkt-2\/apfel-anhanger-aus-22-karat-gold-51028\/","og_locale":"de_DE","og_type":"article","og_title":"22ct Gold Apple Pendant | PureJewels London","og_description":"Discover the 22ct Gold Apple Pendant by PureJewels \u2014 a vibrant symbol of wisdom and joy. Handcrafted in pure gold with red enamel detail, it\u2019s a perfect gift.","og_url":"https:\/\/www.purejewels.com\/de\/produkt-2\/apfel-anhanger-aus-22-karat-gold-51028\/","og_site_name":"PureJewels UK","article_modified_time":"2026-01-06T08:09:36+00:00","og_image":[{"width":1000,"height":1000,"url":"https:\/\/www.purejewels.com\/wp-content\/uploads\/2025\/10\/PCS378-11.png","type":"image\/png"}],"twitter_card":"summary_large_image","twitter_misc":{"Gesch\u00e4tzte Lesezeit":"2\u00a0Minuten"},"schema":{"@context":"https:\/\/schema.org","@graph":[{"@type":["WebPage","ItemPage"],"@id":"https:\/\/www.purejewels.com\/product\/22ct-gold-apple-pendant-51028\/","url":"https:\/\/www.purejewels.com\/product\/22ct-gold-apple-pendant-51028\/","name":"22ct Gold Apfel-Anh\u00e4nger | PureJewels London","isPartOf":{"@id":"https:\/\/www.purejewels.com\/#website"},"primaryImageOfPage":{"@id":"https:\/\/www.purejewels.com\/product\/22ct-gold-apple-pendant-51028\/#primaryimage"},"image":{"@id":"https:\/\/www.purejewels.com\/product\/22ct-gold-apple-pendant-51028\/#primaryimage"},"thumbnailUrl":"https:\/\/static.purejewels.com\/wp-content\/uploads\/2025\/10\/PCS378-11.png","datePublished":"2025-09-16T03:59:34+00:00","dateModified":"2026-01-06T08:09:36+00:00","description":"Entdecken Sie den 22ct Gold Apple Anh\u00e4nger von PureJewels - ein lebendiges Symbol der Weisheit und Freude. Handgefertigt aus reinem Gold mit roter Emaille, ist er ein perfektes Geschenk.","breadcrumb":{"@id":"https:\/\/www.purejewels.com\/product\/22ct-gold-apple-pendant-51028\/#breadcrumb"},"inLanguage":"de","potentialAction":[{"@type":"ReadAction","target":["https:\/\/www.purejewels.com\/product\/22ct-gold-apple-pendant-51028\/"]}]},{"@type":"ImageObject","inLanguage":"de","@id":"https:\/\/www.purejewels.com\/product\/22ct-gold-apple-pendant-51028\/#primaryimage","url":"https:\/\/static.purejewels.com\/wp-content\/uploads\/2025\/10\/PCS378-11.png","contentUrl":"https:\/\/static.purejewels.com\/wp-content\/uploads\/2025\/10\/PCS378-11.png","width":1000,"height":1000,"caption":"22ct Gold Apple Pendant"},{"@type":"BreadcrumbList","@id":"https:\/\/www.purejewels.com\/product\/22ct-gold-apple-pendant-51028\/#breadcrumb","itemListElement":[{"@type":"ListItem","position":1,"name":"Home","item":"https:\/\/www.purejewels.com\/"},{"@type":"ListItem","position":2,"name":"Shop","item":"https:\/\/www.purejewels.com\/shop\/"},{"@type":"ListItem","position":3,"name":"22ct Gold Apple Pendant"}]},{"@type":"WebSite","@id":"https:\/\/www.purejewels.com\/#website","url":"https:\/\/www.purejewels.com\/","name":"PureJewels UK","description":"Teile die Liebe","publisher":{"@id":"https:\/\/www.purejewels.com\/#organization"},"potentialAction":[{"@type":"SearchAction","target":{"@type":"EntryPoint","urlTemplate":"https:\/\/www.purejewels.com\/?s={search_term_string}"},"query-input":{"@type":"PropertyValueSpecification","valueRequired":true,"valueName":"search_term_string"}}],"inLanguage":"de"},{"@type":"Organization","@id":"https:\/\/www.purejewels.com\/#organization","name":"PureJewels UK","url":"https:\/\/www.purejewels.com\/","logo":{"@type":"ImageObject","inLanguage":"de","@id":"https:\/\/www.purejewels.com\/#\/schema\/logo\/image\/","url":"https:\/\/static.purejewels.com\/wp-content\/uploads\/2020\/11\/Logo-PJ-New-1.png","contentUrl":"https:\/\/static.purejewels.com\/wp-content\/uploads\/2020\/11\/Logo-PJ-New-1.png","width":150,"height":80,"caption":"PureJewels UK"},"image":{"@id":"https:\/\/www.purejewels.com\/#\/schema\/logo\/image\/"}}]}},"_links":{"self":[{"href":"https:\/\/www.purejewels.com\/de\/wp-json\/wp\/v2\/product\/419130","targetHints":{"allow":["GET"]}}],"collection":[{"href":"https:\/\/www.purejewels.com\/de\/wp-json\/wp\/v2\/product"}],"about":[{"href":"https:\/\/www.purejewels.com\/de\/wp-json\/wp\/v2\/types\/product"}],"replies":[{"embeddable":true,"href":"https:\/\/www.purejewels.com\/de\/wp-json\/wp\/v2\/comments?post=419130"}],"version-history":[{"count":2,"href":"https:\/\/www.purejewels.com\/de\/wp-json\/wp\/v2\/product\/419130\/revisions"}],"predecessor-version":[{"id":419917,"href":"https:\/\/www.purejewels.com\/de\/wp-json\/wp\/v2\/product\/419130\/revisions\/419917"}],"wp:featuredmedia":[{"embeddable":true,"href":"https:\/\/www.purejewels.com\/de\/wp-json\/wp\/v2\/media\/419131"}],"wp:attachment":[{"href":"https:\/\/www.purejewels.com\/de\/wp-json\/wp\/v2\/media?parent=419130"}],"wp:term":[{"taxonomy":"product_brand","embeddable":true,"href":"https:\/\/www.purejewels.com\/de\/wp-json\/wp\/v2\/product_brand?post=419130"},{"taxonomy":"product_cat","embeddable":true,"href":"https:\/\/www.purejewels.com\/de\/wp-json\/wp\/v2\/product_cat?post=419130"},{"taxonomy":"product_tag","embeddable":true,"href":"https:\/\/www.purejewels.com\/de\/wp-json\/wp\/v2\/product_tag?post=419130"}],"curies":[{"name":"wp","href":"https:\/\/api.w.org\/{rel}","templated":true}]}}