{"id":419133,"date":"2025-09-16T05:16:44","date_gmt":"2025-09-16T04:16:44","guid":{"rendered":"https:\/\/www.purejewels.com\/?post_type=product&#038;p=419133"},"modified":"2026-03-19T06:45:58","modified_gmt":"2026-03-19T06:45:58","slug":"spiralformige-ohrstecker-aus-22-karat-gold-53072","status":"publish","type":"product","link":"https:\/\/www.purejewels.com\/de\/product\/22ct-gold-spiral-stud-earrings-53072\/","title":{"rendered":"22ct Gold Spirale Ohrstecker"},"content":{"rendered":"<p data-start=\"572\" data-end=\"899\"><strong data-start=\"572\" data-end=\"590\">Designkonzept<\/strong><\/p>\n<p data-start=\"572\" data-end=\"899\">Die Spiral-Ohrstecker aus 22 Karat Gold sind von antiken Motiven der Kontinuit\u00e4t und Ganzheitlichkeit inspiriert. Die Spirale, die in sanft erhabenen Ringen dargestellt ist, symbolisiert Wachstum, den Rhythmus des Lebens und zeitlose Verbindung. Ihre Form ist kompakt und doch detailliert - ideal f\u00fcr alle, die subtiles Design mit Bedeutung sch\u00e4tzen.<\/p>\n<p data-start=\"901\" data-end=\"1266\"><strong data-start=\"901\" data-end=\"918\">Handwerkliches K\u00f6nnen<\/strong><\/p>\n<p data-start=\"901\" data-end=\"1266\">Jeder Ohrring ist aus feinem 22-kar\u00e4tigem Gelbgold gefertigt, das f\u00fcr seinen unvergleichlichen Glanz und seine Reinheit bekannt ist. Die Oberfl\u00e4che wird von erfahrenen Kunsthandwerkern sorgf\u00e4ltig geformt, um eine erhabene, strukturierte Oberfl\u00e4che zu schaffen, die sanft mit dem Licht spielt. Die Fassungen sind sicher und bequem und eignen sich f\u00fcr den t\u00e4glichen Gebrauch, auch f\u00fcr Kinder oder Personen, die noch keine Erfahrung mit Goldschmuck haben.<\/p>\n<p data-start=\"1268\" data-end=\"1596\"><strong data-start=\"1268\" data-end=\"1285\">Styling-Ideen<\/strong><\/p>\n<p data-start=\"1268\" data-end=\"1596\">Ob einzeln getragen f\u00fcr einen raffinierten Touch oder kombiniert mit goldenen Armreifen oder einer Kette f\u00fcr einen koordinierten Look, diese spiralf\u00f6rmigen Ohrstecker bieten m\u00fchelose Vielseitigkeit. Ihre leichte Form macht sie zu einer ausgezeichneten Wahl f\u00fcr das t\u00e4gliche Tragen, die Arbeitskleidung oder zum Verschenken - besonders f\u00fcr Geburtstage, Babypartys oder bedeutende Meilensteine.<\/p>","protected":false},"excerpt":{"rendered":"<p>Unsere aus reinem 22-kar\u00e4tigem Gold gefertigten Spiral-Ohrstecker sind eine zeitlose Anspielung auf traditionelles Design mit einem modernen, minimalen Twist. Ihre zarte, konzentrische Form spiegelt Harmonie und Ausgewogenheit wider - perfekt f\u00fcr die Eleganz des Alltags oder zum Verschenken \u00fcber Generationen hinweg.<\/p>\n<p><strong>Material:<\/strong>\u00a022ct Gold<br \/>\n<strong>Reinheit:<\/strong>\u00a091.6% rein<br \/>\n<strong>Wahrzeichen:<\/strong>\u00a0Britisches G\u00fctesiegel<strong><br \/>\n<\/strong><strong>Bruttogewicht: <\/strong>1,42 Gramm<br \/>\n<strong>SKU:<\/strong> 51245, 53072<\/p>\n<p><strong>Preis und Lieferung<\/strong>: Inklusive Mehrwertsteuer und Lieferkosten<br \/>\n<a href=\"https:\/\/www.purejewels.com\/de\/ruckgabepolitik\/\">R\u00fcckgabepolitik<\/a><\/p>","protected":false},"featured_media":419135,"comment_status":"closed","ping_status":"closed","template":"","meta":{"_eb_attr":"","_crsspst_to_jayantr4sg-hostcom":true},"product_brand":[],"product_cat":[1559,236,6150,1793,1792,1790,1254,5343,1570,1577,1574,5349],"product_tag":[66],"class_list":{"0":"post-419133","1":"product","2":"type-product","3":"status-publish","4":"has-post-thumbnail","6":"product_cat-birthday-gifts","7":"product_cat-collections","8":"product_cat-cubic-zirconia-ear-studs","9":"product_cat-diwali-gifts","10":"product_cat-festival-gifts","11":"product_cat-for-whom-when","12":"product_cat-gold-earrings","13":"product_cat-jewellery-under-550","14":"product_cat-mothers-day-gifts","15":"product_cat-stud-earrings","16":"product_cat-womens-jewellery","17":"product_cat-yellow-gold-jewellery","18":"product_tag-earrings","20":"first","21":"outofstock","22":"taxable","23":"shipping-taxable","24":"product-type-simple","25":"add-to-wishlist-before_image"},"yoast_head":"<!-- This site is optimized with the Yoast SEO plugin v27.3 - https:\/\/yoast.com\/product\/yoast-seo-wordpress\/ -->\n<title>22ct Gold Spiral Stud Earrings | PureJewels London<\/title>\n<meta name=\"description\" content=\"Discover the 22ct Gold Spiral Stud Earrings at PureJewels. Handcrafted in pure gold with a timeless spiral design, perfect for everyday elegance or meaningful gifting.\" \/>\n<meta name=\"robots\" content=\"index, follow, max-snippet:-1, max-image-preview:large, max-video-preview:-1\" \/>\n<link rel=\"canonical\" href=\"https:\/\/www.purejewels.com\/de\/produkt-2\/spiralformige-ohrstecker-aus-22-karat-gold-53072\/\" \/>\n<meta property=\"og:locale\" content=\"de_DE\" \/>\n<meta property=\"og:type\" content=\"article\" \/>\n<meta property=\"og:title\" content=\"22ct Gold Spiral Stud Earrings | PureJewels London\" \/>\n<meta property=\"og:description\" content=\"Discover the 22ct Gold Spiral Stud Earrings at PureJewels. Handcrafted in pure gold with a timeless spiral design, perfect for everyday elegance or meaningful gifting.\" \/>\n<meta property=\"og:url\" content=\"https:\/\/www.purejewels.com\/de\/produkt-2\/spiralformige-ohrstecker-aus-22-karat-gold-53072\/\" \/>\n<meta property=\"og:site_name\" content=\"PureJewels UK\" \/>\n<meta property=\"article:modified_time\" content=\"2026-03-19T06:45:58+00:00\" \/>\n<meta property=\"og:image\" content=\"https:\/\/static.purejewels.com\/wp-content\/uploads\/2025\/10\/53072.jpg\" \/>\n\t<meta property=\"og:image:width\" content=\"1000\" \/>\n\t<meta property=\"og:image:height\" content=\"1000\" \/>\n\t<meta property=\"og:image:type\" content=\"image\/jpeg\" \/>\n<meta name=\"twitter:card\" content=\"summary_large_image\" \/>\n<meta name=\"twitter:label1\" content=\"Gesch\u00e4tzte Lesezeit\" \/>\n\t<meta name=\"twitter:data1\" content=\"1\u00a0Minute\" \/>\n<script type=\"application\/ld+json\" class=\"yoast-schema-graph\">{\"@context\":\"https:\\\/\\\/schema.org\",\"@graph\":[{\"@type\":[\"WebPage\",\"ItemPage\"],\"@id\":\"https:\\\/\\\/www.purejewels.com\\\/product\\\/22ct-gold-spiral-stud-earrings-53072\\\/\",\"url\":\"https:\\\/\\\/www.purejewels.com\\\/product\\\/22ct-gold-spiral-stud-earrings-53072\\\/\",\"name\":\"22ct Gold Spiral Stud Earrings | PureJewels London\",\"isPartOf\":{\"@id\":\"https:\\\/\\\/www.purejewels.com\\\/#website\"},\"primaryImageOfPage\":{\"@id\":\"https:\\\/\\\/www.purejewels.com\\\/product\\\/22ct-gold-spiral-stud-earrings-53072\\\/#primaryimage\"},\"image\":{\"@id\":\"https:\\\/\\\/www.purejewels.com\\\/product\\\/22ct-gold-spiral-stud-earrings-53072\\\/#primaryimage\"},\"thumbnailUrl\":\"https:\\\/\\\/static.purejewels.com\\\/wp-content\\\/uploads\\\/2025\\\/10\\\/53072.jpg\",\"datePublished\":\"2025-09-16T04:16:44+00:00\",\"dateModified\":\"2026-03-19T06:45:58+00:00\",\"description\":\"Discover the 22ct Gold Spiral Stud Earrings at PureJewels. Handcrafted in pure gold with a timeless spiral design, perfect for everyday elegance or meaningful gifting.\",\"breadcrumb\":{\"@id\":\"https:\\\/\\\/www.purejewels.com\\\/product\\\/22ct-gold-spiral-stud-earrings-53072\\\/#breadcrumb\"},\"inLanguage\":\"de\",\"potentialAction\":[{\"@type\":\"ReadAction\",\"target\":[\"https:\\\/\\\/www.purejewels.com\\\/product\\\/22ct-gold-spiral-stud-earrings-53072\\\/\"]}]},{\"@type\":\"ImageObject\",\"inLanguage\":\"de\",\"@id\":\"https:\\\/\\\/www.purejewels.com\\\/product\\\/22ct-gold-spiral-stud-earrings-53072\\\/#primaryimage\",\"url\":\"https:\\\/\\\/static.purejewels.com\\\/wp-content\\\/uploads\\\/2025\\\/10\\\/53072.jpg\",\"contentUrl\":\"https:\\\/\\\/static.purejewels.com\\\/wp-content\\\/uploads\\\/2025\\\/10\\\/53072.jpg\",\"width\":1000,\"height\":1000,\"caption\":\"22ct Gold Spiral Stud Earrings\"},{\"@type\":\"BreadcrumbList\",\"@id\":\"https:\\\/\\\/www.purejewels.com\\\/product\\\/22ct-gold-spiral-stud-earrings-53072\\\/#breadcrumb\",\"itemListElement\":[{\"@type\":\"ListItem\",\"position\":1,\"name\":\"Home\",\"item\":\"https:\\\/\\\/www.purejewels.com\\\/\"},{\"@type\":\"ListItem\",\"position\":2,\"name\":\"Shop\",\"item\":\"https:\\\/\\\/www.purejewels.com\\\/shop\\\/\"},{\"@type\":\"ListItem\",\"position\":3,\"name\":\"22ct Gold Spiral Stud Earrings\"}]},{\"@type\":\"WebSite\",\"@id\":\"https:\\\/\\\/www.purejewels.com\\\/#website\",\"url\":\"https:\\\/\\\/www.purejewels.com\\\/\",\"name\":\"PureJewels UK\",\"description\":\"Share the Love\",\"publisher\":{\"@id\":\"https:\\\/\\\/www.purejewels.com\\\/#organization\"},\"potentialAction\":[{\"@type\":\"SearchAction\",\"target\":{\"@type\":\"EntryPoint\",\"urlTemplate\":\"https:\\\/\\\/www.purejewels.com\\\/?s={search_term_string}\"},\"query-input\":{\"@type\":\"PropertyValueSpecification\",\"valueRequired\":true,\"valueName\":\"search_term_string\"}}],\"inLanguage\":\"de\"},{\"@type\":\"Organization\",\"@id\":\"https:\\\/\\\/www.purejewels.com\\\/#organization\",\"name\":\"PureJewels UK\",\"url\":\"https:\\\/\\\/www.purejewels.com\\\/\",\"logo\":{\"@type\":\"ImageObject\",\"inLanguage\":\"de\",\"@id\":\"https:\\\/\\\/www.purejewels.com\\\/#\\\/schema\\\/logo\\\/image\\\/\",\"url\":\"https:\\\/\\\/static.purejewels.com\\\/wp-content\\\/uploads\\\/2020\\\/11\\\/Logo-PJ-New-1.png\",\"contentUrl\":\"https:\\\/\\\/static.purejewels.com\\\/wp-content\\\/uploads\\\/2020\\\/11\\\/Logo-PJ-New-1.png\",\"width\":150,\"height\":80,\"caption\":\"PureJewels UK\"},\"image\":{\"@id\":\"https:\\\/\\\/www.purejewels.com\\\/#\\\/schema\\\/logo\\\/image\\\/\"}}]}<\/script>\n<!-- \/ Yoast SEO plugin. -->","yoast_head_json":{"title":"22ct Gold Spirale Ohrstecker | PureJewels London","description":"Entdecken Sie die 22ct Gold Spiral-Ohrstecker bei PureJewels. Handgefertigt aus reinem Gold mit einem zeitlosen Spiraldesign, perfekt f\u00fcr die allt\u00e4gliche Eleganz oder ein bedeutungsvolles Geschenk.","robots":{"index":"index","follow":"follow","max-snippet":"max-snippet:-1","max-image-preview":"max-image-preview:large","max-video-preview":"max-video-preview:-1"},"canonical":"https:\/\/www.purejewels.com\/de\/produkt-2\/spiralformige-ohrstecker-aus-22-karat-gold-53072\/","og_locale":"de_DE","og_type":"article","og_title":"22ct Gold Spiral Stud Earrings | PureJewels London","og_description":"Discover the 22ct Gold Spiral Stud Earrings at PureJewels. Handcrafted in pure gold with a timeless spiral design, perfect for everyday elegance or meaningful gifting.","og_url":"https:\/\/www.purejewels.com\/de\/produkt-2\/spiralformige-ohrstecker-aus-22-karat-gold-53072\/","og_site_name":"PureJewels UK","article_modified_time":"2026-03-19T06:45:58+00:00","og_image":[{"width":1000,"height":1000,"url":"https:\/\/static.purejewels.com\/wp-content\/uploads\/2025\/10\/53072.jpg","type":"image\/jpeg"}],"twitter_card":"summary_large_image","twitter_misc":{"Gesch\u00e4tzte Lesezeit":"1\u00a0Minute"},"schema":{"@context":"https:\/\/schema.org","@graph":[{"@type":["WebPage","ItemPage"],"@id":"https:\/\/www.purejewels.com\/product\/22ct-gold-spiral-stud-earrings-53072\/","url":"https:\/\/www.purejewels.com\/product\/22ct-gold-spiral-stud-earrings-53072\/","name":"22ct Gold Spirale Ohrstecker | PureJewels London","isPartOf":{"@id":"https:\/\/www.purejewels.com\/#website"},"primaryImageOfPage":{"@id":"https:\/\/www.purejewels.com\/product\/22ct-gold-spiral-stud-earrings-53072\/#primaryimage"},"image":{"@id":"https:\/\/www.purejewels.com\/product\/22ct-gold-spiral-stud-earrings-53072\/#primaryimage"},"thumbnailUrl":"https:\/\/static.purejewels.com\/wp-content\/uploads\/2025\/10\/53072.jpg","datePublished":"2025-09-16T04:16:44+00:00","dateModified":"2026-03-19T06:45:58+00:00","description":"Entdecken Sie die 22ct Gold Spiral-Ohrstecker bei PureJewels. Handgefertigt aus reinem Gold mit einem zeitlosen Spiraldesign, perfekt f\u00fcr die allt\u00e4gliche Eleganz oder ein bedeutungsvolles Geschenk.","breadcrumb":{"@id":"https:\/\/www.purejewels.com\/product\/22ct-gold-spiral-stud-earrings-53072\/#breadcrumb"},"inLanguage":"de","potentialAction":[{"@type":"ReadAction","target":["https:\/\/www.purejewels.com\/product\/22ct-gold-spiral-stud-earrings-53072\/"]}]},{"@type":"ImageObject","inLanguage":"de","@id":"https:\/\/www.purejewels.com\/product\/22ct-gold-spiral-stud-earrings-53072\/#primaryimage","url":"https:\/\/static.purejewels.com\/wp-content\/uploads\/2025\/10\/53072.jpg","contentUrl":"https:\/\/static.purejewels.com\/wp-content\/uploads\/2025\/10\/53072.jpg","width":1000,"height":1000,"caption":"22ct Gold Spiral Stud Earrings"},{"@type":"BreadcrumbList","@id":"https:\/\/www.purejewels.com\/product\/22ct-gold-spiral-stud-earrings-53072\/#breadcrumb","itemListElement":[{"@type":"ListItem","position":1,"name":"Home","item":"https:\/\/www.purejewels.com\/"},{"@type":"ListItem","position":2,"name":"Shop","item":"https:\/\/www.purejewels.com\/shop\/"},{"@type":"ListItem","position":3,"name":"22ct Gold Spiral Stud Earrings"}]},{"@type":"WebSite","@id":"https:\/\/www.purejewels.com\/#website","url":"https:\/\/www.purejewels.com\/","name":"PureJewels UK","description":"Teile die Liebe","publisher":{"@id":"https:\/\/www.purejewels.com\/#organization"},"potentialAction":[{"@type":"SearchAction","target":{"@type":"EntryPoint","urlTemplate":"https:\/\/www.purejewels.com\/?s={search_term_string}"},"query-input":{"@type":"PropertyValueSpecification","valueRequired":true,"valueName":"search_term_string"}}],"inLanguage":"de"},{"@type":"Organization","@id":"https:\/\/www.purejewels.com\/#organization","name":"PureJewels UK","url":"https:\/\/www.purejewels.com\/","logo":{"@type":"ImageObject","inLanguage":"de","@id":"https:\/\/www.purejewels.com\/#\/schema\/logo\/image\/","url":"https:\/\/static.purejewels.com\/wp-content\/uploads\/2020\/11\/Logo-PJ-New-1.png","contentUrl":"https:\/\/static.purejewels.com\/wp-content\/uploads\/2020\/11\/Logo-PJ-New-1.png","width":150,"height":80,"caption":"PureJewels UK"},"image":{"@id":"https:\/\/www.purejewels.com\/#\/schema\/logo\/image\/"}}]}},"_links":{"self":[{"href":"https:\/\/www.purejewels.com\/de\/wp-json\/wp\/v2\/product\/419133","targetHints":{"allow":["GET"]}}],"collection":[{"href":"https:\/\/www.purejewels.com\/de\/wp-json\/wp\/v2\/product"}],"about":[{"href":"https:\/\/www.purejewels.com\/de\/wp-json\/wp\/v2\/types\/product"}],"replies":[{"embeddable":true,"href":"https:\/\/www.purejewels.com\/de\/wp-json\/wp\/v2\/comments?post=419133"}],"version-history":[{"count":1,"href":"https:\/\/www.purejewels.com\/de\/wp-json\/wp\/v2\/product\/419133\/revisions"}],"predecessor-version":[{"id":419136,"href":"https:\/\/www.purejewels.com\/de\/wp-json\/wp\/v2\/product\/419133\/revisions\/419136"}],"wp:featuredmedia":[{"embeddable":true,"href":"https:\/\/www.purejewels.com\/de\/wp-json\/wp\/v2\/media\/419135"}],"wp:attachment":[{"href":"https:\/\/www.purejewels.com\/de\/wp-json\/wp\/v2\/media?parent=419133"}],"wp:term":[{"taxonomy":"product_brand","embeddable":true,"href":"https:\/\/www.purejewels.com\/de\/wp-json\/wp\/v2\/product_brand?post=419133"},{"taxonomy":"product_cat","embeddable":true,"href":"https:\/\/www.purejewels.com\/de\/wp-json\/wp\/v2\/product_cat?post=419133"},{"taxonomy":"product_tag","embeddable":true,"href":"https:\/\/www.purejewels.com\/de\/wp-json\/wp\/v2\/product_tag?post=419133"}],"curies":[{"name":"wp","href":"https:\/\/api.w.org\/{rel}","templated":true}]}}